{"id":49715,"date":"2024-11-19T16:34:06","date_gmt":"2024-11-19T16:34:06","guid":{"rendered":"http:\/\/vevorshop.edigo.lv\/Prece\/vevor-tow-behind-dethatcher-40-lawn-dethatcher-rake-for-atv-or-mower-20-tines\/"},"modified":"2026-04-29T03:43:55","modified_gmt":"2026-04-29T00:43:55","slug":"vevor-tow-behind-dethatcher-40-lawn-dethatcher-rake-for-atv-or-mower-20-tines","status":"publish","type":"product","link":"https:\/\/vevorshop.lv\/lt\/Prece\/vevor-vilkite-uz-dethatcher-40-vejos-dethatcher-greblio-keturraciui-arba-vejapjovei-20-noragu\/","title":{"rendered":"VEVOR 102 cm velkamas vejos aeratorius su 20 plienini\u0173 dant\u0173, ATV\/vejapjovei skirtas gr\u0117blys su pak\u0117limo rankena sodui ir vejai"},"content":{"rendered":"<div style=\"color: #fff!important; font-size: 16px; height: 24px; line-height: 24px; margin-top: -24px; \" class=\"product_original_name\">VEVOR vilkimo u\u017e dant\u0173 gaudykl\u0117s, 40 coli\u0173 vilkimo gaudykl\u0117 su 20 spyruoklini\u0173 plienini\u0173 norag\u0173, vejos gaudykl\u0117s gr\u0117bliukas keturra\u010diui arba \u017eoliapjovei, vilkimo u\u017e vejos gr\u0117bliukas su k\u0117limo rankena sodo \u016bkio \u017eolei<\/div>\n<div style=\"color: #fff!important; font-size: 16px; height: 24px; line-height: 24px; margin-top: -24px; \" class=\"product_sku\">M4I4LRC8<\/div>\n<div style=\"color: #fff!important; font-size: 16px; height: 24px; line-height: 24px; margin-top: -24px; \" class=\"product_mpn\">QXSCJDHC40QYY2E4BV0<\/div><div id=\"js-DM_at-goodDescRich\"><html><head><style>  body {    font-family: Arial;    line-height: 1.5;    color: #1c1c1c;    overflow-x: hidden;    margin: 0;    padding: 0;  }  .MsoNormal b {    font-weight: bolder;  }<\/style><style>  .container.small {    width: 970px;    margin: 0 auto;  }  .logo {    margin: 0 auto 0;  }  .logo img {    display: block;    margin: 0 auto;    max-width: 100%;  }  .logo .pc-banner {    display: block;    width: 1200px;    height: 247.4px;    margin: 0 auto;  }  .logo .pc-banner.small {    width: 970px;  }  .logo .pc-banner.small img {    height: auto!important;  }  .logo .m-banner {    display: none;  }  .ytvideo {    position: relative;    height: 546px;    width: 100%;    margin: 0 auto;  }  .ytvideo img {    width: 100%;    margin: 0 auto;  }  .ytvideo .play-btn {    width: 60px;    height: 42px;    position: absolute;    top: 50%;    left: 50%;    transform: translate(-50%, -50%);    background: url(\"data:image\/png;base64,iVBORw0KGgoAAAANSUhEUgAAAGQAAABGCAMAAAANWMFbAAAC+lBMVEUAAADBGB3kLCfBGB3kLCfcJC7BFx3KKSbiKybkLCbWJCPSIiLSIiLPICHAFx3kLCfgKSXNHiDZJiTIGx\/p4eHcjo7LHSDbJyTkLCbjKyfOHyHPIiL28fHJHB\/GGh7EGR7eKCXDGB3RISHlLSbBGB3AFxzGHB7DGB7BGB3hKybkKybAFx3lLCfAFxzDGR3hKibDGB7cJyTmz8\/elJTlwcHjurrUIyLlLSflLSfAFx3DGR7lLSfCFx3hKibhKibhKybjKybkLCblLSfbJSX49vbx7e3NNzjNMTLMJyjVIyLZf3\/ZQ0LaeHjx0tLgoqLkLCfCGB3HGx\/BGB3BFx3PICHCGB7WJCLOHyC\/Fxy\/Fx3lLCfQISHkLSe\/FxzbJiTBFx3FGx\/AGB7BFx3EGR7AGB3HHSDfKiXAFh3TISHYNzbhKibbJyTTIiL57e325+f039\/v2NjUV1fOHiHiqanfmprch4feKSXVIyPOICHmLibFGh\/mLSe\/Fx7XJCPeKSXXJSPNHyHaJyTGGh7lLCbmLCflLSjSIiLkLCbdKSXLHiC\/GB3KHh++Fh3lKyfoLiXcKCPkx8fYb2\/XaGfVXl3aU1LLHiDksbHgKibPICHbJyTfKSXbJyTCGB3KHSDiKybFGh7TIiL\/\/\/\/VIyPRISHIHB\/GGx\/HHB\/DGR7gKibdKCXLHiDZJiTMHiDNHyHYJSTOICHPICHWJCPcKCXXJSPjLCblLCf+\/f3NGR\/uLijzLynPGR\/IGB7WISHaIyLLGh7UAADxLynNAADRLzDbICLQAADIAAD3MCrUHSHXMTDpKSbLAADp5OTij4\/ejo\/VLy\/1LyngJSTcJCPQHx\/OHB7+\/PzaMS\/OLS\/vLijrLSjSAADaNTPwLyjkKSbNJCbYISHPHB\/KGB7WAAD7+vrn3d3aKynTKCjoLCfsKifRGh\/YAADq5+fhjo7QNDXXKCfmJyXt5+fTLzDLLi\/QKivYHRvMGBrQJCXLISPMExXLDxLaEAvkkI\/bOTfaFQ\/SCgpvLcnHAAAAmnRSTlMA+vv7+gT9Bvf9+8z8\/NSv\/Pr5+P7++vnQIBMP\/v38\/Pn348XDiCYf9OjbzcqxXVcx\/fz8+\/rj1r2poo1+fXFqX0orGP7+\/v7+\/fz8+\/r68uzn4trIxsG\/vri3p6GcmZSNbWVYUUZEPQv+\/f39+\/v7+\/v7+vr64tvV1NTTz87FtbSurqeblJKFg4B3bUY+NjL7+\/v7+\/v67t1cDo8JLQAABkRJREFUWMO0kz9rwkAYh0OIeJkum6YugUAhISCdKoj\/P4C7SMdS+gEKIhSKil10LSg4mzXkILdlEpxCpwTiWOLX6BujvQaEQuGeHLnL+\/64J+SIcKGYTYWnntpdLjrVdqvZmNdn0+EE40GtpuuWVS6Xx6N7YDSGpWXpeq02wHgynM7q80az1a52HpddtVcpsi1zFARBrdaxbhp9iUReTGmwA4KAAr7vx3EYejnCMI6hQYEgy0LQi4jUN0wL19vqFcUC9\/1dAKmEEFkWRYkh5oBejnxQJiSJPJ\/uKBp0Thszx9Mw8hMRIQjKsptCfuES9zr5WJY6vSFCIvE9fCMUmEM1A1kSXcYGxgVYsvI1IPKTZciSTI0us\/SMGG04gDzELDoFBwdcFJrF88dqgYMTiL6DILWYyfOWE8\/kIz38olCNlC03FK95+imxp6y4oUSvAnBjHHhKNtotSDqJzVFiK8c2SBqhZtsrTtgrLXwAyduxZHNE26eHUt5rtuM4WSmds3G+sUdWYo1L+XyxButoh5eKUHk5lByO3G1LqqCWVnfrv\/lyPtf\/4ps1cndNGIri8J1TJ0lx6dR\/oPjq1nbRwdp2dCk4CtIOLW3pVKRL6WZfS5vF2KkIQhpwSsjiYIgNCs1gEMGqiIq24NQX9NwoXFy8Ufrl3twTcg4fv8T9\/JBEySduj6Mjm4bMzYV7EEOxKjjoNDud7yY3Dy71Hq2oLmqfbNR723edH9PgMrNL2utoQ3VmaIDkiw\/4w51P06hlZsTZvkRrbVuSIs\/zwSOsycgzStQouoAkWQqioRT5XI7n2Z1wfVhoZmcAJLsoqjqpjbWCgpOAJXBwHK8PzWbNvoUZJND5wCnSkLAkZ1legx6vqQzjoiTahKlGUGLAiIIoABOHaNVw4sexZBym6\/HWlH5h3IC7yRbxtipcWxdTOkORKiNQAEkFf66x5S2oeRbroOlLgg0sSYkR0hRGEqJZ0jTPiQKatESdBckpWigxaapEH0lImHdWu9pUFF2XqMNM2Z4kped7IwEJw2qabwtrQqnpw6HyKkgcadKWsmpywwesDyIhYRpdzXddqegtGIJlXbAIUMOLkGxJUjRIkokwjUaX9d\/kK62ps\/tYUqZLIMkLTyBhsMZ3C5Z\/kDxOSCb\/DOs\/\/J0qcWSX\/2ipe56EgTCA4\/cB7NAYOsni4mZM1MUPAISoEwkDi4lhVBQ1cWQyIcwalw4EpqZN68JUSK7XC0kTlkLYii5uXSC8jT5ncCAS7mjCv0uHp\/3lueHEEAeQ\/\/VgmdN71\/2uCSA1Xr6DO6uI6sW56zqT2tp2PhgiRUAajV8CY2fkcz6WGNKMgLAt7tJAhD4YHMTeRxlALE6+43WqjSWi8ITxyJl8WrwWSNESQZZOqhDDntO3hJLsd5RtSpbJqdv3YrDJH3F7jL1R2O2aQkn2MyCyKYz0GPGIvSAMgBCrCEiJyKbBaYGwLW4uPRr0A0M4Ux5kUI7IBh+hMdiCEWNqhMZGyYMsOgNE58UQuEQeUnSWCMYwL54hkxK6IoqucQZbQ3pc3XtL0lky1dL0zZJJDpWJovFqpWj6JEHnyam2eQp5QRVAVHjWparTOaVwUOx99YS2MvgxIGV0bb+qIg2HX2qkFFJB+XZcbLiuRkuxD9GRroKyveLxdh4d7Orx+hb7qc3uVRuEogCOnyIxm4ubUoPgF4jianDrC+SDQDKEfJb0GUKmjCGPYHGJvVC6X4hw1\/sAfQAdfYyephIaspXe36RwOP+Ljvfx9B6B3i+Nk0DGq+oCbLn6JpBa9nWAveAIHwFAwtVcIJXPMPL8kRu5OAYPMaL1WScTxjiZDqB9LTJSWphow\/pTYKRTLjCBhvi9iBidvKcDasGSm0QQkycYuLBqj6QCELPctqChDWpTRMWkngNNpQ1Pfp1KkiT\/Y0DGffXAweUNfLAfaJFKDwhb6I+bkYRbkERoEeu3Fyjg2opMz2daZCS9jt6Q7txNfB+OZEVF6Zl5web2xunnLQrtrjXseXKaFYziYINeMFZVxS9VxRhOoesYwxPKXm+gWLG9cuFeq93UNNeJNsf1KlwuDok9n02n3TgIJpOxNfL9naIoQwXtfH9kjceTIIi709ncTg6LZbg+biLH1V6u\/7rxBem06VXKn9raAAAAAElFTkSuQmCC\")      no-repeat center center \/ contain;  }  @media screen and (max-width: 960px) and (orientation: portrait) {    .logo {      width: 100%;    }    .logo .pc-banner {      display: none;    }    .logo .m-banner {      display: block;      width: 100%;    }    .logo .m-banner img {      height: auto!important;    }    .ytvideo {      height: 200px;      width: 100%;    }  }<\/style><style>  .video-section {    width: 100%;    margin: 0 auto;  }  .video-section > img {    width: 100%;  }  .video-section iframe,  .video-section video {    width: 100%;    height: 100%;      }  .video-section-img-m,  .video-section-img-pc > img {    width: 100%;    height: auto;  }  .video-section-img-pc.small > img {    width: 970px;  }  .video-desc {    line-height: 1.5;    font-size: 20px;    font-weight: 400;    margin: 20px 0;    text-align: center;    color: #0f1111;    word-break: break-word;  }  @media screen and (max-width: 960px) and (orientation: portrait) {    .video-section {      width: 100%;    }    .video-section-pc,    .video-section-img-pc {      display: none;    }    .video-section-m,    .video-section-img-m {      display: block;    }    .video-desc {      font-size: 15px;    }  }  @media screen and (min-width: 960px) {    .video-section {      width: 100%;      margin: 0 auto;    }    .video-section-pc,    .video-section-img-pc {      display: block;    }    .video-section-m,    .video-section-img-m {      display: none;    }    .video-desc {      font-size: 20px;    }  }<\/style><style>  .section + .section {    margin-top: 35px;  }  .section-title {    text-align: center;    font-weight: bold;    color: #0d1111;    font-family: \"Arial\";    font-size: 32px;    margin: 15px 0;  }  .section-title:empty {    display: none;  }  .section-desc {    text-align: center;    font-weight: normal;    color: #0d1111;    margin-top: 20px;  }  .section-desc:empty {    display: none;  }  .section-img {    width: 1200px;    height: 492px;    margin: 0 auto;    display: block;  }  .section-img.small {    width: 970px;    height: auto;  }  .section-img.small > img {    height: auto;  }  .section-img > img {    width: 100%;    height: 100%;  }  .section-mobile-img {    display: none;    max-width: 100vw;    max-height: 75vw;    height: 450px;    margin: 0 auto;  }  .section-mobile-img > img {    width: 100%;    height: 100%;  }  @media screen and (max-width: 960px) and (orientation: portrait) {    .container {      width: 100%;    }    .container.small {      width: 100%;    }    .section-mobile-img {      display: block;    }    .section-img {      display: none;    }    .section-title {      font-size: 22px;      margin: 10px 0;    }    .section-desc {      margin-top: 10px;    }    .section + .section {      margin-top: 20px;    }  }<\/style><\/head><body><div class=\"container\"><div class=\"logo\"><div class=\"pc-banner\"><div><img decoding=\"async\" src=\"\/vevor\/vevor\/boutique-banner\/pc\/en-pc@1x.jpg\" style=\"width: 100%;\" \/><\/div><\/div><div class=\"m-banner\"><div><img decoding=\"async\" src=\"\/vevor\/vevor\/boutique-banner\/mobile\/en-m@1x.jpg\" style=\"width: 100%;\" \/><\/div><\/div><\/div><div class=\"section-title\">VEVOR Vilkti i\u0161 paskos Dethatcher: J\u016bs\u0173 pagrindin\u0117s Vejos Valymo Pagalbininkas!<\/div><div class=\"video-section\"><video class=\"video-section-pc\" controls poster=\"\/vevor\/product\/QXSCJDHC40QYY2E4B\/tow-behind-dethatcher-a100-1.4.jpg\"><source src=\"\/vevor\/product\/QXSCJDHC40QYY2E4B\/tow-behind-dethatcher-tvc2-w.mp4\" type=\"video\/mp4\" \/><\/video><video class=\"video-section-m\" controls poster=\"\/vevor\/product\/QXSCJDHC40QYY2E4B\/tow-behind-dethatcher-a100-1.4-m.jpg\"><source src=\"\/vevor\/product\/QXSCJDHC40QYY2E4B\/tow-behind-dethatcher-tvc2-w.mp4\" type=\"video\/mp4\" \/><\/video><div class=\"section-desc\">\u0160is 40 coli\u0173 vejos perintuvas puikiai renka pu\u0161\u0173 spyglius, \u0161iaudus, lapus ir \u017eol\u0119, tod\u0117l tai yra b\u016btina priemon\u0117, padedanti i\u0161laikyti \u0161var\u0105 ir tvarking\u0105 kiem\u0105.<\/div><\/div><div class=\"section\"><div class=\"section-title\"><\/div><div class=\"section-img\"><img decoding=\"async\" src=\"\/vevor\/product\/QXSCJDHC40QYY2E4B\/tow-behind-dethatcher-a100-2.2.jpg\" alt=\"VEVOR vilkti u\u017e dethatcher su didelio stiprumo kablys, smeigtukai, prat\u0119stas liftas perjungti laiko tarpsni\u0173, ir termi\u0161kai apdoroto plieno.\" \/><\/div><div class=\"section-mobile-img\"><img decoding=\"async\" src=\"\/vevor\/product\/QXSCJDHC40QYY2E4B\/tow-behind-dethatcher-a100-2.2-m.jpg\" alt=\"VEVOR vilkti u\u017e dethatcher su didelio stiprumo kablys, smeigtukai, prat\u0119stas liftas perjungti laiko tarpsni\u0173, ir termi\u0161kai apdoroto plieno.\" \/><\/div><div class=\"section-desc\">Pagamintas su specialiai termi\u0161kai apdoroto plieno, vejos dethatcher mokes\u010diai yra tvirtas, lankstus ir atsparus l\u016b\u017eimo ir deformacijos.<\/div><\/div><div class=\"section\"><div class=\"section-title\"><\/div><div class=\"section-img\"><img decoding=\"async\" src=\"\/vevor\/product\/QXSCJDHC40QYY2E4B\/tow-behind-dethatcher-a100-2.3.jpg\" alt=\"VEVOR vilkti u\u017e dethatcher, dyd\u017eio suderinamumas su atv ir vejapjov\u0117, nuleid\u017eiamasis pin s\u0105sajos funkcijas.\" \/><\/div><div class=\"section-mobile-img\"><img decoding=\"async\" src=\"\/vevor\/product\/QXSCJDHC40QYY2E4B\/tow-behind-dethatcher-a100-2.3-m.jpg\" alt=\"VEVOR vilkti u\u017e dethatcher, dyd\u017eio suderinamumas su atv ir vejapjov\u0117, nuleid\u017eiamasis pin s\u0105sajos funkcijas.\" \/><\/div><div class=\"section-desc\">Universalus jungimas dizainas leid\u017eia \u0161\u012f dethatcher b\u016bti pla\u010diai suderinami su \u012fvairi\u0173 \u017eem\u0117s \u016bkio ma\u0161in\u0173.<\/div><\/div><div class=\"section\"><div class=\"section-title\"><\/div><div class=\"section-img\"><img decoding=\"async\" src=\"\/vevor\/product\/QXSCJDHC40QYY2E4B\/tow-behind-dethatcher-a100-2.4.jpg\" alt=\"VEVOR vilkti u\u017e dethatcher \u012frengtos 8&#034; pripu\u010diamos padangos ir reguliuojamo auk\u0161\u010dio rankena, lengva naudoti.\" \/><\/div><div class=\"section-mobile-img\"><img decoding=\"async\" src=\"\/vevor\/product\/QXSCJDHC40QYY2E4B\/tow-behind-dethatcher-a100-2.4-m.jpg\" alt=\"VEVOR vilkti u\u017e dethatcher \u012frengtos 8&#034; pripu\u010diamos padangos ir reguliuojamo auk\u0161\u010dio rankena, lengva naudoti.\" \/><\/div><div class=\"section-desc\">Liftas rankena, reguliuojamas auk\u0161tis dantims, ir \u012ftraukti padangos leid\u017eia lengvai manevruoti.<\/div><\/div><div class=\"section\"><div class=\"section-title\"><\/div><div class=\"section-img\"><img decoding=\"async\" src=\"\/vevor\/product\/QXSCJDHC40QYY2E4B\/tow-behind-dethatcher-a100-2.5.jpg\" alt=\"VEVOR vilkti u\u017e dethatcher asambl\u0117jos keturiais etapais: \u012fdiegti ratai, saugi dantims, surinkti, sujungti komponentus.\" \/><\/div><div class=\"section-mobile-img\"><img decoding=\"async\" src=\"\/vevor\/product\/QXSCJDHC40QYY2E4B\/tow-behind-dethatcher-a100-2.5-m.jpg\" alt=\"VEVOR vilkti u\u017e dethatcher asambl\u0117jos keturiais etapais: \u012fdiegti ratai, saugi dantims, surinkti, sujungti komponentus.\" \/><\/div><div class=\"section-desc\">Paprastas var\u017etas \u012frengimas daro surinkimas lengvas.<\/div><\/div><div class=\"section\"><div class=\"section-img\"><img decoding=\"async\" src=\"\/vevor\/product\/QXSCJDHC40QYY2E4B\/tow-behind-dethatcher-a100-1.11.jpg\" alt=\"VEVOR vilkti u\u017e dethatcher, pavasario tine, 40&#034;, 20 dantims, q235 plieno, 34.8 svar\u0173, 40.6&#034; rankenos ilgis.\" \/><\/div><div class=\"section-mobile-img\"><img decoding=\"async\" src=\"\/vevor\/product\/QXSCJDHC40QYY2E4B\/tow-behind-dethatcher-a100-1.11-m.jpg\" alt=\"VEVOR vilkti u\u017e dethatcher, pavasario tine, 40&#034;, 20 dantims, q235 plieno, 34.8 svar\u0173, 40.6&#034; rankenos ilgis.\" \/><\/div><\/div><\/div><\/body><\/html><\/div>\n<div class=\"DM_at-title\" id=\"js-DM_at-title\"> <div>Produkto specifikacija<\/div> <i class=\"icon-arrowup_line\"><\/i> <\/div><div class=\"DM_at-goodsDescAttr\" id=\"js-DM_at-goodsDescAttr\"> <div class=\"DM_at-goodsDescAttrInner\"> <dl class=\"goodsDesc_item goodsDesc_item_even\"> <dt>Prek\u0117s Modelio Numeris<\/dt> <dd> TBD100<\/dd> <\/dl> <dl class=\"goodsDesc_item\"> <dt>Tipas<\/dt> <dd> Pavasario Tine, 40&#034; (1015mm)<\/dd> <\/dl> <dl class=\"goodsDesc_item goodsDesc_item_even\"> <dt>Skai\u010dius Dantims<\/dt> <dd> 20<\/dd> <\/dl> <dl class=\"goodsDesc_item\"> <dt>Pirmin\u0117s Med\u017eiagos<\/dt> <dd> Plienin\u0117 Q235<\/dd> <\/dl> <dl class=\"goodsDesc_item goodsDesc_item_even\"> <dt>Produkto Svoris<\/dt> <dd> 34.8 svar\u0173\/15.8 kg<\/dd> <\/dl> <dl class=\"goodsDesc_item\"> <dt>Gaminio Matmenys<\/dt> <dd> 40&#034; x 44.9 x 34.1&#034;\/1015 x 1140 x 865mm<\/dd> <\/dl> <dl class=\"goodsDesc_item goodsDesc_item_even\"> <dt>Rankenos Ilgis<\/dt> <dd> 40.6&#034;\/1030 mm<\/dd> <\/dl> <dl class=\"goodsDesc_item\"> <dt>Tine Ilgis<\/dt> <dd> 7.9&#034;\/200 mm<\/dd> <\/dl> <\/div> <\/div>","protected":false},"excerpt":{"rendered":"<ul>\n<li> Veiksminga Pikt\u017eoli\u0173 \u0160alinimas: evakuatorius-u\u017e dethatcher funkcij\u0173 20 tvirtas, a\u0161tri\u0173 plieno dantims su 40&#034; darbinis plotis, efektyviai valo sausa \u017eol\u0117, pa\u0161alina \u0161akos, ir renka lap\u0173, \u0161ieno ir kit\u0173 med\u017eiag\u0173. Tai yra daug veiksmingiau nei tradicini\u0173 rankini\u0173 \u012franki\u0173 ir lap\u0173 gr\u0117bliai. <\/li>\n<li> Patvari Konstrukcija: Pagaminta su sutir\u0161t\u0117s plieno dantims ir termi\u0161kai apdorotas u\u017e papildom\u0105 patvarum\u0105, m\u016bs\u0173 vejos dethatcher nebus lengvai sulau\u017eyti arba sulenkti. Suvirintas jungtis u\u017etikrina, ji lieka nepakitusi, ir deformacijos-nemokamai. J\u016bs galite lengvai pakeisti senas ar pa\u017eeistas dantims su paprastais \u012frankiais. <\/li>\n<li> Platus Suderinamumas: Su 1.18&#034; pin tarpai ne prijungimas s\u0105saja, m\u016bs\u0173 dethatcher galite lengvai prid\u0117ti savo ATV ar vejapjov\u0117, skirta galutiniam patogumui. <\/li>\n<li> Paprastas valdymas: liftas rankena leid\u017eia jums padidinti arba suma\u017einti dantims, apsaugoti juos nuo nusid\u0117v\u0117jimo, kai jo nenaudojate. \u012erengta pripu\u010diamos padangos lengvas manevringumas \u012fvairiais kelio reljef\u0105, ir plok\u0161tel\u0117 su kabliukais, kad paramos papildom\u0105 70 svar\u0173 u\u017e pagerintas stabilumas (koeficientai ne\u012ftraukti). <\/li>\n<li> Produkto Specifikacijos: vejos dethatcher rake funkcijos 40&#034; darbinis plotis. Pavasario dantims dydis: 3 rit\u0117s T4.5\u00d7200 mm, 20 dantims, produkto svoris: 34.8 svar\u0173. <\/li>\n<\/ul>","protected":false},"featured_media":318608,"comment_status":"closed","ping_status":"open","template":"","meta":{"om_disable_all_campaigns":false,"_uf_show_specific_survey":0,"_uf_disable_surveys":false},"location":[1935,1934],"product_brand":[21],"product_cat":[2483,2365,2557,2558],"product_tag":[],"class_list":{"0":"post-49715","1":"product","2":"type-product","3":"status-publish","4":"has-post-thumbnail","6":"location-supplier_stock_location","7":"location-local_stock_location","8":"product_brand-vevor","9":"product_cat-outdoor-power-equipment-outdoors","10":"product_cat-outdoors","11":"product_cat-riding-mower-tractor-attachments","12":"product_cat-tow-behind-dethatcher","14":"first","15":"outofstock","16":"taxable","17":"shipping-taxable","18":"purchasable","19":"product-type-simple"},"aioseo_notices":[],"locations":[{"id":1935,"name":"Pieg\u0101d\u0101t\u0101ja noliktav\u0101 (5-7d.d.)","slug":"supplier_stock_location","quantity":"0"},{"id":1934,"name":"R\u012bgas veikal\u0101 (0-2d.d.)","slug":"local_stock_location","quantity":"0"}],"_links":{"self":[{"href":"https:\/\/vevorshop.lv\/lt\/wp-json\/wp\/v2\/product\/49715","targetHints":{"allow":["GET"]}}],"collection":[{"href":"https:\/\/vevorshop.lv\/lt\/wp-json\/wp\/v2\/product"}],"about":[{"href":"https:\/\/vevorshop.lv\/lt\/wp-json\/wp\/v2\/types\/product"}],"replies":[{"embeddable":true,"href":"https:\/\/vevorshop.lv\/lt\/wp-json\/wp\/v2\/comments?post=49715"}],"wp:featuredmedia":[{"embeddable":true,"href":"https:\/\/vevorshop.lv\/lt\/wp-json\/wp\/v2\/media\/318608"}],"wp:attachment":[{"href":"https:\/\/vevorshop.lv\/lt\/wp-json\/wp\/v2\/media?parent=49715"}],"wp:term":[{"taxonomy":"location","embeddable":true,"href":"https:\/\/vevorshop.lv\/lt\/wp-json\/wp\/v2\/location?post=49715"},{"taxonomy":"product_brand","embeddable":true,"href":"https:\/\/vevorshop.lv\/lt\/wp-json\/wp\/v2\/product_brand?post=49715"},{"taxonomy":"product_cat","embeddable":true,"href":"https:\/\/vevorshop.lv\/lt\/wp-json\/wp\/v2\/product_cat?post=49715"},{"taxonomy":"product_tag","embeddable":true,"href":"https:\/\/vevorshop.lv\/lt\/wp-json\/wp\/v2\/product_tag?post=49715"}],"curies":[{"name":"wp","href":"https:\/\/api.w.org\/{rel}","templated":true}]}}