{"id":51112,"date":"2024-11-19T18:57:30","date_gmt":"2024-11-19T18:57:30","guid":{"rendered":"http:\/\/vevorshop.edigo.lv\/Prece\/vevor-livestock-stand-goat-trimming-stand-21-33-height-51x23-in-tabletop-black\/"},"modified":"2026-04-20T03:19:48","modified_gmt":"2026-04-20T00:19:48","slug":"vevor-livestock-stand-goat-trimming-stand-21-33-height-51x23-in-tabletop-black","status":"publish","type":"product","link":"https:\/\/vevorshop.lv\/lt\/Prece\/vevor-gyvuliu-stendo-ozku-kirpimo-stovas-21-33-aukscio-51x23-stalvirsyje-juodas\/","title":{"rendered":"VEVOR o\u017ek\u0173 ir avi\u0173 stovas, 130x58cm gyvuli\u0173 mel\u017eimo ir kirpimo stalas, reguliuojamas 53\u201384cm auk\u0161tis, 227kg apkrova, su galvos laikikliu"},"content":{"rendered":"<div style=\"color: #fff!important; font-size: 16px; height: 24px; line-height: 24px; margin-top: -24px; \" class=\"product_original_name\">VEVOR o\u017ek\u0173 ir avi\u0173 stovas, 51x23 coli\u0173 gyvuli\u0173 stovas, metalinis gyvuli\u0173 mel\u017eimo ir kirpimo stovas nuo 21 \"iki 33\" reguliuojamo auk\u0161\u010dio, su galvos apdangalu ir nosies kilpa, 500 svar\u0173 krovimo svoris, juodas<\/div>\n<div style=\"color: #fff!important; font-size: 16px; height: 24px; line-height: 24px; margin-top: -24px; \" class=\"product_sku\">M4I4LTSX<\/div>\n<div style=\"color: #fff!important; font-size: 16px; height: 24px; line-height: 24px; margin-top: -24px; \" class=\"product_mpn\">SCXJJHSYTM519ZQT8V0<\/div><div id=\"js-DM_at-goodDescRich\"><html><head><style>  body {    font-family: Arial;    line-height: 1.5;    color: #1c1c1c;    overflow-x: hidden;    margin: 0;    padding: 0;  }  .MsoNormal b {    font-weight: bolder;  }<\/style><style>  .container.small {    width: 970px;    margin: 0 auto;  }  .logo {    margin: 0 auto 0;  }  .logo img {    display: block;    margin: 0 auto;    max-width: 100%;  }  .logo .pc-banner {    display: block;    width: 1200px;    height: 247.4px;    margin: 0 auto;  }  .logo .pc-banner.small {    width: 970px;  }  .logo .pc-banner.small img {    height: auto!important;  }  .logo .m-banner {    display: none;  }  .ytvideo {    position: relative;    height: 546px;    width: 100%;    margin: 0 auto;  }  .ytvideo img {    width: 100%;    margin: 0 auto;  }  .ytvideo .play-btn {    width: 60px;    height: 42px;    position: absolute;    top: 50%;    left: 50%;    transform: translate(-50%, -50%);    background: url(\"data:image\/png;base64,iVBORw0KGgoAAAANSUhEUgAAAGQAAABGCAMAAAANWMFbAAAC+lBMVEUAAADBGB3kLCfBGB3kLCfcJC7BFx3KKSbiKybkLCbWJCPSIiLSIiLPICHAFx3kLCfgKSXNHiDZJiTIGx\/p4eHcjo7LHSDbJyTkLCbjKyfOHyHPIiL28fHJHB\/GGh7EGR7eKCXDGB3RISHlLSbBGB3AFxzGHB7DGB7BGB3hKybkKybAFx3lLCfAFxzDGR3hKibDGB7cJyTmz8\/elJTlwcHjurrUIyLlLSflLSfAFx3DGR7lLSfCFx3hKibhKibhKybjKybkLCblLSfbJSX49vbx7e3NNzjNMTLMJyjVIyLZf3\/ZQ0LaeHjx0tLgoqLkLCfCGB3HGx\/BGB3BFx3PICHCGB7WJCLOHyC\/Fxy\/Fx3lLCfQISHkLSe\/FxzbJiTBFx3FGx\/AGB7BFx3EGR7AGB3HHSDfKiXAFh3TISHYNzbhKibbJyTTIiL57e325+f039\/v2NjUV1fOHiHiqanfmprch4feKSXVIyPOICHmLibFGh\/mLSe\/Fx7XJCPeKSXXJSPNHyHaJyTGGh7lLCbmLCflLSjSIiLkLCbdKSXLHiC\/GB3KHh++Fh3lKyfoLiXcKCPkx8fYb2\/XaGfVXl3aU1LLHiDksbHgKibPICHbJyTfKSXbJyTCGB3KHSDiKybFGh7TIiL\/\/\/\/VIyPRISHIHB\/GGx\/HHB\/DGR7gKibdKCXLHiDZJiTMHiDNHyHYJSTOICHPICHWJCPcKCXXJSPjLCblLCf+\/f3NGR\/uLijzLynPGR\/IGB7WISHaIyLLGh7UAADxLynNAADRLzDbICLQAADIAAD3MCrUHSHXMTDpKSbLAADp5OTij4\/ejo\/VLy\/1LyngJSTcJCPQHx\/OHB7+\/PzaMS\/OLS\/vLijrLSjSAADaNTPwLyjkKSbNJCbYISHPHB\/KGB7WAAD7+vrn3d3aKynTKCjoLCfsKifRGh\/YAADq5+fhjo7QNDXXKCfmJyXt5+fTLzDLLi\/QKivYHRvMGBrQJCXLISPMExXLDxLaEAvkkI\/bOTfaFQ\/SCgpvLcnHAAAAmnRSTlMA+vv7+gT9Bvf9+8z8\/NSv\/Pr5+P7++vnQIBMP\/v38\/Pn348XDiCYf9OjbzcqxXVcx\/fz8+\/rj1r2poo1+fXFqX0orGP7+\/v7+\/fz8+\/r68uzn4trIxsG\/vri3p6GcmZSNbWVYUUZEPQv+\/f39+\/v7+\/v7+vr64tvV1NTTz87FtbSurqeblJKFg4B3bUY+NjL7+\/v7+\/v67t1cDo8JLQAABkRJREFUWMO0kz9rwkAYh0OIeJkum6YugUAhISCdKoj\/P4C7SMdS+gEKIhSKil10LSg4mzXkILdlEpxCpwTiWOLX6BujvQaEQuGeHLnL+\/64J+SIcKGYTYWnntpdLjrVdqvZmNdn0+EE40GtpuuWVS6Xx6N7YDSGpWXpeq02wHgynM7q80az1a52HpddtVcpsi1zFARBrdaxbhp9iUReTGmwA4KAAr7vx3EYejnCMI6hQYEgy0LQi4jUN0wL19vqFcUC9\/1dAKmEEFkWRYkh5oBejnxQJiSJPJ\/uKBp0Thszx9Mw8hMRIQjKsptCfuES9zr5WJY6vSFCIvE9fCMUmEM1A1kSXcYGxgVYsvI1IPKTZciSTI0us\/SMGG04gDzELDoFBwdcFJrF88dqgYMTiL6DILWYyfOWE8\/kIz38olCNlC03FK95+imxp6y4oUSvAnBjHHhKNtotSDqJzVFiK8c2SBqhZtsrTtgrLXwAyduxZHNE26eHUt5rtuM4WSmds3G+sUdWYo1L+XyxButoh5eKUHk5lByO3G1LqqCWVnfrv\/lyPtf\/4ps1cndNGIri8J1TJ0lx6dR\/oPjq1nbRwdp2dCk4CtIOLW3pVKRL6WZfS5vF2KkIQhpwSsjiYIgNCs1gEMGqiIq24NQX9NwoXFy8Ufrl3twTcg4fv8T9\/JBEySduj6Mjm4bMzYV7EEOxKjjoNDud7yY3Dy71Hq2oLmqfbNR723edH9PgMrNL2utoQ3VmaIDkiw\/4w51P06hlZsTZvkRrbVuSIs\/zwSOsycgzStQouoAkWQqioRT5XI7n2Z1wfVhoZmcAJLsoqjqpjbWCgpOAJXBwHK8PzWbNvoUZJND5wCnSkLAkZ1legx6vqQzjoiTahKlGUGLAiIIoABOHaNVw4sexZBym6\/HWlH5h3IC7yRbxtipcWxdTOkORKiNQAEkFf66x5S2oeRbroOlLgg0sSYkR0hRGEqJZ0jTPiQKatESdBckpWigxaapEH0lImHdWu9pUFF2XqMNM2Z4kped7IwEJw2qabwtrQqnpw6HyKkgcadKWsmpywwesDyIhYRpdzXddqegtGIJlXbAIUMOLkGxJUjRIkokwjUaX9d\/kK62ps\/tYUqZLIMkLTyBhsMZ3C5Z\/kDxOSCb\/DOs\/\/J0qcWSX\/2ipe56EgTCA4\/cB7NAYOsni4mZM1MUPAISoEwkDi4lhVBQ1cWQyIcwalw4EpqZN68JUSK7XC0kTlkLYii5uXSC8jT5ncCAS7mjCv0uHp\/3lueHEEAeQ\/\/VgmdN71\/2uCSA1Xr6DO6uI6sW56zqT2tp2PhgiRUAajV8CY2fkcz6WGNKMgLAt7tJAhD4YHMTeRxlALE6+43WqjSWi8ITxyJl8WrwWSNESQZZOqhDDntO3hJLsd5RtSpbJqdv3YrDJH3F7jL1R2O2aQkn2MyCyKYz0GPGIvSAMgBCrCEiJyKbBaYGwLW4uPRr0A0M4Ux5kUI7IBh+hMdiCEWNqhMZGyYMsOgNE58UQuEQeUnSWCMYwL54hkxK6IoqucQZbQ3pc3XtL0lky1dL0zZJJDpWJovFqpWj6JEHnyam2eQp5QRVAVHjWparTOaVwUOx99YS2MvgxIGV0bb+qIg2HX2qkFFJB+XZcbLiuRkuxD9GRroKyveLxdh4d7Orx+hb7qc3uVRuEogCOnyIxm4ubUoPgF4jianDrC+SDQDKEfJb0GUKmjCGPYHGJvVC6X4hw1\/sAfQAdfYyephIaspXe36RwOP+Ljvfx9B6B3i+Nk0DGq+oCbLn6JpBa9nWAveAIHwFAwtVcIJXPMPL8kRu5OAYPMaL1WScTxjiZDqB9LTJSWphow\/pTYKRTLjCBhvi9iBidvKcDasGSm0QQkycYuLBqj6QCELPctqChDWpTRMWkngNNpQ1Pfp1KkiT\/Y0DGffXAweUNfLAfaJFKDwhb6I+bkYRbkERoEeu3Fyjg2opMz2daZCS9jt6Q7txNfB+OZEVF6Zl5web2xunnLQrtrjXseXKaFYziYINeMFZVxS9VxRhOoesYwxPKXm+gWLG9cuFeq93UNNeJNsf1KlwuDok9n02n3TgIJpOxNfL9naIoQwXtfH9kjceTIIi709ncTg6LZbg+biLH1V6u\/7rxBem06VXKn9raAAAAAElFTkSuQmCC\")      no-repeat center center \/ contain;  }  @media screen and (max-width: 960px) and (orientation: portrait) {    .logo {      width: 100%;    }    .logo .pc-banner {      display: none;    }    .logo .m-banner {      display: block;      width: 100%;    }    .logo .m-banner img {      height: auto!important;    }    .ytvideo {      height: 200px;      width: 100%;    }  }<\/style><style>  .video-section {    width: 100%;    margin: 0 auto;  }  .video-section > img {    width: 100%;  }  .video-section iframe,  .video-section video {    width: 100%;    height: 100%;      }  .video-section-img-m,  .video-section-img-pc > img {    width: 100%;    height: auto;  }  .video-section-img-pc.small > img {    width: 970px;  }  .video-desc {    line-height: 1.5;    font-size: 20px;    font-weight: 400;    margin: 20px 0;    text-align: center;    color: #0f1111;    word-break: break-word;  }  @media screen and (max-width: 960px) and (orientation: portrait) {    .video-section {      width: 100%;    }    .video-section-pc,    .video-section-img-pc {      display: none;    }    .video-section-m,    .video-section-img-m {      display: block;    }    .video-desc {      font-size: 15px;    }  }  @media screen and (min-width: 960px) {    .video-section {      width: 100%;      margin: 0 auto;    }    .video-section-pc,    .video-section-img-pc {      display: block;    }    .video-section-m,    .video-section-img-m {      display: none;    }    .video-desc {      font-size: 20px;    }  }<\/style><style>  .section + .section {    margin-top: 35px;  }  .section-title {    text-align: center;    font-weight: bold;    color: #0d1111;    font-family: \"Arial\";    font-size: 32px;    margin: 15px 0;  }  .section-title:empty {    display: none;  }  .section-desc {    text-align: center;    font-weight: normal;    color: #0d1111;    margin-top: 20px;  }  .section-desc:empty {    display: none;  }  .section-img {    width: 1200px;    height: 492px;    margin: 0 auto;    display: block;  }  .section-img.small {    width: 970px;    height: auto;  }  .section-img.small > img {    height: auto;  }  .section-img > img {    width: 100%;    height: 100%;  }  .section-mobile-img {    display: none;    max-width: 100vw;    max-height: 75vw;    height: 450px;    margin: 0 auto;  }  .section-mobile-img > img {    width: 100%;    height: 100%;  }  @media screen and (max-width: 960px) and (orientation: portrait) {    .container {      width: 100%;    }    .container.small {      width: 100%;    }    .section-mobile-img {      display: block;    }    .section-img {      display: none;    }    .section-title {      font-size: 22px;      margin: 10px 0;    }    .section-desc {      margin-top: 10px;    }    .section + .section {      margin-top: 20px;    }  }<\/style><\/head><body><div class=\"container\"><div class=\"logo\"><div class=\"pc-banner\"><div><img decoding=\"async\" src=\"\/vevor\/vevor\/boutique-banner\/pc\/en-pc@1x.jpg\" style=\"width: 100%;\" \/><\/div><\/div><div class=\"m-banner\"><div><img decoding=\"async\" src=\"\/vevor\/vevor\/boutique-banner\/mobile\/en-m@1x.jpg\" style=\"width: 100%;\" \/><\/div><\/div><\/div><div class=\"section-title\">\u016akyje O\u017ek\u0173 Stendas<\/div><div class=\"video-section\"><div class=\"video-section-img-pc\"><img decoding=\"async\" src=\"\/vevor\/product\/SCXJJHSYTM519ZQT8\/livestock-stand-a100-1.4.jpg\" alt=\"VEVOR o\u017ekos &amp; avi\u0173 stovas: storas ketaus vamzd\u017eiai, r\u016bd\u017ei\u0173 \u012frodymas, pur\u0161kimo, skland\u017eiai kra\u0161to, avi\u0173 fone.\" \/><\/div><div class=\"video-section-img-m\"><img decoding=\"async\" src=\"\/vevor\/product\/SCXJJHSYTM519ZQT8\/livestock-stand-a100-1.4-m.jpg\" alt=\"VEVOR o\u017ekos &amp; avi\u0173 stovas: storas ketaus vamzd\u017eiai, r\u016bd\u017ei\u0173 \u012frodymas, pur\u0161kimo, skland\u017eiai kra\u0161to, avi\u0173 fone.\" \/><\/div><div class=\"section-desc\">\u0160is o\u017ek\u0173 ir avi\u0173 stovas yra ne tik tvirtas ir patvarus, ta\u010diau taip pat padengtas r\u016bd\u017ei\u0173 \u012frodymas, da\u017e\u0173 purk\u0161tuvu, siekiant u\u017etikrinti ilgalaikio naudojimo, lietaus ar blizges\u012f. Kruop\u0161\u010diai suprojektuoti su skland\u017eiai kra\u0161tai, ji suma\u017eina rizik\u0105 gyv\u016bn\u0173 traum\u0173, tod\u0117l savo \u016bkyje dirba daugiau malonus.<\/div><\/div><div class=\"section\"><div class=\"section-title\"><\/div><div class=\"section-img\"><img decoding=\"async\" src=\"\/vevor\/product\/SCXJJHSYTM519ZQT8\/livestock-stand-a100-2.2.jpg\" alt=\"VEVOR o\u017ekos &amp; avi\u0173 stovas su 4 sutir\u0161t\u0117s statrams\u010diai, trikampio formos pagalba, ir 4 lygi\u0173 auk\u0161\u010dio reguliavimas.\" \/><\/div><div class=\"section-mobile-img\"><img decoding=\"async\" src=\"\/vevor\/product\/SCXJJHSYTM519ZQT8\/livestock-stand-a100-2.2-m.jpg\" alt=\"VEVOR o\u017ekos &amp; avi\u0173 stovas su 4 sutir\u0161t\u0117s statrams\u010diai, trikampio formos pagalba, ir 4 lygi\u0173 auk\u0161\u010dio reguliavimas.\" \/><\/div><div class=\"section-desc\">M\u016bs\u0173 o\u017ek\u0173 mel\u017eimo stovas su 4 pastorintais statrams\u010diais ir trikampio r\u0117mo atrama sudaro tvirt\u0105 pagrind\u0105.4 lygi\u0173 reguliuojamas stalvir\u0161io auk\u0161tis nuo 21 \"iki 33\" u\u017etikrina, kad jis tinka tiek ma\u017eoms o\u017ekoms, tiek auk\u0161tiems kumeliukams.<\/div><\/div><div class=\"section\"><div class=\"section-title\"><\/div><div class=\"section-img\"><img decoding=\"async\" src=\"\/vevor\/product\/SCXJJHSYTM519ZQT8\/livestock-stand-a100-2.3.jpg\" alt=\"detali\u0173 virinimas VEVOR o\u017ekos &amp; avi\u0173 stov\u0117ti pagerina saug\u0105, su dviguba armat\u016bra ir u-formos s\u0105nari\u0173.\" \/><\/div><div class=\"section-mobile-img\"><img decoding=\"async\" src=\"\/vevor\/product\/SCXJJHSYTM519ZQT8\/livestock-stand-a100-2.3-m.jpg\" alt=\"detali\u0173 virinimas VEVOR o\u017ekos &amp; avi\u0173 stov\u0117ti pagerina saug\u0105, su dviguba armat\u016bra ir u-formos s\u0105nari\u0173.\" \/><\/div><div class=\"section-desc\">Mes sustiprinome suvirinim\u0105 \u012fvairiose o\u017ek\u0173 pjovimo stovo dalyse, kad padidintume jo apkrov\u0105 ir stiprum\u0105, u\u017etikrindami, kad net ir palaikant sunkius gyv\u016bnus nesugri\u016bt\u0173.<\/div><\/div><div class=\"section\"><div class=\"section-title\"><\/div><div class=\"section-img\"><img decoding=\"async\" src=\"\/vevor\/product\/SCXJJHSYTM519ZQT8\/livestock-stand-a100-2.4.jpg\" alt=\"VEVOR o\u017ekos &amp; avi\u0173 stovas su 500 svar\u0173 talpa, reguliuojamo auk\u0161\u010dio, ir erdv\u016bs, pratybos, apdailos.\" \/><\/div><div class=\"section-mobile-img\"><img decoding=\"async\" src=\"\/vevor\/product\/SCXJJHSYTM519ZQT8\/livestock-stand-a100-2.4-m.jpg\" alt=\"VEVOR o\u017ekos &amp; avi\u0173 stovas su 500 svar\u0173 talpa, reguliuojamo auk\u0161\u010dio, ir erdv\u016bs, pratybos, apdailos.\" \/><\/div><div class=\"section-desc\">51&#034;x23&#034; erdvus, pratybos daro apipjaustymas lengva, nesir\u016bpindami apie kosmos\u0105. \u012e 46-64.1 colio reguliuojamas galvos prisitaiko gyv\u016bnams \u012fvairi\u0173 dyd\u017ei\u0173, tod\u0117l savo darb\u0105 lengviau ir nerimauti nemokamai apie svor\u012f ir erdv\u0119.<\/div><\/div><div class=\"section\"><div class=\"section-title\"><\/div><div class=\"section-img\"><img decoding=\"async\" src=\"\/vevor\/product\/SCXJJHSYTM519ZQT8\/livestock-stand-a100-2.5.jpg\" alt=\"esminis \u017eem\u0117s \u016bkio technikos o\u017ek\u0173, avi\u0173, ver\u0161eli\u0173, ir lmsa, si\u016blanti VEVOR o\u017ekos &amp; avi\u0173 stov\u0117ti.\" \/><\/div><div class=\"section-mobile-img\"><img decoding=\"async\" src=\"\/vevor\/product\/SCXJJHSYTM519ZQT8\/livestock-stand-a100-2.5-m.jpg\" alt=\"esminis \u017eem\u0117s \u016bkio technikos o\u017ek\u0173, avi\u0173, ver\u0161eli\u0173, ir lmsa, si\u016blanti VEVOR o\u017ekos &amp; avi\u0173 stov\u0117ti.\" \/><\/div><div class=\"section-desc\">Nesvarbu, ar tai o\u017ekos, avys, ver\u0161eliai ar kumeliukai, m\u016bs\u0173 avi\u0173 stendas gali visk\u0105 susitvarkyti Tai supaprastina \u016bkio prie\u017ei\u016bros u\u017eduotis, nesvarbu, ar tai b\u016bt\u0173 kirpimas, maudymas ar \u012fprastiniai patikrinimai - visa tai yra viena universali priemon\u0117 J\u016bs\u0173 \u016bkis nusipelno tokio universalaus asistento.<\/div><\/div><div class=\"section\"><div class=\"section-img\"><img decoding=\"async\" src=\"\/vevor\/product\/SCXJJHSYTM519ZQT8\/livestock-stand-a100-1.11.jpg\" alt=\"VEVOR o\u017ekos &amp; avi\u0173 stovas reguliuojamas priekinis ramstis, vinjet\u0117, grandin\u0117s kilpa, ir nailono virv\u0117 lengvai gyvuli\u0173 kontrol\u0117s.\" \/><\/div><div class=\"section-mobile-img\"><img decoding=\"async\" src=\"\/vevor\/product\/SCXJJHSYTM519ZQT8\/livestock-stand-a100-1.11-m.jpg\" alt=\"VEVOR o\u017ekos &amp; avi\u0173 stovas reguliuojamas priekinis ramstis, vinjet\u0117, grandin\u0117s kilpa, ir nailono virv\u0117 lengvai gyvuli\u0173 kontrol\u0117s.\" \/><\/div><\/div><\/div><\/body><\/html><\/div>\n<div class=\"DM_at-title\" id=\"js-DM_at-title\"> <div>Produkto specifikacija<\/div> <i class=\"icon-arrowup_line\"><\/i> <\/div><div class=\"DM_at-goodsDescAttr\" id=\"js-DM_at-goodsDescAttr\"> <div class=\"DM_at-goodsDescAttrInner\"> <dl class=\"goodsDesc_item goodsDesc_item_even\"> <dt>Prek\u0117s Modelio Numeris<\/dt> <dd> SCJ003-B<\/dd> <\/dl> <dl class=\"goodsDesc_item\"> <dt>Stalo Dydis<\/dt> <dd> 51x23in\/1295x584mm<\/dd> <\/dl> <dl class=\"goodsDesc_item goodsDesc_item_even\"> <dt>Reguliuojamas Stalo Auk\u0161tis<\/dt> <dd> \u2170 21in\/533mm, \u2171 25in\/635mm, u\u017era\u0161as 29in\/736mm, \u2173 33in\/838mm<\/dd> <\/dl> <dl class=\"goodsDesc_item\"> <dt>Reguliuojamas Vinjet\u0117<\/dt> <dd> 46-64.1\/1170-1630mm<\/dd> <\/dl> <dl class=\"goodsDesc_item goodsDesc_item_even\"> <dt>Pagrindin\u0117 Med\u017eiaga<\/dt> <dd> Gele\u017eies<\/dd> <\/dl> <dl class=\"goodsDesc_item\"> <dt>Produkto Svoris<\/dt> <dd> 17.8 kg\/lbs 39.24<\/dd> <\/dl> <dl class=\"goodsDesc_item goodsDesc_item_even\"> <dt>Gaminio Matmenys<\/dt> <dd> 1295x584x1740 mm\/51 x 23 x 68.5 coli\u0173<\/dd> <\/dl> <\/div> <\/div>","protected":false},"excerpt":{"rendered":"<ul>\n<li> Premium Material &amp; Safety Design: M\u016bs\u0173 gyvuli\u0173 stendas yra sukonstruotas i\u0161 auk\u0161tos kokyb\u0117s gele\u017eini\u0173 vamzd\u017ei\u0173 ir padengtas pur\u0161kiamais da\u017eais, u\u017etikrinan\u010diais ilgaam\u017ei\u0161kum\u0105 ir atsparum\u0105 r\u016bdims Kruop\u0161\u010diai suprojektuoti lyg\u016bs kra\u0161tai suma\u017eina rizik\u0105 susi\u017eeisti tiek gyv\u016bnams, tiek operatoriams naudojimo metu. <\/li>\n<li> 4-Lygis Reguliuojamas Auk\u0161tis: Featuring unikalus pin dizaino, m\u016bs\u0173 o\u017ekos stov\u0117ti si\u016blo keturi\u0173 auk\u0161\u010dio parametrai svyruoja nuo 21&#034; 33&#034;, telpa gyv\u016bnai yra \u012fvairi\u0173 dyd\u017ei\u0173. Sustiprinta stulpeliai su trikampio r\u0117mo u\u017etikrinti papildom\u0105 stabilum\u0105 ir param\u0105, gerinti saug\u0105. <\/li>\n<li> Sunki\u0173j\u0173 ir Erdv\u016bs: Su stalo matavimo 51 x 23 coli\u0173 ir mas\u0117 talpa iki 500 svar\u0173, m\u016bs\u0173 o\u017ekos apipjaustymas stovas puikiai tinka gyv\u016bnams, \u012fvairi\u0173 svori\u0173. Reguliuojamas metalo vinjet\u0117 saugumu r\u016bpinasi gyv\u016bn\u0173 galvomis, palengvinti kirpimas, sveikatos patikrinimus, ir viliojimo u\u017eduotis. <\/li>\n<li> Greitas Montavimas: Iliustruotas instrukcijas ir ai\u0161kiai pa\u017eym\u0117ti priedai u\u017etikrina lengv\u0105 ir tikslus surinkimas. \u012etraukti gyvuli\u0173 nosies linijos ir Velcro dir\u017eeliai supaprastinti gyv\u016bn\u0173 atram\u0105 veiksmingas. <\/li>\n<li> Universalus Naudojimas: Idealiai tinka \u012fvairi\u0173 gyv\u016bn\u0173, pavyzd\u017eiui, o\u017ek\u0173, avi\u0173 ir ver\u0161eli\u0173. M\u016bs\u0173 apipjaustymas stovas tinka kirpimo, mel\u017eimo, kanop\u0173 apipjaustymas, maudytis, ir daugiau. Ji suteikia i\u0161sami\u0105 sprendimai, profesionalus ir efektyvus gyv\u016bn\u0173 prie\u017ei\u016bros. <\/li>\n<\/ul>","protected":false},"featured_media":321266,"comment_status":"closed","ping_status":"open","template":"","meta":{"om_disable_all_campaigns":false,"_uf_show_specific_survey":0,"_uf_disable_surveys":false},"location":[1935,1934],"product_brand":[21],"product_cat":[2367,3868,3869,2365,2366],"product_tag":[],"class_list":{"0":"post-51112","1":"product","2":"type-product","3":"status-publish","4":"has-post-thumbnail","6":"location-supplier_stock_location","7":"location-local_stock_location","8":"product_brand-vevor","9":"product_cat-farm-animal-supplies","10":"product_cat-horse-supplies","11":"product_cat-livestock-stand-horse-supplies","12":"product_cat-outdoors","13":"product_cat-pet-supplies-wildlife","15":"first","16":"outofstock","17":"taxable","18":"shipping-taxable","19":"purchasable","20":"product-type-simple"},"aioseo_notices":[],"locations":[{"id":1935,"name":"Pieg\u0101d\u0101t\u0101ja noliktav\u0101 (5-7d.d.)","slug":"supplier_stock_location","quantity":"0"},{"id":1934,"name":"R\u012bgas veikal\u0101 (0-2d.d.)","slug":"local_stock_location","quantity":"0"}],"_links":{"self":[{"href":"https:\/\/vevorshop.lv\/lt\/wp-json\/wp\/v2\/product\/51112","targetHints":{"allow":["GET"]}}],"collection":[{"href":"https:\/\/vevorshop.lv\/lt\/wp-json\/wp\/v2\/product"}],"about":[{"href":"https:\/\/vevorshop.lv\/lt\/wp-json\/wp\/v2\/types\/product"}],"replies":[{"embeddable":true,"href":"https:\/\/vevorshop.lv\/lt\/wp-json\/wp\/v2\/comments?post=51112"}],"wp:featuredmedia":[{"embeddable":true,"href":"https:\/\/vevorshop.lv\/lt\/wp-json\/wp\/v2\/media\/321266"}],"wp:attachment":[{"href":"https:\/\/vevorshop.lv\/lt\/wp-json\/wp\/v2\/media?parent=51112"}],"wp:term":[{"taxonomy":"location","embeddable":true,"href":"https:\/\/vevorshop.lv\/lt\/wp-json\/wp\/v2\/location?post=51112"},{"taxonomy":"product_brand","embeddable":true,"href":"https:\/\/vevorshop.lv\/lt\/wp-json\/wp\/v2\/product_brand?post=51112"},{"taxonomy":"product_cat","embeddable":true,"href":"https:\/\/vevorshop.lv\/lt\/wp-json\/wp\/v2\/product_cat?post=51112"},{"taxonomy":"product_tag","embeddable":true,"href":"https:\/\/vevorshop.lv\/lt\/wp-json\/wp\/v2\/product_tag?post=51112"}],"curies":[{"name":"wp","href":"https:\/\/api.w.org\/{rel}","templated":true}]}}