{"id":51497,"date":"2024-11-19T19:39:31","date_gmt":"2024-11-19T19:39:31","guid":{"rendered":"http:\/\/vevorshop.edigo.lv\/Prece\/vevor-free-standing-dog-gate-24x60-inch-freestanding-pet-gate-foldable-white\/"},"modified":"2026-04-20T03:05:31","modified_gmt":"2026-04-20T00:05:31","slug":"vevor-free-standing-dog-gate-24x60-inch-freestanding-pet-gate-foldable-white","status":"publish","type":"product","link":"https:\/\/vevorshop.lv\/lt\/Prece\/vevor-free-standing-dog-gate-24x60-inch-freestanding-pet-gate-foldable-white\/","title":{"rendered":"VEVOR Laisvai Pastatomi \u0160uns Varteliai, 61cm Auk\u0161\u010dio x 152cm Plo\u010dio, 3 Skydeli\u0173 Sulankstoma Nam\u0173 Tvorel\u0117, Balta Spalva"},"content":{"rendered":"<div style=\"color: #fff!important; font-size: 16px; height: 24px; line-height: 24px; margin-top: -24px; \" class=\"product_original_name\">VEVOR Free Standing Dog Gate, 24\" H x 60\" W Freestanding Pet Gate, 3 Panels Foldable Dog Gate for Wide and Narrow Passageways, Expandable Dog Barrier with Silent Foot Support for Indoor, White<\/div>\n<div style=\"color: #fff!important; font-size: 16px; height: 24px; line-height: 24px; margin-top: -24px; \" class=\"product_sku\">M4I4LVD2<\/div>\n<div style=\"color: #fff!important; font-size: 16px; height: 24px; line-height: 24px; margin-top: -24px; \" class=\"product_mpn\">KZDMZCWMBSMZ75YGXV0<\/div><div id=\"js-DM_at-goodDescRich\"><html><head><style>  body {    font-family: Arial;    line-height: 1.5;    color: #1c1c1c;    overflow-x: hidden;    margin: 0;    padding: 0;  }  .MsoNormal b {    font-weight: bolder;  }<\/style><style>  .container.small {    width: 970px;    margin: 0 auto;  }  .logo {    margin: 0 auto 0;  }  .logo img {    display: block;    margin: 0 auto;    max-width: 100%;  }  .logo .pc-banner {    display: block;    width: 1200px;    height: 247.4px;    margin: 0 auto;  }  .logo .pc-banner.small {    width: 970px;  }  .logo .pc-banner.small img {    height: auto!important;  }  .logo .m-banner {    display: none;  }  .ytvideo {    position: relative;    height: 546px;    width: 100%;    margin: 0 auto;  }  .ytvideo img {    width: 100%;    margin: 0 auto;  }  .ytvideo .play-btn {    width: 60px;    height: 42px;    position: absolute;    top: 50%;    left: 50%;    transform: translate(-50%, -50%);    background: url(\"data:image\/png;base64,iVBORw0KGgoAAAANSUhEUgAAAGQAAABGCAMAAAANWMFbAAAC+lBMVEUAAADBGB3kLCfBGB3kLCfcJC7BFx3KKSbiKybkLCbWJCPSIiLSIiLPICHAFx3kLCfgKSXNHiDZJiTIGx\/p4eHcjo7LHSDbJyTkLCbjKyfOHyHPIiL28fHJHB\/GGh7EGR7eKCXDGB3RISHlLSbBGB3AFxzGHB7DGB7BGB3hKybkKybAFx3lLCfAFxzDGR3hKibDGB7cJyTmz8\/elJTlwcHjurrUIyLlLSflLSfAFx3DGR7lLSfCFx3hKibhKibhKybjKybkLCblLSfbJSX49vbx7e3NNzjNMTLMJyjVIyLZf3\/ZQ0LaeHjx0tLgoqLkLCfCGB3HGx\/BGB3BFx3PICHCGB7WJCLOHyC\/Fxy\/Fx3lLCfQISHkLSe\/FxzbJiTBFx3FGx\/AGB7BFx3EGR7AGB3HHSDfKiXAFh3TISHYNzbhKibbJyTTIiL57e325+f039\/v2NjUV1fOHiHiqanfmprch4feKSXVIyPOICHmLibFGh\/mLSe\/Fx7XJCPeKSXXJSPNHyHaJyTGGh7lLCbmLCflLSjSIiLkLCbdKSXLHiC\/GB3KHh++Fh3lKyfoLiXcKCPkx8fYb2\/XaGfVXl3aU1LLHiDksbHgKibPICHbJyTfKSXbJyTCGB3KHSDiKybFGh7TIiL\/\/\/\/VIyPRISHIHB\/GGx\/HHB\/DGR7gKibdKCXLHiDZJiTMHiDNHyHYJSTOICHPICHWJCPcKCXXJSPjLCblLCf+\/f3NGR\/uLijzLynPGR\/IGB7WISHaIyLLGh7UAADxLynNAADRLzDbICLQAADIAAD3MCrUHSHXMTDpKSbLAADp5OTij4\/ejo\/VLy\/1LyngJSTcJCPQHx\/OHB7+\/PzaMS\/OLS\/vLijrLSjSAADaNTPwLyjkKSbNJCbYISHPHB\/KGB7WAAD7+vrn3d3aKynTKCjoLCfsKifRGh\/YAADq5+fhjo7QNDXXKCfmJyXt5+fTLzDLLi\/QKivYHRvMGBrQJCXLISPMExXLDxLaEAvkkI\/bOTfaFQ\/SCgpvLcnHAAAAmnRSTlMA+vv7+gT9Bvf9+8z8\/NSv\/Pr5+P7++vnQIBMP\/v38\/Pn348XDiCYf9OjbzcqxXVcx\/fz8+\/rj1r2poo1+fXFqX0orGP7+\/v7+\/fz8+\/r68uzn4trIxsG\/vri3p6GcmZSNbWVYUUZEPQv+\/f39+\/v7+\/v7+vr64tvV1NTTz87FtbSurqeblJKFg4B3bUY+NjL7+\/v7+\/v67t1cDo8JLQAABkRJREFUWMO0kz9rwkAYh0OIeJkum6YugUAhISCdKoj\/P4C7SMdS+gEKIhSKil10LSg4mzXkILdlEpxCpwTiWOLX6BujvQaEQuGeHLnL+\/64J+SIcKGYTYWnntpdLjrVdqvZmNdn0+EE40GtpuuWVS6Xx6N7YDSGpWXpeq02wHgynM7q80az1a52HpddtVcpsi1zFARBrdaxbhp9iUReTGmwA4KAAr7vx3EYejnCMI6hQYEgy0LQi4jUN0wL19vqFcUC9\/1dAKmEEFkWRYkh5oBejnxQJiSJPJ\/uKBp0Thszx9Mw8hMRIQjKsptCfuES9zr5WJY6vSFCIvE9fCMUmEM1A1kSXcYGxgVYsvI1IPKTZciSTI0us\/SMGG04gDzELDoFBwdcFJrF88dqgYMTiL6DILWYyfOWE8\/kIz38olCNlC03FK95+imxp6y4oUSvAnBjHHhKNtotSDqJzVFiK8c2SBqhZtsrTtgrLXwAyduxZHNE26eHUt5rtuM4WSmds3G+sUdWYo1L+XyxButoh5eKUHk5lByO3G1LqqCWVnfrv\/lyPtf\/4ps1cndNGIri8J1TJ0lx6dR\/oPjq1nbRwdp2dCk4CtIOLW3pVKRL6WZfS5vF2KkIQhpwSsjiYIgNCs1gEMGqiIq24NQX9NwoXFy8Ufrl3twTcg4fv8T9\/JBEySduj6Mjm4bMzYV7EEOxKjjoNDud7yY3Dy71Hq2oLmqfbNR723edH9PgMrNL2utoQ3VmaIDkiw\/4w51P06hlZsTZvkRrbVuSIs\/zwSOsycgzStQouoAkWQqioRT5XI7n2Z1wfVhoZmcAJLsoqjqpjbWCgpOAJXBwHK8PzWbNvoUZJND5wCnSkLAkZ1legx6vqQzjoiTahKlGUGLAiIIoABOHaNVw4sexZBym6\/HWlH5h3IC7yRbxtipcWxdTOkORKiNQAEkFf66x5S2oeRbroOlLgg0sSYkR0hRGEqJZ0jTPiQKatESdBckpWigxaapEH0lImHdWu9pUFF2XqMNM2Z4kped7IwEJw2qabwtrQqnpw6HyKkgcadKWsmpywwesDyIhYRpdzXddqegtGIJlXbAIUMOLkGxJUjRIkokwjUaX9d\/kK62ps\/tYUqZLIMkLTyBhsMZ3C5Z\/kDxOSCb\/DOs\/\/J0qcWSX\/2ipe56EgTCA4\/cB7NAYOsni4mZM1MUPAISoEwkDi4lhVBQ1cWQyIcwalw4EpqZN68JUSK7XC0kTlkLYii5uXSC8jT5ncCAS7mjCv0uHp\/3lueHEEAeQ\/\/VgmdN71\/2uCSA1Xr6DO6uI6sW56zqT2tp2PhgiRUAajV8CY2fkcz6WGNKMgLAt7tJAhD4YHMTeRxlALE6+43WqjSWi8ITxyJl8WrwWSNESQZZOqhDDntO3hJLsd5RtSpbJqdv3YrDJH3F7jL1R2O2aQkn2MyCyKYz0GPGIvSAMgBCrCEiJyKbBaYGwLW4uPRr0A0M4Ux5kUI7IBh+hMdiCEWNqhMZGyYMsOgNE58UQuEQeUnSWCMYwL54hkxK6IoqucQZbQ3pc3XtL0lky1dL0zZJJDpWJovFqpWj6JEHnyam2eQp5QRVAVHjWparTOaVwUOx99YS2MvgxIGV0bb+qIg2HX2qkFFJB+XZcbLiuRkuxD9GRroKyveLxdh4d7Orx+hb7qc3uVRuEogCOnyIxm4ubUoPgF4jianDrC+SDQDKEfJb0GUKmjCGPYHGJvVC6X4hw1\/sAfQAdfYyephIaspXe36RwOP+Ljvfx9B6B3i+Nk0DGq+oCbLn6JpBa9nWAveAIHwFAwtVcIJXPMPL8kRu5OAYPMaL1WScTxjiZDqB9LTJSWphow\/pTYKRTLjCBhvi9iBidvKcDasGSm0QQkycYuLBqj6QCELPctqChDWpTRMWkngNNpQ1Pfp1KkiT\/Y0DGffXAweUNfLAfaJFKDwhb6I+bkYRbkERoEeu3Fyjg2opMz2daZCS9jt6Q7txNfB+OZEVF6Zl5web2xunnLQrtrjXseXKaFYziYINeMFZVxS9VxRhOoesYwxPKXm+gWLG9cuFeq93UNNeJNsf1KlwuDok9n02n3TgIJpOxNfL9naIoQwXtfH9kjceTIIi709ncTg6LZbg+biLH1V6u\/7rxBem06VXKn9raAAAAAElFTkSuQmCC\")      no-repeat center center \/ contain;  }  @media screen and (max-width: 960px) and (orientation: portrait) {    .logo {      width: 100%;    }    .logo .pc-banner {      display: none;    }    .logo .m-banner {      display: block;      width: 100%;    }    .logo .m-banner img {      height: auto!important;    }    .ytvideo {      height: 200px;      width: 100%;    }  }<\/style><style>  .video-section {    width: 100%;    margin: 0 auto;  }  .video-section > img {    width: 100%;  }  .video-section iframe,  .video-section video {    width: 100%;    height: 100%;      }  .video-section-img-m,  .video-section-img-pc > img {    width: 100%;    height: auto;  }  .video-section-img-pc.small > img {    width: 970px;  }  .video-desc {    line-height: 1.5;    font-size: 20px;    font-weight: 400;    margin: 20px 0;    text-align: center;    color: #0f1111;    word-break: break-word;  }  @media screen and (max-width: 960px) and (orientation: portrait) {    .video-section {      width: 100%;    }    .video-section-pc,    .video-section-img-pc {      display: none;    }    .video-section-m,    .video-section-img-m {      display: block;    }    .video-desc {      font-size: 15px;    }  }  @media screen and (min-width: 960px) {    .video-section {      width: 100%;      margin: 0 auto;    }    .video-section-pc,    .video-section-img-pc {      display: block;    }    .video-section-m,    .video-section-img-m {      display: none;    }    .video-desc {      font-size: 20px;    }  }<\/style><style>  .section + .section {    margin-top: 35px;  }  .section-title {    text-align: center;    font-weight: bold;    color: #0d1111;    font-family: \"Arial\";    font-size: 32px;    margin: 15px 0;  }  .section-title:empty {    display: none;  }  .section-desc {    text-align: center;    font-weight: normal;    color: #0d1111;    margin-top: 20px;  }  .section-desc:empty {    display: none;  }  .section-img {    width: 1200px;    height: 492px;    margin: 0 auto;    display: block;  }  .section-img.small {    width: 970px;    height: auto;  }  .section-img.small > img {    height: auto;  }  .section-img > img {    width: 100%;    height: 100%;  }  .section-mobile-img {    display: none;    max-width: 100vw;    max-height: 75vw;    height: 450px;    margin: 0 auto;  }  .section-mobile-img > img {    width: 100%;    height: 100%;  }  @media screen and (max-width: 960px) and (orientation: portrait) {    .container {      width: 100%;    }    .container.small {      width: 100%;    }    .section-mobile-img {      display: block;    }    .section-img {      display: none;    }    .section-title {      font-size: 22px;      margin: 10px 0;    }    .section-desc {      margin-top: 10px;    }    .section + .section {      margin-top: 20px;    }  }<\/style><\/head><body><div class=\"container\"><div class=\"logo\"><div class=\"pc-banner\"><div><img decoding=\"async\" src=\"\/vevor\/vevor\/boutique-banner\/pc\/en-pc@1x.jpg\" style=\"width: 100%;\" \/><\/div><\/div><div class=\"m-banner\"><div><img decoding=\"async\" src=\"\/vevor\/vevor\/boutique-banner\/mobile\/en-m@1x.jpg\" style=\"width: 100%;\" \/><\/div><\/div><\/div><div class=\"section-title\">VEVOR laisvai stovintys \u0161un\u0173 vartai: j\u016bs\u0173 \u0161eimos saugos serg\u0117tojas.<\/div><div class=\"video-section\"><div class=\"video-section-img-pc\"><img decoding=\"async\" src=\"\/vevor\/product\/KZDMZCWMBSMZ75YGX\/foldable-dog-gate-a100-1.4.jpg\" alt=\"VEVOR free standing dog gate - solid wood, foldable, eco-friendly, stylish design, easy to clean.\" \/><\/div><div class=\"video-section-img-m\"><img decoding=\"async\" src=\"\/vevor\/product\/KZDMZCWMBSMZ75YGX\/foldable-dog-gate-a100-1.4-m.jpg\" alt=\"VEVOR free standing dog gate - solid wood, foldable, eco-friendly, stylish design, easy to clean.\" \/><\/div><div class=\"section-desc\">M\u016bs\u0173 stovin\u010dioje pet vartai gali pasigirti pra\u0161matnus med\u017eio masyvo r\u0117mo, kuris papildo \u012fvairi\u0173 nam\u0173 dekoro stili\u0173. Ji gali b\u016bti naudojama skiriamoji erdves, kaip j\u016bs\u0173 virtuv\u0117s \u012f\u0117jimas, miegamojo duris, durys, koridoriuje, ir laiptai.<\/div><\/div><div class=\"section\"><div class=\"section-title\"><\/div><div class=\"section-img\"><img decoding=\"async\" src=\"\/vevor\/product\/KZDMZCWMBSMZ75YGX\/foldable-dog-gate-a100-2.2.jpg\" alt=\"VEVOR free standing dog gate with quick-detach hinges, suitable for narrow and wide passageways.\" \/><\/div><div class=\"section-mobile-img\"><img decoding=\"async\" src=\"\/vevor\/product\/KZDMZCWMBSMZ75YGX\/foldable-dog-gate-a100-2.2-m.jpg\" alt=\"VEVOR free standing dog gate with quick-detach hinges, suitable for narrow and wide passageways.\" \/><\/div><div class=\"section-desc\">Greitai atleid\u017eiamos vyri\u0173 jungtys tarp kiekvieno vart\u0173 skydelio leid\u017eia laisvai reguliuoti plot\u012f, kad jis atitikt\u0173 \u012fvairias scenas Nesvarbu, ar tai platus pra\u0117jimas, ar siauras koridorius, laisvai stovintys k\u016bdiki\u0173 vartai gali b\u016bti naudojami keliose vietose visame j\u016bs\u0173 namuose, sukuriant saugos barjer\u0105.<\/div><\/div><div class=\"section\"><div class=\"section-title\"><\/div><div class=\"section-img\"><img decoding=\"async\" src=\"\/vevor\/product\/KZDMZCWMBSMZ75YGX\/foldable-dog-gate-a100-2.3.jpg\" alt=\"VEVOR free standing dog gate with non-slip foot supports, ensuring stable standing and noiseless movement.\" \/><\/div><div class=\"section-mobile-img\"><img decoding=\"async\" src=\"\/vevor\/product\/KZDMZCWMBSMZ75YGX\/foldable-dog-gate-a100-2.3-m.jpg\" alt=\"VEVOR free standing dog gate with non-slip foot supports, ensuring stable standing and noiseless movement.\" \/><\/div><div class=\"section-desc\">M\u016bs\u0173 medini\u0173 \u0161uo vartai yra \u012frengtos dvi anti-slip p\u0117s\u010diomis palaiko. Ji i\u0161laiko stabilum\u0105 visose nuolatinis pozicij\u0173, u\u017ekertant keli\u0105 bet kokios rizikos, vart\u0117 per ir apsaugoti savo namus. Plius, be to, tylus, p\u0117d\u0173 pagalv\u0117l\u0117s suteikia grind\u0173 apsaugos ir u\u017etikrina triuk\u0161mo-laisvas.<\/div><\/div><div class=\"section\"><div class=\"section-title\"><\/div><div class=\"section-img\"><img decoding=\"async\" src=\"\/vevor\/product\/KZDMZCWMBSMZ75YGX\/foldable-dog-gate-a100-2.4.jpg\" alt=\"VEVOR free standing dog gate, foldable white gate shown folded and extended in a cozy living room.\" \/><\/div><div class=\"section-mobile-img\"><img decoding=\"async\" src=\"\/vevor\/product\/KZDMZCWMBSMZ75YGX\/foldable-dog-gate-a100-2.4-m.jpg\" alt=\"VEVOR free standing dog gate, foldable white gate shown folded and extended in a cozy living room.\" \/><\/div><div class=\"section-desc\">Kai n\u0117ra naudojamas, sulankstomas \u0161uo vartus galima lengvai sulankstyti, u\u017eima minimaliai vietos spintos ar po lova. Kai reik\u0117s, ji greitai skleid\u017eiasi ir gali b\u016bti dedama \u012f norim\u0105 srit\u012f nutraukimo.<\/div><\/div><div class=\"section\"><div class=\"section-title\"><\/div><div class=\"section-img\"><img decoding=\"async\" src=\"\/vevor\/product\/KZDMZCWMBSMZ75YGX\/foldable-dog-gate-a100-2.5.jpg\" alt=\"VEVOR free standing dog gate for kitchen, bedroom, stairs, and corners. easy assembly and versatile usage.\" \/><\/div><div class=\"section-mobile-img\"><img decoding=\"async\" src=\"\/vevor\/product\/KZDMZCWMBSMZ75YGX\/foldable-dog-gate-a100-2.5-m.jpg\" alt=\"VEVOR free standing dog gate for kitchen, bedroom, stairs, and corners. easy assembly and versatile usage.\" \/><\/div><div class=\"section-desc\">Joki\u0173 sud\u0117ting\u0173 diegimo \u017eingsniai \u010dia! M\u016bs\u0173 sulankstomas vartai gali b\u016bti visi\u0161kai surinkti tik 30 sekund\u017ei\u0173. J\u016bs galite \u012fd\u0117ti j\u012f \u012fvairi\u0173 viet\u0173 \u012f j\u016bs\u0173 namus, kaip antai, virtuv\u0117 \u012f\u0117jimas, miegamojo, apa\u010dioje, prie laipt\u0173, arba kampuose, nustatyti ai\u0161kias ribas, ir j\u016bs\u0173 augintiniai.<\/div><\/div><div class=\"section\"><div class=\"section-img\"><img decoding=\"async\" src=\"\/vevor\/product\/KZDMZCWMBSMZ75YGX\/foldable-dog-gate-a100-1.11.jpg\" alt=\"VEVOR free standing dog gate, foldable white, jyw-6024 dimensions, and accessories details.\" \/><\/div><div class=\"section-mobile-img\"><img decoding=\"async\" src=\"\/vevor\/product\/KZDMZCWMBSMZ75YGX\/foldable-dog-gate-a100-1.11-m.jpg\" alt=\"VEVOR free standing dog gate, foldable white, jyw-6024 dimensions, and accessories details.\" \/><\/div><\/div><\/div><\/body><\/html><\/div>\n<div class=\"DM_at-title\" id=\"js-DM_at-title\"> <div>Produkto specifikacija<\/div> <i class=\"icon-arrowup_line\"><\/i> <\/div><div class=\"DM_at-goodsDescAttr\" id=\"js-DM_at-goodsDescAttr\"> <div class=\"DM_at-goodsDescAttrInner\"> <dl class=\"goodsDesc_item goodsDesc_item_even\"> <dt>Prek\u0117s Modelio Numeris<\/dt> <dd> JYW-6024<\/dd> <\/dl> <dl class=\"goodsDesc_item\"> <dt>Tipas<\/dt> <dd> Sulankstomas Vartai<\/dd> <\/dl> <dl class=\"goodsDesc_item goodsDesc_item_even\"> <dt>Spalva<\/dt> <dd> Balta<\/dd> <\/dl> <dl class=\"goodsDesc_item\"> <dt>I\u0161tiestos Plotis<\/dt> <dd> 60&#034; \/1530\u00b110mm<\/dd> <\/dl> <dl class=\"goodsDesc_item goodsDesc_item_even\"> <dt>Vieno Vart\u0173 Dydis (Pxa)<\/dt> <dd> 20&#034; x 24&#034; \/ 508 x 610 mm<\/dd> <\/dl> <dl class=\"goodsDesc_item\"> <dt>Vart\u0173 skai\u010dius<\/dt> <dd> 3<\/dd> <\/dl> <dl class=\"goodsDesc_item goodsDesc_item_even\"> <dt>Neto Svoris (\u012eskaitant Visus Jos Priedus)<\/dt> <dd> 8.05 svar\u0173 \/ 3.65 kg<\/dd> <\/dl> <dl class=\"goodsDesc_item\"> <dt>Gaminio Matmenys<\/dt> <dd> 60.24 x 9.65 x 24.02 \u012f \/ 1530 x 245 x 610 mm (I\u0161skleisti)<\/dd> <\/dl> <\/div> <\/div>","protected":false},"excerpt":{"rendered":"<ul>\n<li> Pra\u0161matnus ir funkcionalus dizainas: \u0161ie laisvai stovintys \u0161un\u0173 vartai i\u0161siskiria unikaliu \u0161iuolaiki\u0161ku ir stilingu dizainu. Pagamintas tvirtu med\u017eio masyvo r\u0117mu, jis suteikia puik\u0173 funkcionalum\u0105 ir skland\u017eiai \u012fsilieja \u012f j\u016bs\u0173 nam\u0173 dekor\u0105 Nesvarbu, ar j\u016bs\u0173 nam\u0173 stilius yra klasikinis, skandinavi\u0161kas ar modernus minimalistinis, \u0161ie vartai be vargo juos papildo, prid\u0117dami j\u016bs\u0173 gyvenamajai erdvei rafinuotumo ir \u0161ilumos. <\/li>\n<li> Lankstus &amp; Sulankstomas: Ne daugiau varteliai vartais! m\u016bs\u0173 greitai atlaisvinti vyriai sistema leid\u017eia jums pritaikyti plot\u012f be vargo. nesvarbu, ar jums reikia atskirai stovi namini\u0173 gyv\u016bn\u0117li\u0173 vartai pla\u010di\u0173 dur\u0173, siaur\u0173 koridori\u0173, ar net laipt\u0173, jis puikiai prisitaiko. kai nenaudojamas, jis gali b\u016bti greitai sulankstytas ir laikomas spintel\u0117se, po lova, ar bet kokia ma\u017ea vieta, neu\u017eimant savo vidaus erdv\u0119. <\/li>\n<li> Stabilus ir Tvirtas: nemokamai nuolatinis k\u016bdikio vartai yra \u012frengtos dvi anti-slip p\u0117s\u010diomis palaiko, u\u017etikrinant i\u0161skirtini\u0173 stabilumo \u012fvairi\u0173 pozicij\u0173, panaikinti susir\u016bpinim\u0105 apvirsti ir apsaugoti savo namus. Be to, ji ateina su silent p\u0117d\u0173 pagalv\u0117l\u0117s, kad apsaugoti j\u016bs\u0173 grind\u0173 ir sukurti taiki\u0105 aplink\u0105 jums ir j\u016bs\u0173 augintin\u0117, be garsiai gars\u0173. <\/li>\n<li> Lengvas montavimas: J\u016bs galite surinkti medin\u0117s \u0161un\u0173 vart\u0173 vos 30 sekund\u017ei\u0173 ir tada pad\u0117kite j\u012f bet kur j\u016bs\u0173 namuose. Nesvarbu, ar tai prie virtuv\u0117s \u012f\u0117jimo, miegamojo, apa\u010dioje laipt\u0173 ar kit\u0173 sri\u010di\u0173, j\u016bs galite lengvai nustatyti ai\u0161kias ribas savo augintiniu be vargo sud\u0117tingo diegimo proceso. <\/li>\n<li> Gaminio Matmenys: visi\u0161kai prat\u0119stas plotis m\u016bs\u0173 sulankstomas \u0161uo vartai yra 60&#034;. Vienos vartai, skydas priemones, 20&#034; Wx 24&#034;H. yra 3 plok\u0161t\u0117s i\u0161 viso. <\/li>\n<\/ul>","protected":false},"featured_media":322967,"comment_status":"closed","ping_status":"open","template":"","meta":{"om_disable_all_campaigns":false,"_monsterinsights_skip_tracking":false,"_monsterinsights_sitenote_active":false,"_monsterinsights_sitenote_note":"","_monsterinsights_sitenote_category":0,"_uf_show_specific_survey":0,"_uf_disable_surveys":false},"location":[1935,1934],"product_brand":[21],"product_cat":[3483,2457,3571,2365,2366],"product_tag":[],"class_list":{"0":"post-51497","1":"product","2":"type-product","3":"status-publish","4":"has-post-thumbnail","6":"location-supplier_stock_location","7":"location-local_stock_location","8":"product_brand-vevor","9":"product_cat-dog-gates","10":"product_cat-dog-supplies-pet-supplies-wildlife","11":"product_cat-foldable-dog-gate","12":"product_cat-outdoors","13":"product_cat-pet-supplies-wildlife","15":"first","16":"outofstock","17":"taxable","18":"shipping-taxable","19":"purchasable","20":"product-type-simple"},"aioseo_notices":[],"jetpack_sharing_enabled":true,"locations":[{"id":1935,"name":"Pieg\u0101d\u0101t\u0101ja noliktav\u0101 (5-7d.d.)","slug":"supplier_stock_location","quantity":"0"},{"id":1934,"name":"R\u012bgas veikal\u0101 (0-2d.d.)","slug":"local_stock_location","quantity":"0"}],"_links":{"self":[{"href":"https:\/\/vevorshop.lv\/lt\/wp-json\/wp\/v2\/product\/51497","targetHints":{"allow":["GET"]}}],"collection":[{"href":"https:\/\/vevorshop.lv\/lt\/wp-json\/wp\/v2\/product"}],"about":[{"href":"https:\/\/vevorshop.lv\/lt\/wp-json\/wp\/v2\/types\/product"}],"replies":[{"embeddable":true,"href":"https:\/\/vevorshop.lv\/lt\/wp-json\/wp\/v2\/comments?post=51497"}],"wp:featuredmedia":[{"embeddable":true,"href":"https:\/\/vevorshop.lv\/lt\/wp-json\/wp\/v2\/media\/322967"}],"wp:attachment":[{"href":"https:\/\/vevorshop.lv\/lt\/wp-json\/wp\/v2\/media?parent=51497"}],"wp:term":[{"taxonomy":"location","embeddable":true,"href":"https:\/\/vevorshop.lv\/lt\/wp-json\/wp\/v2\/location?post=51497"},{"taxonomy":"product_brand","embeddable":true,"href":"https:\/\/vevorshop.lv\/lt\/wp-json\/wp\/v2\/product_brand?post=51497"},{"taxonomy":"product_cat","embeddable":true,"href":"https:\/\/vevorshop.lv\/lt\/wp-json\/wp\/v2\/product_cat?post=51497"},{"taxonomy":"product_tag","embeddable":true,"href":"https:\/\/vevorshop.lv\/lt\/wp-json\/wp\/v2\/product_tag?post=51497"}],"curies":[{"name":"wp","href":"https:\/\/api.w.org\/{rel}","templated":true}]}}