{"id":51517,"date":"2024-11-19T19:43:45","date_gmt":"2024-11-19T19:43:45","guid":{"rendered":"http:\/\/vevorshop.edigo.lv\/Prece\/vevor-wall-mounted-floating-folding-table-laptop-desk-home-office-39-37x19-69-in\/"},"modified":"2026-04-20T03:03:57","modified_gmt":"2026-04-20T00:03:57","slug":"vevor-wall-mounted-floating-folding-table-laptop-desk-home-office-39-37x19-69-in","status":"publish","type":"product","link":"https:\/\/vevorshop.lv\/lt\/Prece\/vevor-sieninis-plaukiojantis-sulankstomas-stalas-nesiojamojo-kompiuterio-stalas-namu-biuras-39-37x19-69-coliu\/","title":{"rendered":"VEVOR Sieninis sulankstomas stalas 100\u00d750 cm, Plaukiojantis stalas su gele\u017einiais laikikliais, Viet\u0105 taupantis stalas namams, biurui, virtuvei \u00d7 baltas"},"content":{"rendered":"<div style=\"color: #fff!important; font-size: 16px; height: 24px; line-height: 24px; margin-top: -24px; \" class=\"product_original_name\">VEVOR sieninis sulankstomas stalas, 39,4 x 19,7 colio sieninis stalas, pl\u016bduriuojantis stalas su gele\u017einiu laikikliu, nulenkiamas stalas ma\u017eoms erdv\u0117ms, vidaus biuras, valgomasis, skalbimo kambarys, virtuv\u0117, baras, balta<\/div>\n<div style=\"color: #fff!important; font-size: 16px; height: 24px; line-height: 24px; margin-top: -24px; \" class=\"product_sku\">M4I4LVI2<\/div>\n<div style=\"color: #fff!important; font-size: 16px; height: 24px; line-height: 24px; margin-top: -24px; \" class=\"product_mpn\">BGSGZZPMBHB3UG5NNV0<\/div><div id=\"js-DM_at-goodDescRich\"><html><head><style>  body {    font-family: Arial;    line-height: 1.5;    color: #1c1c1c;    overflow-x: hidden;    margin: 0;    padding: 0;  }  .MsoNormal b {    font-weight: bolder;  }<\/style><style>  .container.small {    width: 970px;    margin: 0 auto;  }  .logo {    margin: 0 auto 0;  }  .logo img {    display: block;    margin: 0 auto;    max-width: 100%;  }  .logo .pc-banner {    display: block;    width: 1200px;    height: 247.4px;    margin: 0 auto;  }  .logo .pc-banner.small {    width: 970px;  }  .logo .pc-banner.small img {    height: auto!important;  }  .logo .m-banner {    display: none;  }  .ytvideo {    position: relative;    height: 546px;    width: 100%;    margin: 0 auto;  }  .ytvideo img {    width: 100%;    margin: 0 auto;  }  .ytvideo .play-btn {    width: 60px;    height: 42px;    position: absolute;    top: 50%;    left: 50%;    transform: translate(-50%, -50%);    background: url(\"data:image\/png;base64,iVBORw0KGgoAAAANSUhEUgAAAGQAAABGCAMAAAANWMFbAAAC+lBMVEUAAADBGB3kLCfBGB3kLCfcJC7BFx3KKSbiKybkLCbWJCPSIiLSIiLPICHAFx3kLCfgKSXNHiDZJiTIGx\/p4eHcjo7LHSDbJyTkLCbjKyfOHyHPIiL28fHJHB\/GGh7EGR7eKCXDGB3RISHlLSbBGB3AFxzGHB7DGB7BGB3hKybkKybAFx3lLCfAFxzDGR3hKibDGB7cJyTmz8\/elJTlwcHjurrUIyLlLSflLSfAFx3DGR7lLSfCFx3hKibhKibhKybjKybkLCblLSfbJSX49vbx7e3NNzjNMTLMJyjVIyLZf3\/ZQ0LaeHjx0tLgoqLkLCfCGB3HGx\/BGB3BFx3PICHCGB7WJCLOHyC\/Fxy\/Fx3lLCfQISHkLSe\/FxzbJiTBFx3FGx\/AGB7BFx3EGR7AGB3HHSDfKiXAFh3TISHYNzbhKibbJyTTIiL57e325+f039\/v2NjUV1fOHiHiqanfmprch4feKSXVIyPOICHmLibFGh\/mLSe\/Fx7XJCPeKSXXJSPNHyHaJyTGGh7lLCbmLCflLSjSIiLkLCbdKSXLHiC\/GB3KHh++Fh3lKyfoLiXcKCPkx8fYb2\/XaGfVXl3aU1LLHiDksbHgKibPICHbJyTfKSXbJyTCGB3KHSDiKybFGh7TIiL\/\/\/\/VIyPRISHIHB\/GGx\/HHB\/DGR7gKibdKCXLHiDZJiTMHiDNHyHYJSTOICHPICHWJCPcKCXXJSPjLCblLCf+\/f3NGR\/uLijzLynPGR\/IGB7WISHaIyLLGh7UAADxLynNAADRLzDbICLQAADIAAD3MCrUHSHXMTDpKSbLAADp5OTij4\/ejo\/VLy\/1LyngJSTcJCPQHx\/OHB7+\/PzaMS\/OLS\/vLijrLSjSAADaNTPwLyjkKSbNJCbYISHPHB\/KGB7WAAD7+vrn3d3aKynTKCjoLCfsKifRGh\/YAADq5+fhjo7QNDXXKCfmJyXt5+fTLzDLLi\/QKivYHRvMGBrQJCXLISPMExXLDxLaEAvkkI\/bOTfaFQ\/SCgpvLcnHAAAAmnRSTlMA+vv7+gT9Bvf9+8z8\/NSv\/Pr5+P7++vnQIBMP\/v38\/Pn348XDiCYf9OjbzcqxXVcx\/fz8+\/rj1r2poo1+fXFqX0orGP7+\/v7+\/fz8+\/r68uzn4trIxsG\/vri3p6GcmZSNbWVYUUZEPQv+\/f39+\/v7+\/v7+vr64tvV1NTTz87FtbSurqeblJKFg4B3bUY+NjL7+\/v7+\/v67t1cDo8JLQAABkRJREFUWMO0kz9rwkAYh0OIeJkum6YugUAhISCdKoj\/P4C7SMdS+gEKIhSKil10LSg4mzXkILdlEpxCpwTiWOLX6BujvQaEQuGeHLnL+\/64J+SIcKGYTYWnntpdLjrVdqvZmNdn0+EE40GtpuuWVS6Xx6N7YDSGpWXpeq02wHgynM7q80az1a52HpddtVcpsi1zFARBrdaxbhp9iUReTGmwA4KAAr7vx3EYejnCMI6hQYEgy0LQi4jUN0wL19vqFcUC9\/1dAKmEEFkWRYkh5oBejnxQJiSJPJ\/uKBp0Thszx9Mw8hMRIQjKsptCfuES9zr5WJY6vSFCIvE9fCMUmEM1A1kSXcYGxgVYsvI1IPKTZciSTI0us\/SMGG04gDzELDoFBwdcFJrF88dqgYMTiL6DILWYyfOWE8\/kIz38olCNlC03FK95+imxp6y4oUSvAnBjHHhKNtotSDqJzVFiK8c2SBqhZtsrTtgrLXwAyduxZHNE26eHUt5rtuM4WSmds3G+sUdWYo1L+XyxButoh5eKUHk5lByO3G1LqqCWVnfrv\/lyPtf\/4ps1cndNGIri8J1TJ0lx6dR\/oPjq1nbRwdp2dCk4CtIOLW3pVKRL6WZfS5vF2KkIQhpwSsjiYIgNCs1gEMGqiIq24NQX9NwoXFy8Ufrl3twTcg4fv8T9\/JBEySduj6Mjm4bMzYV7EEOxKjjoNDud7yY3Dy71Hq2oLmqfbNR723edH9PgMrNL2utoQ3VmaIDkiw\/4w51P06hlZsTZvkRrbVuSIs\/zwSOsycgzStQouoAkWQqioRT5XI7n2Z1wfVhoZmcAJLsoqjqpjbWCgpOAJXBwHK8PzWbNvoUZJND5wCnSkLAkZ1legx6vqQzjoiTahKlGUGLAiIIoABOHaNVw4sexZBym6\/HWlH5h3IC7yRbxtipcWxdTOkORKiNQAEkFf66x5S2oeRbroOlLgg0sSYkR0hRGEqJZ0jTPiQKatESdBckpWigxaapEH0lImHdWu9pUFF2XqMNM2Z4kped7IwEJw2qabwtrQqnpw6HyKkgcadKWsmpywwesDyIhYRpdzXddqegtGIJlXbAIUMOLkGxJUjRIkokwjUaX9d\/kK62ps\/tYUqZLIMkLTyBhsMZ3C5Z\/kDxOSCb\/DOs\/\/J0qcWSX\/2ipe56EgTCA4\/cB7NAYOsni4mZM1MUPAISoEwkDi4lhVBQ1cWQyIcwalw4EpqZN68JUSK7XC0kTlkLYii5uXSC8jT5ncCAS7mjCv0uHp\/3lueHEEAeQ\/\/VgmdN71\/2uCSA1Xr6DO6uI6sW56zqT2tp2PhgiRUAajV8CY2fkcz6WGNKMgLAt7tJAhD4YHMTeRxlALE6+43WqjSWi8ITxyJl8WrwWSNESQZZOqhDDntO3hJLsd5RtSpbJqdv3YrDJH3F7jL1R2O2aQkn2MyCyKYz0GPGIvSAMgBCrCEiJyKbBaYGwLW4uPRr0A0M4Ux5kUI7IBh+hMdiCEWNqhMZGyYMsOgNE58UQuEQeUnSWCMYwL54hkxK6IoqucQZbQ3pc3XtL0lky1dL0zZJJDpWJovFqpWj6JEHnyam2eQp5QRVAVHjWparTOaVwUOx99YS2MvgxIGV0bb+qIg2HX2qkFFJB+XZcbLiuRkuxD9GRroKyveLxdh4d7Orx+hb7qc3uVRuEogCOnyIxm4ubUoPgF4jianDrC+SDQDKEfJb0GUKmjCGPYHGJvVC6X4hw1\/sAfQAdfYyephIaspXe36RwOP+Ljvfx9B6B3i+Nk0DGq+oCbLn6JpBa9nWAveAIHwFAwtVcIJXPMPL8kRu5OAYPMaL1WScTxjiZDqB9LTJSWphow\/pTYKRTLjCBhvi9iBidvKcDasGSm0QQkycYuLBqj6QCELPctqChDWpTRMWkngNNpQ1Pfp1KkiT\/Y0DGffXAweUNfLAfaJFKDwhb6I+bkYRbkERoEeu3Fyjg2opMz2daZCS9jt6Q7txNfB+OZEVF6Zl5web2xunnLQrtrjXseXKaFYziYINeMFZVxS9VxRhOoesYwxPKXm+gWLG9cuFeq93UNNeJNsf1KlwuDok9n02n3TgIJpOxNfL9naIoQwXtfH9kjceTIIi709ncTg6LZbg+biLH1V6u\/7rxBem06VXKn9raAAAAAElFTkSuQmCC\")      no-repeat center center \/ contain;  }  @media screen and (max-width: 960px) and (orientation: portrait) {    .logo {      width: 100%;    }    .logo .pc-banner {      display: none;    }    .logo .m-banner {      display: block;      width: 100%;    }    .logo .m-banner img {      height: auto!important;    }    .ytvideo {      height: 200px;      width: 100%;    }  }<\/style><style>  .video-section {    width: 100%;    margin: 0 auto;  }  .video-section > img {    width: 100%;  }  .video-section iframe,  .video-section video {    width: 100%;    height: 100%;      }  .video-section-img-m,  .video-section-img-pc > img {    width: 100%;    height: auto;  }  .video-section-img-pc.small > img {    width: 970px;  }  .video-desc {    line-height: 1.5;    font-size: 20px;    font-weight: 400;    margin: 20px 0;    text-align: center;    color: #0f1111;    word-break: break-word;  }  @media screen and (max-width: 960px) and (orientation: portrait) {    .video-section {      width: 100%;    }    .video-section-pc,    .video-section-img-pc {      display: none;    }    .video-section-m,    .video-section-img-m {      display: block;    }    .video-desc {      font-size: 15px;    }  }  @media screen and (min-width: 960px) {    .video-section {      width: 100%;      margin: 0 auto;    }    .video-section-pc,    .video-section-img-pc {      display: block;    }    .video-section-m,    .video-section-img-m {      display: none;    }    .video-desc {      font-size: 20px;    }  }<\/style><style>  .section + .section {    margin-top: 35px;  }  .section-title {    text-align: center;    font-weight: bold;    color: #0d1111;    font-family: \"Arial\";    font-size: 32px;    margin: 15px 0;  }  .section-title:empty {    display: none;  }  .section-desc {    text-align: center;    font-weight: normal;    color: #0d1111;    margin-top: 20px;  }  .section-desc:empty {    display: none;  }  .section-img {    width: 1200px;    height: 492px;    margin: 0 auto;    display: block;  }  .section-img.small {    width: 970px;    height: auto;  }  .section-img.small > img {    height: auto;  }  .section-img > img {    width: 100%;    height: 100%;  }  .section-mobile-img {    display: none;    max-width: 100vw;    max-height: 75vw;    height: 450px;    margin: 0 auto;  }  .section-mobile-img > img {    width: 100%;    height: 100%;  }  @media screen and (max-width: 960px) and (orientation: portrait) {    .container {      width: 100%;    }    .container.small {      width: 100%;    }    .section-mobile-img {      display: block;    }    .section-img {      display: none;    }    .section-title {      font-size: 22px;      margin: 10px 0;    }    .section-desc {      margin-top: 10px;    }    .section + .section {      margin-top: 20px;    }  }<\/style><\/head><body><div class=\"container small\"><div class=\"logo\"><div class=\"pc-banner small\"><div><img decoding=\"async\" src=\"\/vevor\/vevor\/boutique-banner\/pc\/en-pc@1x.jpg\" style=\"width: 100%;\" \/><\/div><\/div><div class=\"m-banner\"><div><img decoding=\"async\" src=\"\/vevor\/vevor\/boutique-banner\/mobile\/en-m@1x.jpg\" style=\"width: 100%;\" \/><\/div><\/div><\/div><div class=\"section-title\">VEVOR Sienos Montuojamas Sudedamas Stalas \u2013 Erdv\u0117 Taupymo Stili\u0173, Kiekvienas Kambarys<\/div><div class=\"video-section\"><div class=\"video-section-img-pc small\"><img decoding=\"async\" src=\"\/vevor\/product\/BGSGZZPMBHB3UG5NN\/folding-table-a100-1.4-pt.jpg\" alt=\"VEVOR sienos montuojamas sudedamas stalas tvarkingai organizuotas, su \u012frankiais ir saugojimo sprendimus, idealiai tinka darbo vietoms.\" \/><\/div><div class=\"video-section-img-m\"><img decoding=\"async\" src=\"\/vevor\/product\/BGSGZZPMBHB3UG5NN\/folding-table-a100-1.4-pt.jpg\" alt=\"VEVOR sienos montuojamas sudedamas stalas tvarkingai organizuotas, su \u012frankiais ir saugojimo sprendimus, idealiai tinka darbo vietoms.\" \/><\/div><div class=\"section-desc\">\u0160is prie sienos tvirtinamas sulankstomas stalas be vargo papildo bet kuri\u0105 \u012franki\u0173 patalp\u0105 savo lengvai pritaikomu dizainu. Tai ir prakti\u0161ka, ir stilinga, maksimaliai padidinanti erdv\u0119 ir suteikianti puikius saugojimo sprendimus.<\/div><\/div><div class=\"section\"><div class=\"section-title\"><\/div><div class=\"section-img small\"><img decoding=\"async\" src=\"\/vevor\/product\/BGSGZZPMBHB3UG5NN\/folding-table-a100-2.2-pt.jpg\" alt=\"VEVOR sienos montuojamas sudedamas stalas organizuoti \u012frankiai, ne\u0161iojamas, ir br\u0117\u017eini\u0173, remti iki 110 svar\u0173.\" \/><\/div><div class=\"section-mobile-img\"><img decoding=\"async\" src=\"\/vevor\/product\/BGSGZZPMBHB3UG5NN\/folding-table-a100-2.2-pt.jpg\" alt=\"VEVOR sienos montuojamas sudedamas stalas organizuoti \u012frankiai, ne\u0161iojamas, ir br\u0117\u017eini\u0173, remti iki 110 svar\u0173.\" \/><\/div><div class=\"section-desc\">Suprojektuotas erdvus pavir\u0161iaus, \u0161ios sienos montuojamas stalo susitinka \u012fvairi\u0173 gyvenimo ir darbo poreikius. Ar kaip stalo ar darbo vietos, jis patogiai telpa papuo\u0161alai, knygos, ne\u0161iojamieji kompiuteriai, ir \u012frankiai, i\u0161laikyti viskas tvarkingai organizuotas.<\/div><\/div><div class=\"section\"><div class=\"section-title\"><\/div><div class=\"section-img small\"><img decoding=\"async\" src=\"\/vevor\/product\/BGSGZZPMBHB3UG5NN\/folding-table-a100-2.3-pt.jpg\" alt=\"VEVOR sienos montuojamas sudedamas stalas, vaikams, du kartus kra\u0161to sandarinimo, u\u017eapvalintais kampais apsaugai.\" \/><\/div><div class=\"section-mobile-img\"><img decoding=\"async\" src=\"\/vevor\/product\/BGSGZZPMBHB3UG5NN\/folding-table-a100-2.3-pt.jpg\" alt=\"VEVOR sienos montuojamas sudedamas stalas, vaikams, du kartus kra\u0161to sandarinimo, u\u017eapvalintais kampais apsaugai.\" \/><\/div><div class=\"section-desc\">Pagaminti i\u0161 auk\u0161\u010diausios kokyb\u0117s med\u017eiag\u0173 ir atitinka grie\u017etus aplinkosaugos standartus, m\u016bs\u0173 sienos, stalas, u\u017etikrina saugi\u0105 aplink\u0105 savo \u0161eimai, ypa\u010d vaikams. Tvirta konstrukcija su dual-sided dekoratyviniai sluoksniai ir tvirta core valdybos pagerina patvarum\u0105 ir estetika.<\/div><\/div><div class=\"section\"><div class=\"section-title\"><\/div><div class=\"section-img small\"><img decoding=\"async\" src=\"\/vevor\/product\/BGSGZZPMBHB3UG5NN\/folding-table-a100-2.4-pt.jpg\" alt=\"VEVOR sienos montuojamas sudedamas stalas \u012fdiegimo gidas rodo paprastas 3 \u017eingsni\u0173 proces\u0105.\" \/><\/div><div class=\"section-mobile-img\"><img decoding=\"async\" src=\"\/vevor\/product\/BGSGZZPMBHB3UG5NN\/folding-table-a100-2.4-pt.jpg\" alt=\"VEVOR sienos montuojamas sudedamas stalas \u012fdiegimo gidas rodo paprastas 3 \u017eingsni\u0173 proces\u0105.\" \/><\/div><div class=\"section-desc\">M\u016bs\u0173 slankiojo stalo yra lengva nustatyti tikslios pad\u0117ties nustatymo knyg\u0105 \u012ftrauktas. Nereikia sud\u0117ting\u0173 \u012franki\u0173 ar matavimai\u2014tiesiog klijuoti popieriaus ir \u012fdiegti be jokio vargo, suma\u017einti setup klaid\u0173.<\/div><\/div><div class=\"section\"><div class=\"section-title\"><\/div><div class=\"section-img small\"><img decoding=\"async\" src=\"\/vevor\/product\/BGSGZZPMBHB3UG5NN\/folding-table-a100-2.5-pt.jpg\" alt=\"VEVOR sienos montuojamas sudedamas stalas gara\u017ee, darbo erdv\u0117s, vonios kambarys, kosmetika, ir miegamasis stalo parametrai.\" \/><\/div><div class=\"section-mobile-img\"><img decoding=\"async\" src=\"\/vevor\/product\/BGSGZZPMBHB3UG5NN\/folding-table-a100-2.5-pt.jpg\" alt=\"VEVOR sienos montuojamas sudedamas stalas gara\u017ee, darbo erdv\u0117s, vonios kambarys, kosmetika, ir miegamasis stalo parametrai.\" \/><\/div><div class=\"section-desc\">Puikiai tinka kuriant funkcinius saugojimo be prad\u0117jimo vietos ant grind\u0173. \u0160is sieninis laikiklis stalas tinka skland\u017eiai \u012f \u012fvairias erdves, organizuojant vonios kambarys essentials&#034;, rodyti, kosmetikos, arba tarnauja kaip patogus miegamasis stalas.<\/div><\/div><div class=\"section\"><div class=\"section-img small\"><img decoding=\"async\" src=\"\/vevor\/product\/BGSGZZPMBHB3UG5NN\/folding-table-a100-1.11-pt.jpg\" alt=\"VEVOR sienos montuojamas sudedamas stalas, baltos spalvos dro\u017eli\u0173, 39.37x19.69x7.28 coli\u0173, sulankstom\u0105, su ketaus laikikliai.\" \/><\/div><div class=\"section-mobile-img\"><img decoding=\"async\" src=\"\/vevor\/product\/BGSGZZPMBHB3UG5NN\/folding-table-a100-1.11-pt.jpg\" alt=\"VEVOR sienos montuojamas sudedamas stalas, baltos spalvos dro\u017eli\u0173, 39.37x19.69x7.28 coli\u0173, sulankstom\u0105, su ketaus laikikliai.\" \/><\/div><\/div><\/div><\/body><\/html><\/div>\n<div class=\"DM_at-title\" id=\"js-DM_at-title\"> <div>Produkto specifikacija<\/div> <i class=\"icon-arrowup_line\"><\/i> <\/div><div class=\"DM_at-goodsDescAttr\" id=\"js-DM_at-goodsDescAttr\"> <div class=\"DM_at-goodsDescAttrInner\"> <dl class=\"goodsDesc_item goodsDesc_item_even\"> <dt>Prek\u0117s Modelio Numeris<\/dt> <dd> PBS-4<\/dd> <\/dl> <dl class=\"goodsDesc_item\"> <dt>Med\u017eiaga<\/dt> <dd> Dro\u017eli\u0173<\/dd> <\/dl> <dl class=\"goodsDesc_item goodsDesc_item_even\"> <dt>Dydis<\/dt> <dd> 39.37 x 19.69 \u012f\/1000 x 500 mm<\/dd> <\/dl> <dl class=\"goodsDesc_item\"> <dt>Lentos Storis<\/dt> <dd> 1\/25.4 mm<\/dd> <\/dl> <dl class=\"goodsDesc_item goodsDesc_item_even\"> <dt>Keliamoji Galia<\/dt> <dd> 110 \u00a3 \/50 kg<\/dd> <\/dl> <dl class=\"goodsDesc_item\"> <dt>Laikiklis Med\u017eiaga<\/dt> <dd> Gele\u017eies Q215<\/dd> <\/dl> <dl class=\"goodsDesc_item goodsDesc_item_even\"> <dt>Atramos Pavir\u0161iaus Apdorojimas<\/dt> <dd> Da\u017eai<\/dd> <\/dl> <dl class=\"goodsDesc_item\"> <dt>Gaminio Dydis (I\u0161skleisti)<\/dt> <dd> 39.37 x 19.69 x 7.28 \u012f\/1000 x 500 x 185 mm<\/dd> <\/dl> <dl class=\"goodsDesc_item goodsDesc_item_even\"> <dt>Produkto Svoris<\/dt> <dd> 20.28 svar\u0173\/9.2 kg<\/dd> <\/dl> <\/div> <\/div>","protected":false},"excerpt":{"rendered":"<ul>\n<li> L\u0117tas U\u017eraktas su Lankstymo: Sukurtas, siekiant sutaupyti vietos, tai sienos montuojamas sudedamas stalas susilanksto ir i\u0161siskleid\u017eia greitai, puikiai tinka ma\u017eoms erdv\u0117ms. L\u0117tai u\u017esidaran\u010dios skliaustuose keli\u0105 pigesniu ir naudojimo metu, tod\u0117l j\u012f itin patogu naudoti nedelsiant nereikia dideli\u0173 saugomos skyriuose\u2014tik atsiskleisti ir prad\u0117ti dirbti, arba demonstravimo. <\/li>\n<li> 110 lbs Didel\u0117 Keliamoji galia: Nepaisant savo kompakti\u0161ko dyd\u017eio, tai prie sienos tvirtinamas stalo telpa iki 110 lbs d\u0117l savo storio 1-coli\u0173 med\u017eiagos. Tai stabili visk\u0105 i\u0161 ma\u017e\u0173 \u012frankiai, didelis \u012frankiai, ne\u0161iojamieji kompiuteriai, ir sunki\u0173 knyg\u0173, dekoro element\u0173, u\u017etikrinant, viskas lieka pastovus. <\/li>\n<li> Lengvas Diegimas: Diegimas m\u016bs\u0173 wall mount sudedamas stalas yra v\u0117jas \u012ftraukti montavimo pad\u0117ties nustatymo popieriaus. I\u0161 anksto paruo\u0161ta montavimo pozicij\u0105 d\u0117l \u0161ablono galima greitai skyl\u0117s gr\u0119\u017eimo, u\u017etikrinant patog\u0173 diegimo proces\u0105. <\/li>\n<li> \u012ebr\u0117\u017eimams Atsparus Dizainas: Pagaminti i\u0161 auk\u0161\u010diausios kokyb\u0117s med\u017eiag\u0173, tai sienos stalas atitinka i\u0161sami\u0105 aplinkos tar\u0161os standartus. Suapvalintus kampe konstrukcija suma\u017eina galim\u0105 rizik\u0105, i\u0161 susid\u016brim\u0173, stiprinti saugum\u0105 jums ir j\u016bs\u0173 \u0161eimai. <\/li>\n<li> Universalus, Bet Vietos: nesvarbu, Ar tai tavo, gara\u017eas, dirbtuv\u0117s, \u012franki\u0173 kambarys, home office, arba virtuv\u0117je, \u0161is pl\u016bduriuojantis stalas tinka karto. Jis pad\u0117s jums, kad dauguma i\u0161 j\u016bs\u0173 erdv\u0119, i\u0161laikyti viskas organizuota ir efektyviai. <\/li>\n<\/ul>","protected":false},"featured_media":323123,"comment_status":"closed","ping_status":"open","template":"","meta":{"om_disable_all_campaigns":false,"_monsterinsights_skip_tracking":false,"_monsterinsights_sitenote_active":false,"_monsterinsights_sitenote_note":"","_monsterinsights_sitenote_category":0,"_uf_show_specific_survey":0,"_uf_disable_surveys":false},"location":[1935,1934],"product_brand":[21],"product_cat":[2630,2506,4294,3195],"product_tag":[],"class_list":{"0":"post-51517","1":"product","2":"type-product","3":"status-publish","4":"has-post-thumbnail","6":"location-supplier_stock_location","7":"location-local_stock_location","8":"product_brand-vevor","9":"product_cat-garage-storage","10":"product_cat-storage-organization-2","11":"product_cat-wall-mounted-work-table-workbenches","12":"product_cat-workbenches","14":"first","15":"instock","16":"taxable","17":"shipping-taxable","18":"purchasable","19":"product-type-simple"},"aioseo_notices":[],"jetpack_sharing_enabled":true,"locations":[{"id":1935,"name":"Pieg\u0101d\u0101t\u0101ja noliktav\u0101 (5-7d.d.)","slug":"supplier_stock_location","quantity":"3"},{"id":1934,"name":"R\u012bgas veikal\u0101 (0-2d.d.)","slug":"local_stock_location","quantity":"0"}],"_links":{"self":[{"href":"https:\/\/vevorshop.lv\/lt\/wp-json\/wp\/v2\/product\/51517","targetHints":{"allow":["GET"]}}],"collection":[{"href":"https:\/\/vevorshop.lv\/lt\/wp-json\/wp\/v2\/product"}],"about":[{"href":"https:\/\/vevorshop.lv\/lt\/wp-json\/wp\/v2\/types\/product"}],"replies":[{"embeddable":true,"href":"https:\/\/vevorshop.lv\/lt\/wp-json\/wp\/v2\/comments?post=51517"}],"wp:featuredmedia":[{"embeddable":true,"href":"https:\/\/vevorshop.lv\/lt\/wp-json\/wp\/v2\/media\/323123"}],"wp:attachment":[{"href":"https:\/\/vevorshop.lv\/lt\/wp-json\/wp\/v2\/media?parent=51517"}],"wp:term":[{"taxonomy":"location","embeddable":true,"href":"https:\/\/vevorshop.lv\/lt\/wp-json\/wp\/v2\/location?post=51517"},{"taxonomy":"product_brand","embeddable":true,"href":"https:\/\/vevorshop.lv\/lt\/wp-json\/wp\/v2\/product_brand?post=51517"},{"taxonomy":"product_cat","embeddable":true,"href":"https:\/\/vevorshop.lv\/lt\/wp-json\/wp\/v2\/product_cat?post=51517"},{"taxonomy":"product_tag","embeddable":true,"href":"https:\/\/vevorshop.lv\/lt\/wp-json\/wp\/v2\/product_tag?post=51517"}],"curies":[{"name":"wp","href":"https:\/\/api.w.org\/{rel}","templated":true}]}}