{"id":51695,"date":"2024-11-19T20:00:17","date_gmt":"2024-11-19T20:00:17","guid":{"rendered":"http:\/\/vevorshop.edigo.lv\/Prece\/vevor-exercise-mat-non-slip-yoga-mat-gym-fitness-pilate-workout-mat-9x6ft\/"},"modified":"2026-04-28T05:09:17","modified_gmt":"2026-04-28T02:09:17","slug":"vevor-exercise-mat-non-slip-yoga-mat-gym-fitness-pilate-workout-mat-9x6ft","status":"publish","type":"product","link":"https:\/\/vevorshop.lv\/lt\/Prece\/vevor-exercise-mat-non-slip-yoga-mat-gym-fitness-pilate-workout-mat-9x6ft\/","title":{"rendered":"VEVOR 274&#215;183 cm Non-Slip High-Density PVC Exercise Yoga Mat with Bag &amp; Strap for Home Gym, Pilates &amp; Floor Workouts"},"content":{"rendered":"<div style=\"color: #fff!important; font-size: 16px; height: 24px; line-height: 24px; margin-top: -24px; \" class=\"product_original_name\">VEVOR Exercise Mat, Non Slip High Density Premium Yoga Mat, Exercise Yoga Mat for Men & Women, Fitness & Exercise Mat with Bag & Carry Strap, for All Types of Home Yoga, Pilate & Floor Workout (9x6ft)<\/div>\n<div style=\"color: #fff!important; font-size: 16px; height: 24px; line-height: 24px; margin-top: -24px; \" class=\"product_sku\">M4I4LW67<\/div>\n<div style=\"color: #fff!important; font-size: 16px; height: 24px; line-height: 24px; margin-top: -24px; \" class=\"product_mpn\">DXYJD6YC9YC0WPD6YV0<\/div><div id=\"js-DM_at-goodDescRich\"><html><head><style>  body {    font-family: Arial;    line-height: 1.5;    color: #1c1c1c;    overflow-x: hidden;    margin: 0;    padding: 0;  }  .MsoNormal b {    font-weight: bolder;  }<\/style><style>  .container.small {    width: 970px;    margin: 0 auto;  }  .logo {    margin: 0 auto 0;  }  .logo img {    display: block;    margin: 0 auto;    max-width: 100%;  }  .logo .pc-banner {    display: block;    width: 1200px;    height: 247.4px;    margin: 0 auto;  }  .logo .pc-banner.small {    width: 970px;  }  .logo .pc-banner.small img {    height: auto!important;  }  .logo .m-banner {    display: none;  }  .ytvideo {    position: relative;    height: 546px;    width: 100%;    margin: 0 auto;  }  .ytvideo img {    width: 100%;    margin: 0 auto;  }  .ytvideo .play-btn {    width: 60px;    height: 42px;    position: absolute;    top: 50%;    left: 50%;    transform: translate(-50%, -50%);    background: url(\"data:image\/png;base64,iVBORw0KGgoAAAANSUhEUgAAAGQAAABGCAMAAAANWMFbAAAC+lBMVEUAAADBGB3kLCfBGB3kLCfcJC7BFx3KKSbiKybkLCbWJCPSIiLSIiLPICHAFx3kLCfgKSXNHiDZJiTIGx\/p4eHcjo7LHSDbJyTkLCbjKyfOHyHPIiL28fHJHB\/GGh7EGR7eKCXDGB3RISHlLSbBGB3AFxzGHB7DGB7BGB3hKybkKybAFx3lLCfAFxzDGR3hKibDGB7cJyTmz8\/elJTlwcHjurrUIyLlLSflLSfAFx3DGR7lLSfCFx3hKibhKibhKybjKybkLCblLSfbJSX49vbx7e3NNzjNMTLMJyjVIyLZf3\/ZQ0LaeHjx0tLgoqLkLCfCGB3HGx\/BGB3BFx3PICHCGB7WJCLOHyC\/Fxy\/Fx3lLCfQISHkLSe\/FxzbJiTBFx3FGx\/AGB7BFx3EGR7AGB3HHSDfKiXAFh3TISHYNzbhKibbJyTTIiL57e325+f039\/v2NjUV1fOHiHiqanfmprch4feKSXVIyPOICHmLibFGh\/mLSe\/Fx7XJCPeKSXXJSPNHyHaJyTGGh7lLCbmLCflLSjSIiLkLCbdKSXLHiC\/GB3KHh++Fh3lKyfoLiXcKCPkx8fYb2\/XaGfVXl3aU1LLHiDksbHgKibPICHbJyTfKSXbJyTCGB3KHSDiKybFGh7TIiL\/\/\/\/VIyPRISHIHB\/GGx\/HHB\/DGR7gKibdKCXLHiDZJiTMHiDNHyHYJSTOICHPICHWJCPcKCXXJSPjLCblLCf+\/f3NGR\/uLijzLynPGR\/IGB7WISHaIyLLGh7UAADxLynNAADRLzDbICLQAADIAAD3MCrUHSHXMTDpKSbLAADp5OTij4\/ejo\/VLy\/1LyngJSTcJCPQHx\/OHB7+\/PzaMS\/OLS\/vLijrLSjSAADaNTPwLyjkKSbNJCbYISHPHB\/KGB7WAAD7+vrn3d3aKynTKCjoLCfsKifRGh\/YAADq5+fhjo7QNDXXKCfmJyXt5+fTLzDLLi\/QKivYHRvMGBrQJCXLISPMExXLDxLaEAvkkI\/bOTfaFQ\/SCgpvLcnHAAAAmnRSTlMA+vv7+gT9Bvf9+8z8\/NSv\/Pr5+P7++vnQIBMP\/v38\/Pn348XDiCYf9OjbzcqxXVcx\/fz8+\/rj1r2poo1+fXFqX0orGP7+\/v7+\/fz8+\/r68uzn4trIxsG\/vri3p6GcmZSNbWVYUUZEPQv+\/f39+\/v7+\/v7+vr64tvV1NTTz87FtbSurqeblJKFg4B3bUY+NjL7+\/v7+\/v67t1cDo8JLQAABkRJREFUWMO0kz9rwkAYh0OIeJkum6YugUAhISCdKoj\/P4C7SMdS+gEKIhSKil10LSg4mzXkILdlEpxCpwTiWOLX6BujvQaEQuGeHLnL+\/64J+SIcKGYTYWnntpdLjrVdqvZmNdn0+EE40GtpuuWVS6Xx6N7YDSGpWXpeq02wHgynM7q80az1a52HpddtVcpsi1zFARBrdaxbhp9iUReTGmwA4KAAr7vx3EYejnCMI6hQYEgy0LQi4jUN0wL19vqFcUC9\/1dAKmEEFkWRYkh5oBejnxQJiSJPJ\/uKBp0Thszx9Mw8hMRIQjKsptCfuES9zr5WJY6vSFCIvE9fCMUmEM1A1kSXcYGxgVYsvI1IPKTZciSTI0us\/SMGG04gDzELDoFBwdcFJrF88dqgYMTiL6DILWYyfOWE8\/kIz38olCNlC03FK95+imxp6y4oUSvAnBjHHhKNtotSDqJzVFiK8c2SBqhZtsrTtgrLXwAyduxZHNE26eHUt5rtuM4WSmds3G+sUdWYo1L+XyxButoh5eKUHk5lByO3G1LqqCWVnfrv\/lyPtf\/4ps1cndNGIri8J1TJ0lx6dR\/oPjq1nbRwdp2dCk4CtIOLW3pVKRL6WZfS5vF2KkIQhpwSsjiYIgNCs1gEMGqiIq24NQX9NwoXFy8Ufrl3twTcg4fv8T9\/JBEySduj6Mjm4bMzYV7EEOxKjjoNDud7yY3Dy71Hq2oLmqfbNR723edH9PgMrNL2utoQ3VmaIDkiw\/4w51P06hlZsTZvkRrbVuSIs\/zwSOsycgzStQouoAkWQqioRT5XI7n2Z1wfVhoZmcAJLsoqjqpjbWCgpOAJXBwHK8PzWbNvoUZJND5wCnSkLAkZ1legx6vqQzjoiTahKlGUGLAiIIoABOHaNVw4sexZBym6\/HWlH5h3IC7yRbxtipcWxdTOkORKiNQAEkFf66x5S2oeRbroOlLgg0sSYkR0hRGEqJZ0jTPiQKatESdBckpWigxaapEH0lImHdWu9pUFF2XqMNM2Z4kped7IwEJw2qabwtrQqnpw6HyKkgcadKWsmpywwesDyIhYRpdzXddqegtGIJlXbAIUMOLkGxJUjRIkokwjUaX9d\/kK62ps\/tYUqZLIMkLTyBhsMZ3C5Z\/kDxOSCb\/DOs\/\/J0qcWSX\/2ipe56EgTCA4\/cB7NAYOsni4mZM1MUPAISoEwkDi4lhVBQ1cWQyIcwalw4EpqZN68JUSK7XC0kTlkLYii5uXSC8jT5ncCAS7mjCv0uHp\/3lueHEEAeQ\/\/VgmdN71\/2uCSA1Xr6DO6uI6sW56zqT2tp2PhgiRUAajV8CY2fkcz6WGNKMgLAt7tJAhD4YHMTeRxlALE6+43WqjSWi8ITxyJl8WrwWSNESQZZOqhDDntO3hJLsd5RtSpbJqdv3YrDJH3F7jL1R2O2aQkn2MyCyKYz0GPGIvSAMgBCrCEiJyKbBaYGwLW4uPRr0A0M4Ux5kUI7IBh+hMdiCEWNqhMZGyYMsOgNE58UQuEQeUnSWCMYwL54hkxK6IoqucQZbQ3pc3XtL0lky1dL0zZJJDpWJovFqpWj6JEHnyam2eQp5QRVAVHjWparTOaVwUOx99YS2MvgxIGV0bb+qIg2HX2qkFFJB+XZcbLiuRkuxD9GRroKyveLxdh4d7Orx+hb7qc3uVRuEogCOnyIxm4ubUoPgF4jianDrC+SDQDKEfJb0GUKmjCGPYHGJvVC6X4hw1\/sAfQAdfYyephIaspXe36RwOP+Ljvfx9B6B3i+Nk0DGq+oCbLn6JpBa9nWAveAIHwFAwtVcIJXPMPL8kRu5OAYPMaL1WScTxjiZDqB9LTJSWphow\/pTYKRTLjCBhvi9iBidvKcDasGSm0QQkycYuLBqj6QCELPctqChDWpTRMWkngNNpQ1Pfp1KkiT\/Y0DGffXAweUNfLAfaJFKDwhb6I+bkYRbkERoEeu3Fyjg2opMz2daZCS9jt6Q7txNfB+OZEVF6Zl5web2xunnLQrtrjXseXKaFYziYINeMFZVxS9VxRhOoesYwxPKXm+gWLG9cuFeq93UNNeJNsf1KlwuDok9n02n3TgIJpOxNfL9naIoQwXtfH9kjceTIIi709ncTg6LZbg+biLH1V6u\/7rxBem06VXKn9raAAAAAElFTkSuQmCC\")      no-repeat center center \/ contain;  }  @media screen and (max-width: 960px) and (orientation: portrait) {    .logo {      width: 100%;    }    .logo .pc-banner {      display: none;    }    .logo .m-banner {      display: block;      width: 100%;    }    .logo .m-banner img {      height: auto!important;    }    .ytvideo {      height: 200px;      width: 100%;    }  }<\/style><style>  .video-section {    width: 100%;    margin: 0 auto;  }  .video-section > img {    width: 100%;  }  .video-section iframe,  .video-section video {    width: 100%;    height: 100%;      }  .video-section-img-m,  .video-section-img-pc > img {    width: 100%;    height: auto;  }  .video-section-img-pc.small > img {    width: 970px;  }  .video-desc {    line-height: 1.5;    font-size: 20px;    font-weight: 400;    margin: 20px 0;    text-align: center;    color: #0f1111;    word-break: break-word;  }  @media screen and (max-width: 960px) and (orientation: portrait) {    .video-section {      width: 100%;    }    .video-section-pc,    .video-section-img-pc {      display: none;    }    .video-section-m,    .video-section-img-m {      display: block;    }    .video-desc {      font-size: 15px;    }  }  @media screen and (min-width: 960px) {    .video-section {      width: 100%;      margin: 0 auto;    }    .video-section-pc,    .video-section-img-pc {      display: block;    }    .video-section-m,    .video-section-img-m {      display: none;    }    .video-desc {      font-size: 20px;    }  }<\/style><style>  .section + .section {    margin-top: 35px;  }  .section-title {    text-align: center;    font-weight: bold;    color: #0d1111;    font-family: \"Arial\";    font-size: 32px;    margin: 15px 0;  }  .section-title:empty {    display: none;  }  .section-desc {    text-align: center;    font-weight: normal;    color: #0d1111;    margin-top: 20px;  }  .section-desc:empty {    display: none;  }  .section-img {    width: 1200px;    height: 492px;    margin: 0 auto;    display: block;  }  .section-img.small {    width: 970px;    height: auto;  }  .section-img.small > img {    height: auto;  }  .section-img > img {    width: 100%;    height: 100%;  }  .section-mobile-img {    display: none;    max-width: 100vw;    max-height: 75vw;    height: 450px;    margin: 0 auto;  }  .section-mobile-img > img {    width: 100%;    height: 100%;  }  @media screen and (max-width: 960px) and (orientation: portrait) {    .container {      width: 100%;    }    .container.small {      width: 100%;    }    .section-mobile-img {      display: block;    }    .section-img {      display: none;    }    .section-title {      font-size: 22px;      margin: 10px 0;    }    .section-desc {      margin-top: 10px;    }    .section + .section {      margin-top: 20px;    }  }<\/style><\/head><body><div class=\"container small\"><div class=\"logo\"><div class=\"pc-banner small\"><div><img decoding=\"async\" src=\"\/vevor\/vevor\/boutique-banner\/pc\/en-pc@1x.jpg\" style=\"width: 100%;\" \/><\/div><\/div><div class=\"m-banner\"><div><img decoding=\"async\" src=\"\/vevor\/vevor\/boutique-banner\/mobile\/en-m@1x.jpg\" style=\"width: 100%;\" \/><\/div><\/div><\/div><div class=\"section-title\">Mank\u0161tos Kilim\u0117lis: Sukurti Savo Profesin\u0117s Nam\u0173 Treniruokli\u0173 Sal\u0117!<\/div><div class=\"video-section\"><div class=\"video-section-img-pc small\"><img decoding=\"async\" src=\"\/vevor\/product\/DXYJD6YC9YC0WPD6Y\/exercise-mat-a100-1.4-pt.jpg\" alt=\"VEVOR 9x6ft didelis mank\u0161tos kilim\u0117lis, atsparus vandeniui, neslid\u017eios, d\u0117v\u0117ti, atsparus, lengvas, skirtas nam\u0173 treniruotes.\" \/><\/div><div class=\"video-section-img-m\"><img decoding=\"async\" src=\"\/vevor\/product\/DXYJD6YC9YC0WPD6Y\/exercise-mat-a100-1.4-pt.jpg\" alt=\"VEVOR 9x6ft didelis mank\u0161tos kilim\u0117lis, atsparus vandeniui, neslid\u017eios, d\u0117v\u0117ti, atsparus, lengvas, skirtas nam\u0173 treniruotes.\" \/><\/div><div class=\"section-desc\">Naudotis jogos kilim\u0117lis yra didelis dizaino, kei\u010dia savo kambar\u012f, \u012f profesionalaus sporto sal\u0117 sekund\u017ei\u0173, tinka vis\u0173 tip\u0173 didelio intensyvumo treniruotes.<\/div><\/div><div class=\"section\"><div class=\"section-title\"><\/div><div class=\"section-img small\"><img decoding=\"async\" src=\"\/vevor\/product\/DXYJD6YC9YC0WPD6Y\/exercise-mat-a100-2.2-pt.jpg\" alt=\"neslid\u016bs VEVOR mank\u0161tos kilim\u0117lis su d\u0117v\u0117jimuisi atsparios, elastingos, ir anti-slip sluoksniai, skirti ilgam naudojimui.\" \/><\/div><div class=\"section-mobile-img\"><img decoding=\"async\" src=\"\/vevor\/product\/DXYJD6YC9YC0WPD6Y\/exercise-mat-a100-2.2-pt.jpg\" alt=\"neslid\u016bs VEVOR mank\u0161tos kilim\u0117lis su d\u0117v\u0117jimuisi atsparios, elastingos, ir anti-slip sluoksniai, skirti ilgam naudojimui.\" \/><\/div><div class=\"section-desc\">Pagaminti i\u0161 didelio tankio PVC med\u017eiagos, fitneso ir mank\u0161ta kilim\u0117lis yra anti-slydimui, dilimui ir labai a\u0161ara atsparios, \u017eymiai prat\u0119sti savo gyvenim\u0105.<\/div><\/div><div class=\"section\"><div class=\"section-title\"><\/div><div class=\"section-img small\"><img decoding=\"async\" src=\"\/vevor\/product\/DXYJD6YC9YC0WPD6Y\/exercise-mat-a100-2.3-pt.jpg\" alt=\"moteris naudojasi apie VEVOR mank\u0161tos kilim\u0117lis gyvenamasis kambarys, pabr\u0117\u017eiant jo sm\u016bgio absorbcija ir kelio apsaugos.\" \/><\/div><div class=\"section-mobile-img\"><img decoding=\"async\" src=\"\/vevor\/product\/DXYJD6YC9YC0WPD6Y\/exercise-mat-a100-2.3-pt.jpg\" alt=\"moteris naudojasi apie VEVOR mank\u0161tos kilim\u0117lis gyvenamasis kambarys, pabr\u0117\u017eiant jo sm\u016bgio absorbcija ir kelio apsaugos.\" \/><\/div><div class=\"section-desc\">Storio kilim\u0117lis suteikia puiki\u0105 pagalv\u0117le, mink\u0161tas ir lengvai at\u0161oka, apsaugoti savo k\u016bno s\u0105narius nuo traum\u0173.<\/div><\/div><div class=\"section\"><div class=\"section-title\"><\/div><div class=\"section-img small\"><img decoding=\"async\" src=\"\/vevor\/product\/DXYJD6YC9YC0WPD6Y\/exercise-mat-a100-2.4-pt.jpg\" alt=\"valcavimo iki VEVOR mank\u0161tos kilim\u0117lis, ant medini\u0173 grind\u0173, priemoni\u0173, kad gera, ro, ir parduotuv\u0117, patogus naudoti.\" \/><\/div><div class=\"section-mobile-img\"><img decoding=\"async\" src=\"\/vevor\/product\/DXYJD6YC9YC0WPD6Y\/exercise-mat-a100-2.4-pt.jpg\" alt=\"valcavimo iki VEVOR mank\u0161tos kilim\u0117lis, ant medini\u0173 grind\u0173, priemoni\u0173, kad gera, ro, ir parduotuv\u0117, patogus naudoti.\" \/><\/div><div class=\"section-desc\">Ateina su pluo\u0161to rank\u0161luost\u012f, ne\u0161iojimo dir\u017eelis ir laikymo mai\u0161elis, tod\u0117l m\u016bs\u0173 mank\u0161tos kilim\u0117lis lengva valyti, patogu ir lengva saugoti.<\/div><\/div><div class=\"section\"><div class=\"section-title\"><\/div><div class=\"section-img small\"><img decoding=\"async\" src=\"\/vevor\/product\/DXYJD6YC9YC0WPD6Y\/exercise-mat-a100-2.5-pt.jpg\" alt=\"VEVOR mank\u0161tos kilim\u0117lis \u012fvairioms reikm\u0117ms: \u017eaisti mat, grind\u0173 kilim\u0117lis, \u012franga motina ir mank\u0161tos kilim\u0117lis.\" \/><\/div><div class=\"section-mobile-img\"><img decoding=\"async\" src=\"\/vevor\/product\/DXYJD6YC9YC0WPD6Y\/exercise-mat-a100-2.5-pt.jpg\" alt=\"VEVOR mank\u0161tos kilim\u0117lis \u012fvairioms reikm\u0117ms: \u017eaisti mat, grind\u0173 kilim\u0117lis, \u012franga motina ir mank\u0161tos kilim\u0117lis.\" \/><\/div><div class=\"section-desc\">Gali ne tik \u0161i priemoka jogos kilim\u0117lis b\u016bti naudojama kaip pratyb\u0173 motina, bet taip pat, kaip \u017eaisti mat, \u012franga motina, ir daugiau.<\/div><\/div><div class=\"section\"><div class=\"section-img small\"><img decoding=\"async\" src=\"\/vevor\/product\/DXYJD6YC9YC0WPD6Y\/exercise-mat-a100-1.11-pt.jpg\" alt=\"palyginti diagramos VEVOR mank\u0161tos kilim\u0117lis \u012fvairi\u0173 dyd\u017ei\u0173, svori\u0173, tinkamos talpos, dalys ir priedai.\" \/><\/div><div class=\"section-mobile-img\"><img decoding=\"async\" src=\"\/vevor\/product\/DXYJD6YC9YC0WPD6Y\/exercise-mat-a100-1.11-pt.jpg\" alt=\"palyginti diagramos VEVOR mank\u0161tos kilim\u0117lis \u012fvairi\u0173 dyd\u017ei\u0173, svori\u0173, tinkamos talpos, dalys ir priedai.\" \/><\/div><\/div><\/div><\/body><\/html><\/div>\n<div class=\"DM_at-title\" id=\"js-DM_at-title\"> <div>Produkto specifikacija<\/div> <i class=\"icon-arrowup_line\"><\/i> <\/div><div class=\"DM_at-goodsDescAttr\" id=\"js-DM_at-goodsDescAttr\"> <div class=\"DM_at-goodsDescAttrInner\"> <dl class=\"goodsDesc_item goodsDesc_item_even\"> <dt>Prek\u0117s Modelio Numeris<\/dt> <dd> YJ-9-6<\/dd> <\/dl> <dl class=\"goodsDesc_item\"> <dt>Pagrindin\u0117 Med\u017eiaga<\/dt> <dd> PVC<\/dd> <\/dl> <dl class=\"goodsDesc_item goodsDesc_item_even\"> <dt>Tinka<\/dt> <dd> 2-3 \u017emoni\u0173<\/dd> <\/dl> <dl class=\"goodsDesc_item\"> <dt>Neto Svoris<\/dt> <dd> 32 lbs \/ 14.5 kg<\/dd> <\/dl> <dl class=\"goodsDesc_item goodsDesc_item_even\"> <dt>Dydis<\/dt> <dd> 9x6 ft \/ 2750x1830 mm<\/dd> <\/dl> <\/div> <\/div>","protected":false},"excerpt":{"rendered":"<ul>\n<li> Profesin\u0117s Nam\u0173 sporto Sal\u0117: pratyb\u0173 kilim\u0117lis yra didelis 9x6ft dizaino, tinkamas 2-3 \u017emoni\u0173. Tiesiog i\u0161vynioti u\u017euolaid\u0105 ir pasklido motina paversti bet kur\u012f kambar\u012f j\u016bs\u0173 namuose \u012f profesionalus nam\u0173 treniruokli\u0173 sal\u0117. J\u016bs galite atlikti joga, HIIT, aerobika, \u0161oki\u0173 treniruotes, \u012fskaitant P90x, Insanity, T25, Zumba, TRX, kettlebell pratimai, \u0161okdyn\u0117, ir \u012fvairius kitus pratimus. <\/li>\n<li> Anti-slydimo ir Patvarus: pratyb\u0173 jogos kilim\u0117lis pagamintas i\u0161 didelio tankio PVC med\u017eiagos, sv\u0117rimo 2800g\/\u33a1. Jo pavir\u0161ius yra neslystantis ir d\u0117v\u0117ti, atsparus, u\u017etikrinant, kad jis i\u0161lieka nepakit\u0119s net ir po ilgalaikio naudojimo. Tankus apskrito tekst\u016bros ant dugno suteikia ypating\u0173 sukibim\u0105, stabilum\u0105, u\u017ekirsti keli\u0105 mat nuo slydimo ir pad\u0117ti jums i\u0161vengti kritimo per treniruotes. <\/li>\n<li> Apsaugo J\u016bs\u0173 Grindis ir S\u0105nari\u0173: \u012e 0.28&#034;\/7mm storio mank\u0161tos kilim\u0117lis efektyviai apsaugo j\u016bs\u0173 kilim\u0173 arba kietmed\u017eio grindis nuo \u012fbr\u0117\u017eim\u0173. Didelio tankio, storio kilim\u0117lis suteikia puiki\u0105 pagalv\u0117le, derinant param\u0105 ir mink\u0161tum\u0105, siekiant apsaugoti j\u016bs\u0173 s\u0105narius nuo traum\u0173 kr\u016bvio metu. <\/li>\n<li> Lengva Valyti ir Laikyti: storas jogos kilim\u0117lis yra mink\u0161tas, labai absorbentas pluo\u0161to rank\u0161luost\u012f, laikymo krep\u0161ys, 3 juost\u0173. Po kiekvieno naudojimo, tai lengva valyti ir nuvalykite \u017eemyn motina, sukite j\u012f saugoti ir transportuoti patogiai. <\/li>\n<li> Tinka \u012fvairiems tikslams: M\u016bs\u0173 fitneso ir mank\u0161tos kilim\u0117lis tinka vis\u0173 tip\u0173 grindims, \u012fskaitant kilimus, plyteles ar medines grindis gyvenamosiose patalpose ar miegamuosiuose, taip pat betonines grindis gara\u017euose, terasose ar r\u016bsiuose. Jis gali b\u016bti naudojamas kaip \u017eaidim\u0173 kilim\u0117lis, grind\u0173 kilim\u0117lis, \u012frangos kilim\u0117lis arba mank\u0161tos kilim\u0117lis. <\/li>\n<\/ul>","protected":false},"featured_media":323830,"comment_status":"closed","ping_status":"open","template":"","meta":{"om_disable_all_campaigns":false,"_uf_show_specific_survey":0,"_uf_disable_surveys":false},"location":[1935,1934],"product_brand":[21],"product_cat":[2378,2590,4287],"product_tag":[],"class_list":{"0":"post-51695","1":"product","2":"type-product","3":"status-publish","4":"has-post-thumbnail","6":"location-supplier_stock_location","7":"location-local_stock_location","8":"product_brand-vevor","9":"product_cat-sports-outdoors","10":"product_cat-yoga-equipment-sports-outdoors","11":"product_cat-yoga-mat","13":"first","14":"instock","15":"taxable","16":"shipping-taxable","17":"purchasable","18":"product-type-simple"},"aioseo_notices":[],"locations":[{"id":1935,"name":"Pieg\u0101d\u0101t\u0101ja noliktav\u0101 (5-7d.d.)","slug":"supplier_stock_location","quantity":"13"},{"id":1934,"name":"R\u012bgas veikal\u0101 (0-2d.d.)","slug":"local_stock_location","quantity":"0"}],"_links":{"self":[{"href":"https:\/\/vevorshop.lv\/lt\/wp-json\/wp\/v2\/product\/51695","targetHints":{"allow":["GET"]}}],"collection":[{"href":"https:\/\/vevorshop.lv\/lt\/wp-json\/wp\/v2\/product"}],"about":[{"href":"https:\/\/vevorshop.lv\/lt\/wp-json\/wp\/v2\/types\/product"}],"replies":[{"embeddable":true,"href":"https:\/\/vevorshop.lv\/lt\/wp-json\/wp\/v2\/comments?post=51695"}],"wp:featuredmedia":[{"embeddable":true,"href":"https:\/\/vevorshop.lv\/lt\/wp-json\/wp\/v2\/media\/323830"}],"wp:attachment":[{"href":"https:\/\/vevorshop.lv\/lt\/wp-json\/wp\/v2\/media?parent=51695"}],"wp:term":[{"taxonomy":"location","embeddable":true,"href":"https:\/\/vevorshop.lv\/lt\/wp-json\/wp\/v2\/location?post=51695"},{"taxonomy":"product_brand","embeddable":true,"href":"https:\/\/vevorshop.lv\/lt\/wp-json\/wp\/v2\/product_brand?post=51695"},{"taxonomy":"product_cat","embeddable":true,"href":"https:\/\/vevorshop.lv\/lt\/wp-json\/wp\/v2\/product_cat?post=51695"},{"taxonomy":"product_tag","embeddable":true,"href":"https:\/\/vevorshop.lv\/lt\/wp-json\/wp\/v2\/product_tag?post=51695"}],"curies":[{"name":"wp","href":"https:\/\/api.w.org\/{rel}","templated":true}]}}