{"id":51792,"date":"2024-11-19T20:13:44","date_gmt":"2024-11-19T20:13:44","guid":{"rendered":"http:\/\/vevorshop.edigo.lv\/Prece\/vevor-swing-sets-for-backyard-6-in-1-swing-set-440lbs-capacity-metal-swingset\/"},"modified":"2026-04-05T16:43:53","modified_gmt":"2026-04-05T13:43:53","slug":"vevor-swing-sets-for-backyard-6-in-1-swing-set-440lbs-capacity-metal-swingset","status":"publish","type":"product","link":"https:\/\/vevorshop.lv\/lt\/Prece\/vevor-supynes-rinkiniai-kieme-6-in-1-supynes-rinkinys-440lbs-talpos-metalinis-supynes-rinkinys\/","title":{"rendered":"VEVOR 6-in-1 metalin\u0117s s\u016bpyn\u0117s vaikams, iki 200 kg, su s\u016bpyn\u0117mis, trapecija, kop\u0117\u010diomis, tinklu ir krep\u0161inio lanku, 3\u201312 met\u0173"},"content":{"rendered":"<div style=\"color: #fff!important; font-size: 16px; height: 24px; line-height: 24px; margin-top: -24px; \" class=\"product_original_name\">VEVOR s\u016bpyni\u0173 rinkiniai kiemui, 6 in 1 s\u016bpyni\u0173 rinkinys su 2 s\u016bpyn\u0117mis, trapecijos juosta, laipiojimo kop\u0117\u010diomis, laipiojimo tinklu ir krep\u0161inio lanku, 440 svar\u0173 talpos didel\u0117s apkrovos metalinis s\u016bpyn\u0117s lauko vaikams 3+ met\u0173 am\u017eiaus<\/div>\n<div style=\"color: #fff!important; font-size: 16px; height: 24px; line-height: 24px; margin-top: -24px; \" class=\"product_sku\">M4I4LWPN<\/div>\n<div style=\"color: #fff!important; font-size: 16px; height: 24px; line-height: 24px; margin-top: -24px; \" class=\"product_mpn\">AXQQTZ4RW000I4JXOV0<\/div><div id=\"js-DM_at-goodDescRich\"><html><head><style>  body {    font-family: Arial;    line-height: 1.5;    color: #1c1c1c;    overflow-x: hidden;    margin: 0;    padding: 0;  }  .MsoNormal b {    font-weight: bolder;  }<\/style><style>  .container.small {    width: 970px;    margin: 0 auto;  }  .logo {    margin: 0 auto 0;  }  .logo img {    display: block;    margin: 0 auto;    max-width: 100%;  }  .logo .pc-banner {    display: block;    width: 1200px;    height: 247.4px;    margin: 0 auto;  }  .logo .pc-banner.small {    width: 970px;  }  .logo .pc-banner.small img {    height: auto!important;  }  .logo .m-banner {    display: none;  }  .ytvideo {    position: relative;    height: 546px;    width: 100%;    margin: 0 auto;  }  .ytvideo img {    width: 100%;    margin: 0 auto;  }  .ytvideo .play-btn {    width: 60px;    height: 42px;    position: absolute;    top: 50%;    left: 50%;    transform: translate(-50%, -50%);    background: url(\"data:image\/png;base64,iVBORw0KGgoAAAANSUhEUgAAAGQAAABGCAMAAAANWMFbAAAC+lBMVEUAAADBGB3kLCfBGB3kLCfcJC7BFx3KKSbiKybkLCbWJCPSIiLSIiLPICHAFx3kLCfgKSXNHiDZJiTIGx\/p4eHcjo7LHSDbJyTkLCbjKyfOHyHPIiL28fHJHB\/GGh7EGR7eKCXDGB3RISHlLSbBGB3AFxzGHB7DGB7BGB3hKybkKybAFx3lLCfAFxzDGR3hKibDGB7cJyTmz8\/elJTlwcHjurrUIyLlLSflLSfAFx3DGR7lLSfCFx3hKibhKibhKybjKybkLCblLSfbJSX49vbx7e3NNzjNMTLMJyjVIyLZf3\/ZQ0LaeHjx0tLgoqLkLCfCGB3HGx\/BGB3BFx3PICHCGB7WJCLOHyC\/Fxy\/Fx3lLCfQISHkLSe\/FxzbJiTBFx3FGx\/AGB7BFx3EGR7AGB3HHSDfKiXAFh3TISHYNzbhKibbJyTTIiL57e325+f039\/v2NjUV1fOHiHiqanfmprch4feKSXVIyPOICHmLibFGh\/mLSe\/Fx7XJCPeKSXXJSPNHyHaJyTGGh7lLCbmLCflLSjSIiLkLCbdKSXLHiC\/GB3KHh++Fh3lKyfoLiXcKCPkx8fYb2\/XaGfVXl3aU1LLHiDksbHgKibPICHbJyTfKSXbJyTCGB3KHSDiKybFGh7TIiL\/\/\/\/VIyPRISHIHB\/GGx\/HHB\/DGR7gKibdKCXLHiDZJiTMHiDNHyHYJSTOICHPICHWJCPcKCXXJSPjLCblLCf+\/f3NGR\/uLijzLynPGR\/IGB7WISHaIyLLGh7UAADxLynNAADRLzDbICLQAADIAAD3MCrUHSHXMTDpKSbLAADp5OTij4\/ejo\/VLy\/1LyngJSTcJCPQHx\/OHB7+\/PzaMS\/OLS\/vLijrLSjSAADaNTPwLyjkKSbNJCbYISHPHB\/KGB7WAAD7+vrn3d3aKynTKCjoLCfsKifRGh\/YAADq5+fhjo7QNDXXKCfmJyXt5+fTLzDLLi\/QKivYHRvMGBrQJCXLISPMExXLDxLaEAvkkI\/bOTfaFQ\/SCgpvLcnHAAAAmnRSTlMA+vv7+gT9Bvf9+8z8\/NSv\/Pr5+P7++vnQIBMP\/v38\/Pn348XDiCYf9OjbzcqxXVcx\/fz8+\/rj1r2poo1+fXFqX0orGP7+\/v7+\/fz8+\/r68uzn4trIxsG\/vri3p6GcmZSNbWVYUUZEPQv+\/f39+\/v7+\/v7+vr64tvV1NTTz87FtbSurqeblJKFg4B3bUY+NjL7+\/v7+\/v67t1cDo8JLQAABkRJREFUWMO0kz9rwkAYh0OIeJkum6YugUAhISCdKoj\/P4C7SMdS+gEKIhSKil10LSg4mzXkILdlEpxCpwTiWOLX6BujvQaEQuGeHLnL+\/64J+SIcKGYTYWnntpdLjrVdqvZmNdn0+EE40GtpuuWVS6Xx6N7YDSGpWXpeq02wHgynM7q80az1a52HpddtVcpsi1zFARBrdaxbhp9iUReTGmwA4KAAr7vx3EYejnCMI6hQYEgy0LQi4jUN0wL19vqFcUC9\/1dAKmEEFkWRYkh5oBejnxQJiSJPJ\/uKBp0Thszx9Mw8hMRIQjKsptCfuES9zr5WJY6vSFCIvE9fCMUmEM1A1kSXcYGxgVYsvI1IPKTZciSTI0us\/SMGG04gDzELDoFBwdcFJrF88dqgYMTiL6DILWYyfOWE8\/kIz38olCNlC03FK95+imxp6y4oUSvAnBjHHhKNtotSDqJzVFiK8c2SBqhZtsrTtgrLXwAyduxZHNE26eHUt5rtuM4WSmds3G+sUdWYo1L+XyxButoh5eKUHk5lByO3G1LqqCWVnfrv\/lyPtf\/4ps1cndNGIri8J1TJ0lx6dR\/oPjq1nbRwdp2dCk4CtIOLW3pVKRL6WZfS5vF2KkIQhpwSsjiYIgNCs1gEMGqiIq24NQX9NwoXFy8Ufrl3twTcg4fv8T9\/JBEySduj6Mjm4bMzYV7EEOxKjjoNDud7yY3Dy71Hq2oLmqfbNR723edH9PgMrNL2utoQ3VmaIDkiw\/4w51P06hlZsTZvkRrbVuSIs\/zwSOsycgzStQouoAkWQqioRT5XI7n2Z1wfVhoZmcAJLsoqjqpjbWCgpOAJXBwHK8PzWbNvoUZJND5wCnSkLAkZ1legx6vqQzjoiTahKlGUGLAiIIoABOHaNVw4sexZBym6\/HWlH5h3IC7yRbxtipcWxdTOkORKiNQAEkFf66x5S2oeRbroOlLgg0sSYkR0hRGEqJZ0jTPiQKatESdBckpWigxaapEH0lImHdWu9pUFF2XqMNM2Z4kped7IwEJw2qabwtrQqnpw6HyKkgcadKWsmpywwesDyIhYRpdzXddqegtGIJlXbAIUMOLkGxJUjRIkokwjUaX9d\/kK62ps\/tYUqZLIMkLTyBhsMZ3C5Z\/kDxOSCb\/DOs\/\/J0qcWSX\/2ipe56EgTCA4\/cB7NAYOsni4mZM1MUPAISoEwkDi4lhVBQ1cWQyIcwalw4EpqZN68JUSK7XC0kTlkLYii5uXSC8jT5ncCAS7mjCv0uHp\/3lueHEEAeQ\/\/VgmdN71\/2uCSA1Xr6DO6uI6sW56zqT2tp2PhgiRUAajV8CY2fkcz6WGNKMgLAt7tJAhD4YHMTeRxlALE6+43WqjSWi8ITxyJl8WrwWSNESQZZOqhDDntO3hJLsd5RtSpbJqdv3YrDJH3F7jL1R2O2aQkn2MyCyKYz0GPGIvSAMgBCrCEiJyKbBaYGwLW4uPRr0A0M4Ux5kUI7IBh+hMdiCEWNqhMZGyYMsOgNE58UQuEQeUnSWCMYwL54hkxK6IoqucQZbQ3pc3XtL0lky1dL0zZJJDpWJovFqpWj6JEHnyam2eQp5QRVAVHjWparTOaVwUOx99YS2MvgxIGV0bb+qIg2HX2qkFFJB+XZcbLiuRkuxD9GRroKyveLxdh4d7Orx+hb7qc3uVRuEogCOnyIxm4ubUoPgF4jianDrC+SDQDKEfJb0GUKmjCGPYHGJvVC6X4hw1\/sAfQAdfYyephIaspXe36RwOP+Ljvfx9B6B3i+Nk0DGq+oCbLn6JpBa9nWAveAIHwFAwtVcIJXPMPL8kRu5OAYPMaL1WScTxjiZDqB9LTJSWphow\/pTYKRTLjCBhvi9iBidvKcDasGSm0QQkycYuLBqj6QCELPctqChDWpTRMWkngNNpQ1Pfp1KkiT\/Y0DGffXAweUNfLAfaJFKDwhb6I+bkYRbkERoEeu3Fyjg2opMz2daZCS9jt6Q7txNfB+OZEVF6Zl5web2xunnLQrtrjXseXKaFYziYINeMFZVxS9VxRhOoesYwxPKXm+gWLG9cuFeq93UNNeJNsf1KlwuDok9n02n3TgIJpOxNfL9naIoQwXtfH9kjceTIIi709ncTg6LZbg+biLH1V6u\/7rxBem06VXKn9raAAAAAElFTkSuQmCC\")      no-repeat center center \/ contain;  }  @media screen and (max-width: 960px) and (orientation: portrait) {    .logo {      width: 100%;    }    .logo .pc-banner {      display: none;    }    .logo .m-banner {      display: block;      width: 100%;    }    .logo .m-banner img {      height: auto!important;    }    .ytvideo {      height: 200px;      width: 100%;    }  }<\/style><style>  .video-section {    width: 100%;    margin: 0 auto;  }  .video-section > img {    width: 100%;  }  .video-section iframe,  .video-section video {    width: 100%;    height: 100%;      }  .video-section-img-m,  .video-section-img-pc > img {    width: 100%;    height: auto;  }  .video-section-img-pc.small > img {    width: 970px;  }  .video-desc {    line-height: 1.5;    font-size: 20px;    font-weight: 400;    margin: 20px 0;    text-align: center;    color: #0f1111;    word-break: break-word;  }  @media screen and (max-width: 960px) and (orientation: portrait) {    .video-section {      width: 100%;    }    .video-section-pc,    .video-section-img-pc {      display: none;    }    .video-section-m,    .video-section-img-m {      display: block;    }    .video-desc {      font-size: 15px;    }  }  @media screen and (min-width: 960px) {    .video-section {      width: 100%;      margin: 0 auto;    }    .video-section-pc,    .video-section-img-pc {      display: block;    }    .video-section-m,    .video-section-img-m {      display: none;    }    .video-desc {      font-size: 20px;    }  }<\/style><style>  .section + .section {    margin-top: 35px;  }  .section-title {    text-align: center;    font-weight: bold;    color: #0d1111;    font-family: \"Arial\";    font-size: 32px;    margin: 15px 0;  }  .section-title:empty {    display: none;  }  .section-desc {    text-align: center;    font-weight: normal;    color: #0d1111;    margin-top: 20px;  }  .section-desc:empty {    display: none;  }  .section-img {    width: 1200px;    height: 492px;    margin: 0 auto;    display: block;  }  .section-img.small {    width: 970px;    height: auto;  }  .section-img.small > img {    height: auto;  }  .section-img > img {    width: 100%;    height: 100%;  }  .section-mobile-img {    display: none;    max-width: 100vw;    max-height: 75vw;    height: 450px;    margin: 0 auto;  }  .section-mobile-img > img {    width: 100%;    height: 100%;  }  @media screen and (max-width: 960px) and (orientation: portrait) {    .container {      width: 100%;    }    .container.small {      width: 100%;    }    .section-mobile-img {      display: block;    }    .section-img {      display: none;    }    .section-title {      font-size: 22px;      margin: 10px 0;    }    .section-desc {      margin-top: 10px;    }    .section + .section {      margin-top: 20px;    }  }<\/style><\/head><body><div class=\"container small\"><div class=\"logo\"><div class=\"pc-banner small\"><div><img decoding=\"async\" src=\"\/vevor\/vevor\/boutique-banner\/pc\/en-pc@1x.jpg\" style=\"width: 100%;\" \/><\/div><\/div><div class=\"m-banner\"><div><img decoding=\"async\" src=\"\/vevor\/vevor\/boutique-banner\/mobile\/en-m@1x.jpg\" style=\"width: 100%;\" \/><\/div><\/div><\/div><div class=\"section-title\">VEVOR A-Frame Swing Set M\u0117gautis laimingos Vaikyst\u0117s<\/div><div class=\"video-section\"><div class=\"video-section-img-pc small\"><img decoding=\"async\" src=\"\/vevor\/product\/AXQQTZ4RW000I4JXO\/a-frame-swing-set-a100-1.4-pt.jpg\" alt=\"VEVOR swing set 6-in-1 a-frame su hamakas, dir\u017eas, s\u016bpyn\u0117s, krep\u0161inio lankai, laipioti kop\u0117\u010diomis, trapecijos baras, ir gryn\u0105ja verte.\" \/><\/div><div class=\"video-section-img-m\"><img decoding=\"async\" src=\"\/vevor\/product\/AXQQTZ4RW000I4JXO\/a-frame-swing-set-a100-1.4-pt.jpg\" alt=\"VEVOR swing set 6-in-1 a-frame su hamakas, dir\u017eas, s\u016bpyn\u0117s, krep\u0161inio lankai, laipioti kop\u0117\u010diomis, trapecijos baras, ir gryn\u0105ja verte.\" \/><\/div><div class=\"section-desc\">\u0160is swing rinkiniai kieme pasigirti solidus ir tvirtas \u017eem\u0119 kuol\u0173, remti iki 440 svar\u0173 (199.6 kg). Paruo\u0161ta saugiai ir patogiai \u017eaisti per energing\u0105 veikl\u0105.<\/div><\/div><div class=\"section\"><div class=\"section-title\"><\/div><div class=\"section-img small\"><img decoding=\"async\" src=\"\/vevor\/product\/AXQQTZ4RW000I4JXO\/a-frame-swing-set-a100-2.2-pt.jpg\" alt=\"VEVOR swing rinkinys su patvarus lynai, a-r\u0117mo konstrukcija, saugos u\u017eraktas karabinai, ir 4 \u017eem\u0117s statym\u0173.\" \/><\/div><div class=\"section-mobile-img\"><img decoding=\"async\" src=\"\/vevor\/product\/AXQQTZ4RW000I4JXO\/a-frame-swing-set-a100-2.2-pt.jpg\" alt=\"VEVOR swing rinkinys su patvarus lynai, a-r\u0117mo konstrukcija, saugos u\u017eraktas karabinai, ir 4 \u017eem\u0117s statym\u0173.\" \/><\/div><div class=\"section-desc\">M\u016bs\u0173 swing rinkinys yra pastatytas, patvarumo stabili trikampio paramos strukt\u016bra. Stiprios virv\u0117s u\u017etikrinti saug\u0173 supasi. Cinkuoto plieno saugos u\u017eraktas karabinai atsispirti nuo r\u016bd\u017ei\u0173 ir korozijos, suteikiant patobulintas stiprumo. Be to, auk\u0161tos kokyb\u0117s Oksfordo audinys s\u0117dyn\u0117s yra dilimui.<\/div><\/div><div class=\"section\"><div class=\"section-title\"><\/div><div class=\"section-img small\"><img decoding=\"async\" src=\"\/vevor\/product\/AXQQTZ4RW000I4JXO\/a-frame-swing-set-a100-2.3-pt.jpg\" alt=\"vaikai naudojasi VEVOR swing rinkinys su komforto funkcijomis, pavyzd\u017eiui, mink\u0161tos gumos rankenos ir audinio aik\u0161t\u0117je s\u0117dyn\u0117s.\" \/><\/div><div class=\"section-mobile-img\"><img decoding=\"async\" src=\"\/vevor\/product\/AXQQTZ4RW000I4JXO\/a-frame-swing-set-a100-2.3-pt.jpg\" alt=\"vaikai naudojasi VEVOR swing rinkinys su komforto funkcijomis, pavyzd\u017eiui, mink\u0161tos gumos rankenos ir audinio aik\u0161t\u0117je s\u0117dyn\u0117s.\" \/><\/div><div class=\"section-desc\">\u012e swingset lauko vaikams funkcij\u0173 mink\u0161tos gumos rankenos s\u016bpyn\u0117s grandines, siekiant u\u017ekirsti keli\u0105 pir\u0161tu pigesniu. Da\u017eyto plieno pavir\u0161i\u0173 u\u017ekirsti keli\u0105 r\u016bd\u017ei\u0173 ir korozijos. Auk\u0161tos kokyb\u0117s audinio aik\u0161t\u0117je s\u0117dyn\u0117s suteikia UV atsparumo ir spalvos stabilumas. Triguba apsauga ant plieno lankstai u\u017etikrina patikim\u0105 stabilum\u0105.<\/div><\/div><div class=\"section\"><div class=\"section-title\"><\/div><div class=\"section-img small\"><img decoding=\"async\" src=\"\/vevor\/product\/AXQQTZ4RW000I4JXO\/a-frame-swing-set-a100-2.4-pt.jpg\" alt=\"VEVOR s\u016bpyn\u0117s nustatytas lengvas montavimas vadovas: r\u0117mo setup, s\u0117dyn\u0117s surinkimas, priedai, ir \u017eem\u0117s statym\u0173.\" \/><\/div><div class=\"section-mobile-img\"><img decoding=\"async\" src=\"\/vevor\/product\/AXQQTZ4RW000I4JXO\/a-frame-swing-set-a100-2.4-pt.jpg\" alt=\"VEVOR s\u016bpyn\u0117s nustatytas lengvas montavimas vadovas: r\u0117mo setup, s\u0117dyn\u0117s surinkimas, priedai, ir \u017eem\u0117s statym\u0173.\" \/><\/div><div class=\"section-desc\">To bamblys swing rinkinys yra ai\u0161kios, detalios instrukcijos, \u012fdomus asambl\u0117jos patirtis su vaikais, skatinant kokybi\u0161k\u0105 \u0161eimos laik\u0105. \u012e nuimamas metalinis r\u0117mas leid\u017eia patogus laikymas.<\/div><\/div><div class=\"section\"><div class=\"section-title\"><\/div><div class=\"section-img small\"><img decoding=\"async\" src=\"\/vevor\/product\/AXQQTZ4RW000I4JXO\/a-frame-swing-set-a100-2.5-pt.jpg\" alt=\"VEVOR swing rinkinys, skirtas vidaus ir lauko naudojimui kieme, parkas, vaik\u0173 dar\u017eelis, ir poilsio centras.\" \/><\/div><div class=\"section-mobile-img\"><img decoding=\"async\" src=\"\/vevor\/product\/AXQQTZ4RW000I4JXO\/a-frame-swing-set-a100-2.5-pt.jpg\" alt=\"VEVOR swing rinkinys, skirtas vidaus ir lauko naudojimui kieme, parkas, vaik\u0173 dar\u017eelis, ir poilsio centras.\" \/><\/div><div class=\"section-desc\">M\u016bs\u0173 lauko s\u016bpyn\u0117s rinkinys tinka \u012fvairi\u0173 nustatym\u0173, \u012fskaitant kiemuose, parkuose, dar\u017eeliuose, ir pramog\u0173 centrus, skatinti, kad vaikai daugiau laiko praleid\u017eia lauke ir m\u0117gautis laiming\u0105 vaikyst\u0119.<\/div><\/div><div class=\"section\"><div class=\"section-img small\"><img decoding=\"async\" src=\"\/vevor\/product\/AXQQTZ4RW000I4JXO\/a-frame-swing-set-a100-1.11-pt.jpg\" alt=\"VEVOR swing nustatyti gaminio parametrai diagramos, kuri\u0173 matmenys, mas\u0117, keliamoji galia tinkamo am\u017eiaus, ir med\u017eiag\u0105, duomenis.\" \/><\/div><div class=\"section-mobile-img\"><img decoding=\"async\" src=\"\/vevor\/product\/AXQQTZ4RW000I4JXO\/a-frame-swing-set-a100-1.11-pt.jpg\" alt=\"VEVOR swing nustatyti gaminio parametrai diagramos, kuri\u0173 matmenys, mas\u0117, keliamoji galia tinkamo am\u017eiaus, ir med\u017eiag\u0105, duomenis.\" \/><\/div><\/div><\/div><\/body><\/html><\/div>\n<div class=\"DM_at-title\" id=\"js-DM_at-title\"> <div>Produkto specifikacija<\/div> <i class=\"icon-arrowup_line\"><\/i> <\/div><div class=\"DM_at-goodsDescAttr\" id=\"js-DM_at-goodsDescAttr\"> <div class=\"DM_at-goodsDescAttrInner\"> <dl class=\"goodsDesc_item goodsDesc_item_even\"> <dt>Prek\u0117s Modelio Numeris<\/dt> <dd> S026<\/dd> <\/dl> <dl class=\"goodsDesc_item\"> <dt>Maksimali Apkrova<\/dt> <dd> 440 \u00a3 \/ 200 kg<\/dd> <\/dl> <dl class=\"goodsDesc_item goodsDesc_item_even\"> <dt>Tinkamas Am\u017eiaus Vaikams<\/dt> <dd> 3+<\/dd> <\/dl> <dl class=\"goodsDesc_item\"> <dt>Metalo R\u0117mas Med\u017eiaga<\/dt> <dd> Plieno Vamzd\u017eio<\/dd> <\/dl> <dl class=\"goodsDesc_item goodsDesc_item_even\"> <dt>S\u0117dyn\u0117s Med\u017eiaga<\/dt> <dd> Dir\u017eas S\u0117dyn\u0117s + Audinys Aik\u0161t\u0117je S\u0117dyn\u0117s<\/dd> <\/dl> <dl class=\"goodsDesc_item\"> <dt>Dir\u017eas S\u0117dyn\u0117s, S\u016bpyn\u0117s Virv\u0119<\/dt> <dd> Cinkuotos Grandin\u0117s, Geltona<\/dd> <\/dl> <dl class=\"goodsDesc_item goodsDesc_item_even\"> <dt>Audinio Aik\u0161t\u0117je S\u0117dyn\u0117s, S\u016bpyn\u0117s Virv\u0119<\/dt> <dd> Audinio Virv\u0119, Juoda<\/dd> <\/dl> <dl class=\"goodsDesc_item\"> <dt>Produkto Svoris<\/dt> <dd> 100.97 svar\u0173 \/ 45.8 kg<\/dd> <\/dl> <\/div> <\/div>","protected":false},"excerpt":{"rendered":"<ul>\n<li> \u0160e\u0161i\u0173-in-One Dizainas: \u0160is A-frame s\u016bpyn\u0117s komplekt\u0105 \u012feina du s\u016bpuokl\u0117s, skersin\u0119 sij\u0105, kop\u0117\u010dios, laipiojimo net ir krep\u0161inio lankai atitinka visus \u012fdomus reikalavimus. Jo daug funkcij\u0173, leisti kelet\u0105 met\u0173 vaikams 3-12 \u017eaisti vienu metu. <\/li>\n<li> Didel\u0117 talpa ir tvirta konstrukcija: pagaminti su tvirta A formos r\u0117mo konstrukcija, auk\u0161tos kokyb\u0117s plieniniais metaliniais vamzd\u017eiais ir tvirtais \u012f\u017eeminimo kuolais, m\u016bs\u0173 kiemo s\u016bpyni\u0173 komplektai pasi\u017eymi trigubomis apsaugin\u0117mis jungtimis, u\u017etikrinan\u010diomis stabilum\u0105 ir gali i\u0161laikyti iki 440 svar\u0173 (200 kilogram\u0173). Jis yra gerai pagamintas saugumui ir patogumui. <\/li>\n<li> Atnaujintas Priedai: Modernizuotos aksesuarai swingset lauko vaikams u\u017etikrinti komfort\u0105 ir saugum\u0105 per grojimo. Mink\u0161tos gumos rankenos i\u0161vengti pir\u0161tus, i\u0161 vis suimt\u0105, o da\u017eyto plieno pavir\u0161i\u0173 atsispirti nuo r\u016bd\u017ei\u0173 ir korozijos. Premium audinys s\u0117dyn\u0117s yra atsparus UV ir i\u0161nyks atsparus. Triple-apsaugos, plieno vamzdis, s\u0105narius, gerina stabilum\u0105. <\/li>\n<li> Lengva \u012ediegti: \u012e bamblys s\u016bpyn\u0117s rinkinys viskas,-metalinis r\u0117mas yra nuimamas patogus laikymas ir b\u016bt\u0173 lengva surinkti. Po i\u0161sami\u0173 instrukcij\u0173 surinkti su savo vaikais u\u017e kokybi\u0161k\u0105 \u0161eimos laik\u0105 ir pagerinti savo motorinius \u012fg\u016bd\u017eius. <\/li>\n<li> Ideali Dovana: Su savo patraukliu dizainu ir tvirta konstrukcija, \u0161io lauko s\u016bpyn\u0117s rinkinys daro puiki dovana vaikams. Tegul s\u016bpyn\u0117s gimtadienio, praleisti daugiau laiko \u017eaisti lauke ir m\u0117gautis pob\u016bd\u012f, skatinant raumen\u0173 vystym\u0105si, motorinius \u012fg\u016bd\u017eius ir pusiausvyra. <\/li>\n<\/ul>","protected":false},"featured_media":324430,"comment_status":"closed","ping_status":"open","template":"","meta":{"om_disable_all_campaigns":false,"_monsterinsights_skip_tracking":false,"_monsterinsights_sitenote_active":false,"_monsterinsights_sitenote_note":"","_monsterinsights_sitenote_category":0,"_uf_show_specific_survey":0,"_uf_disable_surveys":false},"location":[1935,1934],"product_brand":[21],"product_cat":[4304,3556,4298],"product_tag":[],"class_list":{"0":"post-51792","1":"product","2":"type-product","3":"status-publish","4":"has-post-thumbnail","6":"location-supplier_stock_location","7":"location-local_stock_location","8":"product_brand-vevor","9":"product_cat-a-frame-swing-set","10":"product_cat-playground-sets","11":"product_cat-swing-sets","13":"first","14":"instock","15":"taxable","16":"shipping-taxable","17":"purchasable","18":"product-type-simple"},"aioseo_notices":[],"jetpack_sharing_enabled":true,"locations":[{"id":1935,"name":"Pieg\u0101d\u0101t\u0101ja noliktav\u0101 (5-7d.d.)","slug":"supplier_stock_location","quantity":"42"},{"id":1934,"name":"R\u012bgas veikal\u0101 (0-2d.d.)","slug":"local_stock_location","quantity":"0"}],"_links":{"self":[{"href":"https:\/\/vevorshop.lv\/lt\/wp-json\/wp\/v2\/product\/51792","targetHints":{"allow":["GET"]}}],"collection":[{"href":"https:\/\/vevorshop.lv\/lt\/wp-json\/wp\/v2\/product"}],"about":[{"href":"https:\/\/vevorshop.lv\/lt\/wp-json\/wp\/v2\/types\/product"}],"replies":[{"embeddable":true,"href":"https:\/\/vevorshop.lv\/lt\/wp-json\/wp\/v2\/comments?post=51792"}],"wp:featuredmedia":[{"embeddable":true,"href":"https:\/\/vevorshop.lv\/lt\/wp-json\/wp\/v2\/media\/324430"}],"wp:attachment":[{"href":"https:\/\/vevorshop.lv\/lt\/wp-json\/wp\/v2\/media?parent=51792"}],"wp:term":[{"taxonomy":"location","embeddable":true,"href":"https:\/\/vevorshop.lv\/lt\/wp-json\/wp\/v2\/location?post=51792"},{"taxonomy":"product_brand","embeddable":true,"href":"https:\/\/vevorshop.lv\/lt\/wp-json\/wp\/v2\/product_brand?post=51792"},{"taxonomy":"product_cat","embeddable":true,"href":"https:\/\/vevorshop.lv\/lt\/wp-json\/wp\/v2\/product_cat?post=51792"},{"taxonomy":"product_tag","embeddable":true,"href":"https:\/\/vevorshop.lv\/lt\/wp-json\/wp\/v2\/product_tag?post=51792"}],"curies":[{"name":"wp","href":"https:\/\/api.w.org\/{rel}","templated":true}]}}