{"id":52169,"date":"2024-11-19T21:01:31","date_gmt":"2024-11-19T21:01:31","guid":{"rendered":"http:\/\/vevorshop.edigo.lv\/Prece\/vevor-open-flags-for-business-advertising-flags-for-outside-banner-flag-and-pole\/"},"modified":"2026-04-20T02:38:17","modified_gmt":"2026-04-19T23:38:17","slug":"vevor-open-flags-for-business-advertising-flags-for-outside-banner-flag-and-pole","status":"publish","type":"product","link":"https:\/\/vevorshop.lv\/lt\/Prece\/vevor-atviros-veliavos-verslo-reklamai-veliavos-isorinei-veliavai-ir-stulpui\/","title":{"rendered":"VEVOR 5m Atviras Plunksn\u0173 V\u0117liavos Rinkinys su Stiebu ir Kuolu \u2013 Lauko Reklamos V\u0117liava Verslui"},"content":{"rendered":"<div style=\"color: #fff!important; font-size: 16px; height: 24px; line-height: 24px; margin-top: -24px; \" class=\"product_original_name\">VEVOR atvira v\u0117liava su stulpo rinkiniu, reklamin\u0117 v\u0117liava verslui i\u0161or\u0117je, reklamin\u0117s plunksnos v\u0117liavos rinkinys, apima 1 reklamjuost\u0117s v\u0117liav\u0105, 1 stulp\u0105, 1 \u017eem\u0117s kuol\u0105, atvir\u0173 \u017eenkl\u0173 Swooper v\u0117liav\u0105 \u012fmon\u0117ms 16,3 p\u0117dos<\/div>\n<div style=\"color: #fff!important; font-size: 16px; height: 24px; line-height: 24px; margin-top: -24px; \" class=\"product_sku\">M4I4LYHE<\/div>\n<div style=\"color: #fff!important; font-size: 16px; height: 24px; line-height: 24px; margin-top: -24px; \" class=\"product_mpn\">QGYMQGQWAOPPBHF1GV0<\/div><div id=\"js-DM_at-goodDescRich\"><html><head><style>  body {    font-family: Arial;    line-height: 1.5;    color: #1c1c1c;    overflow-x: hidden;    margin: 0;    padding: 0;  }  .MsoNormal b {    font-weight: bolder;  }<\/style><style>  .container.small {    width: 970px;    margin: 0 auto;  }  .logo {    margin: 0 auto 0;  }  .logo img {    display: block;    margin: 0 auto;    max-width: 100%;  }  .logo .pc-banner {    display: block;    width: 1200px;    height: 247.4px;    margin: 0 auto;  }  .logo .pc-banner.small {    width: 970px;  }  .logo .pc-banner.small img {    height: auto!important;  }  .logo .m-banner {    display: none;  }  .ytvideo {    position: relative;    height: 546px;    width: 100%;    margin: 0 auto;  }  .ytvideo img {    width: 100%;    margin: 0 auto;  }  .ytvideo .play-btn {    width: 60px;    height: 42px;    position: absolute;    top: 50%;    left: 50%;    transform: translate(-50%, -50%);    background: url(\"data:image\/png;base64,iVBORw0KGgoAAAANSUhEUgAAAGQAAABGCAMAAAANWMFbAAAC+lBMVEUAAADBGB3kLCfBGB3kLCfcJC7BFx3KKSbiKybkLCbWJCPSIiLSIiLPICHAFx3kLCfgKSXNHiDZJiTIGx\/p4eHcjo7LHSDbJyTkLCbjKyfOHyHPIiL28fHJHB\/GGh7EGR7eKCXDGB3RISHlLSbBGB3AFxzGHB7DGB7BGB3hKybkKybAFx3lLCfAFxzDGR3hKibDGB7cJyTmz8\/elJTlwcHjurrUIyLlLSflLSfAFx3DGR7lLSfCFx3hKibhKibhKybjKybkLCblLSfbJSX49vbx7e3NNzjNMTLMJyjVIyLZf3\/ZQ0LaeHjx0tLgoqLkLCfCGB3HGx\/BGB3BFx3PICHCGB7WJCLOHyC\/Fxy\/Fx3lLCfQISHkLSe\/FxzbJiTBFx3FGx\/AGB7BFx3EGR7AGB3HHSDfKiXAFh3TISHYNzbhKibbJyTTIiL57e325+f039\/v2NjUV1fOHiHiqanfmprch4feKSXVIyPOICHmLibFGh\/mLSe\/Fx7XJCPeKSXXJSPNHyHaJyTGGh7lLCbmLCflLSjSIiLkLCbdKSXLHiC\/GB3KHh++Fh3lKyfoLiXcKCPkx8fYb2\/XaGfVXl3aU1LLHiDksbHgKibPICHbJyTfKSXbJyTCGB3KHSDiKybFGh7TIiL\/\/\/\/VIyPRISHIHB\/GGx\/HHB\/DGR7gKibdKCXLHiDZJiTMHiDNHyHYJSTOICHPICHWJCPcKCXXJSPjLCblLCf+\/f3NGR\/uLijzLynPGR\/IGB7WISHaIyLLGh7UAADxLynNAADRLzDbICLQAADIAAD3MCrUHSHXMTDpKSbLAADp5OTij4\/ejo\/VLy\/1LyngJSTcJCPQHx\/OHB7+\/PzaMS\/OLS\/vLijrLSjSAADaNTPwLyjkKSbNJCbYISHPHB\/KGB7WAAD7+vrn3d3aKynTKCjoLCfsKifRGh\/YAADq5+fhjo7QNDXXKCfmJyXt5+fTLzDLLi\/QKivYHRvMGBrQJCXLISPMExXLDxLaEAvkkI\/bOTfaFQ\/SCgpvLcnHAAAAmnRSTlMA+vv7+gT9Bvf9+8z8\/NSv\/Pr5+P7++vnQIBMP\/v38\/Pn348XDiCYf9OjbzcqxXVcx\/fz8+\/rj1r2poo1+fXFqX0orGP7+\/v7+\/fz8+\/r68uzn4trIxsG\/vri3p6GcmZSNbWVYUUZEPQv+\/f39+\/v7+\/v7+vr64tvV1NTTz87FtbSurqeblJKFg4B3bUY+NjL7+\/v7+\/v67t1cDo8JLQAABkRJREFUWMO0kz9rwkAYh0OIeJkum6YugUAhISCdKoj\/P4C7SMdS+gEKIhSKil10LSg4mzXkILdlEpxCpwTiWOLX6BujvQaEQuGeHLnL+\/64J+SIcKGYTYWnntpdLjrVdqvZmNdn0+EE40GtpuuWVS6Xx6N7YDSGpWXpeq02wHgynM7q80az1a52HpddtVcpsi1zFARBrdaxbhp9iUReTGmwA4KAAr7vx3EYejnCMI6hQYEgy0LQi4jUN0wL19vqFcUC9\/1dAKmEEFkWRYkh5oBejnxQJiSJPJ\/uKBp0Thszx9Mw8hMRIQjKsptCfuES9zr5WJY6vSFCIvE9fCMUmEM1A1kSXcYGxgVYsvI1IPKTZciSTI0us\/SMGG04gDzELDoFBwdcFJrF88dqgYMTiL6DILWYyfOWE8\/kIz38olCNlC03FK95+imxp6y4oUSvAnBjHHhKNtotSDqJzVFiK8c2SBqhZtsrTtgrLXwAyduxZHNE26eHUt5rtuM4WSmds3G+sUdWYo1L+XyxButoh5eKUHk5lByO3G1LqqCWVnfrv\/lyPtf\/4ps1cndNGIri8J1TJ0lx6dR\/oPjq1nbRwdp2dCk4CtIOLW3pVKRL6WZfS5vF2KkIQhpwSsjiYIgNCs1gEMGqiIq24NQX9NwoXFy8Ufrl3twTcg4fv8T9\/JBEySduj6Mjm4bMzYV7EEOxKjjoNDud7yY3Dy71Hq2oLmqfbNR723edH9PgMrNL2utoQ3VmaIDkiw\/4w51P06hlZsTZvkRrbVuSIs\/zwSOsycgzStQouoAkWQqioRT5XI7n2Z1wfVhoZmcAJLsoqjqpjbWCgpOAJXBwHK8PzWbNvoUZJND5wCnSkLAkZ1legx6vqQzjoiTahKlGUGLAiIIoABOHaNVw4sexZBym6\/HWlH5h3IC7yRbxtipcWxdTOkORKiNQAEkFf66x5S2oeRbroOlLgg0sSYkR0hRGEqJZ0jTPiQKatESdBckpWigxaapEH0lImHdWu9pUFF2XqMNM2Z4kped7IwEJw2qabwtrQqnpw6HyKkgcadKWsmpywwesDyIhYRpdzXddqegtGIJlXbAIUMOLkGxJUjRIkokwjUaX9d\/kK62ps\/tYUqZLIMkLTyBhsMZ3C5Z\/kDxOSCb\/DOs\/\/J0qcWSX\/2ipe56EgTCA4\/cB7NAYOsni4mZM1MUPAISoEwkDi4lhVBQ1cWQyIcwalw4EpqZN68JUSK7XC0kTlkLYii5uXSC8jT5ncCAS7mjCv0uHp\/3lueHEEAeQ\/\/VgmdN71\/2uCSA1Xr6DO6uI6sW56zqT2tp2PhgiRUAajV8CY2fkcz6WGNKMgLAt7tJAhD4YHMTeRxlALE6+43WqjSWi8ITxyJl8WrwWSNESQZZOqhDDntO3hJLsd5RtSpbJqdv3YrDJH3F7jL1R2O2aQkn2MyCyKYz0GPGIvSAMgBCrCEiJyKbBaYGwLW4uPRr0A0M4Ux5kUI7IBh+hMdiCEWNqhMZGyYMsOgNE58UQuEQeUnSWCMYwL54hkxK6IoqucQZbQ3pc3XtL0lky1dL0zZJJDpWJovFqpWj6JEHnyam2eQp5QRVAVHjWparTOaVwUOx99YS2MvgxIGV0bb+qIg2HX2qkFFJB+XZcbLiuRkuxD9GRroKyveLxdh4d7Orx+hb7qc3uVRuEogCOnyIxm4ubUoPgF4jianDrC+SDQDKEfJb0GUKmjCGPYHGJvVC6X4hw1\/sAfQAdfYyephIaspXe36RwOP+Ljvfx9B6B3i+Nk0DGq+oCbLn6JpBa9nWAveAIHwFAwtVcIJXPMPL8kRu5OAYPMaL1WScTxjiZDqB9LTJSWphow\/pTYKRTLjCBhvi9iBidvKcDasGSm0QQkycYuLBqj6QCELPctqChDWpTRMWkngNNpQ1Pfp1KkiT\/Y0DGffXAweUNfLAfaJFKDwhb6I+bkYRbkERoEeu3Fyjg2opMz2daZCS9jt6Q7txNfB+OZEVF6Zl5web2xunnLQrtrjXseXKaFYziYINeMFZVxS9VxRhOoesYwxPKXm+gWLG9cuFeq93UNNeJNsf1KlwuDok9n02n3TgIJpOxNfL9naIoQwXtfH9kjceTIIi709ncTg6LZbg+biLH1V6u\/7rxBem06VXKn9raAAAAAElFTkSuQmCC\")      no-repeat center center \/ contain;  }  @media screen and (max-width: 960px) and (orientation: portrait) {    .logo {      width: 100%;    }    .logo .pc-banner {      display: none;    }    .logo .m-banner {      display: block;      width: 100%;    }    .logo .m-banner img {      height: auto!important;    }    .ytvideo {      height: 200px;      width: 100%;    }  }<\/style><style>  .video-section {    width: 100%;    margin: 0 auto;  }  .video-section > img {    width: 100%;  }  .video-section iframe,  .video-section video {    width: 100%;    height: 100%;      }  .video-section-img-m,  .video-section-img-pc > img {    width: 100%;    height: auto;  }  .video-section-img-pc.small > img {    width: 970px;  }  .video-desc {    line-height: 1.5;    font-size: 20px;    font-weight: 400;    margin: 20px 0;    text-align: center;    color: #0f1111;    word-break: break-word;  }  @media screen and (max-width: 960px) and (orientation: portrait) {    .video-section {      width: 100%;    }    .video-section-pc,    .video-section-img-pc {      display: none;    }    .video-section-m,    .video-section-img-m {      display: block;    }    .video-desc {      font-size: 15px;    }  }  @media screen and (min-width: 960px) {    .video-section {      width: 100%;      margin: 0 auto;    }    .video-section-pc,    .video-section-img-pc {      display: block;    }    .video-section-m,    .video-section-img-m {      display: none;    }    .video-desc {      font-size: 20px;    }  }<\/style><style>  .section + .section {    margin-top: 35px;  }  .section-title {    text-align: center;    font-weight: bold;    color: #0d1111;    font-family: \"Arial\";    font-size: 32px;    margin: 15px 0;  }  .section-title:empty {    display: none;  }  .section-desc {    text-align: center;    font-weight: normal;    color: #0d1111;    margin-top: 20px;  }  .section-desc:empty {    display: none;  }  .section-img {    width: 1200px;    height: 492px;    margin: 0 auto;    display: block;  }  .section-img.small {    width: 970px;    height: auto;  }  .section-img.small > img {    height: auto;  }  .section-img > img {    width: 100%;    height: 100%;  }  .section-mobile-img {    display: none;    max-width: 100vw;    max-height: 75vw;    height: 450px;    margin: 0 auto;  }  .section-mobile-img > img {    width: 100%;    height: 100%;  }  @media screen and (max-width: 960px) and (orientation: portrait) {    .container {      width: 100%;    }    .container.small {      width: 100%;    }    .section-mobile-img {      display: block;    }    .section-img {      display: none;    }    .section-title {      font-size: 22px;      margin: 10px 0;    }    .section-desc {      margin-top: 10px;    }    .section + .section {      margin-top: 20px;    }  }<\/style><\/head><body><div class=\"container small\"><div class=\"logo\"><div class=\"pc-banner small\"><div><img decoding=\"async\" src=\"\/vevor\/vevor\/boutique-banner\/pc\/en-pc@1x.jpg\" style=\"width: 100%;\" \/><\/div><\/div><div class=\"m-banner\"><div><img decoding=\"async\" src=\"\/vevor\/vevor\/boutique-banner\/mobile\/en-m@1x.jpg\" style=\"width: 100%;\" \/><\/div><\/div><\/div><div class=\"section-title\">VEVOR Atidaryti V\u0117liavos, Verslo Fiksuoja Kiekvien\u0105 \u017dvilgsn\u012f!<\/div><div class=\"video-section\"><div class=\"video-section-img-pc small\"><img decoding=\"async\" src=\"\/vevor\/product\/QGYMQGQWAOPPBHF1G\/flag-pole-a100-1.4-pt.jpg\" alt=\"VEVOR atidaryti \u0161aligatvio plunksnos stiebo prie\u0161ais plaza, pabr\u0117\u017eiant auk\u0161t\u0105 lankstumo ir korozijai atsparios funkcij\u0173.\" \/><\/div><div class=\"video-section-img-m\"><img decoding=\"async\" src=\"\/vevor\/product\/QGYMQGQWAOPPBHF1G\/flag-pole-a100-1.4-pt.jpg\" alt=\"VEVOR atidaryti \u0161aligatvio plunksnos stiebo prie\u0161ais plaza, pabr\u0117\u017eiant auk\u0161t\u0105 lankstumo ir korozijai atsparios funkcij\u0173.\" \/><\/div><div class=\"section-desc\">M\u016bs\u0173 plunksna v\u0117liavos stulpo atlaiko intensyvios saul\u0117s \u0161viesos, li\u016btys. Pagamintas i\u0161 auk\u0161\u010diausios kokyb\u0117s aliuminio lydinio, ir stiklo, jis yra lengvas, ne\u0161iojamieji ir labai atsparus dangtis ir korozijos.<\/div><\/div><div class=\"section\"><div class=\"section-title\"><\/div><div class=\"section-img small\"><img decoding=\"async\" src=\"\/vevor\/product\/QGYMQGQWAOPPBHF1G\/flag-pole-a100-2.2-pt.jpg\" alt=\"VEVOR atidaryti v\u0117liav\u0173 renginiai, gatvi\u0173, verslo, ir vertyb\u0117s, pabr\u0117\u017eiant didelio dyd\u017eio ir didelio poveikio.\" \/><\/div><div class=\"section-mobile-img\"><img decoding=\"async\" src=\"\/vevor\/product\/QGYMQGQWAOPPBHF1G\/flag-pole-a100-2.2-pt.jpg\" alt=\"VEVOR atidaryti v\u0117liav\u0173 renginiai, gatvi\u0173, verslo, ir vertyb\u0117s, pabr\u0117\u017eiant didelio dyd\u017eio ir didelio poveikio.\" \/><\/div><div class=\"section-desc\">Stov\u0117jo 14.4 ft\/440 cm bendras auk\u0161tis 16.3 ft\/498.5 cm, m\u016bs\u0173 plunksna v\u0117liava ant stiebo rinkinys, poras, puikiai su 11.15x2.62 p\u0117d\u0173 v\u0117liava. Didelio dyd\u017eio sustiprina vizualin\u012f poveik\u012f ir prek\u0117s \u017eenklo pripa\u017einim\u0105, tod\u0117l j\u016bs\u0173 skelbim\u0105. i\u0161siskirti tarp konkurent\u0173.<\/div><\/div><div class=\"section\"><div class=\"section-title\"><\/div><div class=\"section-img small\"><img decoding=\"async\" src=\"\/vevor\/product\/QGYMQGQWAOPPBHF1G\/flag-pole-a100-2.3-pt.jpg\" alt=\"greitas montavimas vadovas VEVOR atidaryti v\u0117liavos: prid\u0117ti stiebo vir\u0161\u0173, prid\u0117ti v\u0117liavos, surinkti dali\u0173, \u012fd\u0117kite smaigalys.\" \/><\/div><div class=\"section-mobile-img\"><img decoding=\"async\" src=\"\/vevor\/product\/QGYMQGQWAOPPBHF1G\/flag-pole-a100-2.3-pt.jpg\" alt=\"greitas montavimas vadovas VEVOR atidaryti v\u0117liavos: prid\u0117ti stiebo vir\u0161\u0173, prid\u0117ti v\u0117liavos, surinkti dali\u0173, \u012fd\u0117kite smaigalys.\" \/><\/div><div class=\"section-desc\">Reikia sukonfig\u016bruoti j\u016bs\u0173 reklama v\u0117liavos greitai? Su m\u016bs\u0173 reklama, v\u0117liavos, montavimas, v\u0117jas, baigtas tik keturi paprasti \u017eingsniai. Net ne specialistai gali nustatyti lengvai, ir sutaupyti laiko ir pastang\u0173.<\/div><\/div><div class=\"section\"><div class=\"section-title\"><\/div><div class=\"section-img small\"><img decoding=\"async\" src=\"\/vevor\/product\/QGYMQGQWAOPPBHF1G\/flag-pole-a100-2.4-pt.jpg\" alt=\"VEVOR atidaryti \u0161aligatvio saugojimo krep\u0161ys su sluoksniuotos kup\u0117, storos medviln\u0117s med\u017eiaga, ir u\u017etrauktuko ranken\u0117l\u0117 funkcija.\" \/><\/div><div class=\"section-mobile-img\"><img decoding=\"async\" src=\"\/vevor\/product\/QGYMQGQWAOPPBHF1G\/flag-pole-a100-2.4-pt.jpg\" alt=\"VEVOR atidaryti \u0161aligatvio saugojimo krep\u0161ys su sluoksniuotos kup\u0117, storos medviln\u0117s med\u017eiaga, ir u\u017etrauktuko ranken\u0117l\u0117 funkcija.\" \/><\/div><div class=\"section-desc\">Puikiai tinka parodose, lauko renginiai, arba laikinos rodo, kad m\u016bs\u0173 reklamos v\u0117liava ant stiebo rinkinys yra lengvai atlikti. Kiekvienas rinkinys ateina su ilgalaikio saugojimo krep\u0161ys featuring storio vata, atsparus nusid\u0117v\u0117jimui ir a\u0161ar\u0173. Mai\u0161as yra u\u017etrauktukas ir rankena lengvai transportuoti.<\/div><\/div><div class=\"section\"><div class=\"section-title\"><\/div><div class=\"section-img small\"><img decoding=\"async\" src=\"\/vevor\/product\/QGYMQGQWAOPPBHF1G\/flag-pole-a100-2.5-pt.jpg\" alt=\"VEVOR atidaryti v\u0117liav\u0117les pakel\u0117s ekranai, sporto renginiai, lauko reklama, ir reklamin\u0119 veikl\u0105.\" \/><\/div><div class=\"section-mobile-img\"><img decoding=\"async\" src=\"\/vevor\/product\/QGYMQGQWAOPPBHF1G\/flag-pole-a100-2.5-pt.jpg\" alt=\"VEVOR atidaryti v\u0117liav\u0117les pakel\u0117s ekranai, sporto renginiai, lauko reklama, ir reklamin\u0119 veikl\u0105.\" \/><\/div><div class=\"section-desc\">\u0160is gerai suprojektuotas ir prakti\u0161kas v\u0117liavos stulpas yra ekonomi\u0161kas reklamos sprendimas Nedidel\u0117 investicija suteikia reik\u0161ming\u0173 rodymo rezultat\u0173, tod\u0117l j\u016bs\u0173 prek\u0117s \u017eenklas matomas komercin\u0117se gatv\u0117se, parodose ir bet kuriame lauko renginyje. atkreipkite vis\u0173 d\u0117mes\u012f!<\/div><\/div><div class=\"section\"><div class=\"section-img small\"><img decoding=\"async\" src=\"\/vevor\/product\/QGYMQGQWAOPPBHF1G\/flag-pole-a100-1.11-pt.jpg\" alt=\"VEVOR atidaryti v\u0117liavas su stiebo, \u017eem\u0117s smaigalys, laikymo krep\u0161ys, \u0161viesus &#034;atidaryti dabar&#034; v\u0117liava.\" \/><\/div><div class=\"section-mobile-img\"><img decoding=\"async\" src=\"\/vevor\/product\/QGYMQGQWAOPPBHF1G\/flag-pole-a100-1.11-pt.jpg\" alt=\"VEVOR atidaryti v\u0117liavas su stiebo, \u017eem\u0117s smaigalys, laikymo krep\u0161ys, \u0161viesus &#034;atidaryti dabar&#034; v\u0117liava.\" \/><\/div><\/div><\/div><\/body><\/html><\/div>\n<div class=\"DM_at-title\" id=\"js-DM_at-title\"> <div>Produkto specifikacija<\/div> <i class=\"icon-arrowup_line\"><\/i> <\/div><div class=\"DM_at-goodsDescAttr\" id=\"js-DM_at-goodsDescAttr\"> <div class=\"DM_at-goodsDescAttrInner\"> <dl class=\"goodsDesc_item goodsDesc_item_even\"> <dt>Prek\u0117s Modelio Numeris<\/dt> <dd> FLB-4.5-1B<\/dd> <\/dl> <dl class=\"goodsDesc_item\"> <dt>Tipas<\/dt> <dd> 1 Rinkinys Stiebo + V\u0117liavos(ATVIRAS)<\/dd> <\/dl> <dl class=\"goodsDesc_item goodsDesc_item_even\"> <dt>Stiebo Ilgis<\/dt> <dd> 14.4 ft\/440 cm<\/dd> <\/dl> <dl class=\"goodsDesc_item\"> <dt>\u017dem\u0117s Smaigalys Dydis<\/dt> <dd> 1.91 ft\/58.5 cm<\/dd> <\/dl> <dl class=\"goodsDesc_item goodsDesc_item_even\"> <dt>V\u0117liavos Dydis<\/dt> <dd> 11.15x2.62 ft\/340x80 cm<\/dd> <\/dl> <dl class=\"goodsDesc_item\"> <dt>Bendras Auk\u0161tis (\u012eskaitant \u017dem\u0117s Smaigalys)<\/dt> <dd> 16.3 ft\/498.5 cm<\/dd> <\/dl> <dl class=\"goodsDesc_item goodsDesc_item_even\"> <dt>Pagrindin\u0117 Med\u017eiaga<\/dt> <dd> Aliuminio Lydinys Poli\u0173 + Stiklo<\/dd> <\/dl> <dl class=\"goodsDesc_item\"> <dt>Produkto Svoris<\/dt> <dd> 5.07 svar\u0173\/2.3 kg<\/dd> <\/dl> <\/div> <\/div>","protected":false},"excerpt":{"rendered":"<ul>\n<li> Premium Med\u017eiaga: Pagaminti i\u0161 auk\u0161tos kokyb\u0117s aliuminio lydinio, ir stiklo pluo\u0161to su 1mm storio, atviras v\u0117liavos, verslo, yra lengvas ir stiprus. Langai su stiklo vir\u0161uje yra ner\u016bdijantys ir lenkimo atsparus, si\u016blantis puikias v\u0117jo ir r\u016bd\u017ei\u0173, atsparumas ilgalaikiam naudoti lauko s\u0105lygomis. <\/li>\n<li> Didelio Dyd\u017eio, Didelio Vizualinis Poveikis: bendras auk\u0161tis: 16.3 p\u0117d\u0173 (\u012fskaitant \u017eem\u0117s kuolo), stiebo auk\u0161tis: 14.4 ft. Tai swooper v\u0117liavos stulpo tinka an 11.15 x 2.62 p\u0117d\u0173 plunksna v\u0117liava. Jo dyd\u012f, gerina v\u0117liavos matomum\u0105 ir atkreipia d\u0117mes\u012f, i\u0161 tolo, idealiai tinka lauko reklamai ir renginiams. Apima 1 banner v\u0117liavos, 1 lenkas, 1 \u017eem\u0117s kuolo. <\/li>\n<li> Patvarus Stretch Audinys V\u0117liava: Kiekviena reklama, v\u0117liavos yra kruop\u0161\u010diai kra\u0161tas jungiasi, dukart susiuvami, ir dukart apsi\u016bti, didesnio patvarumo. Pagaminti i\u0161 storos stretch audinys su dvipusis spausdinimas juodo audinio, jis pagerina spalv\u0173 sodrumas ir kontrastas, u\u017ekirsti keli\u0105 skaidrumo net foniniam ap\u0161vietimui. <\/li>\n<li> Ne\u0161iojam\u0173 ir Patogu: Tai paprasta reklama plunksn\u0173 v\u0117liavos rinkinys su snap-in jungtis ir plug-\u017eem\u0117s svarbiausius greitas ir paprastas surinkimas. Kartu su ne\u0161iojam\u0173 saugojimo mai\u0161el\u012f, tai yra lengva atlikti ir nustatyti lauko renginiuose, parodose, ar bet laikinos ekranas. <\/li>\n<li> Kaina-Veiksmingas Rinkodaros \u012erankis: Suderinama su \u012fvairiais plunksn\u0173 ar a\u0161aros \u0161aligatvio, tai atviras pasira\u0161yti u\u017e reklam\u0105, tinka \u012fvairi\u0173 komercini\u0173 ir \u012fvyki\u0173 nustatymai. Tai yra rentabilus pasirinkimas siekiant padidinti prek\u0117s \u017eenklo matomumo lauko veikla, ma\u017emenin\u0117s prekybos parduotuvi\u0173 vitrinoms, arba judri\u0173 gatvi\u0173. <\/li>\n<\/ul>","protected":false},"featured_media":326800,"comment_status":"closed","ping_status":"open","template":"","meta":{"om_disable_all_campaigns":false,"_monsterinsights_skip_tracking":false,"_monsterinsights_sitenote_active":false,"_monsterinsights_sitenote_note":"","_monsterinsights_sitenote_category":0,"_uf_show_specific_survey":0,"_uf_disable_surveys":false},"location":[1935,1934],"product_brand":[21],"product_cat":[3086,3085,2370,2427,2365],"product_tag":[],"class_list":{"0":"post-52169","1":"product","2":"type-product","3":"status-publish","4":"has-post-thumbnail","6":"location-supplier_stock_location","7":"location-local_stock_location","8":"product_brand-vevor","9":"product_cat-flagpoles-flags-outdoor-decor","10":"product_cat-flags-outdoor-decor","11":"product_cat-garden-center","12":"product_cat-outdoor-decor","13":"product_cat-outdoors","15":"first","16":"instock","17":"taxable","18":"shipping-taxable","19":"purchasable","20":"product-type-simple"},"aioseo_notices":[],"jetpack_sharing_enabled":true,"locations":[{"id":1935,"name":"Pieg\u0101d\u0101t\u0101ja noliktav\u0101 (5-7d.d.)","slug":"supplier_stock_location","quantity":"33"},{"id":1934,"name":"R\u012bgas veikal\u0101 (0-2d.d.)","slug":"local_stock_location","quantity":"0"}],"_links":{"self":[{"href":"https:\/\/vevorshop.lv\/lt\/wp-json\/wp\/v2\/product\/52169","targetHints":{"allow":["GET"]}}],"collection":[{"href":"https:\/\/vevorshop.lv\/lt\/wp-json\/wp\/v2\/product"}],"about":[{"href":"https:\/\/vevorshop.lv\/lt\/wp-json\/wp\/v2\/types\/product"}],"replies":[{"embeddable":true,"href":"https:\/\/vevorshop.lv\/lt\/wp-json\/wp\/v2\/comments?post=52169"}],"wp:featuredmedia":[{"embeddable":true,"href":"https:\/\/vevorshop.lv\/lt\/wp-json\/wp\/v2\/media\/326800"}],"wp:attachment":[{"href":"https:\/\/vevorshop.lv\/lt\/wp-json\/wp\/v2\/media?parent=52169"}],"wp:term":[{"taxonomy":"location","embeddable":true,"href":"https:\/\/vevorshop.lv\/lt\/wp-json\/wp\/v2\/location?post=52169"},{"taxonomy":"product_brand","embeddable":true,"href":"https:\/\/vevorshop.lv\/lt\/wp-json\/wp\/v2\/product_brand?post=52169"},{"taxonomy":"product_cat","embeddable":true,"href":"https:\/\/vevorshop.lv\/lt\/wp-json\/wp\/v2\/product_cat?post=52169"},{"taxonomy":"product_tag","embeddable":true,"href":"https:\/\/vevorshop.lv\/lt\/wp-json\/wp\/v2\/product_tag?post=52169"}],"curies":[{"name":"wp","href":"https:\/\/api.w.org\/{rel}","templated":true}]}}