{"id":52197,"date":"2024-11-19T21:04:56","date_gmt":"2024-11-19T21:04:56","guid":{"rendered":"http:\/\/vevorshop.edigo.lv\/Prece\/vevor-manual-sausage-stuffer-10-l-vertical-sausage-machine-304-stainless-steel\/"},"modified":"2026-02-26T16:44:08","modified_gmt":"2026-02-26T14:44:08","slug":"vevor-manual-sausage-stuffer-10-l-vertical-sausage-machine-304-stainless-steel","status":"publish","type":"product","link":"https:\/\/vevorshop.lv\/lt\/Prece\/vevor-manual-sausage-stuffer-10-l-vertical-sausage-machine-304-stainless-steel\/","title":{"rendered":"VEVOR 10L Vertikalus Rankinis De\u0161r\u0173 Kim\u0161tuvas, Dvigubas Greitis, 304 Ner\u016bdijantis Plienas, 5 Antgaliai, Nam\u0173 ir Komerciniam Naudojimui"},"content":{"rendered":"<div style=\"color: #fff!important; font-size: 16px; height: 24px; line-height: 24px; margin-top: -24px; \" class=\"product_original_name\">VEVOR Manual Sausage Stuffer, 10 L \/ 22 LBS Vertical Sausage Machine, Dual-Speed Meat Stuffer, Made of Food-Grade 304 Stainless Steel, Includes 5 Stuffing Tubes, for Home Kitchen Restaurant Commercial<\/div>\n<div style=\"color: #fff!important; font-size: 16px; height: 24px; line-height: 24px; margin-top: -24px; \" class=\"product_sku\">M4I4LYJU<\/div>\n<div style=\"color: #fff!important; font-size: 16px; height: 24px; line-height: 24px; margin-top: -24px; \" class=\"product_mpn\">SDLSBXGGCJ10YFOKMV0<\/div><div id=\"js-DM_at-goodDescRich\"><html><head><style>  body {    font-family: Arial;    line-height: 1.5;    color: #1c1c1c;    overflow-x: hidden;    margin: 0;    padding: 0;  }  .MsoNormal b {    font-weight: bolder;  }<\/style><style>  .container.small {    width: 970px;    margin: 0 auto;  }  .logo {    margin: 0 auto 0;  }  .logo img {    display: block;    margin: 0 auto;    max-width: 100%;  }  .logo .pc-banner {    display: block;    width: 1200px;    height: 247.4px;    margin: 0 auto;  }  .logo .pc-banner.small {    width: 970px;  }  .logo .pc-banner.small img {    height: auto!important;  }  .logo .m-banner {    display: none;  }  .ytvideo {    position: relative;    height: 546px;    width: 100%;    margin: 0 auto;  }  .ytvideo img {    width: 100%;    margin: 0 auto;  }  .ytvideo .play-btn {    width: 60px;    height: 42px;    position: absolute;    top: 50%;    left: 50%;    transform: translate(-50%, -50%);    background: url(\"data:image\/png;base64,iVBORw0KGgoAAAANSUhEUgAAAGQAAABGCAMAAAANWMFbAAAC+lBMVEUAAADBGB3kLCfBGB3kLCfcJC7BFx3KKSbiKybkLCbWJCPSIiLSIiLPICHAFx3kLCfgKSXNHiDZJiTIGx\/p4eHcjo7LHSDbJyTkLCbjKyfOHyHPIiL28fHJHB\/GGh7EGR7eKCXDGB3RISHlLSbBGB3AFxzGHB7DGB7BGB3hKybkKybAFx3lLCfAFxzDGR3hKibDGB7cJyTmz8\/elJTlwcHjurrUIyLlLSflLSfAFx3DGR7lLSfCFx3hKibhKibhKybjKybkLCblLSfbJSX49vbx7e3NNzjNMTLMJyjVIyLZf3\/ZQ0LaeHjx0tLgoqLkLCfCGB3HGx\/BGB3BFx3PICHCGB7WJCLOHyC\/Fxy\/Fx3lLCfQISHkLSe\/FxzbJiTBFx3FGx\/AGB7BFx3EGR7AGB3HHSDfKiXAFh3TISHYNzbhKibbJyTTIiL57e325+f039\/v2NjUV1fOHiHiqanfmprch4feKSXVIyPOICHmLibFGh\/mLSe\/Fx7XJCPeKSXXJSPNHyHaJyTGGh7lLCbmLCflLSjSIiLkLCbdKSXLHiC\/GB3KHh++Fh3lKyfoLiXcKCPkx8fYb2\/XaGfVXl3aU1LLHiDksbHgKibPICHbJyTfKSXbJyTCGB3KHSDiKybFGh7TIiL\/\/\/\/VIyPRISHIHB\/GGx\/HHB\/DGR7gKibdKCXLHiDZJiTMHiDNHyHYJSTOICHPICHWJCPcKCXXJSPjLCblLCf+\/f3NGR\/uLijzLynPGR\/IGB7WISHaIyLLGh7UAADxLynNAADRLzDbICLQAADIAAD3MCrUHSHXMTDpKSbLAADp5OTij4\/ejo\/VLy\/1LyngJSTcJCPQHx\/OHB7+\/PzaMS\/OLS\/vLijrLSjSAADaNTPwLyjkKSbNJCbYISHPHB\/KGB7WAAD7+vrn3d3aKynTKCjoLCfsKifRGh\/YAADq5+fhjo7QNDXXKCfmJyXt5+fTLzDLLi\/QKivYHRvMGBrQJCXLISPMExXLDxLaEAvkkI\/bOTfaFQ\/SCgpvLcnHAAAAmnRSTlMA+vv7+gT9Bvf9+8z8\/NSv\/Pr5+P7++vnQIBMP\/v38\/Pn348XDiCYf9OjbzcqxXVcx\/fz8+\/rj1r2poo1+fXFqX0orGP7+\/v7+\/fz8+\/r68uzn4trIxsG\/vri3p6GcmZSNbWVYUUZEPQv+\/f39+\/v7+\/v7+vr64tvV1NTTz87FtbSurqeblJKFg4B3bUY+NjL7+\/v7+\/v67t1cDo8JLQAABkRJREFUWMO0kz9rwkAYh0OIeJkum6YugUAhISCdKoj\/P4C7SMdS+gEKIhSKil10LSg4mzXkILdlEpxCpwTiWOLX6BujvQaEQuGeHLnL+\/64J+SIcKGYTYWnntpdLjrVdqvZmNdn0+EE40GtpuuWVS6Xx6N7YDSGpWXpeq02wHgynM7q80az1a52HpddtVcpsi1zFARBrdaxbhp9iUReTGmwA4KAAr7vx3EYejnCMI6hQYEgy0LQi4jUN0wL19vqFcUC9\/1dAKmEEFkWRYkh5oBejnxQJiSJPJ\/uKBp0Thszx9Mw8hMRIQjKsptCfuES9zr5WJY6vSFCIvE9fCMUmEM1A1kSXcYGxgVYsvI1IPKTZciSTI0us\/SMGG04gDzELDoFBwdcFJrF88dqgYMTiL6DILWYyfOWE8\/kIz38olCNlC03FK95+imxp6y4oUSvAnBjHHhKNtotSDqJzVFiK8c2SBqhZtsrTtgrLXwAyduxZHNE26eHUt5rtuM4WSmds3G+sUdWYo1L+XyxButoh5eKUHk5lByO3G1LqqCWVnfrv\/lyPtf\/4ps1cndNGIri8J1TJ0lx6dR\/oPjq1nbRwdp2dCk4CtIOLW3pVKRL6WZfS5vF2KkIQhpwSsjiYIgNCs1gEMGqiIq24NQX9NwoXFy8Ufrl3twTcg4fv8T9\/JBEySduj6Mjm4bMzYV7EEOxKjjoNDud7yY3Dy71Hq2oLmqfbNR723edH9PgMrNL2utoQ3VmaIDkiw\/4w51P06hlZsTZvkRrbVuSIs\/zwSOsycgzStQouoAkWQqioRT5XI7n2Z1wfVhoZmcAJLsoqjqpjbWCgpOAJXBwHK8PzWbNvoUZJND5wCnSkLAkZ1legx6vqQzjoiTahKlGUGLAiIIoABOHaNVw4sexZBym6\/HWlH5h3IC7yRbxtipcWxdTOkORKiNQAEkFf66x5S2oeRbroOlLgg0sSYkR0hRGEqJZ0jTPiQKatESdBckpWigxaapEH0lImHdWu9pUFF2XqMNM2Z4kped7IwEJw2qabwtrQqnpw6HyKkgcadKWsmpywwesDyIhYRpdzXddqegtGIJlXbAIUMOLkGxJUjRIkokwjUaX9d\/kK62ps\/tYUqZLIMkLTyBhsMZ3C5Z\/kDxOSCb\/DOs\/\/J0qcWSX\/2ipe56EgTCA4\/cB7NAYOsni4mZM1MUPAISoEwkDi4lhVBQ1cWQyIcwalw4EpqZN68JUSK7XC0kTlkLYii5uXSC8jT5ncCAS7mjCv0uHp\/3lueHEEAeQ\/\/VgmdN71\/2uCSA1Xr6DO6uI6sW56zqT2tp2PhgiRUAajV8CY2fkcz6WGNKMgLAt7tJAhD4YHMTeRxlALE6+43WqjSWi8ITxyJl8WrwWSNESQZZOqhDDntO3hJLsd5RtSpbJqdv3YrDJH3F7jL1R2O2aQkn2MyCyKYz0GPGIvSAMgBCrCEiJyKbBaYGwLW4uPRr0A0M4Ux5kUI7IBh+hMdiCEWNqhMZGyYMsOgNE58UQuEQeUnSWCMYwL54hkxK6IoqucQZbQ3pc3XtL0lky1dL0zZJJDpWJovFqpWj6JEHnyam2eQp5QRVAVHjWparTOaVwUOx99YS2MvgxIGV0bb+qIg2HX2qkFFJB+XZcbLiuRkuxD9GRroKyveLxdh4d7Orx+hb7qc3uVRuEogCOnyIxm4ubUoPgF4jianDrC+SDQDKEfJb0GUKmjCGPYHGJvVC6X4hw1\/sAfQAdfYyephIaspXe36RwOP+Ljvfx9B6B3i+Nk0DGq+oCbLn6JpBa9nWAveAIHwFAwtVcIJXPMPL8kRu5OAYPMaL1WScTxjiZDqB9LTJSWphow\/pTYKRTLjCBhvi9iBidvKcDasGSm0QQkycYuLBqj6QCELPctqChDWpTRMWkngNNpQ1Pfp1KkiT\/Y0DGffXAweUNfLAfaJFKDwhb6I+bkYRbkERoEeu3Fyjg2opMz2daZCS9jt6Q7txNfB+OZEVF6Zl5web2xunnLQrtrjXseXKaFYziYINeMFZVxS9VxRhOoesYwxPKXm+gWLG9cuFeq93UNNeJNsf1KlwuDok9n02n3TgIJpOxNfL9naIoQwXtfH9kjceTIIi709ncTg6LZbg+biLH1V6u\/7rxBem06VXKn9raAAAAAElFTkSuQmCC\")      no-repeat center center \/ contain;  }  @media screen and (max-width: 960px) and (orientation: portrait) {    .logo {      width: 100%;    }    .logo .pc-banner {      display: none;    }    .logo .m-banner {      display: block;      width: 100%;    }    .logo .m-banner img {      height: auto!important;    }    .ytvideo {      height: 200px;      width: 100%;    }  }<\/style><style>  .video-section {    width: 100%;    margin: 0 auto;  }  .video-section > img {    width: 100%;  }  .video-section iframe,  .video-section video {    width: 100%;    height: 100%;      }  .video-section-img-m,  .video-section-img-pc > img {    width: 100%;    height: auto;  }  .video-section-img-pc.small > img {    width: 970px;  }  .video-desc {    line-height: 1.5;    font-size: 20px;    font-weight: 400;    margin: 20px 0;    text-align: center;    color: #0f1111;    word-break: break-word;  }  @media screen and (max-width: 960px) and (orientation: portrait) {    .video-section {      width: 100%;    }    .video-section-pc,    .video-section-img-pc {      display: none;    }    .video-section-m,    .video-section-img-m {      display: block;    }    .video-desc {      font-size: 15px;    }  }  @media screen and (min-width: 960px) {    .video-section {      width: 100%;      margin: 0 auto;    }    .video-section-pc,    .video-section-img-pc {      display: block;    }    .video-section-m,    .video-section-img-m {      display: none;    }    .video-desc {      font-size: 20px;    }  }<\/style><style>  .section + .section {    margin-top: 35px;  }  .section-title {    text-align: center;    font-weight: bold;    color: #0d1111;    font-family: \"Arial\";    font-size: 32px;    margin: 15px 0;  }  .section-title:empty {    display: none;  }  .section-desc {    text-align: center;    font-weight: normal;    color: #0d1111;    margin-top: 20px;  }  .section-desc:empty {    display: none;  }  .section-img {    width: 1200px;    height: 492px;    margin: 0 auto;    display: block;  }  .section-img.small {    width: 970px;    height: auto;  }  .section-img.small > img {    height: auto;  }  .section-img > img {    width: 100%;    height: 100%;  }  .section-mobile-img {    display: none;    max-width: 100vw;    max-height: 75vw;    height: 450px;    margin: 0 auto;  }  .section-mobile-img > img {    width: 100%;    height: 100%;  }  @media screen and (max-width: 960px) and (orientation: portrait) {    .container {      width: 100%;    }    .container.small {      width: 100%;    }    .section-mobile-img {      display: block;    }    .section-img {      display: none;    }    .section-title {      font-size: 22px;      margin: 10px 0;    }    .section-desc {      margin-top: 10px;    }    .section + .section {      margin-top: 20px;    }  }<\/style><\/head><body><div class=\"container small\"><div class=\"logo\"><div class=\"pc-banner small\"><div><img decoding=\"async\" src=\"\/vevor\/vevor\/boutique-banner\/pc\/en-pc@1x.jpg\" style=\"width: 100%;\" \/><\/div><\/div><div class=\"m-banner\"><div><img decoding=\"async\" src=\"\/vevor\/vevor\/boutique-banner\/mobile\/en-m@1x.jpg\" style=\"width: 100%;\" \/><\/div><\/div><\/div><div class=\"section-title\">Komercin\u0117s De\u0161ra Stuffer Ma\u0161ina<\/div><div class=\"video-section\"><div class=\"video-section-img-pc small\"><img decoding=\"async\" src=\"\/vevor\/product\/SDLSBXGGCJ10YFOKM\/sausage-stuffer-a100-1.4-pt.jpg\" \/><\/div><div class=\"video-section-img-m\"><img decoding=\"async\" src=\"\/vevor\/product\/SDLSBXGGCJ10YFOKM\/sausage-stuffer-a100-1.4-pt.jpg\" \/><\/div><div class=\"section-desc\">Tai 10 L \/ 22 lbs de\u0161ra stuffer yra 2 oro i\u0161leidimo vo\u017etuvai, gaminant de\u0161ras, kad yra sandariai supakuotas, su minimaliomis oro burbuliuk\u0173. Per de\u0161reli\u0173 kim\u0161imui, jums gali reguliuoti greit\u012f greitas arba l\u0117tas efektyvi. Jis idealiai tinka komercin\u0117s paskirties prekybos centruose, restoranuose, ir daugiau.<\/div><\/div><div class=\"section\"><div class=\"section-title\"><\/div><div class=\"section-img small\"><img decoding=\"async\" src=\"\/vevor\/product\/SDLSBXGGCJ10YFOKM\/sausage-stuffer-a100-2.2-pt.jpg\" \/><\/div><div class=\"section-mobile-img\"><img decoding=\"async\" src=\"\/vevor\/product\/SDLSBXGGCJ10YFOKM\/sausage-stuffer-a100-2.2-pt.jpg\" \/><\/div><div class=\"section-desc\">10 L \/ 22 lbs paj\u0117gumai leid\u017eia padaryti daugiau de\u0161ros ne vien\u0105 kart\u0105. Su kilnojama barel\u012f dizainas leid\u017eia jums supilkite med\u017eiagos tiesiai ir greitai, kad de\u0161ros.<\/div><\/div><div class=\"section\"><div class=\"section-title\"><\/div><div class=\"section-img small\"><img decoding=\"async\" src=\"\/vevor\/product\/SDLSBXGGCJ10YFOKM\/sausage-stuffer-a100-2.3-pt.jpg\" \/><\/div><div class=\"section-mobile-img\"><img decoding=\"async\" src=\"\/vevor\/product\/SDLSBXGGCJ10YFOKM\/sausage-stuffer-a100-2.3-pt.jpg\" \/><\/div><div class=\"section-desc\">2-grei\u010dio reguliavimas leid\u017eia laisvai grei\u010dio reguliavimas, grind\u017eiamas de\u0161ra s\u0105lygas, u\u017etikrinant optimal\u0173 de\u0161ra tekst\u016bros. 2 i\u0161metimo vo\u017etuvai dizainas, \u0161alina perteklin\u012f or\u0105, suma\u017einti de\u0161ra burbuliuk\u0173.<\/div><\/div><div class=\"section\"><div class=\"section-title\"><\/div><div class=\"section-img small\"><img decoding=\"async\" src=\"\/vevor\/product\/SDLSBXGGCJ10YFOKM\/sausage-stuffer-a100-2.4-pt.jpg\" \/><\/div><div class=\"section-mobile-img\"><img decoding=\"async\" src=\"\/vevor\/product\/SDLSBXGGCJ10YFOKM\/sausage-stuffer-a100-2.4-pt.jpg\" \/><\/div><div class=\"section-desc\">Pagaminti i\u0161 tvirto ner\u016bdijan\u010dio plieno, jis yra atsparus korozijai ir ilgaam\u017eiai. Visos dalys, kurios lie\u010diasi su maistu, yra pagaminti i\u0161 maisto kokyb\u0117s ner\u016bdijan\u010dio plieno SUS304, u\u017etikrinti saugum\u0105 ir ilgaam\u017ei\u0161kum\u0105.<\/div><\/div><div class=\"section\"><div class=\"section-title\"><\/div><div class=\"section-img small\"><img decoding=\"async\" src=\"\/vevor\/product\/SDLSBXGGCJ10YFOKM\/sausage-stuffer-a100-2.5-pt.jpg\" \/><\/div><div class=\"section-mobile-img\"><img decoding=\"async\" src=\"\/vevor\/product\/SDLSBXGGCJ10YFOKM\/sausage-stuffer-a100-2.5-pt.jpg\" \/><\/div><div class=\"section-desc\">Sudaro 5 skirting\u0173 skersmuo de\u0161ra vamzd\u017eiai u\u017e de\u0161ros \u012fvairi\u0173 dyd\u017ei\u0173, tinka naudoti virtuves, barai, restoranai, maisto perdirbimo \u012frenginius.<\/div><\/div><div class=\"section\"><div class=\"section-img small\"><img decoding=\"async\" src=\"\/vevor\/product\/SDLSBXGGCJ10YFOKM\/sausage-stuffer-a100-1.11-pt.jpg\" \/><\/div><div class=\"section-mobile-img\"><img decoding=\"async\" src=\"\/vevor\/product\/SDLSBXGGCJ10YFOKM\/sausage-stuffer-a100-1.11-pt.jpg\" \/><\/div><\/div><\/div><\/body><\/html><\/div>\n<div class=\"DM_at-title\" id=\"js-DM_at-title\"> <div>Produkto specifikacija<\/div> <i class=\"icon-arrowup_line\"><\/i> <\/div><div class=\"DM_at-goodsDescAttr\" id=\"js-DM_at-goodsDescAttr\"> <div class=\"DM_at-goodsDescAttrInner\"> <dl class=\"goodsDesc_item goodsDesc_item_even\"> <dt>Prek\u0117s Modelio Numeris<\/dt> <dd> XZ-10L<\/dd> <\/dl> <dl class=\"goodsDesc_item\"> <dt>Talpa<\/dt> <dd> 10 L \/ 22 lbs<\/dd> <\/dl> <dl class=\"goodsDesc_item goodsDesc_item_even\"> <dt>Grei\u010dio Pavara<\/dt> <dd> 2 Pavaras<\/dd> <\/dl> <dl class=\"goodsDesc_item\"> <dt>Pagrindin\u0117 Med\u017eiaga<\/dt> <dd> 304 Ner\u016bdijan\u010dio Plieno<\/dd> <\/dl> <dl class=\"goodsDesc_item goodsDesc_item_even\"> <dt>Produkto Svoris<\/dt> <dd> 14.2 kg \/ 31.3 lbs<\/dd> <\/dl> <dl class=\"goodsDesc_item\"> <dt>Gaminio Dydis<\/dt> <dd> 366 x 328 x 605 mm \/ 14.4 x 12.9 x 23.8 \u012f<\/dd> <\/dl> <\/div> <\/div>","protected":false},"excerpt":{"rendered":"<ul>\n<li> Dual Grei\u010dio Reguliavimas (Greitas\/L\u0117tas): Si\u016blo du grei\u010dius: greitai, greitai de\u0161ra pildymo ir l\u0117tai tiksliai korpusas pildymo. Jis pasi\u017eymi ergonomi\u0161ko dizaino patogus rankenos efektyviai ir lengvai valdyti. <\/li>\n<li> 2 Oro I\u0161leidimo Vo\u017etuvai: Paspaudus i\u0161skiria daugiau oro, nebereikia ki\u0161ti daug skyli\u0173 \u012f korpus\u0105 pa\u0161alinti burbuliukus, taip i\u0161vengiant korpuso \u012ftr\u016bkimas ir de\u0161reli\u0173 kim\u0161imui tr\u016bkumus. <\/li>\n<li> \u012evairi\u0173 Tip\u0173 Priedai: \u012erengtas su 5 skirting\u0173 dyd\u017ei\u0173 de\u0161ra vamzd\u017eiai ir priedai u\u017e de\u0161ros, kar\u0161tai \u0161unys, churros ir kt. Tinka tiek komercini\u0173, tiek naudoti namuose. <\/li>\n<li> Didelis 10 L \/ 22 lbs Talpa: 10 L \/ 22 lbs didel\u0117s talpos statin\u0117, ji gali dirbti su didelio masto de\u0161r\u0173 gamybos, puikiai tinka komercini\u0173 program\u0173, toki\u0173 kaip prekybos centrai, restoranai, maisto perdirbimo gamyklas, ar naudoti namuose. <\/li>\n<li> Maisto Klas\u0117s Med\u017eiaga: Pagaminti daugiausia i\u0161 tvirto ner\u016bdijan\u010dio plieno k\u0117bulas, baz\u0117s, cilindro, ir vamzd\u017ei\u0173. Komponentai, tiesiogiai besilie\u010dian\u010di\u0173 su maistu, yra pagamintas i\u0161 SUS304 med\u017eiaga, pos\u0117dis maisto higienos reikalavim\u0173, siekiant u\u017etikrinti, kiekvienas \u012fkandimas yra saugus. Jungiam\u0105j\u0105 dizainas palengvina lengva valyti. <\/li>\n<\/ul>","protected":false},"featured_media":326915,"comment_status":"closed","ping_status":"open","template":"","meta":{"om_disable_all_campaigns":false,"_monsterinsights_skip_tracking":false,"_monsterinsights_sitenote_active":false,"_monsterinsights_sitenote_note":"","_monsterinsights_sitenote_category":0,"_uf_show_specific_survey":0,"_uf_disable_surveys":false},"location":[1935,1934],"product_brand":[21],"product_cat":[2445,2559,2560,2449],"product_tag":[],"class_list":{"0":"post-52197","1":"product","2":"type-product","3":"status-publish","4":"has-post-thumbnail","6":"location-supplier_stock_location","7":"location-local_stock_location","8":"product_brand-vevor","9":"product_cat-appliances","10":"product_cat-meat-poultry-tools","11":"product_cat-sausage-stuffers","12":"product_cat-small-kitchen-appliances","14":"first","15":"outofstock","16":"taxable","17":"shipping-taxable","18":"purchasable","19":"product-type-simple"},"aioseo_notices":[],"jetpack_sharing_enabled":true,"locations":[{"id":1935,"name":"Pieg\u0101d\u0101t\u0101ja noliktav\u0101 (5-7d.d.)","slug":"supplier_stock_location","quantity":"0"},{"id":1934,"name":"R\u012bgas veikal\u0101 (0-2d.d.)","slug":"local_stock_location","quantity":"0"}],"_links":{"self":[{"href":"https:\/\/vevorshop.lv\/lt\/wp-json\/wp\/v2\/product\/52197","targetHints":{"allow":["GET"]}}],"collection":[{"href":"https:\/\/vevorshop.lv\/lt\/wp-json\/wp\/v2\/product"}],"about":[{"href":"https:\/\/vevorshop.lv\/lt\/wp-json\/wp\/v2\/types\/product"}],"replies":[{"embeddable":true,"href":"https:\/\/vevorshop.lv\/lt\/wp-json\/wp\/v2\/comments?post=52197"}],"wp:featuredmedia":[{"embeddable":true,"href":"https:\/\/vevorshop.lv\/lt\/wp-json\/wp\/v2\/media\/326915"}],"wp:attachment":[{"href":"https:\/\/vevorshop.lv\/lt\/wp-json\/wp\/v2\/media?parent=52197"}],"wp:term":[{"taxonomy":"location","embeddable":true,"href":"https:\/\/vevorshop.lv\/lt\/wp-json\/wp\/v2\/location?post=52197"},{"taxonomy":"product_brand","embeddable":true,"href":"https:\/\/vevorshop.lv\/lt\/wp-json\/wp\/v2\/product_brand?post=52197"},{"taxonomy":"product_cat","embeddable":true,"href":"https:\/\/vevorshop.lv\/lt\/wp-json\/wp\/v2\/product_cat?post=52197"},{"taxonomy":"product_tag","embeddable":true,"href":"https:\/\/vevorshop.lv\/lt\/wp-json\/wp\/v2\/product_tag?post=52197"}],"curies":[{"name":"wp","href":"https:\/\/api.w.org\/{rel}","templated":true}]}}