{"id":52458,"date":"2024-11-19T21:35:55","date_gmt":"2024-11-19T21:35:55","guid":{"rendered":"http:\/\/vevorshop.edigo.lv\/Prece\/vevor-rattan-console-table-with-2-storage-drawers-rattan-sliding-door-natural\/"},"modified":"2026-04-20T02:16:11","modified_gmt":"2026-04-19T23:16:11","slug":"vevor-rattan-console-table-with-2-storage-drawers-rattan-sliding-door-natural","status":"publish","type":"product","link":"https:\/\/vevorshop.lv\/lt\/Prece\/vevor-rotango-konsoles-stalas-su-2-sandeliavimo-stalciais-rotango-stumdomos-durys-naturalios\/","title":{"rendered":"VEVOR nat\u016bralios rotango konsolinis stalas su 2 stal\u010diais ir stumdomomis durimis, daugiafunkcis prie\u0161kambario ar svetain\u0117s stalas"},"content":{"rendered":"<div style=\"color: #fff!important; font-size: 16px; height: 24px; line-height: 24px; margin-top: -24px; \" class=\"product_original_name\">VEVOR rotango konsol\u0117s stalas su 2 laikymo stal\u010diais, rotango \u012f\u0117jimo stalas su nat\u016braliomis rotango stumdomomis durimis, konsol\u0117s sofos stalas svetainei, darbo kambariui, \u012f\u0117jimo arba televizoriaus sienai, nat\u016bralus<\/div>\n<div style=\"color: #fff!important; font-size: 16px; height: 24px; line-height: 24px; margin-top: -24px; \" class=\"product_sku\">M4I4LZSS<\/div>\n<div style=\"color: #fff!important; font-size: 16px; height: 24px; line-height: 24px; margin-top: -24px; \" class=\"product_mpn\">TBXGZ2CMSYGBWFU0TV0<\/div><div id=\"js-DM_at-goodDescRich\"><html><head><style>  body {    font-family: Arial;    line-height: 1.5;    color: #1c1c1c;    overflow-x: hidden;    margin: 0;    padding: 0;  }  .MsoNormal b {    font-weight: bolder;  }<\/style><style>  .container.small {    width: 970px;    margin: 0 auto;  }  .logo {    margin: 0 auto 0;  }  .logo img {    display: block;    margin: 0 auto;    max-width: 100%;  }  .logo .pc-banner {    display: block;    width: 1200px;    height: 247.4px;    margin: 0 auto;  }  .logo .pc-banner.small {    width: 970px;  }  .logo .pc-banner.small img {    height: auto!important;  }  .logo .m-banner {    display: none;  }  .ytvideo {    position: relative;    height: 546px;    width: 100%;    margin: 0 auto;  }  .ytvideo img {    width: 100%;    margin: 0 auto;  }  .ytvideo .play-btn {    width: 60px;    height: 42px;    position: absolute;    top: 50%;    left: 50%;    transform: translate(-50%, -50%);    background: url(\"data:image\/png;base64,iVBORw0KGgoAAAANSUhEUgAAAGQAAABGCAMAAAANWMFbAAAC+lBMVEUAAADBGB3kLCfBGB3kLCfcJC7BFx3KKSbiKybkLCbWJCPSIiLSIiLPICHAFx3kLCfgKSXNHiDZJiTIGx\/p4eHcjo7LHSDbJyTkLCbjKyfOHyHPIiL28fHJHB\/GGh7EGR7eKCXDGB3RISHlLSbBGB3AFxzGHB7DGB7BGB3hKybkKybAFx3lLCfAFxzDGR3hKibDGB7cJyTmz8\/elJTlwcHjurrUIyLlLSflLSfAFx3DGR7lLSfCFx3hKibhKibhKybjKybkLCblLSfbJSX49vbx7e3NNzjNMTLMJyjVIyLZf3\/ZQ0LaeHjx0tLgoqLkLCfCGB3HGx\/BGB3BFx3PICHCGB7WJCLOHyC\/Fxy\/Fx3lLCfQISHkLSe\/FxzbJiTBFx3FGx\/AGB7BFx3EGR7AGB3HHSDfKiXAFh3TISHYNzbhKibbJyTTIiL57e325+f039\/v2NjUV1fOHiHiqanfmprch4feKSXVIyPOICHmLibFGh\/mLSe\/Fx7XJCPeKSXXJSPNHyHaJyTGGh7lLCbmLCflLSjSIiLkLCbdKSXLHiC\/GB3KHh++Fh3lKyfoLiXcKCPkx8fYb2\/XaGfVXl3aU1LLHiDksbHgKibPICHbJyTfKSXbJyTCGB3KHSDiKybFGh7TIiL\/\/\/\/VIyPRISHIHB\/GGx\/HHB\/DGR7gKibdKCXLHiDZJiTMHiDNHyHYJSTOICHPICHWJCPcKCXXJSPjLCblLCf+\/f3NGR\/uLijzLynPGR\/IGB7WISHaIyLLGh7UAADxLynNAADRLzDbICLQAADIAAD3MCrUHSHXMTDpKSbLAADp5OTij4\/ejo\/VLy\/1LyngJSTcJCPQHx\/OHB7+\/PzaMS\/OLS\/vLijrLSjSAADaNTPwLyjkKSbNJCbYISHPHB\/KGB7WAAD7+vrn3d3aKynTKCjoLCfsKifRGh\/YAADq5+fhjo7QNDXXKCfmJyXt5+fTLzDLLi\/QKivYHRvMGBrQJCXLISPMExXLDxLaEAvkkI\/bOTfaFQ\/SCgpvLcnHAAAAmnRSTlMA+vv7+gT9Bvf9+8z8\/NSv\/Pr5+P7++vnQIBMP\/v38\/Pn348XDiCYf9OjbzcqxXVcx\/fz8+\/rj1r2poo1+fXFqX0orGP7+\/v7+\/fz8+\/r68uzn4trIxsG\/vri3p6GcmZSNbWVYUUZEPQv+\/f39+\/v7+\/v7+vr64tvV1NTTz87FtbSurqeblJKFg4B3bUY+NjL7+\/v7+\/v67t1cDo8JLQAABkRJREFUWMO0kz9rwkAYh0OIeJkum6YugUAhISCdKoj\/P4C7SMdS+gEKIhSKil10LSg4mzXkILdlEpxCpwTiWOLX6BujvQaEQuGeHLnL+\/64J+SIcKGYTYWnntpdLjrVdqvZmNdn0+EE40GtpuuWVS6Xx6N7YDSGpWXpeq02wHgynM7q80az1a52HpddtVcpsi1zFARBrdaxbhp9iUReTGmwA4KAAr7vx3EYejnCMI6hQYEgy0LQi4jUN0wL19vqFcUC9\/1dAKmEEFkWRYkh5oBejnxQJiSJPJ\/uKBp0Thszx9Mw8hMRIQjKsptCfuES9zr5WJY6vSFCIvE9fCMUmEM1A1kSXcYGxgVYsvI1IPKTZciSTI0us\/SMGG04gDzELDoFBwdcFJrF88dqgYMTiL6DILWYyfOWE8\/kIz38olCNlC03FK95+imxp6y4oUSvAnBjHHhKNtotSDqJzVFiK8c2SBqhZtsrTtgrLXwAyduxZHNE26eHUt5rtuM4WSmds3G+sUdWYo1L+XyxButoh5eKUHk5lByO3G1LqqCWVnfrv\/lyPtf\/4ps1cndNGIri8J1TJ0lx6dR\/oPjq1nbRwdp2dCk4CtIOLW3pVKRL6WZfS5vF2KkIQhpwSsjiYIgNCs1gEMGqiIq24NQX9NwoXFy8Ufrl3twTcg4fv8T9\/JBEySduj6Mjm4bMzYV7EEOxKjjoNDud7yY3Dy71Hq2oLmqfbNR723edH9PgMrNL2utoQ3VmaIDkiw\/4w51P06hlZsTZvkRrbVuSIs\/zwSOsycgzStQouoAkWQqioRT5XI7n2Z1wfVhoZmcAJLsoqjqpjbWCgpOAJXBwHK8PzWbNvoUZJND5wCnSkLAkZ1legx6vqQzjoiTahKlGUGLAiIIoABOHaNVw4sexZBym6\/HWlH5h3IC7yRbxtipcWxdTOkORKiNQAEkFf66x5S2oeRbroOlLgg0sSYkR0hRGEqJZ0jTPiQKatESdBckpWigxaapEH0lImHdWu9pUFF2XqMNM2Z4kped7IwEJw2qabwtrQqnpw6HyKkgcadKWsmpywwesDyIhYRpdzXddqegtGIJlXbAIUMOLkGxJUjRIkokwjUaX9d\/kK62ps\/tYUqZLIMkLTyBhsMZ3C5Z\/kDxOSCb\/DOs\/\/J0qcWSX\/2ipe56EgTCA4\/cB7NAYOsni4mZM1MUPAISoEwkDi4lhVBQ1cWQyIcwalw4EpqZN68JUSK7XC0kTlkLYii5uXSC8jT5ncCAS7mjCv0uHp\/3lueHEEAeQ\/\/VgmdN71\/2uCSA1Xr6DO6uI6sW56zqT2tp2PhgiRUAajV8CY2fkcz6WGNKMgLAt7tJAhD4YHMTeRxlALE6+43WqjSWi8ITxyJl8WrwWSNESQZZOqhDDntO3hJLsd5RtSpbJqdv3YrDJH3F7jL1R2O2aQkn2MyCyKYz0GPGIvSAMgBCrCEiJyKbBaYGwLW4uPRr0A0M4Ux5kUI7IBh+hMdiCEWNqhMZGyYMsOgNE58UQuEQeUnSWCMYwL54hkxK6IoqucQZbQ3pc3XtL0lky1dL0zZJJDpWJovFqpWj6JEHnyam2eQp5QRVAVHjWparTOaVwUOx99YS2MvgxIGV0bb+qIg2HX2qkFFJB+XZcbLiuRkuxD9GRroKyveLxdh4d7Orx+hb7qc3uVRuEogCOnyIxm4ubUoPgF4jianDrC+SDQDKEfJb0GUKmjCGPYHGJvVC6X4hw1\/sAfQAdfYyephIaspXe36RwOP+Ljvfx9B6B3i+Nk0DGq+oCbLn6JpBa9nWAveAIHwFAwtVcIJXPMPL8kRu5OAYPMaL1WScTxjiZDqB9LTJSWphow\/pTYKRTLjCBhvi9iBidvKcDasGSm0QQkycYuLBqj6QCELPctqChDWpTRMWkngNNpQ1Pfp1KkiT\/Y0DGffXAweUNfLAfaJFKDwhb6I+bkYRbkERoEeu3Fyjg2opMz2daZCS9jt6Q7txNfB+OZEVF6Zl5web2xunnLQrtrjXseXKaFYziYINeMFZVxS9VxRhOoesYwxPKXm+gWLG9cuFeq93UNNeJNsf1KlwuDok9n02n3TgIJpOxNfL9naIoQwXtfH9kjceTIIi709ncTg6LZbg+biLH1V6u\/7rxBem06VXKn9raAAAAAElFTkSuQmCC\")      no-repeat center center \/ contain;  }  @media screen and (max-width: 960px) and (orientation: portrait) {    .logo {      width: 100%;    }    .logo .pc-banner {      display: none;    }    .logo .m-banner {      display: block;      width: 100%;    }    .logo .m-banner img {      height: auto!important;    }    .ytvideo {      height: 200px;      width: 100%;    }  }<\/style><style>  .video-section {    width: 100%;    margin: 0 auto;  }  .video-section > img {    width: 100%;  }  .video-section iframe,  .video-section video {    width: 100%;    height: 100%;      }  .video-section-img-m,  .video-section-img-pc > img {    width: 100%;    height: auto;  }  .video-section-img-pc.small > img {    width: 970px;  }  .video-desc {    line-height: 1.5;    font-size: 20px;    font-weight: 400;    margin: 20px 0;    text-align: center;    color: #0f1111;    word-break: break-word;  }  @media screen and (max-width: 960px) and (orientation: portrait) {    .video-section {      width: 100%;    }    .video-section-pc,    .video-section-img-pc {      display: none;    }    .video-section-m,    .video-section-img-m {      display: block;    }    .video-desc {      font-size: 15px;    }  }  @media screen and (min-width: 960px) {    .video-section {      width: 100%;      margin: 0 auto;    }    .video-section-pc,    .video-section-img-pc {      display: block;    }    .video-section-m,    .video-section-img-m {      display: none;    }    .video-desc {      font-size: 20px;    }  }<\/style><style>  .section + .section {    margin-top: 35px;  }  .section-title {    text-align: center;    font-weight: bold;    color: #0d1111;    font-family: \"Arial\";    font-size: 32px;    margin: 15px 0;  }  .section-title:empty {    display: none;  }  .section-desc {    text-align: center;    font-weight: normal;    color: #0d1111;    margin-top: 20px;  }  .section-desc:empty {    display: none;  }  .section-img {    width: 1200px;    height: 492px;    margin: 0 auto;    display: block;  }  .section-img.small {    width: 970px;    height: auto;  }  .section-img.small > img {    height: auto;  }  .section-img > img {    width: 100%;    height: 100%;  }  .section-mobile-img {    display: none;    max-width: 100vw;    max-height: 75vw;    height: 450px;    margin: 0 auto;  }  .section-mobile-img > img {    width: 100%;    height: 100%;  }  @media screen and (max-width: 960px) and (orientation: portrait) {    .container {      width: 100%;    }    .container.small {      width: 100%;    }    .section-mobile-img {      display: block;    }    .section-img {      display: none;    }    .section-title {      font-size: 22px;      margin: 10px 0;    }    .section-desc {      margin-top: 10px;    }    .section + .section {      margin-top: 20px;    }  }<\/style><\/head><body><div class=\"container small\"><div class=\"logo\"><div class=\"pc-banner small\"><div><img decoding=\"async\" src=\"\/vevor\/vevor\/boutique-banner\/pc\/en-pc@1x.jpg\" style=\"width: 100%;\" \/><\/div><\/div><div class=\"m-banner\"><div><img decoding=\"async\" src=\"\/vevor\/vevor\/boutique-banner\/mobile\/en-m@1x.jpg\" style=\"width: 100%;\" \/><\/div><\/div><\/div><div class=\"section-title\">VEVOR Rotango Konsol\u0117s Stalo-Eleganti\u0161kas Nam\u0173 Dekoro Skon\u012f<\/div><div class=\"video-section\"><div class=\"video-section-img-pc small\"><img decoding=\"async\" src=\"\/vevor\/product\/TBXGZ2CMSYGBWFU0T\/rattan-console-table-a100-1.4-pt.jpg\" \/><\/div><div class=\"video-section-img-m\"><img decoding=\"async\" src=\"\/vevor\/product\/TBXGZ2CMSYGBWFU0T\/rattan-console-table-a100-1.4-pt.jpg\" \/><\/div><div class=\"section-desc\">Prieangis konsol\u0117s stalo, yra paimtos i\u0161 gamtos rotango ar sintetinius rattan med\u017eiag\u0173, teikian\u010di\u0173 kv\u0117puojantis komfort\u0105, ir prid\u016br\u0117, nat\u016bralus kaimi\u0161kas meno atmosfer\u0105 \u012f j\u016bs\u0173 nam\u0173 erdv\u0119.<\/div><\/div><div class=\"section\"><div class=\"section-title\"><\/div><div class=\"section-img small\"><img decoding=\"async\" src=\"\/vevor\/product\/TBXGZ2CMSYGBWFU0T\/rattan-console-table-a100-2.2-pt.jpg\" \/><\/div><div class=\"section-mobile-img\"><img decoding=\"async\" src=\"\/vevor\/product\/TBXGZ2CMSYGBWFU0T\/rattan-console-table-a100-2.2-pt.jpg\" \/><\/div><div class=\"section-desc\">Sukurta universalumo, ji gali tarnauti kaip prieangis stalo, nam\u0173 dekoro stalo, ekranas lentel\u0117, amat\u0173 stalo, ir daugiau, susitikimas \u012fvairi\u0173 naudojimo poreikius, siekiant pagerinti savo gyvenimo kokyb\u0119.<\/div><\/div><div class=\"section\"><div class=\"section-title\"><\/div><div class=\"section-img small\"><img decoding=\"async\" src=\"\/vevor\/product\/TBXGZ2CMSYGBWFU0T\/rattan-console-table-a100-2.3-pt.jpg\" \/><\/div><div class=\"section-mobile-img\"><img decoding=\"async\" src=\"\/vevor\/product\/TBXGZ2CMSYGBWFU0T\/rattan-console-table-a100-2.3-pt.jpg\" \/><\/div><div class=\"section-desc\">Featuring stal\u010di\u0173 ir atviros sand\u0117liavimo lentynos, ji si\u016blo daug saugojimo vietos, kad lengvai tvarkyti ir saugoti \u012fvairi\u0173 daikt\u0173, i\u0161laikyti savo nam\u0173 aplink\u0105, tvarkingas ir tvarkingai.<\/div><\/div><div class=\"section\"><div class=\"section-title\"><\/div><div class=\"section-img small\"><img decoding=\"async\" src=\"\/vevor\/product\/TBXGZ2CMSYGBWFU0T\/rattan-console-table-a100-2.4-pt.jpg\" \/><\/div><div class=\"section-mobile-img\"><img decoding=\"async\" src=\"\/vevor\/product\/TBXGZ2CMSYGBWFU0T\/rattan-console-table-a100-2.4-pt.jpg\" \/><\/div><div class=\"section-desc\">Pagamintas su MDF med\u017eiagos-rotango lentel\u0117 apima anti-patarimas priedai gale ir anti-slip dizaino apa\u010dioje kampuose, u\u017etikrinti stabilum\u0105 ir saugum\u0105.<\/div><\/div><div class=\"section\"><div class=\"section-title\"><\/div><div class=\"section-img small\"><img decoding=\"async\" src=\"\/vevor\/product\/TBXGZ2CMSYGBWFU0T\/rattan-console-table-a100-2.5-pt.jpg\" \/><\/div><div class=\"section-mobile-img\"><img decoding=\"async\" src=\"\/vevor\/product\/TBXGZ2CMSYGBWFU0T\/rattan-console-table-a100-2.5-pt.jpg\" \/><\/div><div class=\"section-desc\">Paprastas surinkimas veiksmus galima greitai setup, sutaupyti laiko ir pastang\u0173, ir leid\u017eia jums m\u0117gautis patogus vidaus gyvenimo.<\/div><\/div><div class=\"section\"><div class=\"section-img small\"><img decoding=\"async\" src=\"\/vevor\/product\/TBXGZ2CMSYGBWFU0T\/rattan-console-table-a100-1.11-pt.jpg\" \/><\/div><div class=\"section-mobile-img\"><img decoding=\"async\" src=\"\/vevor\/product\/TBXGZ2CMSYGBWFU0T\/rattan-console-table-a100-1.11-pt.jpg\" \/><\/div><\/div><\/div><\/body><\/html><\/div>\n<div class=\"DM_at-title\" id=\"js-DM_at-title\"> <div>Produkto specifikacija<\/div> <i class=\"icon-arrowup_line\"><\/i> <\/div><div class=\"DM_at-goodsDescAttr\" id=\"js-DM_at-goodsDescAttr\"> <div class=\"DM_at-goodsDescAttrInner\"> <dl class=\"goodsDesc_item goodsDesc_item_even\"> <dt>Prek\u0117s Modelio Numeris<\/dt> <dd> SR191632-1<\/dd> <\/dl> <dl class=\"goodsDesc_item\"> <dt>Pakopos<\/dt> <dd> 1<\/dd> <\/dl> <dl class=\"goodsDesc_item goodsDesc_item_even\"> <dt>Stal\u010diai<\/dt> <dd> 2<\/dd> <\/dl> <dl class=\"goodsDesc_item\"> <dt>Keliamoji Galia<\/dt> <dd> 300 lbs<\/dd> <\/dl> <dl class=\"goodsDesc_item goodsDesc_item_even\"> <dt>Produkto Svoris<\/dt> <dd> 15.3 kg\/lbs 33.73<\/dd> <\/dl> <dl class=\"goodsDesc_item\"> <dt>Gaminio Matmenys<\/dt> <dd> 1000 \u00d7 300 \u00d7 745 mm (39.37 x 11.81 \u00d7 29.33 in)<\/dd> <\/dl> <\/div> <\/div>","protected":false},"excerpt":{"rendered":"<ul>\n<li> Gamtos Rotango Med\u017eiaga: rotango konsol\u0117s lentel\u0117 yra paruo\u0161ta i\u0161 pasirinkt\u0173 nat\u016brali\u0173 rotango med\u017eiagos, si\u016blanti nat\u016brali\u0105 tekst\u016br\u0105 ir kaimi\u0161kas estetika. Jis pagerina bendr\u0105 skon\u012f j\u016bs\u0173 nam\u0173 dekoro ir vientisai sujungia su \u012fvairi\u0173 dekoratyvini\u0173 stili\u0173, tod\u0117l jis idealus pasirinkimas nam\u0173 puo\u0161ybai. <\/li>\n<li> Daugiafunkcinis Dizainas: \u0160\u012f rotango prieangis stalo yra daugiafunkcinis dizainas, tarnauja kaip prieangis stalo, ekranas lentel\u0117, sand\u0117liavimo lentel\u0117, ar skaityti lentel\u0117. Tinka entryways, gyvenamieji kambariai, miegamieji ir kiti skyriai, atitinka skirtingo naudojimo poreikius ir padidina coli\u0173 kiekvien\u0105 erdv\u0119. <\/li>\n<li> Daug Saugojimo Vietos: rotango sofa-lova, stalas yra apr\u016bpintas 2 saugojimo stal\u010diai ir atviros sand\u0117liavimo lentynos, teikiantis daug saugojimo vietos. Ar tai \u017eurnalai, akiniai, kosmetika, ar kiti asmeniniai daiktai, jie gali b\u016bti lengvai organizuotas, i\u0161laikyti savo gyvenam\u0105j\u0105 erdv\u0119 tvarkingas ir tvarkingai. <\/li>\n<li> Stabilus ir Tvirtas: pagamintas i\u0161 auk\u0161tos kokyb\u0117s MDF med\u017eiagos ir tvirtas stalo kojas, kartu su anti-slydimo dizaino ir anti-patarimas priedai, rotango lentel\u0117 u\u017etikrina stabilum\u0105 ir neleid\u017eia pavertimo naudojimo metu. Ar rodymas papuo\u0161imai arba kasdienio naudojimo, ji si\u016blo patikim\u0105 paramos ir saugumo u\u017etikrinimo. <\/li>\n<li> Patogus Surinkimas: rotango \u012fra\u0161as stalo yra paprastas dizainas, ateina su detalia surinkimo instrukcija ir reikalingas priemones, tod\u0117l galite greitai sukomplektuotas ir sutaupyti laiko ir pastang\u0173. Nesvarbu, ar esate pradedantysis ar patyr\u0119s nam\u0173 entuziastas, j\u016bs galite lengvai nustatyti j\u012f, kad b\u016bt\u0173 patogiau, \u012f savo gyvenim\u0105. <\/li>\n<\/ul>","protected":false},"featured_media":328259,"comment_status":"closed","ping_status":"open","template":"","meta":{"om_disable_all_campaigns":false,"_monsterinsights_skip_tracking":false,"_monsterinsights_sitenote_active":false,"_monsterinsights_sitenote_note":"","_monsterinsights_sitenote_category":0,"_uf_show_specific_survey":0,"_uf_disable_surveys":false},"location":[1935,1934],"product_brand":[21],"product_cat":[4013,4014,2530,2706,4355],"product_tag":[],"class_list":{"0":"post-52458","1":"product","2":"type-product","3":"status-publish","4":"has-post-thumbnail","6":"location-supplier_stock_location","7":"location-local_stock_location","8":"product_brand-vevor","9":"product_cat-accent-tables","10":"product_cat-console-tables-accent-tables","11":"product_cat-furniture-2","12":"product_cat-living-room-furniture-furniture-2","13":"product_cat-rattan-entryway-table","15":"first","16":"instock","17":"taxable","18":"shipping-taxable","19":"purchasable","20":"product-type-simple"},"aioseo_notices":[],"jetpack_sharing_enabled":true,"locations":[{"id":1935,"name":"Pieg\u0101d\u0101t\u0101ja noliktav\u0101 (5-7d.d.)","slug":"supplier_stock_location","quantity":"26"},{"id":1934,"name":"R\u012bgas veikal\u0101 (0-2d.d.)","slug":"local_stock_location","quantity":"0"}],"_links":{"self":[{"href":"https:\/\/vevorshop.lv\/lt\/wp-json\/wp\/v2\/product\/52458","targetHints":{"allow":["GET"]}}],"collection":[{"href":"https:\/\/vevorshop.lv\/lt\/wp-json\/wp\/v2\/product"}],"about":[{"href":"https:\/\/vevorshop.lv\/lt\/wp-json\/wp\/v2\/types\/product"}],"replies":[{"embeddable":true,"href":"https:\/\/vevorshop.lv\/lt\/wp-json\/wp\/v2\/comments?post=52458"}],"wp:featuredmedia":[{"embeddable":true,"href":"https:\/\/vevorshop.lv\/lt\/wp-json\/wp\/v2\/media\/328259"}],"wp:attachment":[{"href":"https:\/\/vevorshop.lv\/lt\/wp-json\/wp\/v2\/media?parent=52458"}],"wp:term":[{"taxonomy":"location","embeddable":true,"href":"https:\/\/vevorshop.lv\/lt\/wp-json\/wp\/v2\/location?post=52458"},{"taxonomy":"product_brand","embeddable":true,"href":"https:\/\/vevorshop.lv\/lt\/wp-json\/wp\/v2\/product_brand?post=52458"},{"taxonomy":"product_cat","embeddable":true,"href":"https:\/\/vevorshop.lv\/lt\/wp-json\/wp\/v2\/product_cat?post=52458"},{"taxonomy":"product_tag","embeddable":true,"href":"https:\/\/vevorshop.lv\/lt\/wp-json\/wp\/v2\/product_tag?post=52458"}],"curies":[{"name":"wp","href":"https:\/\/api.w.org\/{rel}","templated":true}]}}