{"id":52936,"date":"2024-11-19T22:28:08","date_gmt":"2024-11-19T22:28:08","guid":{"rendered":"http:\/\/vevorshop.edigo.lv\/Prece\/vevor-poker-table-top-70-x-35-inch-poker-mat-6-8-players-foldable-with-bag-black\/"},"modified":"2026-04-20T01:23:38","modified_gmt":"2026-04-19T22:23:38","slug":"vevor-poker-table-top-70-x-35-inch-poker-mat-6-8-players-foldable-with-bag-black","status":"publish","type":"product","link":"https:\/\/vevorshop.lv\/lt\/Prece\/vevor-pokerio-stalo-virsus-70-x-35-coliu-pokerio-kilimelis-6-8-zaidejai-sulankstomi-su-juodu-krepsiu\/","title":{"rendered":"VEVOR Sulankstomas Pokerio Stalo Vir\u0161us 180x90cm 6\u20138 \u017daid\u0117jams, Vandeniui Atsparus Neslystantis Kilim\u0117lis su Krep\u0161iu, Juodas"},"content":{"rendered":"<div style=\"color: #fff!important; font-size: 16px; height: 24px; line-height: 24px; margin-top: -24px; \" class=\"product_original_name\">VEVOR pokerio stalo vir\u0161us, 70 x 35 coli\u0173 pokerio kilim\u0117lis stalui, 6-8 \u017eaid\u0117jai sulankstomas pokerio stalo vir\u0161us su ne\u0161iojimo krep\u0161iu, vandeniui atsparus sulankstomas pokerio stalo vir\u0161us pokerio \u017eaidimams, pokerio kambarys, sta\u010diakampis, juodas<\/div>\n<div style=\"color: #fff!important; font-size: 16px; height: 24px; line-height: 24px; margin-top: -24px; \" class=\"product_sku\">M4I4M1PA<\/div>\n<div style=\"color: #fff!important; font-size: 16px; height: 24px; line-height: 24px; margin-top: -24px; \" class=\"product_mpn\">PKZD705X355IQECM4V0<\/div><div id=\"js-DM_at-goodDescRich\"><html><head><style>  body {    font-family: Arial;    line-height: 1.5;    color: #1c1c1c;    overflow-x: hidden;    margin: 0;    padding: 0;  }  .MsoNormal b {    font-weight: bolder;  }<\/style><style>  .container.small {    width: 970px;    margin: 0 auto;  }  .logo {    margin: 0 auto 0;  }  .logo img {    display: block;    margin: 0 auto;    max-width: 100%;  }  .logo .pc-banner {    display: block;    width: 1200px;    height: 247.4px;    margin: 0 auto;  }  .logo .pc-banner.small {    width: 970px;  }  .logo .pc-banner.small img {    height: auto!important;  }  .logo .m-banner {    display: none;  }  .ytvideo {    position: relative;    height: 546px;    width: 100%;    margin: 0 auto;  }  .ytvideo img {    width: 100%;    margin: 0 auto;  }  .ytvideo .play-btn {    width: 60px;    height: 42px;    position: absolute;    top: 50%;    left: 50%;    transform: translate(-50%, -50%);    background: url(\"data:image\/png;base64,iVBORw0KGgoAAAANSUhEUgAAAGQAAABGCAMAAAANWMFbAAAC+lBMVEUAAADBGB3kLCfBGB3kLCfcJC7BFx3KKSbiKybkLCbWJCPSIiLSIiLPICHAFx3kLCfgKSXNHiDZJiTIGx\/p4eHcjo7LHSDbJyTkLCbjKyfOHyHPIiL28fHJHB\/GGh7EGR7eKCXDGB3RISHlLSbBGB3AFxzGHB7DGB7BGB3hKybkKybAFx3lLCfAFxzDGR3hKibDGB7cJyTmz8\/elJTlwcHjurrUIyLlLSflLSfAFx3DGR7lLSfCFx3hKibhKibhKybjKybkLCblLSfbJSX49vbx7e3NNzjNMTLMJyjVIyLZf3\/ZQ0LaeHjx0tLgoqLkLCfCGB3HGx\/BGB3BFx3PICHCGB7WJCLOHyC\/Fxy\/Fx3lLCfQISHkLSe\/FxzbJiTBFx3FGx\/AGB7BFx3EGR7AGB3HHSDfKiXAFh3TISHYNzbhKibbJyTTIiL57e325+f039\/v2NjUV1fOHiHiqanfmprch4feKSXVIyPOICHmLibFGh\/mLSe\/Fx7XJCPeKSXXJSPNHyHaJyTGGh7lLCbmLCflLSjSIiLkLCbdKSXLHiC\/GB3KHh++Fh3lKyfoLiXcKCPkx8fYb2\/XaGfVXl3aU1LLHiDksbHgKibPICHbJyTfKSXbJyTCGB3KHSDiKybFGh7TIiL\/\/\/\/VIyPRISHIHB\/GGx\/HHB\/DGR7gKibdKCXLHiDZJiTMHiDNHyHYJSTOICHPICHWJCPcKCXXJSPjLCblLCf+\/f3NGR\/uLijzLynPGR\/IGB7WISHaIyLLGh7UAADxLynNAADRLzDbICLQAADIAAD3MCrUHSHXMTDpKSbLAADp5OTij4\/ejo\/VLy\/1LyngJSTcJCPQHx\/OHB7+\/PzaMS\/OLS\/vLijrLSjSAADaNTPwLyjkKSbNJCbYISHPHB\/KGB7WAAD7+vrn3d3aKynTKCjoLCfsKifRGh\/YAADq5+fhjo7QNDXXKCfmJyXt5+fTLzDLLi\/QKivYHRvMGBrQJCXLISPMExXLDxLaEAvkkI\/bOTfaFQ\/SCgpvLcnHAAAAmnRSTlMA+vv7+gT9Bvf9+8z8\/NSv\/Pr5+P7++vnQIBMP\/v38\/Pn348XDiCYf9OjbzcqxXVcx\/fz8+\/rj1r2poo1+fXFqX0orGP7+\/v7+\/fz8+\/r68uzn4trIxsG\/vri3p6GcmZSNbWVYUUZEPQv+\/f39+\/v7+\/v7+vr64tvV1NTTz87FtbSurqeblJKFg4B3bUY+NjL7+\/v7+\/v67t1cDo8JLQAABkRJREFUWMO0kz9rwkAYh0OIeJkum6YugUAhISCdKoj\/P4C7SMdS+gEKIhSKil10LSg4mzXkILdlEpxCpwTiWOLX6BujvQaEQuGeHLnL+\/64J+SIcKGYTYWnntpdLjrVdqvZmNdn0+EE40GtpuuWVS6Xx6N7YDSGpWXpeq02wHgynM7q80az1a52HpddtVcpsi1zFARBrdaxbhp9iUReTGmwA4KAAr7vx3EYejnCMI6hQYEgy0LQi4jUN0wL19vqFcUC9\/1dAKmEEFkWRYkh5oBejnxQJiSJPJ\/uKBp0Thszx9Mw8hMRIQjKsptCfuES9zr5WJY6vSFCIvE9fCMUmEM1A1kSXcYGxgVYsvI1IPKTZciSTI0us\/SMGG04gDzELDoFBwdcFJrF88dqgYMTiL6DILWYyfOWE8\/kIz38olCNlC03FK95+imxp6y4oUSvAnBjHHhKNtotSDqJzVFiK8c2SBqhZtsrTtgrLXwAyduxZHNE26eHUt5rtuM4WSmds3G+sUdWYo1L+XyxButoh5eKUHk5lByO3G1LqqCWVnfrv\/lyPtf\/4ps1cndNGIri8J1TJ0lx6dR\/oPjq1nbRwdp2dCk4CtIOLW3pVKRL6WZfS5vF2KkIQhpwSsjiYIgNCs1gEMGqiIq24NQX9NwoXFy8Ufrl3twTcg4fv8T9\/JBEySduj6Mjm4bMzYV7EEOxKjjoNDud7yY3Dy71Hq2oLmqfbNR723edH9PgMrNL2utoQ3VmaIDkiw\/4w51P06hlZsTZvkRrbVuSIs\/zwSOsycgzStQouoAkWQqioRT5XI7n2Z1wfVhoZmcAJLsoqjqpjbWCgpOAJXBwHK8PzWbNvoUZJND5wCnSkLAkZ1legx6vqQzjoiTahKlGUGLAiIIoABOHaNVw4sexZBym6\/HWlH5h3IC7yRbxtipcWxdTOkORKiNQAEkFf66x5S2oeRbroOlLgg0sSYkR0hRGEqJZ0jTPiQKatESdBckpWigxaapEH0lImHdWu9pUFF2XqMNM2Z4kped7IwEJw2qabwtrQqnpw6HyKkgcadKWsmpywwesDyIhYRpdzXddqegtGIJlXbAIUMOLkGxJUjRIkokwjUaX9d\/kK62ps\/tYUqZLIMkLTyBhsMZ3C5Z\/kDxOSCb\/DOs\/\/J0qcWSX\/2ipe56EgTCA4\/cB7NAYOsni4mZM1MUPAISoEwkDi4lhVBQ1cWQyIcwalw4EpqZN68JUSK7XC0kTlkLYii5uXSC8jT5ncCAS7mjCv0uHp\/3lueHEEAeQ\/\/VgmdN71\/2uCSA1Xr6DO6uI6sW56zqT2tp2PhgiRUAajV8CY2fkcz6WGNKMgLAt7tJAhD4YHMTeRxlALE6+43WqjSWi8ITxyJl8WrwWSNESQZZOqhDDntO3hJLsd5RtSpbJqdv3YrDJH3F7jL1R2O2aQkn2MyCyKYz0GPGIvSAMgBCrCEiJyKbBaYGwLW4uPRr0A0M4Ux5kUI7IBh+hMdiCEWNqhMZGyYMsOgNE58UQuEQeUnSWCMYwL54hkxK6IoqucQZbQ3pc3XtL0lky1dL0zZJJDpWJovFqpWj6JEHnyam2eQp5QRVAVHjWparTOaVwUOx99YS2MvgxIGV0bb+qIg2HX2qkFFJB+XZcbLiuRkuxD9GRroKyveLxdh4d7Orx+hb7qc3uVRuEogCOnyIxm4ubUoPgF4jianDrC+SDQDKEfJb0GUKmjCGPYHGJvVC6X4hw1\/sAfQAdfYyephIaspXe36RwOP+Ljvfx9B6B3i+Nk0DGq+oCbLn6JpBa9nWAveAIHwFAwtVcIJXPMPL8kRu5OAYPMaL1WScTxjiZDqB9LTJSWphow\/pTYKRTLjCBhvi9iBidvKcDasGSm0QQkycYuLBqj6QCELPctqChDWpTRMWkngNNpQ1Pfp1KkiT\/Y0DGffXAweUNfLAfaJFKDwhb6I+bkYRbkERoEeu3Fyjg2opMz2daZCS9jt6Q7txNfB+OZEVF6Zl5web2xunnLQrtrjXseXKaFYziYINeMFZVxS9VxRhOoesYwxPKXm+gWLG9cuFeq93UNNeJNsf1KlwuDok9n02n3TgIJpOxNfL9naIoQwXtfH9kjceTIIi709ncTg6LZbg+biLH1V6u\/7rxBem06VXKn9raAAAAAElFTkSuQmCC\")      no-repeat center center \/ contain;  }  @media screen and (max-width: 960px) and (orientation: portrait) {    .logo {      width: 100%;    }    .logo .pc-banner {      display: none;    }    .logo .m-banner {      display: block;      width: 100%;    }    .logo .m-banner img {      height: auto!important;    }    .ytvideo {      height: 200px;      width: 100%;    }  }<\/style><style>  .video-section {    width: 100%;    margin: 0 auto;  }  .video-section > img {    width: 100%;  }  .video-section iframe,  .video-section video {    width: 100%;    height: 100%;      }  .video-section-img-m,  .video-section-img-pc > img {    width: 100%;    height: auto;  }  .video-section-img-pc.small > img {    width: 970px;  }  .video-desc {    line-height: 1.5;    font-size: 20px;    font-weight: 400;    margin: 20px 0;    text-align: center;    color: #0f1111;    word-break: break-word;  }  @media screen and (max-width: 960px) and (orientation: portrait) {    .video-section {      width: 100%;    }    .video-section-pc,    .video-section-img-pc {      display: none;    }    .video-section-m,    .video-section-img-m {      display: block;    }    .video-desc {      font-size: 15px;    }  }  @media screen and (min-width: 960px) {    .video-section {      width: 100%;      margin: 0 auto;    }    .video-section-pc,    .video-section-img-pc {      display: block;    }    .video-section-m,    .video-section-img-m {      display: none;    }    .video-desc {      font-size: 20px;    }  }<\/style><style>  .section + .section {    margin-top: 35px;  }  .section-title {    text-align: center;    font-weight: bold;    color: #0d1111;    font-family: \"Arial\";    font-size: 32px;    margin: 15px 0;  }  .section-title:empty {    display: none;  }  .section-desc {    text-align: center;    font-weight: normal;    color: #0d1111;    margin-top: 20px;  }  .section-desc:empty {    display: none;  }  .section-img {    width: 1200px;    height: 492px;    margin: 0 auto;    display: block;  }  .section-img.small {    width: 970px;    height: auto;  }  .section-img.small > img {    height: auto;  }  .section-img > img {    width: 100%;    height: 100%;  }  .section-mobile-img {    display: none;    max-width: 100vw;    max-height: 75vw;    height: 450px;    margin: 0 auto;  }  .section-mobile-img > img {    width: 100%;    height: 100%;  }  @media screen and (max-width: 960px) and (orientation: portrait) {    .container {      width: 100%;    }    .container.small {      width: 100%;    }    .section-mobile-img {      display: block;    }    .section-img {      display: none;    }    .section-title {      font-size: 22px;      margin: 10px 0;    }    .section-desc {      margin-top: 10px;    }    .section + .section {      margin-top: 20px;    }  }<\/style><\/head><body><div class=\"container small\"><div class=\"logo\"><div class=\"pc-banner small\"><div><img decoding=\"async\" src=\"\/vevor\/vevor\/boutique-banner\/pc\/en-pc@1x.jpg\" style=\"width: 100%;\" \/><\/div><\/div><div class=\"m-banner\"><div><img decoding=\"async\" src=\"\/vevor\/vevor\/boutique-banner\/mobile\/en-m@1x.jpg\" style=\"width: 100%;\" \/><\/div><\/div><\/div><div class=\"section-title\">M\u0117gaukit\u0117s Savo \u017daidim\u0105 Laiko su VEVOR Pokerio Stalo Vir\u0161\u0173<\/div><div class=\"video-section\"><div class=\"video-section-img-pc small\"><img decoding=\"async\" src=\"\/vevor\/product\/PKZD705X355IQECM4\/poker-mat-a100-1.4-pt.jpg\" \/><\/div><div class=\"video-section-img-m\"><img decoding=\"async\" src=\"\/vevor\/product\/PKZD705X355IQECM4\/poker-mat-a100-1.4-pt.jpg\" \/><\/div><div class=\"section-desc\">M\u016bs\u0173 pokerio stalo kilim\u0117lis yra pagaminti i\u0161 auk\u0161tos kokyb\u0117s med\u017eiagos ir puikios apdailos, u\u017etikrinant stabilum\u0105, non-slip, ir ilgaam\u017ei\u0161kumas. Tai pagerina j\u016bs\u0173 kortel\u0117s-\u017eaisti patirties su komfort\u0105 ir mink\u0161tum\u0105, ir saugo j\u016bs\u0173 stalo i\u0161 i\u0161siliejimo ir purvo, tod\u0117l j\u012f lengva valyti ir be jokio vargo.<\/div><\/div><div class=\"section\"><div class=\"section-title\"><\/div><div class=\"section-img small\"><img decoding=\"async\" src=\"\/vevor\/product\/PKZD705X355IQECM4\/poker-mat-a100-2.2-pt.jpg\" \/><\/div><div class=\"section-mobile-img\"><img decoding=\"async\" src=\"\/vevor\/product\/PKZD705X355IQECM4\/poker-mat-a100-2.2-pt.jpg\" \/><\/div><div class=\"section-desc\">Pokerio kilim\u0117lis yra lanksti dar tvirtas, lengvai susukti ir saugomi krep\u0161ys. Ar nei\u0161mes per pet\u012f, nune\u0161\u0117 \u012f savo automobil\u012f, arba laikomas spintoje, jis leid\u017eia jums m\u0117gautis pokerio bet kur ir bet kada!<\/div><\/div><div class=\"section\"><div class=\"section-title\"><\/div><div class=\"section-img small\"><img decoding=\"async\" src=\"\/vevor\/product\/PKZD705X355IQECM4\/poker-mat-a100-2.3-pt.jpg\" \/><\/div><div class=\"section-mobile-img\"><img decoding=\"async\" src=\"\/vevor\/product\/PKZD705X355IQECM4\/poker-mat-a100-2.3-pt.jpg\" \/><\/div><div class=\"section-desc\">Pavir\u0161iaus med\u017eiaga yra apdorojama vandeniui atsparia technologija, lygi ir atspari vandeniui, tod\u0117l \u017eaidimo metu nereikia jaudintis d\u0117l i\u0161siliejimo. tiesiog nuvalykite j\u012f sausu skudur\u0117liu, nepalikdami vandens \u017eenkl\u0173 ar d\u0117mi\u0173, taupydami laik\u0105 ir pastangas sklandesniam \u017eaidimo procesui!<\/div><\/div><div class=\"section\"><div class=\"section-title\"><\/div><div class=\"section-img small\"><img decoding=\"async\" src=\"\/vevor\/product\/PKZD705X355IQECM4\/poker-mat-a100-2.4-pt.jpg\" \/><\/div><div class=\"section-mobile-img\"><img decoding=\"async\" src=\"\/vevor\/product\/PKZD705X355IQECM4\/poker-mat-a100-2.4-pt.jpg\" \/><\/div><div class=\"section-desc\">Gumos pagrindo su eglute modelis ant nugaros padidina trint\u012f su pratybos, apsaugoti j\u012f nuo slydimo, kaip jau\u010diausi, ar per intensyvus \u017eaidimas. Kruop\u0161\u010diai kra\u0161to si\u016bl\u0117mis u\u017etikrina patvarum\u0105 ir neleid\u017eia fraying, u\u017etikrinant ilgalaik\u012f naudojim\u0105.<\/div><\/div><div class=\"section\"><div class=\"section-title\"><\/div><div class=\"section-img small\"><img decoding=\"async\" src=\"\/vevor\/product\/PKZD705X355IQECM4\/poker-mat-a100-2.5-pt.jpg\" \/><\/div><div class=\"section-mobile-img\"><img decoding=\"async\" src=\"\/vevor\/product\/PKZD705X355IQECM4\/poker-mat-a100-2.5-pt.jpg\" \/><\/div><div class=\"section-desc\">Sukurta didelio masto konfig\u016bracijos, jis palaiko multiplayer \u017eaidimai, tod\u0117l universalus ir prakti\u0161kas. Tiesiog gul\u0117jo pokerio kilim\u0117lis ant bet kurio stalo akimirksniu paversti j\u012f \u012f profesionalus pokerio stalo, namie, lauke, ar pramog\u0173 viet\u0173. Susitikti su draugais ir m\u0117gautis suvirpinti!<\/div><\/div><div class=\"section\"><div class=\"section-img small\"><img decoding=\"async\" src=\"\/vevor\/product\/PKZD705X355IQECM4\/poker-mat-a100-1.11-pt.jpg\" \/><\/div><div class=\"section-mobile-img\"><img decoding=\"async\" src=\"\/vevor\/product\/PKZD705X355IQECM4\/poker-mat-a100-1.11-pt.jpg\" \/><\/div><\/div><\/div><\/body><\/html><\/div>\n<div class=\"DM_at-title\" id=\"js-DM_at-title\"> <div>Produkto specifikacija<\/div> <i class=\"icon-arrowup_line\"><\/i> <\/div><div class=\"DM_at-goodsDescAttr\" id=\"js-DM_at-goodsDescAttr\"> <div class=\"DM_at-goodsDescAttrInner\"> <dl class=\"goodsDesc_item goodsDesc_item_even\"> <dt>Prek\u0117s Modelio Numeris<\/dt> <dd> HCK14204<\/dd> <\/dl> <dl class=\"goodsDesc_item\"> <dt>Med\u017eiaga<\/dt> <dd> Nat\u016bralios Gumos Baz\u0117 + Priemoka Audinio Pavir\u0161iaus (Atsparus Vandeniui)<\/dd> <\/dl> <dl class=\"goodsDesc_item goodsDesc_item_even\"> <dt>Spalva<\/dt> <dd> Juoda<\/dd> <\/dl> <dl class=\"goodsDesc_item\"> <dt>Formos<\/dt> <dd> Sta\u010diakampio formos su Prisi\u016bta Kra\u0161tas, R45 Suapvalintas Kampas<\/dd> <\/dl> <dl class=\"goodsDesc_item goodsDesc_item_even\"> <dt>Gaminio Dydis<\/dt> <dd> 70.87&#034; x 35.43&#034; x 0.08&#034; \/ 1800 x 900 x 2 mm<\/dd> <\/dl> <dl class=\"goodsDesc_item\"> <dt>Produkto Svoris<\/dt> <dd> 5.95 svar\u0173 \/ 2,7 kg<\/dd> <\/dl> <\/div> <\/div>","protected":false},"excerpt":{"rendered":"<ul>\n<li> I\u0161skirtin\u012f Meistri\u0161kum\u0105 ir Didelis Ilgaam\u017ei\u0161kumas: M\u016bs\u0173 pokerio stalo kilim\u0117lis yra pagamintas i\u0161 auk\u0161to tankio nat\u016bralaus kau\u010diuko ir auk\u0161\u010diausios kokyb\u0117s audinio, su storis 0,08&#034; \/ 2mm, u\u017etikrinant auk\u0161\u010diausios ilgaam\u017ei\u0161kum\u0105 ir u\u017ekirsti keli\u0105 rauk\u0161les, kai i\u0161tiesus korteli\u0173 \u017eaidimai. Jos kruop\u0161\u010diai kra\u0161to susiuvimo konstrukcija u\u017etikrina, ji negali d\u0117v\u0117ti arba shift. Ar \u017eaisti namuose ar pokerio kambar\u012f, ji tvirtai tvirtinasi \u012f pratybos, palaikyti stabilum\u0105 patogiai kortel\u0117s-\u017eaidimo patirties. <\/li>\n<li> Patogu Laikyti ir Ne\u0161iotis: \u0160is pokerio kilim\u0117lis ritiniais iki lengvai patogus ne\u0161ioti, kai esate kelyje pokerio \u017eaidimai. Mes teikiame auk\u0161\u010diausios kokyb\u0117s krep\u0161ys saugoti savo pokerio stalo kilim\u0117lis, erdv\u0117s taupymas ir laikyti j\u012f \u0161varus ir apsaugotas. <\/li>\n<li> Mink\u0161ta ir Lengva Valyti: pokerio stalo kilim\u0117lis funkcijos skland\u017eiai ir patogiai pavir\u0161iaus, suteikiant idealus trint\u012f, leid\u017eia kortel\u0117s skaidri\u0173 puikiai be slydimo i\u0161jungti. Pavir\u0161iaus pokerio stalo kilim\u0117lis patvirtina unikalus vandeniui gydymas, modelis yra ai\u0161kus ir n\u0117ra lengva i\u0161nyks, ji taip pat gali apsaugoti stal\u0105 nuo \u012fbr\u0117\u017eim\u0173 ir d\u0117mi\u0173, kai skys\u010dio pursl\u0173 ant tatamio, galite i\u0161valyti j\u012f lengvai, be \u012ftakos j\u016bs\u0173 darbui ar pramogoms. <\/li>\n<li> Neslid\u017eios Gumos Apa\u010dioje: non-slip gumos pagrindo saugiai tvirtinasi \u012f pratybos, u\u017etikrinantys stabil\u0173 operacijos metu labai svarbu \u017eaidim\u0173 akimirk\u0173. Jos eglute modelis didina trint\u012f, apsaugoti j\u012f nuo stumdomas, kaip jau\u010diausi per gameplay. <\/li>\n<li> 6-8 \u017daid\u0117jai \u017daisti Kartu: 70&#034; x 35&#034; \/ 180 x 90 cm. Tai didelis pokerio i\u0161d\u0117stymas akimirksniu paver\u010dia bet stalo \u012f profesionalus pokerio \u017eaidim\u0173 stalo. Jo erdvus dydis talpina daug \u017eaid\u0117j\u0173, tod\u0117l tinka \u012fvairi\u0173 nustatym\u0173, \u012fskaitant nam\u0173, lauko, ir pokerio kambario, leid\u017eia jums pasinerti \u012f begalines konkurencinga \u012fdomus! <\/li>\n<\/ul>","protected":false},"featured_media":330379,"comment_status":"closed","ping_status":"open","template":"","meta":{"om_disable_all_campaigns":false,"_uf_show_specific_survey":0,"_uf_disable_surveys":false},"location":[1935,1934],"product_brand":[21],"product_cat":[2817,2816,3812,4382,2378],"product_tag":[],"class_list":{"0":"post-52936","1":"product","2":"type-product","3":"status-publish","4":"has-post-thumbnail","6":"location-supplier_stock_location","7":"location-local_stock_location","8":"product_brand-vevor","9":"product_cat-game-room","10":"product_cat-games-sports-outdoors","11":"product_cat-poker-equipment-game-room","12":"product_cat-poker-tabletop-mat","13":"product_cat-sports-outdoors","15":"first","16":"outofstock","17":"taxable","18":"shipping-taxable","19":"purchasable","20":"product-type-simple"},"aioseo_notices":[],"locations":[{"id":1935,"name":"Pieg\u0101d\u0101t\u0101ja noliktav\u0101 (5-7d.d.)","slug":"supplier_stock_location","quantity":"0"},{"id":1934,"name":"R\u012bgas veikal\u0101 (0-2d.d.)","slug":"local_stock_location","quantity":"0"}],"_links":{"self":[{"href":"https:\/\/vevorshop.lv\/lt\/wp-json\/wp\/v2\/product\/52936","targetHints":{"allow":["GET"]}}],"collection":[{"href":"https:\/\/vevorshop.lv\/lt\/wp-json\/wp\/v2\/product"}],"about":[{"href":"https:\/\/vevorshop.lv\/lt\/wp-json\/wp\/v2\/types\/product"}],"replies":[{"embeddable":true,"href":"https:\/\/vevorshop.lv\/lt\/wp-json\/wp\/v2\/comments?post=52936"}],"wp:featuredmedia":[{"embeddable":true,"href":"https:\/\/vevorshop.lv\/lt\/wp-json\/wp\/v2\/media\/330379"}],"wp:attachment":[{"href":"https:\/\/vevorshop.lv\/lt\/wp-json\/wp\/v2\/media?parent=52936"}],"wp:term":[{"taxonomy":"location","embeddable":true,"href":"https:\/\/vevorshop.lv\/lt\/wp-json\/wp\/v2\/location?post=52936"},{"taxonomy":"product_brand","embeddable":true,"href":"https:\/\/vevorshop.lv\/lt\/wp-json\/wp\/v2\/product_brand?post=52936"},{"taxonomy":"product_cat","embeddable":true,"href":"https:\/\/vevorshop.lv\/lt\/wp-json\/wp\/v2\/product_cat?post=52936"},{"taxonomy":"product_tag","embeddable":true,"href":"https:\/\/vevorshop.lv\/lt\/wp-json\/wp\/v2\/product_tag?post=52936"}],"curies":[{"name":"wp","href":"https:\/\/api.w.org\/{rel}","templated":true}]}}