{"id":53070,"date":"2024-11-19T22:46:13","date_gmt":"2024-11-19T22:46:13","guid":{"rendered":"http:\/\/vevorshop.edigo.lv\/Prece\/vevor-ninja-tree-climbing-kit-12-tree-climbing-holds-6-ratchet-straps-outdoor\/"},"modified":"2026-04-20T01:17:20","modified_gmt":"2026-04-19T22:17:20","slug":"vevor-ninja-tree-climbing-kit-12-tree-climbing-holds-6-ratchet-straps-outdoor","status":"publish","type":"product","link":"https:\/\/vevorshop.lv\/lt\/Prece\/vevor-ninja-medzio-laipiojimo-rinkinys-12-medziu-laipiojimo-laiko-6-reketo-dirzelius-lauke\/","title":{"rendered":"VEVOR Ninja med\u017ei\u0173 laipiojimo rinkinys su 12 laikikli\u0173 ir 6 dir\u017eais, spalvoti laipiojimo akmenys vaikams ir suaugusiems, iki 104 kg"},"content":{"rendered":"<div style=\"color: #fff!important; font-size: 16px; height: 24px; line-height: 24px; margin-top: -24px; \" class=\"product_original_name\">VEVOR laipiojimo nindziu med\u017eiu rinkinys, 12 laipiojimo med\u017eiu laikikli\u0173 ir 6 reketo dir\u017eeliai, didel\u0117s laipiojimo uolos vaikams ir suaugusiems alpinistas, \u012fvairi\u0173 spalv\u0173 ir form\u0173, skirtas lauko nindzi\u0173 kario kli\u016b\u010di\u0173 treniruot\u0117ms<\/div>\n<div style=\"color: #fff!important; font-size: 16px; height: 24px; line-height: 24px; margin-top: -24px; \" class=\"product_sku\">M4I4M2DV<\/div>\n<div style=\"color: #fff!important; font-size: 16px; height: 24px; line-height: 24px; margin-top: -24px; \" class=\"product_mpn\">PSZJTZ12PCSDU0ZMAV0<\/div><div id=\"js-DM_at-goodDescRich\"><html><head><style>  body {    font-family: Arial;    line-height: 1.5;    color: #1c1c1c;    overflow-x: hidden;    margin: 0;    padding: 0;  }  .MsoNormal b {    font-weight: bolder;  }<\/style><style>  .container.small {    width: 970px;    margin: 0 auto;  }  .logo {    margin: 0 auto 0;  }  .logo img {    display: block;    margin: 0 auto;    max-width: 100%;  }  .logo .pc-banner {    display: block;    width: 1200px;    height: 247.4px;    margin: 0 auto;  }  .logo .pc-banner.small {    width: 970px;  }  .logo .pc-banner.small img {    height: auto!important;  }  .logo .m-banner {    display: none;  }  .ytvideo {    position: relative;    height: 546px;    width: 100%;    margin: 0 auto;  }  .ytvideo img {    width: 100%;    margin: 0 auto;  }  .ytvideo .play-btn {    width: 60px;    height: 42px;    position: absolute;    top: 50%;    left: 50%;    transform: translate(-50%, -50%);    background: url(\"data:image\/png;base64,iVBORw0KGgoAAAANSUhEUgAAAGQAAABGCAMAAAANWMFbAAAC+lBMVEUAAADBGB3kLCfBGB3kLCfcJC7BFx3KKSbiKybkLCbWJCPSIiLSIiLPICHAFx3kLCfgKSXNHiDZJiTIGx\/p4eHcjo7LHSDbJyTkLCbjKyfOHyHPIiL28fHJHB\/GGh7EGR7eKCXDGB3RISHlLSbBGB3AFxzGHB7DGB7BGB3hKybkKybAFx3lLCfAFxzDGR3hKibDGB7cJyTmz8\/elJTlwcHjurrUIyLlLSflLSfAFx3DGR7lLSfCFx3hKibhKibhKybjKybkLCblLSfbJSX49vbx7e3NNzjNMTLMJyjVIyLZf3\/ZQ0LaeHjx0tLgoqLkLCfCGB3HGx\/BGB3BFx3PICHCGB7WJCLOHyC\/Fxy\/Fx3lLCfQISHkLSe\/FxzbJiTBFx3FGx\/AGB7BFx3EGR7AGB3HHSDfKiXAFh3TISHYNzbhKibbJyTTIiL57e325+f039\/v2NjUV1fOHiHiqanfmprch4feKSXVIyPOICHmLibFGh\/mLSe\/Fx7XJCPeKSXXJSPNHyHaJyTGGh7lLCbmLCflLSjSIiLkLCbdKSXLHiC\/GB3KHh++Fh3lKyfoLiXcKCPkx8fYb2\/XaGfVXl3aU1LLHiDksbHgKibPICHbJyTfKSXbJyTCGB3KHSDiKybFGh7TIiL\/\/\/\/VIyPRISHIHB\/GGx\/HHB\/DGR7gKibdKCXLHiDZJiTMHiDNHyHYJSTOICHPICHWJCPcKCXXJSPjLCblLCf+\/f3NGR\/uLijzLynPGR\/IGB7WISHaIyLLGh7UAADxLynNAADRLzDbICLQAADIAAD3MCrUHSHXMTDpKSbLAADp5OTij4\/ejo\/VLy\/1LyngJSTcJCPQHx\/OHB7+\/PzaMS\/OLS\/vLijrLSjSAADaNTPwLyjkKSbNJCbYISHPHB\/KGB7WAAD7+vrn3d3aKynTKCjoLCfsKifRGh\/YAADq5+fhjo7QNDXXKCfmJyXt5+fTLzDLLi\/QKivYHRvMGBrQJCXLISPMExXLDxLaEAvkkI\/bOTfaFQ\/SCgpvLcnHAAAAmnRSTlMA+vv7+gT9Bvf9+8z8\/NSv\/Pr5+P7++vnQIBMP\/v38\/Pn348XDiCYf9OjbzcqxXVcx\/fz8+\/rj1r2poo1+fXFqX0orGP7+\/v7+\/fz8+\/r68uzn4trIxsG\/vri3p6GcmZSNbWVYUUZEPQv+\/f39+\/v7+\/v7+vr64tvV1NTTz87FtbSurqeblJKFg4B3bUY+NjL7+\/v7+\/v67t1cDo8JLQAABkRJREFUWMO0kz9rwkAYh0OIeJkum6YugUAhISCdKoj\/P4C7SMdS+gEKIhSKil10LSg4mzXkILdlEpxCpwTiWOLX6BujvQaEQuGeHLnL+\/64J+SIcKGYTYWnntpdLjrVdqvZmNdn0+EE40GtpuuWVS6Xx6N7YDSGpWXpeq02wHgynM7q80az1a52HpddtVcpsi1zFARBrdaxbhp9iUReTGmwA4KAAr7vx3EYejnCMI6hQYEgy0LQi4jUN0wL19vqFcUC9\/1dAKmEEFkWRYkh5oBejnxQJiSJPJ\/uKBp0Thszx9Mw8hMRIQjKsptCfuES9zr5WJY6vSFCIvE9fCMUmEM1A1kSXcYGxgVYsvI1IPKTZciSTI0us\/SMGG04gDzELDoFBwdcFJrF88dqgYMTiL6DILWYyfOWE8\/kIz38olCNlC03FK95+imxp6y4oUSvAnBjHHhKNtotSDqJzVFiK8c2SBqhZtsrTtgrLXwAyduxZHNE26eHUt5rtuM4WSmds3G+sUdWYo1L+XyxButoh5eKUHk5lByO3G1LqqCWVnfrv\/lyPtf\/4ps1cndNGIri8J1TJ0lx6dR\/oPjq1nbRwdp2dCk4CtIOLW3pVKRL6WZfS5vF2KkIQhpwSsjiYIgNCs1gEMGqiIq24NQX9NwoXFy8Ufrl3twTcg4fv8T9\/JBEySduj6Mjm4bMzYV7EEOxKjjoNDud7yY3Dy71Hq2oLmqfbNR723edH9PgMrNL2utoQ3VmaIDkiw\/4w51P06hlZsTZvkRrbVuSIs\/zwSOsycgzStQouoAkWQqioRT5XI7n2Z1wfVhoZmcAJLsoqjqpjbWCgpOAJXBwHK8PzWbNvoUZJND5wCnSkLAkZ1legx6vqQzjoiTahKlGUGLAiIIoABOHaNVw4sexZBym6\/HWlH5h3IC7yRbxtipcWxdTOkORKiNQAEkFf66x5S2oeRbroOlLgg0sSYkR0hRGEqJZ0jTPiQKatESdBckpWigxaapEH0lImHdWu9pUFF2XqMNM2Z4kped7IwEJw2qabwtrQqnpw6HyKkgcadKWsmpywwesDyIhYRpdzXddqegtGIJlXbAIUMOLkGxJUjRIkokwjUaX9d\/kK62ps\/tYUqZLIMkLTyBhsMZ3C5Z\/kDxOSCb\/DOs\/\/J0qcWSX\/2ipe56EgTCA4\/cB7NAYOsni4mZM1MUPAISoEwkDi4lhVBQ1cWQyIcwalw4EpqZN68JUSK7XC0kTlkLYii5uXSC8jT5ncCAS7mjCv0uHp\/3lueHEEAeQ\/\/VgmdN71\/2uCSA1Xr6DO6uI6sW56zqT2tp2PhgiRUAajV8CY2fkcz6WGNKMgLAt7tJAhD4YHMTeRxlALE6+43WqjSWi8ITxyJl8WrwWSNESQZZOqhDDntO3hJLsd5RtSpbJqdv3YrDJH3F7jL1R2O2aQkn2MyCyKYz0GPGIvSAMgBCrCEiJyKbBaYGwLW4uPRr0A0M4Ux5kUI7IBh+hMdiCEWNqhMZGyYMsOgNE58UQuEQeUnSWCMYwL54hkxK6IoqucQZbQ3pc3XtL0lky1dL0zZJJDpWJovFqpWj6JEHnyam2eQp5QRVAVHjWparTOaVwUOx99YS2MvgxIGV0bb+qIg2HX2qkFFJB+XZcbLiuRkuxD9GRroKyveLxdh4d7Orx+hb7qc3uVRuEogCOnyIxm4ubUoPgF4jianDrC+SDQDKEfJb0GUKmjCGPYHGJvVC6X4hw1\/sAfQAdfYyephIaspXe36RwOP+Ljvfx9B6B3i+Nk0DGq+oCbLn6JpBa9nWAveAIHwFAwtVcIJXPMPL8kRu5OAYPMaL1WScTxjiZDqB9LTJSWphow\/pTYKRTLjCBhvi9iBidvKcDasGSm0QQkycYuLBqj6QCELPctqChDWpTRMWkngNNpQ1Pfp1KkiT\/Y0DGffXAweUNfLAfaJFKDwhb6I+bkYRbkERoEeu3Fyjg2opMz2daZCS9jt6Q7txNfB+OZEVF6Zl5web2xunnLQrtrjXseXKaFYziYINeMFZVxS9VxRhOoesYwxPKXm+gWLG9cuFeq93UNNeJNsf1KlwuDok9n02n3TgIJpOxNfL9naIoQwXtfH9kjceTIIi709ncTg6LZbg+biLH1V6u\/7rxBem06VXKn9raAAAAAElFTkSuQmCC\")      no-repeat center center \/ contain;  }  @media screen and (max-width: 960px) and (orientation: portrait) {    .logo {      width: 100%;    }    .logo .pc-banner {      display: none;    }    .logo .m-banner {      display: block;      width: 100%;    }    .logo .m-banner img {      height: auto!important;    }    .ytvideo {      height: 200px;      width: 100%;    }  }<\/style><style>  .video-section {    width: 100%;    margin: 0 auto;  }  .video-section > img {    width: 100%;  }  .video-section iframe,  .video-section video {    width: 100%;    height: 100%;      }  .video-section-img-m,  .video-section-img-pc > img {    width: 100%;    height: auto;  }  .video-section-img-pc.small > img {    width: 970px;  }  .video-desc {    line-height: 1.5;    font-size: 20px;    font-weight: 400;    margin: 20px 0;    text-align: center;    color: #0f1111;    word-break: break-word;  }  @media screen and (max-width: 960px) and (orientation: portrait) {    .video-section {      width: 100%;    }    .video-section-pc,    .video-section-img-pc {      display: none;    }    .video-section-m,    .video-section-img-m {      display: block;    }    .video-desc {      font-size: 15px;    }  }  @media screen and (min-width: 960px) {    .video-section {      width: 100%;      margin: 0 auto;    }    .video-section-pc,    .video-section-img-pc {      display: block;    }    .video-section-m,    .video-section-img-m {      display: none;    }    .video-desc {      font-size: 20px;    }  }<\/style><style>  .section + .section {    margin-top: 35px;  }  .section-title {    text-align: center;    font-weight: bold;    color: #0d1111;    font-family: \"Arial\";    font-size: 32px;    margin: 15px 0;  }  .section-title:empty {    display: none;  }  .section-desc {    text-align: center;    font-weight: normal;    color: #0d1111;    margin-top: 20px;  }  .section-desc:empty {    display: none;  }  .section-img {    width: 1200px;    height: 492px;    margin: 0 auto;    display: block;  }  .section-img.small {    width: 970px;    height: auto;  }  .section-img.small > img {    height: auto;  }  .section-img > img {    width: 100%;    height: 100%;  }  .section-mobile-img {    display: none;    max-width: 100vw;    max-height: 75vw;    height: 450px;    margin: 0 auto;  }  .section-mobile-img > img {    width: 100%;    height: 100%;  }  @media screen and (max-width: 960px) and (orientation: portrait) {    .container {      width: 100%;    }    .container.small {      width: 100%;    }    .section-mobile-img {      display: block;    }    .section-img {      display: none;    }    .section-title {      font-size: 22px;      margin: 10px 0;    }    .section-desc {      margin-top: 10px;    }    .section + .section {      margin-top: 20px;    }  }<\/style><\/head><body><div class=\"container small\"><div class=\"logo\"><div class=\"pc-banner small\"><div><img decoding=\"async\" src=\"\/vevor\/vevor\/boutique-banner\/pc\/en-pc@1x.jpg\" style=\"width: 100%;\" \/><\/div><\/div><div class=\"m-banner\"><div><img decoding=\"async\" src=\"\/vevor\/vevor\/boutique-banner\/mobile\/en-m@1x.jpg\" style=\"width: 100%;\" \/><\/div><\/div><\/div><div class=\"section-title\">Paversti savo \u017eaidim\u0105 srityje su savo energingas ir tvirtas Med\u017eio Laipiojimo Komplektas!<\/div><div class=\"video-section\"><div class=\"video-section-img-pc small\"><img decoding=\"async\" src=\"\/vevor\/product\/PSZJTZ12PCSDU0ZMA\/climbing-holds-a100-1.4-pt.jpg\" \/><\/div><div class=\"video-section-img-m\"><img decoding=\"async\" src=\"\/vevor\/product\/PSZJTZ12PCSDU0ZMA\/climbing-holds-a100-1.4-pt.jpg\" \/><\/div><div class=\"section-desc\">M\u016bs\u0173 ninja med\u017eio laipiojimo rinkinys yra pagamintas i\u0161 tvirto PP kopolimeras, auk\u0161tos kokyb\u0117s poliesterio juosteles, ir stiprus reketas, sagtys, u\u017etikrinti or\u0173 atsparumo ir patvarumo, be krekingo arba i\u0161blukimo. Tai turi skatinti meil\u0119, fizin\u0117s veiklos ir pad\u0117ti sukurti j\u0117g\u0105 ir koordinavimas.<\/div><\/div><div class=\"section\"><div class=\"section-title\"><\/div><div class=\"section-img small\"><img decoding=\"async\" src=\"\/vevor\/product\/PSZJTZ12PCSDU0ZMA\/climbing-holds-a100-2.2-pt.jpg\" \/><\/div><div class=\"section-mobile-img\"><img decoding=\"async\" src=\"\/vevor\/product\/PSZJTZ12PCSDU0ZMA\/climbing-holds-a100-2.2-pt.jpg\" \/><\/div><div class=\"section-desc\">Med\u017eio laipiojimo turi ateiti daugelyje form\u0173 ir spalv\u0173, puikiai tinka kuriant unikal\u0173 treehouse patirtis vaikams. Jie skatina fizin\u012f aktyvum\u0105, didinti j\u0117g\u0105, pusiausvyr\u0105, judrum\u0105 ir lankstum\u0105, o taip pat padidinti pasitik\u0117jim\u0105.<\/div><\/div><div class=\"section\"><div class=\"section-title\"><\/div><div class=\"section-img small\"><img decoding=\"async\" src=\"\/vevor\/product\/PSZJTZ12PCSDU0ZMA\/climbing-holds-a100-2.3-pt.jpg\" \/><\/div><div class=\"section-mobile-img\"><img decoding=\"async\" src=\"\/vevor\/product\/PSZJTZ12PCSDU0ZMA\/climbing-holds-a100-2.3-pt.jpg\" \/><\/div><div class=\"section-desc\">Sukurta su ergonomi\u0161kos formos, lygus kreiv\u0117s, ir anti-slip pavir\u0161i\u0173, m\u016bs\u0173 ninja med\u017eio laipiojimo turi lengva vaikams rankena ir lipti, su\u017ealojim\u0173 prevencijos ir pri\u0117mimo laipiojimo patirties daugiau malonus.<\/div><\/div><div class=\"section\"><div class=\"section-title\"><\/div><div class=\"section-img small\"><img decoding=\"async\" src=\"\/vevor\/product\/PSZJTZ12PCSDU0ZMA\/climbing-holds-a100-2.4-pt.jpg\" \/><\/div><div class=\"section-mobile-img\"><img decoding=\"async\" src=\"\/vevor\/product\/PSZJTZ12PCSDU0ZMA\/climbing-holds-a100-2.4-pt.jpg\" \/><\/div><div class=\"section-desc\">Laipiojimo uolomis triumai med\u017eiams suteikia saugi\u0105 ir \u012fdomi\u0105 laipiojimo patirt\u012f j\u016bs\u0173 ma\u017eiesiems nuotyki\u0173 ie\u0161kotojams. Jie yra pakankamai tvirti, kad i\u0161laikyt\u0173 iki 230 svar\u0173, u\u017etikrinant j\u016bs\u0173 vaiko saugum\u0105 \u017eaid\u017eiant.<\/div><\/div><div class=\"section\"><div class=\"section-title\"><\/div><div class=\"section-img small\"><img decoding=\"async\" src=\"\/vevor\/product\/PSZJTZ12PCSDU0ZMA\/climbing-holds-a100-2.5-pt.jpg\" \/><\/div><div class=\"section-mobile-img\"><img decoding=\"async\" src=\"\/vevor\/product\/PSZJTZ12PCSDU0ZMA\/climbing-holds-a100-2.5-pt.jpg\" \/><\/div><div class=\"section-desc\">\u0160i\u0173 uol\u0173 laipiojimo gali b\u016bti lengvai pridedamas prie med\u017ei\u0173, leid\u017eia vaikams lipti tiesiog kaip ant uolos sienos. Jie yra puikus papildymas j\u016bs\u0173 kieme treehouse arba ninja kariai, mokymo \u012franga, pridedant nuotyki\u0173 bei puosel\u0117ti meil\u0119 veiklos lauke.<\/div><\/div><div class=\"section\"><div class=\"section-img small\"><img decoding=\"async\" src=\"\/vevor\/product\/PSZJTZ12PCSDU0ZMA\/climbing-holds-a100-1.11-pt.jpg\" \/><\/div><div class=\"section-mobile-img\"><img decoding=\"async\" src=\"\/vevor\/product\/PSZJTZ12PCSDU0ZMA\/climbing-holds-a100-1.11-pt.jpg\" \/><\/div><\/div><\/div><\/body><\/html><\/div>\n<div class=\"DM_at-title\" id=\"js-DM_at-title\"> <div>Produkto specifikacija<\/div> <i class=\"icon-arrowup_line\"><\/i> <\/div><div class=\"DM_at-goodsDescAttr\" id=\"js-DM_at-goodsDescAttr\"> <div class=\"DM_at-goodsDescAttrInner\"> <dl class=\"goodsDesc_item goodsDesc_item_even\"> <dt>Prek\u0117s Modelio Numeris<\/dt> <dd> PYTZ-1<\/dd> <\/dl> <dl class=\"goodsDesc_item\"> <dt>Modelis<\/dt> <dd> TL18A-04 TL18A-05 TL18A-06 TR23RP-09<\/dd> <\/dl> <dl class=\"goodsDesc_item goodsDesc_item_even\"> <dt>Pagrindin\u0117 Med\u017eiaga<\/dt> <dd> PP Kopolimeras<\/dd> <\/dl> <dl class=\"goodsDesc_item\"> <dt>Skai\u010dius Turi<\/dt> <dd> 12 vnt<\/dd> <\/dl> <dl class=\"goodsDesc_item goodsDesc_item_even\"> <dt>Skai\u010dius Dir\u017eeliai<\/dt> <dd> 6 vnt.<\/dd> <\/dl> <dl class=\"goodsDesc_item\"> <dt>Dir\u017eelio Ilgis<\/dt> <dd> 10 ft<\/dd> <\/dl> <dl class=\"goodsDesc_item goodsDesc_item_even\"> <dt>Maksimali Apkrova<\/dt> <dd> 230 lbs<\/dd> <\/dl> <dl class=\"goodsDesc_item\"> <dt>Neto Svoris<\/dt> <dd> 3.02 kg\/6.66 lbs<\/dd> <\/dl> <\/div> <\/div>","protected":false},"excerpt":{"rendered":"<ul>\n<li> Lengva \u012ediegti: med\u017eio laipiojimo turi yra ne\u012ftik\u0117tinai paprasta nustatyti. Tiesiog \u012fverkite virvut\u0119 \u012f i\u0161 anksto i\u0161gr\u0119\u017etas skyles turi, wrap reketas, aplink lauko med\u017eio, ir u\u017ever\u017ekite. J\u016bs galite lengvai reguliuoti \u012ftamp\u0105, remiantis med\u017eio skersmuo, taupyti j\u016bs\u0173 brang\u0173 laik\u0105. <\/li>\n<li> Ry\u0161ki\u0173 Spalv\u0173, \u012evairi\u0173 Form\u0173: Nr. telefonu, narkomanija, tik laimingas alpinistai! Su ry\u0161ki\u0173 spalv\u0173 ir \u012fvairi\u0173 form\u0173 lengvai u\u017efiksuoti vaik\u0173 d\u0117mes\u012f, perkelia savo d\u0117mes\u012f nuo elektronini\u0173 prietais\u0173, lazanija! Ninja med\u017eio laipiojimo turi leisti vaikams sukurti j\u0117g\u0105, koordinacij\u0105, ir pasitik\u0117jim\u0105, o turintys begalin\u012f malonum\u0105 metu grojimo. <\/li>\n<li> Didelis, Lengvai Rankena Turi: rock laipiojimo turi u\u017e med\u017ei\u0173 b\u016bna \u012fvairi\u0173 dyd\u017ei\u0173. J\u0173 unikalus anti-slydimo pavir\u0161iaus tekst\u016bra leid\u017eia juos lengvai rankena ir \u017eingsnis, saugi\u0105 ir patogi\u0105 laikykite vaikams, o laipioti. \u0160i veikla padeda gerinti vaik\u0173 rank\u0173-aki\u0173 p\u0117d\u0173 koordinavimas, pl\u0117toja savo jausm\u0105 pusiausvyr\u0105, pagerina koncentracij\u0105, ir stato pasitik\u0117jim\u0105 ir dr\u0105s\u0105. <\/li>\n<li> Saugios, Tvirtos ir Stabilios: Pagamintas i\u0161 auk\u0161tos kokyb\u0117s PP kopolimeras, m\u016bs\u0173 laipiojimo uolos yra patvarus ir d\u0117v\u0117ti, atsparus vandeniui. Su \u012ftraukti reketas, dir\u017eeliai, \u0161ie turi yra ne\u012ftik\u0117tinai tvirtas, remti svorius iki 230 lbs tiek vaikams, tiek suaugusiems. \u0160i\u0173 oro s\u0105lygoms atsparus akmen\u0173 teikti patikim\u0105 stiprumo, u\u017ekirsti keli\u0105 paslysti ir pri\u0117mimo alpinistai jaustis taip saugiai, kaip yra d\u0117l savo t\u0117\u010dio pe\u010di\u0173. <\/li>\n<li> \u012edomus ir Patrauklus \u017daidimas: puikus \u017eaidim\u0173 aik\u0161tel\u0117 veiklos, kad vaikai gal\u0117t\u0173 \u017eaisti i\u0161 \u0161irdies ir kartu stiprinti savo k\u016bn\u0105! J\u016bs galite prid\u0117ti ninja med\u017eio laipiojimo rinkinys med\u017ei\u0173 j\u016bs\u0173 kieme ar parke, labiau \u012fdomus ir skatinti savo vaikus aktyviai treniruotis ir \u017eaisti valand\u0173 valandas! <\/li>\n<\/ul>","protected":false},"featured_media":331159,"comment_status":"closed","ping_status":"open","template":"","meta":{"om_disable_all_campaigns":false,"_uf_show_specific_survey":0,"_uf_disable_surveys":false},"location":[1935,1934],"product_brand":[21],"product_cat":[3556,4367,4366],"product_tag":[],"class_list":{"0":"post-53070","1":"product","2":"type-product","3":"status-publish","4":"has-post-thumbnail","6":"location-supplier_stock_location","7":"location-local_stock_location","8":"product_brand-vevor","9":"product_cat-playground-sets","10":"product_cat-rock-climbing-holds","11":"product_cat-swing-set-accessories","13":"first","14":"outofstock","15":"taxable","16":"shipping-taxable","17":"purchasable","18":"product-type-simple"},"aioseo_notices":[],"locations":[{"id":1935,"name":"Pieg\u0101d\u0101t\u0101ja noliktav\u0101 (5-7d.d.)","slug":"supplier_stock_location","quantity":"0"},{"id":1934,"name":"R\u012bgas veikal\u0101 (0-2d.d.)","slug":"local_stock_location","quantity":"0"}],"_links":{"self":[{"href":"https:\/\/vevorshop.lv\/lt\/wp-json\/wp\/v2\/product\/53070","targetHints":{"allow":["GET"]}}],"collection":[{"href":"https:\/\/vevorshop.lv\/lt\/wp-json\/wp\/v2\/product"}],"about":[{"href":"https:\/\/vevorshop.lv\/lt\/wp-json\/wp\/v2\/types\/product"}],"replies":[{"embeddable":true,"href":"https:\/\/vevorshop.lv\/lt\/wp-json\/wp\/v2\/comments?post=53070"}],"wp:featuredmedia":[{"embeddable":true,"href":"https:\/\/vevorshop.lv\/lt\/wp-json\/wp\/v2\/media\/331159"}],"wp:attachment":[{"href":"https:\/\/vevorshop.lv\/lt\/wp-json\/wp\/v2\/media?parent=53070"}],"wp:term":[{"taxonomy":"location","embeddable":true,"href":"https:\/\/vevorshop.lv\/lt\/wp-json\/wp\/v2\/location?post=53070"},{"taxonomy":"product_brand","embeddable":true,"href":"https:\/\/vevorshop.lv\/lt\/wp-json\/wp\/v2\/product_brand?post=53070"},{"taxonomy":"product_cat","embeddable":true,"href":"https:\/\/vevorshop.lv\/lt\/wp-json\/wp\/v2\/product_cat?post=53070"},{"taxonomy":"product_tag","embeddable":true,"href":"https:\/\/vevorshop.lv\/lt\/wp-json\/wp\/v2\/product_tag?post=53070"}],"curies":[{"name":"wp","href":"https:\/\/api.w.org\/{rel}","templated":true}]}}