{"id":53147,"date":"2024-11-19T22:53:53","date_gmt":"2024-11-19T22:53:53","guid":{"rendered":"http:\/\/vevorshop.edigo.lv\/Prece\/vevor-5-in-1-heat-press-machine-15x15-in-30oz-tumbler-press-t-shirts-blackblue\/"},"modified":"2026-04-20T01:11:45","modified_gmt":"2026-04-19T22:11:45","slug":"vevor-5-in-1-heat-press-machine-15x15-in-30oz-tumbler-press-t-shirts-blackblue","status":"publish","type":"product","link":"https:\/\/vevorshop.lv\/lt\/Prece\/vevor-5-in-1-silumos-presavimo-masina-15x15-in-30oz-tumbler-spaudos-marskineliai-blackblue\/","title":{"rendered":"VEVOR 5-in-1 \u0160ilumos Spaudos ma\u0161ina 38\u00d738 cm su 850,5 g Tumbler Press mar\u0161kin\u0117liams, puodeliams, kepur\u0117ms, l\u0117k\u0161t\u0117ms \u00d7 Juoda\/M\u0117lyna"},"content":{"rendered":"<div style=\"color: #fff!important; font-size: 16px; height: 24px; line-height: 24px; margin-top: -24px; \" class=\"product_original_name\">VEVOR 5 in 1 \u0161ilumos presavimo aparatas 38x38 in 850,5 g Tumbler Press mar\u0161kin\u0117liai Juoda+M\u0117lyna<\/div>\n<div style=\"color: #fff!important; font-size: 16px; height: 24px; line-height: 24px; margin-top: -24px; \" class=\"product_sku\">M4I4M2LR<\/div>\n<div style=\"color: #fff!important; font-size: 16px; height: 24px; line-height: 24px; margin-top: -24px; \" class=\"product_mpn\">YTS30OZ151551Z4JBV2<\/div><div id=\"js-DM_at-goodDescRich\"><html><head><style>  body {    font-family: Arial;    line-height: 1.5;    color: #1c1c1c;    overflow-x: hidden;    margin: 0;    padding: 0;  }  .MsoNormal b {    font-weight: bolder;  }<\/style><style>  .container.small {    width: 970px;    margin: 0 auto;  }  .logo {    margin: 0 auto 0;  }  .logo img {    display: block;    margin: 0 auto;    max-width: 100%;  }  .logo .pc-banner {    display: block;    width: 1200px;    height: 247.4px;    margin: 0 auto;  }  .logo .pc-banner.small {    width: 970px;  }  .logo .pc-banner.small img {    height: auto!important;  }  .logo .m-banner {    display: none;  }  .ytvideo {    position: relative;    height: 546px;    width: 100%;    margin: 0 auto;  }  .ytvideo img {    width: 100%;    margin: 0 auto;  }  .ytvideo .play-btn {    width: 60px;    height: 42px;    position: absolute;    top: 50%;    left: 50%;    transform: translate(-50%, -50%);    background: url(\"data:image\/png;base64,iVBORw0KGgoAAAANSUhEUgAAAGQAAABGCAMAAAANWMFbAAAC+lBMVEUAAADBGB3kLCfBGB3kLCfcJC7BFx3KKSbiKybkLCbWJCPSIiLSIiLPICHAFx3kLCfgKSXNHiDZJiTIGx\/p4eHcjo7LHSDbJyTkLCbjKyfOHyHPIiL28fHJHB\/GGh7EGR7eKCXDGB3RISHlLSbBGB3AFxzGHB7DGB7BGB3hKybkKybAFx3lLCfAFxzDGR3hKibDGB7cJyTmz8\/elJTlwcHjurrUIyLlLSflLSfAFx3DGR7lLSfCFx3hKibhKibhKybjKybkLCblLSfbJSX49vbx7e3NNzjNMTLMJyjVIyLZf3\/ZQ0LaeHjx0tLgoqLkLCfCGB3HGx\/BGB3BFx3PICHCGB7WJCLOHyC\/Fxy\/Fx3lLCfQISHkLSe\/FxzbJiTBFx3FGx\/AGB7BFx3EGR7AGB3HHSDfKiXAFh3TISHYNzbhKibbJyTTIiL57e325+f039\/v2NjUV1fOHiHiqanfmprch4feKSXVIyPOICHmLibFGh\/mLSe\/Fx7XJCPeKSXXJSPNHyHaJyTGGh7lLCbmLCflLSjSIiLkLCbdKSXLHiC\/GB3KHh++Fh3lKyfoLiXcKCPkx8fYb2\/XaGfVXl3aU1LLHiDksbHgKibPICHbJyTfKSXbJyTCGB3KHSDiKybFGh7TIiL\/\/\/\/VIyPRISHIHB\/GGx\/HHB\/DGR7gKibdKCXLHiDZJiTMHiDNHyHYJSTOICHPICHWJCPcKCXXJSPjLCblLCf+\/f3NGR\/uLijzLynPGR\/IGB7WISHaIyLLGh7UAADxLynNAADRLzDbICLQAADIAAD3MCrUHSHXMTDpKSbLAADp5OTij4\/ejo\/VLy\/1LyngJSTcJCPQHx\/OHB7+\/PzaMS\/OLS\/vLijrLSjSAADaNTPwLyjkKSbNJCbYISHPHB\/KGB7WAAD7+vrn3d3aKynTKCjoLCfsKifRGh\/YAADq5+fhjo7QNDXXKCfmJyXt5+fTLzDLLi\/QKivYHRvMGBrQJCXLISPMExXLDxLaEAvkkI\/bOTfaFQ\/SCgpvLcnHAAAAmnRSTlMA+vv7+gT9Bvf9+8z8\/NSv\/Pr5+P7++vnQIBMP\/v38\/Pn348XDiCYf9OjbzcqxXVcx\/fz8+\/rj1r2poo1+fXFqX0orGP7+\/v7+\/fz8+\/r68uzn4trIxsG\/vri3p6GcmZSNbWVYUUZEPQv+\/f39+\/v7+\/v7+vr64tvV1NTTz87FtbSurqeblJKFg4B3bUY+NjL7+\/v7+\/v67t1cDo8JLQAABkRJREFUWMO0kz9rwkAYh0OIeJkum6YugUAhISCdKoj\/P4C7SMdS+gEKIhSKil10LSg4mzXkILdlEpxCpwTiWOLX6BujvQaEQuGeHLnL+\/64J+SIcKGYTYWnntpdLjrVdqvZmNdn0+EE40GtpuuWVS6Xx6N7YDSGpWXpeq02wHgynM7q80az1a52HpddtVcpsi1zFARBrdaxbhp9iUReTGmwA4KAAr7vx3EYejnCMI6hQYEgy0LQi4jUN0wL19vqFcUC9\/1dAKmEEFkWRYkh5oBejnxQJiSJPJ\/uKBp0Thszx9Mw8hMRIQjKsptCfuES9zr5WJY6vSFCIvE9fCMUmEM1A1kSXcYGxgVYsvI1IPKTZciSTI0us\/SMGG04gDzELDoFBwdcFJrF88dqgYMTiL6DILWYyfOWE8\/kIz38olCNlC03FK95+imxp6y4oUSvAnBjHHhKNtotSDqJzVFiK8c2SBqhZtsrTtgrLXwAyduxZHNE26eHUt5rtuM4WSmds3G+sUdWYo1L+XyxButoh5eKUHk5lByO3G1LqqCWVnfrv\/lyPtf\/4ps1cndNGIri8J1TJ0lx6dR\/oPjq1nbRwdp2dCk4CtIOLW3pVKRL6WZfS5vF2KkIQhpwSsjiYIgNCs1gEMGqiIq24NQX9NwoXFy8Ufrl3twTcg4fv8T9\/JBEySduj6Mjm4bMzYV7EEOxKjjoNDud7yY3Dy71Hq2oLmqfbNR723edH9PgMrNL2utoQ3VmaIDkiw\/4w51P06hlZsTZvkRrbVuSIs\/zwSOsycgzStQouoAkWQqioRT5XI7n2Z1wfVhoZmcAJLsoqjqpjbWCgpOAJXBwHK8PzWbNvoUZJND5wCnSkLAkZ1legx6vqQzjoiTahKlGUGLAiIIoABOHaNVw4sexZBym6\/HWlH5h3IC7yRbxtipcWxdTOkORKiNQAEkFf66x5S2oeRbroOlLgg0sSYkR0hRGEqJZ0jTPiQKatESdBckpWigxaapEH0lImHdWu9pUFF2XqMNM2Z4kped7IwEJw2qabwtrQqnpw6HyKkgcadKWsmpywwesDyIhYRpdzXddqegtGIJlXbAIUMOLkGxJUjRIkokwjUaX9d\/kK62ps\/tYUqZLIMkLTyBhsMZ3C5Z\/kDxOSCb\/DOs\/\/J0qcWSX\/2ipe56EgTCA4\/cB7NAYOsni4mZM1MUPAISoEwkDi4lhVBQ1cWQyIcwalw4EpqZN68JUSK7XC0kTlkLYii5uXSC8jT5ncCAS7mjCv0uHp\/3lueHEEAeQ\/\/VgmdN71\/2uCSA1Xr6DO6uI6sW56zqT2tp2PhgiRUAajV8CY2fkcz6WGNKMgLAt7tJAhD4YHMTeRxlALE6+43WqjSWi8ITxyJl8WrwWSNESQZZOqhDDntO3hJLsd5RtSpbJqdv3YrDJH3F7jL1R2O2aQkn2MyCyKYz0GPGIvSAMgBCrCEiJyKbBaYGwLW4uPRr0A0M4Ux5kUI7IBh+hMdiCEWNqhMZGyYMsOgNE58UQuEQeUnSWCMYwL54hkxK6IoqucQZbQ3pc3XtL0lky1dL0zZJJDpWJovFqpWj6JEHnyam2eQp5QRVAVHjWparTOaVwUOx99YS2MvgxIGV0bb+qIg2HX2qkFFJB+XZcbLiuRkuxD9GRroKyveLxdh4d7Orx+hb7qc3uVRuEogCOnyIxm4ubUoPgF4jianDrC+SDQDKEfJb0GUKmjCGPYHGJvVC6X4hw1\/sAfQAdfYyephIaspXe36RwOP+Ljvfx9B6B3i+Nk0DGq+oCbLn6JpBa9nWAveAIHwFAwtVcIJXPMPL8kRu5OAYPMaL1WScTxjiZDqB9LTJSWphow\/pTYKRTLjCBhvi9iBidvKcDasGSm0QQkycYuLBqj6QCELPctqChDWpTRMWkngNNpQ1Pfp1KkiT\/Y0DGffXAweUNfLAfaJFKDwhb6I+bkYRbkERoEeu3Fyjg2opMz2daZCS9jt6Q7txNfB+OZEVF6Zl5web2xunnLQrtrjXseXKaFYziYINeMFZVxS9VxRhOoesYwxPKXm+gWLG9cuFeq93UNNeJNsf1KlwuDok9n02n3TgIJpOxNfL9naIoQwXtfH9kjceTIIi709ncTg6LZbg+biLH1V6u\/7rxBem06VXKn9raAAAAAElFTkSuQmCC\")      no-repeat center center \/ contain;  }  @media screen and (max-width: 960px) and (orientation: portrait) {    .logo {      width: 100%;    }    .logo .pc-banner {      display: none;    }    .logo .m-banner {      display: block;      width: 100%;    }    .logo .m-banner img {      height: auto!important;    }    .ytvideo {      height: 200px;      width: 100%;    }  }<\/style><style>  .video-section {    width: 100%;    margin: 0 auto;  }  .video-section > img {    width: 100%;  }  .video-section iframe,  .video-section video {    width: 100%;    height: 100%;      }  .video-section-img-m,  .video-section-img-pc > img {    width: 100%;    height: auto;  }  .video-section-img-pc.small > img {    width: 970px;  }  .video-desc {    line-height: 1.5;    font-size: 20px;    font-weight: 400;    margin: 20px 0;    text-align: center;    color: #0f1111;    word-break: break-word;  }  @media screen and (max-width: 960px) and (orientation: portrait) {    .video-section {      width: 100%;    }    .video-section-pc,    .video-section-img-pc {      display: none;    }    .video-section-m,    .video-section-img-m {      display: block;    }    .video-desc {      font-size: 15px;    }  }  @media screen and (min-width: 960px) {    .video-section {      width: 100%;      margin: 0 auto;    }    .video-section-pc,    .video-section-img-pc {      display: block;    }    .video-section-m,    .video-section-img-m {      display: none;    }    .video-desc {      font-size: 20px;    }  }<\/style><style>  .section + .section {    margin-top: 35px;  }  .section-title {    text-align: center;    font-weight: bold;    color: #0d1111;    font-family: \"Arial\";    font-size: 32px;    margin: 15px 0;  }  .section-title:empty {    display: none;  }  .section-desc {    text-align: center;    font-weight: normal;    color: #0d1111;    margin-top: 20px;  }  .section-desc:empty {    display: none;  }  .section-img {    width: 1200px;    height: 492px;    margin: 0 auto;    display: block;  }  .section-img.small {    width: 970px;    height: auto;  }  .section-img.small > img {    height: auto;  }  .section-img > img {    width: 100%;    height: 100%;  }  .section-mobile-img {    display: none;    max-width: 100vw;    max-height: 75vw;    height: 450px;    margin: 0 auto;  }  .section-mobile-img > img {    width: 100%;    height: 100%;  }  @media screen and (max-width: 960px) and (orientation: portrait) {    .container {      width: 100%;    }    .container.small {      width: 100%;    }    .section-mobile-img {      display: block;    }    .section-img {      display: none;    }    .section-title {      font-size: 22px;      margin: 10px 0;    }    .section-desc {      margin-top: 10px;    }    .section + .section {      margin-top: 20px;    }  }<\/style><\/head><body><div class=\"container small\"><div class=\"logo\"><div class=\"pc-banner small\"><div><img decoding=\"async\" src=\"\/vevor\/vevor\/boutique-banner\/pc\/en-pc@1x.jpg\" style=\"width: 100%;\" \/><\/div><\/div><div class=\"m-banner\"><div><img decoding=\"async\" src=\"\/vevor\/vevor\/boutique-banner\/mobile\/en-m@1x.jpg\" style=\"width: 100%;\" \/><\/div><\/div><\/div><div class=\"section-title\">Universalus ir Lengvas Personalizavimas su Viena Ma\u0161ina!<\/div><div class=\"video-section\"><div class=\"video-section-img-pc small\"><img decoding=\"async\" src=\"\/vevor\/product\/YTS30OZ151551Z4JB\/heat-press-machine-a100-1.4-pt.jpg\" alt=\"VEVOR \u0161ilumos spaudos ma\u0161ina: 5-in-1 daugiafunkcinis 15&#034; x 15&#034; \u0161ilumos spaudos k\u016brybinis potencialas mar\u0161kin\u0117liai.\" \/><\/div><div class=\"video-section-img-m\"><img decoding=\"async\" src=\"\/vevor\/product\/YTS30OZ151551Z4JB\/heat-press-machine-a100-1.4-pt.jpg\" alt=\"VEVOR \u0161ilumos spaudos ma\u0161ina: 5-in-1 daugiafunkcinis 15&#034; x 15&#034; \u0161ilumos spaudos k\u016brybinis potencialas mar\u0161kin\u0117liai.\" \/><\/div><div class=\"section-desc\">M\u016bs\u0173 \u0161ilumos spaudos ateina su keliais priedais, leid\u017eia jums be vargo perkelti gra\u017eaus dizaino, ant mar\u0161kin\u0117li\u0173, pagalvi\u0173 u\u017evalkalai, kepur\u0117s, puodeliai, ir keramin\u0117s plok\u0161t\u0117s, atskleisti neribotas k\u016brybi\u0161kumas. Ar tod\u0117l asmenin\u012f dovanos ar crafting unikalus &#034;PASIDARYK pats&#034; projektams, tai yra jums taikoma.<\/div><\/div><div class=\"section\"><div class=\"section-title\"><\/div><div class=\"section-img small\"><img decoding=\"async\" src=\"\/vevor\/product\/YTS30OZ151551Z4JB\/heat-press-machine-a100-2.2-pt.jpg\" alt=\"30oz didelis masa\u017euoklis \u0161ilumos spaudos pried\u0173 ir VEVOR \u0161ilumos spauda ma\u0161ina su pull-out stal\u010di\u0173.\" \/><\/div><div class=\"section-mobile-img\"><img decoding=\"async\" src=\"\/vevor\/product\/YTS30OZ151551Z4JB\/heat-press-machine-a100-2.2-pt.jpg\" alt=\"30oz didelis masa\u017euoklis \u0161ilumos spaudos pried\u0173 ir VEVOR \u0161ilumos spauda ma\u0161ina su pull-out stal\u010di\u0173.\" \/><\/div><div class=\"section-desc\">Patobulinta 30oz didelis masa\u017euoklis paspauskite are\u0161tas gali tur\u0117ti dvi standartinio dyd\u017eio puodeliai, tod\u0117l savo darb\u0105 efektyviau! M\u016bs\u0173 \u0161ilumos spaudos ma\u0161ina yra pull-out stal\u010di\u0173 dizaino didinti saugum\u0105, i\u0161vengti nudegim\u0173, kai pateikimas ir panaikinti elementai.<\/div><\/div><div class=\"section\"><div class=\"section-title\"><\/div><div class=\"section-img small\"><img decoding=\"async\" src=\"\/vevor\/product\/YTS30OZ151551Z4JB\/heat-press-machine-a100-2.3-pt.jpg\" alt=\"dviguba vamzd\u017ei\u0173 \u0161ildymo palyginimas rodo VEVOR \u0161ilumos spaudos ma\u0161inos privalumai: net \u0161ilumos, grei\u010diau \u0161ildymas, patvarus.\" \/><\/div><div class=\"section-mobile-img\"><img decoding=\"async\" src=\"\/vevor\/product\/YTS30OZ151551Z4JB\/heat-press-machine-a100-2.3-pt.jpg\" alt=\"dviguba vamzd\u017ei\u0173 \u0161ildymo palyginimas rodo VEVOR \u0161ilumos spaudos ma\u0161inos privalumai: net \u0161ilumos, grei\u010diau \u0161ildymas, patvarus.\" \/><\/div><div class=\"section-desc\">\u0160ilumos perdavimo ma\u0161ina dviguba vamzd\u017ei\u0173 \u0161ildymo technologija, kuri paskirsto \u0161ilum\u0105 tolygiai. Toks dizainas pagerina lyginimo rezultatus ir greitis u\u017etikrinant vienodas temperat\u016bros pasiskirstymas ir i\u0161laikyti stabili\u0105 \u0161ilumos, u\u017etikrinant nuosekl\u0173 ir veiksming\u0105 rezultatus kiekvien\u0105 kart\u0105.<\/div><\/div><div class=\"section\"><div class=\"section-title\"><\/div><div class=\"section-img small\"><img decoding=\"async\" src=\"\/vevor\/product\/YTS30OZ151551Z4JB\/heat-press-machine-a100-2.4-pt.jpg\" alt=\"VEVOR \u0161ilumos spauda ma\u0161ina su teflono danga, non-slip gumos rankena, 360\u00b0 rotacija, ir reguliuojamo sl\u0117gio.\" \/><\/div><div class=\"section-mobile-img\"><img decoding=\"async\" src=\"\/vevor\/product\/YTS30OZ151551Z4JB\/heat-press-machine-a100-2.4-pt.jpg\" alt=\"VEVOR \u0161ilumos spauda ma\u0161ina su teflono danga, non-slip gumos rankena, 360\u00b0 rotacija, ir reguliuojamo sl\u0117gio.\" \/><\/div><div class=\"section-desc\">Nauja stilinga spalv\u0173 schema atitinka \u012fvairius dekoro stilius 360\u00b0 pasukama ranka gali pasislinkti \u012f \u0161on\u0105, i\u0161vengiant atsitiktinio kontakto su \u0161ildymo plok\u0161te Mar\u0161kini\u0173 preso patogios detal\u0117s suteikia patogesn\u0119, saugesn\u0119 ir patogesn\u0119 patirt\u012f.<\/div><\/div><div class=\"section\"><div class=\"section-title\"><\/div><div class=\"section-img small\"><img decoding=\"async\" src=\"\/vevor\/product\/YTS30OZ151551Z4JB\/heat-press-machine-a100-2.5-pt.jpg\" alt=\"VEVOR \u0161ilumos spaudos ma\u0161inos: paprasta naudojimo vadovas 4 \u017eingsni\u0173 presavimo elementai su temperat\u016bros kontrole.\" \/><\/div><div class=\"section-mobile-img\"><img decoding=\"async\" src=\"\/vevor\/product\/YTS30OZ151551Z4JB\/heat-press-machine-a100-2.5-pt.jpg\" alt=\"VEVOR \u0161ilumos spaudos ma\u0161inos: paprasta naudojimo vadovas 4 \u017eingsni\u0173 presavimo elementai su temperat\u016bros kontrole.\" \/><\/div><div class=\"section-desc\">Su paprasta parametr\u0173 nustatymai, galite nustatyti, sl\u0117gis, temperat\u016bra, ir laikas, kad tikt\u0173 skirting\u0173 med\u017eiag\u0173 ir dizaino poreikius, u\u017etikrinti nepriekai\u0161ting\u0105 perdavim\u0105. Po presavimas, traukti i\u0161 stal\u010di\u0173 \u0161ilumos perdavimo aparatas leid\u017eia vartotojams gauti savo k\u016brinius, nesir\u016bpindami apie nudegimus.<\/div><\/div><div class=\"section\"><div class=\"section-img small\"><img decoding=\"async\" src=\"\/vevor\/product\/YTS30OZ151551Z4JB\/heat-press-machine-a100-1.11-pt.jpg\" alt=\"VEVOR \u0161ilumos spaudos ma\u0161ina drabu\u017eiai, kepur\u0117s, pagalv\u0117s, l\u0117k\u0161t\u0117s, stiklin\u0117s. &#034;ne tik \u0161ilumos spaudos.&#034;\" \/><\/div><div class=\"section-mobile-img\"><img decoding=\"async\" src=\"\/vevor\/product\/YTS30OZ151551Z4JB\/heat-press-machine-a100-1.11-pt.jpg\" alt=\"VEVOR \u0161ilumos spaudos ma\u0161ina drabu\u017eiai, kepur\u0117s, pagalv\u0117s, l\u0117k\u0161t\u0117s, stiklin\u0117s. &#034;ne tik \u0161ilumos spaudos.&#034;\" \/><\/div><\/div><\/div><\/body><\/html><\/div>\n<div class=\"DM_at-title\" id=\"js-DM_at-title\"> <div>Produkto specifikacija<\/div> <i class=\"icon-arrowup_line\"><\/i> <\/div><div class=\"DM_at-goodsDescAttr\" id=\"js-DM_at-goodsDescAttr\"> <div class=\"DM_at-goodsDescAttrInner\"> <dl class=\"goodsDesc_item goodsDesc_item_even\"> <dt>Prek\u0117s Modelio Numeris<\/dt> <dd> SJY-H15151P<\/dd> <\/dl> <dl class=\"goodsDesc_item\"> <dt>Spalva<\/dt> <dd> Juoda+Sidabrin\u0117<\/dd> <\/dl> <dl class=\"goodsDesc_item goodsDesc_item_even\"> <dt>\u0160ilumos Plok\u0161t\u0117s Dydis<\/dt> <dd> 15 x 15 \/ 380 x 380 mm<\/dd> <\/dl> <dl class=\"goodsDesc_item\"> <dt>Galia<\/dt> <dd> 1150W(JAV) \/ 1050W(ES)<\/dd> <\/dl> <dl class=\"goodsDesc_item goodsDesc_item_even\"> <dt>Temperat\u016bros Diapazonas<\/dt> <dd> 32-480\u2109\/0-250\u2103<\/dd> <\/dl> <dl class=\"goodsDesc_item\"> <dt>Laiko Intervalas<\/dt> <dd> 0-999s<\/dd> <\/dl> <dl class=\"goodsDesc_item goodsDesc_item_even\"> <dt>Pagrindin\u0117s Med\u017eiagos<\/dt> <dd> Plastiko, Aliuminio Lydinio<\/dd> <\/dl> <dl class=\"goodsDesc_item\"> <dt>Neto Svoris (\u012fskaitant visus jos priedus)<\/dt> <dd> 37.9 svar\u0173 \/ 17.2 kg<\/dd> <\/dl> <\/div> <\/div>","protected":false},"excerpt":{"rendered":"<ul>\n<li> Universalus \u0160ilumos Spauda: 5-in-1 daugiafunkcinis \u0161ilumos spaudos ma\u0161ina ateina su keliais priedais, leid\u017eia savo k\u016brybi\u0161kum\u0105 pl\u0117stis be apribojim\u0173. Ar norite perkelti, gra\u017eaus dizaino, ant mar\u0161kin\u0117li\u0173, pagalvi\u0173 u\u017evalkalai, kepur\u0117s, puodeliai, arba keramin\u0117s plok\u0161t\u0117s, m\u016bs\u0173 \u0161ilumos spaudos lengva. Patobulinta 30oz didelio dyd\u017eio masa\u017euoklis paspauskite are\u0161tas gali dirbti du puodelius vienu metu, labai padidinti darbo efektyvum\u0105! <\/li>\n<li> Sustiprintos Saugos nuo Nudegim\u0173: d\u0117dami ar i\u0161imdami T-mar\u0161kin\u0117liai, j\u016bs galite naudoti 360\u00b0 swing-away rankos jud\u0117ti \u0161ildymo plok\u0161t\u0117s \u012f \u0161on\u0105 ir i\u0161traukite stal\u010di\u0173. Tai saugos funkcij\u0173, jus toli nuo \u0161ildymo plok\u0161te, i\u0161vengti nudegim\u0173. Pull-out dizainas suteikia daugiau erdv\u0117s, paprastas ir patogus valdymas. Su Teflono danga yra lengvai valoma, neleid\u017eia kar\u0161tas, ir daro spausdinimo labiau stabilus. <\/li>\n<li> Dviguba Vamzd\u017ei\u0173 \u0160ildymas: mar\u0161kin\u0117liai paspauskite naudoja pa\u017eangiausias dviguba vamzd\u017ei\u0173 \u0161ildymo technologija greitam \u0161ildymui ir daugiau net \u0161ilumos paskirstymo, u\u017etikrinti kiekvienam coli\u0173 spaudos plotas siekia ideali temperat\u016bra. Tai pagerina vienodumo, ai\u0161kumas, ir spalva i\u0161tikimyb\u0117 perduoto dizaino. <\/li>\n<li> Tikslus Skaitmeninis Valdymas: J\u016bs galite anksto temperat\u016bra ir laikas, atsi\u017evelgiant \u012f \u012fvairi\u0173 med\u017eiag\u0173 perdavimo pasiekti patenkinam\u0173 rezultat\u0173. Temperat\u016bros diapazonas: 32-480\u2109 \/ 0-250\u2103, laiko intervalas: 0-999s. Galite persijungti tarp \u00b0C ir \u00b0F su (\u25b2\/\u25bc) mygtukus ir pasirinkite norim\u0105 temperat\u016bros rodymo re\u017eimas. Kai nustatyt\u0105 temperat\u016br\u0105, \u0161ilumos perdavimo aparatas automati\u0161kai sustoja ir garso signal\u0105, u\u017ekertant keli\u0105 per \u0161ildymo. <\/li>\n<li> Paprastas valdymas: Nustatyti, paspauskite ir nuimkite \u2013 visi\u0161kai perkelti dirbti paprastus veiksmus, net jei esate pradedantysis. Po perdavimo daroma, m\u016bs\u0173 \u0161ilumos perdavimo aparatas yra unikali ir traukti i\u0161 stal\u010di\u0173 konstrukcija leid\u017eia lengvai pa\u0161alinti gatavo produkto, nesir\u016bpindami apie nudegimo rizik\u0105. <\/li>\n<\/ul>","protected":false},"featured_media":331411,"comment_status":"closed","ping_status":"open","template":"","meta":{"om_disable_all_campaigns":false,"_uf_show_specific_survey":0,"_uf_disable_surveys":false},"location":[1935,1934],"product_brand":[21],"product_cat":[2445,2697,2446,2777,2778],"product_tag":[],"class_list":{"0":"post-53147","1":"product","2":"type-product","3":"status-publish","4":"has-post-thumbnail","6":"location-supplier_stock_location","7":"location-local_stock_location","8":"product_brand-vevor","9":"product_cat-appliances","10":"product_cat-crafting-machines","11":"product_cat-crafts-sewing","12":"product_cat-heat-press-machine-crafting-machines","13":"product_cat-press-downwards-heat-press-machine","15":"first","16":"instock","17":"taxable","18":"shipping-taxable","19":"purchasable","20":"product-type-simple"},"aioseo_notices":[],"locations":[{"id":1935,"name":"Pieg\u0101d\u0101t\u0101ja noliktav\u0101 (5-7d.d.)","slug":"supplier_stock_location","quantity":"144"},{"id":1934,"name":"R\u012bgas veikal\u0101 (0-2d.d.)","slug":"local_stock_location","quantity":"0"}],"_links":{"self":[{"href":"https:\/\/vevorshop.lv\/lt\/wp-json\/wp\/v2\/product\/53147","targetHints":{"allow":["GET"]}}],"collection":[{"href":"https:\/\/vevorshop.lv\/lt\/wp-json\/wp\/v2\/product"}],"about":[{"href":"https:\/\/vevorshop.lv\/lt\/wp-json\/wp\/v2\/types\/product"}],"replies":[{"embeddable":true,"href":"https:\/\/vevorshop.lv\/lt\/wp-json\/wp\/v2\/comments?post=53147"}],"wp:featuredmedia":[{"embeddable":true,"href":"https:\/\/vevorshop.lv\/lt\/wp-json\/wp\/v2\/media\/331411"}],"wp:attachment":[{"href":"https:\/\/vevorshop.lv\/lt\/wp-json\/wp\/v2\/media?parent=53147"}],"wp:term":[{"taxonomy":"location","embeddable":true,"href":"https:\/\/vevorshop.lv\/lt\/wp-json\/wp\/v2\/location?post=53147"},{"taxonomy":"product_brand","embeddable":true,"href":"https:\/\/vevorshop.lv\/lt\/wp-json\/wp\/v2\/product_brand?post=53147"},{"taxonomy":"product_cat","embeddable":true,"href":"https:\/\/vevorshop.lv\/lt\/wp-json\/wp\/v2\/product_cat?post=53147"},{"taxonomy":"product_tag","embeddable":true,"href":"https:\/\/vevorshop.lv\/lt\/wp-json\/wp\/v2\/product_tag?post=53147"}],"curies":[{"name":"wp","href":"https:\/\/api.w.org\/{rel}","templated":true}]}}