{"id":53279,"date":"2024-11-19T23:15:36","date_gmt":"2024-11-19T23:15:36","guid":{"rendered":"http:\/\/vevorshop.edigo.lv\/Prece\/vevor-double-overshelf-stainless-steel-overshelf-2-tier-12x72-for-prep-table\/"},"modified":"2026-04-21T19:15:27","modified_gmt":"2026-04-21T16:15:27","slug":"vevor-double-overshelf-stainless-steel-overshelf-2-tier-12x72-for-prep-table","status":"publish","type":"product","link":"https:\/\/vevorshop.lv\/lt\/Prece\/vevor-dviguba-lentyna-nerudijancio-plieno-lentyna-2-pakopa-12x72-paruosiamam-stalui\/","title":{"rendered":"VEVOR Ner\u016bdijan\u010dio Plieno Dvigubas Lentynos 30x183cm, Reguliuojama 2 Auk\u0161t\u0173 Lentyna Virtuv\u0117s, Restoran\u0173, Dirbtuvi\u0173 Stalui"},"content":{"rendered":"<div style=\"color: #fff!important; font-size: 16px; height: 24px; line-height: 24px; margin-top: -24px; \" class=\"product_original_name\">VEVOR dviguba lentyna, dvigubos pakopos ner\u016bdijan\u010dio plieno lentyna, 12 x 72 coli\u0173 dviauk\u0161t\u0117 lentyna, reguliuojamo auk\u0161\u010dio lentynos paruo\u0161iamasis darbo stalas virtuvei, restoranui ir dirbtuv\u0117ms<\/div>\n<div style=\"color: #fff!important; font-size: 16px; height: 24px; line-height: 24px; margin-top: -24px; \" class=\"product_sku\">M4I4M3I1<\/div>\n<div style=\"color: #fff!important; font-size: 16px; height: 24px; line-height: 24px; margin-top: -24px; \" class=\"product_mpn\">CFBXGGZTSCSJ88VG4V0<\/div><div id=\"js-DM_at-goodDescRich\"><html><head><style>  body {    font-family: Arial;    line-height: 1.5;    color: #1c1c1c;    overflow-x: hidden;    margin: 0;    padding: 0;  }  .MsoNormal b {    font-weight: bolder;  }<\/style><style>  .container.small {    width: 970px;    margin: 0 auto;  }  .logo {    margin: 0 auto 0;  }  .logo img {    display: block;    margin: 0 auto;    max-width: 100%;  }  .logo .pc-banner {    display: block;    width: 1200px;    height: 247.4px;    margin: 0 auto;  }  .logo .pc-banner.small {    width: 970px;  }  .logo .pc-banner.small img {    height: auto!important;  }  .logo .m-banner {    display: none;  }  .ytvideo {    position: relative;    height: 546px;    width: 100%;    margin: 0 auto;  }  .ytvideo img {    width: 100%;    margin: 0 auto;  }  .ytvideo .play-btn {    width: 60px;    height: 42px;    position: absolute;    top: 50%;    left: 50%;    transform: translate(-50%, -50%);    background: url(\"data:image\/png;base64,iVBORw0KGgoAAAANSUhEUgAAAGQAAABGCAMAAAANWMFbAAAC+lBMVEUAAADBGB3kLCfBGB3kLCfcJC7BFx3KKSbiKybkLCbWJCPSIiLSIiLPICHAFx3kLCfgKSXNHiDZJiTIGx\/p4eHcjo7LHSDbJyTkLCbjKyfOHyHPIiL28fHJHB\/GGh7EGR7eKCXDGB3RISHlLSbBGB3AFxzGHB7DGB7BGB3hKybkKybAFx3lLCfAFxzDGR3hKibDGB7cJyTmz8\/elJTlwcHjurrUIyLlLSflLSfAFx3DGR7lLSfCFx3hKibhKibhKybjKybkLCblLSfbJSX49vbx7e3NNzjNMTLMJyjVIyLZf3\/ZQ0LaeHjx0tLgoqLkLCfCGB3HGx\/BGB3BFx3PICHCGB7WJCLOHyC\/Fxy\/Fx3lLCfQISHkLSe\/FxzbJiTBFx3FGx\/AGB7BFx3EGR7AGB3HHSDfKiXAFh3TISHYNzbhKibbJyTTIiL57e325+f039\/v2NjUV1fOHiHiqanfmprch4feKSXVIyPOICHmLibFGh\/mLSe\/Fx7XJCPeKSXXJSPNHyHaJyTGGh7lLCbmLCflLSjSIiLkLCbdKSXLHiC\/GB3KHh++Fh3lKyfoLiXcKCPkx8fYb2\/XaGfVXl3aU1LLHiDksbHgKibPICHbJyTfKSXbJyTCGB3KHSDiKybFGh7TIiL\/\/\/\/VIyPRISHIHB\/GGx\/HHB\/DGR7gKibdKCXLHiDZJiTMHiDNHyHYJSTOICHPICHWJCPcKCXXJSPjLCblLCf+\/f3NGR\/uLijzLynPGR\/IGB7WISHaIyLLGh7UAADxLynNAADRLzDbICLQAADIAAD3MCrUHSHXMTDpKSbLAADp5OTij4\/ejo\/VLy\/1LyngJSTcJCPQHx\/OHB7+\/PzaMS\/OLS\/vLijrLSjSAADaNTPwLyjkKSbNJCbYISHPHB\/KGB7WAAD7+vrn3d3aKynTKCjoLCfsKifRGh\/YAADq5+fhjo7QNDXXKCfmJyXt5+fTLzDLLi\/QKivYHRvMGBrQJCXLISPMExXLDxLaEAvkkI\/bOTfaFQ\/SCgpvLcnHAAAAmnRSTlMA+vv7+gT9Bvf9+8z8\/NSv\/Pr5+P7++vnQIBMP\/v38\/Pn348XDiCYf9OjbzcqxXVcx\/fz8+\/rj1r2poo1+fXFqX0orGP7+\/v7+\/fz8+\/r68uzn4trIxsG\/vri3p6GcmZSNbWVYUUZEPQv+\/f39+\/v7+\/v7+vr64tvV1NTTz87FtbSurqeblJKFg4B3bUY+NjL7+\/v7+\/v67t1cDo8JLQAABkRJREFUWMO0kz9rwkAYh0OIeJkum6YugUAhISCdKoj\/P4C7SMdS+gEKIhSKil10LSg4mzXkILdlEpxCpwTiWOLX6BujvQaEQuGeHLnL+\/64J+SIcKGYTYWnntpdLjrVdqvZmNdn0+EE40GtpuuWVS6Xx6N7YDSGpWXpeq02wHgynM7q80az1a52HpddtVcpsi1zFARBrdaxbhp9iUReTGmwA4KAAr7vx3EYejnCMI6hQYEgy0LQi4jUN0wL19vqFcUC9\/1dAKmEEFkWRYkh5oBejnxQJiSJPJ\/uKBp0Thszx9Mw8hMRIQjKsptCfuES9zr5WJY6vSFCIvE9fCMUmEM1A1kSXcYGxgVYsvI1IPKTZciSTI0us\/SMGG04gDzELDoFBwdcFJrF88dqgYMTiL6DILWYyfOWE8\/kIz38olCNlC03FK95+imxp6y4oUSvAnBjHHhKNtotSDqJzVFiK8c2SBqhZtsrTtgrLXwAyduxZHNE26eHUt5rtuM4WSmds3G+sUdWYo1L+XyxButoh5eKUHk5lByO3G1LqqCWVnfrv\/lyPtf\/4ps1cndNGIri8J1TJ0lx6dR\/oPjq1nbRwdp2dCk4CtIOLW3pVKRL6WZfS5vF2KkIQhpwSsjiYIgNCs1gEMGqiIq24NQX9NwoXFy8Ufrl3twTcg4fv8T9\/JBEySduj6Mjm4bMzYV7EEOxKjjoNDud7yY3Dy71Hq2oLmqfbNR723edH9PgMrNL2utoQ3VmaIDkiw\/4w51P06hlZsTZvkRrbVuSIs\/zwSOsycgzStQouoAkWQqioRT5XI7n2Z1wfVhoZmcAJLsoqjqpjbWCgpOAJXBwHK8PzWbNvoUZJND5wCnSkLAkZ1legx6vqQzjoiTahKlGUGLAiIIoABOHaNVw4sexZBym6\/HWlH5h3IC7yRbxtipcWxdTOkORKiNQAEkFf66x5S2oeRbroOlLgg0sSYkR0hRGEqJZ0jTPiQKatESdBckpWigxaapEH0lImHdWu9pUFF2XqMNM2Z4kped7IwEJw2qabwtrQqnpw6HyKkgcadKWsmpywwesDyIhYRpdzXddqegtGIJlXbAIUMOLkGxJUjRIkokwjUaX9d\/kK62ps\/tYUqZLIMkLTyBhsMZ3C5Z\/kDxOSCb\/DOs\/\/J0qcWSX\/2ipe56EgTCA4\/cB7NAYOsni4mZM1MUPAISoEwkDi4lhVBQ1cWQyIcwalw4EpqZN68JUSK7XC0kTlkLYii5uXSC8jT5ncCAS7mjCv0uHp\/3lueHEEAeQ\/\/VgmdN71\/2uCSA1Xr6DO6uI6sW56zqT2tp2PhgiRUAajV8CY2fkcz6WGNKMgLAt7tJAhD4YHMTeRxlALE6+43WqjSWi8ITxyJl8WrwWSNESQZZOqhDDntO3hJLsd5RtSpbJqdv3YrDJH3F7jL1R2O2aQkn2MyCyKYz0GPGIvSAMgBCrCEiJyKbBaYGwLW4uPRr0A0M4Ux5kUI7IBh+hMdiCEWNqhMZGyYMsOgNE58UQuEQeUnSWCMYwL54hkxK6IoqucQZbQ3pc3XtL0lky1dL0zZJJDpWJovFqpWj6JEHnyam2eQp5QRVAVHjWparTOaVwUOx99YS2MvgxIGV0bb+qIg2HX2qkFFJB+XZcbLiuRkuxD9GRroKyveLxdh4d7Orx+hb7qc3uVRuEogCOnyIxm4ubUoPgF4jianDrC+SDQDKEfJb0GUKmjCGPYHGJvVC6X4hw1\/sAfQAdfYyephIaspXe36RwOP+Ljvfx9B6B3i+Nk0DGq+oCbLn6JpBa9nWAveAIHwFAwtVcIJXPMPL8kRu5OAYPMaL1WScTxjiZDqB9LTJSWphow\/pTYKRTLjCBhvi9iBidvKcDasGSm0QQkycYuLBqj6QCELPctqChDWpTRMWkngNNpQ1Pfp1KkiT\/Y0DGffXAweUNfLAfaJFKDwhb6I+bkYRbkERoEeu3Fyjg2opMz2daZCS9jt6Q7txNfB+OZEVF6Zl5web2xunnLQrtrjXseXKaFYziYINeMFZVxS9VxRhOoesYwxPKXm+gWLG9cuFeq93UNNeJNsf1KlwuDok9n02n3TgIJpOxNfL9naIoQwXtfH9kjceTIIi709ncTg6LZbg+biLH1V6u\/7rxBem06VXKn9raAAAAAElFTkSuQmCC\")      no-repeat center center \/ contain;  }  @media screen and (max-width: 960px) and (orientation: portrait) {    .logo {      width: 100%;    }    .logo .pc-banner {      display: none;    }    .logo .m-banner {      display: block;      width: 100%;    }    .logo .m-banner img {      height: auto!important;    }    .ytvideo {      height: 200px;      width: 100%;    }  }<\/style><style>  .video-section {    width: 100%;    margin: 0 auto;  }  .video-section > img {    width: 100%;  }  .video-section iframe,  .video-section video {    width: 100%;    height: 100%;      }  .video-section-img-m,  .video-section-img-pc > img {    width: 100%;    height: auto;  }  .video-section-img-pc.small > img {    width: 970px;  }  .video-desc {    line-height: 1.5;    font-size: 20px;    font-weight: 400;    margin: 20px 0;    text-align: center;    color: #0f1111;    word-break: break-word;  }  @media screen and (max-width: 960px) and (orientation: portrait) {    .video-section {      width: 100%;    }    .video-section-pc,    .video-section-img-pc {      display: none;    }    .video-section-m,    .video-section-img-m {      display: block;    }    .video-desc {      font-size: 15px;    }  }  @media screen and (min-width: 960px) {    .video-section {      width: 100%;      margin: 0 auto;    }    .video-section-pc,    .video-section-img-pc {      display: block;    }    .video-section-m,    .video-section-img-m {      display: none;    }    .video-desc {      font-size: 20px;    }  }<\/style><style>  .section + .section {    margin-top: 35px;  }  .section-title {    text-align: center;    font-weight: bold;    color: #0d1111;    font-family: \"Arial\";    font-size: 32px;    margin: 15px 0;  }  .section-title:empty {    display: none;  }  .section-desc {    text-align: center;    font-weight: normal;    color: #0d1111;    margin-top: 20px;  }  .section-desc:empty {    display: none;  }  .section-img {    width: 1200px;    height: 492px;    margin: 0 auto;    display: block;  }  .section-img.small {    width: 970px;    height: auto;  }  .section-img.small > img {    height: auto;  }  .section-img > img {    width: 100%;    height: 100%;  }  .section-mobile-img {    display: none;    max-width: 100vw;    max-height: 75vw;    height: 450px;    margin: 0 auto;  }  .section-mobile-img > img {    width: 100%;    height: 100%;  }  @media screen and (max-width: 960px) and (orientation: portrait) {    .container {      width: 100%;    }    .container.small {      width: 100%;    }    .section-mobile-img {      display: block;    }    .section-img {      display: none;    }    .section-title {      font-size: 22px;      margin: 10px 0;    }    .section-desc {      margin-top: 10px;    }    .section + .section {      margin-top: 20px;    }  }<\/style><\/head><body><div class=\"container small\"><div class=\"logo\"><div class=\"pc-banner small\"><div><img decoding=\"async\" src=\"\/vevor\/vevor\/boutique-banner\/pc\/en-pc@1x.jpg\" style=\"width: 100%;\" \/><\/div><\/div><div class=\"m-banner\"><div><img decoding=\"async\" src=\"\/vevor\/vevor\/boutique-banner\/mobile\/en-m@1x.jpg\" style=\"width: 100%;\" \/><\/div><\/div><\/div><div class=\"section-title\">VEVOR Ner\u016bdijan\u010dio Plieno Darbo Stalai su Stilingas Dizainas<\/div><div class=\"video-section\"><div class=\"video-section-img-pc small\"><img decoding=\"async\" src=\"\/vevor\/product\/CFBXGGZTSCSJ88VG4\/stainless-steel-work-table-a100-1.4-pt.jpg\" alt=\"VEVOR dviguba lentyna virtuv\u0117s sand\u0117liavimui su indais, prieskoniais ir prietaisais komercin\u0117je virtuv\u0117je.\" \/><\/div><div class=\"video-section-img-m\"><img decoding=\"async\" src=\"\/vevor\/product\/CFBXGGZTSCSJ88VG4\/stainless-steel-work-table-a100-1.4-pt.jpg\" alt=\"VEVOR dviguba lentyna virtuv\u0117s sand\u0117liavimui su indais, prieskoniais ir prietaisais komercin\u0117je virtuv\u0117je.\" \/><\/div><div class=\"section-desc\">Ar nustatymas komercin\u0117s virtuv\u0117s, nam\u0173 renovacijos, ar j\u016bs\u0173 pagrindinis namo gara\u017eas, mes si\u016blome profesionalias kokyb\u0117s ner\u016bdijan\u010dio plieno darbo stalas skirtas ilgalaik\u012f veikim\u0105 ir patikimum\u0105.<\/div><\/div><div class=\"section\"><div class=\"section-title\"><\/div><div class=\"section-img small\"><img decoding=\"async\" src=\"\/vevor\/product\/CFBXGGZTSCSJ88VG4\/stainless-steel-work-table-a100-2.2-pt.jpg\" alt=\"VEVOR dvigubai overshelf, ner\u016bdijan\u010dio plieno ra\u0161omasis stalas su virtuv\u0117s prietaisus ir maisto produkt\u0173, sertifikuota nsf.\" \/><\/div><div class=\"section-mobile-img\"><img decoding=\"async\" src=\"\/vevor\/product\/CFBXGGZTSCSJ88VG4\/stainless-steel-work-table-a100-2.2-pt.jpg\" alt=\"VEVOR dvigubai overshelf, ner\u016bdijan\u010dio plieno ra\u0161omasis stalas su virtuv\u0117s prietaisus ir maisto produkt\u0173, sertifikuota nsf.\" \/><\/div><div class=\"section-desc\">Pagamintas i\u0161 SUS201 ner\u016bdijan\u010dio plieno stalo, lentyn\u0173, ir kojos, m\u016bs\u0173 darbo stalo gali pasigirti auk\u0161\u010diausios r\u016bd\u017ei\u0173, atsparumas ir labiau patraukl\u016bs apdaila, palyginti su konkurentais, naudojant 430 ner\u016bdijan\u010dio plieno ar cinkuoto med\u017eiag\u0173. Sertifikuota NSF, \u0161iose lentel\u0117se atitinka grie\u017etus visuomen\u0117s sveikatos apsaugos standartus.<\/div><\/div><div class=\"section\"><div class=\"section-title\"><\/div><div class=\"section-img small\"><img decoding=\"async\" src=\"\/vevor\/product\/CFBXGGZTSCSJ88VG4\/stainless-steel-work-table-a100-2.3-pt.jpg\" alt=\"VEVOR dvigubai overshelf su reguliuojamu dvigubo sluoksnio lentynos lengva elemento krovimas \u012f dirbtuvi\u0173 aplinkoje.\" \/><\/div><div class=\"section-mobile-img\"><img decoding=\"async\" src=\"\/vevor\/product\/CFBXGGZTSCSJ88VG4\/stainless-steel-work-table-a100-2.3-pt.jpg\" alt=\"VEVOR dvigubai overshelf su reguliuojamu dvigubo sluoksnio lentynos lengva elemento krovimas \u012f dirbtuvi\u0173 aplinkoje.\" \/><\/div><div class=\"section-desc\">Reguliuojamas lentynas, pasi\u016blyti labiausiai patogus ir prakti\u0161kas funkcijas. Tiesiog reguliuoti lentynos auk\u0161tis su var\u017etais, kad tilpt\u0173 dyd\u017eio elementai, kuriuos reikia saugoti.<\/div><\/div><div class=\"section\"><div class=\"section-title\"><\/div><div class=\"section-img small\"><img decoding=\"async\" src=\"\/vevor\/product\/CFBXGGZTSCSJ88VG4\/stainless-steel-work-table-a100-2.4-pt.jpg\" alt=\"paprasta s\u0105ranka vadovas VEVOR dvigubai overshelf su \u017eingsniai diegiant kojos, undershelf, ir reguliuoti auk\u0161t\u012f.\" \/><\/div><div class=\"section-mobile-img\"><img decoding=\"async\" src=\"\/vevor\/product\/CFBXGGZTSCSJ88VG4\/stainless-steel-work-table-a100-2.4-pt.jpg\" alt=\"paprasta s\u0105ranka vadovas VEVOR dvigubai overshelf su \u017eingsniai diegiant kojos, undershelf, ir reguliuoti auk\u0161t\u012f.\" \/><\/div><div class=\"section-desc\">Paprasta strukt\u016bra, darbo stalo daro, montavimas lengva. Vykdykite instrukcijas greito surinkimo.<\/div><\/div><div class=\"section\"><div class=\"section-title\"><\/div><div class=\"section-img small\"><img decoding=\"async\" src=\"\/vevor\/product\/CFBXGGZTSCSJ88VG4\/stainless-steel-work-table-a100-2.5-pt.jpg\" alt=\"VEVOR dvigubai overshelf virtuv\u0117s ir saugojimo, skatinimo erdv\u0117s optimizavimas ir platus taikymas.\" \/><\/div><div class=\"section-mobile-img\"><img decoding=\"async\" src=\"\/vevor\/product\/CFBXGGZTSCSJ88VG4\/stainless-steel-work-table-a100-2.5-pt.jpg\" alt=\"VEVOR dvigubai overshelf virtuv\u0117s ir saugojimo, skatinimo erdv\u0117s optimizavimas ir platus taikymas.\" \/><\/div><div class=\"section-desc\">Vieta j\u016bs\u0173 virtuv\u0117, gara\u017eas, dirbtuv\u0117s, baras, restoranas, skalbykla, kambaryje, mokyklos, ligonin\u0117s, sand\u0117liukas, ar bet kokios kitos komercin\u0117s aplinkos, kaip puikiai remonto arba darbo stalo.<\/div><\/div><div class=\"section\"><div class=\"section-img small\"><img decoding=\"async\" src=\"\/vevor\/product\/CFBXGGZTSCSJ88VG4\/stainless-steel-work-table-a100-1.11-pt.jpg\" alt=\"VEVOR dvigubai overshelf, 72 x 12 x 23,6 cm, lj1830 modelis, svoris 25.3 kg, matmenys nurodyti nuotraukoje.\" \/><\/div><div class=\"section-mobile-img\"><img decoding=\"async\" src=\"\/vevor\/product\/CFBXGGZTSCSJ88VG4\/stainless-steel-work-table-a100-1.11-pt.jpg\" alt=\"VEVOR dvigubai overshelf, 72 x 12 x 23,6 cm, lj1830 modelis, svoris 25.3 kg, matmenys nurodyti nuotraukoje.\" \/><\/div><\/div><\/div><\/body><\/html><\/div>\n<div class=\"DM_at-title\" id=\"js-DM_at-title\"> <div>Produkto specifikacija<\/div> <i class=\"icon-arrowup_line\"><\/i> <\/div><div class=\"DM_at-goodsDescAttr\" id=\"js-DM_at-goodsDescAttr\"> <div class=\"DM_at-goodsDescAttrInner\"> <dl class=\"goodsDesc_item goodsDesc_item_even\"> <dt>Prek\u0117s Modelio Numeris<\/dt> <dd> LJ1830*300<\/dd> <\/dl> <dl class=\"goodsDesc_item\"> <dt>Med\u017eiaga<\/dt> <dd> Ner\u016bdijan\u010dio Plieno<\/dd> <\/dl> <dl class=\"goodsDesc_item goodsDesc_item_even\"> <dt>Produkto Svoris<\/dt> <dd> 26 lbs \/ 11.85 kg<\/dd> <\/dl> <dl class=\"goodsDesc_item\"> <dt>Fiksuota Bazin\u0117 \u012f Vir\u0161\u0173 Pavir\u0161iaus Dydis<\/dt> <dd> 12 x 72 x 24 cm \/ 305 x 1829 x 600 mm<\/dd> <\/dl> <dl class=\"goodsDesc_item goodsDesc_item_even\"> <dt>Max Bendras Dydis<\/dt> <dd> 12 x 72 x 25 cm \/ 305 x 1829 x 640 mm<\/dd> <\/dl> <\/div> <\/div>","protected":false},"excerpt":{"rendered":"<ul>\n<li> D\u0116MESIO: D\u0117l savo saugumo, pir\u0161tin\u0117s privalo surinkimo metu. <\/li>\n<li> Auk\u0161tos Kokyb\u0117s Ner\u016bdijan\u010dio Plieno: \u0160io darbo stalo, fiksuota bazin\u0117 \u012f vir\u0161\u0173 pavir\u0161iaus dydis: 12 x 72 x 24 coli\u0173, max bendras dydis: 12 x 72 x 25 coli\u0173, yra pagamintas i\u0161 SUS201 ner\u016bdijan\u010dio plieno stalo, lentyn\u0173, ir kojos. Jis si\u016blo puiki\u0105 r\u016bd\u017ei\u0173, atsparumas, aptakus i\u0161vaizda, ir lygaus pavir\u0161iaus, kad b\u016bt\u0173 lengva valyti su paprasta servet\u0117l\u0117. Sertifikuota NSF, ji atitinka grie\u017etus visuomen\u0117s sveikatos standartus, u\u017etikrinant, ilgalaik\u0117 apsauga u\u017e savo sveikat\u0105. <\/li>\n<li> Stabilus ir Patvarus: Su patobulinta storis 0,8 mm, \u0161ioje lentel\u0117je yra tvirtas ir patvarus, teikiantis daug sand\u0117liavimo savo prekes ir leid\u017eia jums kamino m\u0117gstam\u0173 ingredient\u0173 lengvai. <\/li>\n<li> Patogus Dizainas: \u0160\u012f reguliuojamas dvigubo sluoksnio darbo stalo, si\u016blo labiausiai patogus ir prakti\u0161kas funkcionalumas. Tiesiog reguliuoti lentynos auk\u0161tis su var\u017etais, kad tilpt\u0173 elementus, \u012fvairi\u0173 dyd\u017ei\u0173. <\/li>\n<li> Universalus Programas: U\u017e saugojimo, m\u016bs\u0173 stalo gali b\u016bti naudojamas dar\u017eovi\u0173 smulkinimo, minkyti te\u0161l\u0105, pjovimo m\u0117sos, ir kit\u0173 virtuv\u0117s susijusias u\u017eduotis. Ji puikiai tinka naudoti baruose, restoranuose, vie\u0161bu\u010diuose, fur\u0161etai, maitinimas, rengini\u0173, mokyklos veiklos, arba &#034; office pertraukos kambariai. <\/li>\n<\/ul>","protected":false},"featured_media":332407,"comment_status":"closed","ping_status":"open","template":"","meta":{"om_disable_all_campaigns":false,"_monsterinsights_skip_tracking":false,"_monsterinsights_sitenote_active":false,"_monsterinsights_sitenote_note":"","_monsterinsights_sitenote_category":0,"_uf_show_specific_survey":0,"_uf_disable_surveys":false},"location":[1935,1934],"product_brand":[21],"product_cat":[2727,2729,2530,2726,2728],"product_tag":[],"class_list":{"0":"post-53279","1":"product","2":"type-product","3":"status-publish","4":"has-post-thumbnail","6":"location-supplier_stock_location","7":"location-local_stock_location","8":"product_brand-vevor","9":"product_cat-carts-utility-tables","10":"product_cat-commercial-worktables","11":"product_cat-furniture-2","12":"product_cat-kitchen-dining-room-furniture","13":"product_cat-kitchen-prep-tables","15":"first","16":"outofstock","17":"taxable","18":"shipping-taxable","19":"purchasable","20":"product-type-simple"},"aioseo_notices":[],"jetpack_sharing_enabled":true,"locations":[{"id":1935,"name":"Pieg\u0101d\u0101t\u0101ja noliktav\u0101 (5-7d.d.)","slug":"supplier_stock_location","quantity":"0"},{"id":1934,"name":"R\u012bgas veikal\u0101 (0-2d.d.)","slug":"local_stock_location","quantity":"0"}],"_links":{"self":[{"href":"https:\/\/vevorshop.lv\/lt\/wp-json\/wp\/v2\/product\/53279","targetHints":{"allow":["GET"]}}],"collection":[{"href":"https:\/\/vevorshop.lv\/lt\/wp-json\/wp\/v2\/product"}],"about":[{"href":"https:\/\/vevorshop.lv\/lt\/wp-json\/wp\/v2\/types\/product"}],"replies":[{"embeddable":true,"href":"https:\/\/vevorshop.lv\/lt\/wp-json\/wp\/v2\/comments?post=53279"}],"wp:featuredmedia":[{"embeddable":true,"href":"https:\/\/vevorshop.lv\/lt\/wp-json\/wp\/v2\/media\/332407"}],"wp:attachment":[{"href":"https:\/\/vevorshop.lv\/lt\/wp-json\/wp\/v2\/media?parent=53279"}],"wp:term":[{"taxonomy":"location","embeddable":true,"href":"https:\/\/vevorshop.lv\/lt\/wp-json\/wp\/v2\/location?post=53279"},{"taxonomy":"product_brand","embeddable":true,"href":"https:\/\/vevorshop.lv\/lt\/wp-json\/wp\/v2\/product_brand?post=53279"},{"taxonomy":"product_cat","embeddable":true,"href":"https:\/\/vevorshop.lv\/lt\/wp-json\/wp\/v2\/product_cat?post=53279"},{"taxonomy":"product_tag","embeddable":true,"href":"https:\/\/vevorshop.lv\/lt\/wp-json\/wp\/v2\/product_tag?post=53279"}],"curies":[{"name":"wp","href":"https:\/\/api.w.org\/{rel}","templated":true}]}}