{"id":53646,"date":"2024-11-19T23:59:51","date_gmt":"2024-11-19T23:59:51","guid":{"rendered":"http:\/\/vevorshop.edigo.lv\/Prece\/vevor-impact-sockets-set-59pcs-6-point-3-8-1-2-drive-bit-ratchet-tool-kit\/"},"modified":"2026-04-20T00:45:26","modified_gmt":"2026-04-19T21:45:26","slug":"vevor-impact-sockets-set-59pcs-6-point-3-8-1-2-drive-bit-ratchet-tool-kit","status":"publish","type":"product","link":"https:\/\/vevorshop.lv\/lt\/Prece\/vevor-poveikio-lizdai-rinkinys-59-vnt-6-tasku-3-8-1-2-pavaros-bitu-reketas-irankiu-rinkinys\/","title":{"rendered":"VEVOR 59 vnt. 3\/8 ir 1\/2 pavara sm\u016bginis galvu rinkinys, 6\u201332 mm ir SAE, Cr-Mo plienas, su d\u0117\u017eute"},"content":{"rendered":"<div style=\"color: #fff!important; font-size: 16px; height: 24px; line-height: 24px; margin-top: -24px; \" class=\"product_original_name\">VEVOR 3\/8 \"&amp; 1\/2\" Pavaros sm\u016bgini\u0173 lizd\u0173 rinkinys, 59PCS lizd\u0173 rinkinys SAE 5\/16 \"iki 1-1\/4\" ir metrinis 6-32 mm, 6 ta\u0161k\u0173 Cr-Mo legiruotasis plienas, skirtas automatiniam remontui, lengvai skaitomi \u017eenklai, tvirta konstrukcija, laikymo d\u0117klas<\/div>\n<div style=\"color: #fff!important; font-size: 16px; height: 24px; line-height: 24px; margin-top: -24px; \" class=\"product_sku\">M4I4M54F<\/div>\n<div style=\"color: #fff!important; font-size: 16px; height: 24px; line-height: 24px; margin-top: -24px; \" class=\"product_mpn\">CJTTZJ1CRMO53W901V0<\/div><div id=\"js-DM_at-goodDescRich\"><html><head><style>  body {    font-family: Arial;    line-height: 1.5;    color: #1c1c1c;    overflow-x: hidden;    margin: 0;    padding: 0;  }  .MsoNormal b {    font-weight: bolder;  }<\/style><style>  .container.small {    width: 970px;    margin: 0 auto;  }  .logo {    margin: 0 auto 0;  }  .logo img {    display: block;    margin: 0 auto;    max-width: 100%;  }  .logo .pc-banner {    display: block;    width: 1200px;    height: 247.4px;    margin: 0 auto;  }  .logo .pc-banner.small {    width: 970px;  }  .logo .pc-banner.small img {    height: auto!important;  }  .logo .m-banner {    display: none;  }  .ytvideo {    position: relative;    height: 546px;    width: 100%;    margin: 0 auto;  }  .ytvideo img {    width: 100%;    margin: 0 auto;  }  .ytvideo .play-btn {    width: 60px;    height: 42px;    position: absolute;    top: 50%;    left: 50%;    transform: translate(-50%, -50%);    background: url(\"data:image\/png;base64,iVBORw0KGgoAAAANSUhEUgAAAGQAAABGCAMAAAANWMFbAAAC+lBMVEUAAADBGB3kLCfBGB3kLCfcJC7BFx3KKSbiKybkLCbWJCPSIiLSIiLPICHAFx3kLCfgKSXNHiDZJiTIGx\/p4eHcjo7LHSDbJyTkLCbjKyfOHyHPIiL28fHJHB\/GGh7EGR7eKCXDGB3RISHlLSbBGB3AFxzGHB7DGB7BGB3hKybkKybAFx3lLCfAFxzDGR3hKibDGB7cJyTmz8\/elJTlwcHjurrUIyLlLSflLSfAFx3DGR7lLSfCFx3hKibhKibhKybjKybkLCblLSfbJSX49vbx7e3NNzjNMTLMJyjVIyLZf3\/ZQ0LaeHjx0tLgoqLkLCfCGB3HGx\/BGB3BFx3PICHCGB7WJCLOHyC\/Fxy\/Fx3lLCfQISHkLSe\/FxzbJiTBFx3FGx\/AGB7BFx3EGR7AGB3HHSDfKiXAFh3TISHYNzbhKibbJyTTIiL57e325+f039\/v2NjUV1fOHiHiqanfmprch4feKSXVIyPOICHmLibFGh\/mLSe\/Fx7XJCPeKSXXJSPNHyHaJyTGGh7lLCbmLCflLSjSIiLkLCbdKSXLHiC\/GB3KHh++Fh3lKyfoLiXcKCPkx8fYb2\/XaGfVXl3aU1LLHiDksbHgKibPICHbJyTfKSXbJyTCGB3KHSDiKybFGh7TIiL\/\/\/\/VIyPRISHIHB\/GGx\/HHB\/DGR7gKibdKCXLHiDZJiTMHiDNHyHYJSTOICHPICHWJCPcKCXXJSPjLCblLCf+\/f3NGR\/uLijzLynPGR\/IGB7WISHaIyLLGh7UAADxLynNAADRLzDbICLQAADIAAD3MCrUHSHXMTDpKSbLAADp5OTij4\/ejo\/VLy\/1LyngJSTcJCPQHx\/OHB7+\/PzaMS\/OLS\/vLijrLSjSAADaNTPwLyjkKSbNJCbYISHPHB\/KGB7WAAD7+vrn3d3aKynTKCjoLCfsKifRGh\/YAADq5+fhjo7QNDXXKCfmJyXt5+fTLzDLLi\/QKivYHRvMGBrQJCXLISPMExXLDxLaEAvkkI\/bOTfaFQ\/SCgpvLcnHAAAAmnRSTlMA+vv7+gT9Bvf9+8z8\/NSv\/Pr5+P7++vnQIBMP\/v38\/Pn348XDiCYf9OjbzcqxXVcx\/fz8+\/rj1r2poo1+fXFqX0orGP7+\/v7+\/fz8+\/r68uzn4trIxsG\/vri3p6GcmZSNbWVYUUZEPQv+\/f39+\/v7+\/v7+vr64tvV1NTTz87FtbSurqeblJKFg4B3bUY+NjL7+\/v7+\/v67t1cDo8JLQAABkRJREFUWMO0kz9rwkAYh0OIeJkum6YugUAhISCdKoj\/P4C7SMdS+gEKIhSKil10LSg4mzXkILdlEpxCpwTiWOLX6BujvQaEQuGeHLnL+\/64J+SIcKGYTYWnntpdLjrVdqvZmNdn0+EE40GtpuuWVS6Xx6N7YDSGpWXpeq02wHgynM7q80az1a52HpddtVcpsi1zFARBrdaxbhp9iUReTGmwA4KAAr7vx3EYejnCMI6hQYEgy0LQi4jUN0wL19vqFcUC9\/1dAKmEEFkWRYkh5oBejnxQJiSJPJ\/uKBp0Thszx9Mw8hMRIQjKsptCfuES9zr5WJY6vSFCIvE9fCMUmEM1A1kSXcYGxgVYsvI1IPKTZciSTI0us\/SMGG04gDzELDoFBwdcFJrF88dqgYMTiL6DILWYyfOWE8\/kIz38olCNlC03FK95+imxp6y4oUSvAnBjHHhKNtotSDqJzVFiK8c2SBqhZtsrTtgrLXwAyduxZHNE26eHUt5rtuM4WSmds3G+sUdWYo1L+XyxButoh5eKUHk5lByO3G1LqqCWVnfrv\/lyPtf\/4ps1cndNGIri8J1TJ0lx6dR\/oPjq1nbRwdp2dCk4CtIOLW3pVKRL6WZfS5vF2KkIQhpwSsjiYIgNCs1gEMGqiIq24NQX9NwoXFy8Ufrl3twTcg4fv8T9\/JBEySduj6Mjm4bMzYV7EEOxKjjoNDud7yY3Dy71Hq2oLmqfbNR723edH9PgMrNL2utoQ3VmaIDkiw\/4w51P06hlZsTZvkRrbVuSIs\/zwSOsycgzStQouoAkWQqioRT5XI7n2Z1wfVhoZmcAJLsoqjqpjbWCgpOAJXBwHK8PzWbNvoUZJND5wCnSkLAkZ1legx6vqQzjoiTahKlGUGLAiIIoABOHaNVw4sexZBym6\/HWlH5h3IC7yRbxtipcWxdTOkORKiNQAEkFf66x5S2oeRbroOlLgg0sSYkR0hRGEqJZ0jTPiQKatESdBckpWigxaapEH0lImHdWu9pUFF2XqMNM2Z4kped7IwEJw2qabwtrQqnpw6HyKkgcadKWsmpywwesDyIhYRpdzXddqegtGIJlXbAIUMOLkGxJUjRIkokwjUaX9d\/kK62ps\/tYUqZLIMkLTyBhsMZ3C5Z\/kDxOSCb\/DOs\/\/J0qcWSX\/2ipe56EgTCA4\/cB7NAYOsni4mZM1MUPAISoEwkDi4lhVBQ1cWQyIcwalw4EpqZN68JUSK7XC0kTlkLYii5uXSC8jT5ncCAS7mjCv0uHp\/3lueHEEAeQ\/\/VgmdN71\/2uCSA1Xr6DO6uI6sW56zqT2tp2PhgiRUAajV8CY2fkcz6WGNKMgLAt7tJAhD4YHMTeRxlALE6+43WqjSWi8ITxyJl8WrwWSNESQZZOqhDDntO3hJLsd5RtSpbJqdv3YrDJH3F7jL1R2O2aQkn2MyCyKYz0GPGIvSAMgBCrCEiJyKbBaYGwLW4uPRr0A0M4Ux5kUI7IBh+hMdiCEWNqhMZGyYMsOgNE58UQuEQeUnSWCMYwL54hkxK6IoqucQZbQ3pc3XtL0lky1dL0zZJJDpWJovFqpWj6JEHnyam2eQp5QRVAVHjWparTOaVwUOx99YS2MvgxIGV0bb+qIg2HX2qkFFJB+XZcbLiuRkuxD9GRroKyveLxdh4d7Orx+hb7qc3uVRuEogCOnyIxm4ubUoPgF4jianDrC+SDQDKEfJb0GUKmjCGPYHGJvVC6X4hw1\/sAfQAdfYyephIaspXe36RwOP+Ljvfx9B6B3i+Nk0DGq+oCbLn6JpBa9nWAveAIHwFAwtVcIJXPMPL8kRu5OAYPMaL1WScTxjiZDqB9LTJSWphow\/pTYKRTLjCBhvi9iBidvKcDasGSm0QQkycYuLBqj6QCELPctqChDWpTRMWkngNNpQ1Pfp1KkiT\/Y0DGffXAweUNfLAfaJFKDwhb6I+bkYRbkERoEeu3Fyjg2opMz2daZCS9jt6Q7txNfB+OZEVF6Zl5web2xunnLQrtrjXseXKaFYziYINeMFZVxS9VxRhOoesYwxPKXm+gWLG9cuFeq93UNNeJNsf1KlwuDok9n02n3TgIJpOxNfL9naIoQwXtfH9kjceTIIi709ncTg6LZbg+biLH1V6u\/7rxBem06VXKn9raAAAAAElFTkSuQmCC\")      no-repeat center center \/ contain;  }  @media screen and (max-width: 960px) and (orientation: portrait) {    .logo {      width: 100%;    }    .logo .pc-banner {      display: none;    }    .logo .m-banner {      display: block;      width: 100%;    }    .logo .m-banner img {      height: auto!important;    }    .ytvideo {      height: 200px;      width: 100%;    }  }<\/style><style>  .video-section {    width: 100%;    margin: 0 auto;  }  .video-section > img {    width: 100%;  }  .video-section iframe,  .video-section video {    width: 100%;    height: 100%;      }  .video-section-img-m,  .video-section-img-pc > img {    width: 100%;    height: auto;  }  .video-section-img-pc.small > img {    width: 970px;  }  .video-desc {    line-height: 1.5;    font-size: 20px;    font-weight: 400;    margin: 20px 0;    text-align: center;    color: #0f1111;    word-break: break-word;  }  @media screen and (max-width: 960px) and (orientation: portrait) {    .video-section {      width: 100%;    }    .video-section-pc,    .video-section-img-pc {      display: none;    }    .video-section-m,    .video-section-img-m {      display: block;    }    .video-desc {      font-size: 15px;    }  }  @media screen and (min-width: 960px) {    .video-section {      width: 100%;      margin: 0 auto;    }    .video-section-pc,    .video-section-img-pc {      display: block;    }    .video-section-m,    .video-section-img-m {      display: none;    }    .video-desc {      font-size: 20px;    }  }<\/style><style>  .section + .section {    margin-top: 35px;  }  .section-title {    text-align: center;    font-weight: bold;    color: #0d1111;    font-family: \"Arial\";    font-size: 32px;    margin: 15px 0;  }  .section-title:empty {    display: none;  }  .section-desc {    text-align: center;    font-weight: normal;    color: #0d1111;    margin-top: 20px;  }  .section-desc:empty {    display: none;  }  .section-img {    width: 1200px;    height: 492px;    margin: 0 auto;    display: block;  }  .section-img.small {    width: 970px;    height: auto;  }  .section-img.small > img {    height: auto;  }  .section-img > img {    width: 100%;    height: 100%;  }  .section-mobile-img {    display: none;    max-width: 100vw;    max-height: 75vw;    height: 450px;    margin: 0 auto;  }  .section-mobile-img > img {    width: 100%;    height: 100%;  }  @media screen and (max-width: 960px) and (orientation: portrait) {    .container {      width: 100%;    }    .container.small {      width: 100%;    }    .section-mobile-img {      display: block;    }    .section-img {      display: none;    }    .section-title {      font-size: 22px;      margin: 10px 0;    }    .section-desc {      margin-top: 10px;    }    .section + .section {      margin-top: 20px;    }  }<\/style><\/head><body><div class=\"container small\"><div class=\"logo\"><div class=\"pc-banner small\"><div><img decoding=\"async\" src=\"\/vevor\/vevor\/boutique-banner\/pc\/en-pc@1x.jpg\" style=\"width: 100%;\" \/><\/div><\/div><div class=\"m-banner\"><div><img decoding=\"async\" src=\"\/vevor\/vevor\/boutique-banner\/mobile\/en-m@1x.jpg\" style=\"width: 100%;\" \/><\/div><\/div><\/div><div class=\"section-title\">3\/8 &amp; 1\/2in 59-gabalas Poveikio Lizdas Nustatyti<\/div><div class=\"video-section\"><div class=\"video-section-img-pc small\"><img decoding=\"async\" src=\"\/vevor\/product\/CJTTZJ1CRMO53W901\/impact-socket-set-a100-1.4-pt.jpg\" \/><\/div><div class=\"video-section-img-m\"><img decoding=\"async\" src=\"\/vevor\/product\/CJTTZJ1CRMO53W901\/impact-socket-set-a100-1.4-pt.jpg\" \/><\/div><div class=\"section-desc\">Ie\u0161kote profesionalaus ir ne\u0161iojamo sm\u016bgini\u0173 lizd\u0173 rinkinio? VEVOR 59 dali\u0173 sm\u016bgini\u0173 lizd\u0173 rinkinys si\u016blo vis\u0105 \u012franki\u0173 asortiment\u0105, ypa\u010d tinkant\u012f \u012fvairi\u0173 marki\u0173 automobili\u0173 remontui.<\/div><\/div><div class=\"section\"><div class=\"section-title\"><\/div><div class=\"section-img small\"><img decoding=\"async\" src=\"\/vevor\/product\/CJTTZJ1CRMO53W901\/impact-socket-set-a100-2.2-pt.jpg\" \/><\/div><div class=\"section-mobile-img\"><img decoding=\"async\" src=\"\/vevor\/product\/CJTTZJ1CRMO53W901\/impact-socket-set-a100-2.2-pt.jpg\" \/><\/div><div class=\"section-desc\">Su pro konfig\u016bracija 59 gabalus, \u0161is rinkinys gali b\u016bti naudojamas su elektriniu i\u0161nirimas, poveikio i\u0161nirimas, reketas, i\u0161nirimas, lazdele girtas, ir kitos priemon\u0117s, automobili\u0173 technin\u0117 prie\u017ei\u016bra, \u012franga surinkimas, pramon\u0117s gamybos, elektros energijos patikrinimus, ir daugiau.<\/div><\/div><div class=\"section\"><div class=\"section-title\"><\/div><div class=\"section-img small\"><img decoding=\"async\" src=\"\/vevor\/product\/CJTTZJ1CRMO53W901\/impact-socket-set-a100-2.3-pt.jpg\" \/><\/div><div class=\"section-mobile-img\"><img decoding=\"async\" src=\"\/vevor\/product\/CJTTZJ1CRMO53W901\/impact-socket-set-a100-2.3-pt.jpg\" \/><\/div><div class=\"section-desc\">\u0160e\u0161iakampis lizdo dizainas sukuria skirtum\u0105 tarp ver\u017eli\u0173 ir kra\u0161tus operacijos metu, u\u017ekirsti keli\u0105 pernelyg dideliam trint\u012f ir d\u0117v\u0117jim\u0105si. Jis gali atlaikyti didesn\u0119 sm\u016bgio j\u0117g\u0105 ir efektyviai pa\u0161alinti var\u017etai.<\/div><\/div><div class=\"section\"><div class=\"section-title\"><\/div><div class=\"section-img small\"><img decoding=\"async\" src=\"\/vevor\/product\/CJTTZJ1CRMO53W901\/impact-socket-set-a100-2.4-pt.jpg\" \/><\/div><div class=\"section-mobile-img\"><img decoding=\"async\" src=\"\/vevor\/product\/CJTTZJ1CRMO53W901\/impact-socket-set-a100-2.4-pt.jpg\" \/><\/div><div class=\"section-desc\">Naudojant lazerio \u0117sdinimo ir gele\u017einkeli\u0173 procesus, labai didelio dyd\u017eio \u017eym\u0117jimas lizdai yra ai\u0161kus ir lengvai nustatyti net esant \u012fvairioms ap\u0161vietimo s\u0105lygoms. \u017denklai, taip pat yra atsparus nusid\u0117v\u0117jimui.<\/div><\/div><div class=\"section\"><div class=\"section-title\"><\/div><div class=\"section-img small\"><img decoding=\"async\" src=\"\/vevor\/product\/CJTTZJ1CRMO53W901\/impact-socket-set-a100-2.5-pt.jpg\" \/><\/div><div class=\"section-mobile-img\"><img decoding=\"async\" src=\"\/vevor\/product\/CJTTZJ1CRMO53W901\/impact-socket-set-a100-2.5-pt.jpg\" \/><\/div><div class=\"section-desc\">Split-stiprinti atveju u\u017etikrina ilgaam\u017ei\u0161kum\u0105 ir yra ma\u017eiau link\u0119 l\u016b\u017eimo. Ne\u0161iojam\u0173 dizainas leid\u017eia lengvai atlikti u\u017e darb\u0105 eiti.<\/div><\/div><div class=\"section\"><div class=\"section-img small\"><img decoding=\"async\" src=\"\/vevor\/product\/CJTTZJ1CRMO53W901\/impact-socket-set-a100-1.11-pt.jpg\" \/><\/div><div class=\"section-mobile-img\"><img decoding=\"async\" src=\"\/vevor\/product\/CJTTZJ1CRMO53W901\/impact-socket-set-a100-1.11-pt.jpg\" \/><\/div><\/div><\/div><\/body><\/html><\/div>\n<div class=\"DM_at-title\" id=\"js-DM_at-title\"> <div>Produkto specifikacija<\/div> <i class=\"icon-arrowup_line\"><\/i> <\/div><div class=\"DM_at-goodsDescAttr\" id=\"js-DM_at-goodsDescAttr\"> <div class=\"DM_at-goodsDescAttrInner\"> <dl class=\"goodsDesc_item goodsDesc_item_even\"> <dt>Prek\u0117s Modelio Numeris<\/dt> <dd> SX1238MSSD590<\/dd> <\/dl> <dl class=\"goodsDesc_item\"> <dt>Kiekis<\/dt> <dd> 59 VNT<\/dd> <\/dl> <dl class=\"goodsDesc_item goodsDesc_item_even\"> <dt>Med\u017eiaga<\/dt> <dd> CR-MO Lydinio Plieno<\/dd> <\/dl> <dl class=\"goodsDesc_item\"> <dt>Kietumas<\/dt> <dd> HRC42-48<\/dd> <\/dl> <dl class=\"goodsDesc_item goodsDesc_item_even\"> <dt>Laikymo D\u0117\u017eut\u0117 Dydis<\/dt> <dd> 20.1 x 16.1 x 2.6 \/ 510 x 410 x 65 mm<\/dd> <\/dl> <dl class=\"goodsDesc_item\"> <dt>Neto Svoris<\/dt> <dd> 23.2 svar\u0173 \/ 10.52 kg<\/dd> <\/dl> <\/div> <\/div>","protected":false},"excerpt":{"rendered":"<ul>\n<li> Cr-Mo pramonin\u0117s klas\u0117s legiruotasis plienas: pagamintas i\u0161 auk\u0161\u010diausios kokyb\u0117s sm\u016bginio legiruotojo plieno, m\u016bs\u0173 3\/8 &amp; 1\/2 \u2033 sm\u016bgini\u0173 lizd\u0173 rinkinys su Cr-Mo pramonin\u0117s klas\u0117s legiruotu plienu si\u016blo i\u0161skirtinius atsparumo sm\u016bgiams ir absorbcijos patobulinimus. naudojant vakuumin\u012f termin\u012f apdorojim\u0105, plienas greitai kaitinamas ir v\u0117sinamas, tod\u0117l pavir\u0161ius yra poliruotas ir labai patvarus. tod\u0117l jis puikiai tinka \u012fvairioms eksploatacin\u0117ms aplinkoms. <\/li>\n<li> Auk\u0161tas Sukimo momentas: I\u0161siskiria savo \u0161e\u0161iakampe ratai dizaino, kuris i\u0161skiria j\u012f i\u0161 tradicinio dizaino tr\u016bksta u\u017eapvalintais kampais, \u0161is lizdas \u012franki\u0173 rinkinys gerokai suma\u017eina spaudim\u0105 tvirtinimo detali\u0173, kurios sm\u016bgio metu. Kaip rezultatas, ji suma\u017eina d\u0117v\u0117jim\u0105si ir efektyviai apsaugo var\u017etas apvalinimo ir i\u0161ardym\u0105. <\/li>\n<li> Lengvai Skaitoma Dydis \u017denklai: dydis \u017eenklais, \u0161ie 59pcs poveikis vairuotojo lizdas nustatyti yra kruop\u0161\u010diai lazeriu i\u0161rai\u017eyti ir valcavimo, u\u017etikrinant, lengvas nustatymas lizdas dyd\u017ei\u0173, net ir esant silpnam ap\u0161vietimui. <\/li>\n<li> Patogus saugojimas ir transportavimas: Komplekt\u0105 lydi vidutinio svorio metalin\u0117 \u012franki\u0173 d\u0117\u017e\u0117, u\u017etikrinanti patog\u0173 ne\u0161iojamum\u0105. \u012eranki\u0173 d\u0117\u017e\u0117 palengvina organizuot\u0105 \u012franki\u0173 laikym\u0105 po naudojimo, pa\u0161alindama nereikalingo i\u0161sibarstymo ar praradimo rizik\u0105. <\/li>\n<li> Gausu Komponent\u0173: Apima 1\/2&#034; SAE giliai lizdai\u2013 3\/8&#034;\u30017\/16&#034;\u30011\/2&#034;\u30019\/16&#034;\u30015\/8&#034;\u300111\/16&#034;\u30013\/4&#034;\u300113\/16&#034;\u30017\/8&#034;\u300115\/16&#034;\u30011&#034;\u30011-1\/16&#034;\u30011-1\/8&#034;\u30011-1\/4&#034;; 1\/2&#034; metrinis sekli\u0173 lizdai: 9, 10, 11, 12, 13, 14, 15, 16, 17, 18, 19, 21, 22, 23, 24, 27, 30, 32mm; 3\/8&#034; SAE giliai lizdai: 5\/16&#034;\u30013\/8&#034;\u30017\/16&#034;\u30011\/2&#034;\u30019\/16&#034;\u30015\/8&#034;\u300111\/16&#034;\u30013\/4&#034;\u300113\/16&#034;; 3\/8&#034; metrinis sekli\u0173 lizdai: 6\u30017\u30018\u30019\u300110\u300111\u300112\u300113\u300114\u300115\u300116\u300117\u300118\u300119mm, dvi extension barai ir 2 adapteriai. <\/li>\n<\/ul>","protected":false},"featured_media":334217,"comment_status":"closed","ping_status":"open","template":"","meta":{"om_disable_all_campaigns":false,"_monsterinsights_skip_tracking":false,"_monsterinsights_sitenote_active":false,"_monsterinsights_sitenote_note":"","_monsterinsights_sitenote_category":0,"_uf_show_specific_survey":0,"_uf_disable_surveys":false},"location":[1935,1934],"product_brand":[21],"product_cat":[2615,2400,3361,3360,2374],"product_tag":[],"class_list":{"0":"post-53646","1":"product","2":"type-product","3":"status-publish","4":"has-post-thumbnail","6":"location-supplier_stock_location","7":"location-local_stock_location","8":"product_brand-vevor","9":"product_cat-hand-tool-sets","10":"product_cat-hand-tools-tools","11":"product_cat-impact-socket-set-sockets-ratchets","12":"product_cat-sockets-ratchets","13":"product_cat-tools","15":"first","16":"instock","17":"taxable","18":"shipping-taxable","19":"purchasable","20":"product-type-simple"},"aioseo_notices":[],"jetpack_sharing_enabled":true,"locations":[{"id":1935,"name":"Pieg\u0101d\u0101t\u0101ja noliktav\u0101 (5-7d.d.)","slug":"supplier_stock_location","quantity":"82"},{"id":1934,"name":"R\u012bgas veikal\u0101 (0-2d.d.)","slug":"local_stock_location","quantity":"0"}],"_links":{"self":[{"href":"https:\/\/vevorshop.lv\/lt\/wp-json\/wp\/v2\/product\/53646","targetHints":{"allow":["GET"]}}],"collection":[{"href":"https:\/\/vevorshop.lv\/lt\/wp-json\/wp\/v2\/product"}],"about":[{"href":"https:\/\/vevorshop.lv\/lt\/wp-json\/wp\/v2\/types\/product"}],"replies":[{"embeddable":true,"href":"https:\/\/vevorshop.lv\/lt\/wp-json\/wp\/v2\/comments?post=53646"}],"wp:featuredmedia":[{"embeddable":true,"href":"https:\/\/vevorshop.lv\/lt\/wp-json\/wp\/v2\/media\/334217"}],"wp:attachment":[{"href":"https:\/\/vevorshop.lv\/lt\/wp-json\/wp\/v2\/media?parent=53646"}],"wp:term":[{"taxonomy":"location","embeddable":true,"href":"https:\/\/vevorshop.lv\/lt\/wp-json\/wp\/v2\/location?post=53646"},{"taxonomy":"product_brand","embeddable":true,"href":"https:\/\/vevorshop.lv\/lt\/wp-json\/wp\/v2\/product_brand?post=53646"},{"taxonomy":"product_cat","embeddable":true,"href":"https:\/\/vevorshop.lv\/lt\/wp-json\/wp\/v2\/product_cat?post=53646"},{"taxonomy":"product_tag","embeddable":true,"href":"https:\/\/vevorshop.lv\/lt\/wp-json\/wp\/v2\/product_tag?post=53646"}],"curies":[{"name":"wp","href":"https:\/\/api.w.org\/{rel}","templated":true}]}}