{"id":53706,"date":"2024-11-20T00:10:09","date_gmt":"2024-11-20T00:10:09","guid":{"rendered":"http:\/\/vevorshop.edigo.lv\/Prece\/vevor-tow-behind-lawn-sweeper-42-inch-leaf-yard-collector-12-cu-ft-adjustable\/"},"modified":"2026-04-28T05:13:40","modified_gmt":"2026-04-28T02:13:40","slug":"vevor-tow-behind-lawn-sweeper-42-inch-leaf-yard-collector-12-cu-ft-adjustable","status":"publish","type":"product","link":"https:\/\/vevorshop.lv\/lt\/Prece\/vevor-vilkti-uz-vejos-slavimo-masina-42-coliu-lapu-kiemo-kolektorius-12-cu-ft-reguliuojamas\/","title":{"rendered":"VEVOR 107 cm pava\u017eiuojamas vejos \u0161lav\u0117jas, 340L lap\u0173 ir \u017eol\u0117s surink\u0117jas su i\u0161krovimo virve, reguliuojamas auk\u0161tis"},"content":{"rendered":"<div style=\"color: #fff!important; font-size: 16px; height: 24px; line-height: 24px; margin-top: -24px; \" class=\"product_original_name\">VEVOR 42 coli\u0173 vejos \u0161lavimo ma\u0161ina u\u017e nugaros, 12 cu.ft. Didelis traukimas u\u017e \u017eol\u0117s \u0161lavimo ma\u0161inos, sunki\u0173j\u0173 lap\u0173 ir \u017eol\u0117s surink\u0117jas su i\u0161metimo lyn\u0173 konstrukcija, reguliuojamas \u0161lavimo auk\u0161tis \u0161iuk\u0161l\u0117ms ir \u017eolei paimti<\/div>\n<div style=\"color: #fff!important; font-size: 16px; height: 24px; line-height: 24px; margin-top: -24px; \" class=\"product_sku\">M4I4M5H0<\/div>\n<div style=\"color: #fff!important; font-size: 16px; height: 24px; line-height: 24px; margin-top: -24px; \" class=\"product_mpn\">TCSCPQSQHS12E5UTUV0<\/div><div id=\"js-DM_at-goodDescRich\"><html><head><style>  body {    font-family: Arial;    line-height: 1.5;    color: #1c1c1c;    overflow-x: hidden;    margin: 0;    padding: 0;  }  .MsoNormal b {    font-weight: bolder;  }<\/style><style>  .container.small {    width: 970px;    margin: 0 auto;  }  .logo {    margin: 0 auto 0;  }  .logo img {    display: block;    margin: 0 auto;    max-width: 100%;  }  .logo .pc-banner {    display: block;    width: 1200px;    height: 247.4px;    margin: 0 auto;  }  .logo .pc-banner.small {    width: 970px;  }  .logo .pc-banner.small img {    height: auto!important;  }  .logo .m-banner {    display: none;  }  .ytvideo {    position: relative;    height: 546px;    width: 100%;    margin: 0 auto;  }  .ytvideo img {    width: 100%;    margin: 0 auto;  }  .ytvideo .play-btn {    width: 60px;    height: 42px;    position: absolute;    top: 50%;    left: 50%;    transform: translate(-50%, -50%);    background: url(\"data:image\/png;base64,iVBORw0KGgoAAAANSUhEUgAAAGQAAABGCAMAAAANWMFbAAAC+lBMVEUAAADBGB3kLCfBGB3kLCfcJC7BFx3KKSbiKybkLCbWJCPSIiLSIiLPICHAFx3kLCfgKSXNHiDZJiTIGx\/p4eHcjo7LHSDbJyTkLCbjKyfOHyHPIiL28fHJHB\/GGh7EGR7eKCXDGB3RISHlLSbBGB3AFxzGHB7DGB7BGB3hKybkKybAFx3lLCfAFxzDGR3hKibDGB7cJyTmz8\/elJTlwcHjurrUIyLlLSflLSfAFx3DGR7lLSfCFx3hKibhKibhKybjKybkLCblLSfbJSX49vbx7e3NNzjNMTLMJyjVIyLZf3\/ZQ0LaeHjx0tLgoqLkLCfCGB3HGx\/BGB3BFx3PICHCGB7WJCLOHyC\/Fxy\/Fx3lLCfQISHkLSe\/FxzbJiTBFx3FGx\/AGB7BFx3EGR7AGB3HHSDfKiXAFh3TISHYNzbhKibbJyTTIiL57e325+f039\/v2NjUV1fOHiHiqanfmprch4feKSXVIyPOICHmLibFGh\/mLSe\/Fx7XJCPeKSXXJSPNHyHaJyTGGh7lLCbmLCflLSjSIiLkLCbdKSXLHiC\/GB3KHh++Fh3lKyfoLiXcKCPkx8fYb2\/XaGfVXl3aU1LLHiDksbHgKibPICHbJyTfKSXbJyTCGB3KHSDiKybFGh7TIiL\/\/\/\/VIyPRISHIHB\/GGx\/HHB\/DGR7gKibdKCXLHiDZJiTMHiDNHyHYJSTOICHPICHWJCPcKCXXJSPjLCblLCf+\/f3NGR\/uLijzLynPGR\/IGB7WISHaIyLLGh7UAADxLynNAADRLzDbICLQAADIAAD3MCrUHSHXMTDpKSbLAADp5OTij4\/ejo\/VLy\/1LyngJSTcJCPQHx\/OHB7+\/PzaMS\/OLS\/vLijrLSjSAADaNTPwLyjkKSbNJCbYISHPHB\/KGB7WAAD7+vrn3d3aKynTKCjoLCfsKifRGh\/YAADq5+fhjo7QNDXXKCfmJyXt5+fTLzDLLi\/QKivYHRvMGBrQJCXLISPMExXLDxLaEAvkkI\/bOTfaFQ\/SCgpvLcnHAAAAmnRSTlMA+vv7+gT9Bvf9+8z8\/NSv\/Pr5+P7++vnQIBMP\/v38\/Pn348XDiCYf9OjbzcqxXVcx\/fz8+\/rj1r2poo1+fXFqX0orGP7+\/v7+\/fz8+\/r68uzn4trIxsG\/vri3p6GcmZSNbWVYUUZEPQv+\/f39+\/v7+\/v7+vr64tvV1NTTz87FtbSurqeblJKFg4B3bUY+NjL7+\/v7+\/v67t1cDo8JLQAABkRJREFUWMO0kz9rwkAYh0OIeJkum6YugUAhISCdKoj\/P4C7SMdS+gEKIhSKil10LSg4mzXkILdlEpxCpwTiWOLX6BujvQaEQuGeHLnL+\/64J+SIcKGYTYWnntpdLjrVdqvZmNdn0+EE40GtpuuWVS6Xx6N7YDSGpWXpeq02wHgynM7q80az1a52HpddtVcpsi1zFARBrdaxbhp9iUReTGmwA4KAAr7vx3EYejnCMI6hQYEgy0LQi4jUN0wL19vqFcUC9\/1dAKmEEFkWRYkh5oBejnxQJiSJPJ\/uKBp0Thszx9Mw8hMRIQjKsptCfuES9zr5WJY6vSFCIvE9fCMUmEM1A1kSXcYGxgVYsvI1IPKTZciSTI0us\/SMGG04gDzELDoFBwdcFJrF88dqgYMTiL6DILWYyfOWE8\/kIz38olCNlC03FK95+imxp6y4oUSvAnBjHHhKNtotSDqJzVFiK8c2SBqhZtsrTtgrLXwAyduxZHNE26eHUt5rtuM4WSmds3G+sUdWYo1L+XyxButoh5eKUHk5lByO3G1LqqCWVnfrv\/lyPtf\/4ps1cndNGIri8J1TJ0lx6dR\/oPjq1nbRwdp2dCk4CtIOLW3pVKRL6WZfS5vF2KkIQhpwSsjiYIgNCs1gEMGqiIq24NQX9NwoXFy8Ufrl3twTcg4fv8T9\/JBEySduj6Mjm4bMzYV7EEOxKjjoNDud7yY3Dy71Hq2oLmqfbNR723edH9PgMrNL2utoQ3VmaIDkiw\/4w51P06hlZsTZvkRrbVuSIs\/zwSOsycgzStQouoAkWQqioRT5XI7n2Z1wfVhoZmcAJLsoqjqpjbWCgpOAJXBwHK8PzWbNvoUZJND5wCnSkLAkZ1legx6vqQzjoiTahKlGUGLAiIIoABOHaNVw4sexZBym6\/HWlH5h3IC7yRbxtipcWxdTOkORKiNQAEkFf66x5S2oeRbroOlLgg0sSYkR0hRGEqJZ0jTPiQKatESdBckpWigxaapEH0lImHdWu9pUFF2XqMNM2Z4kped7IwEJw2qabwtrQqnpw6HyKkgcadKWsmpywwesDyIhYRpdzXddqegtGIJlXbAIUMOLkGxJUjRIkokwjUaX9d\/kK62ps\/tYUqZLIMkLTyBhsMZ3C5Z\/kDxOSCb\/DOs\/\/J0qcWSX\/2ipe56EgTCA4\/cB7NAYOsni4mZM1MUPAISoEwkDi4lhVBQ1cWQyIcwalw4EpqZN68JUSK7XC0kTlkLYii5uXSC8jT5ncCAS7mjCv0uHp\/3lueHEEAeQ\/\/VgmdN71\/2uCSA1Xr6DO6uI6sW56zqT2tp2PhgiRUAajV8CY2fkcz6WGNKMgLAt7tJAhD4YHMTeRxlALE6+43WqjSWi8ITxyJl8WrwWSNESQZZOqhDDntO3hJLsd5RtSpbJqdv3YrDJH3F7jL1R2O2aQkn2MyCyKYz0GPGIvSAMgBCrCEiJyKbBaYGwLW4uPRr0A0M4Ux5kUI7IBh+hMdiCEWNqhMZGyYMsOgNE58UQuEQeUnSWCMYwL54hkxK6IoqucQZbQ3pc3XtL0lky1dL0zZJJDpWJovFqpWj6JEHnyam2eQp5QRVAVHjWparTOaVwUOx99YS2MvgxIGV0bb+qIg2HX2qkFFJB+XZcbLiuRkuxD9GRroKyveLxdh4d7Orx+hb7qc3uVRuEogCOnyIxm4ubUoPgF4jianDrC+SDQDKEfJb0GUKmjCGPYHGJvVC6X4hw1\/sAfQAdfYyephIaspXe36RwOP+Ljvfx9B6B3i+Nk0DGq+oCbLn6JpBa9nWAveAIHwFAwtVcIJXPMPL8kRu5OAYPMaL1WScTxjiZDqB9LTJSWphow\/pTYKRTLjCBhvi9iBidvKcDasGSm0QQkycYuLBqj6QCELPctqChDWpTRMWkngNNpQ1Pfp1KkiT\/Y0DGffXAweUNfLAfaJFKDwhb6I+bkYRbkERoEeu3Fyjg2opMz2daZCS9jt6Q7txNfB+OZEVF6Zl5web2xunnLQrtrjXseXKaFYziYINeMFZVxS9VxRhOoesYwxPKXm+gWLG9cuFeq93UNNeJNsf1KlwuDok9n02n3TgIJpOxNfL9naIoQwXtfH9kjceTIIi709ncTg6LZbg+biLH1V6u\/7rxBem06VXKn9raAAAAAElFTkSuQmCC\")      no-repeat center center \/ contain;  }  @media screen and (max-width: 960px) and (orientation: portrait) {    .logo {      width: 100%;    }    .logo .pc-banner {      display: none;    }    .logo .m-banner {      display: block;      width: 100%;    }    .logo .m-banner img {      height: auto!important;    }    .ytvideo {      height: 200px;      width: 100%;    }  }<\/style><style>  .video-section {    width: 100%;    margin: 0 auto;  }  .video-section > img {    width: 100%;  }  .video-section iframe,  .video-section video {    width: 100%;    height: 100%;      }  .video-section-img-m,  .video-section-img-pc > img {    width: 100%;    height: auto;  }  .video-section-img-pc.small > img {    width: 970px;  }  .video-desc {    line-height: 1.5;    font-size: 20px;    font-weight: 400;    margin: 20px 0;    text-align: center;    color: #0f1111;    word-break: break-word;  }  @media screen and (max-width: 960px) and (orientation: portrait) {    .video-section {      width: 100%;    }    .video-section-pc,    .video-section-img-pc {      display: none;    }    .video-section-m,    .video-section-img-m {      display: block;    }    .video-desc {      font-size: 15px;    }  }  @media screen and (min-width: 960px) {    .video-section {      width: 100%;      margin: 0 auto;    }    .video-section-pc,    .video-section-img-pc {      display: block;    }    .video-section-m,    .video-section-img-m {      display: none;    }    .video-desc {      font-size: 20px;    }  }<\/style><style>  .section + .section {    margin-top: 35px;  }  .section-title {    text-align: center;    font-weight: bold;    color: #0d1111;    font-family: \"Arial\";    font-size: 32px;    margin: 15px 0;  }  .section-title:empty {    display: none;  }  .section-desc {    text-align: center;    font-weight: normal;    color: #0d1111;    margin-top: 20px;  }  .section-desc:empty {    display: none;  }  .section-img {    width: 1200px;    height: 492px;    margin: 0 auto;    display: block;  }  .section-img.small {    width: 970px;    height: auto;  }  .section-img.small > img {    height: auto;  }  .section-img > img {    width: 100%;    height: 100%;  }  .section-mobile-img {    display: none;    max-width: 100vw;    max-height: 75vw;    height: 450px;    margin: 0 auto;  }  .section-mobile-img > img {    width: 100%;    height: 100%;  }  @media screen and (max-width: 960px) and (orientation: portrait) {    .container {      width: 100%;    }    .container.small {      width: 100%;    }    .section-mobile-img {      display: block;    }    .section-img {      display: none;    }    .section-title {      font-size: 22px;      margin: 10px 0;    }    .section-desc {      margin-top: 10px;    }    .section + .section {      margin-top: 20px;    }  }<\/style><\/head><body><div class=\"container small\"><div class=\"logo\"><div class=\"pc-banner small\"><div><img decoding=\"async\" src=\"\/vevor\/vevor\/boutique-banner\/pc\/en-pc@1x.jpg\" style=\"width: 100%;\" \/><\/div><\/div><div class=\"m-banner\"><div><img decoding=\"async\" src=\"\/vevor\/vevor\/boutique-banner\/mobile\/en-m@1x.jpg\" style=\"width: 100%;\" \/><\/div><\/div><\/div><div class=\"section-title\">VEVOR Vejos Sweeper\u2013I\u0161laikyti Vejos Valymas su Lengvumu!<\/div><div class=\"video-section\"><div class=\"video-section-img-pc small\"><img decoding=\"async\" src=\"\/vevor\/product\/TCSCPQSQHS12E5UTU\/lawn-sweeper-a100-1.4-pt.jpg\" \/><\/div><div class=\"video-section-img-m\"><img decoding=\"async\" src=\"\/vevor\/product\/TCSCPQSQHS12E5UTU\/lawn-sweeper-a100-1.4-pt.jpg\" \/><\/div><div class=\"section-desc\">M\u016bs\u0173 vejos \u0161lavimo ma\u0161ina, esanti u\u017e vejos, skirta naudoti su keturra\u010diais, UTV ir traktoriais, efektyviai valo lapus ir \u0161iuk\u0161les nuo vejos, kiem\u0173, \u0161aligatvi\u0173 ir va\u017eiuojam\u0173j\u0173 dali\u0173 Nesvarbu, ar susiduriate su didel\u0117mis vejomis ar siauromis va\u017eiuojamosiomis dalimis, \u0161i \u0161lavimo ma\u0161ina lengvai atlieka darb\u0105.<\/div><\/div><div class=\"section\"><div class=\"section-title\"><\/div><div class=\"section-img small\"><img decoding=\"async\" src=\"\/vevor\/product\/TCSCPQSQHS12E5UTU\/lawn-sweeper-a100-2.2-pt.jpg\" \/><\/div><div class=\"section-mobile-img\"><img decoding=\"async\" src=\"\/vevor\/product\/TCSCPQSQHS12E5UTU\/lawn-sweeper-a100-2.2-pt.jpg\" \/><\/div><div class=\"section-desc\">Vejos sweeper yra reguliuojamas valymo auk\u0161tis. Tiesiog paspauskite svirtel\u0119 ranka greitai nustatyti reikiam\u0105 auk\u0161t\u012f, u\u017etikrinti kruop\u0161\u010diai i\u0161valyti lap\u0173 ir smulki\u0173 \u0161akeli\u0173. \u0160i konstrukcija leid\u017eia veikti paprasta ir lengvai pritaikoma prie \u012fvairi\u0173 vietovi\u0173 ir valymo poreikius.<\/div><\/div><div class=\"section\"><div class=\"section-title\"><\/div><div class=\"section-img small\"><img decoding=\"async\" src=\"\/vevor\/product\/TCSCPQSQHS12E5UTU\/lawn-sweeper-a100-2.3-pt.jpg\" \/><\/div><div class=\"section-mobile-img\"><img decoding=\"async\" src=\"\/vevor\/product\/TCSCPQSQHS12E5UTU\/lawn-sweeper-a100-2.3-pt.jpg\" \/><\/div><div class=\"section-desc\">Universalus kablys yra suderinamas su \u012fvairi\u0173 transporto priemoni\u0173. D\u0117l 10.5&#034; dideli ratai, yra patvarus ir d\u016briams atsparios, teikti skland\u017eiai juda ant \u012fvairi\u0173 pavir\u0161i\u0173. Tvirtas PP \u0161epe\u010diai pristatyti kruop\u0161\u010diai valyti. Baigti darb\u0105 greitai ir be vargo!<\/div><\/div><div class=\"section\"><div class=\"section-title\"><\/div><div class=\"section-img small\"><img decoding=\"async\" src=\"\/vevor\/product\/TCSCPQSQHS12E5UTU\/lawn-sweeper-a100-2.4-pt.jpg\" \/><\/div><div class=\"section-mobile-img\"><img decoding=\"async\" src=\"\/vevor\/product\/TCSCPQSQHS12E5UTU\/lawn-sweeper-a100-2.4-pt.jpg\" \/><\/div><div class=\"section-desc\">12 cu.p\u0117d\u0173. surinkimo krep\u0161ys yra pagamintas i\u0161 premium neaustin\u0117 med\u017eiaga, leid\u017eianti jums surinkti daugiau \u0161iuk\u0161les vienu ypu. Be to, dempingo virv\u0117 leid\u017eia lengvai \u0161alinimo tiesiai i\u0161 traktoriaus nereikia nuimti mai\u0161el\u012f.<\/div><\/div><div class=\"section\"><div class=\"section-title\"><\/div><div class=\"section-img small\"><img decoding=\"async\" src=\"\/vevor\/product\/TCSCPQSQHS12E5UTU\/lawn-sweeper-a100-2.5-pt.jpg\" \/><\/div><div class=\"section-mobile-img\"><img decoding=\"async\" src=\"\/vevor\/product\/TCSCPQSQHS12E5UTU\/lawn-sweeper-a100-2.5-pt.jpg\" \/><\/div><div class=\"section-desc\">Sulankstoma \u017eol\u0117s sweeper daro saugojimo paprasta. Baig\u0119s savo vejos prie\u017ei\u016brai, j\u016bs galite lengvai saugoti sweeper \u012f pauk\u0161tid\u0119 arba pakabinti ant gara\u017eo sienos, u\u017eima minimaliai vietos.<\/div><\/div><div class=\"section\"><div class=\"section-img small\"><img decoding=\"async\" src=\"\/vevor\/product\/TCSCPQSQHS12E5UTU\/lawn-sweeper-a100-1.11-pt.jpg\" \/><\/div><div class=\"section-mobile-img\"><img decoding=\"async\" src=\"\/vevor\/product\/TCSCPQSQHS12E5UTU\/lawn-sweeper-a100-1.11-pt.jpg\" \/><\/div><\/div><\/div><\/body><\/html><\/div>\n<div class=\"DM_at-title\" id=\"js-DM_at-title\"> <div>Produkto specifikacija<\/div> <i class=\"icon-arrowup_line\"><\/i> <\/div><div class=\"DM_at-goodsDescAttr\" id=\"js-DM_at-goodsDescAttr\"> <div class=\"DM_at-goodsDescAttrInner\"> <dl class=\"goodsDesc_item goodsDesc_item_even\"> <dt>Prek\u0117s Modelio Numeris<\/dt> <dd> TC5001B<\/dd> <\/dl> <dl class=\"goodsDesc_item\"> <dt>Gaminio Dydis<\/dt> <dd> 176x127x61cm\/69.2&#034;\u00d750&#034;x 24.1&#034;<\/dd> <\/dl> <dl class=\"goodsDesc_item goodsDesc_item_even\"> <dt>Rat\u0173 Dydis<\/dt> <dd> 10.5&#034;\/26.7 cm<\/dd> <\/dl> <dl class=\"goodsDesc_item\"> <dt>\u0160lavimo Plotis<\/dt> <dd> 42&#034;\/st. 106.6 cm<\/dd> <\/dl> <dl class=\"goodsDesc_item goodsDesc_item_even\"> <dt>\u0160epe\u010di\u0173 Varantys Santykis<\/dt> <dd> 5<\/dd> <\/dl> <dl class=\"goodsDesc_item\"> <dt>Piltuvo Talpa<\/dt> <dd> 12.cu.p\u0117d\u0173.<\/dd> <\/dl> <dl class=\"goodsDesc_item goodsDesc_item_even\"> <dt>Produkto Svoris<\/dt> <dd> 28.9 kg\/63.7 lbs<\/dd> <\/dl> <\/div> <\/div>","protected":false},"excerpt":{"rendered":"<ul>\n<li> Reguliuojamas Besisukantis \u0160epetys Auk\u0161tis: Lengvai reguliuoti teptuku auk\u0161tis su pedalais, nereikia speciali\u0173 \u012franki\u0173 nereikia. \u0160i funkcija leid\u017eia vejos sweeper prisitaikyti prie \u012fvairi\u0173 vietovi\u0173, \u012fskaitant \u0161aligatvi\u0173, va\u017eiuojamosios dalies, kiemuose, ir veja. <\/li>\n<li> 42-coli\u0173 \u0160lavimo Plotis: M\u016bs\u0173 vilkti i\u0161 paskos vejos sweeper yra 42&#034; \u0161lavimo plotis, leid\u017eia apimti daugiau erdv\u0117s vienas leidimas. Skirtingai nuo kit\u0173 modeli\u0173, tai did\u0117ja, metalas teptuku jungtis apa\u010dioje ir su 10,5&#034; skersmens \u0161epetys didesnis efektyvumas \u0161alinant lap\u0173 ir \u017eol\u0117s. <\/li>\n<li> Lengvas Valymas: Prid\u0117ti \u017eol\u0117s sweeper j\u016bs\u0173 vejos traktorius ir leiskite savo galinga besisukantis \u0161epetys atlikti darb\u0105. Jis greitai susitvarko lapai, pu\u0161\u0173 spygli\u0173, smulki\u0173 \u0161ak\u0173, ir kit\u0173 saus\u0173 \u0161iuk\u0161li\u0173, tod\u0117l vejos prie\u017ei\u016bros lengvai ir efektyviai. <\/li>\n<li> Didel\u0117s Talpos Surinkimo Krep\u0161ys: auk\u0161tos kokyb\u0117s, neaustinis audinys krep\u0161ys telpa iki 12 cu.p\u0117d\u0173. kieme atliek\u0173, leid\u017eia surinkti daugiau \u017eol\u0117s i\u0161karp\u0173, ir palieka be i\u0161tu\u0161tinti ji da\u017enai. Dangtelis apsaugo lapus nuo plaukioja, ir i\u0161kelties virv\u0117 leid\u017eia lengvai valdyti turin\u012f tiesiai i\u0161 vilkiko. <\/li>\n<li> I\u0161 anksto surinktas ir paprastas saugojimas: m\u016bs\u0173 kiemo \u0161lavimo ma\u0161ina yra su i\u0161 anksto sumontuotomis dalimis, kad b\u016bt\u0173 suma\u017eintas surinkimo laikas. Jame yra i\u0161samus montavimo vadovas ir \u017eingsnis po \u017eingsnio vaizdo vadovas. po naudojimo j\u012f galima sulankstyti ir laikyti pastog\u0117je arba pakabinti gara\u017ee, taupant viet\u0105. <\/li>\n<\/ul>","protected":false},"featured_media":334601,"comment_status":"closed","ping_status":"open","template":"","meta":{"om_disable_all_campaigns":false,"_uf_show_specific_survey":0,"_uf_disable_surveys":false},"location":[1935,1934],"product_brand":[21],"product_cat":[3537,2483,2365,2557],"product_tag":[],"class_list":{"0":"post-53706","1":"product","2":"type-product","3":"status-publish","4":"has-post-thumbnail","6":"location-supplier_stock_location","7":"location-local_stock_location","8":"product_brand-vevor","9":"product_cat-lawn-sweepers","10":"product_cat-outdoor-power-equipment-outdoors","11":"product_cat-outdoors","12":"product_cat-riding-mower-tractor-attachments","14":"first","15":"instock","16":"taxable","17":"shipping-taxable","18":"purchasable","19":"product-type-simple"},"aioseo_notices":[],"locations":[{"id":1935,"name":"Pieg\u0101d\u0101t\u0101ja noliktav\u0101 (5-7d.d.)","slug":"supplier_stock_location","quantity":"3"},{"id":1934,"name":"R\u012bgas veikal\u0101 (0-2d.d.)","slug":"local_stock_location","quantity":"0"}],"_links":{"self":[{"href":"https:\/\/vevorshop.lv\/lt\/wp-json\/wp\/v2\/product\/53706","targetHints":{"allow":["GET"]}}],"collection":[{"href":"https:\/\/vevorshop.lv\/lt\/wp-json\/wp\/v2\/product"}],"about":[{"href":"https:\/\/vevorshop.lv\/lt\/wp-json\/wp\/v2\/types\/product"}],"replies":[{"embeddable":true,"href":"https:\/\/vevorshop.lv\/lt\/wp-json\/wp\/v2\/comments?post=53706"}],"wp:featuredmedia":[{"embeddable":true,"href":"https:\/\/vevorshop.lv\/lt\/wp-json\/wp\/v2\/media\/334601"}],"wp:attachment":[{"href":"https:\/\/vevorshop.lv\/lt\/wp-json\/wp\/v2\/media?parent=53706"}],"wp:term":[{"taxonomy":"location","embeddable":true,"href":"https:\/\/vevorshop.lv\/lt\/wp-json\/wp\/v2\/location?post=53706"},{"taxonomy":"product_brand","embeddable":true,"href":"https:\/\/vevorshop.lv\/lt\/wp-json\/wp\/v2\/product_brand?post=53706"},{"taxonomy":"product_cat","embeddable":true,"href":"https:\/\/vevorshop.lv\/lt\/wp-json\/wp\/v2\/product_cat?post=53706"},{"taxonomy":"product_tag","embeddable":true,"href":"https:\/\/vevorshop.lv\/lt\/wp-json\/wp\/v2\/product_tag?post=53706"}],"curies":[{"name":"wp","href":"https:\/\/api.w.org\/{rel}","templated":true}]}}