{"id":53729,"date":"2024-11-20T00:14:26","date_gmt":"2024-11-20T00:14:26","guid":{"rendered":"http:\/\/vevorshop.edigo.lv\/Prece\/vevor-double-reflective-insulation-roll-foam-core-radiant-barrier-23-8in-x-50-ft\/"},"modified":"2026-04-20T00:41:22","modified_gmt":"2026-04-19T21:41:22","slug":"vevor-double-reflective-insulation-roll-foam-core-radiant-barrier-23-8in-x-50-ft","status":"publish","type":"product","link":"https:\/\/vevorshop.lv\/lt\/Prece\/vevor-dviguba-atspindinti-izoliacine-ritinine-putplascio-serdies-spinduliavimo-barjeras-23-8in-x-50-pedu\/","title":{"rendered":"VEVOR Dvigubai Atspindinti \u0160ilumos Izoliacijos Rulonas 3.2 mm, 60.5 cm x 15.2 m, Aliuminio Folija ir EPE Putos"},"content":{"rendered":"<div style=\"color: #fff!important; font-size: 16px; height: 24px; line-height: 24px; margin-top: -24px; \" class=\"product_original_name\">VEVOR dvigubos atspindin\u010dios izoliacijos ritinys, putplas\u010dio \u0161erdies spinduliavimo barjeras, 3,2 mm 23,8 x 50 p\u0117d\u0173, dvipusis aliuminio folija EPE putplas\u010dio \u0161ilum\u0105 atspindintis skydas, \u0161ilumin\u0117s izoliacijos ritinys lango RV stogui<\/div>\n<div style=\"color: #fff!important; font-size: 16px; height: 24px; line-height: 24px; margin-top: -24px; \" class=\"product_sku\">M4I4M5NG<\/div>\n<div style=\"color: #fff!important; font-size: 16px; height: 24px; line-height: 24px; margin-top: -24px; \" class=\"product_mpn\">LBPEFPMXRFSFPUV1FV0<\/div><div id=\"js-DM_at-goodDescRich\"><html><head><style>  body {    font-family: Arial;    line-height: 1.5;    color: #1c1c1c;    overflow-x: hidden;    margin: 0;    padding: 0;  }  .MsoNormal b {    font-weight: bolder;  }<\/style><style>  .container.small {    width: 970px;    margin: 0 auto;  }  .logo {    margin: 0 auto 0;  }  .logo img {    display: block;    margin: 0 auto;    max-width: 100%;  }  .logo .pc-banner {    display: block;    width: 1200px;    height: 247.4px;    margin: 0 auto;  }  .logo .pc-banner.small {    width: 970px;  }  .logo .pc-banner.small img {    height: auto!important;  }  .logo .m-banner {    display: none;  }  .ytvideo {    position: relative;    height: 546px;    width: 100%;    margin: 0 auto;  }  .ytvideo img {    width: 100%;    margin: 0 auto;  }  .ytvideo .play-btn {    width: 60px;    height: 42px;    position: absolute;    top: 50%;    left: 50%;    transform: translate(-50%, -50%);    background: url(\"data:image\/png;base64,iVBORw0KGgoAAAANSUhEUgAAAGQAAABGCAMAAAANWMFbAAAC+lBMVEUAAADBGB3kLCfBGB3kLCfcJC7BFx3KKSbiKybkLCbWJCPSIiLSIiLPICHAFx3kLCfgKSXNHiDZJiTIGx\/p4eHcjo7LHSDbJyTkLCbjKyfOHyHPIiL28fHJHB\/GGh7EGR7eKCXDGB3RISHlLSbBGB3AFxzGHB7DGB7BGB3hKybkKybAFx3lLCfAFxzDGR3hKibDGB7cJyTmz8\/elJTlwcHjurrUIyLlLSflLSfAFx3DGR7lLSfCFx3hKibhKibhKybjKybkLCblLSfbJSX49vbx7e3NNzjNMTLMJyjVIyLZf3\/ZQ0LaeHjx0tLgoqLkLCfCGB3HGx\/BGB3BFx3PICHCGB7WJCLOHyC\/Fxy\/Fx3lLCfQISHkLSe\/FxzbJiTBFx3FGx\/AGB7BFx3EGR7AGB3HHSDfKiXAFh3TISHYNzbhKibbJyTTIiL57e325+f039\/v2NjUV1fOHiHiqanfmprch4feKSXVIyPOICHmLibFGh\/mLSe\/Fx7XJCPeKSXXJSPNHyHaJyTGGh7lLCbmLCflLSjSIiLkLCbdKSXLHiC\/GB3KHh++Fh3lKyfoLiXcKCPkx8fYb2\/XaGfVXl3aU1LLHiDksbHgKibPICHbJyTfKSXbJyTCGB3KHSDiKybFGh7TIiL\/\/\/\/VIyPRISHIHB\/GGx\/HHB\/DGR7gKibdKCXLHiDZJiTMHiDNHyHYJSTOICHPICHWJCPcKCXXJSPjLCblLCf+\/f3NGR\/uLijzLynPGR\/IGB7WISHaIyLLGh7UAADxLynNAADRLzDbICLQAADIAAD3MCrUHSHXMTDpKSbLAADp5OTij4\/ejo\/VLy\/1LyngJSTcJCPQHx\/OHB7+\/PzaMS\/OLS\/vLijrLSjSAADaNTPwLyjkKSbNJCbYISHPHB\/KGB7WAAD7+vrn3d3aKynTKCjoLCfsKifRGh\/YAADq5+fhjo7QNDXXKCfmJyXt5+fTLzDLLi\/QKivYHRvMGBrQJCXLISPMExXLDxLaEAvkkI\/bOTfaFQ\/SCgpvLcnHAAAAmnRSTlMA+vv7+gT9Bvf9+8z8\/NSv\/Pr5+P7++vnQIBMP\/v38\/Pn348XDiCYf9OjbzcqxXVcx\/fz8+\/rj1r2poo1+fXFqX0orGP7+\/v7+\/fz8+\/r68uzn4trIxsG\/vri3p6GcmZSNbWVYUUZEPQv+\/f39+\/v7+\/v7+vr64tvV1NTTz87FtbSurqeblJKFg4B3bUY+NjL7+\/v7+\/v67t1cDo8JLQAABkRJREFUWMO0kz9rwkAYh0OIeJkum6YugUAhISCdKoj\/P4C7SMdS+gEKIhSKil10LSg4mzXkILdlEpxCpwTiWOLX6BujvQaEQuGeHLnL+\/64J+SIcKGYTYWnntpdLjrVdqvZmNdn0+EE40GtpuuWVS6Xx6N7YDSGpWXpeq02wHgynM7q80az1a52HpddtVcpsi1zFARBrdaxbhp9iUReTGmwA4KAAr7vx3EYejnCMI6hQYEgy0LQi4jUN0wL19vqFcUC9\/1dAKmEEFkWRYkh5oBejnxQJiSJPJ\/uKBp0Thszx9Mw8hMRIQjKsptCfuES9zr5WJY6vSFCIvE9fCMUmEM1A1kSXcYGxgVYsvI1IPKTZciSTI0us\/SMGG04gDzELDoFBwdcFJrF88dqgYMTiL6DILWYyfOWE8\/kIz38olCNlC03FK95+imxp6y4oUSvAnBjHHhKNtotSDqJzVFiK8c2SBqhZtsrTtgrLXwAyduxZHNE26eHUt5rtuM4WSmds3G+sUdWYo1L+XyxButoh5eKUHk5lByO3G1LqqCWVnfrv\/lyPtf\/4ps1cndNGIri8J1TJ0lx6dR\/oPjq1nbRwdp2dCk4CtIOLW3pVKRL6WZfS5vF2KkIQhpwSsjiYIgNCs1gEMGqiIq24NQX9NwoXFy8Ufrl3twTcg4fv8T9\/JBEySduj6Mjm4bMzYV7EEOxKjjoNDud7yY3Dy71Hq2oLmqfbNR723edH9PgMrNL2utoQ3VmaIDkiw\/4w51P06hlZsTZvkRrbVuSIs\/zwSOsycgzStQouoAkWQqioRT5XI7n2Z1wfVhoZmcAJLsoqjqpjbWCgpOAJXBwHK8PzWbNvoUZJND5wCnSkLAkZ1legx6vqQzjoiTahKlGUGLAiIIoABOHaNVw4sexZBym6\/HWlH5h3IC7yRbxtipcWxdTOkORKiNQAEkFf66x5S2oeRbroOlLgg0sSYkR0hRGEqJZ0jTPiQKatESdBckpWigxaapEH0lImHdWu9pUFF2XqMNM2Z4kped7IwEJw2qabwtrQqnpw6HyKkgcadKWsmpywwesDyIhYRpdzXddqegtGIJlXbAIUMOLkGxJUjRIkokwjUaX9d\/kK62ps\/tYUqZLIMkLTyBhsMZ3C5Z\/kDxOSCb\/DOs\/\/J0qcWSX\/2ipe56EgTCA4\/cB7NAYOsni4mZM1MUPAISoEwkDi4lhVBQ1cWQyIcwalw4EpqZN68JUSK7XC0kTlkLYii5uXSC8jT5ncCAS7mjCv0uHp\/3lueHEEAeQ\/\/VgmdN71\/2uCSA1Xr6DO6uI6sW56zqT2tp2PhgiRUAajV8CY2fkcz6WGNKMgLAt7tJAhD4YHMTeRxlALE6+43WqjSWi8ITxyJl8WrwWSNESQZZOqhDDntO3hJLsd5RtSpbJqdv3YrDJH3F7jL1R2O2aQkn2MyCyKYz0GPGIvSAMgBCrCEiJyKbBaYGwLW4uPRr0A0M4Ux5kUI7IBh+hMdiCEWNqhMZGyYMsOgNE58UQuEQeUnSWCMYwL54hkxK6IoqucQZbQ3pc3XtL0lky1dL0zZJJDpWJovFqpWj6JEHnyam2eQp5QRVAVHjWparTOaVwUOx99YS2MvgxIGV0bb+qIg2HX2qkFFJB+XZcbLiuRkuxD9GRroKyveLxdh4d7Orx+hb7qc3uVRuEogCOnyIxm4ubUoPgF4jianDrC+SDQDKEfJb0GUKmjCGPYHGJvVC6X4hw1\/sAfQAdfYyephIaspXe36RwOP+Ljvfx9B6B3i+Nk0DGq+oCbLn6JpBa9nWAveAIHwFAwtVcIJXPMPL8kRu5OAYPMaL1WScTxjiZDqB9LTJSWphow\/pTYKRTLjCBhvi9iBidvKcDasGSm0QQkycYuLBqj6QCELPctqChDWpTRMWkngNNpQ1Pfp1KkiT\/Y0DGffXAweUNfLAfaJFKDwhb6I+bkYRbkERoEeu3Fyjg2opMz2daZCS9jt6Q7txNfB+OZEVF6Zl5web2xunnLQrtrjXseXKaFYziYINeMFZVxS9VxRhOoesYwxPKXm+gWLG9cuFeq93UNNeJNsf1KlwuDok9n02n3TgIJpOxNfL9naIoQwXtfH9kjceTIIi709ncTg6LZbg+biLH1V6u\/7rxBem06VXKn9raAAAAAElFTkSuQmCC\")      no-repeat center center \/ contain;  }  @media screen and (max-width: 960px) and (orientation: portrait) {    .logo {      width: 100%;    }    .logo .pc-banner {      display: none;    }    .logo .m-banner {      display: block;      width: 100%;    }    .logo .m-banner img {      height: auto!important;    }    .ytvideo {      height: 200px;      width: 100%;    }  }<\/style><style>  .video-section {    width: 100%;    margin: 0 auto;  }  .video-section > img {    width: 100%;  }  .video-section iframe,  .video-section video {    width: 100%;    height: 100%;      }  .video-section-img-m,  .video-section-img-pc > img {    width: 100%;    height: auto;  }  .video-section-img-pc.small > img {    width: 970px;  }  .video-desc {    line-height: 1.5;    font-size: 20px;    font-weight: 400;    margin: 20px 0;    text-align: center;    color: #0f1111;    word-break: break-word;  }  @media screen and (max-width: 960px) and (orientation: portrait) {    .video-section {      width: 100%;    }    .video-section-pc,    .video-section-img-pc {      display: none;    }    .video-section-m,    .video-section-img-m {      display: block;    }    .video-desc {      font-size: 15px;    }  }  @media screen and (min-width: 960px) {    .video-section {      width: 100%;      margin: 0 auto;    }    .video-section-pc,    .video-section-img-pc {      display: block;    }    .video-section-m,    .video-section-img-m {      display: none;    }    .video-desc {      font-size: 20px;    }  }<\/style><style>  .section + .section {    margin-top: 35px;  }  .section-title {    text-align: center;    font-weight: bold;    color: #0d1111;    font-family: \"Arial\";    font-size: 32px;    margin: 15px 0;  }  .section-title:empty {    display: none;  }  .section-desc {    text-align: center;    font-weight: normal;    color: #0d1111;    margin-top: 20px;  }  .section-desc:empty {    display: none;  }  .section-img {    width: 1200px;    height: 492px;    margin: 0 auto;    display: block;  }  .section-img.small {    width: 970px;    height: auto;  }  .section-img.small > img {    height: auto;  }  .section-img > img {    width: 100%;    height: 100%;  }  .section-mobile-img {    display: none;    max-width: 100vw;    max-height: 75vw;    height: 450px;    margin: 0 auto;  }  .section-mobile-img > img {    width: 100%;    height: 100%;  }  @media screen and (max-width: 960px) and (orientation: portrait) {    .container {      width: 100%;    }    .container.small {      width: 100%;    }    .section-mobile-img {      display: block;    }    .section-img {      display: none;    }    .section-title {      font-size: 22px;      margin: 10px 0;    }    .section-desc {      margin-top: 10px;    }    .section + .section {      margin-top: 20px;    }  }<\/style><\/head><body><div class=\"container small\"><div class=\"logo\"><div class=\"pc-banner small\"><div><img decoding=\"async\" src=\"\/vevor\/vevor\/boutique-banner\/pc\/en-pc@1x.jpg\" style=\"width: 100%;\" \/><\/div><\/div><div class=\"m-banner\"><div><img decoding=\"async\" src=\"\/vevor\/vevor\/boutique-banner\/mobile\/en-m@1x.jpg\" style=\"width: 100%;\" \/><\/div><\/div><\/div><div class=\"section-title\">Galite laikyti V\u0117sioje Vasar\u0105, \u0160iltas \u017diem\u0105<\/div><div class=\"video-section\"><div class=\"video-section-img-pc small\"><img decoding=\"async\" src=\"\/vevor\/product\/LBPEFPMXRFSFPUV1F\/heat-reflective-radiant-barrier-a100-1.4-pt.jpg\" \/><\/div><div class=\"video-section-img-m\"><img decoding=\"async\" src=\"\/vevor\/product\/LBPEFPMXRFSFPUV1F\/heat-reflective-radiant-barrier-a100-1.4-pt.jpg\" \/><\/div><div class=\"section-desc\">VEVOR dvigubai atspindinti izoliacija roll savyb\u0117s \u226595% auk\u0161to atspind\u017eio geba, naudojant dvigubo atspindintys aliuminio folijos ir didelio tankio EPE puta. Ji veiksmingai blokuoja saul\u0117s vasar\u0105, o u\u017ekirsti keli\u0105 patalp\u0173 \u0161ilumos nuostoli\u0173 \u017eiem\u0105, palaikant patogi\u0105 temperat\u016bros patalpoje.<\/div><\/div><div class=\"section\"><div class=\"section-title\"><\/div><div class=\"section-img small\"><img decoding=\"async\" src=\"\/vevor\/product\/LBPEFPMXRFSFPUV1F\/heat-reflective-radiant-barrier-a100-2.2-pt.jpg\" \/><\/div><div class=\"section-mobile-img\"><img decoding=\"async\" src=\"\/vevor\/product\/LBPEFPMXRFSFPUV1F\/heat-reflective-radiant-barrier-a100-2.2-pt.jpg\" \/><\/div><div class=\"section-desc\">Meistri\u0161kai su dvipuse aliuminio folija atspindi labiausiai saul\u0117s energijos ir EPE puta blokuoti \u0161ilumos perdavimo, m\u016bs\u0173 \u0161ilumos \u0161ilumos izoliacija roll si\u016blo i\u0161skirtines \u0161ilumos izoliacija, pristatymas v\u0117sa per kar\u0161tos vasaros ir \u0161iluma, per \u0161altos \u017eiemos.<\/div><\/div><div class=\"section\"><div class=\"section-title\"><\/div><div class=\"section-img small\"><img decoding=\"async\" src=\"\/vevor\/product\/LBPEFPMXRFSFPUV1F\/heat-reflective-radiant-barrier-a100-2.3-pt.jpg\" \/><\/div><div class=\"section-mobile-img\"><img decoding=\"async\" src=\"\/vevor\/product\/LBPEFPMXRFSFPUV1F\/heat-reflective-radiant-barrier-a100-2.3-pt.jpg\" \/><\/div><div class=\"section-desc\">Pagamintas i\u0161 auk\u0161tos kokyb\u0117s dviej\u0173 atspindin\u010diu aliuminio folija, m\u016bs\u0173 \u0161ilumos izoliacija, \u0161ilumos skydas yra skirtas b\u016bti a\u0161ara, ir d\u016briams atsparios, \u012fbr\u0117\u017eimams ir d\u0117v\u0117jimuisi atsparios, u\u017etikrinant, i\u0161skirtinis ilgaam\u017ei\u0161kumas ir stabilumas, ilgalaikio naudojimo.<\/div><\/div><div class=\"section\"><div class=\"section-title\"><\/div><div class=\"section-img small\"><img decoding=\"async\" src=\"\/vevor\/product\/LBPEFPMXRFSFPUV1F\/heat-reflective-radiant-barrier-a100-2.4-pt.jpg\" \/><\/div><div class=\"section-mobile-img\"><img decoding=\"async\" src=\"\/vevor\/product\/LBPEFPMXRFSFPUV1F\/heat-reflective-radiant-barrier-a100-2.4-pt.jpg\" \/><\/div><div class=\"section-desc\">Padidinti \u0161ilumin\u0117s izoliacijos efektyvum\u0105, apsvarstyti \u0161iuos 3 montavimo patarimai: palaikyti \u0161vari\u0105 ir saus\u0105 pagrindo pavir\u0161i\u0173, leisti bent dien\u0105 be s\u0105ly\u010dio su vandeniu po \u012fdiegimo, ir paspauskite tvirtai u\u017e sandarus sandarinami ir optimalios izoliacijos efektyvum\u0105.<\/div><\/div><div class=\"section\"><div class=\"section-title\"><\/div><div class=\"section-img small\"><img decoding=\"async\" src=\"\/vevor\/product\/LBPEFPMXRFSFPUV1F\/heat-reflective-radiant-barrier-a100-2.5-pt.jpg\" \/><\/div><div class=\"section-mobile-img\"><img decoding=\"async\" src=\"\/vevor\/product\/LBPEFPMXRFSFPUV1F\/heat-reflective-radiant-barrier-a100-2.5-pt.jpg\" \/><\/div><div class=\"section-desc\">Mes si\u016blome \u012fvairaus storio ir dyd\u017eio, leid\u017eian\u010di\u0173 juos pritaikyti skirtingus poreikius. Nesvarbu, ar windows, gara\u017eai, RVs, namai, arba stog\u0173, m\u016bs\u0173 EPE puta spinduliavimo barjeras teikti veiksming\u0105 \u0161ilumos blokavimo ir izoliacija, u\u017etikrinant savo gyvenam\u0105j\u0105 aplink\u0105 lieka patogiai \u0161iltas ir izoliuoti.<\/div><\/div><div class=\"section\"><div class=\"section-img small\"><img decoding=\"async\" src=\"\/vevor\/product\/LBPEFPMXRFSFPUV1F\/heat-reflective-radiant-barrier-a100-1.11-pt.jpg\" \/><\/div><div class=\"section-mobile-img\"><img decoding=\"async\" src=\"\/vevor\/product\/LBPEFPMXRFSFPUV1F\/heat-reflective-radiant-barrier-a100-1.11-pt.jpg\" \/><\/div><\/div><\/div><\/body><\/html><\/div>\n<div class=\"DM_at-title\" id=\"js-DM_at-title\"> <div>Produkto specifikacija<\/div> <i class=\"icon-arrowup_line\"><\/i> <\/div><div class=\"DM_at-goodsDescAttr\" id=\"js-DM_at-goodsDescAttr\"> <div class=\"DM_at-goodsDescAttrInner\"> <dl class=\"goodsDesc_item goodsDesc_item_even\"> <dt>Prek\u0117s Modelio Numeris<\/dt> <dd> EPE6-3<\/dd> <\/dl> <dl class=\"goodsDesc_item\"> <dt>Spalva<\/dt> <dd> Sidabrin\u0117<\/dd> <\/dl> <dl class=\"goodsDesc_item goodsDesc_item_even\"> <dt>Storis<\/dt> <dd> 1\/8 \u012f \/ 3.2 mm<\/dd> <\/dl> <dl class=\"goodsDesc_item\"> <dt>Plotis<\/dt> <dd> 23.8 \u012f \/ 605 mm<\/dd> <\/dl> <dl class=\"goodsDesc_item goodsDesc_item_even\"> <dt>Ilgis<\/dt> <dd> 50 ft \/ 15240 mm<\/dd> <\/dl> <dl class=\"goodsDesc_item\"> <dt>\u0160ilumos Atspind\u017eio Geba<\/dt> <dd> \u226595%<\/dd> <\/dl> <dl class=\"goodsDesc_item goodsDesc_item_even\"> <dt>Neto Svoris<\/dt> <dd> 2.20 kg \/ 1 kg<\/dd> <\/dl> <\/div> <\/div>","protected":false},"excerpt":{"rendered":"<ul>\n<li> 3-in-1 Dizainas: VEVOR 50 p\u0117d\u0173 x 23.8 dvigubai atspindinti izoliacija roll yra universalus 3-in-1 dizainas: Spinduliavimo Barjeras + Izoliacija + Gar\u0173 Kontrol\u0117, u\u017etikrinant i\u0161skirtines \u0161ilumines savybes. Puikus spinduliavimo barjeras saugo jus v\u0117sioje vasar\u0105 ir \u0161iltas \u017eiem\u0105, i\u0161laikyti komforti\u0161k\u0105 patalp\u0173 temperat\u016br\u0105 i\u0161tisus metus. <\/li>\n<li> Premium Med\u017eiaga: Pagaminti i\u0161 dvigubo atspindintys aliuminio folijos ir didelio tankio EPE puta, m\u016bs\u0173 3.2 mm storio \u0161ilum\u0105 atspindinti izoliacija roll efektyviai atspindi saul\u0117s \u0161vies\u0105 ir blok\u0173 \u0161ilumos perdavimo vasar\u0105, tuo pa\u010diu u\u017ekertant keli\u0105 patalp\u0173 \u0161ilumos nuostoli\u0173 \u017eiem\u0105. Stay cool vasar\u0105, i\u0161laikyti \u0161iltas \u017eiem\u0105! <\/li>\n<li> Atspindi Daugiau nei 95 proc. \u0160ilumos: Featuring didelio tankio aliuminio folijos danga su neapmok\u0117t\u0173 \u0161ilumos atspind\u017eio, tai dvigubai atspindintis puta spinduliavimo barjeras, efektyviai atspindi daugiau kaip 95% saul\u0117s \u0161ilumos. Patirtis greito \u0161ilumos i\u0161sklaidymo, i\u0161laikyti savo vietos atv\u0117sti ir patogiai per kar\u0161tas dienas. <\/li>\n<li> Lengvas Montavimas: Tai dvipusis aliuminio folija izoliacija roll yra lengvai pjaustomas ir \u012fdiegti. Patogu tai, kad &#034;PASIDARYK pats&#034; roll dyd\u017eio ir formos, kad b\u016bt\u0173 patenkinti j\u016bs\u0173 poreikiai skirtingi. Kai nebuvo naudojama, ji gali b\u016bti lengvai sulankstyti d\u0117l vietos taupymo ir patogus ne\u0161iojimo. <\/li>\n<li> Universalus Programas: M\u016bs\u0173 \u0161ilumos izoliacija, \u0161ilumos skydas yra a\u0161ara ir d\u016briams atsparios, \u012fbr\u0117\u017eimams ir d\u0117v\u0117jimuisi atsparios, tvirtos ir lengvos. Tai puikus langai, gara\u017eo vartai, RVs, namai, stogai ir pan, pasi\u016blyti efektyv\u0173 \u0161ilumos blokavimo ir izoliacija kur reikia. <\/li>\n<\/ul>","protected":false},"featured_media":334793,"comment_status":"closed","ping_status":"open","template":"","meta":{"om_disable_all_campaigns":false,"_monsterinsights_skip_tracking":false,"_monsterinsights_sitenote_active":false,"_monsterinsights_sitenote_note":"","_monsterinsights_sitenote_category":0,"_uf_show_specific_survey":0,"_uf_disable_surveys":false},"location":[1935,1934],"product_brand":[21],"product_cat":[2431,3613,4441],"product_tag":[],"class_list":{"0":"post-53729","1":"product","2":"type-product","3":"status-publish","4":"has-post-thumbnail","6":"location-supplier_stock_location","7":"location-local_stock_location","8":"product_brand-vevor","9":"product_cat-building-materials-2","10":"product_cat-insulation-building-materials-2","11":"product_cat-radiant-barrier","13":"first","14":"outofstock","15":"taxable","16":"shipping-taxable","17":"purchasable","18":"product-type-simple"},"aioseo_notices":[],"jetpack_sharing_enabled":true,"locations":[{"id":1935,"name":"Pieg\u0101d\u0101t\u0101ja noliktav\u0101 (5-7d.d.)","slug":"supplier_stock_location","quantity":"0"},{"id":1934,"name":"R\u012bgas veikal\u0101 (0-2d.d.)","slug":"local_stock_location","quantity":"0"}],"_links":{"self":[{"href":"https:\/\/vevorshop.lv\/lt\/wp-json\/wp\/v2\/product\/53729","targetHints":{"allow":["GET"]}}],"collection":[{"href":"https:\/\/vevorshop.lv\/lt\/wp-json\/wp\/v2\/product"}],"about":[{"href":"https:\/\/vevorshop.lv\/lt\/wp-json\/wp\/v2\/types\/product"}],"replies":[{"embeddable":true,"href":"https:\/\/vevorshop.lv\/lt\/wp-json\/wp\/v2\/comments?post=53729"}],"wp:featuredmedia":[{"embeddable":true,"href":"https:\/\/vevorshop.lv\/lt\/wp-json\/wp\/v2\/media\/334793"}],"wp:attachment":[{"href":"https:\/\/vevorshop.lv\/lt\/wp-json\/wp\/v2\/media?parent=53729"}],"wp:term":[{"taxonomy":"location","embeddable":true,"href":"https:\/\/vevorshop.lv\/lt\/wp-json\/wp\/v2\/location?post=53729"},{"taxonomy":"product_brand","embeddable":true,"href":"https:\/\/vevorshop.lv\/lt\/wp-json\/wp\/v2\/product_brand?post=53729"},{"taxonomy":"product_cat","embeddable":true,"href":"https:\/\/vevorshop.lv\/lt\/wp-json\/wp\/v2\/product_cat?post=53729"},{"taxonomy":"product_tag","embeddable":true,"href":"https:\/\/vevorshop.lv\/lt\/wp-json\/wp\/v2\/product_tag?post=53729"}],"curies":[{"name":"wp","href":"https:\/\/api.w.org\/{rel}","templated":true}]}}