{"id":54070,"date":"2024-11-20T00:58:35","date_gmt":"2024-11-20T00:58:35","guid":{"rendered":"http:\/\/vevorshop.edigo.lv\/Prece\/vevor-brochure-display-rack-6-tier-magazine-literature-display-stand-4-wheels\/"},"modified":"2026-03-16T12:16:39","modified_gmt":"2026-03-16T10:16:39","slug":"vevor-brochure-display-rack-6-tier-magazine-literature-display-stand-4-wheels","status":"publish","type":"product","link":"https:\/\/vevorshop.lv\/lt\/Prece\/vevor-brosiurinis-stelazas-6-pakopu-zurnalo-literaturos-stendas-4-ratai\/","title":{"rendered":"VEVOR 6 pakop\u0173 mobilus bro\u0161i\u016br\u0173 stovas su ratukais, A4 \u017eurnal\u0173 laikiklis su 6 ki\u0161en\u0117mis biurui, parduotuvei, parodoms"},"content":{"rendered":"<div style=\"color: #fff!important; font-size: 16px; height: 24px; line-height: 24px; margin-top: -24px; \" class=\"product_original_name\">VEVOR bro\u0161i\u016br\u0173 stendas, 6 pakop\u0173 \u017eurnal\u0173 literat\u016bros stendas, ant grind\u0173 stovin\u010di\u0173 \u017eurnal\u0173 lentyn\u0173 laikra\u0161\u010di\u0173 katalog\u0173 laikikliai, kilnojamasis su 4 ratais (2 u\u017erakinami) parduotuvi\u0173 parod\u0173 biurui, 6 ki\u0161en\u0117s<\/div>\n<div style=\"color: #fff!important; font-size: 16px; height: 24px; line-height: 24px; margin-top: -24px; \" class=\"product_sku\">M4I4M7C0<\/div>\n<div style=\"color: #fff!important; font-size: 16px; height: 24px; line-height: 24px; margin-top: -24px; \" class=\"product_mpn\">WJZS20LDSJSD639P7V0<\/div><div id=\"js-DM_at-goodDescRich\"><html><head><style>  body {    font-family: Arial;    line-height: 1.5;    color: #1c1c1c;    overflow-x: hidden;    margin: 0;    padding: 0;  }  .MsoNormal b {    font-weight: bolder;  }<\/style><style>  .container.small {    width: 970px;    margin: 0 auto;  }  .logo {    margin: 0 auto 0;  }  .logo img {    display: block;    margin: 0 auto;    max-width: 100%;  }  .logo .pc-banner {    display: block;    width: 1200px;    height: 247.4px;    margin: 0 auto;  }  .logo .pc-banner.small {    width: 970px;  }  .logo .pc-banner.small img {    height: auto!important;  }  .logo .m-banner {    display: none;  }  .ytvideo {    position: relative;    height: 546px;    width: 100%;    margin: 0 auto;  }  .ytvideo img {    width: 100%;    margin: 0 auto;  }  .ytvideo .play-btn {    width: 60px;    height: 42px;    position: absolute;    top: 50%;    left: 50%;    transform: translate(-50%, -50%);    background: url(\"data:image\/png;base64,iVBORw0KGgoAAAANSUhEUgAAAGQAAABGCAMAAAANWMFbAAAC+lBMVEUAAADBGB3kLCfBGB3kLCfcJC7BFx3KKSbiKybkLCbWJCPSIiLSIiLPICHAFx3kLCfgKSXNHiDZJiTIGx\/p4eHcjo7LHSDbJyTkLCbjKyfOHyHPIiL28fHJHB\/GGh7EGR7eKCXDGB3RISHlLSbBGB3AFxzGHB7DGB7BGB3hKybkKybAFx3lLCfAFxzDGR3hKibDGB7cJyTmz8\/elJTlwcHjurrUIyLlLSflLSfAFx3DGR7lLSfCFx3hKibhKibhKybjKybkLCblLSfbJSX49vbx7e3NNzjNMTLMJyjVIyLZf3\/ZQ0LaeHjx0tLgoqLkLCfCGB3HGx\/BGB3BFx3PICHCGB7WJCLOHyC\/Fxy\/Fx3lLCfQISHkLSe\/FxzbJiTBFx3FGx\/AGB7BFx3EGR7AGB3HHSDfKiXAFh3TISHYNzbhKibbJyTTIiL57e325+f039\/v2NjUV1fOHiHiqanfmprch4feKSXVIyPOICHmLibFGh\/mLSe\/Fx7XJCPeKSXXJSPNHyHaJyTGGh7lLCbmLCflLSjSIiLkLCbdKSXLHiC\/GB3KHh++Fh3lKyfoLiXcKCPkx8fYb2\/XaGfVXl3aU1LLHiDksbHgKibPICHbJyTfKSXbJyTCGB3KHSDiKybFGh7TIiL\/\/\/\/VIyPRISHIHB\/GGx\/HHB\/DGR7gKibdKCXLHiDZJiTMHiDNHyHYJSTOICHPICHWJCPcKCXXJSPjLCblLCf+\/f3NGR\/uLijzLynPGR\/IGB7WISHaIyLLGh7UAADxLynNAADRLzDbICLQAADIAAD3MCrUHSHXMTDpKSbLAADp5OTij4\/ejo\/VLy\/1LyngJSTcJCPQHx\/OHB7+\/PzaMS\/OLS\/vLijrLSjSAADaNTPwLyjkKSbNJCbYISHPHB\/KGB7WAAD7+vrn3d3aKynTKCjoLCfsKifRGh\/YAADq5+fhjo7QNDXXKCfmJyXt5+fTLzDLLi\/QKivYHRvMGBrQJCXLISPMExXLDxLaEAvkkI\/bOTfaFQ\/SCgpvLcnHAAAAmnRSTlMA+vv7+gT9Bvf9+8z8\/NSv\/Pr5+P7++vnQIBMP\/v38\/Pn348XDiCYf9OjbzcqxXVcx\/fz8+\/rj1r2poo1+fXFqX0orGP7+\/v7+\/fz8+\/r68uzn4trIxsG\/vri3p6GcmZSNbWVYUUZEPQv+\/f39+\/v7+\/v7+vr64tvV1NTTz87FtbSurqeblJKFg4B3bUY+NjL7+\/v7+\/v67t1cDo8JLQAABkRJREFUWMO0kz9rwkAYh0OIeJkum6YugUAhISCdKoj\/P4C7SMdS+gEKIhSKil10LSg4mzXkILdlEpxCpwTiWOLX6BujvQaEQuGeHLnL+\/64J+SIcKGYTYWnntpdLjrVdqvZmNdn0+EE40GtpuuWVS6Xx6N7YDSGpWXpeq02wHgynM7q80az1a52HpddtVcpsi1zFARBrdaxbhp9iUReTGmwA4KAAr7vx3EYejnCMI6hQYEgy0LQi4jUN0wL19vqFcUC9\/1dAKmEEFkWRYkh5oBejnxQJiSJPJ\/uKBp0Thszx9Mw8hMRIQjKsptCfuES9zr5WJY6vSFCIvE9fCMUmEM1A1kSXcYGxgVYsvI1IPKTZciSTI0us\/SMGG04gDzELDoFBwdcFJrF88dqgYMTiL6DILWYyfOWE8\/kIz38olCNlC03FK95+imxp6y4oUSvAnBjHHhKNtotSDqJzVFiK8c2SBqhZtsrTtgrLXwAyduxZHNE26eHUt5rtuM4WSmds3G+sUdWYo1L+XyxButoh5eKUHk5lByO3G1LqqCWVnfrv\/lyPtf\/4ps1cndNGIri8J1TJ0lx6dR\/oPjq1nbRwdp2dCk4CtIOLW3pVKRL6WZfS5vF2KkIQhpwSsjiYIgNCs1gEMGqiIq24NQX9NwoXFy8Ufrl3twTcg4fv8T9\/JBEySduj6Mjm4bMzYV7EEOxKjjoNDud7yY3Dy71Hq2oLmqfbNR723edH9PgMrNL2utoQ3VmaIDkiw\/4w51P06hlZsTZvkRrbVuSIs\/zwSOsycgzStQouoAkWQqioRT5XI7n2Z1wfVhoZmcAJLsoqjqpjbWCgpOAJXBwHK8PzWbNvoUZJND5wCnSkLAkZ1legx6vqQzjoiTahKlGUGLAiIIoABOHaNVw4sexZBym6\/HWlH5h3IC7yRbxtipcWxdTOkORKiNQAEkFf66x5S2oeRbroOlLgg0sSYkR0hRGEqJZ0jTPiQKatESdBckpWigxaapEH0lImHdWu9pUFF2XqMNM2Z4kped7IwEJw2qabwtrQqnpw6HyKkgcadKWsmpywwesDyIhYRpdzXddqegtGIJlXbAIUMOLkGxJUjRIkokwjUaX9d\/kK62ps\/tYUqZLIMkLTyBhsMZ3C5Z\/kDxOSCb\/DOs\/\/J0qcWSX\/2ipe56EgTCA4\/cB7NAYOsni4mZM1MUPAISoEwkDi4lhVBQ1cWQyIcwalw4EpqZN68JUSK7XC0kTlkLYii5uXSC8jT5ncCAS7mjCv0uHp\/3lueHEEAeQ\/\/VgmdN71\/2uCSA1Xr6DO6uI6sW56zqT2tp2PhgiRUAajV8CY2fkcz6WGNKMgLAt7tJAhD4YHMTeRxlALE6+43WqjSWi8ITxyJl8WrwWSNESQZZOqhDDntO3hJLsd5RtSpbJqdv3YrDJH3F7jL1R2O2aQkn2MyCyKYz0GPGIvSAMgBCrCEiJyKbBaYGwLW4uPRr0A0M4Ux5kUI7IBh+hMdiCEWNqhMZGyYMsOgNE58UQuEQeUnSWCMYwL54hkxK6IoqucQZbQ3pc3XtL0lky1dL0zZJJDpWJovFqpWj6JEHnyam2eQp5QRVAVHjWparTOaVwUOx99YS2MvgxIGV0bb+qIg2HX2qkFFJB+XZcbLiuRkuxD9GRroKyveLxdh4d7Orx+hb7qc3uVRuEogCOnyIxm4ubUoPgF4jianDrC+SDQDKEfJb0GUKmjCGPYHGJvVC6X4hw1\/sAfQAdfYyephIaspXe36RwOP+Ljvfx9B6B3i+Nk0DGq+oCbLn6JpBa9nWAveAIHwFAwtVcIJXPMPL8kRu5OAYPMaL1WScTxjiZDqB9LTJSWphow\/pTYKRTLjCBhvi9iBidvKcDasGSm0QQkycYuLBqj6QCELPctqChDWpTRMWkngNNpQ1Pfp1KkiT\/Y0DGffXAweUNfLAfaJFKDwhb6I+bkYRbkERoEeu3Fyjg2opMz2daZCS9jt6Q7txNfB+OZEVF6Zl5web2xunnLQrtrjXseXKaFYziYINeMFZVxS9VxRhOoesYwxPKXm+gWLG9cuFeq93UNNeJNsf1KlwuDok9n02n3TgIJpOxNfL9naIoQwXtfH9kjceTIIi709ncTg6LZbg+biLH1V6u\/7rxBem06VXKn9raAAAAAElFTkSuQmCC\")      no-repeat center center \/ contain;  }  @media screen and (max-width: 960px) and (orientation: portrait) {    .logo {      width: 100%;    }    .logo .pc-banner {      display: none;    }    .logo .m-banner {      display: block;      width: 100%;    }    .logo .m-banner img {      height: auto!important;    }    .ytvideo {      height: 200px;      width: 100%;    }  }<\/style><style>  .video-section {    width: 100%;    margin: 0 auto;  }  .video-section > img {    width: 100%;  }  .video-section iframe,  .video-section video {    width: 100%;    height: 100%;      }  .video-section-img-m,  .video-section-img-pc > img {    width: 100%;    height: auto;  }  .video-section-img-pc.small > img {    width: 970px;  }  .video-desc {    line-height: 1.5;    font-size: 20px;    font-weight: 400;    margin: 20px 0;    text-align: center;    color: #0f1111;    word-break: break-word;  }  @media screen and (max-width: 960px) and (orientation: portrait) {    .video-section {      width: 100%;    }    .video-section-pc,    .video-section-img-pc {      display: none;    }    .video-section-m,    .video-section-img-m {      display: block;    }    .video-desc {      font-size: 15px;    }  }  @media screen and (min-width: 960px) {    .video-section {      width: 100%;      margin: 0 auto;    }    .video-section-pc,    .video-section-img-pc {      display: block;    }    .video-section-m,    .video-section-img-m {      display: none;    }    .video-desc {      font-size: 20px;    }  }<\/style><style>  .section + .section {    margin-top: 35px;  }  .section-title {    text-align: center;    font-weight: bold;    color: #0d1111;    font-family: \"Arial\";    font-size: 32px;    margin: 15px 0;  }  .section-title:empty {    display: none;  }  .section-desc {    text-align: center;    font-weight: normal;    color: #0d1111;    margin-top: 20px;  }  .section-desc:empty {    display: none;  }  .section-img {    width: 1200px;    height: 492px;    margin: 0 auto;    display: block;  }  .section-img.small {    width: 970px;    height: auto;  }  .section-img.small > img {    height: auto;  }  .section-img > img {    width: 100%;    height: 100%;  }  .section-mobile-img {    display: none;    max-width: 100vw;    max-height: 75vw;    height: 450px;    margin: 0 auto;  }  .section-mobile-img > img {    width: 100%;    height: 100%;  }  @media screen and (max-width: 960px) and (orientation: portrait) {    .container {      width: 100%;    }    .container.small {      width: 100%;    }    .section-mobile-img {      display: block;    }    .section-img {      display: none;    }    .section-title {      font-size: 22px;      margin: 10px 0;    }    .section-desc {      margin-top: 10px;    }    .section + .section {      margin-top: 20px;    }  }<\/style><\/head><body><div class=\"container\"><div class=\"logo\"><div class=\"pc-banner\"><div><img decoding=\"async\" src=\"\/vevor\/vevor\/boutique-banner\/pc\/en-pc@1x.jpg\" style=\"width: 100%;\" \/><\/div><\/div><div class=\"m-banner\"><div><img decoding=\"async\" src=\"\/vevor\/vevor\/boutique-banner\/mobile\/en-m@1x.jpg\" style=\"width: 100%;\" \/><\/div><\/div><\/div><div class=\"section-title\">Organizuoti. Parod\u0105. \u012esp\u016bd\u012f: Ekrano su pagyrimu<\/div><div class=\"video-section\"><div class=\"video-section-img-pc\"><img decoding=\"async\" src=\"\/vevor\/product\/WJZS20LDSJSD639P7\/magazine-display-rack-a100-1.4.jpg\" alt=\"VEVOR knygel\u0117je ekranas stovo moderni\u0173 biuro, atskleis \u017eurnal\u0173 su tvirta konstrukcija ir ilgaam\u017ei\u0161kumu.\" \/><\/div><div class=\"video-section-img-m\"><img decoding=\"async\" src=\"\/vevor\/product\/WJZS20LDSJSD639P7\/magazine-display-rack-a100-1.4-m.jpg\" alt=\"VEVOR knygel\u0117je ekranas stovo moderni\u0173 biuro, atskleis \u017eurnal\u0173 su tvirta konstrukcija ir ilgaam\u017ei\u0161kumu.\" \/><\/div><div class=\"section-desc\">Puikiai parodys j\u016bs\u0173 \u017eurnalai su VEVOR 6 pakop\u0173 didelio paj\u0117gumo knygel\u0117je ekranas stovo. Sukurta su auk\u0161tos kokyb\u0117s, patvarumo, ir universalumo, ji si\u016blo daug saugojimo vietos, d\u0117mesingas dizaino, lengva ir mobilumo. Pasirinkti m\u016bs\u0173 stendas pakelti kiekvien\u0105 \u017eurnalo \u012f standout centru!<\/div><\/div><div class=\"section\"><div class=\"section-title\"><\/div><div class=\"section-img\"><img decoding=\"async\" src=\"\/vevor\/product\/WJZS20LDSJSD639P7\/magazine-display-rack-a100-2.2.jpg\" alt=\"didelio paj\u0117gumo 6 pakop\u0173 VEVOR knygel\u0117je ekranas stovo su sutir\u0161t\u0117s baz\u0117s, turintis a4 \u017eurnal\u0173 modernus kambarys.\" \/><\/div><div class=\"section-mobile-img\"><img decoding=\"async\" src=\"\/vevor\/product\/WJZS20LDSJSD639P7\/magazine-display-rack-a100-2.2-m.jpg\" alt=\"didelio paj\u0117gumo 6 pakop\u0173 VEVOR knygel\u0117je ekranas stovo su sutir\u0161t\u0117s baz\u0117s, turintis a4 \u017eurnal\u0173 modernus kambarys.\" \/><\/div><div class=\"section-desc\">Visus savo reklamin\u0119 med\u017eiag\u0105, organizuoja ir ekrane! \u012e VEVOR \u017eurnalas stendas su ratais gali pasigirti 6 pakop\u0173 erdvus saugyklos, su kiekviena pakopa telpa 2 x A4 \u017eurnalai, u\u017etikrinant, daug vietos pademonstruot\u0173 savo \u017eurnalai, bro\u0161i\u016bros, ir failus.<\/div><\/div><div class=\"section\"><div class=\"section-title\"><\/div><div class=\"section-img\"><img decoding=\"async\" src=\"\/vevor\/product\/WJZS20LDSJSD639P7\/magazine-display-rack-a100-2.3.jpg\" alt=\"VEVOR knygel\u0117je display rack biure, atskleis organizuota dokumentus su apsaugin\u012f barjer\u0105 ir galiniai saugojimo.\" \/><\/div><div class=\"section-mobile-img\"><img decoding=\"async\" src=\"\/vevor\/product\/WJZS20LDSJSD639P7\/magazine-display-rack-a100-2.3-m.jpg\" alt=\"VEVOR knygel\u0117je display rack biure, atskleis organizuota dokumentus su apsaugin\u012f barjer\u0105 ir galiniai saugojimo.\" \/><\/div><div class=\"section-desc\">Apsaugoti savo \u017eurnal\u0173 ir i\u0161laikyti juos lengvai prieinama! Su saugos kra\u0161t\u0173, kad b\u016bt\u0173 skland\u017eiai liesti, papildomos saugojimo vietos apa\u010dioje ir apsaugin\u012f barjer\u0105, j\u016bs galite laikyti daugiau \u017eurnalus ir knygas, o u\u017ekirsti keli\u0105 j\u0173 nuo slydimo arba b\u016bti nup\u016bstas.<\/div><\/div><div class=\"section\"><div class=\"section-title\"><\/div><div class=\"section-img\"><img decoding=\"async\" src=\"\/vevor\/product\/WJZS20LDSJSD639P7\/magazine-display-rack-a100-2.4.jpg\" alt=\"VEVOR knygel\u0117je ekranas stovo su besisukan\u010diais ratais, lengvai prisitaikyti prie bibliotekos aplinkoje.\" \/><\/div><div class=\"section-mobile-img\"><img decoding=\"async\" src=\"\/vevor\/product\/WJZS20LDSJSD639P7\/magazine-display-rack-a100-2.4-m.jpg\" alt=\"VEVOR knygel\u0117je ekranas stovo su besisukan\u010diais ratais, lengvai prisitaikyti prie bibliotekos aplinkoje.\" \/><\/div><div class=\"section-desc\">VEVOR \u017eurnalo ekrano laikiklis turi 4 x 360\u00b0 besisukan\u010dius ratukus, kurie yra lyg\u016bs, atspar\u016bs dilimui ir tyl\u016bs, tod\u0117l galite lengvai reguliuoti ekrano pad\u0117t\u012f Nesvarbu, ar tai biuras, parduotuv\u0117 ar parod\u0173 sal\u0117, galite be vargo perkelti ir demonstruoti reklamin\u0119 med\u017eiag\u0105.<\/div><\/div><div class=\"section\"><div class=\"section-title\"><\/div><div class=\"section-img\"><img decoding=\"async\" src=\"\/vevor\/product\/WJZS20LDSJSD639P7\/magazine-display-rack-a100-2.5.jpg\" alt=\"VEVOR knygel\u0117je ekranas stovo: universalus naudoti laukimo sal\u0117, parduotuv\u0117, vie\u0161butis, bibliotekos, kabineto, ir gyvenamasis kambarys.\" \/><\/div><div class=\"section-mobile-img\"><img decoding=\"async\" src=\"\/vevor\/product\/WJZS20LDSJSD639P7\/magazine-display-rack-a100-2.5-m.jpg\" alt=\"VEVOR knygel\u0117je ekranas stovo: universalus naudoti laukimo sal\u0117, parduotuv\u0117, vie\u0161butis, bibliotekos, kabineto, ir gyvenamasis kambarys.\" \/><\/div><div class=\"section-desc\">Nesvarbu, ar tai oro uosto poilsio kambarys, parduotuv\u0117, vie\u0161butis, biblioteka, biuras ar svetain\u0117, m\u016bs\u0173 literat\u016bros stendas atitinka \u012fvairius poreikius. ne tik pagerina reklamini\u0173 \u017eurnal\u0173 rodym\u0105, bet ir suteikia j\u016bs\u0173 erdvei elegancijos ir profesionalumo.<\/div><\/div><div class=\"section\"><div class=\"section-img\"><img decoding=\"async\" src=\"\/vevor\/product\/WJZS20LDSJSD639P7\/magazine-display-rack-a100-1.11.jpg\" alt=\"VEVOR knygel\u0117je display rack, modelis hs-z18, su 6 pakop\u0173, 4 ratai ir matmenys 53.3&#034; x 18.7&#034; x 15,7&#034;.\" \/><\/div><div class=\"section-mobile-img\"><img decoding=\"async\" src=\"\/vevor\/product\/WJZS20LDSJSD639P7\/magazine-display-rack-a100-1.11-m.jpg\" alt=\"VEVOR knygel\u0117je display rack, modelis hs-z18, su 6 pakop\u0173, 4 ratai ir matmenys 53.3&#034; x 18.7&#034; x 15,7&#034;.\" \/><\/div><\/div><\/div><\/body><\/html><\/div>\n<div class=\"DM_at-title\" id=\"js-DM_at-title\"> <div>Produkto specifikacija<\/div> <i class=\"icon-arrowup_line\"><\/i> <\/div><div class=\"DM_at-goodsDescAttr\" id=\"js-DM_at-goodsDescAttr\"> <div class=\"DM_at-goodsDescAttrInner\"> <dl class=\"goodsDesc_item goodsDesc_item_even\"> <dt>Prek\u0117s Modelio Numeris<\/dt> <dd> SS-Z18<\/dd> <\/dl> <dl class=\"goodsDesc_item\"> <dt>Sand\u0117liavimo Sluoksni\u0173<\/dt> <dd> 6 Pakop\u0173<\/dd> <\/dl> <dl class=\"goodsDesc_item goodsDesc_item_even\"> <dt>Svoris Galia<\/dt> <dd> 1.1 kg \/ 0,5 kg ( Kiekvieno Sluoksnio)<\/dd> <\/dl> <dl class=\"goodsDesc_item\"> <dt>Apgyvendinti \u017durnalas Dydis<\/dt> <dd> Palaikykite 2 x A4 \u017durnalai ( Kiekvieno Sluoksnio)<\/dd> <\/dl> <dl class=\"goodsDesc_item goodsDesc_item_even\"> <dt>Produkto Svoris<\/dt> <dd> 9.92 svar\u0173 \/ 4.5 kg<\/dd> <\/dl> <dl class=\"goodsDesc_item\"> <dt>Gaminio Matmenys<\/dt> <dd> 18.7 x 15,7 x 53.35 \u012f \/ 475 x 400 x 1355 mm<\/dd> <\/dl> <\/div> <\/div>","protected":false},"excerpt":{"rendered":"<ul>\n<li> Kokyb\u0119, Ilgalaik\u012f Patvarum\u0105: VEVOR 6-ki\u0161en\u0117je knygel\u0117je display rack yra meistri\u0161kai tiksliai, vyksta auk\u0161tos temperat\u016bros kepimo da\u017e\u0173 procesas pasiekti, aptakus ir patvarus apdaila. Ne daugiau r\u016bpes\u010di\u0173 d\u0117l deformacijos \u2013 tai literat\u016bros stendas yra pastatytas atlaikyti laiko i\u0161bandym\u0105. <\/li>\n<li> Daug vietos, Organizuoti: Featuring 6 pakop\u0173 dosniai dyd\u017eio ekranas tinklus, kiekvienas gali pritaikyti 2 x A4 \u017eurnalai, m\u016bs\u0173 failo savininkas \u017eurnalas stovo si\u016blo daug erdv\u0117s, kad tvarkingai organizuoti laikra\u0161\u010dio, bro\u0161i\u016bros, \u017eurnalai, literat\u016bra ir daugiau. I\u0161laikyti savo bro\u0161i\u016bros tvarkingas, organizuotas, ir lengvai prieinama. <\/li>\n<li> Saugo j\u0105 Sutvarkyti, Parodyti, kad jis Ai\u0161kiai: Kiekviena lentyna yra suprojektuoti su tinklelis, siekiant optimizuoti oro sraut\u0105, u\u017etikrinti tinkam\u0105 v\u0117dinim\u0105 ir iki minimumo suma\u017eina dulki\u0173 kaupimosi. \u0160is turiningas dizainas i\u0161laiko savo display rack \u0161varus ir organizuotas, u\u017ekirsti keli\u0105 bro\u0161i\u016bros nuo slydimo ir patrauklus tiek estetika, ir funkcionalumas. <\/li>\n<li> Lengvas Judrumas: \u012erengti 4 skland\u017eiai valcavimo 360\u00b0 pasukami ratai, \u0161is \u017eurnalas katalogas literat\u016bros stovo galima be vargo perkelti aplink. Plius, 2 rakinami rat\u0173 su patikimais stabd\u017eiais u\u017etikrinti stovas yra stabilus ir saugus, leid\u017eia jums \u012f pozicij\u0105, kur jums reikia. <\/li>\n<li> Universalus ir Madinga: M\u016bs\u0173 ant grind\u0173 statomi kilnojamojo literat\u016bros stovas yra lengva surinkti ir tinka skland\u017eiai \u012f \u012fvairius parametrus, i\u0161 biuruose ir bibliotekose, prie vie\u0161bu\u010di\u0173 ir prekybos rodo, tai tavo go-sprendimas pademonstruot\u0173 \u017eurnal\u0173 stili\u0173 ir skirtumas. <\/li>\n<\/ul>","protected":false},"featured_media":336617,"comment_status":"closed","ping_status":"open","template":"","meta":{"om_disable_all_campaigns":false,"_monsterinsights_skip_tracking":false,"_monsterinsights_sitenote_active":false,"_monsterinsights_sitenote_note":"","_monsterinsights_sitenote_category":0,"_uf_show_specific_survey":0,"_uf_disable_surveys":false},"location":[1935,1934],"product_brand":[21],"product_cat":[2508,2509,2507,2506],"product_tag":[],"class_list":{"0":"post-54070","1":"product","2":"type-product","3":"status-publish","4":"has-post-thumbnail","6":"location-supplier_stock_location","7":"location-local_stock_location","8":"product_brand-vevor","9":"product_cat-desk-organizers-accessories","10":"product_cat-literture-display","11":"product_cat-office-supplies-storage-organization-2","12":"product_cat-storage-organization-2","14":"first","15":"instock","16":"taxable","17":"shipping-taxable","18":"purchasable","19":"product-type-simple"},"aioseo_notices":[],"jetpack_sharing_enabled":true,"locations":[{"id":1935,"name":"Pieg\u0101d\u0101t\u0101ja noliktav\u0101 (5-7d.d.)","slug":"supplier_stock_location","quantity":"296"},{"id":1934,"name":"R\u012bgas veikal\u0101 (0-2d.d.)","slug":"local_stock_location","quantity":"0"}],"_links":{"self":[{"href":"https:\/\/vevorshop.lv\/lt\/wp-json\/wp\/v2\/product\/54070","targetHints":{"allow":["GET"]}}],"collection":[{"href":"https:\/\/vevorshop.lv\/lt\/wp-json\/wp\/v2\/product"}],"about":[{"href":"https:\/\/vevorshop.lv\/lt\/wp-json\/wp\/v2\/types\/product"}],"replies":[{"embeddable":true,"href":"https:\/\/vevorshop.lv\/lt\/wp-json\/wp\/v2\/comments?post=54070"}],"wp:featuredmedia":[{"embeddable":true,"href":"https:\/\/vevorshop.lv\/lt\/wp-json\/wp\/v2\/media\/336617"}],"wp:attachment":[{"href":"https:\/\/vevorshop.lv\/lt\/wp-json\/wp\/v2\/media?parent=54070"}],"wp:term":[{"taxonomy":"location","embeddable":true,"href":"https:\/\/vevorshop.lv\/lt\/wp-json\/wp\/v2\/location?post=54070"},{"taxonomy":"product_brand","embeddable":true,"href":"https:\/\/vevorshop.lv\/lt\/wp-json\/wp\/v2\/product_brand?post=54070"},{"taxonomy":"product_cat","embeddable":true,"href":"https:\/\/vevorshop.lv\/lt\/wp-json\/wp\/v2\/product_cat?post=54070"},{"taxonomy":"product_tag","embeddable":true,"href":"https:\/\/vevorshop.lv\/lt\/wp-json\/wp\/v2\/product_tag?post=54070"}],"curies":[{"name":"wp","href":"https:\/\/api.w.org\/{rel}","templated":true}]}}