{"id":54427,"date":"2024-11-20T01:42:29","date_gmt":"2024-11-20T01:42:29","guid":{"rendered":"http:\/\/vevorshop.edigo.lv\/Prece\/vevor-double-stroller-foldable-lightweight-twin-tandem-stroller-light-grayblack\/"},"modified":"2026-02-26T16:51:54","modified_gmt":"2026-02-26T14:51:54","slug":"vevor-double-stroller-foldable-lightweight-twin-tandem-stroller-light-grayblack","status":"publish","type":"product","link":"https:\/\/vevorshop.lv\/lt\/Prece\/vevor-double-stroller-foldable-lightweight-twin-tandem-stroller-light-grayblack\/","title":{"rendered":"VEVOR sulankstomas dvyni\u0173 ve\u017eim\u0117lis su tandemine s\u0117dyne, amortizuoti ratai, reguliuojama atlo\u0161as, k\u016bdikiams ir ma\u017eyliams, 30kg\/vieta"},"content":{"rendered":"<div style=\"color: #fff!important; font-size: 16px; height: 24px; line-height: 24px; margin-top: -24px; \" class=\"product_original_name\">VEVOR Double Stroller, Foldable Lightweight Twin Stroller with Tandem Seating, Adjustable Backrest\/Footrest, Wrap-Around Safety Harness,Storage Basket & Tray,for Newborn & Toddler (Light Gray,Black)<\/div>\n<div style=\"color: #fff!important; font-size: 16px; height: 24px; line-height: 24px; margin-top: -24px; \" class=\"product_sku\">M4I4M8WU<\/div>\n<div style=\"color: #fff!important; font-size: 16px; height: 24px; line-height: 24px; margin-top: -24px; \" class=\"product_mpn\">SRYETCQH2RKQ1MB0KV0<\/div><div id=\"js-DM_at-goodDescRich\"><html><head><style>  body {    font-family: Arial;    line-height: 1.5;    color: #1c1c1c;    overflow-x: hidden;    margin: 0;    padding: 0;  }  .MsoNormal b {    font-weight: bolder;  }<\/style><style>  .container.small {    width: 970px;    margin: 0 auto;  }  .logo {    margin: 0 auto 0;  }  .logo img {    display: block;    margin: 0 auto;    max-width: 100%;  }  .logo .pc-banner {    display: block;    width: 1200px;    height: 247.4px;    margin: 0 auto;  }  .logo .pc-banner.small {    width: 970px;  }  .logo .pc-banner.small img {    height: auto!important;  }  .logo .m-banner {    display: none;  }  .ytvideo {    position: relative;    height: 546px;    width: 100%;    margin: 0 auto;  }  .ytvideo img {    width: 100%;    margin: 0 auto;  }  .ytvideo .play-btn {    width: 60px;    height: 42px;    position: absolute;    top: 50%;    left: 50%;    transform: translate(-50%, -50%);    background: url(\"data:image\/png;base64,iVBORw0KGgoAAAANSUhEUgAAAGQAAABGCAMAAAANWMFbAAAC+lBMVEUAAADBGB3kLCfBGB3kLCfcJC7BFx3KKSbiKybkLCbWJCPSIiLSIiLPICHAFx3kLCfgKSXNHiDZJiTIGx\/p4eHcjo7LHSDbJyTkLCbjKyfOHyHPIiL28fHJHB\/GGh7EGR7eKCXDGB3RISHlLSbBGB3AFxzGHB7DGB7BGB3hKybkKybAFx3lLCfAFxzDGR3hKibDGB7cJyTmz8\/elJTlwcHjurrUIyLlLSflLSfAFx3DGR7lLSfCFx3hKibhKibhKybjKybkLCblLSfbJSX49vbx7e3NNzjNMTLMJyjVIyLZf3\/ZQ0LaeHjx0tLgoqLkLCfCGB3HGx\/BGB3BFx3PICHCGB7WJCLOHyC\/Fxy\/Fx3lLCfQISHkLSe\/FxzbJiTBFx3FGx\/AGB7BFx3EGR7AGB3HHSDfKiXAFh3TISHYNzbhKibbJyTTIiL57e325+f039\/v2NjUV1fOHiHiqanfmprch4feKSXVIyPOICHmLibFGh\/mLSe\/Fx7XJCPeKSXXJSPNHyHaJyTGGh7lLCbmLCflLSjSIiLkLCbdKSXLHiC\/GB3KHh++Fh3lKyfoLiXcKCPkx8fYb2\/XaGfVXl3aU1LLHiDksbHgKibPICHbJyTfKSXbJyTCGB3KHSDiKybFGh7TIiL\/\/\/\/VIyPRISHIHB\/GGx\/HHB\/DGR7gKibdKCXLHiDZJiTMHiDNHyHYJSTOICHPICHWJCPcKCXXJSPjLCblLCf+\/f3NGR\/uLijzLynPGR\/IGB7WISHaIyLLGh7UAADxLynNAADRLzDbICLQAADIAAD3MCrUHSHXMTDpKSbLAADp5OTij4\/ejo\/VLy\/1LyngJSTcJCPQHx\/OHB7+\/PzaMS\/OLS\/vLijrLSjSAADaNTPwLyjkKSbNJCbYISHPHB\/KGB7WAAD7+vrn3d3aKynTKCjoLCfsKifRGh\/YAADq5+fhjo7QNDXXKCfmJyXt5+fTLzDLLi\/QKivYHRvMGBrQJCXLISPMExXLDxLaEAvkkI\/bOTfaFQ\/SCgpvLcnHAAAAmnRSTlMA+vv7+gT9Bvf9+8z8\/NSv\/Pr5+P7++vnQIBMP\/v38\/Pn348XDiCYf9OjbzcqxXVcx\/fz8+\/rj1r2poo1+fXFqX0orGP7+\/v7+\/fz8+\/r68uzn4trIxsG\/vri3p6GcmZSNbWVYUUZEPQv+\/f39+\/v7+\/v7+vr64tvV1NTTz87FtbSurqeblJKFg4B3bUY+NjL7+\/v7+\/v67t1cDo8JLQAABkRJREFUWMO0kz9rwkAYh0OIeJkum6YugUAhISCdKoj\/P4C7SMdS+gEKIhSKil10LSg4mzXkILdlEpxCpwTiWOLX6BujvQaEQuGeHLnL+\/64J+SIcKGYTYWnntpdLjrVdqvZmNdn0+EE40GtpuuWVS6Xx6N7YDSGpWXpeq02wHgynM7q80az1a52HpddtVcpsi1zFARBrdaxbhp9iUReTGmwA4KAAr7vx3EYejnCMI6hQYEgy0LQi4jUN0wL19vqFcUC9\/1dAKmEEFkWRYkh5oBejnxQJiSJPJ\/uKBp0Thszx9Mw8hMRIQjKsptCfuES9zr5WJY6vSFCIvE9fCMUmEM1A1kSXcYGxgVYsvI1IPKTZciSTI0us\/SMGG04gDzELDoFBwdcFJrF88dqgYMTiL6DILWYyfOWE8\/kIz38olCNlC03FK95+imxp6y4oUSvAnBjHHhKNtotSDqJzVFiK8c2SBqhZtsrTtgrLXwAyduxZHNE26eHUt5rtuM4WSmds3G+sUdWYo1L+XyxButoh5eKUHk5lByO3G1LqqCWVnfrv\/lyPtf\/4ps1cndNGIri8J1TJ0lx6dR\/oPjq1nbRwdp2dCk4CtIOLW3pVKRL6WZfS5vF2KkIQhpwSsjiYIgNCs1gEMGqiIq24NQX9NwoXFy8Ufrl3twTcg4fv8T9\/JBEySduj6Mjm4bMzYV7EEOxKjjoNDud7yY3Dy71Hq2oLmqfbNR723edH9PgMrNL2utoQ3VmaIDkiw\/4w51P06hlZsTZvkRrbVuSIs\/zwSOsycgzStQouoAkWQqioRT5XI7n2Z1wfVhoZmcAJLsoqjqpjbWCgpOAJXBwHK8PzWbNvoUZJND5wCnSkLAkZ1legx6vqQzjoiTahKlGUGLAiIIoABOHaNVw4sexZBym6\/HWlH5h3IC7yRbxtipcWxdTOkORKiNQAEkFf66x5S2oeRbroOlLgg0sSYkR0hRGEqJZ0jTPiQKatESdBckpWigxaapEH0lImHdWu9pUFF2XqMNM2Z4kped7IwEJw2qabwtrQqnpw6HyKkgcadKWsmpywwesDyIhYRpdzXddqegtGIJlXbAIUMOLkGxJUjRIkokwjUaX9d\/kK62ps\/tYUqZLIMkLTyBhsMZ3C5Z\/kDxOSCb\/DOs\/\/J0qcWSX\/2ipe56EgTCA4\/cB7NAYOsni4mZM1MUPAISoEwkDi4lhVBQ1cWQyIcwalw4EpqZN68JUSK7XC0kTlkLYii5uXSC8jT5ncCAS7mjCv0uHp\/3lueHEEAeQ\/\/VgmdN71\/2uCSA1Xr6DO6uI6sW56zqT2tp2PhgiRUAajV8CY2fkcz6WGNKMgLAt7tJAhD4YHMTeRxlALE6+43WqjSWi8ITxyJl8WrwWSNESQZZOqhDDntO3hJLsd5RtSpbJqdv3YrDJH3F7jL1R2O2aQkn2MyCyKYz0GPGIvSAMgBCrCEiJyKbBaYGwLW4uPRr0A0M4Ux5kUI7IBh+hMdiCEWNqhMZGyYMsOgNE58UQuEQeUnSWCMYwL54hkxK6IoqucQZbQ3pc3XtL0lky1dL0zZJJDpWJovFqpWj6JEHnyam2eQp5QRVAVHjWparTOaVwUOx99YS2MvgxIGV0bb+qIg2HX2qkFFJB+XZcbLiuRkuxD9GRroKyveLxdh4d7Orx+hb7qc3uVRuEogCOnyIxm4ubUoPgF4jianDrC+SDQDKEfJb0GUKmjCGPYHGJvVC6X4hw1\/sAfQAdfYyephIaspXe36RwOP+Ljvfx9B6B3i+Nk0DGq+oCbLn6JpBa9nWAveAIHwFAwtVcIJXPMPL8kRu5OAYPMaL1WScTxjiZDqB9LTJSWphow\/pTYKRTLjCBhvi9iBidvKcDasGSm0QQkycYuLBqj6QCELPctqChDWpTRMWkngNNpQ1Pfp1KkiT\/Y0DGffXAweUNfLAfaJFKDwhb6I+bkYRbkERoEeu3Fyjg2opMz2daZCS9jt6Q7txNfB+OZEVF6Zl5web2xunnLQrtrjXseXKaFYziYINeMFZVxS9VxRhOoesYwxPKXm+gWLG9cuFeq93UNNeJNsf1KlwuDok9n02n3TgIJpOxNfL9naIoQwXtfH9kjceTIIi709ncTg6LZbg+biLH1V6u\/7rxBem06VXKn9raAAAAAElFTkSuQmCC\")      no-repeat center center \/ contain;  }  @media screen and (max-width: 960px) and (orientation: portrait) {    .logo {      width: 100%;    }    .logo .pc-banner {      display: none;    }    .logo .m-banner {      display: block;      width: 100%;    }    .logo .m-banner img {      height: auto!important;    }    .ytvideo {      height: 200px;      width: 100%;    }  }<\/style><style>  .video-section {    width: 100%;    margin: 0 auto;  }  .video-section > img {    width: 100%;  }  .video-section iframe,  .video-section video {    width: 100%;    height: 100%;      }  .video-section-img-m,  .video-section-img-pc > img {    width: 100%;    height: auto;  }  .video-section-img-pc.small > img {    width: 970px;  }  .video-desc {    line-height: 1.5;    font-size: 20px;    font-weight: 400;    margin: 20px 0;    text-align: center;    color: #0f1111;    word-break: break-word;  }  @media screen and (max-width: 960px) and (orientation: portrait) {    .video-section {      width: 100%;    }    .video-section-pc,    .video-section-img-pc {      display: none;    }    .video-section-m,    .video-section-img-m {      display: block;    }    .video-desc {      font-size: 15px;    }  }  @media screen and (min-width: 960px) {    .video-section {      width: 100%;      margin: 0 auto;    }    .video-section-pc,    .video-section-img-pc {      display: block;    }    .video-section-m,    .video-section-img-m {      display: none;    }    .video-desc {      font-size: 20px;    }  }<\/style><style>  .section + .section {    margin-top: 35px;  }  .section-title {    text-align: center;    font-weight: bold;    color: #0d1111;    font-family: \"Arial\";    font-size: 32px;    margin: 15px 0;  }  .section-title:empty {    display: none;  }  .section-desc {    text-align: center;    font-weight: normal;    color: #0d1111;    margin-top: 20px;  }  .section-desc:empty {    display: none;  }  .section-img {    width: 1200px;    height: 492px;    margin: 0 auto;    display: block;  }  .section-img.small {    width: 970px;    height: auto;  }  .section-img.small > img {    height: auto;  }  .section-img > img {    width: 100%;    height: 100%;  }  .section-mobile-img {    display: none;    max-width: 100vw;    max-height: 75vw;    height: 450px;    margin: 0 auto;  }  .section-mobile-img > img {    width: 100%;    height: 100%;  }  @media screen and (max-width: 960px) and (orientation: portrait) {    .container {      width: 100%;    }    .container.small {      width: 100%;    }    .section-mobile-img {      display: block;    }    .section-img {      display: none;    }    .section-title {      font-size: 22px;      margin: 10px 0;    }    .section-desc {      margin-top: 10px;    }    .section + .section {      margin-top: 20px;    }  }<\/style><\/head><body><div class=\"container small\"><div class=\"logo\"><div class=\"pc-banner small\"><div><img decoding=\"async\" src=\"\/vevor\/vevor\/boutique-banner\/pc\/en-pc@1x.jpg\" style=\"width: 100%;\" \/><\/div><\/div><div class=\"m-banner\"><div><img decoding=\"async\" src=\"\/vevor\/vevor\/boutique-banner\/mobile\/en-m@1x.jpg\" style=\"width: 100%;\" \/><\/div><\/div><\/div><div class=\"section-title\">Ie\u0161koti Kartu su Savo Ve\u017eim\u0117l\u012f!<\/div><div class=\"video-section\"><div class=\"video-section-img-pc small\"><img decoding=\"async\" src=\"\/vevor\/product\/SRYETCQH2RKQ1MB0K\/tandem-strollers-a100-1.4-pt.jpg\" \/><\/div><div class=\"video-section-img-m\"><img decoding=\"async\" src=\"\/vevor\/product\/SRYETCQH2RKQ1MB0K\/tandem-strollers-a100-1.4-pt.jpg\" \/><\/div><div class=\"section-desc\">M\u016bs\u0173 dvigubas ve\u017eim\u0117lis yra lengvas ir patogus ne\u0161iotis, jis tinka patogiai \u012f savo automobil\u012f kamieno arba namuose. Featuring anglies plieno r\u0117mo ir patogios s\u0117dimos vietos, jis prisitaiko prie \u012fvairi\u0173 vietovi\u0173. M\u0117gautis be r\u016bpes\u010di\u0173 gyvenimas ir yra \u012fdomus nuotykius su j\u016bs\u0173 k\u016bdikiui!<\/div><\/div><div class=\"section\"><div class=\"section-title\"><\/div><div class=\"section-img small\"><img decoding=\"async\" src=\"\/vevor\/product\/SRYETCQH2RKQ1MB0K\/tandem-strollers-a100-2.2-pt.jpg\" \/><\/div><div class=\"section-mobile-img\"><img decoding=\"async\" src=\"\/vevor\/product\/SRYETCQH2RKQ1MB0K\/tandem-strollers-a100-2.2-pt.jpg\" \/><\/div><div class=\"section-desc\">\u0160is dvigubas ve\u017eim\u0117lis suderina tvirtum\u0105 ir saugum\u0105, u\u017etikrindamas j\u016bs\u0173 k\u016bdikiams did\u017eiausi\u0105 apsaug\u0105.visi\u0161kai u\u017edengiantis saugos dir\u017eas u\u017etikrina j\u016bs\u0173 k\u016bdiki\u0173 saugum\u0105 va\u017eiavimo metu, suteikdamas jums ramyb\u0119 keliaujant.<\/div><\/div><div class=\"section\"><div class=\"section-title\"><\/div><div class=\"section-img small\"><img decoding=\"async\" src=\"\/vevor\/product\/SRYETCQH2RKQ1MB0K\/tandem-strollers-a100-2.3-pt.jpg\" \/><\/div><div class=\"section-mobile-img\"><img decoding=\"async\" src=\"\/vevor\/product\/SRYETCQH2RKQ1MB0K\/tandem-strollers-a100-2.3-pt.jpg\" \/><\/div><div class=\"section-desc\">Dvigubas ve\u017eim\u0117lis yra lengvas ir lengvai surenkamas bei i\u0161ardomas, tod\u0117l j\u012f patogu ne\u0161iotis Nesvarbu, ar j\u012f \u012fd\u0117site \u012f automobilio baga\u017ein\u0119, ar laikysite namuose, jis neu\u017eims daug vietos.<\/div><\/div><div class=\"section\"><div class=\"section-title\"><\/div><div class=\"section-img small\"><img decoding=\"async\" src=\"\/vevor\/product\/SRYETCQH2RKQ1MB0K\/tandem-strollers-a100-2.4-pt.jpg\" \/><\/div><div class=\"section-mobile-img\"><img decoding=\"async\" src=\"\/vevor\/product\/SRYETCQH2RKQ1MB0K\/tandem-strollers-a100-2.4-pt.jpg\" \/><\/div><div class=\"section-desc\">Sukurta atsi\u017evelgiant \u012f j\u016bs\u0173 k\u016bdikio patogum\u0105 ir sveikat\u0105, s\u0117dyn\u0117 pasi\u017eymi odai nekenksmingu pavir\u0161iumi, kuris \u0161velniai r\u016bpinasi \u0161velnia j\u016bs\u0173 k\u016bdikio oda, suteikia \u0161ilum\u0105 ir komfort\u0105. Sutir\u0161tintos pagalv\u0117l\u0117s dizainas u\u017etikrina, kad j\u016bs\u0173 k\u016bdikis i\u0161liks patogus net ir ilg\u0105 laik\u0105 s\u0117dint.<\/div><\/div><div class=\"section\"><div class=\"section-title\"><\/div><div class=\"section-img small\"><img decoding=\"async\" src=\"\/vevor\/product\/SRYETCQH2RKQ1MB0K\/tandem-strollers-a100-2.5-pt.jpg\" \/><\/div><div class=\"section-mobile-img\"><img decoding=\"async\" src=\"\/vevor\/product\/SRYETCQH2RKQ1MB0K\/tandem-strollers-a100-2.5-pt.jpg\" \/><\/div><div class=\"section-desc\">Lengvai tvarko \u012fvairias vietoves, \u012fskaitant sm\u0117l\u012f, \u017eol\u0119, kelius ir medinius lent\u0173 takus Nesvarbu, ar esate i\u0161vykoje, pasivaik\u0161\u010diojate parke ar nar\u0161ote miesto gatv\u0117mis, ve\u017eim\u0117lis u\u017etikrina stabil\u0173 va\u017eiavim\u0105, leid\u017eiant\u012f jums ir j\u016bs\u0173 k\u016bdikiui dr\u0105siai tyrin\u0117ti pasaul\u012f.<\/div><\/div><div class=\"section\"><div class=\"section-img small\"><img decoding=\"async\" src=\"\/vevor\/product\/SRYETCQH2RKQ1MB0K\/tandem-strollers-a100-1.11-pt.jpg\" \/><\/div><div class=\"section-mobile-img\"><img decoding=\"async\" src=\"\/vevor\/product\/SRYETCQH2RKQ1MB0K\/tandem-strollers-a100-1.11-pt.jpg\" \/><\/div><\/div><\/div><\/body><\/html><\/div>\n<div class=\"DM_at-title\" id=\"js-DM_at-title\"> <div>Produkto specifikacija<\/div> <i class=\"icon-arrowup_line\"><\/i> <\/div><div class=\"DM_at-goodsDescAttr\" id=\"js-DM_at-goodsDescAttr\"> <div class=\"DM_at-goodsDescAttrInner\"> <dl class=\"goodsDesc_item goodsDesc_item_even\"> <dt>Prek\u0117s Modelio Numeris<\/dt> <dd> T33<\/dd> <\/dl> <dl class=\"goodsDesc_item\"> <dt>Gaminio Matmenys<\/dt> <dd> 47.2 x 21.1 x 40.2 coli\u0173 \/ 1200 x 535 x 1020 mm<\/dd> <\/dl> <dl class=\"goodsDesc_item goodsDesc_item_even\"> <dt>Neto Svoris<\/dt> <dd> 25.5 svar\u0173 \/ 11.6 kg<\/dd> <\/dl> <dl class=\"goodsDesc_item\"> <dt>Kiekvien\u0105 Viet\u0105, Apkrovos Paj\u0117gumas<\/dt> <dd> 33 svar\u0173 \/ 15 kg<\/dd> <\/dl> <dl class=\"goodsDesc_item goodsDesc_item_even\"> <dt>Koj\u0173 Poilsio<\/dt> <dd> Reguliuojamas<\/dd> <\/dl> <dl class=\"goodsDesc_item\"> <dt>R\u0117mo Dydis<\/dt> <dd> 43.7 x 20.5 x 15.2 \u012f \/ 1110 x 520 x 385 mm<\/dd> <\/dl> <dl class=\"goodsDesc_item goodsDesc_item_even\"> <dt>Lyginimo Metodas<\/dt> <dd> Sulankstomas<\/dd> <\/dl> <dl class=\"goodsDesc_item\"> <dt>Priekiniai Varantys Specifikacij\u0105<\/dt> <dd>7 su Krypties Laikiklis<\/dd> <\/dl> <dl class=\"goodsDesc_item goodsDesc_item_even\"> <dt>Galiniai Varantys Specifikacij\u0105<\/dt> <dd> 8 su Pridedama Stabd\u017ei\u0173<\/dd> <\/dl> <dl class=\"goodsDesc_item\"> <dt>Pagrindin\u0117 Med\u017eiaga<\/dt> <dd> R\u0117mas<\/dd> <\/dl> <\/div> <\/div>","protected":false},"excerpt":{"rendered":"<ul>\n<li> Lengvas Sulankstymas: Keliaujant su vaikais neb\u0117ra i\u0161\u0161\u016bkis! M\u016bs\u0173 dvigubas ve\u017eim\u0117lis komplektuojamas vienas-spauskite lankstymo mechanizmas, kuris leid\u017eia greitai ir lengvai sulankstomas vos keli \u017eingsniai. Nesvarbu, ar esate apsipirkti arba keliaujate, galite tvarkyti u\u017eimtas akimirkos su lengvai. <\/li>\n<li> Didel\u0117 Keliamoji galia: Skirtos dviem \u0161eimoms, ji gali pasigirti tvirto anglinio plieno r\u0117mo, kad Kiekvien\u0105 viet\u0105, telpa iki 33 svar\u0173 (66 svar\u0173 i\u0161 viso), u\u017etikrinti savo k\u016bdiki\u0173 keliauti saugiai. Auk\u0161tis vilktimi yra reguliuojamas, pritaikant skirtingus poreikius naudotis daugiau lankstus ir patogus. <\/li>\n<li> Patvarus ir amortizatoriumi: \u012erengtas su dilimui amortizatoriumi ratai, ji tvarko bet reljefo nelygumus skland\u017eiai. Priekiniai ir galiniai varantys sm\u016bgio absorbcijos dizainas labai suma\u017eina vibracij\u0105 nuo kelio, suteikiant daugiau komforto, va\u017eiavimo j\u016bs\u0173 k\u016bdikiui. <\/li>\n<li> Daugiafunkcinis: Featuring priekiniai ir galiniai stogeliai teikti sk\u0117t\u012f nuo saul\u0117s arba lietaus apsauga, i\u0161laikyti j\u016bs\u0173 k\u016bdik\u012f patogiai viduje ve\u017eim\u0117lis. Be to, ve\u017eim\u0117lis ateina su vaik\u0173 valgomasis plok\u0161t\u0117, galiniai laikymo krep\u0161ys, puodelio laikiklis, siekiant multi-funkcinis projektavimas, apsauga nuo saul\u0117s, valgomasis, ir saugojimo. <\/li>\n<li> Lengva I\u0161montuoti: Paprastas ir lengvas montavimas, sud\u0117tingiau surinkimo proces\u0105. Tiesiog sekite instrukcija veiksmus surinkti dali\u0173 u\u017esakymas. I\u0161ardymas ir lankstymo yra taip pat erdv\u0117 taupymo, tod\u0117l laikymo patogu. <\/li>\n<\/ul>","protected":false},"featured_media":338380,"comment_status":"closed","ping_status":"open","template":"","meta":{"om_disable_all_campaigns":false,"_monsterinsights_skip_tracking":false,"_monsterinsights_sitenote_active":false,"_monsterinsights_sitenote_note":"","_monsterinsights_sitenote_category":0,"_uf_show_specific_survey":0,"_uf_disable_surveys":false},"location":[1935,1934],"product_brand":[21],"product_cat":[4046,4045,2454,2453,4047,4370,2374],"product_tag":[],"class_list":{"0":"post-54427","1":"product","2":"type-product","3":"status-publish","4":"has-post-thumbnail","6":"location-supplier_stock_location","7":"location-local_stock_location","8":"product_brand-vevor","9":"product_cat-car-seats-strollers","10":"product_cat-child-safety","11":"product_cat-home-safety","12":"product_cat-safety-security","13":"product_cat-strollers","14":"product_cat-tandem-strollers","15":"product_cat-tools","17":"first","18":"outofstock","19":"taxable","20":"shipping-taxable","21":"purchasable","22":"product-type-simple"},"aioseo_notices":[],"jetpack_sharing_enabled":true,"locations":[{"id":1935,"name":"Pieg\u0101d\u0101t\u0101ja noliktav\u0101 (5-7d.d.)","slug":"supplier_stock_location","quantity":"0"},{"id":1934,"name":"R\u012bgas veikal\u0101 (0-2d.d.)","slug":"local_stock_location","quantity":"0"}],"_links":{"self":[{"href":"https:\/\/vevorshop.lv\/lt\/wp-json\/wp\/v2\/product\/54427","targetHints":{"allow":["GET"]}}],"collection":[{"href":"https:\/\/vevorshop.lv\/lt\/wp-json\/wp\/v2\/product"}],"about":[{"href":"https:\/\/vevorshop.lv\/lt\/wp-json\/wp\/v2\/types\/product"}],"replies":[{"embeddable":true,"href":"https:\/\/vevorshop.lv\/lt\/wp-json\/wp\/v2\/comments?post=54427"}],"wp:featuredmedia":[{"embeddable":true,"href":"https:\/\/vevorshop.lv\/lt\/wp-json\/wp\/v2\/media\/338380"}],"wp:attachment":[{"href":"https:\/\/vevorshop.lv\/lt\/wp-json\/wp\/v2\/media?parent=54427"}],"wp:term":[{"taxonomy":"location","embeddable":true,"href":"https:\/\/vevorshop.lv\/lt\/wp-json\/wp\/v2\/location?post=54427"},{"taxonomy":"product_brand","embeddable":true,"href":"https:\/\/vevorshop.lv\/lt\/wp-json\/wp\/v2\/product_brand?post=54427"},{"taxonomy":"product_cat","embeddable":true,"href":"https:\/\/vevorshop.lv\/lt\/wp-json\/wp\/v2\/product_cat?post=54427"},{"taxonomy":"product_tag","embeddable":true,"href":"https:\/\/vevorshop.lv\/lt\/wp-json\/wp\/v2\/product_tag?post=54427"}],"curies":[{"name":"wp","href":"https:\/\/api.w.org\/{rel}","templated":true}]}}