{"id":54515,"date":"2024-11-20T01:51:25","date_gmt":"2024-11-20T01:51:25","guid":{"rendered":"http:\/\/vevorshop.edigo.lv\/Prece\/vevor-electric-hoist-crane-winch-2200-lbs-328-ft-wireless-14-ft-wired-remote\/"},"modified":"2026-05-04T22:36:29","modified_gmt":"2026-05-04T19:36:29","slug":"vevor-electric-hoist-crane-winch-2200-lbs-328-ft-wireless-14-ft-wired-remote","status":"publish","type":"product","link":"https:\/\/vevorshop.lv\/lt\/Prece\/vevor-elektrinis-keltuvas-kranas-gerve-2200-svaru-328-pedu-belaidzio-14-pedu-laidinio-nuotolinio\/","title":{"rendered":"VEVOR Elektrinis Keltuvas 1000 kg, 100 m Belaidis ir 4.2 m Laidinis Valdymas, Tinka Gara\u017eams ir Dirbtuv\u0117ms"},"content":{"rendered":"<div style=\"color: #fff!important; font-size: 16px; height: 24px; line-height: 24px; margin-top: -24px; \" class=\"product_original_name\">VEVOR elektrinio keltuvo krano gerv\u0117 997,9 kg 9997,4 cm belaid\u0117 ir 426,7 cm laidin\u0117 nuotolinio valdymo pultas<\/div>\n<div style=\"color: #fff!important; font-size: 16px; height: 24px; line-height: 24px; margin-top: -24px; \" class=\"product_sku\">M4I4M99Z<\/div>\n<div style=\"color: #fff!important; font-size: 16px; height: 24px; line-height: 24px; margin-top: -24px; \" class=\"product_mpn\">DDGSSHLYXWXSTO5XWV2<\/div><div id=\"js-DM_at-goodDescRich\"><html><head><style>  body {    font-family: Arial;    line-height: 1.5;    color: #1c1c1c;    overflow-x: hidden;    margin: 0;    padding: 0;  }  .MsoNormal b {    font-weight: bolder;  }<\/style><style>  .container.small {    width: 970px;    margin: 0 auto;  }  .logo {    margin: 0 auto 0;  }  .logo img {    display: block;    margin: 0 auto;    max-width: 100%;  }  .logo .pc-banner {    display: block;    width: 1200px;    height: 247.4px;    margin: 0 auto;  }  .logo .pc-banner.small {    width: 970px;  }  .logo .pc-banner.small img {    height: auto!important;  }  .logo .m-banner {    display: none;  }  .ytvideo {    position: relative;    height: 546px;    width: 100%;    margin: 0 auto;  }  .ytvideo img {    width: 100%;    margin: 0 auto;  }  .ytvideo .play-btn {    width: 60px;    height: 42px;    position: absolute;    top: 50%;    left: 50%;    transform: translate(-50%, -50%);    background: url(\"data:image\/png;base64,iVBORw0KGgoAAAANSUhEUgAAAGQAAABGCAMAAAANWMFbAAAC+lBMVEUAAADBGB3kLCfBGB3kLCfcJC7BFx3KKSbiKybkLCbWJCPSIiLSIiLPICHAFx3kLCfgKSXNHiDZJiTIGx\/p4eHcjo7LHSDbJyTkLCbjKyfOHyHPIiL28fHJHB\/GGh7EGR7eKCXDGB3RISHlLSbBGB3AFxzGHB7DGB7BGB3hKybkKybAFx3lLCfAFxzDGR3hKibDGB7cJyTmz8\/elJTlwcHjurrUIyLlLSflLSfAFx3DGR7lLSfCFx3hKibhKibhKybjKybkLCblLSfbJSX49vbx7e3NNzjNMTLMJyjVIyLZf3\/ZQ0LaeHjx0tLgoqLkLCfCGB3HGx\/BGB3BFx3PICHCGB7WJCLOHyC\/Fxy\/Fx3lLCfQISHkLSe\/FxzbJiTBFx3FGx\/AGB7BFx3EGR7AGB3HHSDfKiXAFh3TISHYNzbhKibbJyTTIiL57e325+f039\/v2NjUV1fOHiHiqanfmprch4feKSXVIyPOICHmLibFGh\/mLSe\/Fx7XJCPeKSXXJSPNHyHaJyTGGh7lLCbmLCflLSjSIiLkLCbdKSXLHiC\/GB3KHh++Fh3lKyfoLiXcKCPkx8fYb2\/XaGfVXl3aU1LLHiDksbHgKibPICHbJyTfKSXbJyTCGB3KHSDiKybFGh7TIiL\/\/\/\/VIyPRISHIHB\/GGx\/HHB\/DGR7gKibdKCXLHiDZJiTMHiDNHyHYJSTOICHPICHWJCPcKCXXJSPjLCblLCf+\/f3NGR\/uLijzLynPGR\/IGB7WISHaIyLLGh7UAADxLynNAADRLzDbICLQAADIAAD3MCrUHSHXMTDpKSbLAADp5OTij4\/ejo\/VLy\/1LyngJSTcJCPQHx\/OHB7+\/PzaMS\/OLS\/vLijrLSjSAADaNTPwLyjkKSbNJCbYISHPHB\/KGB7WAAD7+vrn3d3aKynTKCjoLCfsKifRGh\/YAADq5+fhjo7QNDXXKCfmJyXt5+fTLzDLLi\/QKivYHRvMGBrQJCXLISPMExXLDxLaEAvkkI\/bOTfaFQ\/SCgpvLcnHAAAAmnRSTlMA+vv7+gT9Bvf9+8z8\/NSv\/Pr5+P7++vnQIBMP\/v38\/Pn348XDiCYf9OjbzcqxXVcx\/fz8+\/rj1r2poo1+fXFqX0orGP7+\/v7+\/fz8+\/r68uzn4trIxsG\/vri3p6GcmZSNbWVYUUZEPQv+\/f39+\/v7+\/v7+vr64tvV1NTTz87FtbSurqeblJKFg4B3bUY+NjL7+\/v7+\/v67t1cDo8JLQAABkRJREFUWMO0kz9rwkAYh0OIeJkum6YugUAhISCdKoj\/P4C7SMdS+gEKIhSKil10LSg4mzXkILdlEpxCpwTiWOLX6BujvQaEQuGeHLnL+\/64J+SIcKGYTYWnntpdLjrVdqvZmNdn0+EE40GtpuuWVS6Xx6N7YDSGpWXpeq02wHgynM7q80az1a52HpddtVcpsi1zFARBrdaxbhp9iUReTGmwA4KAAr7vx3EYejnCMI6hQYEgy0LQi4jUN0wL19vqFcUC9\/1dAKmEEFkWRYkh5oBejnxQJiSJPJ\/uKBp0Thszx9Mw8hMRIQjKsptCfuES9zr5WJY6vSFCIvE9fCMUmEM1A1kSXcYGxgVYsvI1IPKTZciSTI0us\/SMGG04gDzELDoFBwdcFJrF88dqgYMTiL6DILWYyfOWE8\/kIz38olCNlC03FK95+imxp6y4oUSvAnBjHHhKNtotSDqJzVFiK8c2SBqhZtsrTtgrLXwAyduxZHNE26eHUt5rtuM4WSmds3G+sUdWYo1L+XyxButoh5eKUHk5lByO3G1LqqCWVnfrv\/lyPtf\/4ps1cndNGIri8J1TJ0lx6dR\/oPjq1nbRwdp2dCk4CtIOLW3pVKRL6WZfS5vF2KkIQhpwSsjiYIgNCs1gEMGqiIq24NQX9NwoXFy8Ufrl3twTcg4fv8T9\/JBEySduj6Mjm4bMzYV7EEOxKjjoNDud7yY3Dy71Hq2oLmqfbNR723edH9PgMrNL2utoQ3VmaIDkiw\/4w51P06hlZsTZvkRrbVuSIs\/zwSOsycgzStQouoAkWQqioRT5XI7n2Z1wfVhoZmcAJLsoqjqpjbWCgpOAJXBwHK8PzWbNvoUZJND5wCnSkLAkZ1legx6vqQzjoiTahKlGUGLAiIIoABOHaNVw4sexZBym6\/HWlH5h3IC7yRbxtipcWxdTOkORKiNQAEkFf66x5S2oeRbroOlLgg0sSYkR0hRGEqJZ0jTPiQKatESdBckpWigxaapEH0lImHdWu9pUFF2XqMNM2Z4kped7IwEJw2qabwtrQqnpw6HyKkgcadKWsmpywwesDyIhYRpdzXddqegtGIJlXbAIUMOLkGxJUjRIkokwjUaX9d\/kK62ps\/tYUqZLIMkLTyBhsMZ3C5Z\/kDxOSCb\/DOs\/\/J0qcWSX\/2ipe56EgTCA4\/cB7NAYOsni4mZM1MUPAISoEwkDi4lhVBQ1cWQyIcwalw4EpqZN68JUSK7XC0kTlkLYii5uXSC8jT5ncCAS7mjCv0uHp\/3lueHEEAeQ\/\/VgmdN71\/2uCSA1Xr6DO6uI6sW56zqT2tp2PhgiRUAajV8CY2fkcz6WGNKMgLAt7tJAhD4YHMTeRxlALE6+43WqjSWi8ITxyJl8WrwWSNESQZZOqhDDntO3hJLsd5RtSpbJqdv3YrDJH3F7jL1R2O2aQkn2MyCyKYz0GPGIvSAMgBCrCEiJyKbBaYGwLW4uPRr0A0M4Ux5kUI7IBh+hMdiCEWNqhMZGyYMsOgNE58UQuEQeUnSWCMYwL54hkxK6IoqucQZbQ3pc3XtL0lky1dL0zZJJDpWJovFqpWj6JEHnyam2eQp5QRVAVHjWparTOaVwUOx99YS2MvgxIGV0bb+qIg2HX2qkFFJB+XZcbLiuRkuxD9GRroKyveLxdh4d7Orx+hb7qc3uVRuEogCOnyIxm4ubUoPgF4jianDrC+SDQDKEfJb0GUKmjCGPYHGJvVC6X4hw1\/sAfQAdfYyephIaspXe36RwOP+Ljvfx9B6B3i+Nk0DGq+oCbLn6JpBa9nWAveAIHwFAwtVcIJXPMPL8kRu5OAYPMaL1WScTxjiZDqB9LTJSWphow\/pTYKRTLjCBhvi9iBidvKcDasGSm0QQkycYuLBqj6QCELPctqChDWpTRMWkngNNpQ1Pfp1KkiT\/Y0DGffXAweUNfLAfaJFKDwhb6I+bkYRbkERoEeu3Fyjg2opMz2daZCS9jt6Q7txNfB+OZEVF6Zl5web2xunnLQrtrjXseXKaFYziYINeMFZVxS9VxRhOoesYwxPKXm+gWLG9cuFeq93UNNeJNsf1KlwuDok9n02n3TgIJpOxNfL9naIoQwXtfH9kjceTIIi709ncTg6LZbg+biLH1V6u\/7rxBem06VXKn9raAAAAAElFTkSuQmCC\")      no-repeat center center \/ contain;  }  @media screen and (max-width: 960px) and (orientation: portrait) {    .logo {      width: 100%;    }    .logo .pc-banner {      display: none;    }    .logo .m-banner {      display: block;      width: 100%;    }    .logo .m-banner img {      height: auto!important;    }    .ytvideo {      height: 200px;      width: 100%;    }  }<\/style><style>  .video-section {    width: 100%;    margin: 0 auto;  }  .video-section > img {    width: 100%;  }  .video-section iframe,  .video-section video {    width: 100%;    height: 100%;      }  .video-section-img-m,  .video-section-img-pc > img {    width: 100%;    height: auto;  }  .video-section-img-pc.small > img {    width: 970px;  }  .video-desc {    line-height: 1.5;    font-size: 20px;    font-weight: 400;    margin: 20px 0;    text-align: center;    color: #0f1111;    word-break: break-word;  }  @media screen and (max-width: 960px) and (orientation: portrait) {    .video-section {      width: 100%;    }    .video-section-pc,    .video-section-img-pc {      display: none;    }    .video-section-m,    .video-section-img-m {      display: block;    }    .video-desc {      font-size: 15px;    }  }  @media screen and (min-width: 960px) {    .video-section {      width: 100%;      margin: 0 auto;    }    .video-section-pc,    .video-section-img-pc {      display: block;    }    .video-section-m,    .video-section-img-m {      display: none;    }    .video-desc {      font-size: 20px;    }  }<\/style><style>  .section + .section {    margin-top: 35px;  }  .section-title {    text-align: center;    font-weight: bold;    color: #0d1111;    font-family: \"Arial\";    font-size: 32px;    margin: 15px 0;  }  .section-title:empty {    display: none;  }  .section-desc {    text-align: center;    font-weight: normal;    color: #0d1111;    margin-top: 20px;  }  .section-desc:empty {    display: none;  }  .section-img {    width: 1200px;    height: 492px;    margin: 0 auto;    display: block;  }  .section-img.small {    width: 970px;    height: auto;  }  .section-img.small > img {    height: auto;  }  .section-img > img {    width: 100%;    height: 100%;  }  .section-mobile-img {    display: none;    max-width: 100vw;    max-height: 75vw;    height: 450px;    margin: 0 auto;  }  .section-mobile-img > img {    width: 100%;    height: 100%;  }  @media screen and (max-width: 960px) and (orientation: portrait) {    .container {      width: 100%;    }    .container.small {      width: 100%;    }    .section-mobile-img {      display: block;    }    .section-img {      display: none;    }    .section-title {      font-size: 22px;      margin: 10px 0;    }    .section-desc {      margin-top: 10px;    }    .section + .section {      margin-top: 20px;    }  }<\/style><\/head><body><div class=\"container\"><div class=\"logo\"><div class=\"pc-banner\"><div><img decoding=\"async\" src=\"\/vevor\/vevor\/boutique-banner\/pc\/en-pc@1x.jpg\" style=\"width: 100%;\" \/><\/div><\/div><div class=\"m-banner\"><div><img decoding=\"async\" src=\"\/vevor\/vevor\/boutique-banner\/mobile\/en-m@1x.jpg\" style=\"width: 100%;\" \/><\/div><\/div><\/div><div class=\"section-title\">VEVOR Elektrinis Keltuvas \u2013 Liftas J\u016bs\u0173 Krovinius Joki\u0173 Pastang\u0173<\/div><div class=\"video-section\"><div class=\"video-section-img-pc\"><img decoding=\"async\" src=\"\/vevor\/product\/DDGSSHLYXWXSTO5XW\/electric-hoist-a100-1.4.jpg\" \/><\/div><div class=\"video-section-img-m\"><img decoding=\"async\" src=\"\/vevor\/product\/DDGSSHLYXWXSTO5XW\/electric-hoist-a100-1.4-m.jpg\" \/><\/div><div class=\"section-desc\">\u012erengtas patikimas oru au\u0161inamas variklis, \u0161is elektrinis keltuvas leid\u017eia lengvai ir nuosekliai pakelti Jo au\u0161inimo sistema ir ventiliatorius padeda i\u0161vengti perkaitimo, tod\u0117l be kablio galite dirbti ilgiau.<\/div><\/div><div class=\"section\"><div class=\"section-title\"><\/div><div class=\"section-img\"><img decoding=\"async\" src=\"\/vevor\/product\/DDGSSHLYXWXSTO5XW\/electric-hoist-a100-2.2.jpg\" \/><\/div><div class=\"section-mobile-img\"><img decoding=\"async\" src=\"\/vevor\/product\/DDGSSHLYXWXSTO5XW\/electric-hoist-a100-2.2-m.jpg\" \/><\/div><div class=\"section-desc\">Reikia grei\u010dio ar j\u0117gos? Pereiti nuo vieno kabelio re\u017eim\u0105 grei\u010diau keltuvai su lengvesni krovinius, arba dukart kabelio re\u017eimas, skirtas sunkesni\u0173 viet\u0173. M\u016bs\u0173 elektrin\u0117 gerv\u0117 yra pastatytas rankena, ko jums mesti \u012f j\u012f.<\/div><\/div><div class=\"section\"><div class=\"section-title\"><\/div><div class=\"section-img\"><img decoding=\"async\" src=\"\/vevor\/product\/DDGSSHLYXWXSTO5XW\/electric-hoist-a100-2.3.jpg\" \/><\/div><div class=\"section-mobile-img\"><img decoding=\"async\" src=\"\/vevor\/product\/DDGSSHLYXWXSTO5XW\/electric-hoist-a100-2.3-m.jpg\" \/><\/div><div class=\"section-desc\">Nesvarbu, ar esate arti, ar toli, \u0161is lub\u0173 keltuvas yra padengtas tiek laidiniu, tiek belaid\u017eiu valdymu. su belaid\u017eiu diapazonu iki 328 p\u0117d\u0173 (100 m) ir avarinio sustabdymo jungikliu, turite ramyb\u0119 ir lankstum\u0105, kad darbas b\u016bt\u0173 atliktas teisingai.<\/div><\/div><div class=\"section\"><div class=\"section-title\"><\/div><div class=\"section-img\"><img decoding=\"async\" src=\"\/vevor\/product\/DDGSSHLYXWXSTO5XW\/electric-hoist-a100-2.4.jpg\" \/><\/div><div class=\"section-mobile-img\"><img decoding=\"async\" src=\"\/vevor\/product\/DDGSSHLYXWXSTO5XW\/electric-hoist-a100-2.4-m.jpg\" \/><\/div><div class=\"section-desc\">Pagaminti i\u0161 tvirtos legiruotojo plieno ir padengtas plieno kabelis, m\u016bs\u0173 gara\u017eas keltuvo yra apie stabilum\u0105. Storas laidas ir anti-i\u0161vertimo dizainas rei\u0161kia, jis gali dirbti sunkius krovinius saugiai, o perkaitimo apsauga nuolat viskas veikia skland\u017eiai.<\/div><\/div><div class=\"section\"><div class=\"section-title\"><\/div><div class=\"section-img\"><img decoding=\"async\" src=\"\/vevor\/product\/DDGSSHLYXWXSTO5XW\/electric-hoist-a100-2.5.jpg\" \/><\/div><div class=\"section-mobile-img\"><img decoding=\"async\" src=\"\/vevor\/product\/DDGSSHLYXWXSTO5XW\/electric-hoist-a100-2.5-m.jpg\" \/><\/div><div class=\"section-desc\">Nesvarbu, ar dirbate savo gara\u017ee, sand\u0117lyje ar dirbtuv\u0117se, \u0161is elektros kabeli\u0173 keltuvas prisitaiko prie \u012fvairi\u0173 u\u017eduo\u010di\u0173, tod\u0117l yra idealus \u012frankis bet kokiam projektui.<\/div><\/div><div class=\"section\"><div class=\"section-img\"><img decoding=\"async\" src=\"\/vevor\/product\/DDGSSHLYXWXSTO5XW\/electric-hoist-a100-1.11.jpg\" \/><\/div><div class=\"section-mobile-img\"><img decoding=\"async\" src=\"\/vevor\/product\/DDGSSHLYXWXSTO5XW\/electric-hoist-a100-1.11-m.jpg\" \/><\/div><\/div><\/div><\/body><\/html><\/div>\n<div class=\"DM_at-title\" id=\"js-DM_at-title\"> <div>Produkto specifikacija<\/div> <i class=\"icon-arrowup_line\"><\/i> <\/div><div class=\"DM_at-goodsDescAttr\" id=\"js-DM_at-goodsDescAttr\"> <div class=\"DM_at-goodsDescAttrInner\"> <dl class=\"goodsDesc_item goodsDesc_item_even\"> <dt>Prek\u0117s Modelio Numeris<\/dt> <dd> PA1000<\/dd> <\/dl> <dl class=\"goodsDesc_item\"> <dt>Vien\u0105 Laid\u0105, K\u0117limo Auk\u0161tis<\/dt> <dd> 40 p\u0117d\u0173\/12 m<\/dd> <\/dl> <dl class=\"goodsDesc_item goodsDesc_item_even\"> <dt>Dvigubas Kabelis, K\u0117limo Auk\u0161tis<\/dt> <dd> 20 ft\/6 m<\/dd> <\/dl> <dl class=\"goodsDesc_item\"> <dt>Vien\u0105 Laid\u0105, K\u0117limo Apkrova<\/dt> <dd> 1100 \u00a3 \/500 kg<\/dd> <\/dl> <dl class=\"goodsDesc_item goodsDesc_item_even\"> <dt>Dvigubas Kabelis, K\u0117limo Apkrova<\/dt> <dd> 2200 \u00a3 \/1000 kg<\/dd> <\/dl> <dl class=\"goodsDesc_item\"> <dt>Vienu Kabeliu K\u0117limo Greitis<\/dt> <dd> 28.8 ft\/min (8.8 m\/min)<\/dd> <\/dl> <dl class=\"goodsDesc_item goodsDesc_item_even\"> <dt>Dvigubas Kabelis K\u0117limo Greitis<\/dt> <dd> 14.4 ft\/min (4.4 m\/min)<\/dd> <\/dl> <dl class=\"goodsDesc_item\"> <dt>Valdymo Re\u017eimas<\/dt> <dd> Belaid\u017eio + Laidinio Dvigubas Valdymas<\/dd> <\/dl> <dl class=\"goodsDesc_item goodsDesc_item_even\"> <dt>Viengubo Ir Dvigubo Laido Kablys<\/dt> <dd> Taip<\/dd> <\/dl> <dl class=\"goodsDesc_item\"> <dt>Gaminio Dydis<\/dt> <dd> 18.90 x 6.50 x 10.24 \u012f\/480 x 165 x 260 mm<\/dd> <\/dl> <dl class=\"goodsDesc_item goodsDesc_item_even\"> <dt>Produkto Svoris<\/dt> <dd> 58.42 svar\u0173\/26.5 kg<\/dd> <\/dl> <\/div> <\/div>","protected":false},"excerpt":{"rendered":"<ul>\n<li> 2200 kg Keliamoji galia: \u0160is elektrinis keltuvas gali lengvai pakelti ma\u017ei varikliai, transmisijos, didelis dirbtuvi\u0173 \u012frankiai, ar tiesimo reikmenys. K\u0117limo Apkrova: 1100 svar\u0173\/500 kg (Vieno Laido), 2200 \u00a3 \/1000 kg (Dvigubas Kabelis). <\/li>\n<li> Galingas Variklis: Auk\u0161tos kokyb\u0117s variklis suteikia stipri\u0105 gali\u0105, kuri gali atlaikyti dideles j\u0117gas, nesukeliant elektrin\u0117s gerv\u0117s deformacijos Be to, didelis au\u0161inimo ventiliatorius gali greitai atv\u0117sinti ma\u0161in\u0105, kad b\u016bt\u0173 i\u0161vengta perkaitimo Tod\u0117l \u0161is galingas variklis u\u017etikrina efektyv\u0173 veikim\u0105 ir taupo daugiau laiko ir energijos. <\/li>\n<li> Patogus \u012ediegti: M\u016bs\u0173 gara\u017eas, keltuvas gali b\u016bti tiesiogiai pakabinti ant lub\u0173, naudojant metalo arba kietos medin\u0117s juostel\u0117s. Be to, ji yra \u012frengta su avarinio stabdymo jungiklis ir elektromagnetini\u0173 stabd\u017ei\u0173 sistema, kad b\u016bt\u0173 i\u0161vengta ne\u012fprastos stumdomas. <\/li>\n<li> Dvigubos Kontrol\u0117s Funkcijos: Su tiek laidini\u0173 ir bevieli\u0173 pulteli\u0173, \u0161i riba liftas kelia jums u\u017e. Laidinio nuotolinio pasiekia 14 p\u0117d\u0173 (4.2 m), o belaid\u017eio vienas leid\u017eia jums dirbti iki 328 p\u0117d\u0173 (100 m) atstumu. Ji suteikia didel\u012f jungiklio funkcija, kuri leid\u017eia viena ranka operacijos, liftas, \u017eemesnis, vieta ir \u012franga. <\/li>\n<li> Keli Naudoja: Tai elektros kabeli\u0173 keltuvas yra pla\u010diai naudojamas gara\u017euose, gamyklos, sand\u0117liai, ir \u0161eimoms, taip pat kaip ir profesionalai, ir m\u0117g\u0117jai. Jis tinka remontas laiv\u0173, automobili\u0173, vejapjov\u0117s, golfo ve\u017eim\u0117liai, nam\u0173 dekoro, varikli\u0173, akmenis, med\u017eius ir kt. <\/li>\n<\/ul>","protected":false},"featured_media":338764,"comment_status":"closed","ping_status":"open","template":"","meta":{"om_disable_all_campaigns":false,"_uf_show_specific_survey":0,"_uf_disable_surveys":false},"location":[1935,1934],"product_brand":[21],"product_cat":[133,2893,2666,2462],"product_tag":[],"class_list":{"0":"post-54515","1":"product","2":"type-product","3":"status-publish","4":"has-post-thumbnail","6":"location-supplier_stock_location","7":"location-local_stock_location","8":"product_brand-vevor","9":"product_cat-automotive","10":"product_cat-electric-cable-hoist","11":"product_cat-engine-hoists","12":"product_cat-shop-equipment","14":"first","15":"outofstock","16":"taxable","17":"shipping-taxable","18":"purchasable","19":"product-type-simple"},"aioseo_notices":[],"locations":[{"id":1935,"name":"Pieg\u0101d\u0101t\u0101ja noliktav\u0101 (5-7d.d.)","slug":"supplier_stock_location","quantity":"0"},{"id":1934,"name":"R\u012bgas veikal\u0101 (0-2d.d.)","slug":"local_stock_location","quantity":"0"}],"_links":{"self":[{"href":"https:\/\/vevorshop.lv\/lt\/wp-json\/wp\/v2\/product\/54515","targetHints":{"allow":["GET"]}}],"collection":[{"href":"https:\/\/vevorshop.lv\/lt\/wp-json\/wp\/v2\/product"}],"about":[{"href":"https:\/\/vevorshop.lv\/lt\/wp-json\/wp\/v2\/types\/product"}],"replies":[{"embeddable":true,"href":"https:\/\/vevorshop.lv\/lt\/wp-json\/wp\/v2\/comments?post=54515"}],"wp:featuredmedia":[{"embeddable":true,"href":"https:\/\/vevorshop.lv\/lt\/wp-json\/wp\/v2\/media\/338764"}],"wp:attachment":[{"href":"https:\/\/vevorshop.lv\/lt\/wp-json\/wp\/v2\/media?parent=54515"}],"wp:term":[{"taxonomy":"location","embeddable":true,"href":"https:\/\/vevorshop.lv\/lt\/wp-json\/wp\/v2\/location?post=54515"},{"taxonomy":"product_brand","embeddable":true,"href":"https:\/\/vevorshop.lv\/lt\/wp-json\/wp\/v2\/product_brand?post=54515"},{"taxonomy":"product_cat","embeddable":true,"href":"https:\/\/vevorshop.lv\/lt\/wp-json\/wp\/v2\/product_cat?post=54515"},{"taxonomy":"product_tag","embeddable":true,"href":"https:\/\/vevorshop.lv\/lt\/wp-json\/wp\/v2\/product_tag?post=54515"}],"curies":[{"name":"wp","href":"https:\/\/api.w.org\/{rel}","templated":true}]}}