{"id":55089,"date":"2024-11-20T02:48:04","date_gmt":"2024-11-20T02:48:04","guid":{"rendered":"http:\/\/vevorshop.edigo.lv\/Prece\/vevor-electric-heated-foot-warmer-soft-flannel-foot-heating-pad-21-5-x-19-0\/"},"modified":"2026-04-19T23:51:35","modified_gmt":"2026-04-19T20:51:35","slug":"vevor-electric-heated-foot-warmer-soft-flannel-foot-heating-pad-21-5-x-19-0","status":"publish","type":"product","link":"https:\/\/vevorshop.lv\/lt\/Prece\/vevor-elektrinis-sildomas-pedu-sildytuvas-minkstas-flanelinis-pedu-sildymo-padas-21-5-x-19-0\/","title":{"rendered":"VEVOR elektrinis p\u0117d\u0173 \u0161ildytuvas 54x48cm, 6 kaitinimo lygiai, laikmatis, mink\u0161tas flanelis, skalbiamas, lovai, biurui, skausmo mal\u0161inimui"},"content":{"rendered":"<div style=\"color: #fff!important; font-size: 16px; height: 24px; line-height: 24px; margin-top: -24px; \" class=\"product_original_name\">VEVOR Elektrinis \u0161ildomas p\u0117d\u0173 \u0161ildytuvas, itin mink\u0161tas flanelinis p\u0117d\u0173 \u0161ildymo padas su laikma\u010diu ir 6 \u0161ilumos lygiais lovos biurui po stalu, 21,5 \"x 19,0\" dideli\u0173 p\u0117d\u0173 \u0161iltesnio \u012frenginio, kur\u012f galima plauti nugarai, juosmeniui, pilvui<\/div>\n<div style=\"color: #fff!important; font-size: 16px; height: 24px; line-height: 24px; margin-top: -24px; \" class=\"product_sku\">M4I4MB7Y<\/div>\n<div style=\"color: #fff!important; font-size: 16px; height: 24px; line-height: 24px; margin-top: -24px; \" class=\"product_mpn\">KDSNJQDCJRKDFMHBEV2<\/div><div id=\"js-DM_at-goodDescRich\"><html><head><style>  body {    font-family: Arial;    line-height: 1.5;    color: #1c1c1c;    overflow-x: hidden;    margin: 0;    padding: 0;  }  .MsoNormal b {    font-weight: bolder;  }<\/style><style>  .container.small {    width: 970px;    margin: 0 auto;  }  .logo {    margin: 0 auto 0;  }  .logo img {    display: block;    margin: 0 auto;    max-width: 100%;  }  .logo .pc-banner {    display: block;    width: 1200px;    height: 247.4px;    margin: 0 auto;  }  .logo .pc-banner.small {    width: 970px;  }  .logo .pc-banner.small img {    height: auto!important;  }  .logo .m-banner {    display: none;  }  .ytvideo {    position: relative;    height: 546px;    width: 100%;    margin: 0 auto;  }  .ytvideo img {    width: 100%;    margin: 0 auto;  }  .ytvideo .play-btn {    width: 60px;    height: 42px;    position: absolute;    top: 50%;    left: 50%;    transform: translate(-50%, -50%);    background: url(\"data:image\/png;base64,iVBORw0KGgoAAAANSUhEUgAAAGQAAABGCAMAAAANWMFbAAAC+lBMVEUAAADBGB3kLCfBGB3kLCfcJC7BFx3KKSbiKybkLCbWJCPSIiLSIiLPICHAFx3kLCfgKSXNHiDZJiTIGx\/p4eHcjo7LHSDbJyTkLCbjKyfOHyHPIiL28fHJHB\/GGh7EGR7eKCXDGB3RISHlLSbBGB3AFxzGHB7DGB7BGB3hKybkKybAFx3lLCfAFxzDGR3hKibDGB7cJyTmz8\/elJTlwcHjurrUIyLlLSflLSfAFx3DGR7lLSfCFx3hKibhKibhKybjKybkLCblLSfbJSX49vbx7e3NNzjNMTLMJyjVIyLZf3\/ZQ0LaeHjx0tLgoqLkLCfCGB3HGx\/BGB3BFx3PICHCGB7WJCLOHyC\/Fxy\/Fx3lLCfQISHkLSe\/FxzbJiTBFx3FGx\/AGB7BFx3EGR7AGB3HHSDfKiXAFh3TISHYNzbhKibbJyTTIiL57e325+f039\/v2NjUV1fOHiHiqanfmprch4feKSXVIyPOICHmLibFGh\/mLSe\/Fx7XJCPeKSXXJSPNHyHaJyTGGh7lLCbmLCflLSjSIiLkLCbdKSXLHiC\/GB3KHh++Fh3lKyfoLiXcKCPkx8fYb2\/XaGfVXl3aU1LLHiDksbHgKibPICHbJyTfKSXbJyTCGB3KHSDiKybFGh7TIiL\/\/\/\/VIyPRISHIHB\/GGx\/HHB\/DGR7gKibdKCXLHiDZJiTMHiDNHyHYJSTOICHPICHWJCPcKCXXJSPjLCblLCf+\/f3NGR\/uLijzLynPGR\/IGB7WISHaIyLLGh7UAADxLynNAADRLzDbICLQAADIAAD3MCrUHSHXMTDpKSbLAADp5OTij4\/ejo\/VLy\/1LyngJSTcJCPQHx\/OHB7+\/PzaMS\/OLS\/vLijrLSjSAADaNTPwLyjkKSbNJCbYISHPHB\/KGB7WAAD7+vrn3d3aKynTKCjoLCfsKifRGh\/YAADq5+fhjo7QNDXXKCfmJyXt5+fTLzDLLi\/QKivYHRvMGBrQJCXLISPMExXLDxLaEAvkkI\/bOTfaFQ\/SCgpvLcnHAAAAmnRSTlMA+vv7+gT9Bvf9+8z8\/NSv\/Pr5+P7++vnQIBMP\/v38\/Pn348XDiCYf9OjbzcqxXVcx\/fz8+\/rj1r2poo1+fXFqX0orGP7+\/v7+\/fz8+\/r68uzn4trIxsG\/vri3p6GcmZSNbWVYUUZEPQv+\/f39+\/v7+\/v7+vr64tvV1NTTz87FtbSurqeblJKFg4B3bUY+NjL7+\/v7+\/v67t1cDo8JLQAABkRJREFUWMO0kz9rwkAYh0OIeJkum6YugUAhISCdKoj\/P4C7SMdS+gEKIhSKil10LSg4mzXkILdlEpxCpwTiWOLX6BujvQaEQuGeHLnL+\/64J+SIcKGYTYWnntpdLjrVdqvZmNdn0+EE40GtpuuWVS6Xx6N7YDSGpWXpeq02wHgynM7q80az1a52HpddtVcpsi1zFARBrdaxbhp9iUReTGmwA4KAAr7vx3EYejnCMI6hQYEgy0LQi4jUN0wL19vqFcUC9\/1dAKmEEFkWRYkh5oBejnxQJiSJPJ\/uKBp0Thszx9Mw8hMRIQjKsptCfuES9zr5WJY6vSFCIvE9fCMUmEM1A1kSXcYGxgVYsvI1IPKTZciSTI0us\/SMGG04gDzELDoFBwdcFJrF88dqgYMTiL6DILWYyfOWE8\/kIz38olCNlC03FK95+imxp6y4oUSvAnBjHHhKNtotSDqJzVFiK8c2SBqhZtsrTtgrLXwAyduxZHNE26eHUt5rtuM4WSmds3G+sUdWYo1L+XyxButoh5eKUHk5lByO3G1LqqCWVnfrv\/lyPtf\/4ps1cndNGIri8J1TJ0lx6dR\/oPjq1nbRwdp2dCk4CtIOLW3pVKRL6WZfS5vF2KkIQhpwSsjiYIgNCs1gEMGqiIq24NQX9NwoXFy8Ufrl3twTcg4fv8T9\/JBEySduj6Mjm4bMzYV7EEOxKjjoNDud7yY3Dy71Hq2oLmqfbNR723edH9PgMrNL2utoQ3VmaIDkiw\/4w51P06hlZsTZvkRrbVuSIs\/zwSOsycgzStQouoAkWQqioRT5XI7n2Z1wfVhoZmcAJLsoqjqpjbWCgpOAJXBwHK8PzWbNvoUZJND5wCnSkLAkZ1legx6vqQzjoiTahKlGUGLAiIIoABOHaNVw4sexZBym6\/HWlH5h3IC7yRbxtipcWxdTOkORKiNQAEkFf66x5S2oeRbroOlLgg0sSYkR0hRGEqJZ0jTPiQKatESdBckpWigxaapEH0lImHdWu9pUFF2XqMNM2Z4kped7IwEJw2qabwtrQqnpw6HyKkgcadKWsmpywwesDyIhYRpdzXddqegtGIJlXbAIUMOLkGxJUjRIkokwjUaX9d\/kK62ps\/tYUqZLIMkLTyBhsMZ3C5Z\/kDxOSCb\/DOs\/\/J0qcWSX\/2ipe56EgTCA4\/cB7NAYOsni4mZM1MUPAISoEwkDi4lhVBQ1cWQyIcwalw4EpqZN68JUSK7XC0kTlkLYii5uXSC8jT5ncCAS7mjCv0uHp\/3lueHEEAeQ\/\/VgmdN71\/2uCSA1Xr6DO6uI6sW56zqT2tp2PhgiRUAajV8CY2fkcz6WGNKMgLAt7tJAhD4YHMTeRxlALE6+43WqjSWi8ITxyJl8WrwWSNESQZZOqhDDntO3hJLsd5RtSpbJqdv3YrDJH3F7jL1R2O2aQkn2MyCyKYz0GPGIvSAMgBCrCEiJyKbBaYGwLW4uPRr0A0M4Ux5kUI7IBh+hMdiCEWNqhMZGyYMsOgNE58UQuEQeUnSWCMYwL54hkxK6IoqucQZbQ3pc3XtL0lky1dL0zZJJDpWJovFqpWj6JEHnyam2eQp5QRVAVHjWparTOaVwUOx99YS2MvgxIGV0bb+qIg2HX2qkFFJB+XZcbLiuRkuxD9GRroKyveLxdh4d7Orx+hb7qc3uVRuEogCOnyIxm4ubUoPgF4jianDrC+SDQDKEfJb0GUKmjCGPYHGJvVC6X4hw1\/sAfQAdfYyephIaspXe36RwOP+Ljvfx9B6B3i+Nk0DGq+oCbLn6JpBa9nWAveAIHwFAwtVcIJXPMPL8kRu5OAYPMaL1WScTxjiZDqB9LTJSWphow\/pTYKRTLjCBhvi9iBidvKcDasGSm0QQkycYuLBqj6QCELPctqChDWpTRMWkngNNpQ1Pfp1KkiT\/Y0DGffXAweUNfLAfaJFKDwhb6I+bkYRbkERoEeu3Fyjg2opMz2daZCS9jt6Q7txNfB+OZEVF6Zl5web2xunnLQrtrjXseXKaFYziYINeMFZVxS9VxRhOoesYwxPKXm+gWLG9cuFeq93UNNeJNsf1KlwuDok9n02n3TgIJpOxNfL9naIoQwXtfH9kjceTIIi709ncTg6LZbg+biLH1V6u\/7rxBem06VXKn9raAAAAAElFTkSuQmCC\")      no-repeat center center \/ contain;  }  @media screen and (max-width: 960px) and (orientation: portrait) {    .logo {      width: 100%;    }    .logo .pc-banner {      display: none;    }    .logo .m-banner {      display: block;      width: 100%;    }    .logo .m-banner img {      height: auto!important;    }    .ytvideo {      height: 200px;      width: 100%;    }  }<\/style><style>  .video-section {    width: 100%;    margin: 0 auto;  }  .video-section > img {    width: 100%;  }  .video-section iframe,  .video-section video {    width: 100%;    height: 100%;      }  .video-section-img-m,  .video-section-img-pc > img {    width: 100%;    height: auto;  }  .video-section-img-pc.small > img {    width: 970px;  }  .video-desc {    line-height: 1.5;    font-size: 20px;    font-weight: 400;    margin: 20px 0;    text-align: center;    color: #0f1111;    word-break: break-word;  }  @media screen and (max-width: 960px) and (orientation: portrait) {    .video-section {      width: 100%;    }    .video-section-pc,    .video-section-img-pc {      display: none;    }    .video-section-m,    .video-section-img-m {      display: block;    }    .video-desc {      font-size: 15px;    }  }  @media screen and (min-width: 960px) {    .video-section {      width: 100%;      margin: 0 auto;    }    .video-section-pc,    .video-section-img-pc {      display: block;    }    .video-section-m,    .video-section-img-m {      display: none;    }    .video-desc {      font-size: 20px;    }  }<\/style><style>  .section + .section {    margin-top: 35px;  }  .section-title {    text-align: center;    font-weight: bold;    color: #0d1111;    font-family: \"Arial\";    font-size: 32px;    margin: 15px 0;  }  .section-title:empty {    display: none;  }  .section-desc {    text-align: center;    font-weight: normal;    color: #0d1111;    margin-top: 20px;  }  .section-desc:empty {    display: none;  }  .section-img {    width: 1200px;    height: 492px;    margin: 0 auto;    display: block;  }  .section-img.small {    width: 970px;    height: auto;  }  .section-img.small > img {    height: auto;  }  .section-img > img {    width: 100%;    height: 100%;  }  .section-mobile-img {    display: none;    max-width: 100vw;    max-height: 75vw;    height: 450px;    margin: 0 auto;  }  .section-mobile-img > img {    width: 100%;    height: 100%;  }  @media screen and (max-width: 960px) and (orientation: portrait) {    .container {      width: 100%;    }    .container.small {      width: 100%;    }    .section-mobile-img {      display: block;    }    .section-img {      display: none;    }    .section-title {      font-size: 22px;      margin: 10px 0;    }    .section-desc {      margin-top: 10px;    }    .section + .section {      margin-top: 20px;    }  }<\/style><\/head><body><div class=\"container\"><div class=\"logo\"><div class=\"pc-banner\"><div><img decoding=\"async\" src=\"\/vevor\/vevor\/boutique-banner\/pc\/en-pc@1x.jpg\" style=\"width: 100%;\" \/><\/div><\/div><div class=\"m-banner\"><div><img decoding=\"async\" src=\"\/vevor\/vevor\/boutique-banner\/mobile\/en-m@1x.jpg\" style=\"width: 100%;\" \/><\/div><\/div><\/div><div class=\"section-title\">Apvyniokite kojas \u0161iluma ir atsipalaidavimu!<\/div><div class=\"video-section\"><div class=\"video-section-img-pc\"><img decoding=\"async\" src=\"\/vevor\/product\/KDSNJQDCJRKDFMHBE\/foot-warmer-a100-1.4.jpg\" \/><\/div><div class=\"video-section-img-m\"><img decoding=\"async\" src=\"\/vevor\/product\/KDSNJQDCJRKDFMHBE\/foot-warmer-a100-1.4-m.jpg\" \/><\/div><div class=\"section-desc\">Ar j\u016bs\u0173 kojos da\u017enai jau\u010diasi \u0161altos ir stand\u017eios? VEVOR p\u0117d\u0173 \u0161iltesnis greitai \u012fkaista, u\u017etikrindamas nuolatin\u0119 \u0161ilum\u0105 ir jauk\u0173 komfort\u0105 Su 6 lygi\u0173 temperat\u016bros reguliavimu, 4 lygi\u0173 laikma\u010diu ir automatiniu i\u0161jungimu galite lengvai pritaikyti savo poreikiams ir m\u0117gautis ramybe. atne\u0161kite \u0161ilum\u0105 \u012f \u0161alt\u0105 \u017eiem\u0105!<\/div><\/div><div class=\"section\"><div class=\"section-title\"><\/div><div class=\"section-img\"><img decoding=\"async\" src=\"\/vevor\/product\/KDSNJQDCJRKDFMHBE\/foot-warmer-a100-2.2.jpg\" \/><\/div><div class=\"section-mobile-img\"><img decoding=\"async\" src=\"\/vevor\/product\/KDSNJQDCJRKDFMHBE\/foot-warmer-a100-2.2-m.jpg\" \/><\/div><div class=\"section-desc\">M\u016bs\u0173 kojinis \u0161ildymo padas lovai \/ biurui pasi\u017eymi 6 \u0161ildymo lygiais, nuo 105\u00b0F iki 140\u00b0F, suteikian\u010diu asmenin\u0119 \u0161ilumos patirt\u012f. Naudodami lengvai naudojam\u0105 valdikl\u012f, galite lengvai reguliuoti nustatymus, kad jie atitikt\u0173 j\u016bs\u0173 pageidavimus.<\/div><\/div><div class=\"section\"><div class=\"section-title\"><\/div><div class=\"section-img\"><img decoding=\"async\" src=\"\/vevor\/product\/KDSNJQDCJRKDFMHBE\/foot-warmer-a100-2.3.jpg\" \/><\/div><div class=\"section-mobile-img\"><img decoding=\"async\" src=\"\/vevor\/product\/KDSNJQDCJRKDFMHBE\/foot-warmer-a100-2.3-m.jpg\" \/><\/div><div class=\"section-desc\">Elektrinis p\u0117d\u0173 \u0161ildytuvas apima 4 lygi\u0173 i\u0161man\u0173j\u012f laikmat\u012f su galimyb\u0117mis 30, 60, 90 ar 120 min. Automatinio i\u0161jungimo funkcija neleid\u017eia per daug naudoti ir pamir\u0161ti j\u012f i\u0161jungti, o \u012fmontuota apsauga nuo perkaitimo u\u017etikrina saugi\u0105 ir patogi\u0105 \u0161ilumos patirt\u012f.<\/div><\/div><div class=\"section\"><div class=\"section-title\"><\/div><div class=\"section-img\"><img decoding=\"async\" src=\"\/vevor\/product\/KDSNJQDCJRKDFMHBE\/foot-warmer-a100-2.4.jpg\" \/><\/div><div class=\"section-mobile-img\"><img decoding=\"async\" src=\"\/vevor\/product\/KDSNJQDCJRKDFMHBE\/foot-warmer-a100-2.4-m.jpg\" \/><\/div><div class=\"section-desc\">Pad\u0117kite j\u012f ant juosmens, nugaros ar pilvo, kad suteiktum\u0117te palengv\u0117jim\u0105 ir komfort\u0105 \u012fvairioms k\u016bno vietoms Idealiai tinka naudoti ant lovos, sofos ar biure, \u0161is \u0161ildomas p\u0117d\u0173 \u0161ildytuvas prisitaiko prie \u012fvairi\u0173 nustatym\u0173, suteikdamas raminan\u010di\u0105 \u0161ilum\u0105 visur, kur jums reikia.<\/div><\/div><div class=\"section\"><div class=\"section-title\"><\/div><div class=\"section-img\"><img decoding=\"async\" src=\"\/vevor\/product\/KDSNJQDCJRKDFMHBE\/foot-warmer-a100-2.5.jpg\" \/><\/div><div class=\"section-mobile-img\"><img decoding=\"async\" src=\"\/vevor\/product\/KDSNJQDCJRKDFMHBE\/foot-warmer-a100-2.5-m.jpg\" \/><\/div><div class=\"section-desc\">VEVOR mink\u0161tas flanelinis p\u0117d\u0173 \u0161ildytuvas ne tik \u0161ildo \u0161altas p\u0117das, bet ir palengvina artrit\u0105 bei l\u0117tin\u012f raumen\u0173 skausm\u0105, tuo pa\u010diu skatindamas kraujotak\u0105, suteikia jauki\u0105 \u0161ilum\u0105 ir atsipalaidavim\u0105, tod\u0117l tai ideali dovana i\u0161reik\u0161ti \u0161ilum\u0105 ir r\u016bpest\u012f savo artimiesiems.<\/div><\/div><div class=\"section\"><div class=\"section-img\"><img decoding=\"async\" src=\"\/vevor\/product\/KDSNJQDCJRKDFMHBE\/foot-warmer-a100-1.11.jpg\" \/><\/div><div class=\"section-mobile-img\"><img decoding=\"async\" src=\"\/vevor\/product\/KDSNJQDCJRKDFMHBE\/foot-warmer-a100-1.11-m.jpg\" \/><\/div><\/div><\/div><\/body><\/html><\/div>\n<div class=\"DM_at-title\" id=\"js-DM_at-title\"> <div>Produkto specifikacija<\/div> <i class=\"icon-arrowup_line\"><\/i> <\/div><div class=\"DM_at-goodsDescAttr\" id=\"js-DM_at-goodsDescAttr\"> <div class=\"DM_at-goodsDescAttrInner\"> <dl class=\"goodsDesc_item goodsDesc_item_even\"> <dt>Prek\u0117s Modelio Numeris<\/dt> <dd> FT-2220<\/dd> <\/dl> <dl class=\"goodsDesc_item\"> <dt>Galia<\/dt> <dd> 50 W<\/dd> <\/dl> <dl class=\"goodsDesc_item goodsDesc_item_even\"> <dt>\u0160ildymo B\u016bdas<\/dt> <dd> Apatinis \u0161ildymas<\/dd> <\/dl> <dl class=\"goodsDesc_item\"> <dt>6 lygi\u0173 reguliuojama temperat\u016bra<\/dt> <dd> 105\/112\/119\/126\/133\/140 \u00b0F<\/dd> <\/dl> <dl class=\"goodsDesc_item goodsDesc_item_even\"> <dt>4 Laikma\u010dio nustatymai<\/dt> <dd> 30\/60\/90\/120 Minut\u0117s<\/dd> <\/dl> <dl class=\"goodsDesc_item\"> <dt>Perkaitimo Apsauga<\/dt> <dd> Taip<\/dd> <\/dl> <dl class=\"goodsDesc_item goodsDesc_item_even\"> <dt>Naudojimo sritis<\/dt> <dd> P\u0117dos\/Atgal\/Waist\/Abdomen<\/dd> <\/dl> <dl class=\"goodsDesc_item\"> <dt>Produkto Svoris<\/dt> <dd> 1.4 svar\u0173 \/ 0.62 kg<\/dd> <\/dl> <dl class=\"goodsDesc_item goodsDesc_item_even\"> <dt>Gaminio Matmenys<\/dt> <dd> 21,5 x 19,0 x 0,6 in \/ 545 x 480 x 15 mm<\/dd> <\/dl> <\/div> <\/div>","protected":false},"excerpt":{"rendered":"<ul>\n<li> U\u017erakinti \u0161iluma: VEVOR 21,5 \u2033 x 19,0 \u2033 didelis p\u0117d\u0173 \u0161ildytuvas tinka ne tik j\u016bs\u0173 kojoms \u2192 jis taip pat gali suteikti patogi\u0105 \u0161ilum\u0105 pe\u010diams, pilvui, nugarai, juosmeniui ir keliams M\u0117gaukit\u0117s greitu \u0161ildymu, nuolatine \u0161iluma ir komfortu tiek namuose, tiek biure <\/li>\n<li> Individualizuotas komfortas: m\u016bs\u0173 kojoms skirtas \u0161ildymo padas pasi\u017eymi 6 \u0161ilumos lygiais, svyruojan\u010diais nuo 105\u00b0F iki 140\u00b0F, tenkinantis skirtingus \u0161ildymo poreikius. Nesvarbu, ar norite \u0161velnios \u0161ilumos, ar intensyvesn\u0117s \u0161ilumos, lengvai sureguliuokite nustatymus naudodami paprast\u0105 naudoti valdikl\u012f <\/li>\n<li> Patogi med\u017eiaga: abi \u0161ildomo p\u0117d\u0173 \u0161ildytuvo pus\u0117s yra suprojektuotos su itin mink\u0161tu flaneliu, kad pagerint\u0173 patvarum\u0105 ir \u0161ilum\u0105, jis jau\u010diasi mink\u0161tas ir draugi\u0161kas odai, tvirtai u\u017esifiksuoja \u0161iluma, suteikia piln\u0105 \u0161ilum\u0105 ir galutin\u012f atsipalaidavim\u0105 jaukiai patir\u010diai <\/li>\n<li> Atnaujinta sauga: m\u016bs\u0173 elektrinis p\u0117d\u0173 \u0161ildymo padas su automatinio i\u0161jungimo funkcijomis turi 4 lygi\u0173 i\u0161man\u0173j\u012f laikmat\u012f (30, 60, 90, 120 minu\u010di\u0173), neleid\u017eiant\u012f per daug naudoti arba pamir\u0161ti j\u012f i\u0161jungti. Be to, \u012fmontuota apsauga nuo perkaitimo leid\u017eia m\u0117gautis jaukia \u0161iluma su ramybe <\/li>\n<li> \u0160ilta dovana: VEVOR \u0161ildymo pagalv\u0117l\u0117s p\u0117d\u0173 \u0161il\u010diau yra ideali dovana j\u016bs\u0173 m\u0117g\u0117jams \/ \u0161ildantis \u0161altas kojas, mal\u0161inantis artrit\u0105, l\u0117tin\u012f raumen\u0173 skausm\u0105 ir skatinantis kraujotak\u0105. plaunamas rankomis \/ ma\u0161inomis, j\u012f lengva valyti ir pri\u017ei\u016br\u0117ti (Negele\u017einkite ir nebraukite, prie\u0161 skalbdami nuimkite valdikl\u012f) <\/li>\n<\/ul>","protected":false},"featured_media":340912,"comment_status":"closed","ping_status":"open","template":"","meta":{"om_disable_all_campaigns":false,"_uf_show_specific_survey":0,"_uf_disable_surveys":false},"location":[1935,1934],"product_brand":[21],"product_cat":[4516,2393,4168,3641],"product_tag":[],"class_list":{"0":"post-55089","1":"product","2":"type-product","3":"status-publish","4":"has-post-thumbnail","6":"location-supplier_stock_location","7":"location-local_stock_location","8":"product_brand-vevor","9":"product_cat-foot-warmer","10":"product_cat-health-and-wellness","11":"product_cat-heat-therapy-products","12":"product_cat-personal-care-appliances","14":"first","15":"outofstock","16":"taxable","17":"shipping-taxable","18":"purchasable","19":"product-type-simple"},"aioseo_notices":[],"locations":[{"id":1935,"name":"Pieg\u0101d\u0101t\u0101ja noliktav\u0101 (5-7d.d.)","slug":"supplier_stock_location","quantity":"0"},{"id":1934,"name":"R\u012bgas veikal\u0101 (0-2d.d.)","slug":"local_stock_location","quantity":"0"}],"_links":{"self":[{"href":"https:\/\/vevorshop.lv\/lt\/wp-json\/wp\/v2\/product\/55089","targetHints":{"allow":["GET"]}}],"collection":[{"href":"https:\/\/vevorshop.lv\/lt\/wp-json\/wp\/v2\/product"}],"about":[{"href":"https:\/\/vevorshop.lv\/lt\/wp-json\/wp\/v2\/types\/product"}],"replies":[{"embeddable":true,"href":"https:\/\/vevorshop.lv\/lt\/wp-json\/wp\/v2\/comments?post=55089"}],"wp:featuredmedia":[{"embeddable":true,"href":"https:\/\/vevorshop.lv\/lt\/wp-json\/wp\/v2\/media\/340912"}],"wp:attachment":[{"href":"https:\/\/vevorshop.lv\/lt\/wp-json\/wp\/v2\/media?parent=55089"}],"wp:term":[{"taxonomy":"location","embeddable":true,"href":"https:\/\/vevorshop.lv\/lt\/wp-json\/wp\/v2\/location?post=55089"},{"taxonomy":"product_brand","embeddable":true,"href":"https:\/\/vevorshop.lv\/lt\/wp-json\/wp\/v2\/product_brand?post=55089"},{"taxonomy":"product_cat","embeddable":true,"href":"https:\/\/vevorshop.lv\/lt\/wp-json\/wp\/v2\/product_cat?post=55089"},{"taxonomy":"product_tag","embeddable":true,"href":"https:\/\/vevorshop.lv\/lt\/wp-json\/wp\/v2\/product_tag?post=55089"}],"curies":[{"name":"wp","href":"https:\/\/api.w.org\/{rel}","templated":true}]}}