{"id":55134,"date":"2024-11-20T02:55:13","date_gmt":"2024-11-20T02:55:13","guid":{"rendered":"http:\/\/vevorshop.edigo.lv\/Prece\/vevor-tree-climbing-spikes-climbing-spurs-alloy-steel-arborist-equipment-orange\/"},"modified":"2026-02-26T16:54:03","modified_gmt":"2026-02-26T14:54:03","slug":"vevor-tree-climbing-spikes-climbing-spurs-alloy-steel-arborist-equipment-orange","status":"publish","type":"product","link":"https:\/\/vevorshop.lv\/lt\/Prece\/vevor-tree-climbing-spikes-climbing-spurs-alloy-steel-arborist-equipment-orange\/","title":{"rendered":"VEVOR med\u017ei\u0173 laipiojimo smaigai, reguliuojami plieno kabliai su 160kg apkrova, dir\u017eeliais ir apsaugomis, oran\u017einiai"},"content":{"rendered":"<div style=\"color: #fff!important; font-size: 16px; height: 24px; line-height: 24px; margin-top: -24px; \" class=\"product_original_name\">VEVOR Tree Climbing Spikes, 1 Pair Alloy Steel Climbing Spurs, 350lbs Load Capacity Tree Climbing Gear with Straps and Spike Protectors, Arborist Equipment for Climbers, Hunting, Fruit Picking, Orange<\/div>\n<div style=\"color: #fff!important; font-size: 16px; height: 24px; line-height: 24px; margin-top: -24px; \" class=\"product_sku\">M4I4MBHL<\/div>\n<div style=\"color: #fff!important; font-size: 16px; height: 24px; line-height: 24px; margin-top: -24px; \" class=\"product_mpn\">PSZZPZCDPKPZFPC7YV0<\/div><div id=\"js-DM_at-goodDescRich\"><html><head><style>  body {    font-family: Arial;    line-height: 1.5;    color: #1c1c1c;    overflow-x: hidden;    margin: 0;    padding: 0;  }  .MsoNormal b {    font-weight: bolder;  }<\/style><style>  .container.small {    width: 970px;    margin: 0 auto;  }  .logo {    margin: 0 auto 0;  }  .logo img {    display: block;    margin: 0 auto;    max-width: 100%;  }  .logo .pc-banner {    display: block;    width: 1200px;    height: 247.4px;    margin: 0 auto;  }  .logo .pc-banner.small {    width: 970px;  }  .logo .pc-banner.small img {    height: auto!important;  }  .logo .m-banner {    display: none;  }  .ytvideo {    position: relative;    height: 546px;    width: 100%;    margin: 0 auto;  }  .ytvideo img {    width: 100%;    margin: 0 auto;  }  .ytvideo .play-btn {    width: 60px;    height: 42px;    position: absolute;    top: 50%;    left: 50%;    transform: translate(-50%, -50%);    background: url(\"data:image\/png;base64,iVBORw0KGgoAAAANSUhEUgAAAGQAAABGCAMAAAANWMFbAAAC+lBMVEUAAADBGB3kLCfBGB3kLCfcJC7BFx3KKSbiKybkLCbWJCPSIiLSIiLPICHAFx3kLCfgKSXNHiDZJiTIGx\/p4eHcjo7LHSDbJyTkLCbjKyfOHyHPIiL28fHJHB\/GGh7EGR7eKCXDGB3RISHlLSbBGB3AFxzGHB7DGB7BGB3hKybkKybAFx3lLCfAFxzDGR3hKibDGB7cJyTmz8\/elJTlwcHjurrUIyLlLSflLSfAFx3DGR7lLSfCFx3hKibhKibhKybjKybkLCblLSfbJSX49vbx7e3NNzjNMTLMJyjVIyLZf3\/ZQ0LaeHjx0tLgoqLkLCfCGB3HGx\/BGB3BFx3PICHCGB7WJCLOHyC\/Fxy\/Fx3lLCfQISHkLSe\/FxzbJiTBFx3FGx\/AGB7BFx3EGR7AGB3HHSDfKiXAFh3TISHYNzbhKibbJyTTIiL57e325+f039\/v2NjUV1fOHiHiqanfmprch4feKSXVIyPOICHmLibFGh\/mLSe\/Fx7XJCPeKSXXJSPNHyHaJyTGGh7lLCbmLCflLSjSIiLkLCbdKSXLHiC\/GB3KHh++Fh3lKyfoLiXcKCPkx8fYb2\/XaGfVXl3aU1LLHiDksbHgKibPICHbJyTfKSXbJyTCGB3KHSDiKybFGh7TIiL\/\/\/\/VIyPRISHIHB\/GGx\/HHB\/DGR7gKibdKCXLHiDZJiTMHiDNHyHYJSTOICHPICHWJCPcKCXXJSPjLCblLCf+\/f3NGR\/uLijzLynPGR\/IGB7WISHaIyLLGh7UAADxLynNAADRLzDbICLQAADIAAD3MCrUHSHXMTDpKSbLAADp5OTij4\/ejo\/VLy\/1LyngJSTcJCPQHx\/OHB7+\/PzaMS\/OLS\/vLijrLSjSAADaNTPwLyjkKSbNJCbYISHPHB\/KGB7WAAD7+vrn3d3aKynTKCjoLCfsKifRGh\/YAADq5+fhjo7QNDXXKCfmJyXt5+fTLzDLLi\/QKivYHRvMGBrQJCXLISPMExXLDxLaEAvkkI\/bOTfaFQ\/SCgpvLcnHAAAAmnRSTlMA+vv7+gT9Bvf9+8z8\/NSv\/Pr5+P7++vnQIBMP\/v38\/Pn348XDiCYf9OjbzcqxXVcx\/fz8+\/rj1r2poo1+fXFqX0orGP7+\/v7+\/fz8+\/r68uzn4trIxsG\/vri3p6GcmZSNbWVYUUZEPQv+\/f39+\/v7+\/v7+vr64tvV1NTTz87FtbSurqeblJKFg4B3bUY+NjL7+\/v7+\/v67t1cDo8JLQAABkRJREFUWMO0kz9rwkAYh0OIeJkum6YugUAhISCdKoj\/P4C7SMdS+gEKIhSKil10LSg4mzXkILdlEpxCpwTiWOLX6BujvQaEQuGeHLnL+\/64J+SIcKGYTYWnntpdLjrVdqvZmNdn0+EE40GtpuuWVS6Xx6N7YDSGpWXpeq02wHgynM7q80az1a52HpddtVcpsi1zFARBrdaxbhp9iUReTGmwA4KAAr7vx3EYejnCMI6hQYEgy0LQi4jUN0wL19vqFcUC9\/1dAKmEEFkWRYkh5oBejnxQJiSJPJ\/uKBp0Thszx9Mw8hMRIQjKsptCfuES9zr5WJY6vSFCIvE9fCMUmEM1A1kSXcYGxgVYsvI1IPKTZciSTI0us\/SMGG04gDzELDoFBwdcFJrF88dqgYMTiL6DILWYyfOWE8\/kIz38olCNlC03FK95+imxp6y4oUSvAnBjHHhKNtotSDqJzVFiK8c2SBqhZtsrTtgrLXwAyduxZHNE26eHUt5rtuM4WSmds3G+sUdWYo1L+XyxButoh5eKUHk5lByO3G1LqqCWVnfrv\/lyPtf\/4ps1cndNGIri8J1TJ0lx6dR\/oPjq1nbRwdp2dCk4CtIOLW3pVKRL6WZfS5vF2KkIQhpwSsjiYIgNCs1gEMGqiIq24NQX9NwoXFy8Ufrl3twTcg4fv8T9\/JBEySduj6Mjm4bMzYV7EEOxKjjoNDud7yY3Dy71Hq2oLmqfbNR723edH9PgMrNL2utoQ3VmaIDkiw\/4w51P06hlZsTZvkRrbVuSIs\/zwSOsycgzStQouoAkWQqioRT5XI7n2Z1wfVhoZmcAJLsoqjqpjbWCgpOAJXBwHK8PzWbNvoUZJND5wCnSkLAkZ1legx6vqQzjoiTahKlGUGLAiIIoABOHaNVw4sexZBym6\/HWlH5h3IC7yRbxtipcWxdTOkORKiNQAEkFf66x5S2oeRbroOlLgg0sSYkR0hRGEqJZ0jTPiQKatESdBckpWigxaapEH0lImHdWu9pUFF2XqMNM2Z4kped7IwEJw2qabwtrQqnpw6HyKkgcadKWsmpywwesDyIhYRpdzXddqegtGIJlXbAIUMOLkGxJUjRIkokwjUaX9d\/kK62ps\/tYUqZLIMkLTyBhsMZ3C5Z\/kDxOSCb\/DOs\/\/J0qcWSX\/2ipe56EgTCA4\/cB7NAYOsni4mZM1MUPAISoEwkDi4lhVBQ1cWQyIcwalw4EpqZN68JUSK7XC0kTlkLYii5uXSC8jT5ncCAS7mjCv0uHp\/3lueHEEAeQ\/\/VgmdN71\/2uCSA1Xr6DO6uI6sW56zqT2tp2PhgiRUAajV8CY2fkcz6WGNKMgLAt7tJAhD4YHMTeRxlALE6+43WqjSWi8ITxyJl8WrwWSNESQZZOqhDDntO3hJLsd5RtSpbJqdv3YrDJH3F7jL1R2O2aQkn2MyCyKYz0GPGIvSAMgBCrCEiJyKbBaYGwLW4uPRr0A0M4Ux5kUI7IBh+hMdiCEWNqhMZGyYMsOgNE58UQuEQeUnSWCMYwL54hkxK6IoqucQZbQ3pc3XtL0lky1dL0zZJJDpWJovFqpWj6JEHnyam2eQp5QRVAVHjWparTOaVwUOx99YS2MvgxIGV0bb+qIg2HX2qkFFJB+XZcbLiuRkuxD9GRroKyveLxdh4d7Orx+hb7qc3uVRuEogCOnyIxm4ubUoPgF4jianDrC+SDQDKEfJb0GUKmjCGPYHGJvVC6X4hw1\/sAfQAdfYyephIaspXe36RwOP+Ljvfx9B6B3i+Nk0DGq+oCbLn6JpBa9nWAveAIHwFAwtVcIJXPMPL8kRu5OAYPMaL1WScTxjiZDqB9LTJSWphow\/pTYKRTLjCBhvi9iBidvKcDasGSm0QQkycYuLBqj6QCELPctqChDWpTRMWkngNNpQ1Pfp1KkiT\/Y0DGffXAweUNfLAfaJFKDwhb6I+bkYRbkERoEeu3Fyjg2opMz2daZCS9jt6Q7txNfB+OZEVF6Zl5web2xunnLQrtrjXseXKaFYziYINeMFZVxS9VxRhOoesYwxPKXm+gWLG9cuFeq93UNNeJNsf1KlwuDok9n02n3TgIJpOxNfL9naIoQwXtfH9kjceTIIi709ncTg6LZbg+biLH1V6u\/7rxBem06VXKn9raAAAAAElFTkSuQmCC\")      no-repeat center center \/ contain;  }  @media screen and (max-width: 960px) and (orientation: portrait) {    .logo {      width: 100%;    }    .logo .pc-banner {      display: none;    }    .logo .m-banner {      display: block;      width: 100%;    }    .logo .m-banner img {      height: auto!important;    }    .ytvideo {      height: 200px;      width: 100%;    }  }<\/style><style>  .video-section {    width: 100%;    margin: 0 auto;  }  .video-section > img {    width: 100%;  }  .video-section iframe,  .video-section video {    width: 100%;    height: 100%;      }  .video-section-img-m,  .video-section-img-pc > img {    width: 100%;    height: auto;  }  .video-section-img-pc.small > img {    width: 970px;  }  .video-desc {    line-height: 1.5;    font-size: 20px;    font-weight: 400;    margin: 20px 0;    text-align: center;    color: #0f1111;    word-break: break-word;  }  @media screen and (max-width: 960px) and (orientation: portrait) {    .video-section {      width: 100%;    }    .video-section-pc,    .video-section-img-pc {      display: none;    }    .video-section-m,    .video-section-img-m {      display: block;    }    .video-desc {      font-size: 15px;    }  }  @media screen and (min-width: 960px) {    .video-section {      width: 100%;      margin: 0 auto;    }    .video-section-pc,    .video-section-img-pc {      display: block;    }    .video-section-m,    .video-section-img-m {      display: none;    }    .video-desc {      font-size: 20px;    }  }<\/style><style>  .section + .section {    margin-top: 35px;  }  .section-title {    text-align: center;    font-weight: bold;    color: #0d1111;    font-family: \"Arial\";    font-size: 32px;    margin: 15px 0;  }  .section-title:empty {    display: none;  }  .section-desc {    text-align: center;    font-weight: normal;    color: #0d1111;    margin-top: 20px;  }  .section-desc:empty {    display: none;  }  .section-img {    width: 1200px;    height: 492px;    margin: 0 auto;    display: block;  }  .section-img.small {    width: 970px;    height: auto;  }  .section-img.small > img {    height: auto;  }  .section-img > img {    width: 100%;    height: 100%;  }  .section-mobile-img {    display: none;    max-width: 100vw;    max-height: 75vw;    height: 450px;    margin: 0 auto;  }  .section-mobile-img > img {    width: 100%;    height: 100%;  }  @media screen and (max-width: 960px) and (orientation: portrait) {    .container {      width: 100%;    }    .container.small {      width: 100%;    }    .section-mobile-img {      display: block;    }    .section-img {      display: none;    }    .section-title {      font-size: 22px;      margin: 10px 0;    }    .section-desc {      margin-top: 10px;    }    .section + .section {      margin-top: 20px;    }  }<\/style><\/head><body><div class=\"container small\"><div class=\"logo\"><div class=\"pc-banner small\"><div><img decoding=\"async\" src=\"\/vevor\/vevor\/boutique-banner\/pc\/en-pc@1x.jpg\" style=\"width: 100%;\" \/><\/div><\/div><div class=\"m-banner\"><div><img decoding=\"async\" src=\"\/vevor\/vevor\/boutique-banner\/mobile\/en-m@1x.jpg\" style=\"width: 100%;\" \/><\/div><\/div><\/div><div class=\"section-title\">VEVOR Med\u017eio Laipiojimo \u0160uoliai<\/div><div class=\"video-section\"><div class=\"video-section-img-pc small\"><img decoding=\"async\" src=\"\/vevor\/product\/PSZZPZCDPKPZFPC7Y\/tree-climbing-spikes-a100-1.4-pt.jpg\" \/><\/div><div class=\"video-section-img-m\"><img decoding=\"async\" src=\"\/vevor\/product\/PSZZPZCDPKPZFPC7Y\/tree-climbing-spikes-a100-1.4-pt.jpg\" \/><\/div><div class=\"section-desc\">M\u016bs\u0173 med\u017eio laipiojimo \u0161uoliai funkcija tvirta didelio stiprumo legiruotojo plieno r\u0117mas su stipri apkrova. Dir\u017eeliai atitikti kojos, patogi ir saugi tinka. Specialiai auk\u0161tuminiai darbai, jie idealiai tinka med\u017ei\u0173 gen\u0117jimas, vaisi\u0173 skynimas, ir pole darb\u0105.<\/div><\/div><div class=\"section\"><div class=\"section-title\"><\/div><div class=\"section-img small\"><img decoding=\"async\" src=\"\/vevor\/product\/PSZZPZCDPKPZFPC7Y\/tree-climbing-spikes-a100-2.2-pt.jpg\" \/><\/div><div class=\"section-mobile-img\"><img decoding=\"async\" src=\"\/vevor\/product\/PSZZPZCDPKPZFPC7Y\/tree-climbing-spikes-a100-2.2-pt.jpg\" \/><\/div><div class=\"section-desc\">Laipiojimo spurs tur\u0117ti lengvos konstrukcijos, tod\u0117l juos paprasta ne\u0161iotis, nesukuriant papildomos na\u0161tos. Paprastas ir greitas varginantis procesas leid\u017eia net pirm\u0105 kart\u0105 vartotojams gauti ir veikia greitai, tod\u0117l savo darb\u0105, efektyviau ir patogiau.<\/div><\/div><div class=\"section\"><div class=\"section-title\"><\/div><div class=\"section-img small\"><img decoding=\"async\" src=\"\/vevor\/product\/PSZZPZCDPKPZFPC7Y\/tree-climbing-spikes-a100-2.3-pt.jpg\" \/><\/div><div class=\"section-mobile-img\"><img decoding=\"async\" src=\"\/vevor\/product\/PSZZPZCDPKPZFPC7Y\/tree-climbing-spikes-a100-2.3-pt.jpg\" \/><\/div><div class=\"section-desc\">Velcro dir\u017eeliai funkcija pritaikoma reguliuojamas dizainas, kad atitikt\u0173 j\u016bs\u0173 poreikius. Jie tvirtai laikosi savo k\u016bn\u0105 per laipioti, suteikti tvirt\u0105 param\u0105 ir suma\u017einti diskomfort\u0105, per ilgai d\u0117v\u0117ti. Ar esate profesionalas ar m\u0117g\u0117j\u0173, \u0161i\u0173 laipiojimo med\u017eio \u012franki\u0173 u\u017etikrinti j\u016bs\u0173 saugum\u0105.<\/div><\/div><div class=\"section\"><div class=\"section-title\"><\/div><div class=\"section-img small\"><img decoding=\"async\" src=\"\/vevor\/product\/PSZZPZCDPKPZFPC7Y\/tree-climbing-spikes-a100-2.4-pt.jpg\" \/><\/div><div class=\"section-mobile-img\"><img decoding=\"async\" src=\"\/vevor\/product\/PSZZPZCDPKPZFPC7Y\/tree-climbing-spikes-a100-2.4-pt.jpg\" \/><\/div><div class=\"section-desc\">Med\u017eiu laipiojan\u010dio smaigalio rinkinio smaigalio apsaugos suma\u017eina trint\u012f tarp spygli\u0173 ir i\u0161orini\u0173 pavir\u0161i\u0173, suma\u017eindamos pa\u017eeidimo rizik\u0105 ir pailgindamos \u012frankio tarnavimo laik\u0105.<\/div><\/div><div class=\"section\"><div class=\"section-title\"><\/div><div class=\"section-img small\"><img decoding=\"async\" src=\"\/vevor\/product\/PSZZPZCDPKPZFPC7Y\/tree-climbing-spikes-a100-2.5-pt.jpg\" \/><\/div><div class=\"section-mobile-img\"><img decoding=\"async\" src=\"\/vevor\/product\/PSZZPZCDPKPZFPC7Y\/tree-climbing-spikes-a100-2.5-pt.jpg\" \/><\/div><div class=\"section-desc\">\u0160ias med\u017eio laipiojimo \u0161uoliai tinka \u012fvairi\u0173 scenarij\u0173, pavyzd\u017eiui, alpinizmas, med\u017eio laipiojimo ir sodo skinti. Jie atitinka profesinius poreikius \u012fvairiose pramon\u0117s \u0161akose, leid\u017eia jums dirbti su \u012fvairiomis situacijomis, su lengvumu.<\/div><\/div><div class=\"section\"><div class=\"section-img small\"><img decoding=\"async\" src=\"\/vevor\/product\/PSZZPZCDPKPZFPC7Y\/tree-climbing-spikes-a100-1.11-pt.jpg\" \/><\/div><div class=\"section-mobile-img\"><img decoding=\"async\" src=\"\/vevor\/product\/PSZZPZCDPKPZFPC7Y\/tree-climbing-spikes-a100-1.11-pt.jpg\" \/><\/div><\/div><\/div><\/body><\/html><\/div>\n<div class=\"DM_at-title\" id=\"js-DM_at-title\"> <div>Produkto specifikacija<\/div> <i class=\"icon-arrowup_line\"><\/i> <\/div><div class=\"DM_at-goodsDescAttr\" id=\"js-DM_at-goodsDescAttr\"> <div class=\"DM_at-goodsDescAttrInner\"> <dl class=\"goodsDesc_item goodsDesc_item_even\"> <dt>Prek\u0117s Modelio Numeris<\/dt> <dd> VIRV\u0116-G-004<\/dd> <\/dl> <dl class=\"goodsDesc_item\"> <dt>Max Keliamoji Galia<\/dt> <dd> 350 svar\u0173<\/dd> <\/dl> <dl class=\"goodsDesc_item goodsDesc_item_even\"> <dt>Auk\u0161\u010dio Reguliavimo Diapazonas<\/dt> <dd> 13.2&#034; - 17&#034; \/ 335.28 - 431.8 mm<\/dd> <\/dl> <dl class=\"goodsDesc_item\"> <dt>Produkto Svoris<\/dt> <dd> 6.17 svar\u0173 \/ 2.8 kg<\/dd> <\/dl> <dl class=\"goodsDesc_item goodsDesc_item_even\"> <dt>Gaminio Matmenys<\/dt> <dd> 8.26&#034; x 8.26&#034; x 16.14&#034; \/ 210 x 210 x 410 mm<\/dd> <\/dl> <\/div> <\/div>","protected":false},"excerpt":{"rendered":"<ul>\n<li> Didelio Stiprumo Lydinio Strukt\u016brin\u0117s Plieno: Sukonstruotos su didelio stiprumo lydinio strukt\u016brin\u0117s plieno, \u0161ie med\u017eio laipiojimo \u0161uoliai param\u0105 iki 350 svar\u0173 saugaus laipiojimo. ASTM-F887 sertifikuoti, jie yra atsparus korozijai, didelio stiprumo, ir i\u0161laikyti savo form\u0105, per tam tikr\u0105 laik\u0105. Idealiai tinka lauko nuotykius ir med\u017ei\u0173 prie\u017ei\u016bra, jie u\u017etikrinti stabili\u0105 param\u0105 saugesnis ir efektyvesnis, kopimas \u012f kalnus. <\/li>\n<li> Patog\u016bs Drabu\u017eiai: \u012erengtas trij\u0173 sluoksni\u0173 composite mikropluo\u0161to pamu\u0161alu, \u0161ie kopimo spurs patenkinti JAV laipiojimo saugos standartus. I\u0161pl\u0117timo yra patvarus ir kv\u0117puojantis, su trij\u0173 sluoksni\u0173 konstrukcija, kuri paskirsto spaudim\u0105 ir ma\u017eina nuovarg\u012f, u\u017etikrinti veiksming\u0105 apsaug\u0105 ir param\u0105, kad b\u016bt\u0173 lengviau laipioti. <\/li>\n<li> Saugus ir Patvarus: M\u016bs\u0173 laipiojimo med\u017eio \u012frankius naudoja d\u0117v\u0117ti, atsparus ir atsparus oro s\u0105lygoms TPU dir\u017eeliai d\u0117l kojos ir kulk\u0161nies dir\u017eeliai. Jos numato, saugiai, patogiai, stiprinti saugum\u0105 ir ilgaam\u017ei\u0161kum\u0105 u\u017etikrina, lengvas kopimas \u012f kalnus. <\/li>\n<li> A\u0161triais \u0160uoliai: \u012e kaltin\u0117s plienin\u0117s spinduli\u0173, yra a\u0161trus ir kietas, lengvai skverbiasi med\u017eio \u017eiev\u0117s, pastang\u0173 laipioti. \u0160is medis laipiojimo smaigalys nustatyti u\u017etikrina puik\u0173 sukibim\u0105 ir stabilum\u0105 ant med\u017ei\u0173 kamien\u0173, formavimo ir gen\u0117jimo, kirtimo, arba tyrin\u0117jimo skland\u017eiai ir saugiai. <\/li>\n<li> Reguliuojamas Auk\u0161tis: reguliuojamas r\u0117mo auk\u0161tis svyruoja nuo 13.2&#034; iki 17&#034;, leid\u017eia vartotojams rasti puikiai tinka j\u0173 auk\u0161tis. Med\u017eio laipiojimo \u0161uoliai u\u017etikrina asmenin\u012f komfort\u0105 ir efektyv\u0173 laipiojimo \u012fvairiems vartotojams. <\/li>\n<\/ul>","protected":false},"featured_media":341200,"comment_status":"closed","ping_status":"open","template":"","meta":{"om_disable_all_campaigns":false,"_monsterinsights_skip_tracking":false,"_monsterinsights_sitenote_active":false,"_monsterinsights_sitenote_note":"","_monsterinsights_sitenote_category":0,"_uf_show_specific_survey":0,"_uf_disable_surveys":false},"location":[1935,1934],"product_brand":[21],"product_cat":[2370,2592,2365,4503],"product_tag":[],"class_list":{"0":"post-55134","1":"product","2":"type-product","3":"status-publish","4":"has-post-thumbnail","6":"location-supplier_stock_location","7":"location-local_stock_location","8":"product_brand-vevor","9":"product_cat-garden-center","10":"product_cat-garden-tools-garden-center","11":"product_cat-outdoors","12":"product_cat-tree-climbing-spikes","14":"first","15":"outofstock","16":"taxable","17":"shipping-taxable","18":"purchasable","19":"product-type-simple"},"aioseo_notices":[],"jetpack_sharing_enabled":true,"locations":[{"id":1935,"name":"Pieg\u0101d\u0101t\u0101ja noliktav\u0101 (5-7d.d.)","slug":"supplier_stock_location","quantity":"0"},{"id":1934,"name":"R\u012bgas veikal\u0101 (0-2d.d.)","slug":"local_stock_location","quantity":"0"}],"_links":{"self":[{"href":"https:\/\/vevorshop.lv\/lt\/wp-json\/wp\/v2\/product\/55134","targetHints":{"allow":["GET"]}}],"collection":[{"href":"https:\/\/vevorshop.lv\/lt\/wp-json\/wp\/v2\/product"}],"about":[{"href":"https:\/\/vevorshop.lv\/lt\/wp-json\/wp\/v2\/types\/product"}],"replies":[{"embeddable":true,"href":"https:\/\/vevorshop.lv\/lt\/wp-json\/wp\/v2\/comments?post=55134"}],"wp:featuredmedia":[{"embeddable":true,"href":"https:\/\/vevorshop.lv\/lt\/wp-json\/wp\/v2\/media\/341200"}],"wp:attachment":[{"href":"https:\/\/vevorshop.lv\/lt\/wp-json\/wp\/v2\/media?parent=55134"}],"wp:term":[{"taxonomy":"location","embeddable":true,"href":"https:\/\/vevorshop.lv\/lt\/wp-json\/wp\/v2\/location?post=55134"},{"taxonomy":"product_brand","embeddable":true,"href":"https:\/\/vevorshop.lv\/lt\/wp-json\/wp\/v2\/product_brand?post=55134"},{"taxonomy":"product_cat","embeddable":true,"href":"https:\/\/vevorshop.lv\/lt\/wp-json\/wp\/v2\/product_cat?post=55134"},{"taxonomy":"product_tag","embeddable":true,"href":"https:\/\/vevorshop.lv\/lt\/wp-json\/wp\/v2\/product_tag?post=55134"}],"curies":[{"name":"wp","href":"https:\/\/api.w.org\/{rel}","templated":true}]}}