{"id":55140,"date":"2024-11-20T02:56:33","date_gmt":"2024-11-20T02:56:33","guid":{"rendered":"http:\/\/vevorshop.edigo.lv\/Prece\/vevor-intelligent-foldable-electric-wheelchair-motorized-power-chair-265-lbs\/"},"modified":"2026-04-19T23:48:46","modified_gmt":"2026-04-19T20:48:46","slug":"vevor-intelligent-foldable-electric-wheelchair-motorized-power-chair-265-lbs","status":"publish","type":"product","link":"https:\/\/vevorshop.lv\/lt\/Prece\/vevor-intelligent-foldable-electric-wheelchair-motorized-power-chair-265-lbs\/","title":{"rendered":"VEVOR sulankstoma elektrin\u0117 ne\u012fgali\u0173j\u0173 ve\u017eim\u0117lis su valdymo svirtimi, 20 km nuotolis, 120 kg apkrova, kietos padangos, reguliuojama atlo\u0161as"},"content":{"rendered":"<div style=\"color: #fff!important; font-size: 16px; height: 24px; line-height: 24px; margin-top: -24px; \" class=\"product_original_name\">VEVOR Intelligent Foldable Electric Wheelchair Motorized Power Chair 120.2 kg<\/div>\n<div style=\"color: #fff!important; font-size: 16px; height: 24px; line-height: 24px; margin-top: -24px; \" class=\"product_sku\">M4I4MBJY<\/div>\n<div style=\"color: #fff!important; font-size: 16px; height: 24px; line-height: 24px; margin-top: -24px; \" class=\"product_mpn\">DDLY300LBS17XVGF9V2<\/div><div id=\"js-DM_at-goodDescRich\"><html><head><style>  body {    font-family: Arial;    line-height: 1.5;    color: #1c1c1c;    overflow-x: hidden;    margin: 0;    padding: 0;  }  .MsoNormal b {    font-weight: bolder;  }<\/style><style>  .container.small {    width: 970px;    margin: 0 auto;  }  .logo {    margin: 0 auto 0;  }  .logo img {    display: block;    margin: 0 auto;    max-width: 100%;  }  .logo .pc-banner {    display: block;    width: 1200px;    height: 247.4px;    margin: 0 auto;  }  .logo .pc-banner.small {    width: 970px;  }  .logo .pc-banner.small img {    height: auto!important;  }  .logo .m-banner {    display: none;  }  .ytvideo {    position: relative;    height: 546px;    width: 100%;    margin: 0 auto;  }  .ytvideo img {    width: 100%;    margin: 0 auto;  }  .ytvideo .play-btn {    width: 60px;    height: 42px;    position: absolute;    top: 50%;    left: 50%;    transform: translate(-50%, -50%);    background: url(\"data:image\/png;base64,iVBORw0KGgoAAAANSUhEUgAAAGQAAABGCAMAAAANWMFbAAAC+lBMVEUAAADBGB3kLCfBGB3kLCfcJC7BFx3KKSbiKybkLCbWJCPSIiLSIiLPICHAFx3kLCfgKSXNHiDZJiTIGx\/p4eHcjo7LHSDbJyTkLCbjKyfOHyHPIiL28fHJHB\/GGh7EGR7eKCXDGB3RISHlLSbBGB3AFxzGHB7DGB7BGB3hKybkKybAFx3lLCfAFxzDGR3hKibDGB7cJyTmz8\/elJTlwcHjurrUIyLlLSflLSfAFx3DGR7lLSfCFx3hKibhKibhKybjKybkLCblLSfbJSX49vbx7e3NNzjNMTLMJyjVIyLZf3\/ZQ0LaeHjx0tLgoqLkLCfCGB3HGx\/BGB3BFx3PICHCGB7WJCLOHyC\/Fxy\/Fx3lLCfQISHkLSe\/FxzbJiTBFx3FGx\/AGB7BFx3EGR7AGB3HHSDfKiXAFh3TISHYNzbhKibbJyTTIiL57e325+f039\/v2NjUV1fOHiHiqanfmprch4feKSXVIyPOICHmLibFGh\/mLSe\/Fx7XJCPeKSXXJSPNHyHaJyTGGh7lLCbmLCflLSjSIiLkLCbdKSXLHiC\/GB3KHh++Fh3lKyfoLiXcKCPkx8fYb2\/XaGfVXl3aU1LLHiDksbHgKibPICHbJyTfKSXbJyTCGB3KHSDiKybFGh7TIiL\/\/\/\/VIyPRISHIHB\/GGx\/HHB\/DGR7gKibdKCXLHiDZJiTMHiDNHyHYJSTOICHPICHWJCPcKCXXJSPjLCblLCf+\/f3NGR\/uLijzLynPGR\/IGB7WISHaIyLLGh7UAADxLynNAADRLzDbICLQAADIAAD3MCrUHSHXMTDpKSbLAADp5OTij4\/ejo\/VLy\/1LyngJSTcJCPQHx\/OHB7+\/PzaMS\/OLS\/vLijrLSjSAADaNTPwLyjkKSbNJCbYISHPHB\/KGB7WAAD7+vrn3d3aKynTKCjoLCfsKifRGh\/YAADq5+fhjo7QNDXXKCfmJyXt5+fTLzDLLi\/QKivYHRvMGBrQJCXLISPMExXLDxLaEAvkkI\/bOTfaFQ\/SCgpvLcnHAAAAmnRSTlMA+vv7+gT9Bvf9+8z8\/NSv\/Pr5+P7++vnQIBMP\/v38\/Pn348XDiCYf9OjbzcqxXVcx\/fz8+\/rj1r2poo1+fXFqX0orGP7+\/v7+\/fz8+\/r68uzn4trIxsG\/vri3p6GcmZSNbWVYUUZEPQv+\/f39+\/v7+\/v7+vr64tvV1NTTz87FtbSurqeblJKFg4B3bUY+NjL7+\/v7+\/v67t1cDo8JLQAABkRJREFUWMO0kz9rwkAYh0OIeJkum6YugUAhISCdKoj\/P4C7SMdS+gEKIhSKil10LSg4mzXkILdlEpxCpwTiWOLX6BujvQaEQuGeHLnL+\/64J+SIcKGYTYWnntpdLjrVdqvZmNdn0+EE40GtpuuWVS6Xx6N7YDSGpWXpeq02wHgynM7q80az1a52HpddtVcpsi1zFARBrdaxbhp9iUReTGmwA4KAAr7vx3EYejnCMI6hQYEgy0LQi4jUN0wL19vqFcUC9\/1dAKmEEFkWRYkh5oBejnxQJiSJPJ\/uKBp0Thszx9Mw8hMRIQjKsptCfuES9zr5WJY6vSFCIvE9fCMUmEM1A1kSXcYGxgVYsvI1IPKTZciSTI0us\/SMGG04gDzELDoFBwdcFJrF88dqgYMTiL6DILWYyfOWE8\/kIz38olCNlC03FK95+imxp6y4oUSvAnBjHHhKNtotSDqJzVFiK8c2SBqhZtsrTtgrLXwAyduxZHNE26eHUt5rtuM4WSmds3G+sUdWYo1L+XyxButoh5eKUHk5lByO3G1LqqCWVnfrv\/lyPtf\/4ps1cndNGIri8J1TJ0lx6dR\/oPjq1nbRwdp2dCk4CtIOLW3pVKRL6WZfS5vF2KkIQhpwSsjiYIgNCs1gEMGqiIq24NQX9NwoXFy8Ufrl3twTcg4fv8T9\/JBEySduj6Mjm4bMzYV7EEOxKjjoNDud7yY3Dy71Hq2oLmqfbNR723edH9PgMrNL2utoQ3VmaIDkiw\/4w51P06hlZsTZvkRrbVuSIs\/zwSOsycgzStQouoAkWQqioRT5XI7n2Z1wfVhoZmcAJLsoqjqpjbWCgpOAJXBwHK8PzWbNvoUZJND5wCnSkLAkZ1legx6vqQzjoiTahKlGUGLAiIIoABOHaNVw4sexZBym6\/HWlH5h3IC7yRbxtipcWxdTOkORKiNQAEkFf66x5S2oeRbroOlLgg0sSYkR0hRGEqJZ0jTPiQKatESdBckpWigxaapEH0lImHdWu9pUFF2XqMNM2Z4kped7IwEJw2qabwtrQqnpw6HyKkgcadKWsmpywwesDyIhYRpdzXddqegtGIJlXbAIUMOLkGxJUjRIkokwjUaX9d\/kK62ps\/tYUqZLIMkLTyBhsMZ3C5Z\/kDxOSCb\/DOs\/\/J0qcWSX\/2ipe56EgTCA4\/cB7NAYOsni4mZM1MUPAISoEwkDi4lhVBQ1cWQyIcwalw4EpqZN68JUSK7XC0kTlkLYii5uXSC8jT5ncCAS7mjCv0uHp\/3lueHEEAeQ\/\/VgmdN71\/2uCSA1Xr6DO6uI6sW56zqT2tp2PhgiRUAajV8CY2fkcz6WGNKMgLAt7tJAhD4YHMTeRxlALE6+43WqjSWi8ITxyJl8WrwWSNESQZZOqhDDntO3hJLsd5RtSpbJqdv3YrDJH3F7jL1R2O2aQkn2MyCyKYz0GPGIvSAMgBCrCEiJyKbBaYGwLW4uPRr0A0M4Ux5kUI7IBh+hMdiCEWNqhMZGyYMsOgNE58UQuEQeUnSWCMYwL54hkxK6IoqucQZbQ3pc3XtL0lky1dL0zZJJDpWJovFqpWj6JEHnyam2eQp5QRVAVHjWparTOaVwUOx99YS2MvgxIGV0bb+qIg2HX2qkFFJB+XZcbLiuRkuxD9GRroKyveLxdh4d7Orx+hb7qc3uVRuEogCOnyIxm4ubUoPgF4jianDrC+SDQDKEfJb0GUKmjCGPYHGJvVC6X4hw1\/sAfQAdfYyephIaspXe36RwOP+Ljvfx9B6B3i+Nk0DGq+oCbLn6JpBa9nWAveAIHwFAwtVcIJXPMPL8kRu5OAYPMaL1WScTxjiZDqB9LTJSWphow\/pTYKRTLjCBhvi9iBidvKcDasGSm0QQkycYuLBqj6QCELPctqChDWpTRMWkngNNpQ1Pfp1KkiT\/Y0DGffXAweUNfLAfaJFKDwhb6I+bkYRbkERoEeu3Fyjg2opMz2daZCS9jt6Q7txNfB+OZEVF6Zl5web2xunnLQrtrjXseXKaFYziYINeMFZVxS9VxRhOoesYwxPKXm+gWLG9cuFeq93UNNeJNsf1KlwuDok9n02n3TgIJpOxNfL9naIoQwXtfH9kjceTIIi709ncTg6LZbg+biLH1V6u\/7rxBem06VXKn9raAAAAAElFTkSuQmCC\")      no-repeat center center \/ contain;  }  @media screen and (max-width: 960px) and (orientation: portrait) {    .logo {      width: 100%;    }    .logo .pc-banner {      display: none;    }    .logo .m-banner {      display: block;      width: 100%;    }    .logo .m-banner img {      height: auto!important;    }    .ytvideo {      height: 200px;      width: 100%;    }  }<\/style><style>  .video-section {    width: 100%;    margin: 0 auto;  }  .video-section > img {    width: 100%;  }  .video-section iframe,  .video-section video {    width: 100%;    height: 100%;      }  .video-section-img-m,  .video-section-img-pc > img {    width: 100%;    height: auto;  }  .video-section-img-pc.small > img {    width: 970px;  }  .video-desc {    line-height: 1.5;    font-size: 20px;    font-weight: 400;    margin: 20px 0;    text-align: center;    color: #0f1111;    word-break: break-word;  }  @media screen and (max-width: 960px) and (orientation: portrait) {    .video-section {      width: 100%;    }    .video-section-pc,    .video-section-img-pc {      display: none;    }    .video-section-m,    .video-section-img-m {      display: block;    }    .video-desc {      font-size: 15px;    }  }  @media screen and (min-width: 960px) {    .video-section {      width: 100%;      margin: 0 auto;    }    .video-section-pc,    .video-section-img-pc {      display: block;    }    .video-section-m,    .video-section-img-m {      display: none;    }    .video-desc {      font-size: 20px;    }  }<\/style><style>  .section + .section {    margin-top: 35px;  }  .section-title {    text-align: center;    font-weight: bold;    color: #0d1111;    font-family: \"Arial\";    font-size: 32px;    margin: 15px 0;  }  .section-title:empty {    display: none;  }  .section-desc {    text-align: center;    font-weight: normal;    color: #0d1111;    margin-top: 20px;  }  .section-desc:empty {    display: none;  }  .section-img {    width: 1200px;    height: 492px;    margin: 0 auto;    display: block;  }  .section-img.small {    width: 970px;    height: auto;  }  .section-img.small > img {    height: auto;  }  .section-img > img {    width: 100%;    height: 100%;  }  .section-mobile-img {    display: none;    max-width: 100vw;    max-height: 75vw;    height: 450px;    margin: 0 auto;  }  .section-mobile-img > img {    width: 100%;    height: 100%;  }  @media screen and (max-width: 960px) and (orientation: portrait) {    .container {      width: 100%;    }    .container.small {      width: 100%;    }    .section-mobile-img {      display: block;    }    .section-img {      display: none;    }    .section-title {      font-size: 22px;      margin: 10px 0;    }    .section-desc {      margin-top: 10px;    }    .section + .section {      margin-top: 20px;    }  }<\/style><\/head><body><div class=\"container\"><div class=\"logo\"><div class=\"pc-banner\"><div><img decoding=\"async\" src=\"\/vevor\/vevor\/boutique-banner\/pc\/en-pc@1x.jpg\" style=\"width: 100%;\" \/><\/div><\/div><div class=\"m-banner\"><div><img decoding=\"async\" src=\"\/vevor\/vevor\/boutique-banner\/mobile\/en-m@1x.jpg\" style=\"width: 100%;\" \/><\/div><\/div><\/div><div class=\"section-title\">Elektrinis ve\u017eim\u0117lis: sukurtas siekiant u\u017etikrinti did\u017eiausi\u0105 patogum\u0105 ir saugum\u0105<\/div><div class=\"video-section\"><div class=\"video-section-img-pc\"><img decoding=\"async\" src=\"\/vevor\/product\/DDLY300LBS17XVGF9\/electirc-wheelchair-a100-1.4.jpg\" alt=\"VEVOR electric wheelchair with lift-up armrests and footrests for easier access.\" \/><\/div><div class=\"video-section-img-m\"><img decoding=\"async\" src=\"\/vevor\/product\/DDLY300LBS17XVGF9\/electirc-wheelchair-a100-1.4-m.jpg\" alt=\"VEVOR electric wheelchair with lift-up armrests and footrests for easier access.\" \/><\/div><div class=\"section-desc\">M\u016bs\u0173 elektrinis ve\u017eim\u0117lis pasi\u017eymi vienu mygtuku sulankstomu dizainu, kad b\u016bt\u0173 lengva laikyti baga\u017ein\u0119 ir pagerinti kelion\u0117s patogum\u0105. kietos, sprogimui atsparios amortizuojan\u010dios padangos ir puikus lipimo geb\u0117jimas be vargo valdo \u012fvairias vietoves, u\u017etikrindamas skland\u0173 mobilum\u0105.<\/div><\/div><div class=\"section\"><div class=\"section-title\"><\/div><div class=\"section-img\"><img decoding=\"async\" src=\"\/vevor\/product\/DDLY300LBS17XVGF9\/electirc-wheelchair-a100-2.2.jpg\" alt=\"steps to assemble VEVOR electric wheelchair: unfold, raise backrest, install rocker, battery, footrests.\" \/><\/div><div class=\"section-mobile-img\"><img decoding=\"async\" src=\"\/vevor\/product\/DDLY300LBS17XVGF9\/electirc-wheelchair-a100-2.2-m.jpg\" alt=\"steps to assemble VEVOR electric wheelchair: unfold, raise backrest, install rocker, battery, footrests.\" \/><\/div><div class=\"section-desc\">Porankius galima lengvai pakelti, tod\u0117l lengviau atsikelti i\u0161 s\u0117dyn\u0117s arba atsis\u0117sti \u012f j\u0105. koj\u0173 atramos atidaromos \u012f \u0161onus, kad b\u016bt\u0173 lengviau pasiekti \u0160is dizainas patenkina senjor\u0173 poreikius, tod\u0117l kasdienis gyvenimas tampa patogesnis.<\/div><\/div><div class=\"section\"><div class=\"section-title\"><\/div><div class=\"section-img\"><img decoding=\"async\" src=\"\/vevor\/product\/DDLY300LBS17XVGF9\/electirc-wheelchair-a100-2.3.jpg\" alt=\"compact and easy to store VEVOR electric wheelchair for subways, high-speed trains, ferries, and airplanes.\" \/><\/div><div class=\"section-mobile-img\"><img decoding=\"async\" src=\"\/vevor\/product\/DDLY300LBS17XVGF9\/electirc-wheelchair-a100-2.3-m.jpg\" alt=\"compact and easy to store VEVOR electric wheelchair for subways, high-speed trains, ferries, and airplanes.\" \/><\/div><div class=\"section-desc\">Su lengva montavimas, galite prad\u0117ti naudoti elektrin\u012f ve\u017eim\u0117l\u012f greitai, taupant surinkimo laik\u0105 ir pastangas Vartotojai gali tiesiog sekti veiksmus greitai surinkimo, panaikinant laukimo ar \u012ftempto nustatymo poreik\u012f.<\/div><\/div><div class=\"section\"><div class=\"section-title\"><\/div><div class=\"section-img\"><img decoding=\"async\" src=\"\/vevor\/product\/DDLY300LBS17XVGF9\/electirc-wheelchair-a100-2.4.jpg\" alt=\"VEVOR electric wheelchair navigating grass, dirt paths, cobblestone roads, snow, speed bumps, and slopes.\" \/><\/div><div class=\"section-mobile-img\"><img decoding=\"async\" src=\"\/vevor\/product\/DDLY300LBS17XVGF9\/electirc-wheelchair-a100-2.4-m.jpg\" alt=\"VEVOR electric wheelchair navigating grass, dirt paths, cobblestone roads, snow, speed bumps, and slopes.\" \/><\/div><div class=\"section-desc\">D\u0117l kompakti\u0161ko dyd\u017eio j\u012f lengva laikyti neu\u017eimant per daug vietos, tod\u0117l vartotojai gali j\u012f laikyti namuose ar automobilio baga\u017ein\u0117je. Nesvarbu, ar tai b\u016bt\u0173 ilgos kelion\u0117s, ar kasdien\u0117s kelion\u0117s \u012f darb\u0105 ir atgal, vartotojai gali j\u012f ne\u0161iotis be vargo. Sulankstytas jis tampa ne\u0161iojamas, kad b\u016bt\u0173 lengva pakelti ir manevruoti.<\/div><\/div><div class=\"section\"><div class=\"section-title\"><\/div><div class=\"section-img\"><img decoding=\"async\" src=\"\/vevor\/product\/DDLY300LBS17XVGF9\/electirc-wheelchair-a100-2.5.jpg\" alt=\"VEVOR electric wheelchair with sturdy carbon steel frame, 17.5-inch seat, and multiple protections.\" \/><\/div><div class=\"section-mobile-img\"><img decoding=\"async\" src=\"\/vevor\/product\/DDLY300LBS17XVGF9\/electirc-wheelchair-a100-2.5-m.jpg\" alt=\"VEVOR electric wheelchair with sturdy carbon steel frame, 17.5-inch seat, and multiple protections.\" \/><\/div><div class=\"section-desc\">Sukurta nar\u0161yti \u012fvairias kli\u016btis ir vietoves, u\u017etikrinanti skland\u0173 va\u017eiavim\u0105 keliais, \u017eole, purvo takais, trinkel\u0117mis ir net sniegu. Nesvarbu, ar susiduriate su grei\u010dio nelygumais, metro tarpais ar \u0161laitais nuo 6\u00b0 iki 10\u00b0, jis lengvai juos tvarko, tod\u0117l j\u016bs\u0173 kelion\u0117 tampa sklandesn\u0117.<\/div><\/div><div class=\"section\"><div class=\"section-img\"><img decoding=\"async\" src=\"\/vevor\/product\/DDLY300LBS17XVGF9\/electirc-wheelchair-a100-1.11.jpg\" alt=\"VEVOR electric wheelchair, carbon steel, model w5216, silver, 93.50lbs, 265lb capacity, 27.17&quot; width.\" \/><\/div><div class=\"section-mobile-img\"><img decoding=\"async\" src=\"\/vevor\/product\/DDLY300LBS17XVGF9\/electirc-wheelchair-a100-1.11-m.jpg\" alt=\"VEVOR electric wheelchair, carbon steel, model w5216, silver, 93.50lbs, 265lb capacity, 27.17&quot; width.\" \/><\/div><\/div><\/div><\/body><\/html><\/div>\n<div class=\"DM_at-title\" id=\"js-DM_at-title\"> <div>Produkto specifikacija<\/div> <i class=\"icon-arrowup_line\"><\/i> <\/div><div class=\"DM_at-goodsDescAttr\" id=\"js-DM_at-goodsDescAttr\"> <div class=\"DM_at-goodsDescAttrInner\"> <dl class=\"goodsDesc_item goodsDesc_item_even\"> <dt>Modelis<\/dt> <dd> W5216<\/dd> <\/dl> <dl class=\"goodsDesc_item\"> <dt>Pagrindin\u0117 Med\u017eiaga<\/dt> <dd> Q235 Anglies Plieno<\/dd> <\/dl> <dl class=\"goodsDesc_item goodsDesc_item_even\"> <dt>\u0412\u0440\u0435\u043c\u044f \u0440\u0430\u0431\u043e\u0442\u044b \u0441 \u043c\u043e\u0449\u043d\u043e\u0439 \u043f\u043e\u0441\u0442\u043e\u044f\u043d\u043d\u043e\u0439 \u043e\u0447\u0438\u0441\u0442\u043a\u043e\u0439: 0-30 \u043c\u0438\u043d\u0443\u0442 (\u0440\u0435\u0433\u0443\u043b\u0438\u0440\u0443\u0435\u0442\u0441\u044f); \u0422\u0430\u043a\u0436\u0435 \u043c\u043e\u0436\u0435\u0442 \u0431\u044b\u0441\u0442\u0440\u043e \u043d\u0430\u0433\u0440\u0435\u0432\u0430\u0442\u044c \u0440\u0430\u0441\u0442\u0432\u043e\u0440\u044b \u0434\u043e \u0442\u0435\u043c\u043f\u0435\u0440\u0430\u0442\u0443\u0440\u044b 0-80 \u2103 (\u0440\u0435\u0433\u0443\u043b\u0438\u0440\u0443\u0435\u0442\u0441\u044f). \u0426\u0438\u043a\u043b \u043d\u0430\u0433\u0440\u0435\u0432\u0430 \u0438 \u043e\u0447\u0438\u0441\u0442\u043a\u0438, \u043a\u043e\u043d\u0442\u0440\u043e\u043b\u0438\u0440\u0443\u0435\u043c\u044b\u0439 \u043c\u0438\u043a\u0440\u043e\u0447\u0438\u043f\u043e\u043c. \u0421\u043e \u0441\u0432\u0435\u0442\u043e\u0434\u0438\u043e\u0434\u043d\u044b\u043c \u044d\u043a\u0440\u0430\u043d\u043e\u043c \u0438 \u043a\u043d\u043e\u043f\u043a\u0430\u043c\u0438 \u0434\u043b\u044f \u043e\u0442\u043e\u0431\u0440\u0430\u0436\u0435\u043d\u0438\u044f \u0438 \u0432\u044b\u0431\u043e\u0440\u0430 \u0440\u0435\u0436\u0438\u043c\u043e\u0432.<\/dt> <dd> Reguliuojamas<\/dd> <\/dl> <dl class=\"goodsDesc_item\"> <dt>S\u0117dyn\u0117s Plotis<\/dt> <dd> 17.5 inches \/ 444.50 mm<\/dd> <\/dl> <dl class=\"goodsDesc_item goodsDesc_item_even\"> <dt>Priekinio\/galinio rato skersmuo<\/dt> <dd> 10\/16 inch (254\/406.4 mm)<\/dd> <\/dl> <dl class=\"goodsDesc_item\"> <dt>Keliamoji Galia<\/dt> <dd> 265 lbs \/ 120.20 kg<\/dd> <\/dl> <dl class=\"goodsDesc_item goodsDesc_item_even\"> <dt>Diapazonas<\/dt> <dd> \u226512,5 mylios \/ 20 km<\/dd> <\/dl> <dl class=\"goodsDesc_item\"> <dt>Maks. Greitis<\/dt> <dd> \u22643,7 myli\u0173\/h (6 km\/h)<\/dd> <\/dl> <dl class=\"goodsDesc_item goodsDesc_item_even\"> <dt>Gaminio Matmenys<\/dt> <dd> 42.91 x 27.17 x 38.19 inches \/ 1090 x 690 x 970 mm<\/dd> <\/dl> <dl class=\"goodsDesc_item\"> <dt>Neto Svoris<\/dt> <dd> 93.50 lbs \/ 42.3 kg<\/dd> <\/dl> <\/div> <\/div>","protected":false},"excerpt":{"rendered":"<ul>\n<li> Nesistengiantis 5 grei\u010di\u0173 valdymas: lengvai valdykite greit\u012f viena ranka Vairasvirt\u0117 gali b\u016bti montuojama kair\u0117je arba de\u0161in\u0117je pus\u0117je ir turi 5 grei\u010di\u0173 nustatymus, akumuliatoriaus ekran\u0105, maitinimo jungikl\u012f, garso signalo mygtuk\u0105, grei\u010dio ekran\u0105 ir pagrei\u010dio \/ l\u0117t\u0117jimo klavi\u0161us, tod\u0117l mobilumas yra patogesnis ir patikimesnis. <\/li>\n<li> 12,5 myli\u0173 \/ 20 km ilgio nuotolis: pilnas \u012fkrovimas per nakt\u012f leid\u017eia lengvai keliauti \u012f ligonin\u0119 ir prekybos centr\u0105, o 12,5 myli\u0173 \/ 20 kilometr\u0173 nuotolis Visi\u0161kai \u012fkrauti u\u017etrunka tik 8-12 valand\u0173, o akumuliatori\u0173 galima i\u0161imti savaranki\u0161kam \u012fkrovimui Su did\u017eiausiu 6km \/ h grei\u010diu galite keliauti saugiai ir stabiliai. <\/li>\n<li> Vieno mygtuko sulankstymas: nereikia kovoti su ve\u017eim\u0117lio sulankstymu; jis lengvai susilanksto transportavimui \u0160is patogumas leid\u017eia lengvai apsilankyti ligonin\u0117se, prekybos centruose ir kitose vietose, nesijaudinant d\u0117l ve\u017eim\u0117lio naudojimo metu Ma\u017eesnis sulankstytas dydis suteikia daugiau patogumo vartotojams. <\/li>\n<li> 16-Inch Solid Tires: The solid, explosion-proof design ensures tire stability and durability. Whether climbing a 6\u00b0 or 10\u00b0 slope, the deep tread pattern increases grip, effectively preventing slipping and sliding. The front wheel diameter is 10 inches, and the rear wheel diameter is 16 inches. <\/li>\n<li> 265 lbs Weight Capacity: With a maximum weight capacity of 265 pounds, the spacious 17.5-inch seat design accommodates various body types, ensuring comfort and stability. The carbon steel frame structure is sturdy and durable, and the seat back angle can be adjusted from 90\u00b0 to 145\u00b0, meeting different needs and providing the best sitting experience. <\/li>\n<\/ul>","protected":false},"featured_media":341272,"comment_status":"closed","ping_status":"open","template":"","meta":{"om_disable_all_campaigns":false,"_monsterinsights_skip_tracking":false,"_monsterinsights_sitenote_active":false,"_monsterinsights_sitenote_note":"","_monsterinsights_sitenote_category":0,"_uf_show_specific_survey":0,"_uf_disable_surveys":false},"location":[1935,1934],"product_brand":[21],"product_cat":[4222,2393,2394,2395],"product_tag":[],"class_list":{"0":"post-55140","1":"product","2":"type-product","3":"status-publish","4":"has-post-thumbnail","6":"location-supplier_stock_location","7":"location-local_stock_location","8":"product_brand-vevor","9":"product_cat-electric-wheelchairs","10":"product_cat-health-and-wellness","11":"product_cat-mobility-aids","12":"product_cat-wheelchairs","14":"first","15":"outofstock","16":"taxable","17":"shipping-taxable","18":"purchasable","19":"product-type-simple"},"aioseo_notices":[],"jetpack_sharing_enabled":true,"locations":[{"id":1935,"name":"Pieg\u0101d\u0101t\u0101ja noliktav\u0101 (5-7d.d.)","slug":"supplier_stock_location","quantity":"0"},{"id":1934,"name":"R\u012bgas veikal\u0101 (0-2d.d.)","slug":"local_stock_location","quantity":"0"}],"_links":{"self":[{"href":"https:\/\/vevorshop.lv\/lt\/wp-json\/wp\/v2\/product\/55140","targetHints":{"allow":["GET"]}}],"collection":[{"href":"https:\/\/vevorshop.lv\/lt\/wp-json\/wp\/v2\/product"}],"about":[{"href":"https:\/\/vevorshop.lv\/lt\/wp-json\/wp\/v2\/types\/product"}],"replies":[{"embeddable":true,"href":"https:\/\/vevorshop.lv\/lt\/wp-json\/wp\/v2\/comments?post=55140"}],"wp:featuredmedia":[{"embeddable":true,"href":"https:\/\/vevorshop.lv\/lt\/wp-json\/wp\/v2\/media\/341272"}],"wp:attachment":[{"href":"https:\/\/vevorshop.lv\/lt\/wp-json\/wp\/v2\/media?parent=55140"}],"wp:term":[{"taxonomy":"location","embeddable":true,"href":"https:\/\/vevorshop.lv\/lt\/wp-json\/wp\/v2\/location?post=55140"},{"taxonomy":"product_brand","embeddable":true,"href":"https:\/\/vevorshop.lv\/lt\/wp-json\/wp\/v2\/product_brand?post=55140"},{"taxonomy":"product_cat","embeddable":true,"href":"https:\/\/vevorshop.lv\/lt\/wp-json\/wp\/v2\/product_cat?post=55140"},{"taxonomy":"product_tag","embeddable":true,"href":"https:\/\/vevorshop.lv\/lt\/wp-json\/wp\/v2\/product_tag?post=55140"}],"curies":[{"name":"wp","href":"https:\/\/api.w.org\/{rel}","templated":true}]}}