{"id":55236,"date":"2024-11-20T03:15:44","date_gmt":"2024-11-20T03:15:44","guid":{"rendered":"http:\/\/vevorshop.edigo.lv\/Prece\/vevor-air-compressor-compact-portable-oil-free-compressor-8-gallon-90-psi\/"},"modified":"2026-05-11T17:15:53","modified_gmt":"2026-05-11T14:15:53","slug":"vevor-air-compressor-compact-portable-oil-free-compressor-8-gallon-90-psi","status":"publish","type":"product","link":"https:\/\/vevorshop.lv\/lt\/Prece\/vevor-oro-kompresorius-kompaktiskas-nesiojamas-alyvos-nemokamas-kompresorius-8-galonu-90-psi\/","title":{"rendered":"VEVOR 30L bealiejaus oro kompresorius, 1AG, 2.2 CFM@6.2 Bar, maks. 8.3 Bar, 80dB tylus, ne\u0161iojamas remontui ir da\u017eymui"},"content":{"rendered":"<div style=\"color: #fff!important; font-size: 16px; height: 24px; line-height: 24px; margin-top: -24px; \" class=\"product_original_name\">VEVOR oro kompresorius, 8 galon\u0173 plieninis bakas, 1 AG 2.2 CFM@90 PSI oro kompresorius be alyvos ir maks. 120PSI sl\u0117gis, 80 dB itin tylus ne\u0161iojamas kompresorius, skirtas automobili\u0173 remontui, padang\u0173 prip\u016btimui, pur\u0161kimui<\/div>\n<div style=\"color: #fff!important; font-size: 16px; height: 24px; line-height: 24px; margin-top: -24px; \" class=\"product_sku\">M4I4MC9C<\/div>\n<div style=\"color: #fff!important; font-size: 16px; height: 24px; line-height: 24px; margin-top: -24px; \" class=\"product_mpn\">WYWSKYJ30L75E7TAMV2<\/div><div id=\"js-DM_at-goodDescRich\"><html><head><style>  body {    font-family: Arial;    line-height: 1.5;    color: #1c1c1c;    overflow-x: hidden;    margin: 0;    padding: 0;  }  .MsoNormal b {    font-weight: bolder;  }<\/style><style>  .container.small {    width: 970px;    margin: 0 auto;  }  .logo {    margin: 0 auto 0;  }  .logo img {    display: block;    margin: 0 auto;    max-width: 100%;  }  .logo .pc-banner {    display: block;    width: 1200px;    height: 247.4px;    margin: 0 auto;  }  .logo .pc-banner.small {    width: 970px;  }  .logo .pc-banner.small img {    height: auto!important;  }  .logo .m-banner {    display: none;  }  .ytvideo {    position: relative;    height: 546px;    width: 100%;    margin: 0 auto;  }  .ytvideo img {    width: 100%;    margin: 0 auto;  }  .ytvideo .play-btn {    width: 60px;    height: 42px;    position: absolute;    top: 50%;    left: 50%;    transform: translate(-50%, -50%);    background: url(\"data:image\/png;base64,iVBORw0KGgoAAAANSUhEUgAAAGQAAABGCAMAAAANWMFbAAAC+lBMVEUAAADBGB3kLCfBGB3kLCfcJC7BFx3KKSbiKybkLCbWJCPSIiLSIiLPICHAFx3kLCfgKSXNHiDZJiTIGx\/p4eHcjo7LHSDbJyTkLCbjKyfOHyHPIiL28fHJHB\/GGh7EGR7eKCXDGB3RISHlLSbBGB3AFxzGHB7DGB7BGB3hKybkKybAFx3lLCfAFxzDGR3hKibDGB7cJyTmz8\/elJTlwcHjurrUIyLlLSflLSfAFx3DGR7lLSfCFx3hKibhKibhKybjKybkLCblLSfbJSX49vbx7e3NNzjNMTLMJyjVIyLZf3\/ZQ0LaeHjx0tLgoqLkLCfCGB3HGx\/BGB3BFx3PICHCGB7WJCLOHyC\/Fxy\/Fx3lLCfQISHkLSe\/FxzbJiTBFx3FGx\/AGB7BFx3EGR7AGB3HHSDfKiXAFh3TISHYNzbhKibbJyTTIiL57e325+f039\/v2NjUV1fOHiHiqanfmprch4feKSXVIyPOICHmLibFGh\/mLSe\/Fx7XJCPeKSXXJSPNHyHaJyTGGh7lLCbmLCflLSjSIiLkLCbdKSXLHiC\/GB3KHh++Fh3lKyfoLiXcKCPkx8fYb2\/XaGfVXl3aU1LLHiDksbHgKibPICHbJyTfKSXbJyTCGB3KHSDiKybFGh7TIiL\/\/\/\/VIyPRISHIHB\/GGx\/HHB\/DGR7gKibdKCXLHiDZJiTMHiDNHyHYJSTOICHPICHWJCPcKCXXJSPjLCblLCf+\/f3NGR\/uLijzLynPGR\/IGB7WISHaIyLLGh7UAADxLynNAADRLzDbICLQAADIAAD3MCrUHSHXMTDpKSbLAADp5OTij4\/ejo\/VLy\/1LyngJSTcJCPQHx\/OHB7+\/PzaMS\/OLS\/vLijrLSjSAADaNTPwLyjkKSbNJCbYISHPHB\/KGB7WAAD7+vrn3d3aKynTKCjoLCfsKifRGh\/YAADq5+fhjo7QNDXXKCfmJyXt5+fTLzDLLi\/QKivYHRvMGBrQJCXLISPMExXLDxLaEAvkkI\/bOTfaFQ\/SCgpvLcnHAAAAmnRSTlMA+vv7+gT9Bvf9+8z8\/NSv\/Pr5+P7++vnQIBMP\/v38\/Pn348XDiCYf9OjbzcqxXVcx\/fz8+\/rj1r2poo1+fXFqX0orGP7+\/v7+\/fz8+\/r68uzn4trIxsG\/vri3p6GcmZSNbWVYUUZEPQv+\/f39+\/v7+\/v7+vr64tvV1NTTz87FtbSurqeblJKFg4B3bUY+NjL7+\/v7+\/v67t1cDo8JLQAABkRJREFUWMO0kz9rwkAYh0OIeJkum6YugUAhISCdKoj\/P4C7SMdS+gEKIhSKil10LSg4mzXkILdlEpxCpwTiWOLX6BujvQaEQuGeHLnL+\/64J+SIcKGYTYWnntpdLjrVdqvZmNdn0+EE40GtpuuWVS6Xx6N7YDSGpWXpeq02wHgynM7q80az1a52HpddtVcpsi1zFARBrdaxbhp9iUReTGmwA4KAAr7vx3EYejnCMI6hQYEgy0LQi4jUN0wL19vqFcUC9\/1dAKmEEFkWRYkh5oBejnxQJiSJPJ\/uKBp0Thszx9Mw8hMRIQjKsptCfuES9zr5WJY6vSFCIvE9fCMUmEM1A1kSXcYGxgVYsvI1IPKTZciSTI0us\/SMGG04gDzELDoFBwdcFJrF88dqgYMTiL6DILWYyfOWE8\/kIz38olCNlC03FK95+imxp6y4oUSvAnBjHHhKNtotSDqJzVFiK8c2SBqhZtsrTtgrLXwAyduxZHNE26eHUt5rtuM4WSmds3G+sUdWYo1L+XyxButoh5eKUHk5lByO3G1LqqCWVnfrv\/lyPtf\/4ps1cndNGIri8J1TJ0lx6dR\/oPjq1nbRwdp2dCk4CtIOLW3pVKRL6WZfS5vF2KkIQhpwSsjiYIgNCs1gEMGqiIq24NQX9NwoXFy8Ufrl3twTcg4fv8T9\/JBEySduj6Mjm4bMzYV7EEOxKjjoNDud7yY3Dy71Hq2oLmqfbNR723edH9PgMrNL2utoQ3VmaIDkiw\/4w51P06hlZsTZvkRrbVuSIs\/zwSOsycgzStQouoAkWQqioRT5XI7n2Z1wfVhoZmcAJLsoqjqpjbWCgpOAJXBwHK8PzWbNvoUZJND5wCnSkLAkZ1legx6vqQzjoiTahKlGUGLAiIIoABOHaNVw4sexZBym6\/HWlH5h3IC7yRbxtipcWxdTOkORKiNQAEkFf66x5S2oeRbroOlLgg0sSYkR0hRGEqJZ0jTPiQKatESdBckpWigxaapEH0lImHdWu9pUFF2XqMNM2Z4kped7IwEJw2qabwtrQqnpw6HyKkgcadKWsmpywwesDyIhYRpdzXddqegtGIJlXbAIUMOLkGxJUjRIkokwjUaX9d\/kK62ps\/tYUqZLIMkLTyBhsMZ3C5Z\/kDxOSCb\/DOs\/\/J0qcWSX\/2ipe56EgTCA4\/cB7NAYOsni4mZM1MUPAISoEwkDi4lhVBQ1cWQyIcwalw4EpqZN68JUSK7XC0kTlkLYii5uXSC8jT5ncCAS7mjCv0uHp\/3lueHEEAeQ\/\/VgmdN71\/2uCSA1Xr6DO6uI6sW56zqT2tp2PhgiRUAajV8CY2fkcz6WGNKMgLAt7tJAhD4YHMTeRxlALE6+43WqjSWi8ITxyJl8WrwWSNESQZZOqhDDntO3hJLsd5RtSpbJqdv3YrDJH3F7jL1R2O2aQkn2MyCyKYz0GPGIvSAMgBCrCEiJyKbBaYGwLW4uPRr0A0M4Ux5kUI7IBh+hMdiCEWNqhMZGyYMsOgNE58UQuEQeUnSWCMYwL54hkxK6IoqucQZbQ3pc3XtL0lky1dL0zZJJDpWJovFqpWj6JEHnyam2eQp5QRVAVHjWparTOaVwUOx99YS2MvgxIGV0bb+qIg2HX2qkFFJB+XZcbLiuRkuxD9GRroKyveLxdh4d7Orx+hb7qc3uVRuEogCOnyIxm4ubUoPgF4jianDrC+SDQDKEfJb0GUKmjCGPYHGJvVC6X4hw1\/sAfQAdfYyephIaspXe36RwOP+Ljvfx9B6B3i+Nk0DGq+oCbLn6JpBa9nWAveAIHwFAwtVcIJXPMPL8kRu5OAYPMaL1WScTxjiZDqB9LTJSWphow\/pTYKRTLjCBhvi9iBidvKcDasGSm0QQkycYuLBqj6QCELPctqChDWpTRMWkngNNpQ1Pfp1KkiT\/Y0DGffXAweUNfLAfaJFKDwhb6I+bkYRbkERoEeu3Fyjg2opMz2daZCS9jt6Q7txNfB+OZEVF6Zl5web2xunnLQrtrjXseXKaFYziYINeMFZVxS9VxRhOoesYwxPKXm+gWLG9cuFeq93UNNeJNsf1KlwuDok9n02n3TgIJpOxNfL9naIoQwXtfH9kjceTIIi709ncTg6LZbg+biLH1V6u\/7rxBem06VXKn9raAAAAAElFTkSuQmCC\")      no-repeat center center \/ contain;  }  @media screen and (max-width: 960px) and (orientation: portrait) {    .logo {      width: 100%;    }    .logo .pc-banner {      display: none;    }    .logo .m-banner {      display: block;      width: 100%;    }    .logo .m-banner img {      height: auto!important;    }    .ytvideo {      height: 200px;      width: 100%;    }  }<\/style><style>  .video-section {    width: 100%;    margin: 0 auto;  }  .video-section > img {    width: 100%;  }  .video-section iframe,  .video-section video {    width: 100%;    height: 100%;      }  .video-section-img-m,  .video-section-img-pc > img {    width: 100%;    height: auto;  }  .video-section-img-pc.small > img {    width: 970px;  }  .video-desc {    line-height: 1.5;    font-size: 20px;    font-weight: 400;    margin: 20px 0;    text-align: center;    color: #0f1111;    word-break: break-word;  }  @media screen and (max-width: 960px) and (orientation: portrait) {    .video-section {      width: 100%;    }    .video-section-pc,    .video-section-img-pc {      display: none;    }    .video-section-m,    .video-section-img-m {      display: block;    }    .video-desc {      font-size: 15px;    }  }  @media screen and (min-width: 960px) {    .video-section {      width: 100%;      margin: 0 auto;    }    .video-section-pc,    .video-section-img-pc {      display: block;    }    .video-section-m,    .video-section-img-m {      display: none;    }    .video-desc {      font-size: 20px;    }  }<\/style><style>  .section + .section {    margin-top: 35px;  }  .section-title {    text-align: center;    font-weight: bold;    color: #0d1111;    font-family: \"Arial\";    font-size: 32px;    margin: 15px 0;  }  .section-title:empty {    display: none;  }  .section-desc {    text-align: center;    font-weight: normal;    color: #0d1111;    margin-top: 20px;  }  .section-desc:empty {    display: none;  }  .section-img {    width: 1200px;    height: 492px;    margin: 0 auto;    display: block;  }  .section-img.small {    width: 970px;    height: auto;  }  .section-img.small > img {    height: auto;  }  .section-img > img {    width: 100%;    height: 100%;  }  .section-mobile-img {    display: none;    max-width: 100vw;    max-height: 75vw;    height: 450px;    margin: 0 auto;  }  .section-mobile-img > img {    width: 100%;    height: 100%;  }  @media screen and (max-width: 960px) and (orientation: portrait) {    .container {      width: 100%;    }    .container.small {      width: 100%;    }    .section-mobile-img {      display: block;    }    .section-img {      display: none;    }    .section-title {      font-size: 22px;      margin: 10px 0;    }    .section-desc {      margin-top: 10px;    }    .section + .section {      margin-top: 20px;    }  }<\/style><\/head><body><div class=\"container small\"><div class=\"logo\"><div class=\"pc-banner small\"><div><img decoding=\"async\" src=\"\/vevor\/vevor\/boutique-banner\/pc\/en-pc@1x.jpg\" style=\"width: 100%;\" \/><\/div><\/div><div class=\"m-banner\"><div><img decoding=\"async\" src=\"\/vevor\/vevor\/boutique-banner\/mobile\/en-m@1x.jpg\" style=\"width: 100%;\" \/><\/div><\/div><\/div><div class=\"section-title\">Galingas Horizontalus Oro Kompresorius,<\/div><div class=\"video-section\"><div class=\"video-section-img-pc small\"><img decoding=\"async\" src=\"\/vevor\/product\/WYWSKYJ30L75E7TAM\/stationary-air-compressor-a100-1.4-pt.jpg\" \/><\/div><div class=\"video-section-img-m\"><img decoding=\"async\" src=\"\/vevor\/product\/WYWSKYJ30L75E7TAM\/stationary-air-compressor-a100-1.4-pt.jpg\" \/><\/div><div class=\"section-desc\">\u0160i horizontali oro kompresorius funkcijos 1HP be alyvos variklis, tiekti pakankamai energijos poreikius \u012fvair\u016bs pneumatiniai \u012frankiai. Ji si\u016blo pakankamai oro ir galios parama vinimis, da\u017eymas ir kitos programos.<\/div><\/div><div class=\"section\"><div class=\"section-title\"><\/div><div class=\"section-img small\"><img decoding=\"async\" src=\"\/vevor\/product\/WYWSKYJ30L75E7TAM\/stationary-air-compressor-a100-2.2-pt.jpg\" \/><\/div><div class=\"section-mobile-img\"><img decoding=\"async\" src=\"\/vevor\/product\/WYWSKYJ30L75E7TAM\/stationary-air-compressor-a100-2.2-pt.jpg\" \/><\/div><div class=\"section-desc\">\u0160is horizontalus oro kompresorius komplektuojamas su 8 galon\u0173 didel\u0117s talpos oro baku, u\u017etikrinan\u010diu didel\u012f oro rezerv\u0105, u\u017etikrina nuolatin\u012f ir stabil\u0173 oro tiekim\u0105 ilg\u0173 ir intensyvi\u0173 darbo sesij\u0173 metu.<\/div><\/div><div class=\"section\"><div class=\"section-title\"><\/div><div class=\"section-img small\"><img decoding=\"async\" src=\"\/vevor\/product\/WYWSKYJ30L75E7TAM\/stationary-air-compressor-a100-2.3-pt.jpg\" \/><\/div><div class=\"section-mobile-img\"><img decoding=\"async\" src=\"\/vevor\/product\/WYWSKYJ30L75E7TAM\/stationary-air-compressor-a100-2.3-pt.jpg\" \/><\/div><div class=\"section-desc\">\u0160is oro kompresorius bakas tinka \u012fvairi\u0173 program\u0173. Ar nam\u0173 &#034;PASIDARYK pats&#034; projektams, profesin\u0117s seminaro u\u017eduotis, arba kitose pramon\u0117s \u0161akose, ji suteikia patikim\u0105 oro tiekimo. Jo universalumo ir didelio efektyvumo kad jis idealus pasirinkimas skirtingose darbo aplinkose.<\/div><\/div><div class=\"section\"><div class=\"section-title\"><\/div><div class=\"section-img small\"><img decoding=\"async\" src=\"\/vevor\/product\/WYWSKYJ30L75E7TAM\/stationary-air-compressor-a100-2.4-pt.jpg\" \/><\/div><div class=\"section-mobile-img\"><img decoding=\"async\" src=\"\/vevor\/product\/WYWSKYJ30L75E7TAM\/stationary-air-compressor-a100-2.4-pt.jpg\" \/><\/div><div class=\"section-desc\">Featuring i\u0161pl\u0117stinis greito \u0161aldymo dizaino, \u0161is itin tylus kompresorius efektyviai suma\u017eina eksploatacijos temperat\u016bra ir prailgina \u012frangos tarnavimo laik\u0105. Jo efektyvi au\u0161inimo sistema u\u017etikrina stabili\u0105 veikl\u0105 per ilg\u0105 nepertraukiam\u0105 darb\u0105, u\u017ekirsti keli\u0105 u\u017edarym\u0173 ir \u017eal\u0105 d\u0117l perkaitimo.<\/div><\/div><div class=\"section\"><div class=\"section-title\"><\/div><div class=\"section-img small\"><img decoding=\"async\" src=\"\/vevor\/product\/WYWSKYJ30L75E7TAM\/stationary-air-compressor-a100-2.5-pt.jpg\" \/><\/div><div class=\"section-mobile-img\"><img decoding=\"async\" src=\"\/vevor\/product\/WYWSKYJ30L75E7TAM\/stationary-air-compressor-a100-2.5-pt.jpg\" \/><\/div><div class=\"section-desc\">D\u0117l perkaitimo saugiklis automati\u0161kai atjungia energijos, kai temperat\u016bra yra per auk\u0161ta. Perkrovos saugiklis u\u017etikrina apsaug\u0105, kai srov\u0117 yra per didelis. Saugos vo\u017etuvas automati\u0161kai atleid\u017eia spaudimo, kai jis yra per didelis. \u0160i\u0173 dizain\u0173 pasi\u016blyti vartotojams patikim\u0105 patirtis.<\/div><\/div><div class=\"section\"><div class=\"section-img small\"><img decoding=\"async\" src=\"\/vevor\/product\/WYWSKYJ30L75E7TAM\/stationary-air-compressor-a100-1.11-pt.jpg\" \/><\/div><div class=\"section-mobile-img\"><img decoding=\"async\" src=\"\/vevor\/product\/WYWSKYJ30L75E7TAM\/stationary-air-compressor-a100-1.11-pt.jpg\" \/><\/div><\/div><\/div><\/body><\/html><\/div>\n<div class=\"DM_at-title\" id=\"js-DM_at-title\"> <div>Produkto specifikacija<\/div> <i class=\"icon-arrowup_line\"><\/i> <\/div><div class=\"DM_at-goodsDescAttr\" id=\"js-DM_at-goodsDescAttr\"> <div class=\"DM_at-goodsDescAttrInner\"> <dl class=\"goodsDesc_item goodsDesc_item_even\"> <dt>Prek\u0117s Modelio Numeris<\/dt> <dd> FB1390D-108AF-10C30<\/dd> <\/dl> <dl class=\"goodsDesc_item\"> <dt>Bako Talpa<\/dt> <dd> 8 GAL \/ 30 L<\/dd> <\/dl> <dl class=\"goodsDesc_item goodsDesc_item_even\"> <dt>Arklio galios<\/dt> <dd> 1HP<\/dd> <\/dl> <dl class=\"goodsDesc_item\"> <dt>Galia<\/dt> <dd> 650W<\/dd> <\/dl> <dl class=\"goodsDesc_item goodsDesc_item_even\"> <dt>Greitis<\/dt> <dd> 2800rpm<\/dd> <\/dl> <dl class=\"goodsDesc_item\"> <dt>Med\u017eiaga<\/dt> <dd> Plieno<\/dd> <\/dl> <dl class=\"goodsDesc_item goodsDesc_item_even\"> <dt>Srautas<\/dt> <dd> 2.0CFM<\/dd> <\/dl> <dl class=\"goodsDesc_item\"> <dt>Maks. Oro Sl\u0117gis<\/dt> <dd> 120PSI<\/dd> <\/dl> <dl class=\"goodsDesc_item goodsDesc_item_even\"> <dt>\u0160altas Srautas<\/dt> <dd> 2.0 SCFM \u00b110% @ 90 PSI<\/dd> <\/dl> <dl class=\"goodsDesc_item\"> <dt>Triuk\u0161mo Lygis<\/dt> <dd> Kaip 80dB<\/dd> <\/dl> <dl class=\"goodsDesc_item goodsDesc_item_even\"> <dt>Prek\u0117s Svoris<\/dt> <dd> 45,64 svaro \/ 20,7 kg<\/dd> <\/dl> <dl class=\"goodsDesc_item\"> <dt>Elemento Dydis<\/dt> <dd> 22,0 x 14,2 x 22,8 coli\u0173 \/ 560*360*580mm<\/dd> <\/dl> <\/div> <\/div>","protected":false},"excerpt":{"rendered":"<ul>\n<li> 8 Gallon oro kompresorius: m\u016bs\u0173 650W be alyvos variklis varo kompresori\u0173 iki 2800 r\/min grei\u010dio ir 2,0 CFM@ 90 PSI oro pristatymo. idealiai tinka palaikyti \u012fvairius pneumatinius ir oro \u012frankius, tokius kaip vini\u0173 pistoletas, sm\u016bginis ver\u017eliaraktis, pur\u0161kimo pistoletas, pneumatinis atsuktuvas, geriausiai tinka padang\u0173 prip\u016btimui, automobili\u0173 remontui, pur\u0161kimui, med\u017eio dirbini\u0173 prikalimui ir kt. <\/li>\n<li> Greitas ir Efektyvus Infliacija: M\u016bs\u0173 naftos-laisvo oro kompresorius, priima vamzd\u017eio ir cilindro \u012fsiurbimo, efektyviai sutaupyti laiko ir pastang\u0173. \u012esiurbimo vamzdis yra pagamintas i\u0161 auk\u0161tai temperat\u016brai atsparaus silikono ir ner\u016bdijan\u010dio plieno tinklelio aku\u010di\u0173, su dviguba apsauga siekiant suma\u017einti \u017eal\u0105 aplinkai ir korozijai. <\/li>\n<li> Visa Galia, Be Triuk\u0161mo: M\u016bs\u0173 80 dB \u017eemo decibel\u0173 ultra quiet oro kompresoriai yra pastatytas su kokyb\u0117s duslintuvas. Kiekvieno duslintuvo sudaro sutir\u0161t\u0117s duslintuvo dangtis, guma duslintuvo vamzd\u017eio ir filtro medviln\u0117s. Jis ne tik suma\u017eina triuk\u0161m\u0105, bet ir efektyviai apsaugo nuo smulki\u0173 dulki\u0173 patekimo. <\/li>\n<li> Sukurta atlaikyti: M\u016bs\u0173 elektrinis oro kompresorius yra pagamintas i\u0161 3 sluoksni\u0173 proceso: r\u016bd\u017ei\u0173 &amp; dilimui atsparaus sluoksnio, plastiko milteli\u0173 tvirtinimo sluoksnio ir Q235B konstrukcinio plieno, u\u017etikrinan\u010dio ilgaam\u017ei\u0161kum\u0105 ir did\u017eiausi\u0105 atsparum\u0105 r\u016bdims. didelis guoli\u0173 sl\u0117gis ir besi\u016bl\u0117 suvirinimo konstrukcija u\u017etikrina geb\u0117jim\u0105 atlaikyti sprogimus ir nuot\u0117kius. <\/li>\n<li> Saugumo Ateina Pirmas: oro kompresoriaus bake yra \u012frengta su didel\u0117mis au\u0161inimo ventiliatoriaus ir automatinio perkaitimo apsauga, siekiant i\u0161vengti \u017ealos. Be to, kai dabartinis ar laikymo spaudimas yra per didelis, kompresoriaus bus automati\u0161kai i\u0161jungiamas, arba pateikti sl\u0117gio apsaugos. <\/li>\n<\/ul>","protected":false},"featured_media":342076,"comment_status":"closed","ping_status":"open","template":"","meta":{"om_disable_all_campaigns":false,"_uf_show_specific_survey":0,"_uf_disable_surveys":false},"location":[1935,1934],"product_brand":[21],"product_cat":[2375,2415,3022,2374],"product_tag":[],"class_list":{"0":"post-55236","1":"product","2":"type-product","3":"status-publish","4":"has-post-thumbnail","6":"location-supplier_stock_location","7":"location-local_stock_location","8":"product_brand-vevor","9":"product_cat-air-compressor-tools","10":"product_cat-air-compressors-air-compressor-tools","11":"product_cat-hot-dog-air-compressors","12":"product_cat-tools","14":"first","15":"instock","16":"taxable","17":"shipping-taxable","18":"purchasable","19":"product-type-simple"},"aioseo_notices":[],"locations":[{"id":1935,"name":"Pieg\u0101d\u0101t\u0101ja noliktav\u0101 (5-7d.d.)","slug":"supplier_stock_location","quantity":"146"},{"id":1934,"name":"R\u012bgas veikal\u0101 (0-2d.d.)","slug":"local_stock_location","quantity":"0"}],"_links":{"self":[{"href":"https:\/\/vevorshop.lv\/lt\/wp-json\/wp\/v2\/product\/55236","targetHints":{"allow":["GET"]}}],"collection":[{"href":"https:\/\/vevorshop.lv\/lt\/wp-json\/wp\/v2\/product"}],"about":[{"href":"https:\/\/vevorshop.lv\/lt\/wp-json\/wp\/v2\/types\/product"}],"replies":[{"embeddable":true,"href":"https:\/\/vevorshop.lv\/lt\/wp-json\/wp\/v2\/comments?post=55236"}],"wp:featuredmedia":[{"embeddable":true,"href":"https:\/\/vevorshop.lv\/lt\/wp-json\/wp\/v2\/media\/342076"}],"wp:attachment":[{"href":"https:\/\/vevorshop.lv\/lt\/wp-json\/wp\/v2\/media?parent=55236"}],"wp:term":[{"taxonomy":"location","embeddable":true,"href":"https:\/\/vevorshop.lv\/lt\/wp-json\/wp\/v2\/location?post=55236"},{"taxonomy":"product_brand","embeddable":true,"href":"https:\/\/vevorshop.lv\/lt\/wp-json\/wp\/v2\/product_brand?post=55236"},{"taxonomy":"product_cat","embeddable":true,"href":"https:\/\/vevorshop.lv\/lt\/wp-json\/wp\/v2\/product_cat?post=55236"},{"taxonomy":"product_tag","embeddable":true,"href":"https:\/\/vevorshop.lv\/lt\/wp-json\/wp\/v2\/product_tag?post=55236"}],"curies":[{"name":"wp","href":"https:\/\/api.w.org\/{rel}","templated":true}]}}