{"id":55256,"date":"2024-11-20T03:17:14","date_gmt":"2024-11-20T03:17:14","guid":{"rendered":"http:\/\/vevorshop.edigo.lv\/Prece\/vevor-dog-car-seat-cover-for-back-seat-54-x-26-5-in-waterproof-600d-for-suv\/"},"modified":"2026-04-19T23:40:38","modified_gmt":"2026-04-19T20:40:38","slug":"vevor-dog-car-seat-cover-for-back-seat-54-x-26-5-in-waterproof-600d-for-suv","status":"publish","type":"product","link":"https:\/\/vevorshop.lv\/lt\/Prece\/vevor-sunu-automobilio-sedynes-uzvalkalas-galinei-sedynei-54-x-26-5-vandeniui-600d-visureigiui\/","title":{"rendered":"VEVOR vandeniui atsparus \u0161un\u0173 automobilio s\u0117dyn\u0117s u\u017evalkalas 137\u00d767 cm, 600D sunkiasvoris galinis s\u0117dyn\u0117s hamakas su tinkliniu langu, saugykla, \u012fbr\u0117\u017eimams atsparus kilim\u0117lis visureigiui"},"content":{"rendered":"<div style=\"color: #fff!important; font-size: 16px; height: 24px; line-height: 24px; margin-top: -24px; \" class=\"product_original_name\">VEVOR \u0161un\u0173 automobilio s\u0117dyn\u0117s u\u017evalkalas galinei s\u0117dynei, 54 x 26,5 in Waterproof, 600D sunkiasvori\u0173 namini\u0173 gyv\u016bn\u0117li\u0173 automobilio s\u0117dyn\u0117s apsaugos su tinkliniu langu ir laikymo ki\u0161ene, \u012fbr\u0117\u017eimams atsparus mink\u0161tas galin\u0117s s\u0117dyn\u0117s \u0161un\u0173 hamako kilim\u0117lis visureigiui<\/div>\n<div style=\"color: #fff!important; font-size: 16px; height: 24px; line-height: 24px; margin-top: -24px; \" class=\"product_sku\">M4I4MCAR<\/div>\n<div style=\"color: #fff!important; font-size: 16px; height: 24px; line-height: 24px; margin-top: -24px; \" class=\"product_mpn\">BBDX54265INC4GTN4V0<\/div><div id=\"js-DM_at-goodDescRich\"><html><head><style>  body {    font-family: Arial;    line-height: 1.5;    color: #1c1c1c;    overflow-x: hidden;    margin: 0;    padding: 0;  }  .MsoNormal b {    font-weight: bolder;  }<\/style><style>  .container.small {    width: 970px;    margin: 0 auto;  }  .logo {    margin: 0 auto 0;  }  .logo img {    display: block;    margin: 0 auto;    max-width: 100%;  }  .logo .pc-banner {    display: block;    width: 1200px;    height: 247.4px;    margin: 0 auto;  }  .logo .pc-banner.small {    width: 970px;  }  .logo .pc-banner.small img {    height: auto!important;  }  .logo .m-banner {    display: none;  }  .ytvideo {    position: relative;    height: 546px;    width: 100%;    margin: 0 auto;  }  .ytvideo img {    width: 100%;    margin: 0 auto;  }  .ytvideo .play-btn {    width: 60px;    height: 42px;    position: absolute;    top: 50%;    left: 50%;    transform: translate(-50%, -50%);    background: url(\"data:image\/png;base64,iVBORw0KGgoAAAANSUhEUgAAAGQAAABGCAMAAAANWMFbAAAC+lBMVEUAAADBGB3kLCfBGB3kLCfcJC7BFx3KKSbiKybkLCbWJCPSIiLSIiLPICHAFx3kLCfgKSXNHiDZJiTIGx\/p4eHcjo7LHSDbJyTkLCbjKyfOHyHPIiL28fHJHB\/GGh7EGR7eKCXDGB3RISHlLSbBGB3AFxzGHB7DGB7BGB3hKybkKybAFx3lLCfAFxzDGR3hKibDGB7cJyTmz8\/elJTlwcHjurrUIyLlLSflLSfAFx3DGR7lLSfCFx3hKibhKibhKybjKybkLCblLSfbJSX49vbx7e3NNzjNMTLMJyjVIyLZf3\/ZQ0LaeHjx0tLgoqLkLCfCGB3HGx\/BGB3BFx3PICHCGB7WJCLOHyC\/Fxy\/Fx3lLCfQISHkLSe\/FxzbJiTBFx3FGx\/AGB7BFx3EGR7AGB3HHSDfKiXAFh3TISHYNzbhKibbJyTTIiL57e325+f039\/v2NjUV1fOHiHiqanfmprch4feKSXVIyPOICHmLibFGh\/mLSe\/Fx7XJCPeKSXXJSPNHyHaJyTGGh7lLCbmLCflLSjSIiLkLCbdKSXLHiC\/GB3KHh++Fh3lKyfoLiXcKCPkx8fYb2\/XaGfVXl3aU1LLHiDksbHgKibPICHbJyTfKSXbJyTCGB3KHSDiKybFGh7TIiL\/\/\/\/VIyPRISHIHB\/GGx\/HHB\/DGR7gKibdKCXLHiDZJiTMHiDNHyHYJSTOICHPICHWJCPcKCXXJSPjLCblLCf+\/f3NGR\/uLijzLynPGR\/IGB7WISHaIyLLGh7UAADxLynNAADRLzDbICLQAADIAAD3MCrUHSHXMTDpKSbLAADp5OTij4\/ejo\/VLy\/1LyngJSTcJCPQHx\/OHB7+\/PzaMS\/OLS\/vLijrLSjSAADaNTPwLyjkKSbNJCbYISHPHB\/KGB7WAAD7+vrn3d3aKynTKCjoLCfsKifRGh\/YAADq5+fhjo7QNDXXKCfmJyXt5+fTLzDLLi\/QKivYHRvMGBrQJCXLISPMExXLDxLaEAvkkI\/bOTfaFQ\/SCgpvLcnHAAAAmnRSTlMA+vv7+gT9Bvf9+8z8\/NSv\/Pr5+P7++vnQIBMP\/v38\/Pn348XDiCYf9OjbzcqxXVcx\/fz8+\/rj1r2poo1+fXFqX0orGP7+\/v7+\/fz8+\/r68uzn4trIxsG\/vri3p6GcmZSNbWVYUUZEPQv+\/f39+\/v7+\/v7+vr64tvV1NTTz87FtbSurqeblJKFg4B3bUY+NjL7+\/v7+\/v67t1cDo8JLQAABkRJREFUWMO0kz9rwkAYh0OIeJkum6YugUAhISCdKoj\/P4C7SMdS+gEKIhSKil10LSg4mzXkILdlEpxCpwTiWOLX6BujvQaEQuGeHLnL+\/64J+SIcKGYTYWnntpdLjrVdqvZmNdn0+EE40GtpuuWVS6Xx6N7YDSGpWXpeq02wHgynM7q80az1a52HpddtVcpsi1zFARBrdaxbhp9iUReTGmwA4KAAr7vx3EYejnCMI6hQYEgy0LQi4jUN0wL19vqFcUC9\/1dAKmEEFkWRYkh5oBejnxQJiSJPJ\/uKBp0Thszx9Mw8hMRIQjKsptCfuES9zr5WJY6vSFCIvE9fCMUmEM1A1kSXcYGxgVYsvI1IPKTZciSTI0us\/SMGG04gDzELDoFBwdcFJrF88dqgYMTiL6DILWYyfOWE8\/kIz38olCNlC03FK95+imxp6y4oUSvAnBjHHhKNtotSDqJzVFiK8c2SBqhZtsrTtgrLXwAyduxZHNE26eHUt5rtuM4WSmds3G+sUdWYo1L+XyxButoh5eKUHk5lByO3G1LqqCWVnfrv\/lyPtf\/4ps1cndNGIri8J1TJ0lx6dR\/oPjq1nbRwdp2dCk4CtIOLW3pVKRL6WZfS5vF2KkIQhpwSsjiYIgNCs1gEMGqiIq24NQX9NwoXFy8Ufrl3twTcg4fv8T9\/JBEySduj6Mjm4bMzYV7EEOxKjjoNDud7yY3Dy71Hq2oLmqfbNR723edH9PgMrNL2utoQ3VmaIDkiw\/4w51P06hlZsTZvkRrbVuSIs\/zwSOsycgzStQouoAkWQqioRT5XI7n2Z1wfVhoZmcAJLsoqjqpjbWCgpOAJXBwHK8PzWbNvoUZJND5wCnSkLAkZ1legx6vqQzjoiTahKlGUGLAiIIoABOHaNVw4sexZBym6\/HWlH5h3IC7yRbxtipcWxdTOkORKiNQAEkFf66x5S2oeRbroOlLgg0sSYkR0hRGEqJZ0jTPiQKatESdBckpWigxaapEH0lImHdWu9pUFF2XqMNM2Z4kped7IwEJw2qabwtrQqnpw6HyKkgcadKWsmpywwesDyIhYRpdzXddqegtGIJlXbAIUMOLkGxJUjRIkokwjUaX9d\/kK62ps\/tYUqZLIMkLTyBhsMZ3C5Z\/kDxOSCb\/DOs\/\/J0qcWSX\/2ipe56EgTCA4\/cB7NAYOsni4mZM1MUPAISoEwkDi4lhVBQ1cWQyIcwalw4EpqZN68JUSK7XC0kTlkLYii5uXSC8jT5ncCAS7mjCv0uHp\/3lueHEEAeQ\/\/VgmdN71\/2uCSA1Xr6DO6uI6sW56zqT2tp2PhgiRUAajV8CY2fkcz6WGNKMgLAt7tJAhD4YHMTeRxlALE6+43WqjSWi8ITxyJl8WrwWSNESQZZOqhDDntO3hJLsd5RtSpbJqdv3YrDJH3F7jL1R2O2aQkn2MyCyKYz0GPGIvSAMgBCrCEiJyKbBaYGwLW4uPRr0A0M4Ux5kUI7IBh+hMdiCEWNqhMZGyYMsOgNE58UQuEQeUnSWCMYwL54hkxK6IoqucQZbQ3pc3XtL0lky1dL0zZJJDpWJovFqpWj6JEHnyam2eQp5QRVAVHjWparTOaVwUOx99YS2MvgxIGV0bb+qIg2HX2qkFFJB+XZcbLiuRkuxD9GRroKyveLxdh4d7Orx+hb7qc3uVRuEogCOnyIxm4ubUoPgF4jianDrC+SDQDKEfJb0GUKmjCGPYHGJvVC6X4hw1\/sAfQAdfYyephIaspXe36RwOP+Ljvfx9B6B3i+Nk0DGq+oCbLn6JpBa9nWAveAIHwFAwtVcIJXPMPL8kRu5OAYPMaL1WScTxjiZDqB9LTJSWphow\/pTYKRTLjCBhvi9iBidvKcDasGSm0QQkycYuLBqj6QCELPctqChDWpTRMWkngNNpQ1Pfp1KkiT\/Y0DGffXAweUNfLAfaJFKDwhb6I+bkYRbkERoEeu3Fyjg2opMz2daZCS9jt6Q7txNfB+OZEVF6Zl5web2xunnLQrtrjXseXKaFYziYINeMFZVxS9VxRhOoesYwxPKXm+gWLG9cuFeq93UNNeJNsf1KlwuDok9n02n3TgIJpOxNfL9naIoQwXtfH9kjceTIIi709ncTg6LZbg+biLH1V6u\/7rxBem06VXKn9raAAAAAElFTkSuQmCC\")      no-repeat center center \/ contain;  }  @media screen and (max-width: 960px) and (orientation: portrait) {    .logo {      width: 100%;    }    .logo .pc-banner {      display: none;    }    .logo .m-banner {      display: block;      width: 100%;    }    .logo .m-banner img {      height: auto!important;    }    .ytvideo {      height: 200px;      width: 100%;    }  }<\/style><style>  .video-section {    width: 100%;    margin: 0 auto;  }  .video-section > img {    width: 100%;  }  .video-section iframe,  .video-section video {    width: 100%;    height: 100%;      }  .video-section-img-m,  .video-section-img-pc > img {    width: 100%;    height: auto;  }  .video-section-img-pc.small > img {    width: 970px;  }  .video-desc {    line-height: 1.5;    font-size: 20px;    font-weight: 400;    margin: 20px 0;    text-align: center;    color: #0f1111;    word-break: break-word;  }  @media screen and (max-width: 960px) and (orientation: portrait) {    .video-section {      width: 100%;    }    .video-section-pc,    .video-section-img-pc {      display: none;    }    .video-section-m,    .video-section-img-m {      display: block;    }    .video-desc {      font-size: 15px;    }  }  @media screen and (min-width: 960px) {    .video-section {      width: 100%;      margin: 0 auto;    }    .video-section-pc,    .video-section-img-pc {      display: block;    }    .video-section-m,    .video-section-img-m {      display: none;    }    .video-desc {      font-size: 20px;    }  }<\/style><style>  .section + .section {    margin-top: 35px;  }  .section-title {    text-align: center;    font-weight: bold;    color: #0d1111;    font-family: \"Arial\";    font-size: 32px;    margin: 15px 0;  }  .section-title:empty {    display: none;  }  .section-desc {    text-align: center;    font-weight: normal;    color: #0d1111;    margin-top: 20px;  }  .section-desc:empty {    display: none;  }  .section-img {    width: 1200px;    height: 492px;    margin: 0 auto;    display: block;  }  .section-img.small {    width: 970px;    height: auto;  }  .section-img.small > img {    height: auto;  }  .section-img > img {    width: 100%;    height: 100%;  }  .section-mobile-img {    display: none;    max-width: 100vw;    max-height: 75vw;    height: 450px;    margin: 0 auto;  }  .section-mobile-img > img {    width: 100%;    height: 100%;  }  @media screen and (max-width: 960px) and (orientation: portrait) {    .container {      width: 100%;    }    .container.small {      width: 100%;    }    .section-mobile-img {      display: block;    }    .section-img {      display: none;    }    .section-title {      font-size: 22px;      margin: 10px 0;    }    .section-desc {      margin-top: 10px;    }    .section + .section {      margin-top: 20px;    }  }<\/style><\/head><body><div class=\"container\"><div class=\"logo\"><div class=\"pc-banner\"><div><img decoding=\"async\" src=\"\/vevor\/vevor\/boutique-banner\/pc\/en-pc@1x.jpg\" style=\"width: 100%;\" \/><\/div><\/div><div class=\"m-banner\"><div><img decoding=\"async\" src=\"\/vevor\/vevor\/boutique-banner\/mobile\/en-m@1x.jpg\" style=\"width: 100%;\" \/><\/div><\/div><\/div><div class=\"section-title\">Galutinis komfortas ir apsauga j\u016bs\u0173 \u0161uns automobiliui\/Suv\/Truck ride!<\/div><div class=\"video-section\"><div class=\"video-section-img-pc\"><img decoding=\"async\" src=\"\/vevor\/product\/BBDX54265INC4GTN4\/back-seat-extender-for-dogs-a100-1.4.jpg\" \/><\/div><div class=\"video-section-img-m\"><img decoding=\"async\" src=\"\/vevor\/product\/BBDX54265INC4GTN4\/back-seat-extender-for-dogs-a100-1.4-m.jpg\" \/><\/div><div class=\"section-desc\">Skirtos automobilio galin\u0117s s\u0117dyn\u0117s, \u0161i danga u\u017etikrina saugum\u0105 ir komfort\u0105 su tvirtos, neslid\u017eios med\u017eiagos. Skalbti, ji yra atspari \u012fbr\u0117\u017eimams ir funkcijos kv\u0117puojantis aki\u0173, saugojimo ki\u0161en\u0117, ir saugos dir\u017eas. Sulankstomas, lengvai laikymo ir gabenimo.<\/div><\/div><div class=\"section\"><div class=\"section-title\"><\/div><div class=\"section-img\"><img decoding=\"async\" src=\"\/vevor\/product\/BBDX54265INC4GTN4\/back-seat-extender-for-dogs-a100-2.2.jpg\" \/><\/div><div class=\"section-mobile-img\"><img decoding=\"async\" src=\"\/vevor\/product\/BBDX54265INC4GTN4\/back-seat-extender-for-dogs-a100-2.2-m.jpg\" \/><\/div><div class=\"section-desc\">VEVOR \u0161uo s\u0117dyn\u0117s extender prieinami \u012fvairi\u0173 dyd\u017ei\u0173, kad tilpt\u0173 sedano, Suv klas\u0117s automobiliams ir sunkve\u017eimiams. Suderinama su \u012fvairi\u0173 automobili\u0173 marki\u0173, leid\u017eia jums pasirinkti pagal savo poreikius.<\/div><\/div><div class=\"section\"><div class=\"section-title\"><\/div><div class=\"section-img\"><img decoding=\"async\" src=\"\/vevor\/product\/BBDX54265INC4GTN4\/back-seat-extender-for-dogs-a100-2.3.jpg\" \/><\/div><div class=\"section-mobile-img\"><img decoding=\"async\" src=\"\/vevor\/product\/BBDX54265INC4GTN4\/back-seat-extender-for-dogs-a100-2.3-m.jpg\" \/><\/div><div class=\"section-desc\">Specialiai galin\u0117s s\u0117dyn\u0117s, jis apsaugo nuo \u012fbr\u0117\u017eim\u0173 ir apsaugo nuo vemti nuo pykinim\u0105, i\u0161laikyti j\u016bs\u0173 automobilio salono \u0161vara.<\/div><\/div><div class=\"section\"><div class=\"section-title\"><\/div><div class=\"section-img\"><img decoding=\"async\" src=\"\/vevor\/product\/BBDX54265INC4GTN4\/back-seat-extender-for-dogs-a100-2.4.jpg\" \/><\/div><div class=\"section-mobile-img\"><img decoding=\"async\" src=\"\/vevor\/product\/BBDX54265INC4GTN4\/back-seat-extender-for-dogs-a100-2.4-m.jpg\" \/><\/div><div class=\"section-desc\">Apima reguliuojamas saugos dir\u017e\u0173, siekiant u\u017etikrinti savo \u0161un\u0173 ir j\u0173 neb\u016bt\u0173 galima mesti per staiga sustoja, siekiant u\u017etikrinti tiek pet ir vairuotojo saugum\u0105.<\/div><\/div><div class=\"section\"><div class=\"section-title\"><\/div><div class=\"section-img\"><img decoding=\"async\" src=\"\/vevor\/product\/BBDX54265INC4GTN4\/back-seat-extender-for-dogs-a100-2.5.jpg\" \/><\/div><div class=\"section-mobile-img\"><img decoding=\"async\" src=\"\/vevor\/product\/BBDX54265INC4GTN4\/back-seat-extender-for-dogs-a100-2.5-m.jpg\" \/><\/div><div class=\"section-desc\">Lengva \u012fdiegti, nereikia speciali\u0173 \u012franki\u0173 reikia, leid\u017eia jums \u012fdiegti ir prad\u0117ti naudoti \u0161uo automobili\u0173 s\u0117dyn\u0117s padengti per kelias minutes.<\/div><\/div><div class=\"section\"><div class=\"section-img\"><img decoding=\"async\" src=\"\/vevor\/product\/BBDX54265INC4GTN4\/back-seat-extender-for-dogs-a100-1.11.jpg\" \/><\/div><div class=\"section-mobile-img\"><img decoding=\"async\" src=\"\/vevor\/product\/BBDX54265INC4GTN4\/back-seat-extender-for-dogs-a100-1.11-m.jpg\" \/><\/div><\/div><\/div><\/body><\/html><\/div>\n<div class=\"DM_at-title\" id=\"js-DM_at-title\"> <div>Produkto specifikacija<\/div> <i class=\"icon-arrowup_line\"><\/i> <\/div><div class=\"DM_at-goodsDescAttr\" id=\"js-DM_at-goodsDescAttr\"> <div class=\"DM_at-goodsDescAttrInner\"> <dl class=\"goodsDesc_item goodsDesc_item_even\"> <dt>Prek\u0117s Modelio Numeris<\/dt> <dd> MNDY24160<\/dd> <\/dl> <dl class=\"goodsDesc_item\"> <dt>Apa\u010dioje Matmenys<\/dt> <dd> 54 x 26,5 in \/ 1360 x 680 mm<\/dd> <\/dl> <dl class=\"goodsDesc_item goodsDesc_item_even\"> <dt>Bazin\u0117 Med\u017eiaga<\/dt> <dd> 4,5 mm Faneros<\/dd> <\/dl> <dl class=\"goodsDesc_item\"> <dt>Sluoksni\u0173 skai\u010dius ant Dugno<\/dt> <dd> 5-7<\/dd> <\/dl> <dl class=\"goodsDesc_item goodsDesc_item_even\"> <dt>Skai\u010dius vielos tinklo Panel\u0117s<\/dt> <dd> 1<\/dd> <\/dl> <dl class=\"goodsDesc_item\"> <dt>Skai\u010di\u0173 Saugojimo Ki\u0161en\u0117s<\/dt> <dd> 1<\/dd> <\/dl> <dl class=\"goodsDesc_item goodsDesc_item_even\"> <dt>Spalva<\/dt> <dd> Juoda<\/dd> <\/dl> <dl class=\"goodsDesc_item\"> <dt>Pagrindin\u0117 Med\u017eiaga<\/dt> <dd> Oksfordo audinys + fanera<\/dd> <\/dl> <dl class=\"goodsDesc_item goodsDesc_item_even\"> <dt>Pagalv\u0117l\u0117 Med\u017eiagos<\/dt> <dd> 600D Oksfordo Audinys + 5 mm Faneros<\/dd> <\/dl> <dl class=\"goodsDesc_item\"> <dt>Pagalv\u0117l\u0117s Matmenys<\/dt> <dd> 54 x 26,7 in \/ 1360 x 680 mm<\/dd> <\/dl> <dl class=\"goodsDesc_item goodsDesc_item_even\"> <dt>Saugos Dir\u017eo Dydis<\/dt> <dd> 25 x 300 mm \/ 1 x 11.8 \u012f<\/dd> <\/dl> <dl class=\"goodsDesc_item\"> <dt>Gaminio Matmenys<\/dt> <dd> 1680 x 1360 mm \/ 66,1 x 53,5 colio<\/dd> <\/dl> <dl class=\"goodsDesc_item goodsDesc_item_even\"> <dt>Neto Svoris<\/dt> <dd> 8.82 kg \/ 4 kg<\/dd> <\/dl> <\/div> <\/div>","protected":false},"excerpt":{"rendered":"<ul>\n<li> Erdvus Erdv\u0117: kovoja su ribota galin\u0117s s\u0117dyn\u0117s vietos j\u016bs\u0173 \u0161uniui? \u0160is automobilio s\u0117dyn\u0117s dangtis naudoja sunki\u0173j\u0173 lenta prat\u0119sti galin\u0119 s\u0117dyn\u0119 40%, suteikiant didesn\u012f plot\u0105 j\u016bs\u0173 augintiniui m\u0117gautis patogus va\u017eiavimas. <\/li>\n<li> Tvirta sunki\u0173j\u0173 lenta: apa\u010dioje yra sutir\u0161tinta fanera, kurios svoris yra 400 svar\u0173, u\u017etikrinanti plok\u0161\u010di\u0105 ir stabili\u0105 s\u0117dyn\u0119 vis\u0173 dyd\u017ei\u0173 \u0161unims be gri\u016bties. tai u\u017etikrina stabili\u0105 ir saugi\u0105 viet\u0105 j\u016bs\u0173 augintiniui, padidindama j\u0173 komfort\u0105 ir saugum\u0105 kelion\u0117s metu. <\/li>\n<li> Kelios med\u017eiagos: pagaminta i\u0161 7 sluoksni\u0173, su vandeniui atspariu ir \u012fbr\u0117\u017eimams atspariu audiniu tiek pavir\u0161iuje, tiek apa\u010dioje, kad b\u016bt\u0173 u\u017etikrintas saugus stabilumas. Patvarios med\u017eiagos yra atsparios dilimui nuo j\u016bs\u0173 \u0161uns nag\u0173, tod\u0117l pailg\u0117ja dangtelio tarnavimo laikas. <\/li>\n<li> Plaunamas audinys: vir\u0161utinis sluoksnis yra 600D Oxford audinys, atsparus vandeniui ir \u012fbr\u0117\u017eimams Nuimamas ir plaunamas, kad s\u0117dyn\u0117 b\u016bt\u0173 \u0161vari ir higieni\u0161ka. jo kietas, lengvai pri\u017ei\u016brimas pavir\u0161ius atlaiko kasdien\u012f naudojim\u0105, laikui b\u0117gant i\u0161laiko savo i\u0161vaizd\u0105 ir funkcionalum\u0105. <\/li>\n<li> Kv\u0117puojantis tinklelis: pasi\u017eymi kv\u0117puojan\u010dio tinklelio dizainu, u\u017etikrinan\u010diu oro sraut\u0105, i\u0161laikant\u012f \u0161un\u012f v\u0117s\u0173 ir suma\u017einant\u012f nerim\u0105 keliaujant, tuo pa\u010diu leid\u017eiant jam jus pamatyti. apima saugos dir\u017e\u0105, kad b\u016bt\u0173 u\u017etikrintas papildomas saugumas. <\/li>\n<\/ul>","protected":false},"featured_media":342147,"comment_status":"closed","ping_status":"open","template":"","meta":{"om_disable_all_campaigns":false,"_monsterinsights_skip_tracking":false,"_monsterinsights_sitenote_active":false,"_monsterinsights_sitenote_note":"","_monsterinsights_sitenote_category":0,"_uf_show_specific_survey":0,"_uf_disable_surveys":false},"location":[1935,1934],"product_brand":[21],"product_cat":[2365,4383,4515,2366],"product_tag":[],"class_list":{"0":"post-55256","1":"product","2":"type-product","3":"status-publish","4":"has-post-thumbnail","6":"location-supplier_stock_location","7":"location-local_stock_location","8":"product_brand-vevor","9":"product_cat-outdoors","10":"product_cat-pet-cleaning-supplies","11":"product_cat-pet-seat-covers","12":"product_cat-pet-supplies-wildlife","14":"first","15":"outofstock","16":"taxable","17":"shipping-taxable","18":"purchasable","19":"product-type-simple"},"aioseo_notices":[],"jetpack_sharing_enabled":true,"locations":[{"id":1935,"name":"Pieg\u0101d\u0101t\u0101ja noliktav\u0101 (5-7d.d.)","slug":"supplier_stock_location","quantity":"0"},{"id":1934,"name":"R\u012bgas veikal\u0101 (0-2d.d.)","slug":"local_stock_location","quantity":"0"}],"_links":{"self":[{"href":"https:\/\/vevorshop.lv\/lt\/wp-json\/wp\/v2\/product\/55256","targetHints":{"allow":["GET"]}}],"collection":[{"href":"https:\/\/vevorshop.lv\/lt\/wp-json\/wp\/v2\/product"}],"about":[{"href":"https:\/\/vevorshop.lv\/lt\/wp-json\/wp\/v2\/types\/product"}],"replies":[{"embeddable":true,"href":"https:\/\/vevorshop.lv\/lt\/wp-json\/wp\/v2\/comments?post=55256"}],"wp:featuredmedia":[{"embeddable":true,"href":"https:\/\/vevorshop.lv\/lt\/wp-json\/wp\/v2\/media\/342147"}],"wp:attachment":[{"href":"https:\/\/vevorshop.lv\/lt\/wp-json\/wp\/v2\/media?parent=55256"}],"wp:term":[{"taxonomy":"location","embeddable":true,"href":"https:\/\/vevorshop.lv\/lt\/wp-json\/wp\/v2\/location?post=55256"},{"taxonomy":"product_brand","embeddable":true,"href":"https:\/\/vevorshop.lv\/lt\/wp-json\/wp\/v2\/product_brand?post=55256"},{"taxonomy":"product_cat","embeddable":true,"href":"https:\/\/vevorshop.lv\/lt\/wp-json\/wp\/v2\/product_cat?post=55256"},{"taxonomy":"product_tag","embeddable":true,"href":"https:\/\/vevorshop.lv\/lt\/wp-json\/wp\/v2\/product_tag?post=55256"}],"curies":[{"name":"wp","href":"https:\/\/api.w.org\/{rel}","templated":true}]}}