{"id":55698,"date":"2024-11-20T04:12:57","date_gmt":"2024-11-20T04:12:57","guid":{"rendered":"http:\/\/vevorshop.edigo.lv\/Prece\/vevor-ping-pong-table-foldable-table-tennis-game-table-indoor-outdoor-with-net\/"},"modified":"2026-04-25T03:25:22","modified_gmt":"2026-04-25T00:25:22","slug":"vevor-ping-pong-table-foldable-table-tennis-game-table-indoor-outdoor-with-net","status":"publish","type":"product","link":"https:\/\/vevorshop.lv\/lt\/Prece\/vevor-ping-pong-stalas-sulankstomas-stalo-teniso-zaidimas-stalas-vidaus-lauko-su-tinklu-2\/","title":{"rendered":"VEVOR Profesionalus vidaus\/lauko sulankstomas stalo teniso stalas, 274\u00d7152,5x76cm, aliuminis, rakinami ratai, greito tinklo s\u0105ranka"},"content":{"rendered":"<div style=\"color: #fff!important; font-size: 16px; height: 24px; line-height: 24px; margin-top: -24px; \" class=\"product_original_name\">VEVOR stalo teniso stalas, profesionalus stalo teniso \u017eaidimas, u\u017edaras \/ lauko bet kokiu oru aliuminio stalo teniso stalas, ne\u0161iojamas sulankstomas stalas su greitu u\u017esegamu tinklu ir dideliais u\u017erakinamais ratais, 10 minu\u010di\u0173 surinkimas<\/div>\n<div style=\"color: #fff!important; font-size: 16px; height: 24px; line-height: 24px; margin-top: -24px; \" class=\"product_sku\">M4I4MEB5<\/div>\n<div style=\"color: #fff!important; font-size: 16px; height: 24px; line-height: 24px; margin-top: -24px; \" class=\"product_mpn\">DZDTZDPPQZ6MQ32J9V0<\/div><div id=\"js-DM_at-goodDescRich\"><html><head><style>  body {    font-family: Arial;    line-height: 1.5;    color: #1c1c1c;    overflow-x: hidden;    margin: 0;    padding: 0;  }  .MsoNormal b {    font-weight: bolder;  }<\/style><style>  .container.small {    width: 970px;    margin: 0 auto;  }  .logo {    margin: 0 auto 0;  }  .logo img {    display: block;    margin: 0 auto;    max-width: 100%;  }  .logo .pc-banner {    display: block;    width: 1200px;    height: 247.4px;    margin: 0 auto;  }  .logo .pc-banner.small {    width: 970px;  }  .logo .pc-banner.small img {    height: auto!important;  }  .logo .m-banner {    display: none;  }  .ytvideo {    position: relative;    height: 546px;    width: 100%;    margin: 0 auto;  }  .ytvideo img {    width: 100%;    margin: 0 auto;  }  .ytvideo .play-btn {    width: 60px;    height: 42px;    position: absolute;    top: 50%;    left: 50%;    transform: translate(-50%, -50%);    background: url(\"data:image\/png;base64,iVBORw0KGgoAAAANSUhEUgAAAGQAAABGCAMAAAANWMFbAAAC+lBMVEUAAADBGB3kLCfBGB3kLCfcJC7BFx3KKSbiKybkLCbWJCPSIiLSIiLPICHAFx3kLCfgKSXNHiDZJiTIGx\/p4eHcjo7LHSDbJyTkLCbjKyfOHyHPIiL28fHJHB\/GGh7EGR7eKCXDGB3RISHlLSbBGB3AFxzGHB7DGB7BGB3hKybkKybAFx3lLCfAFxzDGR3hKibDGB7cJyTmz8\/elJTlwcHjurrUIyLlLSflLSfAFx3DGR7lLSfCFx3hKibhKibhKybjKybkLCblLSfbJSX49vbx7e3NNzjNMTLMJyjVIyLZf3\/ZQ0LaeHjx0tLgoqLkLCfCGB3HGx\/BGB3BFx3PICHCGB7WJCLOHyC\/Fxy\/Fx3lLCfQISHkLSe\/FxzbJiTBFx3FGx\/AGB7BFx3EGR7AGB3HHSDfKiXAFh3TISHYNzbhKibbJyTTIiL57e325+f039\/v2NjUV1fOHiHiqanfmprch4feKSXVIyPOICHmLibFGh\/mLSe\/Fx7XJCPeKSXXJSPNHyHaJyTGGh7lLCbmLCflLSjSIiLkLCbdKSXLHiC\/GB3KHh++Fh3lKyfoLiXcKCPkx8fYb2\/XaGfVXl3aU1LLHiDksbHgKibPICHbJyTfKSXbJyTCGB3KHSDiKybFGh7TIiL\/\/\/\/VIyPRISHIHB\/GGx\/HHB\/DGR7gKibdKCXLHiDZJiTMHiDNHyHYJSTOICHPICHWJCPcKCXXJSPjLCblLCf+\/f3NGR\/uLijzLynPGR\/IGB7WISHaIyLLGh7UAADxLynNAADRLzDbICLQAADIAAD3MCrUHSHXMTDpKSbLAADp5OTij4\/ejo\/VLy\/1LyngJSTcJCPQHx\/OHB7+\/PzaMS\/OLS\/vLijrLSjSAADaNTPwLyjkKSbNJCbYISHPHB\/KGB7WAAD7+vrn3d3aKynTKCjoLCfsKifRGh\/YAADq5+fhjo7QNDXXKCfmJyXt5+fTLzDLLi\/QKivYHRvMGBrQJCXLISPMExXLDxLaEAvkkI\/bOTfaFQ\/SCgpvLcnHAAAAmnRSTlMA+vv7+gT9Bvf9+8z8\/NSv\/Pr5+P7++vnQIBMP\/v38\/Pn348XDiCYf9OjbzcqxXVcx\/fz8+\/rj1r2poo1+fXFqX0orGP7+\/v7+\/fz8+\/r68uzn4trIxsG\/vri3p6GcmZSNbWVYUUZEPQv+\/f39+\/v7+\/v7+vr64tvV1NTTz87FtbSurqeblJKFg4B3bUY+NjL7+\/v7+\/v67t1cDo8JLQAABkRJREFUWMO0kz9rwkAYh0OIeJkum6YugUAhISCdKoj\/P4C7SMdS+gEKIhSKil10LSg4mzXkILdlEpxCpwTiWOLX6BujvQaEQuGeHLnL+\/64J+SIcKGYTYWnntpdLjrVdqvZmNdn0+EE40GtpuuWVS6Xx6N7YDSGpWXpeq02wHgynM7q80az1a52HpddtVcpsi1zFARBrdaxbhp9iUReTGmwA4KAAr7vx3EYejnCMI6hQYEgy0LQi4jUN0wL19vqFcUC9\/1dAKmEEFkWRYkh5oBejnxQJiSJPJ\/uKBp0Thszx9Mw8hMRIQjKsptCfuES9zr5WJY6vSFCIvE9fCMUmEM1A1kSXcYGxgVYsvI1IPKTZciSTI0us\/SMGG04gDzELDoFBwdcFJrF88dqgYMTiL6DILWYyfOWE8\/kIz38olCNlC03FK95+imxp6y4oUSvAnBjHHhKNtotSDqJzVFiK8c2SBqhZtsrTtgrLXwAyduxZHNE26eHUt5rtuM4WSmds3G+sUdWYo1L+XyxButoh5eKUHk5lByO3G1LqqCWVnfrv\/lyPtf\/4ps1cndNGIri8J1TJ0lx6dR\/oPjq1nbRwdp2dCk4CtIOLW3pVKRL6WZfS5vF2KkIQhpwSsjiYIgNCs1gEMGqiIq24NQX9NwoXFy8Ufrl3twTcg4fv8T9\/JBEySduj6Mjm4bMzYV7EEOxKjjoNDud7yY3Dy71Hq2oLmqfbNR723edH9PgMrNL2utoQ3VmaIDkiw\/4w51P06hlZsTZvkRrbVuSIs\/zwSOsycgzStQouoAkWQqioRT5XI7n2Z1wfVhoZmcAJLsoqjqpjbWCgpOAJXBwHK8PzWbNvoUZJND5wCnSkLAkZ1legx6vqQzjoiTahKlGUGLAiIIoABOHaNVw4sexZBym6\/HWlH5h3IC7yRbxtipcWxdTOkORKiNQAEkFf66x5S2oeRbroOlLgg0sSYkR0hRGEqJZ0jTPiQKatESdBckpWigxaapEH0lImHdWu9pUFF2XqMNM2Z4kped7IwEJw2qabwtrQqnpw6HyKkgcadKWsmpywwesDyIhYRpdzXddqegtGIJlXbAIUMOLkGxJUjRIkokwjUaX9d\/kK62ps\/tYUqZLIMkLTyBhsMZ3C5Z\/kDxOSCb\/DOs\/\/J0qcWSX\/2ipe56EgTCA4\/cB7NAYOsni4mZM1MUPAISoEwkDi4lhVBQ1cWQyIcwalw4EpqZN68JUSK7XC0kTlkLYii5uXSC8jT5ncCAS7mjCv0uHp\/3lueHEEAeQ\/\/VgmdN71\/2uCSA1Xr6DO6uI6sW56zqT2tp2PhgiRUAajV8CY2fkcz6WGNKMgLAt7tJAhD4YHMTeRxlALE6+43WqjSWi8ITxyJl8WrwWSNESQZZOqhDDntO3hJLsd5RtSpbJqdv3YrDJH3F7jL1R2O2aQkn2MyCyKYz0GPGIvSAMgBCrCEiJyKbBaYGwLW4uPRr0A0M4Ux5kUI7IBh+hMdiCEWNqhMZGyYMsOgNE58UQuEQeUnSWCMYwL54hkxK6IoqucQZbQ3pc3XtL0lky1dL0zZJJDpWJovFqpWj6JEHnyam2eQp5QRVAVHjWparTOaVwUOx99YS2MvgxIGV0bb+qIg2HX2qkFFJB+XZcbLiuRkuxD9GRroKyveLxdh4d7Orx+hb7qc3uVRuEogCOnyIxm4ubUoPgF4jianDrC+SDQDKEfJb0GUKmjCGPYHGJvVC6X4hw1\/sAfQAdfYyephIaspXe36RwOP+Ljvfx9B6B3i+Nk0DGq+oCbLn6JpBa9nWAveAIHwFAwtVcIJXPMPL8kRu5OAYPMaL1WScTxjiZDqB9LTJSWphow\/pTYKRTLjCBhvi9iBidvKcDasGSm0QQkycYuLBqj6QCELPctqChDWpTRMWkngNNpQ1Pfp1KkiT\/Y0DGffXAweUNfLAfaJFKDwhb6I+bkYRbkERoEeu3Fyjg2opMz2daZCS9jt6Q7txNfB+OZEVF6Zl5web2xunnLQrtrjXseXKaFYziYINeMFZVxS9VxRhOoesYwxPKXm+gWLG9cuFeq93UNNeJNsf1KlwuDok9n02n3TgIJpOxNfL9naIoQwXtfH9kjceTIIi709ncTg6LZbg+biLH1V6u\/7rxBem06VXKn9raAAAAAElFTkSuQmCC\")      no-repeat center center \/ contain;  }  @media screen and (max-width: 960px) and (orientation: portrait) {    .logo {      width: 100%;    }    .logo .pc-banner {      display: none;    }    .logo .m-banner {      display: block;      width: 100%;    }    .logo .m-banner img {      height: auto!important;    }    .ytvideo {      height: 200px;      width: 100%;    }  }<\/style><style>  .video-section {    width: 100%;    margin: 0 auto;  }  .video-section > img {    width: 100%;  }  .video-section iframe,  .video-section video {    width: 100%;    height: 100%;      }  .video-section-img-m,  .video-section-img-pc > img {    width: 100%;    height: auto;  }  .video-section-img-pc.small > img {    width: 970px;  }  .video-desc {    line-height: 1.5;    font-size: 20px;    font-weight: 400;    margin: 20px 0;    text-align: center;    color: #0f1111;    word-break: break-word;  }  @media screen and (max-width: 960px) and (orientation: portrait) {    .video-section {      width: 100%;    }    .video-section-pc,    .video-section-img-pc {      display: none;    }    .video-section-m,    .video-section-img-m {      display: block;    }    .video-desc {      font-size: 15px;    }  }  @media screen and (min-width: 960px) {    .video-section {      width: 100%;      margin: 0 auto;    }    .video-section-pc,    .video-section-img-pc {      display: block;    }    .video-section-m,    .video-section-img-m {      display: none;    }    .video-desc {      font-size: 20px;    }  }<\/style><style>  .section + .section {    margin-top: 35px;  }  .section-title {    text-align: center;    font-weight: bold;    color: #0d1111;    font-family: \"Arial\";    font-size: 32px;    margin: 15px 0;  }  .section-title:empty {    display: none;  }  .section-desc {    text-align: center;    font-weight: normal;    color: #0d1111;    margin-top: 20px;  }  .section-desc:empty {    display: none;  }  .section-img {    width: 1200px;    height: 492px;    margin: 0 auto;    display: block;  }  .section-img.small {    width: 970px;    height: auto;  }  .section-img.small > img {    height: auto;  }  .section-img > img {    width: 100%;    height: 100%;  }  .section-mobile-img {    display: none;    max-width: 100vw;    max-height: 75vw;    height: 450px;    margin: 0 auto;  }  .section-mobile-img > img {    width: 100%;    height: 100%;  }  @media screen and (max-width: 960px) and (orientation: portrait) {    .container {      width: 100%;    }    .container.small {      width: 100%;    }    .section-mobile-img {      display: block;    }    .section-img {      display: none;    }    .section-title {      font-size: 22px;      margin: 10px 0;    }    .section-desc {      margin-top: 10px;    }    .section + .section {      margin-top: 20px;    }  }<\/style><\/head><body><div class=\"container small\"><div class=\"logo\"><div class=\"pc-banner small\"><div><img decoding=\"async\" src=\"\/vevor\/vevor\/boutique-banner\/pc\/en-pc@1x.jpg\" style=\"width: 100%;\" \/><\/div><\/div><div class=\"m-banner\"><div><img decoding=\"async\" src=\"\/vevor\/vevor\/boutique-banner\/mobile\/en-m@1x.jpg\" style=\"width: 100%;\" \/><\/div><\/div><\/div><div class=\"section-title\">Profesionalus stalo teniso stalas, tvirtas ir patvarus!<\/div><div class=\"video-section\"><div class=\"video-section-img-pc small\"><img decoding=\"async\" src=\"\/vevor\/product\/DZDTZDPPQZ6MQ32J9\/table-tennis-table-a100-1.4-pt.jpg\" \/><\/div><div class=\"video-section-img-m\"><img decoding=\"async\" src=\"\/vevor\/product\/DZDTZDPPQZ6MQ32J9\/table-tennis-table-a100-1.4-pt.jpg\" \/><\/div><div class=\"section-desc\">Atsparus oro konkurencijos lygio dyd\u017eio stalo teniso stalas ir ju rinkinys, idealiai tinka naudoti lauko s\u0105lygomis savo kieme, balkono ir kt. Modernus, eleganti\u0161kas dizainas, lengvai susilieja \u012f visus lauko aplinka.<\/div><\/div><div class=\"section\"><div class=\"section-title\"><\/div><div class=\"section-img small\"><img decoding=\"async\" src=\"\/vevor\/product\/DZDTZDPPQZ6MQ32J9\/table-tennis-table-a100-2.2-pt.jpg\" \/><\/div><div class=\"section-mobile-img\"><img decoding=\"async\" src=\"\/vevor\/product\/DZDTZDPPQZ6MQ32J9\/table-tennis-table-a100-2.2-pt.jpg\" \/><\/div><div class=\"section-desc\">\u0160is stalo teniso stalas pagamintas i\u0161 aliuminio-plastiko lentos + UV da\u017e\u0173. Jis u\u017etikrina puik\u0173 grojim\u0105 ir na\u0161um\u0105 bet kokiu oru. D\u0117l stalo patvarumo jis puikiai papildo bet koki\u0105 lauko aplink\u0105, pvz., Kieme, denyje, gara\u017ee ar verandoje.<\/div><\/div><div class=\"section\"><div class=\"section-title\"><\/div><div class=\"section-img small\"><img decoding=\"async\" src=\"\/vevor\/product\/DZDTZDPPQZ6MQ32J9\/table-tennis-table-a100-2.3-pt.jpg\" \/><\/div><div class=\"section-mobile-img\"><img decoding=\"async\" src=\"\/vevor\/product\/DZDTZDPPQZ6MQ32J9\/table-tennis-table-a100-2.3-pt.jpg\" \/><\/div><div class=\"section-desc\">M\u016bs\u0173 ne\u0161iojam\u0173 stalo teniso stalas savaranki\u0161kai judantys varantys sijos, leid\u017eia stalo turi b\u016bti visi\u0161kai atskirta \u012f dvi dalis, multi-asmuo, naudojimo ar nustatyti, kaip vien\u0105 pus\u0119, skirtas solo \u017eaidimams. Padeda jums pagerinti savo \u012fg\u016bd\u017eius prie\u0161 kit\u0105 \u017eaidim\u0105.<\/div><\/div><div class=\"section\"><div class=\"section-title\"><\/div><div class=\"section-img small\"><img decoding=\"async\" src=\"\/vevor\/product\/DZDTZDPPQZ6MQ32J9\/table-tennis-table-a100-2.4-pt.jpg\" \/><\/div><div class=\"section-mobile-img\"><img decoding=\"async\" src=\"\/vevor\/product\/DZDTZDPPQZ6MQ32J9\/table-tennis-table-a100-2.4-pt.jpg\" \/><\/div><div class=\"section-desc\">Patalp\u0173 ne\u0161iojam\u0173 ping pong \u017eaidimas lentel\u0117 gali b\u016bti naudojama patalpose ir lauke, ne teismai, \u0161alys, susib\u016brimai ir pan. Ateina su rakinama ratukai lengvai transportu. Didelis 6-inch dual-rat\u0173 ratukai su spynos, padaryti transporto lengva ant nelygi\u0173 pavir\u0161i\u0173.<\/div><\/div><div class=\"section\"><div class=\"section-title\"><\/div><div class=\"section-img small\"><img decoding=\"async\" src=\"\/vevor\/product\/DZDTZDPPQZ6MQ32J9\/table-tennis-table-a100-2.5-pt.jpg\" \/><\/div><div class=\"section-mobile-img\"><img decoding=\"async\" src=\"\/vevor\/product\/DZDTZDPPQZ6MQ32J9\/table-tennis-table-a100-2.5-pt.jpg\" \/><\/div><div class=\"section-desc\">I\u0161 unboxing \u012f paruo\u0161tas \u017eaisti vos 10 minu\u010di\u0173, apkabos, stiliaus net paprastas surinkimas. Be to, stalo kojos reguliuojamo auk\u0161\u010dio, \u012frengtas, su pusiausvyra reguliuojan\u010dios, kad kojos lengvai reguliuoti, tinka vis\u0173 sporto r\u016b\u0161i\u0173 ir lygi\u0173.<\/div><\/div><div class=\"section\"><div class=\"section-img small\"><img decoding=\"async\" src=\"\/vevor\/product\/DZDTZDPPQZ6MQ32J9\/table-tennis-table-a100-1.11-pt.jpg\" \/><\/div><div class=\"section-mobile-img\"><img decoding=\"async\" src=\"\/vevor\/product\/DZDTZDPPQZ6MQ32J9\/table-tennis-table-a100-1.11-pt.jpg\" \/><\/div><\/div><\/div><\/body><\/html><\/div>\n<div class=\"DM_at-title\" id=\"js-DM_at-title\"> <div>Produkto specifikacija<\/div> <i class=\"icon-arrowup_line\"><\/i> <\/div><div class=\"DM_at-goodsDescAttr\" id=\"js-DM_at-goodsDescAttr\"> <div class=\"DM_at-goodsDescAttrInner\"> <dl class=\"goodsDesc_item goodsDesc_item_even\"> <dt>Prek\u0117s Modelio Numeris<\/dt> <dd> VT003<\/dd> <\/dl> <dl class=\"goodsDesc_item\"> <dt>I\u0161pl\u0117stos Aspektas<\/dt> <dd> 107.9x60x30 coli\u0173 \/ 2740x1525x760 mm<\/dd> <\/dl> <dl class=\"goodsDesc_item goodsDesc_item_even\"> <dt>Sulankstyti Matmenys<\/dt> <dd> 60x54 coli\u0173 \/ 1525x1370 mm<\/dd> <\/dl> <dl class=\"goodsDesc_item\"> <dt>Produkto Svoris<\/dt> <dd> 147 svar\u0173 \/ 66.5 kg<\/dd> <\/dl> <\/div> <\/div>","protected":false},"excerpt":{"rendered":"<ul>\n<li> Nam\u0173 Konkurencijos Kokyb\u0117: A turnyras-klas\u0117s 107.9x60x30 coli\u0173 \/ 2740x1525x760mm standartinio dyd\u017eio ne\u0161iojam\u0173 stalo teniso stalas ir ju rinkinys idealiai tinka naudoti lauko s\u0105lygomis savo kieme, balkonas, ir kitas lauko erdves. Profesionaliai suprojektuoti pagerinti savo sportin\u0119 patirt\u012f didesnis patogumas. Be to, jos modernus, eleganti\u0161kas dizainas leid\u017eia j\u016bs\u0173 stalo, puikiai \u012fsilieja \u012f bet kok\u012f lauko aplinka. <\/li>\n<li> Visi Oras Veiklos: ping pong lentel\u0117 funkcijos 6mm aliuminio-plastiko lentos ir UV da\u017eytos pavir\u0161iaus dizainas, teikti ne\u012fvykdyti \u017eaidimai, hidroizoliacijos, ir atsparumas \u012fbr\u0117\u017eimams. Jos patvarumas daro j\u012f puikus papildymas bet lauko pramog\u0173 tokias kaip kieme, denio, gara\u017eas, arba veranda. <\/li>\n<li> Keli \u017daidimo Re\u017eimai: \u0160is sulankstomas ping pong lentel\u0117 ateina su savaranki\u0161kai judantys varantys sijos, leid\u017eia stalo turi b\u016bti visi\u0161kai atskirta \u012f dvi dalis, multiplayer naudojimo ar nustatyti, kaip vien\u0105 pus\u0117je solo games, leid\u017eia jums patobulinti savo \u012fg\u016bd\u017eius prie\u0161 kitas rungtynes. <\/li>\n<li> Lengva Sulankstyti ir Jud\u0117ti: M\u016bs\u0173 stalo tenisas \u017eaidimas, stalo ateina su dideliu 6-coli\u0173 rakinama ratukai patogiam transportavimui. Su savo veiksminga sand\u0117liavimo dizaino, jis padidina erdv\u0117s panaudojimas, leid\u017eia i\u0161naudoti turim\u0105 erdv\u0119. Tinka lauko ir vidaus naudojimui, teismai, partij\u0173 susib\u016brimai, ir kit\u0173 atvej\u0173, kai lentel\u0117 yra reikalinga. <\/li>\n<li> Lengvas Montavimas: Nuo unboxing \u012f paruo\u0161tas \u017eaisti vos 10 minu\u010di\u0173, apkabos, stiliaus net paprastas surinkimas. Be to, patalp\u0173 lauko ping pong \u017eaidimas, stalo kojos reguliuojamo auk\u0161\u010dio, \u012frengta reguliuojan\u010dios pusiausvyr\u0105, tod\u0117l kojos lengva reguliuoti, kad tilpt\u0173 visi sporto r\u016bmais ir lygiai. <\/li>\n<\/ul>","protected":false},"featured_media":344367,"comment_status":"closed","ping_status":"open","template":"","meta":{"om_disable_all_campaigns":false,"_uf_show_specific_survey":0,"_uf_disable_surveys":false},"location":[1935,1934],"product_brand":[21],"product_cat":[2817,2816,4357,2378,4358],"product_tag":[],"class_list":{"0":"post-55698","1":"product","2":"type-product","3":"status-publish","4":"has-post-thumbnail","6":"location-supplier_stock_location","7":"location-local_stock_location","8":"product_brand-vevor","9":"product_cat-game-room","10":"product_cat-games-sports-outdoors","11":"product_cat-pingpang-ball-equipment","12":"product_cat-sports-outdoors","13":"product_cat-table-tennis-table-pingpang-ball-equipment","15":"first","16":"instock","17":"taxable","18":"shipping-taxable","19":"purchasable","20":"product-type-simple"},"aioseo_notices":[],"locations":[{"id":1935,"name":"Pieg\u0101d\u0101t\u0101ja noliktav\u0101 (5-7d.d.)","slug":"supplier_stock_location","quantity":"11"},{"id":1934,"name":"R\u012bgas veikal\u0101 (0-2d.d.)","slug":"local_stock_location","quantity":"0"}],"_links":{"self":[{"href":"https:\/\/vevorshop.lv\/lt\/wp-json\/wp\/v2\/product\/55698","targetHints":{"allow":["GET"]}}],"collection":[{"href":"https:\/\/vevorshop.lv\/lt\/wp-json\/wp\/v2\/product"}],"about":[{"href":"https:\/\/vevorshop.lv\/lt\/wp-json\/wp\/v2\/types\/product"}],"replies":[{"embeddable":true,"href":"https:\/\/vevorshop.lv\/lt\/wp-json\/wp\/v2\/comments?post=55698"}],"wp:featuredmedia":[{"embeddable":true,"href":"https:\/\/vevorshop.lv\/lt\/wp-json\/wp\/v2\/media\/344367"}],"wp:attachment":[{"href":"https:\/\/vevorshop.lv\/lt\/wp-json\/wp\/v2\/media?parent=55698"}],"wp:term":[{"taxonomy":"location","embeddable":true,"href":"https:\/\/vevorshop.lv\/lt\/wp-json\/wp\/v2\/location?post=55698"},{"taxonomy":"product_brand","embeddable":true,"href":"https:\/\/vevorshop.lv\/lt\/wp-json\/wp\/v2\/product_brand?post=55698"},{"taxonomy":"product_cat","embeddable":true,"href":"https:\/\/vevorshop.lv\/lt\/wp-json\/wp\/v2\/product_cat?post=55698"},{"taxonomy":"product_tag","embeddable":true,"href":"https:\/\/vevorshop.lv\/lt\/wp-json\/wp\/v2\/product_tag?post=55698"}],"curies":[{"name":"wp","href":"https:\/\/api.w.org\/{rel}","templated":true}]}}