{"id":55841,"date":"2024-11-20T04:30:01","date_gmt":"2024-11-20T04:30:01","guid":{"rendered":"http:\/\/vevorshop.edigo.lv\/Prece\/vevor-far-infrared-heating-pad-108-natural-jade-42-tourmaline-stone-heating-pad\/"},"modified":"2026-04-19T23:17:18","modified_gmt":"2026-04-19T20:17:18","slug":"vevor-far-infrared-heating-pad-108-natural-jade-42-tourmaline-stone-heating-pad","status":"publish","type":"product","link":"https:\/\/vevorshop.lv\/lt\/Prece\/vevor-far-infrared-heating-pad-108-natural-jade-42-tourmaline-stone-heating-pad\/","title":{"rendered":"VEVOR tolim\u0173j\u0173 infraraudon\u0173j\u0173 spinduli\u0173 \u0161ildymo kilim\u0117lis su 108 nefrito ir 42 turmalino akmenimis, 80\u00d755.7 cm, su i\u0161maniuoju valdymu"},"content":{"rendered":"<div style=\"color: #fff!important; font-size: 16px; height: 24px; line-height: 24px; margin-top: -24px; \" class=\"product_original_name\">VEVOR Far Infrared Heating Pad, 108 Natural Jade & 42 Tourmaline Stone Heating Pad for Full Back Pain Relief, 103-159 \u2109 Heating Pad with Smart Controller & Auto Shut Off (Medium Size 31.5\" x 21.93\")<\/div>\n<div style=\"color: #fff!important; font-size: 16px; height: 24px; line-height: 24px; margin-top: -24px; \" class=\"product_sku\">M4I4MEY6<\/div>\n<div style=\"color: #fff!important; font-size: 16px; height: 24px; line-height: 24px; margin-top: -24px; \" class=\"product_mpn\">ZXKYSJRDZXKY539AAV2<\/div><div id=\"js-DM_at-goodDescRich\"><html><head><style>  body {    font-family: Arial;    line-height: 1.5;    color: #1c1c1c;    overflow-x: hidden;    margin: 0;    padding: 0;  }  .MsoNormal b {    font-weight: bolder;  }<\/style><style>  .container.small {    width: 970px;    margin: 0 auto;  }  .logo {    margin: 0 auto 0;  }  .logo img {    display: block;    margin: 0 auto;    max-width: 100%;  }  .logo .pc-banner {    display: block;    width: 1200px;    height: 247.4px;    margin: 0 auto;  }  .logo .pc-banner.small {    width: 970px;  }  .logo .pc-banner.small img {    height: auto!important;  }  .logo .m-banner {    display: none;  }  .ytvideo {    position: relative;    height: 546px;    width: 100%;    margin: 0 auto;  }  .ytvideo img {    width: 100%;    margin: 0 auto;  }  .ytvideo .play-btn {    width: 60px;    height: 42px;    position: absolute;    top: 50%;    left: 50%;    transform: translate(-50%, -50%);    background: url(\"data:image\/png;base64,iVBORw0KGgoAAAANSUhEUgAAAGQAAABGCAMAAAANWMFbAAAC+lBMVEUAAADBGB3kLCfBGB3kLCfcJC7BFx3KKSbiKybkLCbWJCPSIiLSIiLPICHAFx3kLCfgKSXNHiDZJiTIGx\/p4eHcjo7LHSDbJyTkLCbjKyfOHyHPIiL28fHJHB\/GGh7EGR7eKCXDGB3RISHlLSbBGB3AFxzGHB7DGB7BGB3hKybkKybAFx3lLCfAFxzDGR3hKibDGB7cJyTmz8\/elJTlwcHjurrUIyLlLSflLSfAFx3DGR7lLSfCFx3hKibhKibhKybjKybkLCblLSfbJSX49vbx7e3NNzjNMTLMJyjVIyLZf3\/ZQ0LaeHjx0tLgoqLkLCfCGB3HGx\/BGB3BFx3PICHCGB7WJCLOHyC\/Fxy\/Fx3lLCfQISHkLSe\/FxzbJiTBFx3FGx\/AGB7BFx3EGR7AGB3HHSDfKiXAFh3TISHYNzbhKibbJyTTIiL57e325+f039\/v2NjUV1fOHiHiqanfmprch4feKSXVIyPOICHmLibFGh\/mLSe\/Fx7XJCPeKSXXJSPNHyHaJyTGGh7lLCbmLCflLSjSIiLkLCbdKSXLHiC\/GB3KHh++Fh3lKyfoLiXcKCPkx8fYb2\/XaGfVXl3aU1LLHiDksbHgKibPICHbJyTfKSXbJyTCGB3KHSDiKybFGh7TIiL\/\/\/\/VIyPRISHIHB\/GGx\/HHB\/DGR7gKibdKCXLHiDZJiTMHiDNHyHYJSTOICHPICHWJCPcKCXXJSPjLCblLCf+\/f3NGR\/uLijzLynPGR\/IGB7WISHaIyLLGh7UAADxLynNAADRLzDbICLQAADIAAD3MCrUHSHXMTDpKSbLAADp5OTij4\/ejo\/VLy\/1LyngJSTcJCPQHx\/OHB7+\/PzaMS\/OLS\/vLijrLSjSAADaNTPwLyjkKSbNJCbYISHPHB\/KGB7WAAD7+vrn3d3aKynTKCjoLCfsKifRGh\/YAADq5+fhjo7QNDXXKCfmJyXt5+fTLzDLLi\/QKivYHRvMGBrQJCXLISPMExXLDxLaEAvkkI\/bOTfaFQ\/SCgpvLcnHAAAAmnRSTlMA+vv7+gT9Bvf9+8z8\/NSv\/Pr5+P7++vnQIBMP\/v38\/Pn348XDiCYf9OjbzcqxXVcx\/fz8+\/rj1r2poo1+fXFqX0orGP7+\/v7+\/fz8+\/r68uzn4trIxsG\/vri3p6GcmZSNbWVYUUZEPQv+\/f39+\/v7+\/v7+vr64tvV1NTTz87FtbSurqeblJKFg4B3bUY+NjL7+\/v7+\/v67t1cDo8JLQAABkRJREFUWMO0kz9rwkAYh0OIeJkum6YugUAhISCdKoj\/P4C7SMdS+gEKIhSKil10LSg4mzXkILdlEpxCpwTiWOLX6BujvQaEQuGeHLnL+\/64J+SIcKGYTYWnntpdLjrVdqvZmNdn0+EE40GtpuuWVS6Xx6N7YDSGpWXpeq02wHgynM7q80az1a52HpddtVcpsi1zFARBrdaxbhp9iUReTGmwA4KAAr7vx3EYejnCMI6hQYEgy0LQi4jUN0wL19vqFcUC9\/1dAKmEEFkWRYkh5oBejnxQJiSJPJ\/uKBp0Thszx9Mw8hMRIQjKsptCfuES9zr5WJY6vSFCIvE9fCMUmEM1A1kSXcYGxgVYsvI1IPKTZciSTI0us\/SMGG04gDzELDoFBwdcFJrF88dqgYMTiL6DILWYyfOWE8\/kIz38olCNlC03FK95+imxp6y4oUSvAnBjHHhKNtotSDqJzVFiK8c2SBqhZtsrTtgrLXwAyduxZHNE26eHUt5rtuM4WSmds3G+sUdWYo1L+XyxButoh5eKUHk5lByO3G1LqqCWVnfrv\/lyPtf\/4ps1cndNGIri8J1TJ0lx6dR\/oPjq1nbRwdp2dCk4CtIOLW3pVKRL6WZfS5vF2KkIQhpwSsjiYIgNCs1gEMGqiIq24NQX9NwoXFy8Ufrl3twTcg4fv8T9\/JBEySduj6Mjm4bMzYV7EEOxKjjoNDud7yY3Dy71Hq2oLmqfbNR723edH9PgMrNL2utoQ3VmaIDkiw\/4w51P06hlZsTZvkRrbVuSIs\/zwSOsycgzStQouoAkWQqioRT5XI7n2Z1wfVhoZmcAJLsoqjqpjbWCgpOAJXBwHK8PzWbNvoUZJND5wCnSkLAkZ1legx6vqQzjoiTahKlGUGLAiIIoABOHaNVw4sexZBym6\/HWlH5h3IC7yRbxtipcWxdTOkORKiNQAEkFf66x5S2oeRbroOlLgg0sSYkR0hRGEqJZ0jTPiQKatESdBckpWigxaapEH0lImHdWu9pUFF2XqMNM2Z4kped7IwEJw2qabwtrQqnpw6HyKkgcadKWsmpywwesDyIhYRpdzXddqegtGIJlXbAIUMOLkGxJUjRIkokwjUaX9d\/kK62ps\/tYUqZLIMkLTyBhsMZ3C5Z\/kDxOSCb\/DOs\/\/J0qcWSX\/2ipe56EgTCA4\/cB7NAYOsni4mZM1MUPAISoEwkDi4lhVBQ1cWQyIcwalw4EpqZN68JUSK7XC0kTlkLYii5uXSC8jT5ncCAS7mjCv0uHp\/3lueHEEAeQ\/\/VgmdN71\/2uCSA1Xr6DO6uI6sW56zqT2tp2PhgiRUAajV8CY2fkcz6WGNKMgLAt7tJAhD4YHMTeRxlALE6+43WqjSWi8ITxyJl8WrwWSNESQZZOqhDDntO3hJLsd5RtSpbJqdv3YrDJH3F7jL1R2O2aQkn2MyCyKYz0GPGIvSAMgBCrCEiJyKbBaYGwLW4uPRr0A0M4Ux5kUI7IBh+hMdiCEWNqhMZGyYMsOgNE58UQuEQeUnSWCMYwL54hkxK6IoqucQZbQ3pc3XtL0lky1dL0zZJJDpWJovFqpWj6JEHnyam2eQp5QRVAVHjWparTOaVwUOx99YS2MvgxIGV0bb+qIg2HX2qkFFJB+XZcbLiuRkuxD9GRroKyveLxdh4d7Orx+hb7qc3uVRuEogCOnyIxm4ubUoPgF4jianDrC+SDQDKEfJb0GUKmjCGPYHGJvVC6X4hw1\/sAfQAdfYyephIaspXe36RwOP+Ljvfx9B6B3i+Nk0DGq+oCbLn6JpBa9nWAveAIHwFAwtVcIJXPMPL8kRu5OAYPMaL1WScTxjiZDqB9LTJSWphow\/pTYKRTLjCBhvi9iBidvKcDasGSm0QQkycYuLBqj6QCELPctqChDWpTRMWkngNNpQ1Pfp1KkiT\/Y0DGffXAweUNfLAfaJFKDwhb6I+bkYRbkERoEeu3Fyjg2opMz2daZCS9jt6Q7txNfB+OZEVF6Zl5web2xunnLQrtrjXseXKaFYziYINeMFZVxS9VxRhOoesYwxPKXm+gWLG9cuFeq93UNNeJNsf1KlwuDok9n02n3TgIJpOxNfL9naIoQwXtfH9kjceTIIi709ncTg6LZbg+biLH1V6u\/7rxBem06VXKn9raAAAAAElFTkSuQmCC\")      no-repeat center center \/ contain;  }  @media screen and (max-width: 960px) and (orientation: portrait) {    .logo {      width: 100%;    }    .logo .pc-banner {      display: none;    }    .logo .m-banner {      display: block;      width: 100%;    }    .logo .m-banner img {      height: auto!important;    }    .ytvideo {      height: 200px;      width: 100%;    }  }<\/style><style>  .video-section {    width: 100%;    margin: 0 auto;  }  .video-section > img {    width: 100%;  }  .video-section iframe,  .video-section video {    width: 100%;    height: 100%;      }  .video-section-img-m,  .video-section-img-pc > img {    width: 100%;    height: auto;  }  .video-section-img-pc.small > img {    width: 970px;  }  .video-desc {    line-height: 1.5;    font-size: 20px;    font-weight: 400;    margin: 20px 0;    text-align: center;    color: #0f1111;    word-break: break-word;  }  @media screen and (max-width: 960px) and (orientation: portrait) {    .video-section {      width: 100%;    }    .video-section-pc,    .video-section-img-pc {      display: none;    }    .video-section-m,    .video-section-img-m {      display: block;    }    .video-desc {      font-size: 15px;    }  }  @media screen and (min-width: 960px) {    .video-section {      width: 100%;      margin: 0 auto;    }    .video-section-pc,    .video-section-img-pc {      display: block;    }    .video-section-m,    .video-section-img-m {      display: none;    }    .video-desc {      font-size: 20px;    }  }<\/style><style>  .section + .section {    margin-top: 35px;  }  .section-title {    text-align: center;    font-weight: bold;    color: #0d1111;    font-family: \"Arial\";    font-size: 32px;    margin: 15px 0;  }  .section-title:empty {    display: none;  }  .section-desc {    text-align: center;    font-weight: normal;    color: #0d1111;    margin-top: 20px;  }  .section-desc:empty {    display: none;  }  .section-img {    width: 1200px;    height: 492px;    margin: 0 auto;    display: block;  }  .section-img.small {    width: 970px;    height: auto;  }  .section-img.small > img {    height: auto;  }  .section-img > img {    width: 100%;    height: 100%;  }  .section-mobile-img {    display: none;    max-width: 100vw;    max-height: 75vw;    height: 450px;    margin: 0 auto;  }  .section-mobile-img > img {    width: 100%;    height: 100%;  }  @media screen and (max-width: 960px) and (orientation: portrait) {    .container {      width: 100%;    }    .container.small {      width: 100%;    }    .section-mobile-img {      display: block;    }    .section-img {      display: none;    }    .section-title {      font-size: 22px;      margin: 10px 0;    }    .section-desc {      margin-top: 10px;    }    .section + .section {      margin-top: 20px;    }  }<\/style><\/head><body><div class=\"container\"><div class=\"logo\"><div class=\"pc-banner\"><div><img decoding=\"async\" src=\"\/vevor\/vevor\/boutique-banner\/pc\/en-pc@1x.jpg\" style=\"width: 100%;\" \/><\/div><\/div><div class=\"m-banner\"><div><img decoding=\"async\" src=\"\/vevor\/vevor\/boutique-banner\/mobile\/en-m@1x.jpg\" style=\"width: 100%;\" \/><\/div><\/div><\/div><div class=\"section-title\">Manote Raminan\u010di\u0105 \u0160ilum\u0105, Atkurti K\u016bno Gyvybingum\u0105<\/div><div class=\"video-section\"><div class=\"video-section-img-pc\"><img decoding=\"async\" src=\"\/vevor\/product\/ZXKYSJRDZXKY539AA\/far-infrared-heating-pad-a100-1.4.jpg\" \/><\/div><div class=\"video-section-img-m\"><img decoding=\"async\" src=\"\/vevor\/product\/ZXKYSJRDZXKY539AA\/far-infrared-heating-pad-a100-1.4-m.jpg\" \/><\/div><div class=\"section-desc\">VEVOR toli infraraudon\u0173j\u0173 spinduli\u0173 \u0161ildymo kilim\u0117lis yra idealus pasirinkimas tiems, kurie ie\u0161ko ramios \u0161ilumos ir sveikatos. Derinant toli infraraudon\u0173j\u0173 spinduli\u0173, 108 gamtos jade, ir 42 turmalinas akmenys, ji labai ramina raumen\u0173 \u012ftamp\u0105, skatina kraujo apytak\u0105, gerina miego kokyb\u0119. Pasirinkite priimti sveikesn\u012f gyvenimo!<\/div><\/div><div class=\"section\"><div class=\"section-title\"><\/div><div class=\"section-img\"><img decoding=\"async\" src=\"\/vevor\/product\/ZXKYSJRDZXKY539AA\/far-infrared-heating-pad-a100-2.2.jpg\" \/><\/div><div class=\"section-mobile-img\"><img decoding=\"async\" src=\"\/vevor\/product\/ZXKYSJRDZXKY539AA\/far-infrared-heating-pad-a100-2.2-m.jpg\" \/><\/div><div class=\"section-desc\">108 Jade Akmenys: Tur\u0117ti neigiam\u0173 jon\u0173, kurie skatina gamyb\u0105, tolim\u0173j\u0173 infraraudon\u0173j\u0173 spinduli\u0173, ir daug mikroelement\u0173, nauding\u0173 organizmui ; 42 Turmalinas Akmenys: Suteikti greit\u0105, stabil\u0173 \u0161ildymas efektyv\u0173 \u0161ilumos perdavim\u0105, paspartinti kraujo apytak\u0105 ir ma\u017einant skausm\u0105.<\/div><\/div><div class=\"section\"><div class=\"section-title\"><\/div><div class=\"section-img\"><img decoding=\"async\" src=\"\/vevor\/product\/ZXKYSJRDZXKY539AA\/far-infrared-heating-pad-a100-2.3.jpg\" \/><\/div><div class=\"section-mobile-img\"><img decoding=\"async\" src=\"\/vevor\/product\/ZXKYSJRDZXKY539AA\/far-infrared-heating-pad-a100-2.3-m.jpg\" \/><\/div><div class=\"section-desc\">M\u016bs\u0173 \u0161ildymo pagalv\u0117l\u0119 nugaros skausmo yra pastatytas efektyviam anglies pluo\u0161to \u0161ildymo elementas u\u017etikrina stabil\u0173 ir nuosekl\u0173 \u0161ilumos terapija. J\u012f \u012fkaitina greitai, tolygiai paskirstyti \u0161ilum\u0105 vis\u0105 savo k\u016bn\u0105, padeda visi\u0161kai atsipalaiduoti.<\/div><\/div><div class=\"section\"><div class=\"section-title\"><\/div><div class=\"section-img\"><img decoding=\"async\" src=\"\/vevor\/product\/ZXKYSJRDZXKY539AA\/far-infrared-heating-pad-a100-2.4.jpg\" \/><\/div><div class=\"section-mobile-img\"><img decoding=\"async\" src=\"\/vevor\/product\/ZXKYSJRDZXKY539AA\/far-infrared-heating-pad-a100-2.4-m.jpg\" \/><\/div><div class=\"section-desc\">Su reguliuojamu \u0161ilumos parametrus i\u0161 103\u00b0F iki 159\u00b0F, galima pritaikyti temperat\u016bra j\u016bs\u0173 pageidavim\u0105. \u012emontuotas atminties funkcija primena ankstesnius nustatymus, kad b\u016bt\u0173 patogiau, o automatinio i\u0161jungimo funkcija, u\u017etikrina saugum\u0105, u\u017ekertant keli\u0105 piktnaud\u017eiauti.<\/div><\/div><div class=\"section\"><div class=\"section-title\"><\/div><div class=\"section-img\"><img decoding=\"async\" src=\"\/vevor\/product\/ZXKYSJRDZXKY539AA\/far-infrared-heating-pad-a100-2.5.jpg\" \/><\/div><div class=\"section-mobile-img\"><img decoding=\"async\" src=\"\/vevor\/product\/ZXKYSJRDZXKY539AA\/far-infrared-heating-pad-a100-2.5-m.jpg\" \/><\/div><div class=\"section-desc\">\u0160is nat\u016bralus nefrito ir turmalino akmen\u0173 \u0161ildymo padas yra ideali dovana artimiesiems ir draugams Nesvarbu, ar tai b\u016bt\u0173 T\u0117vo diena, Motinos diena, gimtadienis ar Pad\u0117kos diena, tai puikus pasirinkimas norint i\u0161reik\u0161ti prie\u017ei\u016br\u0105, suma\u017einti raumen\u0173 skausm\u0105 ir skatinti bendr\u0105 sveikat\u0105.<\/div><\/div><div class=\"section\"><div class=\"section-img\"><img decoding=\"async\" src=\"\/vevor\/product\/ZXKYSJRDZXKY539AA\/far-infrared-heating-pad-a100-1.11.jpg\" \/><\/div><div class=\"section-mobile-img\"><img decoding=\"async\" src=\"\/vevor\/product\/ZXKYSJRDZXKY539AA\/far-infrared-heating-pad-a100-1.11-m.jpg\" \/><\/div><\/div><\/div><\/body><\/html><\/div>\n<div class=\"DM_at-title\" id=\"js-DM_at-title\"> <div>Produkto specifikacija<\/div> <i class=\"icon-arrowup_line\"><\/i> <\/div><div class=\"DM_at-goodsDescAttr\" id=\"js-DM_at-goodsDescAttr\"> <div class=\"DM_at-goodsDescAttrInner\"> <dl class=\"goodsDesc_item goodsDesc_item_even\"> <dt>Prek\u0117s Modelio Numeris<\/dt> <dd> H11M2<\/dd> <\/dl> <dl class=\"goodsDesc_item\"> <dt>Skai\u010dius Jade Akmenys<\/dt> <dd> 108<\/dd> <\/dl> <dl class=\"goodsDesc_item goodsDesc_item_even\"> <dt>Skai\u010dius Turmalinas Akmenys<\/dt> <dd> 42<\/dd> <\/dl> <dl class=\"goodsDesc_item\"> <dt>Pagrindin\u0117 Med\u017eiaga<\/dt> <dd> PU Odos<\/dd> <\/dl> <dl class=\"goodsDesc_item goodsDesc_item_even\"> <dt>Produkto Svoris<\/dt> <dd> 7.05 \u00a3 \/ 3.2 kg<\/dd> <\/dl> <dl class=\"goodsDesc_item\"> <dt>Gaminio Matmenys<\/dt> <dd> 31.50 x 21.93 x 0.3 in \/ 800 x 557 x 7.5 mm<\/dd> <\/dl> <\/div> <\/div>","protected":false},"excerpt":{"rendered":"<ul>\n<li> 3-in-1 Sveikatos Terapija: VEVOR 31.5&#034; x 21.93&#034; tolim\u0173j\u0173 infraraudon\u0173j\u0173 spinduli\u0173 \u0161ildymo kilim\u0117lis sujungia profesionalus tolim\u0173j\u0173 infraraudon\u0173j\u0173 spinduli\u0173 technologija, 108 gamtos jade akmenys ir 42 turmalinas akmenys giliai prasiskverbti ir atpalaiduos k\u016bno raumenis, skatina kraujo apytak\u0105, gerina miego kokyb\u0119 ir atkurti k\u016bno gyvybingumas, puikus kasdienis poilsis ir \u012ftempi\u0173. <\/li>\n<li> Giliai \u012esiskverbia Paramos: Featuring 108 gamtos jade akmenys ir 42 turmalinas akmenys, tai infraraudon\u0173j\u0173 spinduli\u0173 \u0161ildymo pagalv\u0117l\u0119 nugaros i\u0161leisti daugiau neigiam\u0173 jon\u0173 ir toli infraraudon\u0173j\u0173 spinduli\u0173, kai \u0161ildomas, skverbiasi gilesnius odos sluoksnius, padeda suma\u017einti raumen\u0173 s\u0105stingis ir skausmas, ir teikia raminan\u010di\u0105 \u0161ilum\u0105. <\/li>\n<li> Tiksli Temperat\u016bros Kontrol\u0117: Reguliuoti temperat\u016br\u0105 nuo 103\u00b0F iki 159\u00b0F su smart controller, kad atitikt\u0173 j\u016bs\u0173 pageidavimus. Ji taip pat yra atminties funkcija, kad prisimena savo paskutin\u0119 parametrai, 0 \u2013 240 min laikma\u010dio nustatymas kartu su automatinio i\u0161jungimo funkcija u\u017ekirsti keli\u0105 piktnaud\u017eiauti, ir u\u017etikrinti, kad j\u016bs niekada pamir\u0161ti j\u012f i\u0161jungti. <\/li>\n<li> Auk\u0161\u010diausios kokyb\u0117s med\u017eiaga: \u0161is nat\u016bralus nefrito ir turmalino kaitinimo padas pagamintas i\u0161 auk\u0161tos kokyb\u0117s PU odos, jau\u010diasi mink\u0161tesnis nei \u012fprasta oda, lengvai valomas, atsparus dilimui, kv\u0117puojantis, anti-sen\u0117jimo. lengva pri\u017ei\u016br\u0117ti ir valyti \/ tiesiog nuvalykite sausu skudur\u0117liu, kad i\u0161laikytum\u0117te savo i\u0161vaizd\u0105 ir funkcij\u0105. <\/li>\n<li> Puiki Dovana: \u0160is jade turmalinas \u0161ildymo kilim\u0117lis yra pagrindinis dabartin\u0117s \u0161eimos ir draug\u0173, efektyviai ma\u017einant skausm\u0105 juosmens, nugaros, pilvo, koj\u0173, ir visur kitur, kur jau\u010diate skausm\u0105, skatinti kraujotak\u0105, pagerinti miego kokyb\u0119, atsipalaiduoti j\u016bs\u0173 k\u016bno ir proto. Lengvas ir ne\u0161iojamas \u2013 tai paprasta ne\u0161iotis su ne\u0161iojimo krep\u0161ys. <\/li>\n<\/ul>","protected":false},"featured_media":345051,"comment_status":"closed","ping_status":"open","template":"","meta":{"om_disable_all_campaigns":false,"_uf_show_specific_survey":0,"_uf_disable_surveys":false},"location":[1935,1934],"product_brand":[21],"product_cat":[2393,4168,4576,3641],"product_tag":[],"class_list":{"0":"post-55841","1":"product","2":"type-product","3":"status-publish","4":"has-post-thumbnail","6":"location-supplier_stock_location","7":"location-local_stock_location","8":"product_brand-vevor","9":"product_cat-health-and-wellness","10":"product_cat-heat-therapy-products","11":"product_cat-jade-stone-heating-pad","12":"product_cat-personal-care-appliances","14":"first","15":"outofstock","16":"taxable","17":"shipping-taxable","18":"purchasable","19":"product-type-simple"},"aioseo_notices":[],"locations":[{"id":1935,"name":"Pieg\u0101d\u0101t\u0101ja noliktav\u0101 (5-7d.d.)","slug":"supplier_stock_location","quantity":"0"},{"id":1934,"name":"R\u012bgas veikal\u0101 (0-2d.d.)","slug":"local_stock_location","quantity":"0"}],"_links":{"self":[{"href":"https:\/\/vevorshop.lv\/lt\/wp-json\/wp\/v2\/product\/55841","targetHints":{"allow":["GET"]}}],"collection":[{"href":"https:\/\/vevorshop.lv\/lt\/wp-json\/wp\/v2\/product"}],"about":[{"href":"https:\/\/vevorshop.lv\/lt\/wp-json\/wp\/v2\/types\/product"}],"replies":[{"embeddable":true,"href":"https:\/\/vevorshop.lv\/lt\/wp-json\/wp\/v2\/comments?post=55841"}],"wp:featuredmedia":[{"embeddable":true,"href":"https:\/\/vevorshop.lv\/lt\/wp-json\/wp\/v2\/media\/345051"}],"wp:attachment":[{"href":"https:\/\/vevorshop.lv\/lt\/wp-json\/wp\/v2\/media?parent=55841"}],"wp:term":[{"taxonomy":"location","embeddable":true,"href":"https:\/\/vevorshop.lv\/lt\/wp-json\/wp\/v2\/location?post=55841"},{"taxonomy":"product_brand","embeddable":true,"href":"https:\/\/vevorshop.lv\/lt\/wp-json\/wp\/v2\/product_brand?post=55841"},{"taxonomy":"product_cat","embeddable":true,"href":"https:\/\/vevorshop.lv\/lt\/wp-json\/wp\/v2\/product_cat?post=55841"},{"taxonomy":"product_tag","embeddable":true,"href":"https:\/\/vevorshop.lv\/lt\/wp-json\/wp\/v2\/product_tag?post=55841"}],"curies":[{"name":"wp","href":"https:\/\/api.w.org\/{rel}","templated":true}]}}