{"id":55904,"date":"2024-11-20T04:38:59","date_gmt":"2024-11-20T04:38:59","guid":{"rendered":"http:\/\/vevorshop.edigo.lv\/Prece\/vevor-2500g-commercial-spice-grinder-electric-grain-mill-grinder-high-speed-2\/"},"modified":"2026-04-19T23:13:13","modified_gmt":"2026-04-19T20:13:13","slug":"vevor-2500g-commercial-spice-grinder-electric-grain-mill-grinder-high-speed-2","status":"publish","type":"product","link":"https:\/\/vevorshop.lv\/lt\/Prece\/vevor-2500g-komercinis-prieskoniu-malunelis-elektrinis-grudu-malunas-malunelis-dideliu-greiciu-2-2\/","title":{"rendered":"VEVOR 2500g Elektrinis Ner\u016bdijan\u010dio Plieno Gr\u016bd\u0173 Mal\u016bn\u0117lis 3400W, S\u016bpuoklinis Tipas, Greitas Saus\u0173 Prieskoni\u0173, Kavos, Kukur\u016bz\u0173 Malimas"},"content":{"rendered":"<div style=\"color: #fff!important; font-size: 16px; height: 24px; line-height: 24px; margin-top: -24px; \" class=\"product_original_name\">VEVOR 2500g elektrinis gr\u016bd\u0173 mal\u016bno mal\u016bn\u0117lis, didel\u0117s spartos 3400W komerciniai prieskoni\u0173 mal\u016bn\u0117liai, ner\u016bdijan\u010dio plieno pulverizatoriaus milteli\u0173 aparatas, saus\u0173 gr\u016bd\u0173 prieskoni\u0173 gr\u016bdams Kavos kukur\u016bz\u0173 pipirai, s\u016bpyn\u0117s tipas<\/div>\n<div style=\"color: #fff!important; font-size: 16px; height: 24px; line-height: 24px; margin-top: -24px; \" class=\"product_sku\">M4I4MF9A<\/div>\n<div style=\"color: #fff!important; font-size: 16px; height: 24px; line-height: 24px; margin-top: -24px; \" class=\"product_mpn\">DDDPSGWYMJ25ODXN1V2<\/div><div id=\"js-DM_at-goodDescRich\"><html><head><style>  body {    font-family: Arial;    line-height: 1.5;    color: #1c1c1c;    overflow-x: hidden;    margin: 0;    padding: 0;  }  .MsoNormal b {    font-weight: bolder;  }<\/style><style>  .container.small {    width: 970px;    margin: 0 auto;  }  .logo {    margin: 0 auto 0;  }  .logo img {    display: block;    margin: 0 auto;    max-width: 100%;  }  .logo .pc-banner {    display: block;    width: 1200px;    height: 247.4px;    margin: 0 auto;  }  .logo .pc-banner.small {    width: 970px;  }  .logo .pc-banner.small img {    height: auto!important;  }  .logo .m-banner {    display: none;  }  .ytvideo {    position: relative;    height: 546px;    width: 100%;    margin: 0 auto;  }  .ytvideo img {    width: 100%;    margin: 0 auto;  }  .ytvideo .play-btn {    width: 60px;    height: 42px;    position: absolute;    top: 50%;    left: 50%;    transform: translate(-50%, -50%);    background: url(\"data:image\/png;base64,iVBORw0KGgoAAAANSUhEUgAAAGQAAABGCAMAAAANWMFbAAAC+lBMVEUAAADBGB3kLCfBGB3kLCfcJC7BFx3KKSbiKybkLCbWJCPSIiLSIiLPICHAFx3kLCfgKSXNHiDZJiTIGx\/p4eHcjo7LHSDbJyTkLCbjKyfOHyHPIiL28fHJHB\/GGh7EGR7eKCXDGB3RISHlLSbBGB3AFxzGHB7DGB7BGB3hKybkKybAFx3lLCfAFxzDGR3hKibDGB7cJyTmz8\/elJTlwcHjurrUIyLlLSflLSfAFx3DGR7lLSfCFx3hKibhKibhKybjKybkLCblLSfbJSX49vbx7e3NNzjNMTLMJyjVIyLZf3\/ZQ0LaeHjx0tLgoqLkLCfCGB3HGx\/BGB3BFx3PICHCGB7WJCLOHyC\/Fxy\/Fx3lLCfQISHkLSe\/FxzbJiTBFx3FGx\/AGB7BFx3EGR7AGB3HHSDfKiXAFh3TISHYNzbhKibbJyTTIiL57e325+f039\/v2NjUV1fOHiHiqanfmprch4feKSXVIyPOICHmLibFGh\/mLSe\/Fx7XJCPeKSXXJSPNHyHaJyTGGh7lLCbmLCflLSjSIiLkLCbdKSXLHiC\/GB3KHh++Fh3lKyfoLiXcKCPkx8fYb2\/XaGfVXl3aU1LLHiDksbHgKibPICHbJyTfKSXbJyTCGB3KHSDiKybFGh7TIiL\/\/\/\/VIyPRISHIHB\/GGx\/HHB\/DGR7gKibdKCXLHiDZJiTMHiDNHyHYJSTOICHPICHWJCPcKCXXJSPjLCblLCf+\/f3NGR\/uLijzLynPGR\/IGB7WISHaIyLLGh7UAADxLynNAADRLzDbICLQAADIAAD3MCrUHSHXMTDpKSbLAADp5OTij4\/ejo\/VLy\/1LyngJSTcJCPQHx\/OHB7+\/PzaMS\/OLS\/vLijrLSjSAADaNTPwLyjkKSbNJCbYISHPHB\/KGB7WAAD7+vrn3d3aKynTKCjoLCfsKifRGh\/YAADq5+fhjo7QNDXXKCfmJyXt5+fTLzDLLi\/QKivYHRvMGBrQJCXLISPMExXLDxLaEAvkkI\/bOTfaFQ\/SCgpvLcnHAAAAmnRSTlMA+vv7+gT9Bvf9+8z8\/NSv\/Pr5+P7++vnQIBMP\/v38\/Pn348XDiCYf9OjbzcqxXVcx\/fz8+\/rj1r2poo1+fXFqX0orGP7+\/v7+\/fz8+\/r68uzn4trIxsG\/vri3p6GcmZSNbWVYUUZEPQv+\/f39+\/v7+\/v7+vr64tvV1NTTz87FtbSurqeblJKFg4B3bUY+NjL7+\/v7+\/v67t1cDo8JLQAABkRJREFUWMO0kz9rwkAYh0OIeJkum6YugUAhISCdKoj\/P4C7SMdS+gEKIhSKil10LSg4mzXkILdlEpxCpwTiWOLX6BujvQaEQuGeHLnL+\/64J+SIcKGYTYWnntpdLjrVdqvZmNdn0+EE40GtpuuWVS6Xx6N7YDSGpWXpeq02wHgynM7q80az1a52HpddtVcpsi1zFARBrdaxbhp9iUReTGmwA4KAAr7vx3EYejnCMI6hQYEgy0LQi4jUN0wL19vqFcUC9\/1dAKmEEFkWRYkh5oBejnxQJiSJPJ\/uKBp0Thszx9Mw8hMRIQjKsptCfuES9zr5WJY6vSFCIvE9fCMUmEM1A1kSXcYGxgVYsvI1IPKTZciSTI0us\/SMGG04gDzELDoFBwdcFJrF88dqgYMTiL6DILWYyfOWE8\/kIz38olCNlC03FK95+imxp6y4oUSvAnBjHHhKNtotSDqJzVFiK8c2SBqhZtsrTtgrLXwAyduxZHNE26eHUt5rtuM4WSmds3G+sUdWYo1L+XyxButoh5eKUHk5lByO3G1LqqCWVnfrv\/lyPtf\/4ps1cndNGIri8J1TJ0lx6dR\/oPjq1nbRwdp2dCk4CtIOLW3pVKRL6WZfS5vF2KkIQhpwSsjiYIgNCs1gEMGqiIq24NQX9NwoXFy8Ufrl3twTcg4fv8T9\/JBEySduj6Mjm4bMzYV7EEOxKjjoNDud7yY3Dy71Hq2oLmqfbNR723edH9PgMrNL2utoQ3VmaIDkiw\/4w51P06hlZsTZvkRrbVuSIs\/zwSOsycgzStQouoAkWQqioRT5XI7n2Z1wfVhoZmcAJLsoqjqpjbWCgpOAJXBwHK8PzWbNvoUZJND5wCnSkLAkZ1legx6vqQzjoiTahKlGUGLAiIIoABOHaNVw4sexZBym6\/HWlH5h3IC7yRbxtipcWxdTOkORKiNQAEkFf66x5S2oeRbroOlLgg0sSYkR0hRGEqJZ0jTPiQKatESdBckpWigxaapEH0lImHdWu9pUFF2XqMNM2Z4kped7IwEJw2qabwtrQqnpw6HyKkgcadKWsmpywwesDyIhYRpdzXddqegtGIJlXbAIUMOLkGxJUjRIkokwjUaX9d\/kK62ps\/tYUqZLIMkLTyBhsMZ3C5Z\/kDxOSCb\/DOs\/\/J0qcWSX\/2ipe56EgTCA4\/cB7NAYOsni4mZM1MUPAISoEwkDi4lhVBQ1cWQyIcwalw4EpqZN68JUSK7XC0kTlkLYii5uXSC8jT5ncCAS7mjCv0uHp\/3lueHEEAeQ\/\/VgmdN71\/2uCSA1Xr6DO6uI6sW56zqT2tp2PhgiRUAajV8CY2fkcz6WGNKMgLAt7tJAhD4YHMTeRxlALE6+43WqjSWi8ITxyJl8WrwWSNESQZZOqhDDntO3hJLsd5RtSpbJqdv3YrDJH3F7jL1R2O2aQkn2MyCyKYz0GPGIvSAMgBCrCEiJyKbBaYGwLW4uPRr0A0M4Ux5kUI7IBh+hMdiCEWNqhMZGyYMsOgNE58UQuEQeUnSWCMYwL54hkxK6IoqucQZbQ3pc3XtL0lky1dL0zZJJDpWJovFqpWj6JEHnyam2eQp5QRVAVHjWparTOaVwUOx99YS2MvgxIGV0bb+qIg2HX2qkFFJB+XZcbLiuRkuxD9GRroKyveLxdh4d7Orx+hb7qc3uVRuEogCOnyIxm4ubUoPgF4jianDrC+SDQDKEfJb0GUKmjCGPYHGJvVC6X4hw1\/sAfQAdfYyephIaspXe36RwOP+Ljvfx9B6B3i+Nk0DGq+oCbLn6JpBa9nWAveAIHwFAwtVcIJXPMPL8kRu5OAYPMaL1WScTxjiZDqB9LTJSWphow\/pTYKRTLjCBhvi9iBidvKcDasGSm0QQkycYuLBqj6QCELPctqChDWpTRMWkngNNpQ1Pfp1KkiT\/Y0DGffXAweUNfLAfaJFKDwhb6I+bkYRbkERoEeu3Fyjg2opMz2daZCS9jt6Q7txNfB+OZEVF6Zl5web2xunnLQrtrjXseXKaFYziYINeMFZVxS9VxRhOoesYwxPKXm+gWLG9cuFeq93UNNeJNsf1KlwuDok9n02n3TgIJpOxNfL9naIoQwXtfH9kjceTIIi709ncTg6LZbg+biLH1V6u\/7rxBem06VXKn9raAAAAAElFTkSuQmCC\")      no-repeat center center \/ contain;  }  @media screen and (max-width: 960px) and (orientation: portrait) {    .logo {      width: 100%;    }    .logo .pc-banner {      display: none;    }    .logo .m-banner {      display: block;      width: 100%;    }    .logo .m-banner img {      height: auto!important;    }    .ytvideo {      height: 200px;      width: 100%;    }  }<\/style><style>  .video-section {    width: 100%;    margin: 0 auto;  }  .video-section > img {    width: 100%;  }  .video-section iframe,  .video-section video {    width: 100%;    height: 100%;      }  .video-section-img-m,  .video-section-img-pc > img {    width: 100%;    height: auto;  }  .video-section-img-pc.small > img {    width: 970px;  }  .video-desc {    line-height: 1.5;    font-size: 20px;    font-weight: 400;    margin: 20px 0;    text-align: center;    color: #0f1111;    word-break: break-word;  }  @media screen and (max-width: 960px) and (orientation: portrait) {    .video-section {      width: 100%;    }    .video-section-pc,    .video-section-img-pc {      display: none;    }    .video-section-m,    .video-section-img-m {      display: block;    }    .video-desc {      font-size: 15px;    }  }  @media screen and (min-width: 960px) {    .video-section {      width: 100%;      margin: 0 auto;    }    .video-section-pc,    .video-section-img-pc {      display: block;    }    .video-section-m,    .video-section-img-m {      display: none;    }    .video-desc {      font-size: 20px;    }  }<\/style><style>  .section + .section {    margin-top: 35px;  }  .section-title {    text-align: center;    font-weight: bold;    color: #0d1111;    font-family: \"Arial\";    font-size: 32px;    margin: 15px 0;  }  .section-title:empty {    display: none;  }  .section-desc {    text-align: center;    font-weight: normal;    color: #0d1111;    margin-top: 20px;  }  .section-desc:empty {    display: none;  }  .section-img {    width: 1200px;    height: 492px;    margin: 0 auto;    display: block;  }  .section-img.small {    width: 970px;    height: auto;  }  .section-img.small > img {    height: auto;  }  .section-img > img {    width: 100%;    height: 100%;  }  .section-mobile-img {    display: none;    max-width: 100vw;    max-height: 75vw;    height: 450px;    margin: 0 auto;  }  .section-mobile-img > img {    width: 100%;    height: 100%;  }  @media screen and (max-width: 960px) and (orientation: portrait) {    .container {      width: 100%;    }    .container.small {      width: 100%;    }    .section-mobile-img {      display: block;    }    .section-img {      display: none;    }    .section-title {      font-size: 22px;      margin: 10px 0;    }    .section-desc {      margin-top: 10px;    }    .section + .section {      margin-top: 20px;    }  }<\/style><\/head><body><div class=\"container small\"><div class=\"logo\"><div class=\"pc-banner small\"><div><img decoding=\"async\" src=\"\/vevor\/vevor\/boutique-banner\/pc\/en-pc@1x.jpg\" style=\"width: 100%;\" \/><\/div><\/div><div class=\"m-banner\"><div><img decoding=\"async\" src=\"\/vevor\/vevor\/boutique-banner\/mobile\/en-m@1x.jpg\" style=\"width: 100%;\" \/><\/div><\/div><\/div><div class=\"section-title\">Gr\u016bd\u0173 Malimo Mal\u016bn\u0117lis Atitinka Visus J\u016bs\u0173 Kasdieni\u0173 Poreiki\u0173 d\u0117l \u0160lifavimo<\/div><div class=\"video-section\"><div class=\"video-section-img-pc small\"><img decoding=\"async\" src=\"\/vevor\/product\/DDDPSGWYMJ25ODXN1\/grain-mill-grinder-a100-1.4-pt.jpg\" \/><\/div><div class=\"video-section-img-m\"><img decoding=\"async\" src=\"\/vevor\/product\/DDDPSGWYMJ25ODXN1\/grain-mill-grinder-a100-1.4-pt.jpg\" \/><\/div><div class=\"section-desc\">\u0160lifavimo kolegija yra turtinga, talpa 2500g, u\u017etikrinti, kad turite pakankamai j\u016bs\u0173 poreikius. Su dideliu kietumo, ji suteikia ramyb\u0119, kai \u0161lifavimo maisto.<\/div><\/div><div class=\"section\"><div class=\"section-title\"><\/div><div class=\"section-img small\"><img decoding=\"async\" src=\"\/vevor\/product\/DDDPSGWYMJ25ODXN1\/grain-mill-grinder-a100-2.2-pt.jpg\" \/><\/div><div class=\"section-mobile-img\"><img decoding=\"async\" src=\"\/vevor\/product\/DDDPSGWYMJ25ODXN1\/grain-mill-grinder-a100-2.2-pt.jpg\" \/><\/div><div class=\"section-desc\">Tinka tiek vaistams, ir maistui, tai greitai mala gr\u016bdus, prieskoniai, ir eksperimentinius m\u0117ginius su bauda ir veiksming\u0105 rezultat\u0105.<\/div><\/div><div class=\"section\"><div class=\"section-title\"><\/div><div class=\"section-img small\"><img decoding=\"async\" src=\"\/vevor\/product\/DDDPSGWYMJ25ODXN1\/grain-mill-grinder-a100-2.3-pt.jpg\" \/><\/div><div class=\"section-mobile-img\"><img decoding=\"async\" src=\"\/vevor\/product\/DDDPSGWYMJ25ODXN1\/grain-mill-grinder-a100-2.3-pt.jpg\" \/><\/div><div class=\"section-desc\">S\u016bpyn\u0117s \u0160lifavimo\u2014Funkcijos 270 laipsni\u0173 s\u016bpyn\u0117s \u0161lifuoti, auk\u0161tos kietumas ingredient\u0173, vis kontaktai tarp maisto ir gele\u017et\u0117s reik\u0161mi\u0173 rezultatai.<\/div><\/div><div class=\"section\"><div class=\"section-title\"><\/div><div class=\"section-img small\"><img decoding=\"async\" src=\"\/vevor\/product\/DDDPSGWYMJ25ODXN1\/grain-mill-grinder-a100-2.4-pt.jpg\" \/><\/div><div class=\"section-mobile-img\"><img decoding=\"async\" src=\"\/vevor\/product\/DDDPSGWYMJ25ODXN1\/grain-mill-grinder-a100-2.4-pt.jpg\" \/><\/div><div class=\"section-desc\">Paprastas valdymas\u2014taip Pat paprasta naudoti, lengvas \u0161lifavimas. Storis reguliuojamas, su patogiu laikmat\u012f, kad b\u016bt\u0173 galima laisvai reguliuoti nuo 0 iki 5 minu\u010di\u0173.<\/div><\/div><div class=\"section\"><div class=\"section-title\"><\/div><div class=\"section-img small\"><img decoding=\"async\" src=\"\/vevor\/product\/DDDPSGWYMJ25ODXN1\/grain-mill-grinder-a100-2.5-pt.jpg\" \/><\/div><div class=\"section-mobile-img\"><img decoding=\"async\" src=\"\/vevor\/product\/DDDPSGWYMJ25ODXN1\/grain-mill-grinder-a100-2.5-pt.jpg\" \/><\/div><div class=\"section-desc\">Apsauginis dangtelis yra sukurta absorbuoti saugiai vieta, u\u017ekirsti keli\u0105 milteliai i\u0161siliejim\u0105. Atidarymo ir u\u017edarymo yra paprasta\u2014liftas nor\u0117dami atidaryti, paspauskite \u017eemyn \u012f u\u017edaryti.<\/div><\/div><div class=\"section\"><div class=\"section-img small\"><img decoding=\"async\" src=\"\/vevor\/product\/DDDPSGWYMJ25ODXN1\/grain-mill-grinder-a100-1.11-pt.jpg\" \/><\/div><div class=\"section-mobile-img\"><img decoding=\"async\" src=\"\/vevor\/product\/DDDPSGWYMJ25ODXN1\/grain-mill-grinder-a100-1.11-pt.jpg\" \/><\/div><\/div><\/div><\/body><\/html><\/div>\n<div class=\"DM_at-title\" id=\"js-DM_at-title\"> <div>Produkto specifikacija<\/div> <i class=\"icon-arrowup_line\"><\/i> <\/div><div class=\"DM_at-goodsDescAttr\" id=\"js-DM_at-goodsDescAttr\"> <div class=\"DM_at-goodsDescAttrInner\"> <dl class=\"goodsDesc_item goodsDesc_item_even\"> <dt>Prek\u0117s Modelio Numeris<\/dt> <dd> HC-2500Y<\/dd> <\/dl> <dl class=\"goodsDesc_item\"> <dt>Galia<\/dt> <dd> 3400W<\/dd> <\/dl> <dl class=\"goodsDesc_item goodsDesc_item_even\"> <dt>Variklio Grei\u010dio<\/dt> <dd> 32000 r\/min<\/dd> <\/dl> <dl class=\"goodsDesc_item\"> <dt>Bunkeris Med\u017eiaga<\/dt> <dd> 403 Ner\u016bdijan\u010dio Plieno<\/dd> <\/dl> <dl class=\"goodsDesc_item goodsDesc_item_even\"> <dt>\u0160lifavimo Bako Dydis<\/dt> <dd> 8.46 x 5.12 cm \/ 21.5 x 13 cm<\/dd> <\/dl> <dl class=\"goodsDesc_item\"> <dt>Malimo Talpa<\/dt> <dd> 5.5 lbs \/ 2500 g<\/dd> <\/dl> <dl class=\"goodsDesc_item goodsDesc_item_even\"> <dt>Malimo Smulkumas<\/dt> <dd> 30-300 Aki\u0173<\/dd> <\/dl> <dl class=\"goodsDesc_item\"> <dt>Nepertraukiamo Veikimo Laikas<\/dt> <dd> 5 minut\u0117s<\/dd> <\/dl> <dl class=\"goodsDesc_item goodsDesc_item_even\"> <dt>Produkto Svoris<\/dt> <dd> 15.87 svar\u0173 \/ 7.2 kg<\/dd> <\/dl> <dl class=\"goodsDesc_item\"> <dt>Gaminio Dydis (L x W x H)<\/dt> <dd> 9.45 x x 9.06 straipsnis 15.35 coli\u0173 \/ 240 x 230 x 390 mm<\/dd> <\/dl> <\/div> <\/div>","protected":false},"excerpt":{"rendered":"<ul>\n<li> S\u016bpyn\u0117s Mal\u016bn\u0117lis: s\u016bpyn\u0117s tipas yra patogiau nei vertikalaus tipo. Jums gali s\u016bpyn\u0117s prekybos prieskoni\u0173 mal\u016bn\u0117lis k\u016bno 270\u00b0 pad\u0117ti supilkite vietoj \u012flaipinami mal\u016bn\u0117lis. Be to, j\u016bs galite swing, \u0161lifuoklis, kai reikia dirbti, gaminti daugiau vienodos ir smulki\u0173 milteli\u0173. Jei esate nepatenkinti su \u0161lifavimo poveik\u012f, galite siet\u0105 i\u0161 \u0161iurk\u0161\u010dios dalel\u0117s ir sumalkite juos v\u0117l reik\u0161mi\u0173 rezultatai. <\/li>\n<li> Super Smash Funkcija: Variklio Galia: 3400W; Variklio Greitis: 32000(r\/min); Talpa: 2500g; Veikimo Laikas: 5 min; Intervalo Laikas: 10 min; Gr\u016bsti Lygis: superfine mal\u016bnas; Principas: greit\u0173j\u0173 mal\u016bn\u0117lis. Tinkamumas: 30-300mesh. Trij\u0173 sluoksni\u0173 peilis su smulkinimo peilis, rag\u0173 ment\u0117s, ir milteliai \u0161alinimo peilis, Tai trunka tik 30 sekund\u017ei\u0173 \u0161lifuoti vis\u0173 r\u016b\u0161i\u0173 dehidratuot\u0173 maisto \u012f smulk\u016bs milteliai. Prieskoni\u0173 ir s\u0117klos mal\u016bn\u0117lis gali lengvai prisitaikyti ir skaityti laiko ekranas. <\/li>\n<li> Ner\u016bdijan\u010dio plieno med\u017eiaga ir saugios konstrukcijos: elektrinis ma\u017eas prieskoni\u0173 mal\u016bn\u0117lis pagamintas i\u0161 maistinio ner\u016bdijan\u010dio plieno, pasi\u017eymintis ilgaam\u017ei\u0161kumu ir be perdirbimo tar\u0161os. sagties konstrukcija pasi\u017eymi geru sandarumu ir dideliu saugumu. kvie\u010di\u0173 uog\u0173 mal\u016bn\u0117lis automati\u0161kai sustoja atidarius dangt\u012f, padidindamas saugum\u0105 ir apsaugodamas vartotoj\u0105 nuo su\u017ealojim\u0173. kai gr\u016bd\u0173 mal\u016bn\u0117lis yra perkrautas, perkrovos apsauga veiks automati\u0161kai, kad valdyt\u0173 veikim\u0105. <\/li>\n<li> Universalus Sauso Mal\u016bn\u0117lis: milteliai ma\u0161ina gali dirbti su \u012fvairiais saus\u0173j\u0173 med\u017eiag\u0173, \u012fskaitant \u2460 gr\u016bdai (sojos, kukur\u016bz\u0173, mie\u017ei\u0173, kvie\u010di\u0173, avi\u017e\u0173, rugi\u0173, \u017eirni\u0173, kavos pupeli\u0173), \u2461 prieskoni\u0173 (krap\u0173, pipir\u0173, cinamono, rozmarino), (netinka \u0161lapio, \u0161vie\u017eio, riebiai, ar lipni\u0173 med\u017eiag\u0173.) Jis yra pla\u010diai naudojamas \u0161eim\u0173, virtuv\u0117se, ligonin\u0117se ir medicinos perdirbimo gamyklas. <\/li>\n<li> Naudojant Patarimai: 1. \u0160ios komercin\u0117s kavos mal\u016bn\u0117lis ma\u0161ina galima \u012fjungti tik po visi\u0161kai jung\u010di\u0173 dangtelis. 2. Med\u017eiag\u0173 paruo\u0161tas \u0161lifavimo turi b\u016bti pakankamai sausas. 3. Poilsio ma\u0161ina 5-10 minu\u010di\u0173, po to kas 5 minutes operacija. 4. U\u017etikrinti \u0161lifuoti med\u017eiagas, apima ilg\u0105 peil\u012f ir ne daugiau kaip 2\/3 stiklainio. 1\/2 stiklainio yra geriausias. 5. Nereikia nuvalykite \u0161lifavimo rezervuaras su vandens tiesiogiai. Naudoti sausa \u0161luoste ar \u0161epe\u010diu, kad gera ma\u0161ina. <\/li>\n<\/ul>","protected":false},"featured_media":345387,"comment_status":"closed","ping_status":"open","template":"","meta":{"om_disable_all_campaigns":false,"_monsterinsights_skip_tracking":false,"_monsterinsights_sitenote_active":false,"_monsterinsights_sitenote_note":"","_monsterinsights_sitenote_category":0,"_uf_show_specific_survey":0,"_uf_disable_surveys":false},"location":[1935,1934],"product_brand":[21],"product_cat":[2679,2678,2403,2677,2676],"product_tag":[],"class_list":{"0":"post-55904","1":"product","2":"type-product","3":"status-publish","4":"has-post-thumbnail","6":"location-supplier_stock_location","7":"location-local_stock_location","8":"product_brand-vevor","9":"product_cat-electric-grain-grinder","10":"product_cat-food-mills","11":"product_cat-kitchen","12":"product_cat-kitchen-gadgets-tools","13":"product_cat-kitchenware","15":"first","16":"instock","17":"featured","18":"taxable","19":"shipping-taxable","20":"purchasable","21":"product-type-simple"},"aioseo_notices":[],"jetpack_sharing_enabled":true,"locations":[{"id":1935,"name":"Pieg\u0101d\u0101t\u0101ja noliktav\u0101 (5-7d.d.)","slug":"supplier_stock_location","quantity":"15"},{"id":1934,"name":"R\u012bgas veikal\u0101 (0-2d.d.)","slug":"local_stock_location","quantity":"0"}],"_links":{"self":[{"href":"https:\/\/vevorshop.lv\/lt\/wp-json\/wp\/v2\/product\/55904","targetHints":{"allow":["GET"]}}],"collection":[{"href":"https:\/\/vevorshop.lv\/lt\/wp-json\/wp\/v2\/product"}],"about":[{"href":"https:\/\/vevorshop.lv\/lt\/wp-json\/wp\/v2\/types\/product"}],"replies":[{"embeddable":true,"href":"https:\/\/vevorshop.lv\/lt\/wp-json\/wp\/v2\/comments?post=55904"}],"wp:featuredmedia":[{"embeddable":true,"href":"https:\/\/vevorshop.lv\/lt\/wp-json\/wp\/v2\/media\/345387"}],"wp:attachment":[{"href":"https:\/\/vevorshop.lv\/lt\/wp-json\/wp\/v2\/media?parent=55904"}],"wp:term":[{"taxonomy":"location","embeddable":true,"href":"https:\/\/vevorshop.lv\/lt\/wp-json\/wp\/v2\/location?post=55904"},{"taxonomy":"product_brand","embeddable":true,"href":"https:\/\/vevorshop.lv\/lt\/wp-json\/wp\/v2\/product_brand?post=55904"},{"taxonomy":"product_cat","embeddable":true,"href":"https:\/\/vevorshop.lv\/lt\/wp-json\/wp\/v2\/product_cat?post=55904"},{"taxonomy":"product_tag","embeddable":true,"href":"https:\/\/vevorshop.lv\/lt\/wp-json\/wp\/v2\/product_tag?post=55904"}],"curies":[{"name":"wp","href":"https:\/\/api.w.org\/{rel}","templated":true}]}}