{"id":55919,"date":"2024-11-20T04:43:06","date_gmt":"2024-11-20T04:43:06","guid":{"rendered":"http:\/\/vevorshop.edigo.lv\/Prece\/vevor-heated-cat-house-foldable-kitty-shelter-with-heated-pad-green-middle\/"},"modified":"2026-04-19T23:11:45","modified_gmt":"2026-04-19T20:11:45","slug":"vevor-heated-cat-house-foldable-kitty-shelter-with-heated-pad-green-middle","status":"publish","type":"product","link":"https:\/\/vevorshop.lv\/lt\/Prece\/vevor-sildomas-kaciu-namas-sulankstomas-kaciuko-pastoge-su-sildomu-pad-zaliu-viduriu\/","title":{"rendered":"VEVOR \u0161ildomas lauko ka\u010di\u0173 namelis su reguliuojamu termostatu, vandeniui atsparus 600D Oxford audinys, sulankstomas, \u017ealias"},"content":{"rendered":"<div style=\"color: #fff!important; font-size: 16px; height: 24px; line-height: 24px; margin-top: -24px; \" class=\"product_original_name\">VEVOR Heated Cat House, Outdoor Kitty Shelter with Adjustable Temperature and Timer, 600D Oxford Cloth Foldable Cat Shelter with Heated Pad  for Winter to Stay Warm and Cozy, Green (Middle)<\/div>\n<div style=\"color: #fff!important; font-size: 16px; height: 24px; line-height: 24px; margin-top: -24px; \" class=\"product_sku\">M4I4MFFC<\/div>\n<div style=\"color: #fff!important; font-size: 16px; height: 24px; line-height: 24px; margin-top: -24px; \" class=\"product_mpn\">FWSBYMBHSNJB0APUQV2<\/div><div id=\"js-DM_at-goodDescRich\"><html><head><style>  body {    font-family: Arial;    line-height: 1.5;    color: #1c1c1c;    overflow-x: hidden;    margin: 0;    padding: 0;  }  .MsoNormal b {    font-weight: bolder;  }<\/style><style>  .container.small {    width: 970px;    margin: 0 auto;  }  .logo {    margin: 0 auto 0;  }  .logo img {    display: block;    margin: 0 auto;    max-width: 100%;  }  .logo .pc-banner {    display: block;    width: 1200px;    height: 247.4px;    margin: 0 auto;  }  .logo .pc-banner.small {    width: 970px;  }  .logo .pc-banner.small img {    height: auto!important;  }  .logo .m-banner {    display: none;  }  .ytvideo {    position: relative;    height: 546px;    width: 100%;    margin: 0 auto;  }  .ytvideo img {    width: 100%;    margin: 0 auto;  }  .ytvideo .play-btn {    width: 60px;    height: 42px;    position: absolute;    top: 50%;    left: 50%;    transform: translate(-50%, -50%);    background: url(\"data:image\/png;base64,iVBORw0KGgoAAAANSUhEUgAAAGQAAABGCAMAAAANWMFbAAAC+lBMVEUAAADBGB3kLCfBGB3kLCfcJC7BFx3KKSbiKybkLCbWJCPSIiLSIiLPICHAFx3kLCfgKSXNHiDZJiTIGx\/p4eHcjo7LHSDbJyTkLCbjKyfOHyHPIiL28fHJHB\/GGh7EGR7eKCXDGB3RISHlLSbBGB3AFxzGHB7DGB7BGB3hKybkKybAFx3lLCfAFxzDGR3hKibDGB7cJyTmz8\/elJTlwcHjurrUIyLlLSflLSfAFx3DGR7lLSfCFx3hKibhKibhKybjKybkLCblLSfbJSX49vbx7e3NNzjNMTLMJyjVIyLZf3\/ZQ0LaeHjx0tLgoqLkLCfCGB3HGx\/BGB3BFx3PICHCGB7WJCLOHyC\/Fxy\/Fx3lLCfQISHkLSe\/FxzbJiTBFx3FGx\/AGB7BFx3EGR7AGB3HHSDfKiXAFh3TISHYNzbhKibbJyTTIiL57e325+f039\/v2NjUV1fOHiHiqanfmprch4feKSXVIyPOICHmLibFGh\/mLSe\/Fx7XJCPeKSXXJSPNHyHaJyTGGh7lLCbmLCflLSjSIiLkLCbdKSXLHiC\/GB3KHh++Fh3lKyfoLiXcKCPkx8fYb2\/XaGfVXl3aU1LLHiDksbHgKibPICHbJyTfKSXbJyTCGB3KHSDiKybFGh7TIiL\/\/\/\/VIyPRISHIHB\/GGx\/HHB\/DGR7gKibdKCXLHiDZJiTMHiDNHyHYJSTOICHPICHWJCPcKCXXJSPjLCblLCf+\/f3NGR\/uLijzLynPGR\/IGB7WISHaIyLLGh7UAADxLynNAADRLzDbICLQAADIAAD3MCrUHSHXMTDpKSbLAADp5OTij4\/ejo\/VLy\/1LyngJSTcJCPQHx\/OHB7+\/PzaMS\/OLS\/vLijrLSjSAADaNTPwLyjkKSbNJCbYISHPHB\/KGB7WAAD7+vrn3d3aKynTKCjoLCfsKifRGh\/YAADq5+fhjo7QNDXXKCfmJyXt5+fTLzDLLi\/QKivYHRvMGBrQJCXLISPMExXLDxLaEAvkkI\/bOTfaFQ\/SCgpvLcnHAAAAmnRSTlMA+vv7+gT9Bvf9+8z8\/NSv\/Pr5+P7++vnQIBMP\/v38\/Pn348XDiCYf9OjbzcqxXVcx\/fz8+\/rj1r2poo1+fXFqX0orGP7+\/v7+\/fz8+\/r68uzn4trIxsG\/vri3p6GcmZSNbWVYUUZEPQv+\/f39+\/v7+\/v7+vr64tvV1NTTz87FtbSurqeblJKFg4B3bUY+NjL7+\/v7+\/v67t1cDo8JLQAABkRJREFUWMO0kz9rwkAYh0OIeJkum6YugUAhISCdKoj\/P4C7SMdS+gEKIhSKil10LSg4mzXkILdlEpxCpwTiWOLX6BujvQaEQuGeHLnL+\/64J+SIcKGYTYWnntpdLjrVdqvZmNdn0+EE40GtpuuWVS6Xx6N7YDSGpWXpeq02wHgynM7q80az1a52HpddtVcpsi1zFARBrdaxbhp9iUReTGmwA4KAAr7vx3EYejnCMI6hQYEgy0LQi4jUN0wL19vqFcUC9\/1dAKmEEFkWRYkh5oBejnxQJiSJPJ\/uKBp0Thszx9Mw8hMRIQjKsptCfuES9zr5WJY6vSFCIvE9fCMUmEM1A1kSXcYGxgVYsvI1IPKTZciSTI0us\/SMGG04gDzELDoFBwdcFJrF88dqgYMTiL6DILWYyfOWE8\/kIz38olCNlC03FK95+imxp6y4oUSvAnBjHHhKNtotSDqJzVFiK8c2SBqhZtsrTtgrLXwAyduxZHNE26eHUt5rtuM4WSmds3G+sUdWYo1L+XyxButoh5eKUHk5lByO3G1LqqCWVnfrv\/lyPtf\/4ps1cndNGIri8J1TJ0lx6dR\/oPjq1nbRwdp2dCk4CtIOLW3pVKRL6WZfS5vF2KkIQhpwSsjiYIgNCs1gEMGqiIq24NQX9NwoXFy8Ufrl3twTcg4fv8T9\/JBEySduj6Mjm4bMzYV7EEOxKjjoNDud7yY3Dy71Hq2oLmqfbNR723edH9PgMrNL2utoQ3VmaIDkiw\/4w51P06hlZsTZvkRrbVuSIs\/zwSOsycgzStQouoAkWQqioRT5XI7n2Z1wfVhoZmcAJLsoqjqpjbWCgpOAJXBwHK8PzWbNvoUZJND5wCnSkLAkZ1legx6vqQzjoiTahKlGUGLAiIIoABOHaNVw4sexZBym6\/HWlH5h3IC7yRbxtipcWxdTOkORKiNQAEkFf66x5S2oeRbroOlLgg0sSYkR0hRGEqJZ0jTPiQKatESdBckpWigxaapEH0lImHdWu9pUFF2XqMNM2Z4kped7IwEJw2qabwtrQqnpw6HyKkgcadKWsmpywwesDyIhYRpdzXddqegtGIJlXbAIUMOLkGxJUjRIkokwjUaX9d\/kK62ps\/tYUqZLIMkLTyBhsMZ3C5Z\/kDxOSCb\/DOs\/\/J0qcWSX\/2ipe56EgTCA4\/cB7NAYOsni4mZM1MUPAISoEwkDi4lhVBQ1cWQyIcwalw4EpqZN68JUSK7XC0kTlkLYii5uXSC8jT5ncCAS7mjCv0uHp\/3lueHEEAeQ\/\/VgmdN71\/2uCSA1Xr6DO6uI6sW56zqT2tp2PhgiRUAajV8CY2fkcz6WGNKMgLAt7tJAhD4YHMTeRxlALE6+43WqjSWi8ITxyJl8WrwWSNESQZZOqhDDntO3hJLsd5RtSpbJqdv3YrDJH3F7jL1R2O2aQkn2MyCyKYz0GPGIvSAMgBCrCEiJyKbBaYGwLW4uPRr0A0M4Ux5kUI7IBh+hMdiCEWNqhMZGyYMsOgNE58UQuEQeUnSWCMYwL54hkxK6IoqucQZbQ3pc3XtL0lky1dL0zZJJDpWJovFqpWj6JEHnyam2eQp5QRVAVHjWparTOaVwUOx99YS2MvgxIGV0bb+qIg2HX2qkFFJB+XZcbLiuRkuxD9GRroKyveLxdh4d7Orx+hb7qc3uVRuEogCOnyIxm4ubUoPgF4jianDrC+SDQDKEfJb0GUKmjCGPYHGJvVC6X4hw1\/sAfQAdfYyephIaspXe36RwOP+Ljvfx9B6B3i+Nk0DGq+oCbLn6JpBa9nWAveAIHwFAwtVcIJXPMPL8kRu5OAYPMaL1WScTxjiZDqB9LTJSWphow\/pTYKRTLjCBhvi9iBidvKcDasGSm0QQkycYuLBqj6QCELPctqChDWpTRMWkngNNpQ1Pfp1KkiT\/Y0DGffXAweUNfLAfaJFKDwhb6I+bkYRbkERoEeu3Fyjg2opMz2daZCS9jt6Q7txNfB+OZEVF6Zl5web2xunnLQrtrjXseXKaFYziYINeMFZVxS9VxRhOoesYwxPKXm+gWLG9cuFeq93UNNeJNsf1KlwuDok9n02n3TgIJpOxNfL9naIoQwXtfH9kjceTIIi709ncTg6LZbg+biLH1V6u\/7rxBem06VXKn9raAAAAAElFTkSuQmCC\")      no-repeat center center \/ contain;  }  @media screen and (max-width: 960px) and (orientation: portrait) {    .logo {      width: 100%;    }    .logo .pc-banner {      display: none;    }    .logo .m-banner {      display: block;      width: 100%;    }    .logo .m-banner img {      height: auto!important;    }    .ytvideo {      height: 200px;      width: 100%;    }  }<\/style><style>  .video-section {    width: 100%;    margin: 0 auto;  }  .video-section > img {    width: 100%;  }  .video-section iframe,  .video-section video {    width: 100%;    height: 100%;      }  .video-section-img-m,  .video-section-img-pc > img {    width: 100%;    height: auto;  }  .video-section-img-pc.small > img {    width: 970px;  }  .video-desc {    line-height: 1.5;    font-size: 20px;    font-weight: 400;    margin: 20px 0;    text-align: center;    color: #0f1111;    word-break: break-word;  }  @media screen and (max-width: 960px) and (orientation: portrait) {    .video-section {      width: 100%;    }    .video-section-pc,    .video-section-img-pc {      display: none;    }    .video-section-m,    .video-section-img-m {      display: block;    }    .video-desc {      font-size: 15px;    }  }  @media screen and (min-width: 960px) {    .video-section {      width: 100%;      margin: 0 auto;    }    .video-section-pc,    .video-section-img-pc {      display: block;    }    .video-section-m,    .video-section-img-m {      display: none;    }    .video-desc {      font-size: 20px;    }  }<\/style><style>  .section + .section {    margin-top: 35px;  }  .section-title {    text-align: center;    font-weight: bold;    color: #0d1111;    font-family: \"Arial\";    font-size: 32px;    margin: 15px 0;  }  .section-title:empty {    display: none;  }  .section-desc {    text-align: center;    font-weight: normal;    color: #0d1111;    margin-top: 20px;  }  .section-desc:empty {    display: none;  }  .section-img {    width: 1200px;    height: 492px;    margin: 0 auto;    display: block;  }  .section-img.small {    width: 970px;    height: auto;  }  .section-img.small > img {    height: auto;  }  .section-img > img {    width: 100%;    height: 100%;  }  .section-mobile-img {    display: none;    max-width: 100vw;    max-height: 75vw;    height: 450px;    margin: 0 auto;  }  .section-mobile-img > img {    width: 100%;    height: 100%;  }  @media screen and (max-width: 960px) and (orientation: portrait) {    .container {      width: 100%;    }    .container.small {      width: 100%;    }    .section-mobile-img {      display: block;    }    .section-img {      display: none;    }    .section-title {      font-size: 22px;      margin: 10px 0;    }    .section-desc {      margin-top: 10px;    }    .section + .section {      margin-top: 20px;    }  }<\/style><\/head><body><div class=\"container small\"><div class=\"logo\"><div class=\"pc-banner small\"><div><img decoding=\"async\" src=\"\/vevor\/vevor\/boutique-banner\/pc\/en-pc@1x.jpg\" style=\"width: 100%;\" \/><\/div><\/div><div class=\"m-banner\"><div><img decoding=\"async\" src=\"\/vevor\/vevor\/boutique-banner\/mobile\/en-m@1x.jpg\" style=\"width: 100%;\" \/><\/div><\/div><\/div><div class=\"section-title\">VEVOR Ka\u010di\u0173 Namuose-I\u0161laikyti J\u016bs\u0173 Kat\u0117 Jauki ir Saugi su M\u016bs\u0173 Kat\u0117 Namuose!<\/div><div class=\"video-section\"><div class=\"video-section-img-pc small\"><img decoding=\"async\" src=\"\/vevor\/product\/FWSBYMBHSNJB0APUQ\/cat-house-a100-1.4-pt.jpg\" \/><\/div><div class=\"video-section-img-m\"><img decoding=\"async\" src=\"\/vevor\/product\/FWSBYMBHSNJB0APUQ\/cat-house-a100-1.4-pt.jpg\" \/><\/div><div class=\"section-desc\">\u0160is \u0161ildomos ka\u010di\u0173 prieglaud\u0105 funkcijos 30W \u0161ildymo kilim\u0117lis su temperat\u016bros kontrol\u0117s tarp 40-60\u2103 (104-140\u2109), u\u017etikrinti, kad j\u016bs\u0173 kat\u0117 b\u016bna \u0161ilta \u0161altu oru. Smart termostatas suteikia nenutr\u016bkstam\u0105 \u0161ilumos ir apima daugiau nei temperat\u016bros ir nuo srov\u0117s apsaug\u0105, saugi\u0105 miego aplink\u0105.<\/div><\/div><div class=\"section\"><div class=\"section-title\"><\/div><div class=\"section-img small\"><img decoding=\"async\" src=\"\/vevor\/product\/FWSBYMBHSNJB0APUQ\/cat-house-a100-2.2-pt.jpg\" \/><\/div><div class=\"section-mobile-img\"><img decoding=\"async\" src=\"\/vevor\/product\/FWSBYMBHSNJB0APUQ\/cat-house-a100-2.2-pt.jpg\" \/><\/div><div class=\"section-desc\">\u012emontuota \u0161ildymo pagalv\u0117l\u0117 ir mink\u0161tas pledas palaiko optimali\u0105 j\u016bs\u0173 kat\u0117s k\u016bno temperat\u016br\u0105. 6 apsi\u0173 aliuminio folija ir perl\u0173 medviln\u0117s izoliacija \u017eymiai suma\u017eina \u0161ilumos nuostolius, sukurdamos \u0161ilt\u0105 \u017eiemos prieglobst\u012f.<\/div><\/div><div class=\"section\"><div class=\"section-title\"><\/div><div class=\"section-img small\"><img decoding=\"async\" src=\"\/vevor\/product\/FWSBYMBHSNJB0APUQ\/cat-house-a100-2.3-pt.jpg\" \/><\/div><div class=\"section-mobile-img\"><img decoding=\"async\" src=\"\/vevor\/product\/FWSBYMBHSNJB0APUQ\/cat-house-a100-2.3-pt.jpg\" \/><\/div><div class=\"section-desc\">\u0160i katyt\u0117 prieglaudoje si\u016blo puiki apsauga su 4 sluoksni\u0173 med\u017eiagos. I\u0161orinis sluoksnis yra pagaminti i\u0161 vandeniui PVC ir 600D Oxford med\u017eiaga, siekiant i\u0161vengti lietaus skvarb\u0105, o vidini\u0173 sluoksni\u0173 storio pearl cotton ir aliuminio folijos padidinti izoliacija ir u\u017erakinimo \u0161ilumos.<\/div><\/div><div class=\"section\"><div class=\"section-title\"><\/div><div class=\"section-img small\"><img decoding=\"async\" src=\"\/vevor\/product\/FWSBYMBHSNJB0APUQ\/cat-house-a100-2.4-pt.jpg\" \/><\/div><div class=\"section-mobile-img\"><img decoding=\"async\" src=\"\/vevor\/product\/FWSBYMBHSNJB0APUQ\/cat-house-a100-2.4-pt.jpg\" \/><\/div><div class=\"section-desc\">Lauko apsaugos, \u0161ildomas kat\u0117 namas yra suprojektuotas su 4 v\u0117jo kuolai stabili \u012f\u017eeminimo ant \u017eol\u0117s ar purvo. Apsuptas PP vamzd\u017eiai, ji suteikia tvirt\u0105 param\u0105, u\u017etikrinant saugi\u0105 ir patikim\u0105 sl\u0117ptuv\u0119, skirti j\u016bs\u0173 kat\u0117.<\/div><\/div><div class=\"section\"><div class=\"section-title\"><\/div><div class=\"section-img small\"><img decoding=\"async\" src=\"\/vevor\/product\/FWSBYMBHSNJB0APUQ\/cat-house-a100-2.5-pt.jpg\" \/><\/div><div class=\"section-mobile-img\"><img decoding=\"async\" src=\"\/vevor\/product\/FWSBYMBHSNJB0APUQ\/cat-house-a100-2.5-pt.jpg\" \/><\/div><div class=\"section-desc\">\u012erengtas dvigubas dur\u0173 dizainas, kiekvieno \u012f\u0117jimo \u012frengtas reguliuojamas PVC u\u017euolaidos, leid\u017eian\u010dius lengvai gauti u\u017etikrinant privatum\u0105. U\u017euolaidos blokuoti \u0161alti v\u0117jai, ir tegul kat\u0117s jaustis saugus, steb\u0117dami j\u0173 apylink\u0117se.<\/div><\/div><div class=\"section\"><div class=\"section-img small\"><img decoding=\"async\" src=\"\" \/><\/div><div class=\"section-mobile-img\"><img decoding=\"async\" src=\"\" \/><\/div><\/div><\/div><\/body><\/html><\/div>\n<div class=\"DM_at-title\" id=\"js-DM_at-title\"> <div>Produkto specifikacija<\/div> <i class=\"icon-arrowup_line\"><\/i> <\/div><div class=\"DM_at-goodsDescAttr\" id=\"js-DM_at-goodsDescAttr\"> <div class=\"DM_at-goodsDescAttrInner\"> <dl class=\"goodsDesc_item goodsDesc_item_even\"> <dt>Produkto Modelis<\/dt> <dd> JUYI U4-O<\/dd> <\/dl> <dl class=\"goodsDesc_item\"> <dt>Galia<\/dt> <dd> 30W<\/dd> <\/dl> <dl class=\"goodsDesc_item goodsDesc_item_even\"> <dt>Spalva<\/dt> <dd> \u017dalia<\/dd> <\/dl> <dl class=\"goodsDesc_item\"> <dt>\u0160ildymo Kilim\u0117lis Dydis<\/dt> <dd> 45 \u00d7 50 cm<\/dd> <\/dl> <dl class=\"goodsDesc_item goodsDesc_item_even\"> <dt>Temperat\u016bros Diapazonas<\/dt> <dd> 40-60\u2103 \/ 104-140\u2109<\/dd> <\/dl> <dl class=\"goodsDesc_item\"> <dt>Pagalv\u0117l\u0117s Dydis<\/dt> <dd> 48 \u00d7 56 cm \/ 18.90 \u00d7 22.05 cm<\/dd> <\/dl> <dl class=\"goodsDesc_item goodsDesc_item_even\"> <dt>Produkto Svoris<\/dt> <dd> 3.08 kg \/ lbs 6.79<\/dd> <\/dl> <dl class=\"goodsDesc_item\"> <dt>Gaminio Matmenys<\/dt> <dd> 48 \u00d7 56 \u00d7 44 cm \/ 18.90 \u00d7 22.05 \u00d7 17.32 cm<\/dd> <\/dl> <\/div> <\/div>","protected":false},"excerpt":{"rendered":"<ul>\n<li> Saugus \u0161ildantis kilim\u0117lis: \u0160i \u0161ildoma ka\u010di\u0173 namelis turi 30W atspar\u0173 vandeniui \u0161ildymo kilim\u0117l\u012f, kuris padidina temperat\u016br\u0105 20\u00b0C \/ 68\u00b0F, u\u017etikrindamas, kad j\u016bs\u0173 augintinis likt\u0173 \u0161iltas \u017eiem\u0105 ar \u0161altu oru. Integruota apsauga nuo elektros energijos tiekimo sutrikimo ir i\u0161manusis termostatas leid\u017eia nuolat palaikyti \u012fjungt\u0105 maitinim\u0105, kartu si\u016blydamas apsaug\u0105 nuo perkaitimo ir per didel\u0117s srov\u0117s, u\u017etikrinant saug\u0173 naudojim\u0105. (Pastaba: \u0161ildymo kilim\u0117liui prireikia apie 10 minu\u010di\u0173 su\u0161ilti \u2013 pra\u0161ome b\u016bti kantriems, kol jis \u012fkais.) <\/li>\n<li> Galingas Izoliacija: interjero naudoja \u0161ilumin\u0117s izoliacijos med\u017eiagos, pavyzd\u017eiui, aliuminio folija ir pearl medviln\u0117s, efektyviai atspindi ir i\u0161laikyti \u0161ilum\u0105, u\u017ekirsti keli\u0105 \u0161ilumos nuostoliai i\u0161 ka\u010di\u0173 prieglaud\u0105. Antklod\u0117 yra \u012ftrauktas, siekiant pad\u0117ti i\u0161laikyti j\u016bs\u0173 kat\u0117 \u0161iltas, dirban\u010di\u0173 kartu su \u0161ildymo kilim\u0117lis u\u017etikrinti, kad j\u016bs\u0173 kat\u0117s pilvo ir kit\u0173 k\u016bno dali\u0173 likti jaukus. <\/li>\n<li> Auk\u0161tos Vandeniui Geba: Pagaminta i\u0161 600D Oksfordo audiniai, interjero funkcij\u0173, PVC, atsparus vandeniui danga ant vis\u0173 \u0161e\u0161i\u0173 sien\u0173. \u012e\u0117jimo apima PVC u\u017euolaidos, siekiant suma\u017einti dr\u0117gm\u0117s ir \u0161alto oro pa\u017eeidim\u0173, u\u017etikrinant patog\u0173 lauko \u0161ildomas namini\u0173 gyv\u016bn\u0173 prieglaudoje per lietu ar \u017eiem\u0105. \u0160ildymo laidas yra suvynioti \u012f kramtyti atspari med\u017eiaga, siekiant apsaugoti gyv\u016bnus nuo kramtymas tai, kad b\u016bt\u0173 patikima vandeniui \u0161ildomos ka\u010di\u0173 namuose. <\/li>\n<li> Tvirtas ir Stabilus: \u0160is produktas yra multi-gel\u017ebetonio konstrukcija, \u012frengta 4 v\u0117jo vinys, u\u017etikrinant, kad jis gerai prisitvirtint\u0173 ant \u017eol\u0117s ar purvinas \u017eem\u0117s, idealiai tinka lauko kat\u0117 namas \u0161ildomas patirtis. Sutir\u0161t\u0117s PP valdyba viduryje suteikia papildom\u0105 param\u0105, siekiant u\u017etikrinti stabilum\u0105 ir ilgaam\u017ei\u0161kum\u0105 ilgalaikiam naudojimui. <\/li>\n<li> Priva\u010di\u0173 ir Patogus Dizainas: vidaus erdv\u0119 priemones, 49\u00d739 cm (19.29\u00d715.35 in), tinka 1-2 kates. Tai yra du i\u0161\u0117jimai ir nuimamas skaidrus dur\u0173 apdailos, su exit matmenys 20\u00d725 cm (7.87 x 9.84 in), u\u017etikrinti j\u016bs\u0173 augintin\u0117 neturi jaustis, \u012fstrig\u0119 kitty namas. Draugi\u0161kas priminimas: ekstremaliomis oro s\u0105lyg\u0173, toki\u0173 kaip lietus, ar sniegas, pra\u0161ome nedelsiant perkelti \u0161ildomos kat\u0117 namuose, vengti ilgalaikio s\u0105ly\u010dio su dr\u0117gm\u0117s s\u0105lygomis. Tai n\u0117ra rekomenduojama, kad kat\u0117s ilgiau nei 49cm\/19.35 prie patekti \u012f ka\u010di\u0173 prieglaud\u0105. <\/li>\n<\/ul>","protected":false},"featured_media":345567,"comment_status":"closed","ping_status":"open","template":"","meta":{"om_disable_all_campaigns":false,"_monsterinsights_skip_tracking":false,"_monsterinsights_sitenote_active":false,"_monsterinsights_sitenote_note":"","_monsterinsights_sitenote_category":0,"_uf_show_specific_survey":0,"_uf_disable_surveys":false},"location":[1935,1934],"product_brand":[21],"product_cat":[3508,3507,4583,2365,2366],"product_tag":[],"class_list":{"0":"post-55919","1":"product","2":"type-product","3":"status-publish","4":"has-post-thumbnail","6":"location-supplier_stock_location","7":"location-local_stock_location","8":"product_brand-vevor","9":"product_cat-cat-houses","10":"product_cat-cat-supplies-pet-supplies-wildlife","11":"product_cat-fabric-cat-shelter","12":"product_cat-outdoors","13":"product_cat-pet-supplies-wildlife","15":"first","16":"instock","17":"taxable","18":"shipping-taxable","19":"purchasable","20":"product-type-simple"},"aioseo_notices":[],"jetpack_sharing_enabled":true,"locations":[{"id":1935,"name":"Pieg\u0101d\u0101t\u0101ja noliktav\u0101 (5-7d.d.)","slug":"supplier_stock_location","quantity":"120"},{"id":1934,"name":"R\u012bgas veikal\u0101 (0-2d.d.)","slug":"local_stock_location","quantity":"0"}],"_links":{"self":[{"href":"https:\/\/vevorshop.lv\/lt\/wp-json\/wp\/v2\/product\/55919","targetHints":{"allow":["GET"]}}],"collection":[{"href":"https:\/\/vevorshop.lv\/lt\/wp-json\/wp\/v2\/product"}],"about":[{"href":"https:\/\/vevorshop.lv\/lt\/wp-json\/wp\/v2\/types\/product"}],"replies":[{"embeddable":true,"href":"https:\/\/vevorshop.lv\/lt\/wp-json\/wp\/v2\/comments?post=55919"}],"wp:featuredmedia":[{"embeddable":true,"href":"https:\/\/vevorshop.lv\/lt\/wp-json\/wp\/v2\/media\/345567"}],"wp:attachment":[{"href":"https:\/\/vevorshop.lv\/lt\/wp-json\/wp\/v2\/media?parent=55919"}],"wp:term":[{"taxonomy":"location","embeddable":true,"href":"https:\/\/vevorshop.lv\/lt\/wp-json\/wp\/v2\/location?post=55919"},{"taxonomy":"product_brand","embeddable":true,"href":"https:\/\/vevorshop.lv\/lt\/wp-json\/wp\/v2\/product_brand?post=55919"},{"taxonomy":"product_cat","embeddable":true,"href":"https:\/\/vevorshop.lv\/lt\/wp-json\/wp\/v2\/product_cat?post=55919"},{"taxonomy":"product_tag","embeddable":true,"href":"https:\/\/vevorshop.lv\/lt\/wp-json\/wp\/v2\/product_tag?post=55919"}],"curies":[{"name":"wp","href":"https:\/\/api.w.org\/{rel}","templated":true}]}}