{"id":56024,"date":"2024-11-20T04:58:22","date_gmt":"2024-11-20T04:58:22","guid":{"rendered":"http:\/\/vevorshop.edigo.lv\/Prece\/vevor-cnc-router-machine-300w-3-axis-grbl-control-wood-engraving-milling-machine\/"},"modified":"2026-04-19T23:06:49","modified_gmt":"2026-04-19T20:06:49","slug":"vevor-cnc-router-machine-300w-3-axis-grbl-control-wood-engraving-milling-machine","status":"publish","type":"product","link":"https:\/\/vevorshop.lv\/lt\/Prece\/vevor-cnc-marsrutizatorius-masina-300w-3-asis-grbl-kontroles-medienos-graviravimas-frezavimo-stakles\/","title":{"rendered":"VEVOR 3 a\u0161i\u0173 CNC frezavimo stakl\u0117s 300W su GRBL valdymu, 400x400x60mm, 1200 RPM, medienai, akrilui, MDF, plastikui, putoms"},"content":{"rendered":"<div style=\"color: #fff!important; font-size: 16px; height: 24px; line-height: 24px; margin-top: -24px; \" class=\"product_original_name\">VEVOR CNC mar\u0161rutizatorius ma\u0161ina, 300W, 3 a\u0161is GRBL kontrol\u0117 med\u017eio graviravimas rai\u017eymas frezavimo stakl\u0117s rinkinys, 15,75 x 15,75 x 2,36 in \/ 400 x 400 x 60 mm darbo plotas 1200 RPM u\u017e medienos akrilo MDF PVC plastiko putos<\/div>\n<div style=\"color: #fff!important; font-size: 16px; height: 24px; line-height: 24px; margin-top: -24px; \" class=\"product_sku\">M4I4MFYI<\/div>\n<div style=\"color: #fff!important; font-size: 16px; height: 24px; line-height: 24px; margin-top: -24px; \" class=\"product_mpn\">SKDKJ4040CM04TPDJV2<\/div><div id=\"js-DM_at-goodDescRich\"><html><head><style>  body {    font-family: Arial;    line-height: 1.5;    color: #1c1c1c;    overflow-x: hidden;    margin: 0;    padding: 0;  }  .MsoNormal b {    font-weight: bolder;  }<\/style><style>  .container.small {    width: 970px;    margin: 0 auto;  }  .logo {    margin: 0 auto 0;  }  .logo img {    display: block;    margin: 0 auto;    max-width: 100%;  }  .logo .pc-banner {    display: block;    width: 1200px;    height: 247.4px;    margin: 0 auto;  }  .logo .pc-banner.small {    width: 970px;  }  .logo .pc-banner.small img {    height: auto!important;  }  .logo .m-banner {    display: none;  }  .ytvideo {    position: relative;    height: 546px;    width: 100%;    margin: 0 auto;  }  .ytvideo img {    width: 100%;    margin: 0 auto;  }  .ytvideo .play-btn {    width: 60px;    height: 42px;    position: absolute;    top: 50%;    left: 50%;    transform: translate(-50%, -50%);    background: url(\"data:image\/png;base64,iVBORw0KGgoAAAANSUhEUgAAAGQAAABGCAMAAAANWMFbAAAC+lBMVEUAAADBGB3kLCfBGB3kLCfcJC7BFx3KKSbiKybkLCbWJCPSIiLSIiLPICHAFx3kLCfgKSXNHiDZJiTIGx\/p4eHcjo7LHSDbJyTkLCbjKyfOHyHPIiL28fHJHB\/GGh7EGR7eKCXDGB3RISHlLSbBGB3AFxzGHB7DGB7BGB3hKybkKybAFx3lLCfAFxzDGR3hKibDGB7cJyTmz8\/elJTlwcHjurrUIyLlLSflLSfAFx3DGR7lLSfCFx3hKibhKibhKybjKybkLCblLSfbJSX49vbx7e3NNzjNMTLMJyjVIyLZf3\/ZQ0LaeHjx0tLgoqLkLCfCGB3HGx\/BGB3BFx3PICHCGB7WJCLOHyC\/Fxy\/Fx3lLCfQISHkLSe\/FxzbJiTBFx3FGx\/AGB7BFx3EGR7AGB3HHSDfKiXAFh3TISHYNzbhKibbJyTTIiL57e325+f039\/v2NjUV1fOHiHiqanfmprch4feKSXVIyPOICHmLibFGh\/mLSe\/Fx7XJCPeKSXXJSPNHyHaJyTGGh7lLCbmLCflLSjSIiLkLCbdKSXLHiC\/GB3KHh++Fh3lKyfoLiXcKCPkx8fYb2\/XaGfVXl3aU1LLHiDksbHgKibPICHbJyTfKSXbJyTCGB3KHSDiKybFGh7TIiL\/\/\/\/VIyPRISHIHB\/GGx\/HHB\/DGR7gKibdKCXLHiDZJiTMHiDNHyHYJSTOICHPICHWJCPcKCXXJSPjLCblLCf+\/f3NGR\/uLijzLynPGR\/IGB7WISHaIyLLGh7UAADxLynNAADRLzDbICLQAADIAAD3MCrUHSHXMTDpKSbLAADp5OTij4\/ejo\/VLy\/1LyngJSTcJCPQHx\/OHB7+\/PzaMS\/OLS\/vLijrLSjSAADaNTPwLyjkKSbNJCbYISHPHB\/KGB7WAAD7+vrn3d3aKynTKCjoLCfsKifRGh\/YAADq5+fhjo7QNDXXKCfmJyXt5+fTLzDLLi\/QKivYHRvMGBrQJCXLISPMExXLDxLaEAvkkI\/bOTfaFQ\/SCgpvLcnHAAAAmnRSTlMA+vv7+gT9Bvf9+8z8\/NSv\/Pr5+P7++vnQIBMP\/v38\/Pn348XDiCYf9OjbzcqxXVcx\/fz8+\/rj1r2poo1+fXFqX0orGP7+\/v7+\/fz8+\/r68uzn4trIxsG\/vri3p6GcmZSNbWVYUUZEPQv+\/f39+\/v7+\/v7+vr64tvV1NTTz87FtbSurqeblJKFg4B3bUY+NjL7+\/v7+\/v67t1cDo8JLQAABkRJREFUWMO0kz9rwkAYh0OIeJkum6YugUAhISCdKoj\/P4C7SMdS+gEKIhSKil10LSg4mzXkILdlEpxCpwTiWOLX6BujvQaEQuGeHLnL+\/64J+SIcKGYTYWnntpdLjrVdqvZmNdn0+EE40GtpuuWVS6Xx6N7YDSGpWXpeq02wHgynM7q80az1a52HpddtVcpsi1zFARBrdaxbhp9iUReTGmwA4KAAr7vx3EYejnCMI6hQYEgy0LQi4jUN0wL19vqFcUC9\/1dAKmEEFkWRYkh5oBejnxQJiSJPJ\/uKBp0Thszx9Mw8hMRIQjKsptCfuES9zr5WJY6vSFCIvE9fCMUmEM1A1kSXcYGxgVYsvI1IPKTZciSTI0us\/SMGG04gDzELDoFBwdcFJrF88dqgYMTiL6DILWYyfOWE8\/kIz38olCNlC03FK95+imxp6y4oUSvAnBjHHhKNtotSDqJzVFiK8c2SBqhZtsrTtgrLXwAyduxZHNE26eHUt5rtuM4WSmds3G+sUdWYo1L+XyxButoh5eKUHk5lByO3G1LqqCWVnfrv\/lyPtf\/4ps1cndNGIri8J1TJ0lx6dR\/oPjq1nbRwdp2dCk4CtIOLW3pVKRL6WZfS5vF2KkIQhpwSsjiYIgNCs1gEMGqiIq24NQX9NwoXFy8Ufrl3twTcg4fv8T9\/JBEySduj6Mjm4bMzYV7EEOxKjjoNDud7yY3Dy71Hq2oLmqfbNR723edH9PgMrNL2utoQ3VmaIDkiw\/4w51P06hlZsTZvkRrbVuSIs\/zwSOsycgzStQouoAkWQqioRT5XI7n2Z1wfVhoZmcAJLsoqjqpjbWCgpOAJXBwHK8PzWbNvoUZJND5wCnSkLAkZ1legx6vqQzjoiTahKlGUGLAiIIoABOHaNVw4sexZBym6\/HWlH5h3IC7yRbxtipcWxdTOkORKiNQAEkFf66x5S2oeRbroOlLgg0sSYkR0hRGEqJZ0jTPiQKatESdBckpWigxaapEH0lImHdWu9pUFF2XqMNM2Z4kped7IwEJw2qabwtrQqnpw6HyKkgcadKWsmpywwesDyIhYRpdzXddqegtGIJlXbAIUMOLkGxJUjRIkokwjUaX9d\/kK62ps\/tYUqZLIMkLTyBhsMZ3C5Z\/kDxOSCb\/DOs\/\/J0qcWSX\/2ipe56EgTCA4\/cB7NAYOsni4mZM1MUPAISoEwkDi4lhVBQ1cWQyIcwalw4EpqZN68JUSK7XC0kTlkLYii5uXSC8jT5ncCAS7mjCv0uHp\/3lueHEEAeQ\/\/VgmdN71\/2uCSA1Xr6DO6uI6sW56zqT2tp2PhgiRUAajV8CY2fkcz6WGNKMgLAt7tJAhD4YHMTeRxlALE6+43WqjSWi8ITxyJl8WrwWSNESQZZOqhDDntO3hJLsd5RtSpbJqdv3YrDJH3F7jL1R2O2aQkn2MyCyKYz0GPGIvSAMgBCrCEiJyKbBaYGwLW4uPRr0A0M4Ux5kUI7IBh+hMdiCEWNqhMZGyYMsOgNE58UQuEQeUnSWCMYwL54hkxK6IoqucQZbQ3pc3XtL0lky1dL0zZJJDpWJovFqpWj6JEHnyam2eQp5QRVAVHjWparTOaVwUOx99YS2MvgxIGV0bb+qIg2HX2qkFFJB+XZcbLiuRkuxD9GRroKyveLxdh4d7Orx+hb7qc3uVRuEogCOnyIxm4ubUoPgF4jianDrC+SDQDKEfJb0GUKmjCGPYHGJvVC6X4hw1\/sAfQAdfYyephIaspXe36RwOP+Ljvfx9B6B3i+Nk0DGq+oCbLn6JpBa9nWAveAIHwFAwtVcIJXPMPL8kRu5OAYPMaL1WScTxjiZDqB9LTJSWphow\/pTYKRTLjCBhvi9iBidvKcDasGSm0QQkycYuLBqj6QCELPctqChDWpTRMWkngNNpQ1Pfp1KkiT\/Y0DGffXAweUNfLAfaJFKDwhb6I+bkYRbkERoEeu3Fyjg2opMz2daZCS9jt6Q7txNfB+OZEVF6Zl5web2xunnLQrtrjXseXKaFYziYINeMFZVxS9VxRhOoesYwxPKXm+gWLG9cuFeq93UNNeJNsf1KlwuDok9n02n3TgIJpOxNfL9naIoQwXtfH9kjceTIIi709ncTg6LZbg+biLH1V6u\/7rxBem06VXKn9raAAAAAElFTkSuQmCC\")      no-repeat center center \/ contain;  }  @media screen and (max-width: 960px) and (orientation: portrait) {    .logo {      width: 100%;    }    .logo .pc-banner {      display: none;    }    .logo .m-banner {      display: block;      width: 100%;    }    .logo .m-banner img {      height: auto!important;    }    .ytvideo {      height: 200px;      width: 100%;    }  }<\/style><style>  .video-section {    width: 100%;    margin: 0 auto;  }  .video-section > img {    width: 100%;  }  .video-section iframe,  .video-section video {    width: 100%;    height: 100%;      }  .video-section-img-m,  .video-section-img-pc > img {    width: 100%;    height: auto;  }  .video-section-img-pc.small > img {    width: 970px;  }  .video-desc {    line-height: 1.5;    font-size: 20px;    font-weight: 400;    margin: 20px 0;    text-align: center;    color: #0f1111;    word-break: break-word;  }  @media screen and (max-width: 960px) and (orientation: portrait) {    .video-section {      width: 100%;    }    .video-section-pc,    .video-section-img-pc {      display: none;    }    .video-section-m,    .video-section-img-m {      display: block;    }    .video-desc {      font-size: 15px;    }  }  @media screen and (min-width: 960px) {    .video-section {      width: 100%;      margin: 0 auto;    }    .video-section-pc,    .video-section-img-pc {      display: block;    }    .video-section-m,    .video-section-img-m {      display: none;    }    .video-desc {      font-size: 20px;    }  }<\/style><style>  .section + .section {    margin-top: 35px;  }  .section-title {    text-align: center;    font-weight: bold;    color: #0d1111;    font-family: \"Arial\";    font-size: 32px;    margin: 15px 0;  }  .section-title:empty {    display: none;  }  .section-desc {    text-align: center;    font-weight: normal;    color: #0d1111;    margin-top: 20px;  }  .section-desc:empty {    display: none;  }  .section-img {    width: 1200px;    height: 492px;    margin: 0 auto;    display: block;  }  .section-img.small {    width: 970px;    height: auto;  }  .section-img.small > img {    height: auto;  }  .section-img > img {    width: 100%;    height: 100%;  }  .section-mobile-img {    display: none;    max-width: 100vw;    max-height: 75vw;    height: 450px;    margin: 0 auto;  }  .section-mobile-img > img {    width: 100%;    height: 100%;  }  @media screen and (max-width: 960px) and (orientation: portrait) {    .container {      width: 100%;    }    .container.small {      width: 100%;    }    .section-mobile-img {      display: block;    }    .section-img {      display: none;    }    .section-title {      font-size: 22px;      margin: 10px 0;    }    .section-desc {      margin-top: 10px;    }    .section + .section {      margin-top: 20px;    }  }<\/style><\/head><body><div class=\"container small\"><div class=\"logo\"><div class=\"pc-banner small\"><div><img decoding=\"async\" src=\"\/vevor\/vevor\/boutique-banner\/pc\/en-pc@1x.jpg\" style=\"width: 100%;\" \/><\/div><\/div><div class=\"m-banner\"><div><img decoding=\"async\" src=\"\/vevor\/vevor\/boutique-banner\/mobile\/en-m@1x.jpg\" style=\"width: 100%;\" \/><\/div><\/div><\/div><div class=\"section-title\">40 x 40 cm CNC Mar\u0161rutizatorius Ma\u0161inos, su Galingas 300W Veleno<\/div><div class=\"video-section\"><div class=\"video-section-img-pc small\"><img decoding=\"async\" src=\"\/vevor\/product\/SKDKJ4040CM04TPDJ\/cnc-router-machine-a100-1.4-pt.jpg\" \/><\/div><div class=\"video-section-img-m\"><img decoding=\"async\" src=\"\/vevor\/product\/SKDKJ4040CM04TPDJ\/cnc-router-machine-a100-1.4-pt.jpg\" \/><\/div><div class=\"section-desc\">M\u016bs\u0173 CNC graviravimo ma\u0161ina gali pasigirti 15,75 x 15,75 x 2,36 colio (400 x 400 x 60 mm) darbiniu plotu Su aliuminio lydinio korpusu, apsauga nuo vir\u0161srovi\u0173 ir i\u0161bandyta pagal CE standartus, ji be vargo pjauna, gr\u0119\u017eia ir graviruoja \u012fvairias med\u017eiagas.<\/div><\/div><div class=\"section\"><div class=\"section-title\"><\/div><div class=\"section-img small\"><img decoding=\"async\" src=\"\/vevor\/product\/SKDKJ4040CM04TPDJ\/cnc-router-machine-a100-2.2-pt.jpg\" \/><\/div><div class=\"section-mobile-img\"><img decoding=\"async\" src=\"\/vevor\/product\/SKDKJ4040CM04TPDJ\/cnc-router-machine-a100-2.2-pt.jpg\" \/><\/div><div class=\"section-desc\">Sukurta ilgaam\u017ei\u0161kumui, \u0161i CNC mar\u0161rutizatoriaus ma\u0161ina u\u017etikrina tarnavimo laik\u0105 iki 5000 valand\u0173, si\u016blanti nuolatin\u012f, patikim\u0105 veikim\u0105. \u012erengta apsauga nuo vir\u0161srovi\u0173, suma\u017eina prastov\u0173 laik\u0105 ir padidina saugum\u0105, tod\u0117l kiekvieno projekto metu b\u016bsite ram\u016bs.<\/div><\/div><div class=\"section\"><div class=\"section-title\"><\/div><div class=\"section-img small\"><img decoding=\"async\" src=\"\/vevor\/product\/SKDKJ4040CM04TPDJ\/cnc-router-machine-a100-2.3-pt.jpg\" \/><\/div><div class=\"section-mobile-img\"><img decoding=\"async\" src=\"\/vevor\/product\/SKDKJ4040CM04TPDJ\/cnc-router-machine-a100-2.3-pt.jpg\" \/><\/div><div class=\"section-desc\">M\u016bs\u0173 CNC graviravimo ma\u0161ina, galinti pasigirti \u22640,05 mm kartotiniu pad\u0117ties nustatymo tikslumu, u\u017etikrina ai\u0161kias detales, lygias briaunas ir nulin\u0119 paklaid\u0105 klaidoms Idealiai tinka tiems, kurie reikalauja did\u017eiausio tikslumo, tai yra geriausias sprendimas sud\u0117tingiems dizainams ir reiklioms programoms.<\/div><\/div><div class=\"section\"><div class=\"section-title\"><\/div><div class=\"section-img small\"><img decoding=\"async\" src=\"\/vevor\/product\/SKDKJ4040CM04TPDJ\/cnc-router-machine-a100-2.4-pt.jpg\" \/><\/div><div class=\"section-mobile-img\"><img decoding=\"async\" src=\"\/vevor\/product\/SKDKJ4040CM04TPDJ\/cnc-router-machine-a100-2.4-pt.jpg\" \/><\/div><div class=\"section-desc\">\u012erengtas reguliuojamas velenas ir intuityvi grei\u010dio valdymo ranken\u0117l\u0117, \u0161is CNC medienos mar\u0161rutizatorius si\u016blo neprilygstam\u0105 lankstum\u0105 ir tikslum\u0105. nesvarbu, ar sprend\u017eiant sud\u0117tingas gravi\u016bras, ar sprend\u017eiant sud\u0117tingas med\u017eiagas, jis visk\u0105 lengvai tvarko, tapdamas j\u016bs\u0173 geriausiu k\u016brybiniu palydovu.<\/div><\/div><div class=\"section\"><div class=\"section-title\"><\/div><div class=\"section-img small\"><img decoding=\"async\" src=\"\/vevor\/product\/SKDKJ4040CM04TPDJ\/cnc-router-machine-a100-2.5-pt.jpg\" \/><\/div><div class=\"section-mobile-img\"><img decoding=\"async\" src=\"\/vevor\/product\/SKDKJ4040CM04TPDJ\/cnc-router-machine-a100-2.5-pt.jpg\" \/><\/div><div class=\"section-desc\">Atskleisti savo k\u016brybi\u0161kum\u0105 be joki\u0173 apribojim\u0173! Tai CNC graviravimo ma\u0161ina be vargo reikmenys, med\u017eio, akrilo, mink\u0161ti metalai, ir u\u017e jos rib\u0173. I\u0161 lapuo\u010di\u0173 \u012f skaidri\u0105 akrilo prie mink\u0161t\u0173 metal\u0173, ji carves \u0161edevr\u0173 lengvai, suteikian\u010dio jums pareik\u0161ti bet vizijos i\u0161sipildymas.<\/div><\/div><div class=\"section\"><div class=\"section-img small\"><img decoding=\"async\" src=\"\/vevor\/product\/SKDKJ4040CM04TPDJ\/cnc-router-machine-a100-1.11-pt.jpg\" \/><\/div><div class=\"section-mobile-img\"><img decoding=\"async\" src=\"\/vevor\/product\/SKDKJ4040CM04TPDJ\/cnc-router-machine-a100-1.11-pt.jpg\" \/><\/div><\/div><\/div><\/body><\/html><\/div>\n<div class=\"DM_at-title\" id=\"js-DM_at-title\"> <div>Produkto specifikacija<\/div> <i class=\"icon-arrowup_line\"><\/i> <\/div><div class=\"DM_at-goodsDescAttr\" id=\"js-DM_at-goodsDescAttr\"> <div class=\"DM_at-goodsDescAttrInner\"> <dl class=\"goodsDesc_item goodsDesc_item_even\"> <dt>Prek\u0117s Modelio Numeris<\/dt> <dd> S4040<\/dd> <\/dl> <dl class=\"goodsDesc_item\"> <dt>\u012e\u0117jimo \u012etampa<\/dt> <dd> AC110\/220V, 50\/60Hz<\/dd> <\/dl> <dl class=\"goodsDesc_item goodsDesc_item_even\"> <dt>Veleno Maksimali Galia<\/dt> <dd> 300W<\/dd> <\/dl> <dl class=\"goodsDesc_item\"> <dt>Darbo Vieta<\/dt> <dd> Sudar\u0117 15,75 x sudar\u0117 15,75 x 2.36 in \/ 400 x 400 x 60 mm<\/dd> <\/dl> <dl class=\"goodsDesc_item goodsDesc_item_even\"> <dt>Naudojama Programin\u0117 \u012eranga<\/dt> <dd> Visa programin\u0117 \u012franga, kuri palaiko GRBL f1.1 firmware<\/dd> <\/dl> <dl class=\"goodsDesc_item\"> <dt>Kompiuterio Jungtis<\/dt> <dd> USB<\/dd> <\/dl> <dl class=\"goodsDesc_item goodsDesc_item_even\"> <dt>Veleno Greitis<\/dt> <dd> 12400 RPM<\/dd> <\/dl> <dl class=\"goodsDesc_item\"> <dt>X\/Y\/Z A\u0161\u012f Greitis<\/dt> <dd> 1200 mm\/min<\/dd> <\/dl> <dl class=\"goodsDesc_item goodsDesc_item_even\"> <dt>Neto Svoris<\/dt> <dd> 31.97 svar\u0173 \/ 14.5 kg<\/dd> <\/dl> <dl class=\"goodsDesc_item\"> <dt>Gaminio Dydis<\/dt> <dd> 27.95 x 23.62 x 12.60 \u012f \/ 710 x 600 x 320 mm<\/dd> <\/dl> <\/div> <\/div>","protected":false},"excerpt":{"rendered":"<ul>\n<li> Nepralenkiamas Stipruolis, 300W Velenas: Patirtis beribis potencialas darbo zona, apimanti sudar\u0117 15,75 x sudar\u0117 15,75 x 2.36 in \/ 400 x 400 x 60 mm). \u012erengta 300W veleno, m\u016bs\u0173 CNC graviravimo ma\u0161ina, reikmenys, med\u017eio, odos, plastiko, put\u0173, vinilo, aliuminio, ir mink\u0161t\u0173j\u0173 metal\u0173 lengvai pjovimo, gr\u0119\u017eimo ir graviravimo su patogumas ir tikslumas! <\/li>\n<li> Saugumas ir patikimumas, kuriuo galite pasitik\u0117ti: saugumas pirmiausia, visada M\u016bs\u0173 CNC mar\u0161rutizatoriaus ma\u0161ina turi apsaug\u0105 nuo vir\u0161srovi\u0173, apsaugo nuo gedim\u0173 ir u\u017etikrina be r\u016bpes\u010di\u0173. o gyvenimo trukm\u0117 trunka daugiau nei 5000 valand\u0173, tai yra kompanionas, kuris atlaiko laiko ir k\u016brybi\u0161kumo i\u0161bandym\u0105. <\/li>\n<li> Tikslumas Atitinka Pastovumo: Say hello neprilygstam\u0105 tikslum\u0105, su pilnu aliuminio lydinio sunki\u0173j\u0173 r\u0117mo. Pramonin\u0117s kokyb\u0117s aliuminio lydinio konstrukcija, kartu su oksiduot\u0173 pavir\u0161i\u0173 valymo, pristato lengvas dar rock-ir tvirtas pagrindas, kad suma\u017eina vibracijas ir padidina stabilum\u0105. <\/li>\n<li> Setup Supaprastinta, Plug and Play: Paruo\u0161tas naudoti i\u0161 karto? M\u016bs\u0173 CNC gravieris mar\u0161rutizatorius atvyksta i\u0161 anksto surinktos. Tiesiog prijunkite neprisijung\u0119s valdytojas, r\u0117mas ir baz\u0117, maitinimo laido ki\u0161tukas, ir j\u016bs esate pasireng\u0119 atskleisti savo k\u016brybi\u0161kum\u0105\u2014jokio \u0161urmulio, jokio vargo! <\/li>\n<li> Pastang\u0173 Operacija, po Ranka: Patirtis laisv\u0117s atskir\u0105 operacij\u0105 su m\u016bs\u0173 2.4&#034; offline &#034; valdikl\u012f. Ne kompiuteris reikalingas nar\u0161yti su lengvumu, naudojant ranken\u0117l\u0119, tiksliai kontroliuoti savo a\u0161inis variklis. Suderinamas su visais programin\u0117s \u012frangos, palaikan\u010dios GRBL f1.1 firmware, tai pagrindinis \u012frankis k\u016br\u0117jai ir menininkai yra pana\u0161\u016bs. <\/li>\n<\/ul>","protected":false},"featured_media":346155,"comment_status":"closed","ping_status":"open","template":"","meta":{"om_disable_all_campaigns":false,"_uf_show_specific_survey":0,"_uf_disable_surveys":false},"location":[1935,1934],"product_brand":[21],"product_cat":[2445,2448,2446,2447],"product_tag":[],"class_list":{"0":"post-56024","1":"product","2":"type-product","3":"status-publish","4":"has-post-thumbnail","6":"location-supplier_stock_location","7":"location-local_stock_location","8":"product_brand-vevor","9":"product_cat-appliances","10":"product_cat-cnc-router-machine","11":"product_cat-crafts-sewing","12":"product_cat-engraving-cutting","14":"first","15":"instock","16":"taxable","17":"shipping-taxable","18":"purchasable","19":"product-type-simple"},"aioseo_notices":[],"locations":[{"id":1935,"name":"Pieg\u0101d\u0101t\u0101ja noliktav\u0101 (5-7d.d.)","slug":"supplier_stock_location","quantity":"36"},{"id":1934,"name":"R\u012bgas veikal\u0101 (0-2d.d.)","slug":"local_stock_location","quantity":"0"}],"_links":{"self":[{"href":"https:\/\/vevorshop.lv\/lt\/wp-json\/wp\/v2\/product\/56024","targetHints":{"allow":["GET"]}}],"collection":[{"href":"https:\/\/vevorshop.lv\/lt\/wp-json\/wp\/v2\/product"}],"about":[{"href":"https:\/\/vevorshop.lv\/lt\/wp-json\/wp\/v2\/types\/product"}],"replies":[{"embeddable":true,"href":"https:\/\/vevorshop.lv\/lt\/wp-json\/wp\/v2\/comments?post=56024"}],"wp:featuredmedia":[{"embeddable":true,"href":"https:\/\/vevorshop.lv\/lt\/wp-json\/wp\/v2\/media\/346155"}],"wp:attachment":[{"href":"https:\/\/vevorshop.lv\/lt\/wp-json\/wp\/v2\/media?parent=56024"}],"wp:term":[{"taxonomy":"location","embeddable":true,"href":"https:\/\/vevorshop.lv\/lt\/wp-json\/wp\/v2\/location?post=56024"},{"taxonomy":"product_brand","embeddable":true,"href":"https:\/\/vevorshop.lv\/lt\/wp-json\/wp\/v2\/product_brand?post=56024"},{"taxonomy":"product_cat","embeddable":true,"href":"https:\/\/vevorshop.lv\/lt\/wp-json\/wp\/v2\/product_cat?post=56024"},{"taxonomy":"product_tag","embeddable":true,"href":"https:\/\/vevorshop.lv\/lt\/wp-json\/wp\/v2\/product_tag?post=56024"}],"curies":[{"name":"wp","href":"https:\/\/api.w.org\/{rel}","templated":true}]}}