{"id":56145,"date":"2024-11-20T05:14:46","date_gmt":"2024-11-20T05:14:46","guid":{"rendered":"http:\/\/vevorshop.edigo.lv\/Prece\/vevor-hot-water-circulation-pump-cast-iron-recirculating-pump-220v-72w-50-l-min-max-flow-rate-4m-max-head-lift-1-1-2-threaded-connection-2c-to-110c-temperature-range-three-adjustabl\/"},"modified":"2026-04-19T23:02:17","modified_gmt":"2026-04-19T20:02:17","slug":"vevor-hot-water-circulation-pump-cast-iron-recirculating-pump-220v-72w-50-l-min-max-flow-rate-4m-max-head-lift-1-1-2-threaded-connection-2c-to-110c-temperature-range-three-adjustabl","status":"publish","type":"product","link":"https:\/\/vevorshop.lv\/lt\/Prece\/vevor-karsto-vandens-cirkuliacinis-siurblys-ketaus-recirkuliacinis-siurblys-220v-72w-50-l-min-max-srauto-greitis-4m-max-galvos-pakelimas-1-1-2-srieginis-sujungimas-2c-i-110c-temperaturos-diapazonas-tr\/","title":{"rendered":"VEVOR 220V 72W kar\u0161to vandens cirkuliacinis siurblys, 50 L\/min, 4m auk\u0161tis, 1.5&quot; NPT, 3 grei\u010di\u0173, tylus ketaus siurblys \u0161ildymui"},"content":{"rendered":"<div style=\"color: #fff!important; font-size: 16px; height: 24px; line-height: 24px; margin-top: -24px; \" class=\"product_original_name\">VEVOR LPS25-4S-180 kar\u0161to vandens recirkuliacinis siurblys, 220V, 72W 50LPM kar\u0161to vandens cirkuliacinis siurblys, 38 mm (1,5\") srieginis NPT 3 grei\u010di\u0173 cirkuliacinis siurblys, tylaus veikimo cirkuliacinis siurblys nam\u0173 vandens \u0161ildytuvo sistemai<\/div>\n<div style=\"color: #fff!important; font-size: 16px; height: 24px; line-height: 24px; margin-top: -24px; \" class=\"product_sku\">M4I4MGJ4<\/div>\n<div style=\"color: #fff!important; font-size: 16px; height: 24px; line-height: 24px; margin-top: -24px; \" class=\"product_mpn\">LWKBZPBB4M507C0A5V2<\/div><div id=\"js-DM_at-goodDescRich\"><html><head><style>  body {    font-family: Arial;    line-height: 1.5;    color: #1c1c1c;    overflow-x: hidden;    margin: 0;    padding: 0;  }  .MsoNormal b {    font-weight: bolder;  }<\/style><style>  .container.small {    width: 970px;    margin: 0 auto;  }  .logo {    margin: 0 auto 0;  }  .logo img {    display: block;    margin: 0 auto;    max-width: 100%;  }  .logo .pc-banner {    display: block;    width: 1200px;    height: 247.4px;    margin: 0 auto;  }  .logo .pc-banner.small {    width: 970px;  }  .logo .pc-banner.small img {    height: auto!important;  }  .logo .m-banner {    display: none;  }  .ytvideo {    position: relative;    height: 546px;    width: 100%;    margin: 0 auto;  }  .ytvideo img {    width: 100%;    margin: 0 auto;  }  .ytvideo .play-btn {    width: 60px;    height: 42px;    position: absolute;    top: 50%;    left: 50%;    transform: translate(-50%, -50%);    background: url(\"data:image\/png;base64,iVBORw0KGgoAAAANSUhEUgAAAGQAAABGCAMAAAANWMFbAAAC+lBMVEUAAADBGB3kLCfBGB3kLCfcJC7BFx3KKSbiKybkLCbWJCPSIiLSIiLPICHAFx3kLCfgKSXNHiDZJiTIGx\/p4eHcjo7LHSDbJyTkLCbjKyfOHyHPIiL28fHJHB\/GGh7EGR7eKCXDGB3RISHlLSbBGB3AFxzGHB7DGB7BGB3hKybkKybAFx3lLCfAFxzDGR3hKibDGB7cJyTmz8\/elJTlwcHjurrUIyLlLSflLSfAFx3DGR7lLSfCFx3hKibhKibhKybjKybkLCblLSfbJSX49vbx7e3NNzjNMTLMJyjVIyLZf3\/ZQ0LaeHjx0tLgoqLkLCfCGB3HGx\/BGB3BFx3PICHCGB7WJCLOHyC\/Fxy\/Fx3lLCfQISHkLSe\/FxzbJiTBFx3FGx\/AGB7BFx3EGR7AGB3HHSDfKiXAFh3TISHYNzbhKibbJyTTIiL57e325+f039\/v2NjUV1fOHiHiqanfmprch4feKSXVIyPOICHmLibFGh\/mLSe\/Fx7XJCPeKSXXJSPNHyHaJyTGGh7lLCbmLCflLSjSIiLkLCbdKSXLHiC\/GB3KHh++Fh3lKyfoLiXcKCPkx8fYb2\/XaGfVXl3aU1LLHiDksbHgKibPICHbJyTfKSXbJyTCGB3KHSDiKybFGh7TIiL\/\/\/\/VIyPRISHIHB\/GGx\/HHB\/DGR7gKibdKCXLHiDZJiTMHiDNHyHYJSTOICHPICHWJCPcKCXXJSPjLCblLCf+\/f3NGR\/uLijzLynPGR\/IGB7WISHaIyLLGh7UAADxLynNAADRLzDbICLQAADIAAD3MCrUHSHXMTDpKSbLAADp5OTij4\/ejo\/VLy\/1LyngJSTcJCPQHx\/OHB7+\/PzaMS\/OLS\/vLijrLSjSAADaNTPwLyjkKSbNJCbYISHPHB\/KGB7WAAD7+vrn3d3aKynTKCjoLCfsKifRGh\/YAADq5+fhjo7QNDXXKCfmJyXt5+fTLzDLLi\/QKivYHRvMGBrQJCXLISPMExXLDxLaEAvkkI\/bOTfaFQ\/SCgpvLcnHAAAAmnRSTlMA+vv7+gT9Bvf9+8z8\/NSv\/Pr5+P7++vnQIBMP\/v38\/Pn348XDiCYf9OjbzcqxXVcx\/fz8+\/rj1r2poo1+fXFqX0orGP7+\/v7+\/fz8+\/r68uzn4trIxsG\/vri3p6GcmZSNbWVYUUZEPQv+\/f39+\/v7+\/v7+vr64tvV1NTTz87FtbSurqeblJKFg4B3bUY+NjL7+\/v7+\/v67t1cDo8JLQAABkRJREFUWMO0kz9rwkAYh0OIeJkum6YugUAhISCdKoj\/P4C7SMdS+gEKIhSKil10LSg4mzXkILdlEpxCpwTiWOLX6BujvQaEQuGeHLnL+\/64J+SIcKGYTYWnntpdLjrVdqvZmNdn0+EE40GtpuuWVS6Xx6N7YDSGpWXpeq02wHgynM7q80az1a52HpddtVcpsi1zFARBrdaxbhp9iUReTGmwA4KAAr7vx3EYejnCMI6hQYEgy0LQi4jUN0wL19vqFcUC9\/1dAKmEEFkWRYkh5oBejnxQJiSJPJ\/uKBp0Thszx9Mw8hMRIQjKsptCfuES9zr5WJY6vSFCIvE9fCMUmEM1A1kSXcYGxgVYsvI1IPKTZciSTI0us\/SMGG04gDzELDoFBwdcFJrF88dqgYMTiL6DILWYyfOWE8\/kIz38olCNlC03FK95+imxp6y4oUSvAnBjHHhKNtotSDqJzVFiK8c2SBqhZtsrTtgrLXwAyduxZHNE26eHUt5rtuM4WSmds3G+sUdWYo1L+XyxButoh5eKUHk5lByO3G1LqqCWVnfrv\/lyPtf\/4ps1cndNGIri8J1TJ0lx6dR\/oPjq1nbRwdp2dCk4CtIOLW3pVKRL6WZfS5vF2KkIQhpwSsjiYIgNCs1gEMGqiIq24NQX9NwoXFy8Ufrl3twTcg4fv8T9\/JBEySduj6Mjm4bMzYV7EEOxKjjoNDud7yY3Dy71Hq2oLmqfbNR723edH9PgMrNL2utoQ3VmaIDkiw\/4w51P06hlZsTZvkRrbVuSIs\/zwSOsycgzStQouoAkWQqioRT5XI7n2Z1wfVhoZmcAJLsoqjqpjbWCgpOAJXBwHK8PzWbNvoUZJND5wCnSkLAkZ1legx6vqQzjoiTahKlGUGLAiIIoABOHaNVw4sexZBym6\/HWlH5h3IC7yRbxtipcWxdTOkORKiNQAEkFf66x5S2oeRbroOlLgg0sSYkR0hRGEqJZ0jTPiQKatESdBckpWigxaapEH0lImHdWu9pUFF2XqMNM2Z4kped7IwEJw2qabwtrQqnpw6HyKkgcadKWsmpywwesDyIhYRpdzXddqegtGIJlXbAIUMOLkGxJUjRIkokwjUaX9d\/kK62ps\/tYUqZLIMkLTyBhsMZ3C5Z\/kDxOSCb\/DOs\/\/J0qcWSX\/2ipe56EgTCA4\/cB7NAYOsni4mZM1MUPAISoEwkDi4lhVBQ1cWQyIcwalw4EpqZN68JUSK7XC0kTlkLYii5uXSC8jT5ncCAS7mjCv0uHp\/3lueHEEAeQ\/\/VgmdN71\/2uCSA1Xr6DO6uI6sW56zqT2tp2PhgiRUAajV8CY2fkcz6WGNKMgLAt7tJAhD4YHMTeRxlALE6+43WqjSWi8ITxyJl8WrwWSNESQZZOqhDDntO3hJLsd5RtSpbJqdv3YrDJH3F7jL1R2O2aQkn2MyCyKYz0GPGIvSAMgBCrCEiJyKbBaYGwLW4uPRr0A0M4Ux5kUI7IBh+hMdiCEWNqhMZGyYMsOgNE58UQuEQeUnSWCMYwL54hkxK6IoqucQZbQ3pc3XtL0lky1dL0zZJJDpWJovFqpWj6JEHnyam2eQp5QRVAVHjWparTOaVwUOx99YS2MvgxIGV0bb+qIg2HX2qkFFJB+XZcbLiuRkuxD9GRroKyveLxdh4d7Orx+hb7qc3uVRuEogCOnyIxm4ubUoPgF4jianDrC+SDQDKEfJb0GUKmjCGPYHGJvVC6X4hw1\/sAfQAdfYyephIaspXe36RwOP+Ljvfx9B6B3i+Nk0DGq+oCbLn6JpBa9nWAveAIHwFAwtVcIJXPMPL8kRu5OAYPMaL1WScTxjiZDqB9LTJSWphow\/pTYKRTLjCBhvi9iBidvKcDasGSm0QQkycYuLBqj6QCELPctqChDWpTRMWkngNNpQ1Pfp1KkiT\/Y0DGffXAweUNfLAfaJFKDwhb6I+bkYRbkERoEeu3Fyjg2opMz2daZCS9jt6Q7txNfB+OZEVF6Zl5web2xunnLQrtrjXseXKaFYziYINeMFZVxS9VxRhOoesYwxPKXm+gWLG9cuFeq93UNNeJNsf1KlwuDok9n02n3TgIJpOxNfL9naIoQwXtfH9kjceTIIi709ncTg6LZbg+biLH1V6u\/7rxBem06VXKn9raAAAAAElFTkSuQmCC\")      no-repeat center center \/ contain;  }  @media screen and (max-width: 960px) and (orientation: portrait) {    .logo {      width: 100%;    }    .logo .pc-banner {      display: none;    }    .logo .m-banner {      display: block;      width: 100%;    }    .logo .m-banner img {      height: auto!important;    }    .ytvideo {      height: 200px;      width: 100%;    }  }<\/style><style>  .video-section {    width: 100%;    margin: 0 auto;  }  .video-section > img {    width: 100%;  }  .video-section iframe,  .video-section video {    width: 100%;    height: 100%;      }  .video-section-img-m,  .video-section-img-pc > img {    width: 100%;    height: auto;  }  .video-section-img-pc.small > img {    width: 970px;  }  .video-desc {    line-height: 1.5;    font-size: 20px;    font-weight: 400;    margin: 20px 0;    text-align: center;    color: #0f1111;    word-break: break-word;  }  @media screen and (max-width: 960px) and (orientation: portrait) {    .video-section {      width: 100%;    }    .video-section-pc,    .video-section-img-pc {      display: none;    }    .video-section-m,    .video-section-img-m {      display: block;    }    .video-desc {      font-size: 15px;    }  }  @media screen and (min-width: 960px) {    .video-section {      width: 100%;      margin: 0 auto;    }    .video-section-pc,    .video-section-img-pc {      display: block;    }    .video-section-m,    .video-section-img-m {      display: none;    }    .video-desc {      font-size: 20px;    }  }<\/style><style>  .section + .section {    margin-top: 35px;  }  .section-title {    text-align: center;    font-weight: bold;    color: #0d1111;    font-family: \"Arial\";    font-size: 32px;    margin: 15px 0;  }  .section-title:empty {    display: none;  }  .section-desc {    text-align: center;    font-weight: normal;    color: #0d1111;    margin-top: 20px;  }  .section-desc:empty {    display: none;  }  .section-img {    width: 1200px;    height: 492px;    margin: 0 auto;    display: block;  }  .section-img.small {    width: 970px;    height: auto;  }  .section-img.small > img {    height: auto;  }  .section-img > img {    width: 100%;    height: 100%;  }  .section-mobile-img {    display: none;    max-width: 100vw;    max-height: 75vw;    height: 450px;    margin: 0 auto;  }  .section-mobile-img > img {    width: 100%;    height: 100%;  }  @media screen and (max-width: 960px) and (orientation: portrait) {    .container {      width: 100%;    }    .container.small {      width: 100%;    }    .section-mobile-img {      display: block;    }    .section-img {      display: none;    }    .section-title {      font-size: 22px;      margin: 10px 0;    }    .section-desc {      margin-top: 10px;    }    .section + .section {      margin-top: 20px;    }  }<\/style><\/head><body><div class=\"container\"><div class=\"logo\"><div class=\"pc-banner\"><div><img decoding=\"async\" src=\"\/vevor\/vevor\/boutique-banner\/pc\/en-pc@1x.jpg\" style=\"width: 100%;\" \/><\/div><\/div><div class=\"m-banner\"><div><img decoding=\"async\" src=\"\/vevor\/vevor\/boutique-banner\/mobile\/en-m@1x.jpg\" style=\"width: 100%;\" \/><\/div><\/div><\/div><div class=\"section-title\">25-40\/180 Ketaus Cirkuliacinio Siurblio<\/div><div class=\"video-section\"><div class=\"video-section-img-pc\"><img decoding=\"async\" src=\"\/vevor\/product\/LWKBZPBB4M507C0A5\/circulator-pump-a100-1.4.jpg\" \/><\/div><div class=\"video-section-img-m\"><img decoding=\"async\" src=\"\/vevor\/product\/LWKBZPBB4M507C0A5\/circulator-pump-a100-1.4-m.jpg\" \/><\/div><div class=\"section-desc\">M\u016bs\u0173 cirkuliacinis siurblys si\u016blo 50 L\/min max sraut\u0105, 4 m max galvos pak\u0117limas, 1-1\/2 \"sriegin\u0117 jungtis, ir 1-1\/2 x 1\" adapteris, yra idealus pakaitalas j\u016bs\u0173 esam\u0105 kar\u0161to vandens recirkuliacinis siurblys, trij\u0173 grei\u010di\u0173 srauto reguliavimas leid\u017eia jums pritaikyti vandens cirkuliacij\u0105, atsi\u017evelgiant \u012f sezonin\u012f poreik\u012f!<\/div><\/div><div class=\"section\"><div class=\"section-title\"><\/div><div class=\"section-img\"><img decoding=\"async\" src=\"\/vevor\/product\/LWKBZPBB4M507C0A5\/circulator-pump-a100-2.2.jpg\" \/><\/div><div class=\"section-mobile-img\"><img decoding=\"async\" src=\"\/vevor\/product\/LWKBZPBB4M507C0A5\/circulator-pump-a100-2.2-m.jpg\" \/><\/div><div class=\"section-desc\">Featuring patvarus visi-varis varikliu, tai ketaus cirkuliacinio siurblio pristato galingas vandens cirkuliacija, su minimaliomis energijos suvartojim\u0105. M\u0117gaukit\u0117s ilgalaik\u012f na\u0161um\u0105, kuris saugo j\u016bs\u0173 energijos kaina \u017eema, neprarandant efektyvumo.<\/div><\/div><div class=\"section\"><div class=\"section-title\"><\/div><div class=\"section-img\"><img decoding=\"async\" src=\"\/vevor\/product\/LWKBZPBB4M507C0A5\/circulator-pump-a100-2.3.jpg\" \/><\/div><div class=\"section-mobile-img\"><img decoding=\"async\" src=\"\/vevor\/product\/LWKBZPBB4M507C0A5\/circulator-pump-a100-2.3-m.jpg\" \/><\/div><div class=\"section-desc\">Sukurtas su dviem tvirtos gumos sandarikliai, tai kar\u0161to vandens recirkuliacinis siurblys b\u016bt\u0173 i\u0161vengta nuot\u0117kio ties sujungimo vietomis, apsaugoti \u0161ildymo sistem\u0105 nuo vandens padarytos \u017ealos ir pad\u0117ti jums i\u0161vengti nereikaling\u0173 remontas ar i\u0161\u0161vaistytos vandens.<\/div><\/div><div class=\"section\"><div class=\"section-title\"><\/div><div class=\"section-img\"><img decoding=\"async\" src=\"\/vevor\/product\/LWKBZPBB4M507C0A5\/circulator-pump-a100-2.4.jpg\" \/><\/div><div class=\"section-mobile-img\"><img decoding=\"async\" src=\"\/vevor\/product\/LWKBZPBB4M507C0A5\/circulator-pump-a100-2.4-m.jpg\" \/><\/div><div class=\"section-desc\">Tinkamai pri\u017ei\u016br\u0117ti yra raktas! Po \u012frenginio ar sistemos remontas, prisiminti, i\u0161leisti or\u0105 nuo i\u0161metimo vo\u017etuvas, siekiant u\u017etikrinti skland\u0173 ir saugo j\u016bs\u0173 sistem\u0105 nuo galimos \u017ealos.<\/div><\/div><div class=\"section\"><div class=\"section-title\"><\/div><div class=\"section-img\"><img decoding=\"async\" src=\"\/vevor\/product\/LWKBZPBB4M507C0A5\/circulator-pump-a100-2.5.jpg\" \/><\/div><div class=\"section-mobile-img\"><img decoding=\"async\" src=\"\/vevor\/product\/LWKBZPBB4M507C0A5\/circulator-pump-a100-2.5-m.jpg\" \/><\/div><div class=\"section-desc\">U\u017etikrinti kar\u0161to vandens cirkuliacinis siurblys yra \u012frengtas sausoje aplinkoje su gerai veikian\u010dia drena\u017eo sistema, Tai apsaugo vandens nutek\u0117jim\u0105 nuo galimo turto sugadinimo ir palaiko optimal\u0173 na\u0161um\u0105.<\/div><\/div><div class=\"section\"><div class=\"section-img\"><img decoding=\"async\" src=\"\/vevor\/product\/LWKBZPBB4M507C0A5\/circulator-pump-a100-1.11.jpg\" \/><\/div><div class=\"section-mobile-img\"><img decoding=\"async\" src=\"\/vevor\/product\/LWKBZPBB4M507C0A5\/circulator-pump-a100-1.11-m.jpg\" \/><\/div><\/div><\/div><\/body><\/html><\/div>\n<div class=\"DM_at-title\" id=\"js-DM_at-title\"> <div>Produkto specifikacija<\/div> <i class=\"icon-arrowup_line\"><\/i> <\/div><div class=\"DM_at-goodsDescAttr\" id=\"js-DM_at-goodsDescAttr\"> <div class=\"DM_at-goodsDescAttrInner\"> <dl class=\"goodsDesc_item goodsDesc_item_even\"> <dt>Prek\u0117s Modelio Numeris<\/dt> <dd> LPS25-4S-180<\/dd> <\/dl> <dl class=\"goodsDesc_item\"> <dt>Maks. Srautas<\/dt> <dd> 50 L\/min<\/dd> <\/dl> <dl class=\"goodsDesc_item goodsDesc_item_even\"> <dt>Max Galvos Liftas<\/dt> <dd> 4 m<\/dd> <\/dl> <dl class=\"goodsDesc_item\"> <dt>Max Elektros Energijos Suvartojimas<\/dt> <dd> 72W<\/dd> <\/dl> <dl class=\"goodsDesc_item goodsDesc_item_even\"> <dt>Prijungimo Tipas<\/dt> <dd> 1-1\/2&#034; Sriegiu<\/dd> <\/dl> <dl class=\"goodsDesc_item\"> <dt>Taikoma Vandens Temperat\u016bra<\/dt> <dd> 35.6 - 30\u00b0F \/ 2 - 110\u00b0C<\/dd> <\/dl> <dl class=\"goodsDesc_item goodsDesc_item_even\"> <dt>Pagrindin\u0117s Med\u017eiagos<\/dt> <dd>  Ketaus (Korpusas) \/ Plastiko (Paskirstymo D\u0117\u017eut\u0117s)<\/dd> <\/dl> <dl class=\"goodsDesc_item\"> <dt>Neto Svoris<\/dt> <dd> 2.4 kg<\/dd> <\/dl> <\/div> <\/div>","protected":false},"excerpt":{"rendered":"<ul>\n<li> Tamprus Dizainas:) Specifikacijos: 25-40\/180. Suprojektuotas specialiai grindinio \u0161ildymo sistem\u0173, ketaus cirkuliacinio siurblio si\u016blo maksimalus srauto greitis 50 L\/min, ir vadovas, 4 m. Su 1-1\/2&#034; sriegiu, ji puikiai pakei\u010dia j\u016bs\u0173 esam\u0105 kar\u0161to vandens recirkuliacinis siurblys, susitikimas apyvart\u0105 poreikius, tiek namuose ir sud\u0117ting\u0173 vamzdyn\u0173 tinkl\u0173, su lengvumu. <\/li>\n<li> Tvirtos Konstrukcijos: Pastatytas su ketaus korpuso ir IP44 apsaugos klas\u0117, tai kar\u0161to vandens recirkuliacinis siurblys atlaiko pla\u010diame temperat\u016br\u0173 diapazone (2\u00b0C iki 110\u00b0C). Jos auk\u0161tos kokyb\u0117s gryno vario variklio ir visi\u0161kai sandar\u016bs skirstomosios d\u0117\u017eut\u0117s u\u017etikrinti ilgalaik\u012f stabilum\u0105 ir saugum\u0105, patikim\u0105 veikim\u0105. <\/li>\n<li> \u017demas Triuk\u0161mo Operacija: Featuring gryno vario variklio ir unikalus vidaus dizainas, m\u016bs\u0173 ketaus cirkuliacinio siurblio veikia maksimalus triuk\u0161mo lygis tik 45 dB. M\u0117gaukit\u0117s ramioje nam\u0173 aplinkoje be trikdan\u010di\u0173 gars\u0173, net arti j\u016bs\u0173 \u0161ildymo zonas. <\/li>\n<li> Reguliuojamas Srautas: trys reguliuojamo grei\u010dio nustatymai, pritaikyti vandens cirkuliacijos greitis, j\u016bs\u0173 sezoninius poreikius ar speciali\u0173 naudojimo reikalavim\u0173. Siekiant didesnio energijos vartojimo efektyvumo ir komforto su lengvumu. <\/li>\n<li> Universalus Priedai: komplektuojama su dviem 1-1\/2 &#034;x 1&#034; ketaus plok\u0161t\u0117mis ir guminiai sandarinimo \u017eiedai, tod\u0117l m\u016bs\u0173 kar\u0161to vandens cirkuliacijos siurblys prisitaikyti prie bendros vamzd\u017ei\u0173 skersmenys. Ar naujiems \u012frenginiams arba pakeisti esam\u0105 \u012frang\u0105, \u0161ie priedai pasi\u016blyti plataus suderinamumo ir naudojimo paprastumas. <\/li>\n<\/ul>","protected":false},"featured_media":346767,"comment_status":"closed","ping_status":"open","template":"","meta":{"om_disable_all_campaigns":false,"_uf_show_specific_survey":0,"_uf_disable_surveys":false},"location":[1935,1934],"product_brand":[21],"product_cat":[4596,71,4594,1158],"product_tag":[],"class_list":{"0":"post-56145","1":"product","2":"type-product","3":"status-publish","4":"has-post-thumbnail","6":"location-supplier_stock_location","7":"location-local_stock_location","8":"product_brand-vevor","9":"product_cat-cast-iron-circulator-pump","10":"product_cat-plumbing","11":"product_cat-pump-accessories","12":"product_cat-water-pumps-plumbing","14":"first","15":"instock","16":"taxable","17":"shipping-taxable","18":"purchasable","19":"product-type-simple"},"aioseo_notices":[],"locations":[{"id":1935,"name":"Pieg\u0101d\u0101t\u0101ja noliktav\u0101 (5-7d.d.)","slug":"supplier_stock_location","quantity":"39"},{"id":1934,"name":"R\u012bgas veikal\u0101 (0-2d.d.)","slug":"local_stock_location","quantity":"0"}],"_links":{"self":[{"href":"https:\/\/vevorshop.lv\/lt\/wp-json\/wp\/v2\/product\/56145","targetHints":{"allow":["GET"]}}],"collection":[{"href":"https:\/\/vevorshop.lv\/lt\/wp-json\/wp\/v2\/product"}],"about":[{"href":"https:\/\/vevorshop.lv\/lt\/wp-json\/wp\/v2\/types\/product"}],"replies":[{"embeddable":true,"href":"https:\/\/vevorshop.lv\/lt\/wp-json\/wp\/v2\/comments?post=56145"}],"wp:featuredmedia":[{"embeddable":true,"href":"https:\/\/vevorshop.lv\/lt\/wp-json\/wp\/v2\/media\/346767"}],"wp:attachment":[{"href":"https:\/\/vevorshop.lv\/lt\/wp-json\/wp\/v2\/media?parent=56145"}],"wp:term":[{"taxonomy":"location","embeddable":true,"href":"https:\/\/vevorshop.lv\/lt\/wp-json\/wp\/v2\/location?post=56145"},{"taxonomy":"product_brand","embeddable":true,"href":"https:\/\/vevorshop.lv\/lt\/wp-json\/wp\/v2\/product_brand?post=56145"},{"taxonomy":"product_cat","embeddable":true,"href":"https:\/\/vevorshop.lv\/lt\/wp-json\/wp\/v2\/product_cat?post=56145"},{"taxonomy":"product_tag","embeddable":true,"href":"https:\/\/vevorshop.lv\/lt\/wp-json\/wp\/v2\/product_tag?post=56145"}],"curies":[{"name":"wp","href":"https:\/\/api.w.org\/{rel}","templated":true}]}}