{"id":56207,"date":"2024-11-20T05:22:44","date_gmt":"2024-11-20T05:22:44","guid":{"rendered":"http:\/\/vevorshop.edigo.lv\/Prece\/vevor-ultrasonic-cleaner-30l-cleaning-machine-with-timer-heater-basket-600w\/"},"modified":"2026-03-12T18:40:15","modified_gmt":"2026-03-12T16:40:15","slug":"vevor-ultrasonic-cleaner-30l-cleaning-machine-with-timer-heater-basket-600w","status":"publish","type":"product","link":"https:\/\/vevorshop.lv\/lt\/Prece\/vevor-ultrasonic-cleaner-30l-cleaning-machine-with-timer-heater-basket-600w\/","title":{"rendered":"VEVOR 30L ultragarsinis valytuvas 600W 40kHz su degazavimu ir \u0161velniu re\u017eimu, \u0161ildytuvu ir laikma\u010diu papuo\u0161alams, \u012frankiams"},"content":{"rendered":"<div style=\"color: #fff!important; font-size: 16px; height: 24px; line-height: 24px; margin-top: -24px; \" class=\"product_original_name\">VEVOR 30L Sonic Cleaner, 600W Digital Ultrasonic Cleaning Machine with Upgraded Degassing and Gentle Mode, 40kHz Industrial Ultrasound Cleaner with Timer and Heater for Retainer Jewelry Tools<\/div>\n<div style=\"color: #fff!important; font-size: 16px; height: 24px; line-height: 24px; margin-top: -24px; \" class=\"product_sku\">M4I4MGTR<\/div>\n<div style=\"color: #fff!important; font-size: 16px; height: 24px; line-height: 24px; margin-top: -24px; \" class=\"product_mpn\">SGLTQCSBQXJ3EURWGV2<\/div><div id=\"js-DM_at-goodDescRich\"><html><head><style>  body {    font-family: Arial;    line-height: 1.5;    color: #1c1c1c;    overflow-x: hidden;    margin: 0;    padding: 0;  }  .MsoNormal b {    font-weight: bolder;  }<\/style><style>  .container.small {    width: 970px;    margin: 0 auto;  }  .logo {    margin: 0 auto 0;  }  .logo img {    display: block;    margin: 0 auto;    max-width: 100%;  }  .logo .pc-banner {    display: block;    width: 1200px;    height: 247.4px;    margin: 0 auto;  }  .logo .pc-banner.small {    width: 970px;  }  .logo .pc-banner.small img {    height: auto!important;  }  .logo .m-banner {    display: none;  }  .ytvideo {    position: relative;    height: 546px;    width: 100%;    margin: 0 auto;  }  .ytvideo img {    width: 100%;    margin: 0 auto;  }  .ytvideo .play-btn {    width: 60px;    height: 42px;    position: absolute;    top: 50%;    left: 50%;    transform: translate(-50%, -50%);    background: url(\"data:image\/png;base64,iVBORw0KGgoAAAANSUhEUgAAAGQAAABGCAMAAAANWMFbAAAC+lBMVEUAAADBGB3kLCfBGB3kLCfcJC7BFx3KKSbiKybkLCbWJCPSIiLSIiLPICHAFx3kLCfgKSXNHiDZJiTIGx\/p4eHcjo7LHSDbJyTkLCbjKyfOHyHPIiL28fHJHB\/GGh7EGR7eKCXDGB3RISHlLSbBGB3AFxzGHB7DGB7BGB3hKybkKybAFx3lLCfAFxzDGR3hKibDGB7cJyTmz8\/elJTlwcHjurrUIyLlLSflLSfAFx3DGR7lLSfCFx3hKibhKibhKybjKybkLCblLSfbJSX49vbx7e3NNzjNMTLMJyjVIyLZf3\/ZQ0LaeHjx0tLgoqLkLCfCGB3HGx\/BGB3BFx3PICHCGB7WJCLOHyC\/Fxy\/Fx3lLCfQISHkLSe\/FxzbJiTBFx3FGx\/AGB7BFx3EGR7AGB3HHSDfKiXAFh3TISHYNzbhKibbJyTTIiL57e325+f039\/v2NjUV1fOHiHiqanfmprch4feKSXVIyPOICHmLibFGh\/mLSe\/Fx7XJCPeKSXXJSPNHyHaJyTGGh7lLCbmLCflLSjSIiLkLCbdKSXLHiC\/GB3KHh++Fh3lKyfoLiXcKCPkx8fYb2\/XaGfVXl3aU1LLHiDksbHgKibPICHbJyTfKSXbJyTCGB3KHSDiKybFGh7TIiL\/\/\/\/VIyPRISHIHB\/GGx\/HHB\/DGR7gKibdKCXLHiDZJiTMHiDNHyHYJSTOICHPICHWJCPcKCXXJSPjLCblLCf+\/f3NGR\/uLijzLynPGR\/IGB7WISHaIyLLGh7UAADxLynNAADRLzDbICLQAADIAAD3MCrUHSHXMTDpKSbLAADp5OTij4\/ejo\/VLy\/1LyngJSTcJCPQHx\/OHB7+\/PzaMS\/OLS\/vLijrLSjSAADaNTPwLyjkKSbNJCbYISHPHB\/KGB7WAAD7+vrn3d3aKynTKCjoLCfsKifRGh\/YAADq5+fhjo7QNDXXKCfmJyXt5+fTLzDLLi\/QKivYHRvMGBrQJCXLISPMExXLDxLaEAvkkI\/bOTfaFQ\/SCgpvLcnHAAAAmnRSTlMA+vv7+gT9Bvf9+8z8\/NSv\/Pr5+P7++vnQIBMP\/v38\/Pn348XDiCYf9OjbzcqxXVcx\/fz8+\/rj1r2poo1+fXFqX0orGP7+\/v7+\/fz8+\/r68uzn4trIxsG\/vri3p6GcmZSNbWVYUUZEPQv+\/f39+\/v7+\/v7+vr64tvV1NTTz87FtbSurqeblJKFg4B3bUY+NjL7+\/v7+\/v67t1cDo8JLQAABkRJREFUWMO0kz9rwkAYh0OIeJkum6YugUAhISCdKoj\/P4C7SMdS+gEKIhSKil10LSg4mzXkILdlEpxCpwTiWOLX6BujvQaEQuGeHLnL+\/64J+SIcKGYTYWnntpdLjrVdqvZmNdn0+EE40GtpuuWVS6Xx6N7YDSGpWXpeq02wHgynM7q80az1a52HpddtVcpsi1zFARBrdaxbhp9iUReTGmwA4KAAr7vx3EYejnCMI6hQYEgy0LQi4jUN0wL19vqFcUC9\/1dAKmEEFkWRYkh5oBejnxQJiSJPJ\/uKBp0Thszx9Mw8hMRIQjKsptCfuES9zr5WJY6vSFCIvE9fCMUmEM1A1kSXcYGxgVYsvI1IPKTZciSTI0us\/SMGG04gDzELDoFBwdcFJrF88dqgYMTiL6DILWYyfOWE8\/kIz38olCNlC03FK95+imxp6y4oUSvAnBjHHhKNtotSDqJzVFiK8c2SBqhZtsrTtgrLXwAyduxZHNE26eHUt5rtuM4WSmds3G+sUdWYo1L+XyxButoh5eKUHk5lByO3G1LqqCWVnfrv\/lyPtf\/4ps1cndNGIri8J1TJ0lx6dR\/oPjq1nbRwdp2dCk4CtIOLW3pVKRL6WZfS5vF2KkIQhpwSsjiYIgNCs1gEMGqiIq24NQX9NwoXFy8Ufrl3twTcg4fv8T9\/JBEySduj6Mjm4bMzYV7EEOxKjjoNDud7yY3Dy71Hq2oLmqfbNR723edH9PgMrNL2utoQ3VmaIDkiw\/4w51P06hlZsTZvkRrbVuSIs\/zwSOsycgzStQouoAkWQqioRT5XI7n2Z1wfVhoZmcAJLsoqjqpjbWCgpOAJXBwHK8PzWbNvoUZJND5wCnSkLAkZ1legx6vqQzjoiTahKlGUGLAiIIoABOHaNVw4sexZBym6\/HWlH5h3IC7yRbxtipcWxdTOkORKiNQAEkFf66x5S2oeRbroOlLgg0sSYkR0hRGEqJZ0jTPiQKatESdBckpWigxaapEH0lImHdWu9pUFF2XqMNM2Z4kped7IwEJw2qabwtrQqnpw6HyKkgcadKWsmpywwesDyIhYRpdzXddqegtGIJlXbAIUMOLkGxJUjRIkokwjUaX9d\/kK62ps\/tYUqZLIMkLTyBhsMZ3C5Z\/kDxOSCb\/DOs\/\/J0qcWSX\/2ipe56EgTCA4\/cB7NAYOsni4mZM1MUPAISoEwkDi4lhVBQ1cWQyIcwalw4EpqZN68JUSK7XC0kTlkLYii5uXSC8jT5ncCAS7mjCv0uHp\/3lueHEEAeQ\/\/VgmdN71\/2uCSA1Xr6DO6uI6sW56zqT2tp2PhgiRUAajV8CY2fkcz6WGNKMgLAt7tJAhD4YHMTeRxlALE6+43WqjSWi8ITxyJl8WrwWSNESQZZOqhDDntO3hJLsd5RtSpbJqdv3YrDJH3F7jL1R2O2aQkn2MyCyKYz0GPGIvSAMgBCrCEiJyKbBaYGwLW4uPRr0A0M4Ux5kUI7IBh+hMdiCEWNqhMZGyYMsOgNE58UQuEQeUnSWCMYwL54hkxK6IoqucQZbQ3pc3XtL0lky1dL0zZJJDpWJovFqpWj6JEHnyam2eQp5QRVAVHjWparTOaVwUOx99YS2MvgxIGV0bb+qIg2HX2qkFFJB+XZcbLiuRkuxD9GRroKyveLxdh4d7Orx+hb7qc3uVRuEogCOnyIxm4ubUoPgF4jianDrC+SDQDKEfJb0GUKmjCGPYHGJvVC6X4hw1\/sAfQAdfYyephIaspXe36RwOP+Ljvfx9B6B3i+Nk0DGq+oCbLn6JpBa9nWAveAIHwFAwtVcIJXPMPL8kRu5OAYPMaL1WScTxjiZDqB9LTJSWphow\/pTYKRTLjCBhvi9iBidvKcDasGSm0QQkycYuLBqj6QCELPctqChDWpTRMWkngNNpQ1Pfp1KkiT\/Y0DGffXAweUNfLAfaJFKDwhb6I+bkYRbkERoEeu3Fyjg2opMz2daZCS9jt6Q7txNfB+OZEVF6Zl5web2xunnLQrtrjXseXKaFYziYINeMFZVxS9VxRhOoesYwxPKXm+gWLG9cuFeq93UNNeJNsf1KlwuDok9n02n3TgIJpOxNfL9naIoQwXtfH9kjceTIIi709ncTg6LZbg+biLH1V6u\/7rxBem06VXKn9raAAAAAElFTkSuQmCC\")      no-repeat center center \/ contain;  }  @media screen and (max-width: 960px) and (orientation: portrait) {    .logo {      width: 100%;    }    .logo .pc-banner {      display: none;    }    .logo .m-banner {      display: block;      width: 100%;    }    .logo .m-banner img {      height: auto!important;    }    .ytvideo {      height: 200px;      width: 100%;    }  }<\/style><style>  .video-section {    width: 100%;    margin: 0 auto;  }  .video-section > img {    width: 100%;  }  .video-section iframe,  .video-section video {    width: 100%;    height: 100%;      }  .video-section-img-m,  .video-section-img-pc > img {    width: 100%;    height: auto;  }  .video-section-img-pc.small > img {    width: 970px;  }  .video-desc {    line-height: 1.5;    font-size: 20px;    font-weight: 400;    margin: 20px 0;    text-align: center;    color: #0f1111;    word-break: break-word;  }  @media screen and (max-width: 960px) and (orientation: portrait) {    .video-section {      width: 100%;    }    .video-section-pc,    .video-section-img-pc {      display: none;    }    .video-section-m,    .video-section-img-m {      display: block;    }    .video-desc {      font-size: 15px;    }  }  @media screen and (min-width: 960px) {    .video-section {      width: 100%;      margin: 0 auto;    }    .video-section-pc,    .video-section-img-pc {      display: block;    }    .video-section-m,    .video-section-img-m {      display: none;    }    .video-desc {      font-size: 20px;    }  }<\/style><style>  .section + .section {    margin-top: 35px;  }  .section-title {    text-align: center;    font-weight: bold;    color: #0d1111;    font-family: \"Arial\";    font-size: 32px;    margin: 15px 0;  }  .section-title:empty {    display: none;  }  .section-desc {    text-align: center;    font-weight: normal;    color: #0d1111;    margin-top: 20px;  }  .section-desc:empty {    display: none;  }  .section-img {    width: 1200px;    height: 492px;    margin: 0 auto;    display: block;  }  .section-img.small {    width: 970px;    height: auto;  }  .section-img.small > img {    height: auto;  }  .section-img > img {    width: 100%;    height: 100%;  }  .section-mobile-img {    display: none;    max-width: 100vw;    max-height: 75vw;    height: 450px;    margin: 0 auto;  }  .section-mobile-img > img {    width: 100%;    height: 100%;  }  @media screen and (max-width: 960px) and (orientation: portrait) {    .container {      width: 100%;    }    .container.small {      width: 100%;    }    .section-mobile-img {      display: block;    }    .section-img {      display: none;    }    .section-title {      font-size: 22px;      margin: 10px 0;    }    .section-desc {      margin-top: 10px;    }    .section + .section {      margin-top: 20px;    }  }<\/style><\/head><body><div class=\"container small\"><div class=\"logo\"><div class=\"pc-banner small\"><div><img decoding=\"async\" src=\"\/vevor\/vevor\/boutique-banner\/pc\/en-pc@1x.jpg\" style=\"width: 100%;\" \/><\/div><\/div><div class=\"m-banner\"><div><img decoding=\"async\" src=\"\/vevor\/vevor\/boutique-banner\/mobile\/en-m@1x.jpg\" style=\"width: 100%;\" \/><\/div><\/div><\/div><div class=\"section-title\">VEVOR Ultragarsinis \u0160varesnis: Lengvas Valymas, Profesional\u016bs Rezultatai!<\/div><div class=\"video-section\"><video class=\"video-section-pc\" controls poster=\"\/vevor\/product\/SGLTQCSBQXJ3EURWG\/ultrasonic-cleaner-a100-1.4-pt.jpg\"><source src=\"\/vevor\/product\/SGLTQCSBQXJ1AID2D\/ultrasonic-cleaner-tvc2.mp4\" type=\"video\/mp4\" \/><\/video><video class=\"video-section-m\" controls poster=\"\/vevor\/product\/SGLTQCSBQXJ3EURWG\/ultrasonic-cleaner-a100-1.4-pt.jpg\"><source src=\"\/vevor\/product\/SGLTQCSBQXJ1AID2D\/ultrasonic-cleaner-tvc2.mp4\" type=\"video\/mp4\" \/><\/video><div class=\"section-desc\">Ultragarsinis \u0161varesnis dirba profesionali valymo b\u016bdai, kad kruop\u0161\u010diai r\u016bpintis \u012fvairi\u0173 daikt\u0173, apsaugoti savo vientisum\u0105 ir kokyb\u0119, u\u017etikrinti savo turt\u0105 i\u0161lieka ry\u0161kus ir putojantis.<\/div><\/div><div class=\"section\"><div class=\"section-title\"><\/div><div class=\"section-img small\"><img decoding=\"async\" src=\"\/vevor\/product\/SGLTQCSBQXJ3EURWG\/ultrasonic-cleaner-a100-2.2-pt.jpg\" \/><\/div><div class=\"section-mobile-img\"><img decoding=\"async\" src=\"\/vevor\/product\/SGLTQCSBQXJ3EURWG\/ultrasonic-cleaner-a100-2.2-pt.jpg\" \/><\/div><div class=\"section-desc\">Utilizing advanced transducer technology, the 40 kHz ultrasonic waves generate millions of tiny cleaning bubbles that penetrate surfaces and crevices, thoroughly removing dirt without damaging the item's appearance or quality.<\/div><\/div><div class=\"section\"><div class=\"section-title\"><\/div><div class=\"section-img small\"><img decoding=\"async\" src=\"\/vevor\/product\/SGLTQCSBQXJ3EURWG\/ultrasonic-cleaner-a100-2.3-pt.jpg\" \/><\/div><div class=\"section-mobile-img\"><img decoding=\"async\" src=\"\/vevor\/product\/SGLTQCSBQXJ3EURWG\/ultrasonic-cleaner-a100-2.3-pt.jpg\" \/><\/div><div class=\"section-desc\">Kad atlikti degazavim\u0105 re\u017eimas pa\u0161alina didelius burbulus, leid\u017eianti giliai valymas i\u0161 vidaus skyli\u0173 ir \u012ftr\u016bkim\u0173, siekti nulinio kampo tikslumas valymo ir gerokai padidinti valymo efektyvumas 30% daugiau. Su dviem energijos r\u016b\u0161imis, \u0161velnus re\u017eimas kruop\u0161\u010diai saugo kiekvien\u0105 subtilus daiktas.<\/div><\/div><div class=\"section\"><div class=\"section-title\"><\/div><div class=\"section-img small\"><img decoding=\"async\" src=\"\/vevor\/product\/SGLTQCSBQXJ3EURWG\/ultrasonic-cleaner-a100-2.4-pt.jpg\" \/><\/div><div class=\"section-mobile-img\"><img decoding=\"async\" src=\"\/vevor\/product\/SGLTQCSBQXJ3EURWG\/ultrasonic-cleaner-a100-2.4-pt.jpg\" \/><\/div><div class=\"section-desc\">Skaitmeninis valdymo skydelis si\u016blo patogu, tod\u0117l galite tiksliai nustatyti, valymo laik\u0105 ir temperat\u016br\u0105 atsi\u017evelgiant \u012f poreikius, skirtingus elementus, maksimaliai valymo veiksmingum\u0105, siekiant patenkinti asmenin\u012f reikalavimus.<\/div><\/div><div class=\"section\"><div class=\"section-title\"><\/div><div class=\"section-img small\"><img decoding=\"async\" src=\"\/vevor\/product\/SGLTQCSBQXJ3EURWG\/ultrasonic-cleaner-a100-2.5-pt.jpg\" \/><\/div><div class=\"section-mobile-img\"><img decoding=\"async\" src=\"\/vevor\/product\/SGLTQCSBQXJ3EURWG\/ultrasonic-cleaner-a100-2.5-pt.jpg\" \/><\/div><div class=\"section-desc\">\u0160is ultragarsinis \u0161varesnis ma\u0161ina yra tinkamas ne tik komercin\u0117s, bet taip pat pla\u010diai taikomas laboratorijose, karbiuratoriai, grandini\u0173 plok\u0161tes, odontologijos \u012franga, juvelyriniai dirbiniai, akiniai, laikrod\u017eiai, indai, ir daugiau.<\/div><\/div><div class=\"section\"><div class=\"section-img small\"><img decoding=\"async\" src=\"\/vevor\/product\/SGLTQCSBQXJ3EURWG\/ultrasonic-cleaner-a100-1.11-pt.jpg\" \/><\/div><div class=\"section-mobile-img\"><img decoding=\"async\" src=\"\/vevor\/product\/SGLTQCSBQXJ3EURWG\/ultrasonic-cleaner-a100-1.11-pt.jpg\" \/><\/div><\/div><\/div><\/body><\/html><\/div>\n<div class=\"DM_at-title\" id=\"js-DM_at-title\"> <div>Product specification<\/div> <i class=\"icon-arrowup_line\"><\/i> <\/div><div class=\"DM_at-goodsDescAttr\" id=\"js-DM_at-goodsDescAttr\"> <div class=\"DM_at-goodsDescAttrInner\"> <dl class=\"goodsDesc_item goodsDesc_item_even\"> <dt>Modelis<\/dt> <dd> TH-SPQXJ-100A<\/dd> <\/dl> <dl class=\"goodsDesc_item\"> <dt>Ultragarso Galia<\/dt> <dd> 600W<\/dd> <\/dl> <dl class=\"goodsDesc_item goodsDesc_item_even\"> <dt>\u0160ildymo Galia<\/dt> <dd> 1200W<\/dd> <\/dl> <dl class=\"goodsDesc_item\"> <dt>Da\u017enis<\/dt> <dd> 40kHz<\/dd> <\/dl> <dl class=\"goodsDesc_item goodsDesc_item_even\"> <dt>Talpa<\/dt> <dd> 30L<\/dd> <\/dl> <dl class=\"goodsDesc_item\"> <dt>Triuk\u0161mo Lygis<\/dt> <dd> Kaip 75dB<\/dd> <\/dl> <dl class=\"goodsDesc_item goodsDesc_item_even\"> <dt>Kontrol\u0117s Metu<\/dt> <dd> 0-30 Minutes<\/dd> <\/dl> <dl class=\"goodsDesc_item\"> <dt>Temperat\u016bros Diapazonas<\/dt> <dd> 0-80\u00b0C<\/dd> <\/dl> <dl class=\"goodsDesc_item goodsDesc_item_even\"> <dt>Ner\u016bdijan\u010dio Plieno Vidinis Bakas Matmenys<\/dt> <dd> 530 x 325 x 200 mm (Sienel\u0117s Storis<\/dd> <\/dl> <dl class=\"goodsDesc_item\"> <dt>Ultragarso Davikliai<\/dt> <dd> 10 VNT.<\/dd> <\/dl> <dl class=\"goodsDesc_item goodsDesc_item_even\"> <dt>Maitinimo Laido Ilgis<\/dt> <dd> 1,5 m<\/dd> <\/dl> <dl class=\"goodsDesc_item\"> <dt>Produkto Svoris<\/dt> <dd> 11.92 kg<\/dd> <\/dl> <dl class=\"goodsDesc_item goodsDesc_item_even\"> <dt>Gaminio Matmenys<\/dt> <dd> 535 x 332 x 338 mm<\/dd> <\/dl> <\/div> <\/div>","protected":false},"excerpt":{"rendered":"<ul>\n<li> Galingas Valymo Veiklos: VEVOR Ultragarsinis \u0160varesnis veikia ultra-high da\u017enis 40kHz, generuoti milijonus ma\u017ey\u010di\u0173 burbuliuk\u0173, kad sprogti \u012f vanden\u012f, atleid\u017eiantis stiprus valymas energijos. \u0160i energija prasiskverbia pro kiekvien\u0105 ply\u0161\u012f, kruop\u0161\u010diai pa\u0161alinti u\u017esispyr\u0119s d\u0117mes i\u0161 subtilus dalys, u\u017etikrinant, nr. rajone liko nevalytas. <\/li>\n<li> Pa\u017eangios Jutiklio Technologijos veiksmingai rele, kartu su \u0161ildymo paj\u0117gumus 0-80\u00b0C, akimirksniu skyla kietas tepalas. Su 360\u00b0 valymas tiksliosios, jis lengvai pa\u0161alina u\u017esispyr\u0119s purvo ir naftos, be \u017ealing\u0173 element\u0173. Ar kasdieni\u0173 daikt\u0173 ar profesionalaus valymo poreikius, galite naudoti ultragarsinis \u0161varesnis ma\u0161ina, su pasitik\u0117jimu. <\/li>\n<li> Dual-Power atlikti degazavim\u0105 Re\u017eimas: atlikti degazavim\u0105 re\u017eimas veiksmingai pa\u0161alina i\u0161 oro, skys\u010di\u0173, didinti darbo efektyvum\u0105 iki 30% ir pasiekti nulinio kampo tikslumas valymas i\u0161 vidaus skyli\u0173 ir \u012ftr\u016bkim\u0173. Su dviguba maitinimo parinktys, \u0161varesnis ma\u0161ina gali sutalpinti \u012f tiek subtilus daikt\u0173 ir sunkiosios pramon\u0117s produkt\u0173, tod\u0117l valymo tikslingiau nesukeliant \u017ealos. <\/li>\n<li> I\u0161skirtin\u0117s Kokyb\u0117s: Pagaminti su atsparus korozijai ir dilimui 304 ner\u016bdijan\u010dio plieno krep\u0161iai ir vidin\u0117s kameros, komplekte krep\u0161ys apsaugo nuo \u012fbr\u0117\u017eim\u0173 valymo metu. Ne\u0161iojam\u0173 rankena ir patogus drena\u017eo dizaino, kad operacija lengva ir paprasta, su kiekviena detal\u0117 sukurta siekiant suteikti i\u0161skirtin\u0119 valymo patirt\u012f. <\/li>\n<li> Plataus Pritaikymo: I\u0161 brangakmeniai juvelyriniai dirbiniai, prie sud\u0117ting\u0173 automobili\u0173 dalys ir kasdieniai akiniai, \u0161is ultragarsinis dalys \u0161varesnis tvarko visus su lengvumu. Nesvarbu, ar esate profesionalus mechanikas, laboratorijos tyr\u0117jas, arba kasdienio vartotojo, \u0161is ultragarsinis \u0161varesnis yra j\u016bs\u0173 patikimu pagalbininku. <\/li>\n<\/ul>","protected":false},"featured_media":347091,"comment_status":"closed","ping_status":"open","template":"","meta":{"om_disable_all_campaigns":false,"_monsterinsights_skip_tracking":false,"_monsterinsights_sitenote_active":false,"_monsterinsights_sitenote_note":"","_monsterinsights_sitenote_category":0,"_uf_show_specific_survey":0,"_uf_disable_surveys":false},"location":[1935,1934],"product_brand":[21],"product_cat":[2562,2842,2844,2843],"product_tag":[],"class_list":{"0":"post-56207","1":"product","2":"type-product","3":"status-publish","4":"has-post-thumbnail","6":"location-supplier_stock_location","7":"location-local_stock_location","8":"product_brand-vevor","9":"product_cat-cleaning","10":"product_cat-cleaning-products","11":"product_cat-industrial-ultrasonic-cleaner","12":"product_cat-jewelry-cleaners","14":"first","15":"instock","16":"taxable","17":"shipping-taxable","18":"purchasable","19":"product-type-simple"},"aioseo_notices":[],"jetpack_sharing_enabled":true,"locations":[{"id":1935,"name":"Pieg\u0101d\u0101t\u0101ja noliktav\u0101 (5-7d.d.)","slug":"supplier_stock_location","quantity":"287"},{"id":1934,"name":"R\u012bgas veikal\u0101 (0-2d.d.)","slug":"local_stock_location","quantity":"0"}],"_links":{"self":[{"href":"https:\/\/vevorshop.lv\/lt\/wp-json\/wp\/v2\/product\/56207","targetHints":{"allow":["GET"]}}],"collection":[{"href":"https:\/\/vevorshop.lv\/lt\/wp-json\/wp\/v2\/product"}],"about":[{"href":"https:\/\/vevorshop.lv\/lt\/wp-json\/wp\/v2\/types\/product"}],"replies":[{"embeddable":true,"href":"https:\/\/vevorshop.lv\/lt\/wp-json\/wp\/v2\/comments?post=56207"}],"wp:featuredmedia":[{"embeddable":true,"href":"https:\/\/vevorshop.lv\/lt\/wp-json\/wp\/v2\/media\/347091"}],"wp:attachment":[{"href":"https:\/\/vevorshop.lv\/lt\/wp-json\/wp\/v2\/media?parent=56207"}],"wp:term":[{"taxonomy":"location","embeddable":true,"href":"https:\/\/vevorshop.lv\/lt\/wp-json\/wp\/v2\/location?post=56207"},{"taxonomy":"product_brand","embeddable":true,"href":"https:\/\/vevorshop.lv\/lt\/wp-json\/wp\/v2\/product_brand?post=56207"},{"taxonomy":"product_cat","embeddable":true,"href":"https:\/\/vevorshop.lv\/lt\/wp-json\/wp\/v2\/product_cat?post=56207"},{"taxonomy":"product_tag","embeddable":true,"href":"https:\/\/vevorshop.lv\/lt\/wp-json\/wp\/v2\/product_tag?post=56207"}],"curies":[{"name":"wp","href":"https:\/\/api.w.org\/{rel}","templated":true}]}}