{"id":56268,"date":"2024-11-20T05:33:08","date_gmt":"2024-11-20T05:33:08","guid":{"rendered":"http:\/\/vevorshop.edigo.lv\/Prece\/vevor-bike-chain-lock-5-91-ft-combination-bicycle-chain-lock-with-4-keys-10mm\/"},"modified":"2026-04-19T22:57:21","modified_gmt":"2026-04-19T19:57:21","slug":"vevor-bike-chain-lock-5-91-ft-combination-bicycle-chain-lock-with-4-keys-10mm","status":"publish","type":"product","link":"https:\/\/vevorshop.lv\/lt\/Prece\/vevor-bike-chain-lock-5-91-ft-combination-bicycle-chain-lock-with-4-keys-10mm\/","title":{"rendered":"VEVOR 1,8 m tvirta 10 mm plieno dvira\u010dio grandin\u0117s spyna su 4 raktais, apsaugos nuo vagyst\u0117s spyna dvira\u010diams, vartams ir kt."},"content":{"rendered":"<div style=\"color: #fff!important; font-size: 16px; height: 24px; line-height: 24px; margin-top: -24px; \" class=\"product_original_name\">VEVOR Bike Chain Lock, 5.91 Ft Combination Bicycle Chain Lock with 4 Keys, Heavy Duty Anti-Theft High Security Bike Locks, Perfect for Bike, Motorcycle, Scooter, Bicycle, Door, Fence or Gate, 10mm<\/div>\n<div style=\"color: #fff!important; font-size: 16px; height: 24px; line-height: 24px; margin-top: -24px; \" class=\"product_sku\">M4I4MH7L<\/div>\n<div style=\"color: #fff!important; font-size: 16px; height: 24px; line-height: 24px; margin-top: -24px; \" class=\"product_mpn\">ZXCLSYTSLS104E02ZV0<\/div><div id=\"js-DM_at-goodDescRich\"><html><head><style>  body {    font-family: Arial;    line-height: 1.5;    color: #1c1c1c;    overflow-x: hidden;    margin: 0;    padding: 0;  }  .MsoNormal b {    font-weight: bolder;  }<\/style><style>  .container.small {    width: 970px;    margin: 0 auto;  }  .logo {    margin: 0 auto 0;  }  .logo img {    display: block;    margin: 0 auto;    max-width: 100%;  }  .logo .pc-banner {    display: block;    width: 1200px;    height: 247.4px;    margin: 0 auto;  }  .logo .pc-banner.small {    width: 970px;  }  .logo .pc-banner.small img {    height: auto!important;  }  .logo .m-banner {    display: none;  }  .ytvideo {    position: relative;    height: 546px;    width: 100%;    margin: 0 auto;  }  .ytvideo img {    width: 100%;    margin: 0 auto;  }  .ytvideo .play-btn {    width: 60px;    height: 42px;    position: absolute;    top: 50%;    left: 50%;    transform: translate(-50%, -50%);    background: url(\"data:image\/png;base64,iVBORw0KGgoAAAANSUhEUgAAAGQAAABGCAMAAAANWMFbAAAC+lBMVEUAAADBGB3kLCfBGB3kLCfcJC7BFx3KKSbiKybkLCbWJCPSIiLSIiLPICHAFx3kLCfgKSXNHiDZJiTIGx\/p4eHcjo7LHSDbJyTkLCbjKyfOHyHPIiL28fHJHB\/GGh7EGR7eKCXDGB3RISHlLSbBGB3AFxzGHB7DGB7BGB3hKybkKybAFx3lLCfAFxzDGR3hKibDGB7cJyTmz8\/elJTlwcHjurrUIyLlLSflLSfAFx3DGR7lLSfCFx3hKibhKibhKybjKybkLCblLSfbJSX49vbx7e3NNzjNMTLMJyjVIyLZf3\/ZQ0LaeHjx0tLgoqLkLCfCGB3HGx\/BGB3BFx3PICHCGB7WJCLOHyC\/Fxy\/Fx3lLCfQISHkLSe\/FxzbJiTBFx3FGx\/AGB7BFx3EGR7AGB3HHSDfKiXAFh3TISHYNzbhKibbJyTTIiL57e325+f039\/v2NjUV1fOHiHiqanfmprch4feKSXVIyPOICHmLibFGh\/mLSe\/Fx7XJCPeKSXXJSPNHyHaJyTGGh7lLCbmLCflLSjSIiLkLCbdKSXLHiC\/GB3KHh++Fh3lKyfoLiXcKCPkx8fYb2\/XaGfVXl3aU1LLHiDksbHgKibPICHbJyTfKSXbJyTCGB3KHSDiKybFGh7TIiL\/\/\/\/VIyPRISHIHB\/GGx\/HHB\/DGR7gKibdKCXLHiDZJiTMHiDNHyHYJSTOICHPICHWJCPcKCXXJSPjLCblLCf+\/f3NGR\/uLijzLynPGR\/IGB7WISHaIyLLGh7UAADxLynNAADRLzDbICLQAADIAAD3MCrUHSHXMTDpKSbLAADp5OTij4\/ejo\/VLy\/1LyngJSTcJCPQHx\/OHB7+\/PzaMS\/OLS\/vLijrLSjSAADaNTPwLyjkKSbNJCbYISHPHB\/KGB7WAAD7+vrn3d3aKynTKCjoLCfsKifRGh\/YAADq5+fhjo7QNDXXKCfmJyXt5+fTLzDLLi\/QKivYHRvMGBrQJCXLISPMExXLDxLaEAvkkI\/bOTfaFQ\/SCgpvLcnHAAAAmnRSTlMA+vv7+gT9Bvf9+8z8\/NSv\/Pr5+P7++vnQIBMP\/v38\/Pn348XDiCYf9OjbzcqxXVcx\/fz8+\/rj1r2poo1+fXFqX0orGP7+\/v7+\/fz8+\/r68uzn4trIxsG\/vri3p6GcmZSNbWVYUUZEPQv+\/f39+\/v7+\/v7+vr64tvV1NTTz87FtbSurqeblJKFg4B3bUY+NjL7+\/v7+\/v67t1cDo8JLQAABkRJREFUWMO0kz9rwkAYh0OIeJkum6YugUAhISCdKoj\/P4C7SMdS+gEKIhSKil10LSg4mzXkILdlEpxCpwTiWOLX6BujvQaEQuGeHLnL+\/64J+SIcKGYTYWnntpdLjrVdqvZmNdn0+EE40GtpuuWVS6Xx6N7YDSGpWXpeq02wHgynM7q80az1a52HpddtVcpsi1zFARBrdaxbhp9iUReTGmwA4KAAr7vx3EYejnCMI6hQYEgy0LQi4jUN0wL19vqFcUC9\/1dAKmEEFkWRYkh5oBejnxQJiSJPJ\/uKBp0Thszx9Mw8hMRIQjKsptCfuES9zr5WJY6vSFCIvE9fCMUmEM1A1kSXcYGxgVYsvI1IPKTZciSTI0us\/SMGG04gDzELDoFBwdcFJrF88dqgYMTiL6DILWYyfOWE8\/kIz38olCNlC03FK95+imxp6y4oUSvAnBjHHhKNtotSDqJzVFiK8c2SBqhZtsrTtgrLXwAyduxZHNE26eHUt5rtuM4WSmds3G+sUdWYo1L+XyxButoh5eKUHk5lByO3G1LqqCWVnfrv\/lyPtf\/4ps1cndNGIri8J1TJ0lx6dR\/oPjq1nbRwdp2dCk4CtIOLW3pVKRL6WZfS5vF2KkIQhpwSsjiYIgNCs1gEMGqiIq24NQX9NwoXFy8Ufrl3twTcg4fv8T9\/JBEySduj6Mjm4bMzYV7EEOxKjjoNDud7yY3Dy71Hq2oLmqfbNR723edH9PgMrNL2utoQ3VmaIDkiw\/4w51P06hlZsTZvkRrbVuSIs\/zwSOsycgzStQouoAkWQqioRT5XI7n2Z1wfVhoZmcAJLsoqjqpjbWCgpOAJXBwHK8PzWbNvoUZJND5wCnSkLAkZ1legx6vqQzjoiTahKlGUGLAiIIoABOHaNVw4sexZBym6\/HWlH5h3IC7yRbxtipcWxdTOkORKiNQAEkFf66x5S2oeRbroOlLgg0sSYkR0hRGEqJZ0jTPiQKatESdBckpWigxaapEH0lImHdWu9pUFF2XqMNM2Z4kped7IwEJw2qabwtrQqnpw6HyKkgcadKWsmpywwesDyIhYRpdzXddqegtGIJlXbAIUMOLkGxJUjRIkokwjUaX9d\/kK62ps\/tYUqZLIMkLTyBhsMZ3C5Z\/kDxOSCb\/DOs\/\/J0qcWSX\/2ipe56EgTCA4\/cB7NAYOsni4mZM1MUPAISoEwkDi4lhVBQ1cWQyIcwalw4EpqZN68JUSK7XC0kTlkLYii5uXSC8jT5ncCAS7mjCv0uHp\/3lueHEEAeQ\/\/VgmdN71\/2uCSA1Xr6DO6uI6sW56zqT2tp2PhgiRUAajV8CY2fkcz6WGNKMgLAt7tJAhD4YHMTeRxlALE6+43WqjSWi8ITxyJl8WrwWSNESQZZOqhDDntO3hJLsd5RtSpbJqdv3YrDJH3F7jL1R2O2aQkn2MyCyKYz0GPGIvSAMgBCrCEiJyKbBaYGwLW4uPRr0A0M4Ux5kUI7IBh+hMdiCEWNqhMZGyYMsOgNE58UQuEQeUnSWCMYwL54hkxK6IoqucQZbQ3pc3XtL0lky1dL0zZJJDpWJovFqpWj6JEHnyam2eQp5QRVAVHjWparTOaVwUOx99YS2MvgxIGV0bb+qIg2HX2qkFFJB+XZcbLiuRkuxD9GRroKyveLxdh4d7Orx+hb7qc3uVRuEogCOnyIxm4ubUoPgF4jianDrC+SDQDKEfJb0GUKmjCGPYHGJvVC6X4hw1\/sAfQAdfYyephIaspXe36RwOP+Ljvfx9B6B3i+Nk0DGq+oCbLn6JpBa9nWAveAIHwFAwtVcIJXPMPL8kRu5OAYPMaL1WScTxjiZDqB9LTJSWphow\/pTYKRTLjCBhvi9iBidvKcDasGSm0QQkycYuLBqj6QCELPctqChDWpTRMWkngNNpQ1Pfp1KkiT\/Y0DGffXAweUNfLAfaJFKDwhb6I+bkYRbkERoEeu3Fyjg2opMz2daZCS9jt6Q7txNfB+OZEVF6Zl5web2xunnLQrtrjXseXKaFYziYINeMFZVxS9VxRhOoesYwxPKXm+gWLG9cuFeq93UNNeJNsf1KlwuDok9n02n3TgIJpOxNfL9naIoQwXtfH9kjceTIIi709ncTg6LZbg+biLH1V6u\/7rxBem06VXKn9raAAAAAElFTkSuQmCC\")      no-repeat center center \/ contain;  }  @media screen and (max-width: 960px) and (orientation: portrait) {    .logo {      width: 100%;    }    .logo .pc-banner {      display: none;    }    .logo .m-banner {      display: block;      width: 100%;    }    .logo .m-banner img {      height: auto!important;    }    .ytvideo {      height: 200px;      width: 100%;    }  }<\/style><style>  .video-section {    width: 100%;    margin: 0 auto;  }  .video-section > img {    width: 100%;  }  .video-section iframe,  .video-section video {    width: 100%;    height: 100%;      }  .video-section-img-m,  .video-section-img-pc > img {    width: 100%;    height: auto;  }  .video-section-img-pc.small > img {    width: 970px;  }  .video-desc {    line-height: 1.5;    font-size: 20px;    font-weight: 400;    margin: 20px 0;    text-align: center;    color: #0f1111;    word-break: break-word;  }  @media screen and (max-width: 960px) and (orientation: portrait) {    .video-section {      width: 100%;    }    .video-section-pc,    .video-section-img-pc {      display: none;    }    .video-section-m,    .video-section-img-m {      display: block;    }    .video-desc {      font-size: 15px;    }  }  @media screen and (min-width: 960px) {    .video-section {      width: 100%;      margin: 0 auto;    }    .video-section-pc,    .video-section-img-pc {      display: block;    }    .video-section-m,    .video-section-img-m {      display: none;    }    .video-desc {      font-size: 20px;    }  }<\/style><style>  .section + .section {    margin-top: 35px;  }  .section-title {    text-align: center;    font-weight: bold;    color: #0d1111;    font-family: \"Arial\";    font-size: 32px;    margin: 15px 0;  }  .section-title:empty {    display: none;  }  .section-desc {    text-align: center;    font-weight: normal;    color: #0d1111;    margin-top: 20px;  }  .section-desc:empty {    display: none;  }  .section-img {    width: 1200px;    height: 492px;    margin: 0 auto;    display: block;  }  .section-img.small {    width: 970px;    height: auto;  }  .section-img.small > img {    height: auto;  }  .section-img > img {    width: 100%;    height: 100%;  }  .section-mobile-img {    display: none;    max-width: 100vw;    max-height: 75vw;    height: 450px;    margin: 0 auto;  }  .section-mobile-img > img {    width: 100%;    height: 100%;  }  @media screen and (max-width: 960px) and (orientation: portrait) {    .container {      width: 100%;    }    .container.small {      width: 100%;    }    .section-mobile-img {      display: block;    }    .section-img {      display: none;    }    .section-title {      font-size: 22px;      margin: 10px 0;    }    .section-desc {      margin-top: 10px;    }    .section + .section {      margin-top: 20px;    }  }<\/style><\/head><body><div class=\"container small\"><div class=\"logo\"><div class=\"pc-banner small\"><div><img decoding=\"async\" src=\"\/vevor\/vevor\/boutique-banner\/pc\/en-pc@1x.jpg\" style=\"width: 100%;\" \/><\/div><\/div><div class=\"m-banner\"><div><img decoding=\"async\" src=\"\/vevor\/vevor\/boutique-banner\/mobile\/en-m@1x.jpg\" style=\"width: 100%;\" \/><\/div><\/div><\/div><div class=\"section-title\">VEVOR Dvira\u010di\u0173 Grandin\u0117s U\u017eraktas-J\u016bs\u0173 Patikimas Kompanionas Nerimauti nemokamai va\u017eiuoti Dvira\u010diu!<\/div><div class=\"video-section\"><div class=\"video-section-img-pc small\"><img decoding=\"async\" src=\"\/vevor\/product\/ZXCLSYTSLS104E02Z\/bike-chain-locks-a100-1.4-pt.jpg\" \/><\/div><div class=\"video-section-img-m\"><img decoding=\"async\" src=\"\/vevor\/product\/ZXCLSYTSLS104E02Z\/bike-chain-locks-a100-1.4-pt.jpg\" \/><\/div><div class=\"section-desc\">Tai auk\u0161tos saugumo dvira\u010di\u0173 grandin\u0117s u\u017eraktas funkcijos integruotos nuorod\u0105 dizaino, pagaminti i\u0161 auk\u0161\u010diausios kokyb\u0117s plieno med\u017eiagos, kad sukurti patikim\u0105 gynybos nuo klastojimo. Jos tvirtos konstrukcijos tampa atspar\u016bs smurtini\u0173 lockpicking, o meistri\u0161kai sukurta klavi\u0161ai yra labai sunku dubliuoti.<\/div><\/div><div class=\"section\"><div class=\"section-title\"><\/div><div class=\"section-img small\"><img decoding=\"async\" src=\"\" \/><\/div><div class=\"section-mobile-img\"><img decoding=\"async\" src=\"\" \/><\/div><div class=\"section-desc\">\u0160i dvira\u010di\u0173 grandin\u0117s u\u017erakt\u0105 galima suvynioti aplink crossbeam ir s\u0117dyn\u0117s vamzd\u017eio dvira\u010di\u0173, kai \u017eirgais. Tai ne tik patogu ne\u0161iotis, bet taip pat gali suma\u017einti na\u0161t\u0105 kelion\u0117s metu. Ji puikiai dera charakteristikas, saugum\u0105 ir patogum\u0105.<\/div><\/div><div class=\"section\"><div class=\"section-title\"><\/div><div class=\"section-img small\"><img decoding=\"async\" src=\"\/vevor\/product\/ZXCLSYTSLS104E02Z\/bike-chain-locks-a100-2.3-pt.jpg\" \/><\/div><div class=\"section-mobile-img\"><img decoding=\"async\" src=\"\/vevor\/product\/ZXCLSYTSLS104E02Z\/bike-chain-locks-a100-2.3-pt.jpg\" \/><\/div><div class=\"section-desc\">Naudojant \u0161io motociklo, grandin\u0117s u\u017eraktas yra paprasta; tiesiog prat\u0119sti grandin\u0119, linijos aplink fiksuot\u0105 objekt\u0105, ir j\u012f u\u017erakinti.<\/div><\/div><div class=\"section\"><div class=\"section-title\"><\/div><div class=\"section-img small\"><img decoding=\"async\" src=\"\/vevor\/product\/ZXCLSYTSLS104E02Z\/bike-chain-locks-a100-2.4-pt.jpg\" \/><\/div><div class=\"section-mobile-img\"><img decoding=\"async\" src=\"\/vevor\/product\/ZXCLSYTSLS104E02Z\/bike-chain-locks-a100-2.4-pt.jpg\" \/><\/div><div class=\"section-desc\">\u012e 70.86 \u012f \/180 cm ilgio grandin\u0117s dizainas leid\u017eia jums be vargo saugiai \u012fvairi\u0173 dyd\u017ei\u0173, transporto priemoni\u0173 ir stacionari\u0173 objekt\u0173, kur jums eiti.<\/div><\/div><div class=\"section\"><div class=\"section-title\"><\/div><div class=\"section-img small\"><img decoding=\"async\" src=\"\/vevor\/product\/ZXCLSYTSLS104E02Z\/bike-chain-locks-a100-2.5-pt.jpg\" \/><\/div><div class=\"section-mobile-img\"><img decoding=\"async\" src=\"\/vevor\/product\/ZXCLSYTSLS104E02Z\/bike-chain-locks-a100-2.5-pt.jpg\" \/><\/div><div class=\"section-desc\">\u0160io dvira\u010dio u\u017eraktas grandin\u0117s si\u016blo daugyb\u0119 fiksavimo metodus, siekiant prisitaikyti prie skirting\u0173 automobili\u0173 stov\u0117jimo aik\u0161tel\u0117 scenarijus. Ar fiksavimo per rato ir s\u0117dyn\u0117s pa\u0161tu arba u\u017etikrinti jo prie tur\u0117kl\u0173 ar paskirtoje stov\u0117jimo vietoje, ji atitinka visus j\u016bs\u0173 poreikius.<\/div><\/div><div class=\"section\"><div class=\"section-img small\"><img decoding=\"async\" src=\"\/vevor\/product\/ZXCLSYTSLS104E02Z\/bike-chain-locks-a100-1.11-pt.jpg\" \/><\/div><div class=\"section-mobile-img\"><img decoding=\"async\" src=\"\/vevor\/product\/ZXCLSYTSLS104E02Z\/bike-chain-locks-a100-1.11-pt.jpg\" \/><\/div><\/div><\/div><\/body><\/html><\/div>\n<div class=\"DM_at-title\" id=\"js-DM_at-title\"> <div>Produkto specifikacija<\/div> <i class=\"icon-arrowup_line\"><\/i> <\/div><div class=\"DM_at-goodsDescAttr\" id=\"js-DM_at-goodsDescAttr\"> <div class=\"DM_at-goodsDescAttrInner\"> <dl class=\"goodsDesc_item goodsDesc_item_even\"> <dt>Modelis<\/dt> <dd> 85902<\/dd> <\/dl> <dl class=\"goodsDesc_item\"> <dt>Stilius<\/dt> <dd> Integruotos Grandin\u0117s U\u017eraktas<\/dd> <\/dl> <dl class=\"goodsDesc_item goodsDesc_item_even\"> <dt>Grandin\u0117s Skersmuo<\/dt> <dd> 0.39 \u012f \/ 10 mm<\/dd> <\/dl> <dl class=\"goodsDesc_item\"> <dt>Bendras Ilgis<\/dt> <dd> 71.65 \u012f \/ 1820 mm<\/dd> <\/dl> <dl class=\"goodsDesc_item goodsDesc_item_even\"> <dt>Grandin\u0117s Formos<\/dt> <dd> 4-Link<\/dd> <\/dl> <dl class=\"goodsDesc_item\"> <dt>Grandin\u0117s Med\u017eiaga<\/dt> <dd> Metalo, Plieno<\/dd> <\/dl> <dl class=\"goodsDesc_item goodsDesc_item_even\"> <dt>Fiksavimo Mechanizmas<\/dt> <dd> Mygtuk\u0173 Blokavimas<\/dd> <\/dl> <dl class=\"goodsDesc_item\"> <dt>Raktai<\/dt> <dd> 4<\/dd> <\/dl> <dl class=\"goodsDesc_item goodsDesc_item_even\"> <dt>Dangos Med\u017eiaga<\/dt> <dd> Mink\u0161to Audinio<\/dd> <\/dl> <dl class=\"goodsDesc_item\"> <dt>Vir\u0161elio Spalva<\/dt> <dd> Juoda<\/dd> <\/dl> <dl class=\"goodsDesc_item goodsDesc_item_even\"> <dt>Produkto Svoris<\/dt> <dd> 8.13 svar\u0173 \/ 3.69 kg<\/dd> <\/dl> <dl class=\"goodsDesc_item\"> <dt>Gaminio Matmenys<\/dt> <dd> \u03c60.39 x 71.65 \u012f \/ \u03c610 x 1820 mm<\/dd> <\/dl> <\/div> <\/div>","protected":false},"excerpt":{"rendered":"<ul>\n<li> Kokyb\u0117s Med\u017eiaga: - Tai dvira\u010di\u0173 grandin\u0117s u\u017eraktas yra pagaminti i\u0161 auk\u0161tos kokyb\u0117s plieno kaltiniai, si\u016blanti auk\u0161tos kietumas ir i\u0161skirtini\u0173 &#034; anti-theft galimybes. Ji yra atspari pjovimo, pjaustymas, kalimo ir gr\u0119\u017eimo, tod\u0117l idealiai tinka apsaugoti savo dvirat\u012f, motocikl\u0105 ir kitus vertingus daiktus. <\/li>\n<li> Grandin\u0117s Konstrukcija: \u012erengtas auk\u0161\u010diausios kokyb\u0117s metalo, plieno grandin\u0117s skersmuo storis 0.4 \u012f \/10 mm, tai dvira\u010di\u0173 grandin\u0117s u\u017eraktas yra tvirtas ir patvarus, veiksmingai pasiprie\u0161inti smurtini\u0173 i\u0161puoli\u0173, kad j\u016bs\u0173 dviratis saugus. <\/li>\n<li> Grandin\u0117s Apsauga Rankov\u0117s: Suvynioti \u012f mink\u0161t\u0105 juodo dangtelio, \u0161io motociklo, grandin\u0117s u\u017eraktas lieka skland\u017eiai ir blizga, o apsaugoti savo dvirat\u012f nuo \u012fbr\u0117\u017eim\u0173. <\/li>\n<li> Universalus Programas: \u0160ios grandin\u0117s u\u017erakt\u0105 dviratis turi daug \u012fvairi\u0173 program\u0173, tai ne tik tinka fiksavimo dvira\u010diai ir motociklai, bet taip pat u\u017etikrinti, vejapjov\u0117s, sporto \u012frangos, priemoni\u0173 rinkinius, motociklai, riedlent\u0117s, vartai, tvoros, grotel\u0117s, laipteliai, ir daugiau, pad\u0117dama apsaugoti j\u016bs\u0173 verting\u0173 daikt\u0173. <\/li>\n<li> Paprasta Naudoti: Tiesiog i\u0161traukite rakt\u0105 po fiksavimo dvira\u010dio u\u017eraktas grandin\u0117je, siekiant i\u0161vengti nuostoli\u0173. Kiekvienas grandin\u0117s u\u017erakt\u0105 ateina su 4 atsargini\u0173 rakt\u0173, u\u017etikrinti, kad net jei nety\u010dia misplace rakt\u0105, j\u016bs vis dar turite tinkamas pakaitalas ant rank\u0173. <\/li>\n<\/ul>","protected":false},"featured_media":347474,"comment_status":"closed","ping_status":"open","template":"","meta":{"om_disable_all_campaigns":false,"_monsterinsights_skip_tracking":false,"_monsterinsights_sitenote_active":false,"_monsterinsights_sitenote_note":"","_monsterinsights_sitenote_category":0,"_uf_show_specific_survey":0,"_uf_disable_surveys":false},"location":[1935,1934],"product_brand":[21],"product_cat":[4602,4601,2453,2374],"product_tag":[],"class_list":{"0":"post-56268","1":"product","2":"type-product","3":"status-publish","4":"has-post-thumbnail","6":"location-supplier_stock_location","7":"location-local_stock_location","8":"product_brand-vevor","9":"product_cat-bike-chain-locks","10":"product_cat-padlocks","11":"product_cat-safety-security","12":"product_cat-tools","14":"first","15":"instock","16":"taxable","17":"shipping-taxable","18":"purchasable","19":"product-type-simple"},"aioseo_notices":[],"jetpack_sharing_enabled":true,"locations":[{"id":1935,"name":"Pieg\u0101d\u0101t\u0101ja noliktav\u0101 (5-7d.d.)","slug":"supplier_stock_location","quantity":"160"},{"id":1934,"name":"R\u012bgas veikal\u0101 (0-2d.d.)","slug":"local_stock_location","quantity":"0"}],"_links":{"self":[{"href":"https:\/\/vevorshop.lv\/lt\/wp-json\/wp\/v2\/product\/56268","targetHints":{"allow":["GET"]}}],"collection":[{"href":"https:\/\/vevorshop.lv\/lt\/wp-json\/wp\/v2\/product"}],"about":[{"href":"https:\/\/vevorshop.lv\/lt\/wp-json\/wp\/v2\/types\/product"}],"replies":[{"embeddable":true,"href":"https:\/\/vevorshop.lv\/lt\/wp-json\/wp\/v2\/comments?post=56268"}],"wp:featuredmedia":[{"embeddable":true,"href":"https:\/\/vevorshop.lv\/lt\/wp-json\/wp\/v2\/media\/347474"}],"wp:attachment":[{"href":"https:\/\/vevorshop.lv\/lt\/wp-json\/wp\/v2\/media?parent=56268"}],"wp:term":[{"taxonomy":"location","embeddable":true,"href":"https:\/\/vevorshop.lv\/lt\/wp-json\/wp\/v2\/location?post=56268"},{"taxonomy":"product_brand","embeddable":true,"href":"https:\/\/vevorshop.lv\/lt\/wp-json\/wp\/v2\/product_brand?post=56268"},{"taxonomy":"product_cat","embeddable":true,"href":"https:\/\/vevorshop.lv\/lt\/wp-json\/wp\/v2\/product_cat?post=56268"},{"taxonomy":"product_tag","embeddable":true,"href":"https:\/\/vevorshop.lv\/lt\/wp-json\/wp\/v2\/product_tag?post=56268"}],"curies":[{"name":"wp","href":"https:\/\/api.w.org\/{rel}","templated":true}]}}