{"id":56476,"date":"2024-11-20T06:01:43","date_gmt":"2024-11-20T06:01:43","guid":{"rendered":"http:\/\/vevorshop.edigo.lv\/Prece\/vevor-magnetic-tiles-magnetic-building-toy-121-pcs-magnet-blocks-for-kids-3d-set\/"},"modified":"2026-04-29T05:16:30","modified_gmt":"2026-04-29T02:16:30","slug":"vevor-magnetic-tiles-magnetic-building-toy-121-pcs-magnet-blocks-for-kids-3d-set","status":"publish","type":"product","link":"https:\/\/vevorshop.lv\/lt\/Prece\/vevor-magnetines-plyteles-magnetinis-statybinis-zaislas-121-vnt-magnetiniai-blokai-vaikams-3d-rinkinys\/","title":{"rendered":"VEVOR 121 dali\u0173 magnetini\u0173 konstruktori\u0173 rinkinys su automobilio pagrindais ir skai\u010di\u0173 kortel\u0117mis, STEM \u017eaislas vaikams nuo 3 met\u0173"},"content":{"rendered":"<div style=\"color: #fff!important; font-size: 16px; height: 24px; line-height: 24px; margin-top: -24px; \" class=\"product_original_name\">VEVOR magnetin\u0117s plytel\u0117s, 121 vnt magnetiniai statybiniai blokai vaikams, magnet\u0173 pastatymo rinkinys su 2 automobili\u0173 baz\u0117mis ir 26 skaitmenin\u0117mis kortel\u0117mis, STEM mokomieji konstrukciniai krovimo \u017eaislai ma\u017eiems vaikams, 5+ met\u0173 berniukams<\/div>\n<div style=\"color: #fff!important; font-size: 16px; height: 24px; line-height: 24px; margin-top: -24px; \" class=\"product_sku\">M4I4MI0S<\/div>\n<div style=\"color: #fff!important; font-size: 16px; height: 24px; line-height: 24px; margin-top: -24px; \" class=\"product_mpn\">JZKCLPJMTZDSYFDEWV0<\/div><div id=\"js-DM_at-goodDescRich\"><html><head><style>  body {    font-family: Arial;    line-height: 1.5;    color: #1c1c1c;    overflow-x: hidden;    margin: 0;    padding: 0;  }  .MsoNormal b {    font-weight: bolder;  }<\/style><style>  .container.small {    width: 970px;    margin: 0 auto;  }  .logo {    margin: 0 auto 0;  }  .logo img {    display: block;    margin: 0 auto;    max-width: 100%;  }  .logo .pc-banner {    display: block;    width: 1200px;    height: 247.4px;    margin: 0 auto;  }  .logo .pc-banner.small {    width: 970px;  }  .logo .pc-banner.small img {    height: auto!important;  }  .logo .m-banner {    display: none;  }  .ytvideo {    position: relative;    height: 546px;    width: 100%;    margin: 0 auto;  }  .ytvideo img {    width: 100%;    margin: 0 auto;  }  .ytvideo .play-btn {    width: 60px;    height: 42px;    position: absolute;    top: 50%;    left: 50%;    transform: translate(-50%, -50%);    background: url(\"data:image\/png;base64,iVBORw0KGgoAAAANSUhEUgAAAGQAAABGCAMAAAANWMFbAAAC+lBMVEUAAADBGB3kLCfBGB3kLCfcJC7BFx3KKSbiKybkLCbWJCPSIiLSIiLPICHAFx3kLCfgKSXNHiDZJiTIGx\/p4eHcjo7LHSDbJyTkLCbjKyfOHyHPIiL28fHJHB\/GGh7EGR7eKCXDGB3RISHlLSbBGB3AFxzGHB7DGB7BGB3hKybkKybAFx3lLCfAFxzDGR3hKibDGB7cJyTmz8\/elJTlwcHjurrUIyLlLSflLSfAFx3DGR7lLSfCFx3hKibhKibhKybjKybkLCblLSfbJSX49vbx7e3NNzjNMTLMJyjVIyLZf3\/ZQ0LaeHjx0tLgoqLkLCfCGB3HGx\/BGB3BFx3PICHCGB7WJCLOHyC\/Fxy\/Fx3lLCfQISHkLSe\/FxzbJiTBFx3FGx\/AGB7BFx3EGR7AGB3HHSDfKiXAFh3TISHYNzbhKibbJyTTIiL57e325+f039\/v2NjUV1fOHiHiqanfmprch4feKSXVIyPOICHmLibFGh\/mLSe\/Fx7XJCPeKSXXJSPNHyHaJyTGGh7lLCbmLCflLSjSIiLkLCbdKSXLHiC\/GB3KHh++Fh3lKyfoLiXcKCPkx8fYb2\/XaGfVXl3aU1LLHiDksbHgKibPICHbJyTfKSXbJyTCGB3KHSDiKybFGh7TIiL\/\/\/\/VIyPRISHIHB\/GGx\/HHB\/DGR7gKibdKCXLHiDZJiTMHiDNHyHYJSTOICHPICHWJCPcKCXXJSPjLCblLCf+\/f3NGR\/uLijzLynPGR\/IGB7WISHaIyLLGh7UAADxLynNAADRLzDbICLQAADIAAD3MCrUHSHXMTDpKSbLAADp5OTij4\/ejo\/VLy\/1LyngJSTcJCPQHx\/OHB7+\/PzaMS\/OLS\/vLijrLSjSAADaNTPwLyjkKSbNJCbYISHPHB\/KGB7WAAD7+vrn3d3aKynTKCjoLCfsKifRGh\/YAADq5+fhjo7QNDXXKCfmJyXt5+fTLzDLLi\/QKivYHRvMGBrQJCXLISPMExXLDxLaEAvkkI\/bOTfaFQ\/SCgpvLcnHAAAAmnRSTlMA+vv7+gT9Bvf9+8z8\/NSv\/Pr5+P7++vnQIBMP\/v38\/Pn348XDiCYf9OjbzcqxXVcx\/fz8+\/rj1r2poo1+fXFqX0orGP7+\/v7+\/fz8+\/r68uzn4trIxsG\/vri3p6GcmZSNbWVYUUZEPQv+\/f39+\/v7+\/v7+vr64tvV1NTTz87FtbSurqeblJKFg4B3bUY+NjL7+\/v7+\/v67t1cDo8JLQAABkRJREFUWMO0kz9rwkAYh0OIeJkum6YugUAhISCdKoj\/P4C7SMdS+gEKIhSKil10LSg4mzXkILdlEpxCpwTiWOLX6BujvQaEQuGeHLnL+\/64J+SIcKGYTYWnntpdLjrVdqvZmNdn0+EE40GtpuuWVS6Xx6N7YDSGpWXpeq02wHgynM7q80az1a52HpddtVcpsi1zFARBrdaxbhp9iUReTGmwA4KAAr7vx3EYejnCMI6hQYEgy0LQi4jUN0wL19vqFcUC9\/1dAKmEEFkWRYkh5oBejnxQJiSJPJ\/uKBp0Thszx9Mw8hMRIQjKsptCfuES9zr5WJY6vSFCIvE9fCMUmEM1A1kSXcYGxgVYsvI1IPKTZciSTI0us\/SMGG04gDzELDoFBwdcFJrF88dqgYMTiL6DILWYyfOWE8\/kIz38olCNlC03FK95+imxp6y4oUSvAnBjHHhKNtotSDqJzVFiK8c2SBqhZtsrTtgrLXwAyduxZHNE26eHUt5rtuM4WSmds3G+sUdWYo1L+XyxButoh5eKUHk5lByO3G1LqqCWVnfrv\/lyPtf\/4ps1cndNGIri8J1TJ0lx6dR\/oPjq1nbRwdp2dCk4CtIOLW3pVKRL6WZfS5vF2KkIQhpwSsjiYIgNCs1gEMGqiIq24NQX9NwoXFy8Ufrl3twTcg4fv8T9\/JBEySduj6Mjm4bMzYV7EEOxKjjoNDud7yY3Dy71Hq2oLmqfbNR723edH9PgMrNL2utoQ3VmaIDkiw\/4w51P06hlZsTZvkRrbVuSIs\/zwSOsycgzStQouoAkWQqioRT5XI7n2Z1wfVhoZmcAJLsoqjqpjbWCgpOAJXBwHK8PzWbNvoUZJND5wCnSkLAkZ1legx6vqQzjoiTahKlGUGLAiIIoABOHaNVw4sexZBym6\/HWlH5h3IC7yRbxtipcWxdTOkORKiNQAEkFf66x5S2oeRbroOlLgg0sSYkR0hRGEqJZ0jTPiQKatESdBckpWigxaapEH0lImHdWu9pUFF2XqMNM2Z4kped7IwEJw2qabwtrQqnpw6HyKkgcadKWsmpywwesDyIhYRpdzXddqegtGIJlXbAIUMOLkGxJUjRIkokwjUaX9d\/kK62ps\/tYUqZLIMkLTyBhsMZ3C5Z\/kDxOSCb\/DOs\/\/J0qcWSX\/2ipe56EgTCA4\/cB7NAYOsni4mZM1MUPAISoEwkDi4lhVBQ1cWQyIcwalw4EpqZN68JUSK7XC0kTlkLYii5uXSC8jT5ncCAS7mjCv0uHp\/3lueHEEAeQ\/\/VgmdN71\/2uCSA1Xr6DO6uI6sW56zqT2tp2PhgiRUAajV8CY2fkcz6WGNKMgLAt7tJAhD4YHMTeRxlALE6+43WqjSWi8ITxyJl8WrwWSNESQZZOqhDDntO3hJLsd5RtSpbJqdv3YrDJH3F7jL1R2O2aQkn2MyCyKYz0GPGIvSAMgBCrCEiJyKbBaYGwLW4uPRr0A0M4Ux5kUI7IBh+hMdiCEWNqhMZGyYMsOgNE58UQuEQeUnSWCMYwL54hkxK6IoqucQZbQ3pc3XtL0lky1dL0zZJJDpWJovFqpWj6JEHnyam2eQp5QRVAVHjWparTOaVwUOx99YS2MvgxIGV0bb+qIg2HX2qkFFJB+XZcbLiuRkuxD9GRroKyveLxdh4d7Orx+hb7qc3uVRuEogCOnyIxm4ubUoPgF4jianDrC+SDQDKEfJb0GUKmjCGPYHGJvVC6X4hw1\/sAfQAdfYyephIaspXe36RwOP+Ljvfx9B6B3i+Nk0DGq+oCbLn6JpBa9nWAveAIHwFAwtVcIJXPMPL8kRu5OAYPMaL1WScTxjiZDqB9LTJSWphow\/pTYKRTLjCBhvi9iBidvKcDasGSm0QQkycYuLBqj6QCELPctqChDWpTRMWkngNNpQ1Pfp1KkiT\/Y0DGffXAweUNfLAfaJFKDwhb6I+bkYRbkERoEeu3Fyjg2opMz2daZCS9jt6Q7txNfB+OZEVF6Zl5web2xunnLQrtrjXseXKaFYziYINeMFZVxS9VxRhOoesYwxPKXm+gWLG9cuFeq93UNNeJNsf1KlwuDok9n02n3TgIJpOxNfL9naIoQwXtfH9kjceTIIi709ncTg6LZbg+biLH1V6u\/7rxBem06VXKn9raAAAAAElFTkSuQmCC\")      no-repeat center center \/ contain;  }  @media screen and (max-width: 960px) and (orientation: portrait) {    .logo {      width: 100%;    }    .logo .pc-banner {      display: none;    }    .logo .m-banner {      display: block;      width: 100%;    }    .logo .m-banner img {      height: auto!important;    }    .ytvideo {      height: 200px;      width: 100%;    }  }<\/style><style>  .video-section {    width: 100%;    margin: 0 auto;  }  .video-section > img {    width: 100%;  }  .video-section iframe,  .video-section video {    width: 100%;    height: 100%;      }  .video-section-img-m,  .video-section-img-pc > img {    width: 100%;    height: auto;  }  .video-section-img-pc.small > img {    width: 970px;  }  .video-desc {    line-height: 1.5;    font-size: 20px;    font-weight: 400;    margin: 20px 0;    text-align: center;    color: #0f1111;    word-break: break-word;  }  @media screen and (max-width: 960px) and (orientation: portrait) {    .video-section {      width: 100%;    }    .video-section-pc,    .video-section-img-pc {      display: none;    }    .video-section-m,    .video-section-img-m {      display: block;    }    .video-desc {      font-size: 15px;    }  }  @media screen and (min-width: 960px) {    .video-section {      width: 100%;      margin: 0 auto;    }    .video-section-pc,    .video-section-img-pc {      display: block;    }    .video-section-m,    .video-section-img-m {      display: none;    }    .video-desc {      font-size: 20px;    }  }<\/style><style>  .section + .section {    margin-top: 35px;  }  .section-title {    text-align: center;    font-weight: bold;    color: #0d1111;    font-family: \"Arial\";    font-size: 32px;    margin: 15px 0;  }  .section-title:empty {    display: none;  }  .section-desc {    text-align: center;    font-weight: normal;    color: #0d1111;    margin-top: 20px;  }  .section-desc:empty {    display: none;  }  .section-img {    width: 1200px;    height: 492px;    margin: 0 auto;    display: block;  }  .section-img.small {    width: 970px;    height: auto;  }  .section-img.small > img {    height: auto;  }  .section-img > img {    width: 100%;    height: 100%;  }  .section-mobile-img {    display: none;    max-width: 100vw;    max-height: 75vw;    height: 450px;    margin: 0 auto;  }  .section-mobile-img > img {    width: 100%;    height: 100%;  }  @media screen and (max-width: 960px) and (orientation: portrait) {    .container {      width: 100%;    }    .container.small {      width: 100%;    }    .section-mobile-img {      display: block;    }    .section-img {      display: none;    }    .section-title {      font-size: 22px;      margin: 10px 0;    }    .section-desc {      margin-top: 10px;    }    .section + .section {      margin-top: 20px;    }  }<\/style><\/head><body><div class=\"container small\"><div class=\"logo\"><div class=\"pc-banner small\"><div><img decoding=\"async\" src=\"\/vevor\/vevor\/boutique-banner\/pc\/en-pc@1x.jpg\" style=\"width: 100%;\" \/><\/div><\/div><div class=\"m-banner\"><div><img decoding=\"async\" src=\"\/vevor\/vevor\/boutique-banner\/mobile\/en-m@1x.jpg\" style=\"width: 100%;\" \/><\/div><\/div><\/div><div class=\"section-title\">VEVOR magnetin\u0117s plytel\u0117s \u201e - i\u0161laisvinkite savo vaiko k\u016brybi\u0161kum\u0105<\/div><div class=\"video-section\"><div class=\"video-section-img-pc small\"><img decoding=\"async\" src=\"\/vevor\/product\/JZKCLPJMTZDSYFDEW\/magnetic-tiles-a100-1.4-pt.jpg\" \/><\/div><div class=\"video-section-img-m\"><img decoding=\"async\" src=\"\/vevor\/product\/JZKCLPJMTZDSYFDEW\/magnetic-tiles-a100-1.4-pt.jpg\" \/><\/div><div class=\"section-desc\">\u0160ios magnetin\u0117s plytel\u0117s yra pagaminti i\u0161 saugi\u0173 ir patvari\u0173 med\u017eiag\u0173 su stipresniais magnetai, leid\u017eiantys vaikai lengvai sukurti \u012fvairi\u0173 form\u0173 ir strukt\u016br\u0173. Puikus mokymosi form\u0173, spalv\u0173, derini\u0173, ir pagrindini\u0173 statybini\u0173 \u012fg\u016bd\u017ei\u0173, \u0161is rinkinys suteikia begalin\u012f malonum\u0105 ir galimybes.<\/div><\/div><div class=\"section\"><div class=\"section-title\"><\/div><div class=\"section-img small\"><img decoding=\"async\" src=\"\/vevor\/product\/JZKCLPJMTZDSYFDEW\/magnetic-tiles-a100-2.2-pt.jpg\" \/><\/div><div class=\"section-mobile-img\"><img decoding=\"async\" src=\"\/vevor\/product\/JZKCLPJMTZDSYFDEW\/magnetic-tiles-a100-2.2-pt.jpg\" \/><\/div><div class=\"section-desc\">Skirta valand\u0173 nepertraukiamo \u017eaisti, m\u016bs\u0173 magnetas statyba plok\u0161t\u0117s funkcija stiprus magnetai, kad visk\u0105 saugiai \u012f viet\u0105. Ar pastato auk\u0161\u010dio bok\u0161tai arba sud\u0117tingas strukt\u016bras, vaikai gali \u017eaisti u\u017etikrintai, \u017einant j\u0173 k\u016briniai liks stabilus.<\/div><\/div><div class=\"section\"><div class=\"section-title\"><\/div><div class=\"section-img small\"><img decoding=\"async\" src=\"\/vevor\/product\/JZKCLPJMTZDSYFDEW\/magnetic-tiles-a100-2.3-pt.jpg\" \/><\/div><div class=\"section-mobile-img\"><img decoding=\"async\" src=\"\/vevor\/product\/JZKCLPJMTZDSYFDEW\/magnetic-tiles-a100-2.3-pt.jpg\" \/><\/div><div class=\"section-desc\">\u0160ios magnetin\u0117s statybin\u0117s plytel\u0117s, pagamintos i\u0161 auk\u0161tos kokyb\u0117s ABS med\u017eiagos, yra saugios ir patvarios. Be klij\u0173, jos yra nekenksmingos sveikatai ir nekenksmingos. lyg\u016bs pavir\u0161iai ir suapvalinti kra\u0161tai u\u017etikrina saug\u0173 \u017eaidim\u0105, tod\u0117l vaikai gali smagiai praleisti laik\u0105 be r\u016bpes\u010di\u0173.<\/div><\/div><div class=\"section\"><div class=\"section-title\"><\/div><div class=\"section-img small\"><img decoding=\"async\" src=\"\/vevor\/product\/JZKCLPJMTZDSYFDEW\/magnetic-tiles-a100-2.4-pt.jpg\" \/><\/div><div class=\"section-mobile-img\"><img decoding=\"async\" src=\"\/vevor\/product\/JZKCLPJMTZDSYFDEW\/magnetic-tiles-a100-2.4-pt.jpg\" \/><\/div><div class=\"section-desc\">\u0160is vaiki\u0161k\u0173 magnetini\u0173 plyteli\u0173 rinkinys, kuriame yra auk\u0161\u010diausios kokyb\u0117s Oksfordo mai\u0161elis su virvel\u0117mis, valym\u0105 ir laikym\u0105 paver\u010dia v\u0117jeliu. Vientisas dizainas neleid\u017eia gabalams i\u0161kristi, j\u012f galima plauti, tod\u0117l u\u017esi\u0117musiems t\u0117vams lengva pri\u017ei\u016br\u0117ti.<\/div><\/div><div class=\"section\"><div class=\"section-title\"><\/div><div class=\"section-img small\"><img decoding=\"async\" src=\"\/vevor\/product\/JZKCLPJMTZDSYFDEW\/magnetic-tiles-a100-2.5-pt.jpg\" \/><\/div><div class=\"section-mobile-img\"><img decoding=\"async\" src=\"\/vevor\/product\/JZKCLPJMTZDSYFDEW\/magnetic-tiles-a100-2.5-pt.jpg\" \/><\/div><div class=\"section-desc\">Vaikai dievina m\u016bs\u0173 magnetin\u0117s plyteli\u0173 rinkinys, kuris yra puikus namai, mokyklos ir vaik\u0173 dar\u017eeliai. Jis skatina login\u012f m\u0105stym\u0105, problem\u0173 sprendimo, ir socialini\u0173 \u012fg\u016bd\u017ei\u0173 protingas pasirinkimas grojimo ir puiki dovana.<\/div><\/div><div class=\"section\"><div class=\"section-img small\"><img decoding=\"async\" src=\"\/vevor\/product\/JZKCLPJMTZDSYFDEW\/magnetic-tiles-a100-1.11-pt.jpg\" \/><\/div><div class=\"section-mobile-img\"><img decoding=\"async\" src=\"\/vevor\/product\/JZKCLPJMTZDSYFDEW\/magnetic-tiles-a100-1.11-pt.jpg\" \/><\/div><\/div><\/div><\/body><\/html><\/div>\n<div class=\"DM_at-title\" id=\"js-DM_at-title\"> <div>Produkto specifikacija<\/div> <i class=\"icon-arrowup_line\"><\/i> <\/div><div class=\"DM_at-goodsDescAttr\" id=\"js-DM_at-goodsDescAttr\"> <div class=\"DM_at-goodsDescAttrInner\"> <dl class=\"goodsDesc_item goodsDesc_item_even\"> <dt>Prek\u0117s Modelio Numeris<\/dt> <dd> 121CXJM3<\/dd> <\/dl> <dl class=\"goodsDesc_item\"> <dt>Magnetai<\/dt> <dd> Ferito<\/dd> <\/dl> <dl class=\"goodsDesc_item goodsDesc_item_even\"> <dt>Surinkimo Metodas<\/dt> <dd> Ultragarsinis Suvirinimas<\/dd> <\/dl> <dl class=\"goodsDesc_item\"> <dt>I\u0161 Viso Vienet\u0173<\/dt> <dd> 121 VNT<\/dd> <\/dl> <dl class=\"goodsDesc_item goodsDesc_item_even\"> <dt>Keletas Magnetinio Plytel\u0117s<\/dt> <dd> 93 VNT<\/dd> <\/dl> <dl class=\"goodsDesc_item\"> <dt>Laikymo Krep\u0161ys<\/dt> <dd> Oran\u017ein\u0117 Oksfordo Rai\u0161teliu Krep\u0161ys<\/dd> <\/dl> <dl class=\"goodsDesc_item goodsDesc_item_even\"> <dt>Med\u017eiaga<\/dt> <dd> Plastikiniai + Ferito<\/dd> <\/dl> <dl class=\"goodsDesc_item\"> <dt>Produkto Svoris<\/dt> <dd> 5.51 svar\u0173\/2.5 kg<\/dd> <\/dl> <dl class=\"goodsDesc_item goodsDesc_item_even\"> <dt>Max Gaminio Dydis<\/dt> <dd> 7.87 x 2.95 x 1.77 \u012f\/200 x 75 x 45 mm<\/dd> <\/dl> <\/div> <\/div>","protected":false},"excerpt":{"rendered":"<ul>\n<li> 121-Gabalas Mega Pack: Atskleisti j\u016bs\u0173 vaiko k\u016brybi\u0161kum\u0105 VEVOR magnetinio plytel\u0117s rinkin\u012f! \u0160\u012f \u012fdom\u0173 paketas apima 121 magnetinio gabalus\u201422 kvadrat\u0173, 6 teis\u0119 trikampi\u0173, ir 30 lygiakra\u0161\u010di\u0173 trikampi\u0173\u2014puikus pastato auk\u0161\u010dio statiniai, pastatai ir pilys kad tvirtai stov\u0117ti. Plius, ji ateina su patogu rai\u0161teliu nailono krep\u0161ys lengvai kelion\u0117s. <\/li>\n<li> Begalinis Smagu: M\u016bs\u0173 magnetas statyba plok\u0161t\u0117s nustatyti dabar ateina su 2 automobili\u0173 baz\u0117s ir 26 skaitmenines korteles, didinti groti patirtis! \u0160ie \u012fsigijimai ne tik skatinti k\u016brybin\u012f m\u0105stym\u0105 ir vaizduot\u0119, bet taip pat, kad mokymosi problem\u0173 sprendimo \u012fg\u016bd\u017eius, malonus. Vaikams patinka tyrin\u0117ti spalvinga magnetinio gabalus, kad pa\u017eadas begalinis smagu. <\/li>\n<li> Universalus Suderinamumas: Tai magnetinis statyba plok\u0161t\u0117s nustatyti, lengvai jungiasi su daugelio marki\u0173 (tik atitikimo dyd\u017eio) begalinis statybos galimybes\u2014manau, kad namai, numeriai, rutuliai, g\u0117l\u0117s, ir pili\u0173! Jis sukurtas siekiant sukelti k\u016brybi\u0161kum\u0105 ir remti j\u016bs\u0173 vaiko smegen\u0173 vystymuisi ir praktinius \u012fg\u016bd\u017eius. <\/li>\n<li> Saugumas ir Patvarumas: Pagaminti i\u0161 nekenksmingos, maisto kokyb\u0117s ABS plastiko, m\u016bs\u0173 magnetas plytel\u0117s yra saug\u016bs vaikams. Glotnus pavir\u0161ius ir suapvalintas briaunos u\u017etikrinti, ma\u017eai rankas likti saugus, o ultragarsin\u012f suvirinimo saugiai turi magnetai viduje. Vidaus strukt\u016br\u0105, stiprina plyteli\u0173 stabilum\u0105 ir suma\u017eina l\u016b\u017eimo rizik\u0105, u\u017etikrinti ilgalaik\u012f naudojim\u0105. <\/li>\n<li> Puiki Dovana Id\u0117ja: Puikus patalp\u0173 \u012fdomus, kelion\u0117s (pavyzd\u017eiui, kempingas), ir klases, tai vaikai magnetinio plytel\u0117s nustatyti yra fantasti\u0161ka dovana Vaik\u0173 Dienos, gimtadieniai ir Kal\u0117dos! Idealiai tinka vaikams nuo 3 ir iki, tai puikus b\u016bdas sukurti ilgalaikius prisiminimus su \u0161eima ir draugais. <\/li>\n<\/ul>","protected":false},"featured_media":348362,"comment_status":"closed","ping_status":"open","template":"","meta":{"om_disable_all_campaigns":false,"_uf_show_specific_survey":0,"_uf_disable_surveys":false},"location":[1935,1934],"product_brand":[21],"product_cat":[4618,4617,2490,4619,2378],"product_tag":[],"class_list":{"0":"post-56476","1":"product","2":"type-product","3":"status-publish","4":"has-post-thumbnail","6":"location-supplier_stock_location","7":"location-local_stock_location","8":"product_brand-vevor","9":"product_cat-building-construction-toys","10":"product_cat-kids-handmade-toys","11":"product_cat-kids-toys","12":"product_cat-magnets-building-tiles","13":"product_cat-sports-outdoors","15":"first","16":"outofstock","17":"taxable","18":"shipping-taxable","19":"purchasable","20":"product-type-simple"},"aioseo_notices":[],"locations":[{"id":1935,"name":"Pieg\u0101d\u0101t\u0101ja noliktav\u0101 (5-7d.d.)","slug":"supplier_stock_location","quantity":"0"},{"id":1934,"name":"R\u012bgas veikal\u0101 (0-2d.d.)","slug":"local_stock_location","quantity":"0"}],"_links":{"self":[{"href":"https:\/\/vevorshop.lv\/lt\/wp-json\/wp\/v2\/product\/56476","targetHints":{"allow":["GET"]}}],"collection":[{"href":"https:\/\/vevorshop.lv\/lt\/wp-json\/wp\/v2\/product"}],"about":[{"href":"https:\/\/vevorshop.lv\/lt\/wp-json\/wp\/v2\/types\/product"}],"replies":[{"embeddable":true,"href":"https:\/\/vevorshop.lv\/lt\/wp-json\/wp\/v2\/comments?post=56476"}],"wp:featuredmedia":[{"embeddable":true,"href":"https:\/\/vevorshop.lv\/lt\/wp-json\/wp\/v2\/media\/348362"}],"wp:attachment":[{"href":"https:\/\/vevorshop.lv\/lt\/wp-json\/wp\/v2\/media?parent=56476"}],"wp:term":[{"taxonomy":"location","embeddable":true,"href":"https:\/\/vevorshop.lv\/lt\/wp-json\/wp\/v2\/location?post=56476"},{"taxonomy":"product_brand","embeddable":true,"href":"https:\/\/vevorshop.lv\/lt\/wp-json\/wp\/v2\/product_brand?post=56476"},{"taxonomy":"product_cat","embeddable":true,"href":"https:\/\/vevorshop.lv\/lt\/wp-json\/wp\/v2\/product_cat?post=56476"},{"taxonomy":"product_tag","embeddable":true,"href":"https:\/\/vevorshop.lv\/lt\/wp-json\/wp\/v2\/product_tag?post=56476"}],"curies":[{"name":"wp","href":"https:\/\/api.w.org\/{rel}","templated":true}]}}