{"id":56796,"date":"2024-11-20T06:41:19","date_gmt":"2024-11-20T06:41:19","guid":{"rendered":"http:\/\/vevorshop.edigo.lv\/Prece\/vevor-mattress-topper-premium-memory-foam-fiber-fill-queen-76-2-mm-thickness\/"},"modified":"2026-04-19T22:39:12","modified_gmt":"2026-04-19T19:39:12","slug":"vevor-mattress-topper-premium-memory-foam-fiber-fill-queen-76-2-mm-thickness","status":"publish","type":"product","link":"https:\/\/vevorshop.lv\/lt\/Prece\/vevor-mattress-topper-premium-memory-foam-fiber-fill-queen-76-2-mm-thickness\/","title":{"rendered":"VEVOR Premium Memory Foam \u010ciu\u017einys Topper Queen 76,2 mm Storas su Au\u0161inimo Geliu, 1524\u00d72032 mm, Plaunamas Dangtelis"},"content":{"rendered":"<div style=\"color: #fff!important; font-size: 16px; height: 24px; line-height: 24px; margin-top: -24px; \" class=\"product_original_name\">VEVOR Mattress Topper Premium Memory Foam Fiber Fill Queen 76.2 mm Thickness 1524x2032x76,2 mm<\/div>\n<div style=\"color: #fff!important; font-size: 16px; height: 24px; line-height: 24px; margin-top: -24px; \" class=\"product_sku\">M4I4MJDU<\/div>\n<div style=\"color: #fff!important; font-size: 16px; height: 24px; line-height: 24px; margin-top: -24px; \" class=\"product_mpn\">DHYCDZ6080INB13V8V0<\/div><div id=\"js-DM_at-goodDescRich\"><html><head><style>  body {    font-family: Arial;    line-height: 1.5;    color: #1c1c1c;    overflow-x: hidden;    margin: 0;    padding: 0;  }  .MsoNormal b {    font-weight: bolder;  }<\/style><style>  .container.small {    width: 970px;    margin: 0 auto;  }  .logo {    margin: 0 auto 0;  }  .logo img {    display: block;    margin: 0 auto;    max-width: 100%;  }  .logo .pc-banner {    display: block;    width: 1200px;    height: 247.4px;    margin: 0 auto;  }  .logo .pc-banner.small {    width: 970px;  }  .logo .pc-banner.small img {    height: auto!important;  }  .logo .m-banner {    display: none;  }  .ytvideo {    position: relative;    height: 546px;    width: 100%;    margin: 0 auto;  }  .ytvideo img {    width: 100%;    margin: 0 auto;  }  .ytvideo .play-btn {    width: 60px;    height: 42px;    position: absolute;    top: 50%;    left: 50%;    transform: translate(-50%, -50%);    background: url(\"data:image\/png;base64,iVBORw0KGgoAAAANSUhEUgAAAGQAAABGCAMAAAANWMFbAAAC+lBMVEUAAADBGB3kLCfBGB3kLCfcJC7BFx3KKSbiKybkLCbWJCPSIiLSIiLPICHAFx3kLCfgKSXNHiDZJiTIGx\/p4eHcjo7LHSDbJyTkLCbjKyfOHyHPIiL28fHJHB\/GGh7EGR7eKCXDGB3RISHlLSbBGB3AFxzGHB7DGB7BGB3hKybkKybAFx3lLCfAFxzDGR3hKibDGB7cJyTmz8\/elJTlwcHjurrUIyLlLSflLSfAFx3DGR7lLSfCFx3hKibhKibhKybjKybkLCblLSfbJSX49vbx7e3NNzjNMTLMJyjVIyLZf3\/ZQ0LaeHjx0tLgoqLkLCfCGB3HGx\/BGB3BFx3PICHCGB7WJCLOHyC\/Fxy\/Fx3lLCfQISHkLSe\/FxzbJiTBFx3FGx\/AGB7BFx3EGR7AGB3HHSDfKiXAFh3TISHYNzbhKibbJyTTIiL57e325+f039\/v2NjUV1fOHiHiqanfmprch4feKSXVIyPOICHmLibFGh\/mLSe\/Fx7XJCPeKSXXJSPNHyHaJyTGGh7lLCbmLCflLSjSIiLkLCbdKSXLHiC\/GB3KHh++Fh3lKyfoLiXcKCPkx8fYb2\/XaGfVXl3aU1LLHiDksbHgKibPICHbJyTfKSXbJyTCGB3KHSDiKybFGh7TIiL\/\/\/\/VIyPRISHIHB\/GGx\/HHB\/DGR7gKibdKCXLHiDZJiTMHiDNHyHYJSTOICHPICHWJCPcKCXXJSPjLCblLCf+\/f3NGR\/uLijzLynPGR\/IGB7WISHaIyLLGh7UAADxLynNAADRLzDbICLQAADIAAD3MCrUHSHXMTDpKSbLAADp5OTij4\/ejo\/VLy\/1LyngJSTcJCPQHx\/OHB7+\/PzaMS\/OLS\/vLijrLSjSAADaNTPwLyjkKSbNJCbYISHPHB\/KGB7WAAD7+vrn3d3aKynTKCjoLCfsKifRGh\/YAADq5+fhjo7QNDXXKCfmJyXt5+fTLzDLLi\/QKivYHRvMGBrQJCXLISPMExXLDxLaEAvkkI\/bOTfaFQ\/SCgpvLcnHAAAAmnRSTlMA+vv7+gT9Bvf9+8z8\/NSv\/Pr5+P7++vnQIBMP\/v38\/Pn348XDiCYf9OjbzcqxXVcx\/fz8+\/rj1r2poo1+fXFqX0orGP7+\/v7+\/fz8+\/r68uzn4trIxsG\/vri3p6GcmZSNbWVYUUZEPQv+\/f39+\/v7+\/v7+vr64tvV1NTTz87FtbSurqeblJKFg4B3bUY+NjL7+\/v7+\/v67t1cDo8JLQAABkRJREFUWMO0kz9rwkAYh0OIeJkum6YugUAhISCdKoj\/P4C7SMdS+gEKIhSKil10LSg4mzXkILdlEpxCpwTiWOLX6BujvQaEQuGeHLnL+\/64J+SIcKGYTYWnntpdLjrVdqvZmNdn0+EE40GtpuuWVS6Xx6N7YDSGpWXpeq02wHgynM7q80az1a52HpddtVcpsi1zFARBrdaxbhp9iUReTGmwA4KAAr7vx3EYejnCMI6hQYEgy0LQi4jUN0wL19vqFcUC9\/1dAKmEEFkWRYkh5oBejnxQJiSJPJ\/uKBp0Thszx9Mw8hMRIQjKsptCfuES9zr5WJY6vSFCIvE9fCMUmEM1A1kSXcYGxgVYsvI1IPKTZciSTI0us\/SMGG04gDzELDoFBwdcFJrF88dqgYMTiL6DILWYyfOWE8\/kIz38olCNlC03FK95+imxp6y4oUSvAnBjHHhKNtotSDqJzVFiK8c2SBqhZtsrTtgrLXwAyduxZHNE26eHUt5rtuM4WSmds3G+sUdWYo1L+XyxButoh5eKUHk5lByO3G1LqqCWVnfrv\/lyPtf\/4ps1cndNGIri8J1TJ0lx6dR\/oPjq1nbRwdp2dCk4CtIOLW3pVKRL6WZfS5vF2KkIQhpwSsjiYIgNCs1gEMGqiIq24NQX9NwoXFy8Ufrl3twTcg4fv8T9\/JBEySduj6Mjm4bMzYV7EEOxKjjoNDud7yY3Dy71Hq2oLmqfbNR723edH9PgMrNL2utoQ3VmaIDkiw\/4w51P06hlZsTZvkRrbVuSIs\/zwSOsycgzStQouoAkWQqioRT5XI7n2Z1wfVhoZmcAJLsoqjqpjbWCgpOAJXBwHK8PzWbNvoUZJND5wCnSkLAkZ1legx6vqQzjoiTahKlGUGLAiIIoABOHaNVw4sexZBym6\/HWlH5h3IC7yRbxtipcWxdTOkORKiNQAEkFf66x5S2oeRbroOlLgg0sSYkR0hRGEqJZ0jTPiQKatESdBckpWigxaapEH0lImHdWu9pUFF2XqMNM2Z4kped7IwEJw2qabwtrQqnpw6HyKkgcadKWsmpywwesDyIhYRpdzXddqegtGIJlXbAIUMOLkGxJUjRIkokwjUaX9d\/kK62ps\/tYUqZLIMkLTyBhsMZ3C5Z\/kDxOSCb\/DOs\/\/J0qcWSX\/2ipe56EgTCA4\/cB7NAYOsni4mZM1MUPAISoEwkDi4lhVBQ1cWQyIcwalw4EpqZN68JUSK7XC0kTlkLYii5uXSC8jT5ncCAS7mjCv0uHp\/3lueHEEAeQ\/\/VgmdN71\/2uCSA1Xr6DO6uI6sW56zqT2tp2PhgiRUAajV8CY2fkcz6WGNKMgLAt7tJAhD4YHMTeRxlALE6+43WqjSWi8ITxyJl8WrwWSNESQZZOqhDDntO3hJLsd5RtSpbJqdv3YrDJH3F7jL1R2O2aQkn2MyCyKYz0GPGIvSAMgBCrCEiJyKbBaYGwLW4uPRr0A0M4Ux5kUI7IBh+hMdiCEWNqhMZGyYMsOgNE58UQuEQeUnSWCMYwL54hkxK6IoqucQZbQ3pc3XtL0lky1dL0zZJJDpWJovFqpWj6JEHnyam2eQp5QRVAVHjWparTOaVwUOx99YS2MvgxIGV0bb+qIg2HX2qkFFJB+XZcbLiuRkuxD9GRroKyveLxdh4d7Orx+hb7qc3uVRuEogCOnyIxm4ubUoPgF4jianDrC+SDQDKEfJb0GUKmjCGPYHGJvVC6X4hw1\/sAfQAdfYyephIaspXe36RwOP+Ljvfx9B6B3i+Nk0DGq+oCbLn6JpBa9nWAveAIHwFAwtVcIJXPMPL8kRu5OAYPMaL1WScTxjiZDqB9LTJSWphow\/pTYKRTLjCBhvi9iBidvKcDasGSm0QQkycYuLBqj6QCELPctqChDWpTRMWkngNNpQ1Pfp1KkiT\/Y0DGffXAweUNfLAfaJFKDwhb6I+bkYRbkERoEeu3Fyjg2opMz2daZCS9jt6Q7txNfB+OZEVF6Zl5web2xunnLQrtrjXseXKaFYziYINeMFZVxS9VxRhOoesYwxPKXm+gWLG9cuFeq93UNNeJNsf1KlwuDok9n02n3TgIJpOxNfL9naIoQwXtfH9kjceTIIi709ncTg6LZbg+biLH1V6u\/7rxBem06VXKn9raAAAAAElFTkSuQmCC\")      no-repeat center center \/ contain;  }  @media screen and (max-width: 960px) and (orientation: portrait) {    .logo {      width: 100%;    }    .logo .pc-banner {      display: none;    }    .logo .m-banner {      display: block;      width: 100%;    }    .logo .m-banner img {      height: auto!important;    }    .ytvideo {      height: 200px;      width: 100%;    }  }<\/style><style>  .video-section {    width: 100%;    margin: 0 auto;  }  .video-section > img {    width: 100%;  }  .video-section iframe,  .video-section video {    width: 100%;    height: 100%;      }  .video-section-img-m,  .video-section-img-pc > img {    width: 100%;    height: auto;  }  .video-section-img-pc.small > img {    width: 970px;  }  .video-desc {    line-height: 1.5;    font-size: 20px;    font-weight: 400;    margin: 20px 0;    text-align: center;    color: #0f1111;    word-break: break-word;  }  @media screen and (max-width: 960px) and (orientation: portrait) {    .video-section {      width: 100%;    }    .video-section-pc,    .video-section-img-pc {      display: none;    }    .video-section-m,    .video-section-img-m {      display: block;    }    .video-desc {      font-size: 15px;    }  }  @media screen and (min-width: 960px) {    .video-section {      width: 100%;      margin: 0 auto;    }    .video-section-pc,    .video-section-img-pc {      display: block;    }    .video-section-m,    .video-section-img-m {      display: none;    }    .video-desc {      font-size: 20px;    }  }<\/style><style>  .section + .section {    margin-top: 35px;  }  .section-title {    text-align: center;    font-weight: bold;    color: #0d1111;    font-family: \"Arial\";    font-size: 32px;    margin: 15px 0;  }  .section-title:empty {    display: none;  }  .section-desc {    text-align: center;    font-weight: normal;    color: #0d1111;    margin-top: 20px;  }  .section-desc:empty {    display: none;  }  .section-img {    width: 1200px;    height: 492px;    margin: 0 auto;    display: block;  }  .section-img.small {    width: 970px;    height: auto;  }  .section-img.small > img {    height: auto;  }  .section-img > img {    width: 100%;    height: 100%;  }  .section-mobile-img {    display: none;    max-width: 100vw;    max-height: 75vw;    height: 450px;    margin: 0 auto;  }  .section-mobile-img > img {    width: 100%;    height: 100%;  }  @media screen and (max-width: 960px) and (orientation: portrait) {    .container {      width: 100%;    }    .container.small {      width: 100%;    }    .section-mobile-img {      display: block;    }    .section-img {      display: none;    }    .section-title {      font-size: 22px;      margin: 10px 0;    }    .section-desc {      margin-top: 10px;    }    .section + .section {      margin-top: 20px;    }  }<\/style><\/head><body><div class=\"container small\"><div class=\"logo\"><div class=\"pc-banner small\"><div><img decoding=\"async\" src=\"\/vevor\/vevor\/boutique-banner\/pc\/en-pc@1x.jpg\" style=\"width: 100%;\" \/><\/div><\/div><div class=\"m-banner\"><div><img decoding=\"async\" src=\"\/vevor\/vevor\/boutique-banner\/mobile\/en-m@1x.jpg\" style=\"width: 100%;\" \/><\/div><\/div><\/div><div class=\"section-title\">Atminties Putos ir Pluo\u0161to U\u017epildyti \u010ciu\u017einys Lova Topper<\/div><div class=\"video-section\"><div class=\"video-section-img-pc small\"><img decoding=\"async\" src=\"\/vevor\/product\/DHYCDZ6080INB13V8\/mattress-topper-a100-1.4-pt.jpg\" \/><\/div><div class=\"video-section-img-m\"><img decoding=\"async\" src=\"\/vevor\/product\/DHYCDZ6080INB13V8\/mattress-topper-a100-1.4-pt.jpg\" \/><\/div><div class=\"section-desc\">M\u016bs\u0173 \u010diu\u017einys topper yra pagamintas i\u0161 auk\u0161tos kokyb\u0117s pliu\u0161as atminties kempine ir poliesterio pluo\u0161to audinio. Ji gali pad\u0117ti k\u016bno. Specialiai papildomas au\u0161inimo gelio med\u017eiagos pad\u0117s jums atv\u0117sti ir patogiai miego metu. Jungiam\u0105j\u0105 topper ir naktiniai ki\u0161en\u0117je dizainas padarys j\u016bs\u0173 valymo lengviau.<\/div><\/div><div class=\"section\"><div class=\"section-title\"><\/div><div class=\"section-img small\"><img decoding=\"async\" src=\"\/vevor\/product\/DHYCDZ6080INB13V8\/mattress-topper-a100-2.2-pt.jpg\" \/><\/div><div class=\"section-mobile-img\"><img decoding=\"async\" src=\"\/vevor\/product\/DHYCDZ6080INB13V8\/mattress-topper-a100-2.2-pt.jpg\" \/><\/div><div class=\"section-desc\">Kiekvienas sluoksnis yra meistri\u0161kai su kv\u0117puojantis, auk\u0161tos kokyb\u0117s med\u017eiag\u0173, siekiant skatinti oro srautas ir wick atokiau dr\u0117gm\u0117s. M\u016bs\u0173 \u010diu\u017einys topper priduria, au\u0161inimo gelio i\u0161laikyti dalyk\u0173 atv\u0117sti, tod\u0117l idealiai tinka kar\u0161to pab\u0117giai, ypa\u010d vasar\u0105, tod\u0117l galite likti sausas ir pails\u0117j\u0119 vis\u0105 nakt\u012f.<\/div><\/div><div class=\"section\"><div class=\"section-title\"><\/div><div class=\"section-img small\"><img decoding=\"async\" src=\"\/vevor\/product\/DHYCDZ6080INB13V8\/mattress-topper-a100-2.3-pt.jpg\" \/><\/div><div class=\"section-mobile-img\"><img decoding=\"async\" src=\"\/vevor\/product\/DHYCDZ6080INB13V8\/mattress-topper-a100-2.3-pt.jpg\" \/><\/div><div class=\"section-desc\">M\u016bs\u0173 \u010diu\u017einys lova topper yra ergonomi\u0161kai suprojektuoti, kad tilpt\u0173 savo k\u016bno, ji suteikia pritaikytos skirting\u0173 sri\u010di\u0173, tolygiai paskirstyti spaudim\u0105 ma\u017einti nuovarg\u012f ir apsaugoti j\u016bs\u0173 stubur\u0105. M\u0117gaukit\u0117s gilus, ramus miegas kiekvien\u0105 nakt\u012f.<\/div><\/div><div class=\"section\"><div class=\"section-title\"><\/div><div class=\"section-img small\"><img decoding=\"async\" src=\"\/vevor\/product\/DHYCDZ6080INB13V8\/mattress-topper-a100-2.4-pt.jpg\" \/><\/div><div class=\"section-mobile-img\"><img decoding=\"async\" src=\"\/vevor\/product\/DHYCDZ6080INB13V8\/mattress-topper-a100-2.4-pt.jpg\" \/><\/div><div class=\"section-desc\">\u012e nuimamas sluoksnis su 360\u00b0 elastin\u0117s juostos daro valymo v\u0117jas. Tiesiog i\u0161pakuokite, nuimti \u010diu\u017einys topper, i\u0161mesti j\u012f \u012f skalbimo ma\u0161in\u0105, ir i\u0161laikyti savo lova gaivus ir \u0161varus.<\/div><\/div><div class=\"section\"><div class=\"section-title\"><\/div><div class=\"section-img small\"><img decoding=\"async\" src=\"\/vevor\/product\/DHYCDZ6080INB13V8\/mattress-topper-a100-2.5-pt.jpg\" \/><\/div><div class=\"section-mobile-img\"><img decoding=\"async\" src=\"\/vevor\/product\/DHYCDZ6080INB13V8\/mattress-topper-a100-2.5-pt.jpg\" \/><\/div><div class=\"section-desc\">M\u016bs\u0173 \u010diu\u017einys lova topper veikia bet \u010diu\u017einys! Nesvarbu, ar j\u016bs\u0173 \u010diu\u017einys yra per kietas, per mink\u0161tas, senus, arba tamsintas, tai topper akimirksniu paver\u010dia j\u012f \u012f idealiai patogi lova. Sukurti ideal\u0173 miego vieta jums ir j\u016bs\u0173 \u0161eimai!<\/div><\/div><div class=\"section\"><div class=\"section-img small\"><img decoding=\"async\" src=\"\/vevor\/product\/DHYCDZ6080INB13V8\/mattress-topper-a100-1.11-pt.jpg\" \/><\/div><div class=\"section-mobile-img\"><img decoding=\"async\" src=\"\/vevor\/product\/DHYCDZ6080INB13V8\/mattress-topper-a100-1.11-pt.jpg\" \/><\/div><\/div><\/div><\/body><\/html><\/div>\n<div class=\"DM_at-title\" id=\"js-DM_at-title\"> <div>Produkto specifikacija<\/div> <i class=\"icon-arrowup_line\"><\/i> <\/div><div class=\"DM_at-goodsDescAttr\" id=\"js-DM_at-goodsDescAttr\"> <div class=\"DM_at-goodsDescAttrInner\"> <dl class=\"goodsDesc_item goodsDesc_item_even\"> <dt>Prek\u0117s Modelio Numeris<\/dt> <dd> 6080B13<\/dd> <\/dl> <dl class=\"goodsDesc_item\"> <dt>Tipas<\/dt> <dd> 3&#034; Karalien\u0117 Atminties Put\u0173 \u010ciu\u017einys Topper (su Sijonu)<\/dd> <\/dl> <dl class=\"goodsDesc_item goodsDesc_item_even\"> <dt>Storis<\/dt> <dd> 2&#034; + 1&#034; \/ 50,8 mm + 25.4 mm<\/dd> <\/dl> <dl class=\"goodsDesc_item\"> <dt>Med\u017eiaga<\/dt> <dd> Pliu\u0161inis Atminties Putos + Pluo\u0161to U\u017epildyti<\/dd> <\/dl> <dl class=\"goodsDesc_item goodsDesc_item_even\"> <dt>Sluoksnis<\/dt> <dd> M\u0117lynas Gelis Atminties Putos<\/dd> <\/dl> <dl class=\"goodsDesc_item\"> <dt>Tinka \u010ciu\u017einio Auk\u0161tis<\/dt> <dd> 8&#034;-21&#034; \/ 203.2 mm-533.4 mm<\/dd> <\/dl> <dl class=\"goodsDesc_item goodsDesc_item_even\"> <dt>Dydis<\/dt> <dd> 60&#034; x 80&#034; \/ 1524 mm x 2032 mm<\/dd> <\/dl> <dl class=\"goodsDesc_item\"> <dt>Neto Svoris<\/dt> <dd> 15.54 svar\u0173 \/ 7.05 kg<\/dd> <\/dl> <\/div> <\/div>","protected":false},"excerpt":{"rendered":"<ul>\n<li> Prabangus Komfortas Patirtis: Patirtis pliu\u0161inis jaustis premium atminties putos ir pluo\u0161to u\u017epildyti, kad lepina j\u016bs\u0173 od\u0105. M\u016bs\u0173 \u010diu\u017einys lova topper turi didelio tankio put\u0173 oro ki\u0161en\u0117s. Tod\u0117l j\u016bs galite m\u0117gautis orui, o 3&#034; \/ 76.2 mm storis suteikia tik teis\u0119 parama. Atnaujinti savo sen\u0105 \u010diu\u017ein\u012f, mink\u0161tina tuos, kurie yra per firma, ar tiesiog prat\u0119sti savo gyvenim\u0105. <\/li>\n<li> Au\u0161inimo Gelio Technologij\u0105, Med\u017eiagos: M\u016bs\u0173 \u010diu\u017einys topper funkcijos \u0161aldymo gelis-suleid\u017eiama med\u017eiagos, kurios padeda valdyti \u0161ilumos ir wick atokiau dr\u0117gm\u0117s, reikia u\u017etikrinti, kad b\u016bt\u0173 sustabdyti atv\u0117sti ir patog\u016bs vis\u0105 nakt\u012f. <\/li>\n<li> Patobulintas Komfort\u0105 Miego: M\u016bs\u0173 \u010diu\u017einys lova topper Suprojektuoti, kad tilpt\u0173 j\u016bs\u0173 k\u016bno kreiv\u0117s, tai formos palengvina spaudim\u0105 ta\u0161k\u0173 giliai atsipalaiduoti. L\u0117tai riko\u0161etas atminties putos prisitaiko prie savo form\u0105, pad\u0117ti palengvinti diskomfort\u0105 ir remti gamtos stuburo derinim\u0105, sukurti ideali\u0105 miego aplink\u0105. <\/li>\n<li> Paprasta plauti ir r\u016bpintis: M\u016bs\u0173 \u010diu\u017einio antgalis su nuimamu, ma\u0161inoje plaunamu liejiniu i\u0161laiko \u0161var\u0105 yra v\u0117jas. M\u0117gaukit\u0117s \u0161vie\u017eia, sveika miegam\u0105ja erdve savo \u0161eimai! M\u016bs\u0173 \u010diu\u017einio lovos antgalis su auk\u0161tos kokyb\u0117s atminties putomis i\u0161laiko form\u0105 ir atram\u0105 net po plovimo, u\u017etikrindamas ilgaam\u017ei\u0161kum\u0105 daugel\u012f met\u0173. <\/li>\n<li> Prakti\u0161kas saugojimas ir be netvarkos: m\u016bs\u0173 \u010diu\u017einio antgalis su nuimama galv\u016bgalio ki\u0161ene puikiai tinka telefonams, nuotolinio valdymo pultams, akiniams ir kt. sutalpinti, kad j\u016bs\u0173 lova b\u016bt\u0173 netvarki. Su lengvomis mygtuk\u0173 jungtimis galite j\u012f sumontuoti arba atjungti spragtel\u0117jimu. Be to, 360\u00b0 elastinis dir\u017eelis u\u017etikrina tvirt\u0105 prigludim\u0105, suma\u017eina jud\u0117jim\u0105 ir koreguoja praeit\u012f. <\/li>\n<\/ul>","protected":false},"featured_media":349849,"comment_status":"closed","ping_status":"open","template":"","meta":{"om_disable_all_campaigns":false,"_monsterinsights_skip_tracking":false,"_monsterinsights_sitenote_active":false,"_monsterinsights_sitenote_note":"","_monsterinsights_sitenote_category":0,"_uf_show_specific_survey":0,"_uf_disable_surveys":false},"location":[1935,1934],"product_brand":[21],"product_cat":[4542,2637,4639],"product_tag":[],"class_list":{"0":"post-56796","1":"product","2":"type-product","3":"status-publish","4":"has-post-thumbnail","6":"location-supplier_stock_location","7":"location-local_stock_location","8":"product_brand-vevor","9":"product_cat-bedding-home-decor","10":"product_cat-home-decor","11":"product_cat-mattress-toppers","13":"first","14":"instock","15":"taxable","16":"shipping-taxable","17":"purchasable","18":"product-type-simple"},"aioseo_notices":[],"jetpack_sharing_enabled":true,"locations":[{"id":1935,"name":"Pieg\u0101d\u0101t\u0101ja noliktav\u0101 (5-7d.d.)","slug":"supplier_stock_location","quantity":"21"},{"id":1934,"name":"R\u012bgas veikal\u0101 (0-2d.d.)","slug":"local_stock_location","quantity":"0"}],"_links":{"self":[{"href":"https:\/\/vevorshop.lv\/lt\/wp-json\/wp\/v2\/product\/56796","targetHints":{"allow":["GET"]}}],"collection":[{"href":"https:\/\/vevorshop.lv\/lt\/wp-json\/wp\/v2\/product"}],"about":[{"href":"https:\/\/vevorshop.lv\/lt\/wp-json\/wp\/v2\/types\/product"}],"replies":[{"embeddable":true,"href":"https:\/\/vevorshop.lv\/lt\/wp-json\/wp\/v2\/comments?post=56796"}],"wp:featuredmedia":[{"embeddable":true,"href":"https:\/\/vevorshop.lv\/lt\/wp-json\/wp\/v2\/media\/349849"}],"wp:attachment":[{"href":"https:\/\/vevorshop.lv\/lt\/wp-json\/wp\/v2\/media?parent=56796"}],"wp:term":[{"taxonomy":"location","embeddable":true,"href":"https:\/\/vevorshop.lv\/lt\/wp-json\/wp\/v2\/location?post=56796"},{"taxonomy":"product_brand","embeddable":true,"href":"https:\/\/vevorshop.lv\/lt\/wp-json\/wp\/v2\/product_brand?post=56796"},{"taxonomy":"product_cat","embeddable":true,"href":"https:\/\/vevorshop.lv\/lt\/wp-json\/wp\/v2\/product_cat?post=56796"},{"taxonomy":"product_tag","embeddable":true,"href":"https:\/\/vevorshop.lv\/lt\/wp-json\/wp\/v2\/product_tag?post=56796"}],"curies":[{"name":"wp","href":"https:\/\/api.w.org\/{rel}","templated":true}]}}