{"id":57908,"date":"2024-12-06T12:31:19","date_gmt":"2024-12-06T12:31:19","guid":{"rendered":"https:\/\/vevorshop.lv\/en_us\/Prece\/vevor-heavy-duty-cargo-net-4-75-x-6-145-cm-x-183-cm-1500-lbs-load-capacity-adjustable-buckles-s-hooks-for-trucks-and-trailers\/"},"modified":"2026-04-06T09:53:05","modified_gmt":"2026-04-06T06:53:05","slug":"vevor-heavy-duty-cargo-net-4-75-x-6-145-cm-x-183-cm-1500-lbs-load-capacity-adjustable-buckles-s-hooks-for-trucks-and-trailers","status":"publish","type":"product","link":"https:\/\/vevorshop.lv\/lt\/Prece\/vevor-sunkiuju-kroviniu-tinklas-4-75-x-6-145-cm-x-183-cm-1500-lbs-apkrovos-talpa-reguliuojamos-sagtys-s-kabliai-sunkvezimiams-ir-priekaboms\/","title":{"rendered":"VEVOR sunki\u0173j\u0173 krovini\u0173 tinklas 183\u00d7145 cm, 1500 svar\u0173 apkrova, reguliuojami dir\u017eeliai, S formos kabliukai ir karabinai sunkve\u017eimiams, visureigiams, d\u017eipams, val\u010diai"},"content":{"rendered":"<div style=\"color: #fff!important; font-size: 16px; height: 24px; line-height: 24px; margin-top: -24px; \" class=\"product_original_name\">VEVOR krovininis tinklas, 72 x 57 coli\u0173, sunkiasvori\u0173 sunkve\u017eimi\u0173 krovininis tinklas sunkve\u017eimi\u0173 lovai, 4 reguliuojami dir\u017eeliai su karabinais ir S formos kabliukais, atspar\u016bs dilimui ir atspar\u016bs oro s\u0105lygoms, tinkami pasiimti, sunkve\u017eimiams, d\u017eipams, visureigiams, val\u010diai<\/div>\n<div style=\"color: #fff!important; font-size: 16px; height: 24px; line-height: 24px; margin-top: -24px; \" class=\"product_sku\">M4I4MNWU<\/div>\n<div style=\"color: #fff!important; font-size: 16px; height: 24px; line-height: 24px; margin-top: -24px; \" class=\"product_mpn\">HWGDWYMESHWFU6DXVV0<\/div><div id=\"js-DM_at-goodDescRich\"><html><head><style>  body {    font-family: Arial;    line-height: 1.5;    color: #1c1c1c;    overflow-x: hidden;    margin: 0;    padding: 0;  }  .MsoNormal b {    font-weight: bolder;  }<\/style><style>  .container.small {    width: 970px;    margin: 0 auto;  }  .logo {    margin: 0 auto 0;  }  .logo img {    display: block;    margin: 0 auto;    max-width: 100%;  }  .logo .pc-banner {    display: block;    width: 1200px;    height: 247.4px;    margin: 0 auto;  }  .logo .pc-banner.small {    width: 970px;  }  .logo .pc-banner.small img {    height: auto!important;  }  .logo .m-banner {    display: none;  }  .ytvideo {    position: relative;    height: 546px;    width: 100%;    margin: 0 auto;  }  .ytvideo img {    width: 100%;    margin: 0 auto;  }  .ytvideo .play-btn {    width: 60px;    height: 42px;    position: absolute;    top: 50%;    left: 50%;    transform: translate(-50%, -50%);    background: url(\"data:image\/png;base64,iVBORw0KGgoAAAANSUhEUgAAAGQAAABGCAMAAAANWMFbAAAC+lBMVEUAAADBGB3kLCfBGB3kLCfcJC7BFx3KKSbiKybkLCbWJCPSIiLSIiLPICHAFx3kLCfgKSXNHiDZJiTIGx\/p4eHcjo7LHSDbJyTkLCbjKyfOHyHPIiL28fHJHB\/GGh7EGR7eKCXDGB3RISHlLSbBGB3AFxzGHB7DGB7BGB3hKybkKybAFx3lLCfAFxzDGR3hKibDGB7cJyTmz8\/elJTlwcHjurrUIyLlLSflLSfAFx3DGR7lLSfCFx3hKibhKibhKybjKybkLCblLSfbJSX49vbx7e3NNzjNMTLMJyjVIyLZf3\/ZQ0LaeHjx0tLgoqLkLCfCGB3HGx\/BGB3BFx3PICHCGB7WJCLOHyC\/Fxy\/Fx3lLCfQISHkLSe\/FxzbJiTBFx3FGx\/AGB7BFx3EGR7AGB3HHSDfKiXAFh3TISHYNzbhKibbJyTTIiL57e325+f039\/v2NjUV1fOHiHiqanfmprch4feKSXVIyPOICHmLibFGh\/mLSe\/Fx7XJCPeKSXXJSPNHyHaJyTGGh7lLCbmLCflLSjSIiLkLCbdKSXLHiC\/GB3KHh++Fh3lKyfoLiXcKCPkx8fYb2\/XaGfVXl3aU1LLHiDksbHgKibPICHbJyTfKSXbJyTCGB3KHSDiKybFGh7TIiL\/\/\/\/VIyPRISHIHB\/GGx\/HHB\/DGR7gKibdKCXLHiDZJiTMHiDNHyHYJSTOICHPICHWJCPcKCXXJSPjLCblLCf+\/f3NGR\/uLijzLynPGR\/IGB7WISHaIyLLGh7UAADxLynNAADRLzDbICLQAADIAAD3MCrUHSHXMTDpKSbLAADp5OTij4\/ejo\/VLy\/1LyngJSTcJCPQHx\/OHB7+\/PzaMS\/OLS\/vLijrLSjSAADaNTPwLyjkKSbNJCbYISHPHB\/KGB7WAAD7+vrn3d3aKynTKCjoLCfsKifRGh\/YAADq5+fhjo7QNDXXKCfmJyXt5+fTLzDLLi\/QKivYHRvMGBrQJCXLISPMExXLDxLaEAvkkI\/bOTfaFQ\/SCgpvLcnHAAAAmnRSTlMA+vv7+gT9Bvf9+8z8\/NSv\/Pr5+P7++vnQIBMP\/v38\/Pn348XDiCYf9OjbzcqxXVcx\/fz8+\/rj1r2poo1+fXFqX0orGP7+\/v7+\/fz8+\/r68uzn4trIxsG\/vri3p6GcmZSNbWVYUUZEPQv+\/f39+\/v7+\/v7+vr64tvV1NTTz87FtbSurqeblJKFg4B3bUY+NjL7+\/v7+\/v67t1cDo8JLQAABkRJREFUWMO0kz9rwkAYh0OIeJkum6YugUAhISCdKoj\/P4C7SMdS+gEKIhSKil10LSg4mzXkILdlEpxCpwTiWOLX6BujvQaEQuGeHLnL+\/64J+SIcKGYTYWnntpdLjrVdqvZmNdn0+EE40GtpuuWVS6Xx6N7YDSGpWXpeq02wHgynM7q80az1a52HpddtVcpsi1zFARBrdaxbhp9iUReTGmwA4KAAr7vx3EYejnCMI6hQYEgy0LQi4jUN0wL19vqFcUC9\/1dAKmEEFkWRYkh5oBejnxQJiSJPJ\/uKBp0Thszx9Mw8hMRIQjKsptCfuES9zr5WJY6vSFCIvE9fCMUmEM1A1kSXcYGxgVYsvI1IPKTZciSTI0us\/SMGG04gDzELDoFBwdcFJrF88dqgYMTiL6DILWYyfOWE8\/kIz38olCNlC03FK95+imxp6y4oUSvAnBjHHhKNtotSDqJzVFiK8c2SBqhZtsrTtgrLXwAyduxZHNE26eHUt5rtuM4WSmds3G+sUdWYo1L+XyxButoh5eKUHk5lByO3G1LqqCWVnfrv\/lyPtf\/4ps1cndNGIri8J1TJ0lx6dR\/oPjq1nbRwdp2dCk4CtIOLW3pVKRL6WZfS5vF2KkIQhpwSsjiYIgNCs1gEMGqiIq24NQX9NwoXFy8Ufrl3twTcg4fv8T9\/JBEySduj6Mjm4bMzYV7EEOxKjjoNDud7yY3Dy71Hq2oLmqfbNR723edH9PgMrNL2utoQ3VmaIDkiw\/4w51P06hlZsTZvkRrbVuSIs\/zwSOsycgzStQouoAkWQqioRT5XI7n2Z1wfVhoZmcAJLsoqjqpjbWCgpOAJXBwHK8PzWbNvoUZJND5wCnSkLAkZ1legx6vqQzjoiTahKlGUGLAiIIoABOHaNVw4sexZBym6\/HWlH5h3IC7yRbxtipcWxdTOkORKiNQAEkFf66x5S2oeRbroOlLgg0sSYkR0hRGEqJZ0jTPiQKatESdBckpWigxaapEH0lImHdWu9pUFF2XqMNM2Z4kped7IwEJw2qabwtrQqnpw6HyKkgcadKWsmpywwesDyIhYRpdzXddqegtGIJlXbAIUMOLkGxJUjRIkokwjUaX9d\/kK62ps\/tYUqZLIMkLTyBhsMZ3C5Z\/kDxOSCb\/DOs\/\/J0qcWSX\/2ipe56EgTCA4\/cB7NAYOsni4mZM1MUPAISoEwkDi4lhVBQ1cWQyIcwalw4EpqZN68JUSK7XC0kTlkLYii5uXSC8jT5ncCAS7mjCv0uHp\/3lueHEEAeQ\/\/VgmdN71\/2uCSA1Xr6DO6uI6sW56zqT2tp2PhgiRUAajV8CY2fkcz6WGNKMgLAt7tJAhD4YHMTeRxlALE6+43WqjSWi8ITxyJl8WrwWSNESQZZOqhDDntO3hJLsd5RtSpbJqdv3YrDJH3F7jL1R2O2aQkn2MyCyKYz0GPGIvSAMgBCrCEiJyKbBaYGwLW4uPRr0A0M4Ux5kUI7IBh+hMdiCEWNqhMZGyYMsOgNE58UQuEQeUnSWCMYwL54hkxK6IoqucQZbQ3pc3XtL0lky1dL0zZJJDpWJovFqpWj6JEHnyam2eQp5QRVAVHjWparTOaVwUOx99YS2MvgxIGV0bb+qIg2HX2qkFFJB+XZcbLiuRkuxD9GRroKyveLxdh4d7Orx+hb7qc3uVRuEogCOnyIxm4ubUoPgF4jianDrC+SDQDKEfJb0GUKmjCGPYHGJvVC6X4hw1\/sAfQAdfYyephIaspXe36RwOP+Ljvfx9B6B3i+Nk0DGq+oCbLn6JpBa9nWAveAIHwFAwtVcIJXPMPL8kRu5OAYPMaL1WScTxjiZDqB9LTJSWphow\/pTYKRTLjCBhvi9iBidvKcDasGSm0QQkycYuLBqj6QCELPctqChDWpTRMWkngNNpQ1Pfp1KkiT\/Y0DGffXAweUNfLAfaJFKDwhb6I+bkYRbkERoEeu3Fyjg2opMz2daZCS9jt6Q7txNfB+OZEVF6Zl5web2xunnLQrtrjXseXKaFYziYINeMFZVxS9VxRhOoesYwxPKXm+gWLG9cuFeq93UNNeJNsf1KlwuDok9n02n3TgIJpOxNfL9naIoQwXtfH9kjceTIIi709ncTg6LZbg+biLH1V6u\/7rxBem06VXKn9raAAAAAElFTkSuQmCC\")      no-repeat center center \/ contain;  }  @media screen and (max-width: 960px) and (orientation: portrait) {    .logo {      width: 100%;    }    .logo .pc-banner {      display: none;    }    .logo .m-banner {      display: block;      width: 100%;    }    .logo .m-banner img {      height: auto!important;    }    .ytvideo {      height: 200px;      width: 100%;    }  }<\/style><style>  .video-section {    width: 100%;    margin: 0 auto;  }  .video-section > img {    width: 100%;  }  .video-section iframe,  .video-section video {    width: 100%;    height: 100%;      }  .video-section-img-m,  .video-section-img-pc > img {    width: 100%;    height: auto;  }  .video-section-img-pc.small > img {    width: 970px;  }  .video-desc {    line-height: 1.5;    font-size: 20px;    font-weight: 400;    margin: 20px 0;    text-align: center;    color: #0f1111;    word-break: break-word;  }  @media screen and (max-width: 960px) and (orientation: portrait) {    .video-section {      width: 100%;    }    .video-section-pc,    .video-section-img-pc {      display: none;    }    .video-section-m,    .video-section-img-m {      display: block;    }    .video-desc {      font-size: 15px;    }  }  @media screen and (min-width: 960px) {    .video-section {      width: 100%;      margin: 0 auto;    }    .video-section-pc,    .video-section-img-pc {      display: block;    }    .video-section-m,    .video-section-img-m {      display: none;    }    .video-desc {      font-size: 20px;    }  }<\/style><style>  .section + .section {    margin-top: 35px;  }  .section-title {    text-align: center;    font-weight: bold;    color: #0d1111;    font-family: \"Arial\";    font-size: 32px;    margin: 15px 0;  }  .section-title:empty {    display: none;  }  .section-desc {    text-align: center;    font-weight: normal;    color: #0d1111;    margin-top: 20px;  }  .section-desc:empty {    display: none;  }  .section-img {    width: 1200px;    height: 492px;    margin: 0 auto;    display: block;  }  .section-img.small {    width: 970px;    height: auto;  }  .section-img.small > img {    height: auto;  }  .section-img > img {    width: 100%;    height: 100%;  }  .section-mobile-img {    display: none;    max-width: 100vw;    max-height: 75vw;    height: 450px;    margin: 0 auto;  }  .section-mobile-img > img {    width: 100%;    height: 100%;  }  @media screen and (max-width: 960px) and (orientation: portrait) {    .container {      width: 100%;    }    .container.small {      width: 100%;    }    .section-mobile-img {      display: block;    }    .section-img {      display: none;    }    .section-title {      font-size: 22px;      margin: 10px 0;    }    .section-desc {      margin-top: 10px;    }    .section + .section {      margin-top: 20px;    }  }<\/style><\/head><body><div class=\"container small\"><div class=\"logo\"><div class=\"pc-banner small\"><div><img decoding=\"async\" src=\"\/vevor\/vevor\/boutique-banner\/pc\/en-pc@1x.jpg\" style=\"width: 100%;\" \/><\/div><\/div><div class=\"m-banner\"><div><img decoding=\"async\" src=\"\/vevor\/vevor\/boutique-banner\/mobile\/en-m@1x.jpg\" style=\"width: 100%;\" \/><\/div><\/div><\/div><div class=\"section-title\">VEVOR 72&#034; x 57&#034; Krovini\u0173 Neto: Keliamoji galia Iki 1500 svar\u0173<\/div><div class=\"video-section\"><div class=\"video-section-img-pc small\"><img decoding=\"async\" src=\"\/vevor\/product\/HWGDWYMESHWFU6DXV\/cargo-net-a100-1.4-pt.jpg\" \/><\/div><div class=\"video-section-img-m\"><img decoding=\"async\" src=\"\/vevor\/product\/HWGDWYMESHWFU6DXV\/cargo-net-a100-1.4-pt.jpg\" \/><\/div><div class=\"section-desc\">VEVOR krovini\u0173 tinklo keliamoji galia yra iki 1500 svar\u0173, kuris skirtas sunkiems kroviniams pakrauti, tod\u0117l n\u0117ra joki\u0173 r\u016bpes\u010di\u0173, ar judate, ar siun\u010diate.<\/div><\/div><div class=\"section\"><div class=\"section-title\"><\/div><div class=\"section-img small\"><img decoding=\"async\" src=\"\/vevor\/product\/HWGDWYMESHWFU6DXV\/cargo-net-a100-2.2-pt.jpg\" \/><\/div><div class=\"section-mobile-img\"><img decoding=\"async\" src=\"\/vevor\/product\/HWGDWYMESHWFU6DXV\/cargo-net-a100-2.2-pt.jpg\" \/><\/div><div class=\"section-desc\">M\u016bs\u0173 sunki\u0173j\u0173 krovini\u0173 ju yra pagamintas i\u0161 auk\u0161tos kokyb\u0117s poliesterio med\u017eiagos, 1.5&#034; plotis austiniai dir\u017eai yra trigubas sustiprintas siekiant suteikti daugiau stabilios ir patikimos krovos paj\u0117gumus.<\/div><\/div><div class=\"section\"><div class=\"section-title\"><\/div><div class=\"section-img small\"><img decoding=\"async\" src=\"\/vevor\/product\/HWGDWYMESHWFU6DXV\/cargo-net-a100-2.3-pt.jpg\" \/><\/div><div class=\"section-mobile-img\"><img decoding=\"async\" src=\"\/vevor\/product\/HWGDWYMESHWFU6DXV\/cargo-net-a100-2.3-pt.jpg\" \/><\/div><div class=\"section-desc\">M\u016bs\u0173 sunkve\u017eimis krovini\u0173 ju yra \u012frengta 12, ner\u016bdijan\u010dio plieno, D-\u017eiedai, ir keli tvirtinimo ta\u0161kai suteikia ma\u017eesni\u0173 tvirtinimo kampai pagal form\u0105 krovini\u0173. Be to, reguliuojamas teleskopinis dir\u017eeliai iki 59&#034; ilgio saug\u0173 krovinio pagal \u012fkandimas multi-pavar\u0173 sagtys.<\/div><\/div><div class=\"section\"><div class=\"section-title\"><\/div><div class=\"section-img small\"><img decoding=\"async\" src=\"\/vevor\/product\/HWGDWYMESHWFU6DXV\/cargo-net-a100-2.4-pt.jpg\" \/><\/div><div class=\"section-mobile-img\"><img decoding=\"async\" src=\"\/vevor\/product\/HWGDWYMESHWFU6DXV\/cargo-net-a100-2.4-pt.jpg\" \/><\/div><div class=\"section-desc\">5.5&#034; x 5.5&#034; akies m\u016bs\u0173 krovini\u0173 gryn\u0173j\u0173 form\u0173 stora akies strukt\u016bra apima didelis daikt\u0173, toki\u0173 kaip \u0161aldytuvai, baga\u017eo ir kt. Prabangiau aki\u0173 gali i\u0161vengti kritimo smulki\u0173 daikt\u0173.<\/div><\/div><div class=\"section\"><div class=\"section-title\"><\/div><div class=\"section-img small\"><img decoding=\"async\" src=\"\/vevor\/product\/HWGDWYMESHWFU6DXV\/cargo-net-a100-2.5-pt.jpg\" \/><\/div><div class=\"section-mobile-img\"><img decoding=\"async\" src=\"\/vevor\/product\/HWGDWYMESHWFU6DXV\/cargo-net-a100-2.5-pt.jpg\" \/><\/div><div class=\"section-desc\">Naudokite S-kabliai pried\u0173 prid\u0117ti krovini\u0173 grynasis transporto priemon\u0117s, jokios kitos priemon\u0117s yra reikalingos. Sunkve\u017eimio lova krovini\u0173 ju tinka sunkve\u017eimi\u0173, priekab\u0173, pa\u0117mimas, Visureigi\u0173, d\u017eip\u0173 ir net laivus \u012f saug\u0173 daikt\u0173.<\/div><\/div><div class=\"section\"><div class=\"section-img small\"><img decoding=\"async\" src=\"\/vevor\/product\/HWGDWYMESHWFU6DXV\/cargo-net-a100-1.11-pt.jpg\" \/><\/div><div class=\"section-mobile-img\"><img decoding=\"async\" src=\"\/vevor\/product\/HWGDWYMESHWFU6DXV\/cargo-net-a100-1.11-pt.jpg\" \/><\/div><\/div><\/div><\/body><\/html><\/div>\n<div class=\"DM_at-title\" id=\"js-DM_at-title\"> <div>Produkto specifikacija<\/div> <i class=\"icon-arrowup_line\"><\/i> <\/div><div class=\"DM_at-goodsDescAttr\" id=\"js-DM_at-goodsDescAttr\"> <div class=\"DM_at-goodsDescAttrInner\"> <dl class=\"goodsDesc_item goodsDesc_item_even\"> <dt>Prek\u0117s Modelio Numeris<\/dt> <dd> PLCN0072<\/dd> <\/dl> <dl class=\"goodsDesc_item\"> <dt>Krovini\u0173 Ju Dydis<\/dt> <dd> 72 x 57 \/ 1830 x 1450 mm<\/dd> <\/dl> <dl class=\"goodsDesc_item goodsDesc_item_even\"> <dt>Skyl\u0117s Dydis<\/dt> <dd> 5.5 x 5.5 \/ 140 x 140 mm<\/dd> <\/dl> <dl class=\"goodsDesc_item\"> <dt>S-Kablys Dydis<\/dt> <dd> 4.1 x 1.6 \/ 105 x 40 mm<\/dd> <\/dl> <dl class=\"goodsDesc_item goodsDesc_item_even\"> <dt>Karabinai Dydis<\/dt> <dd> 3.9 x 1,9 \/ 99 x 47 mm<\/dd> <\/dl> <dl class=\"goodsDesc_item\"> <dt>Med\u017eiaga<\/dt> <dd> Poliesterio Juostos +, Ner\u016bdijan\u010dio Plieno, D-\u017eiedai 12 vnt<\/dd> <\/dl> <dl class=\"goodsDesc_item goodsDesc_item_even\"> <dt>Maksimalus Tempimo Paj\u0117gumas Ju<\/dt> <dd> 1500 svar\u0173 \/ 680 kg<\/dd> <\/dl> <dl class=\"goodsDesc_item\"> <dt>Reguliuojamas Dir\u017eelio Dydis<\/dt> <dd> 13 - 59 \/ 330 - 1500 mm<\/dd> <\/dl> <dl class=\"goodsDesc_item goodsDesc_item_even\"> <dt>Produkto Svoris<\/dt> <dd> 10.1 kg \/ 4,6 kg<\/dd> <\/dl> <dl class=\"goodsDesc_item\"> <dt>Gaminio Matmenys<\/dt> <dd> 76 x 61 x 0,5 in \/ 1930 x 1550 x 12 mm (Visi\u0161kai I\u0161pl\u0117stas)<\/dd> <\/dl> <dl class=\"goodsDesc_item goodsDesc_item_even\"> <dt>S-Kablys, Vidinio \u017diedo Skersmuo<\/dt> <dd> 0.1 in \/ 30 mm<\/dd> <\/dl> <\/div> <\/div>","protected":false},"excerpt":{"rendered":"<ul>\n<li> Keliamoji galia Iki 1500 svar\u0173: 4.75&#039; x 6&#039; sunki\u0173j\u0173 krovini\u0173 ju yra labiau tinka trumpi sunkve\u017eimio lova \u012fkelti sunki\u0173j\u0173 pakrautiems, naudojant auk\u0161tos kokyb\u0117s poliesterio med\u017eiagos, oro \u012frodymo ir dilimui atsparus. 1.5&#034; plotis austiniai dir\u017eai yra trigubas sustiprintas, siekiant suma\u017einti nusid\u0117v\u0117jim\u0105 sukelia ilgalaikis tempimo ir pailginti tarnavimo laik\u0105. <\/li>\n<li> Multi Tvirtinimo Ta\u0161k\u0173, Lankstus Reguliavimas: krovini\u0173 ju su 13&#034; \u2013 59&#034; reguliuojamas teleskopinis dir\u017eeliai ir 12, ner\u016bdijan\u010dio plieno, D-\u017eiedai leid\u017eia lanks\u010diai pritaikyti tvirtinimo ta\u0161ko paklausos, u\u017etikrinti, kad krovini\u0173 ju gali tilpti \u012fvairi\u0173 dyd\u017ei\u0173 ir form\u0173, kurios idealiai tinka sunki\u0173j\u0173 arba nereguliarus krovinius naudoti. <\/li>\n<li> Stora Aki\u0173 Apsauga: VEVOR sunkve\u017eimi\u0173 krovini\u0173 ju priima platus ir plok\u0161\u010dias akies strukt\u016bra, dizainas, siekiant i\u0161vengti tangling ir knotting, kurie gali perdanga \u012fvairi\u0173 didelius krovinius. Ma\u017e\u0173 skylu\u010di\u0173, kuri\u0173 galima i\u0161vengti kritimo smulki\u0173 daikt\u0173, teikti platesn\u0119 apsaug\u0105. <\/li>\n<li> Lengvas Montavimas d\u0117l \u012evairi\u0173 Transporto priemoni\u0173: Naudojant 4 S-kabliai priedai prisijungti transporto priemon\u0117s, j\u016bs galite lengvai u\u017etikrinti krovini\u0173 ju \u012fvairi\u0173 transporto priemoni\u0173 naudojimo, nesvarbu, ar tai sunkve\u017eimis, priekaba, pikapas, visureigis, SUV ar net valtis. (Patarimas: \u012fsitikinkite, kad j\u016bs jau u\u017esitikrino, var\u017etais, kai\u0161\u010diais arba d\u0117l savo transporto priemon\u0117s!) <\/li>\n<li> K\u0105 J\u016bs Gausite: pakuot\u0117je yra 1 baga\u017ein\u0117s ju, 4 reguliuojamos teleskopin\u0117s dir\u017eeliai (kiekvienas su 1 karabinai ir 1 S-kablys), ir 1 poliesterio krep\u0161ys, kuris gali patenkinti j\u016bs\u0173 \u012fvairi\u0173 naudojimo poreikius. <\/li>\n<\/ul>","protected":false},"featured_media":354761,"comment_status":"closed","ping_status":"open","template":"","meta":{"om_disable_all_campaigns":false,"_monsterinsights_skip_tracking":false,"_monsterinsights_sitenote_active":false,"_monsterinsights_sitenote_note":"","_monsterinsights_sitenote_category":0,"_uf_show_specific_survey":0,"_uf_disable_surveys":false},"location":[1935,1934],"product_brand":[21],"product_cat":[133,2497,4690],"product_tag":[],"class_list":{"0":"post-57908","1":"product","2":"type-product","3":"status-publish","4":"has-post-thumbnail","6":"location-supplier_stock_location","7":"location-local_stock_location","8":"product_brand-vevor","9":"product_cat-automotive","10":"product_cat-cargo-carriers","11":"product_cat-cargo-nets","13":"first","14":"instock","15":"taxable","16":"shipping-taxable","17":"purchasable","18":"product-type-simple"},"aioseo_notices":[],"jetpack_sharing_enabled":true,"locations":[{"id":1935,"name":"Pieg\u0101d\u0101t\u0101ja noliktav\u0101 (5-7d.d.)","slug":"supplier_stock_location","quantity":"3"},{"id":1934,"name":"R\u012bgas veikal\u0101 (0-2d.d.)","slug":"local_stock_location","quantity":"0"}],"_links":{"self":[{"href":"https:\/\/vevorshop.lv\/lt\/wp-json\/wp\/v2\/product\/57908","targetHints":{"allow":["GET"]}}],"collection":[{"href":"https:\/\/vevorshop.lv\/lt\/wp-json\/wp\/v2\/product"}],"about":[{"href":"https:\/\/vevorshop.lv\/lt\/wp-json\/wp\/v2\/types\/product"}],"replies":[{"embeddable":true,"href":"https:\/\/vevorshop.lv\/lt\/wp-json\/wp\/v2\/comments?post=57908"}],"wp:featuredmedia":[{"embeddable":true,"href":"https:\/\/vevorshop.lv\/lt\/wp-json\/wp\/v2\/media\/354761"}],"wp:attachment":[{"href":"https:\/\/vevorshop.lv\/lt\/wp-json\/wp\/v2\/media?parent=57908"}],"wp:term":[{"taxonomy":"location","embeddable":true,"href":"https:\/\/vevorshop.lv\/lt\/wp-json\/wp\/v2\/location?post=57908"},{"taxonomy":"product_brand","embeddable":true,"href":"https:\/\/vevorshop.lv\/lt\/wp-json\/wp\/v2\/product_brand?post=57908"},{"taxonomy":"product_cat","embeddable":true,"href":"https:\/\/vevorshop.lv\/lt\/wp-json\/wp\/v2\/product_cat?post=57908"},{"taxonomy":"product_tag","embeddable":true,"href":"https:\/\/vevorshop.lv\/lt\/wp-json\/wp\/v2\/product_tag?post=57908"}],"curies":[{"name":"wp","href":"https:\/\/api.w.org\/{rel}","templated":true}]}}