{"id":61860,"date":"2024-12-14T12:24:17","date_gmt":"2024-12-14T12:24:17","guid":{"rendered":"https:\/\/vevorshop.lv\/en_us\/Prece\/vevor-fireproof-laser-engraver-enclosure-122-x-80-x-50-cm-48-x-31-5-x-19-6-in-with-smoke-isolation-and-led-lighting\/"},"modified":"2026-04-19T21:48:39","modified_gmt":"2026-04-19T18:48:39","slug":"vevor-fireproof-laser-engraver-enclosure-122-x-80-x-50-cm-48-x-31-5-x-19-6-in-with-smoke-isolation-and-led-lighting","status":"publish","type":"product","link":"https:\/\/vevorshop.lv\/lt\/Prece\/vevor-fireproof-laser-engraver-enclosure-122-x-80-x-50-cm-48-x-31-5-x-19-6-in-with-smoke-isolation-and-led-lighting\/","title":{"rendered":"VEVOR lazerinio graviravimo d\u0117\u017e\u0117 1219x800x500 mm, ugniai atsparus gaubtas su i\u0161traukimo ventiliatoriumi, sulankstomas ir izoliuotas nuo triuk\u0161mo"},"content":{"rendered":"<div style=\"color: #fff!important; font-size: 16px; height: 24px; line-height: 24px; margin-top: -24px; \" class=\"product_original_name\">VEVOR Laser Engraver Enclosure, 1219 x 800 x 500 mm(48 x 31.5 x 19.6\"), Dual-Direction Viewing, Flame Retardant and Fireproof Protective Cover, with Exhaust Fan and Pipe, Insulates Smoke, Noise and Eye Protection<\/div>\n<div style=\"color: #fff!important; font-size: 16px; height: 24px; line-height: 24px; margin-top: -24px; \" class=\"product_sku\">M4O4VOIY<\/div>\n<div style=\"color: #fff!important; font-size: 16px; height: 24px; line-height: 24px; margin-top: -24px; \" class=\"product_mpn\">JGDKJBHZJGDKGK9YFV9<\/div><div id=\"js-DM_at-goodDescRich\"><html><head><style>  body {    font-family: Arial;    line-height: 1.5;    color: #1c1c1c;    overflow-x: hidden;    margin: 0;    padding: 0;  }  .MsoNormal b {    font-weight: bolder;  }<\/style><style>  .container.small {    width: 970px;    margin: 0 auto;  }  .logo {    margin: 0 auto 0;  }  .logo img {    display: block;    margin: 0 auto;    max-width: 100%;  }  .logo .pc-banner {    display: block;    width: 1200px;    height: 247.4px;    margin: 0 auto;  }  .logo .pc-banner.small {    width: 970px;  }  .logo .pc-banner.small img {    height: auto!important;  }  .logo .m-banner {    display: none;  }  .ytvideo {    position: relative;    height: 546px;    width: 100%;    margin: 0 auto;  }  .ytvideo img {    width: 100%;    margin: 0 auto;  }  .ytvideo .play-btn {    width: 60px;    height: 42px;    position: absolute;    top: 50%;    left: 50%;    transform: translate(-50%, -50%);    background: url(\"data:image\/png;base64,iVBORw0KGgoAAAANSUhEUgAAAGQAAABGCAMAAAANWMFbAAAC+lBMVEUAAADBGB3kLCfBGB3kLCfcJC7BFx3KKSbiKybkLCbWJCPSIiLSIiLPICHAFx3kLCfgKSXNHiDZJiTIGx\/p4eHcjo7LHSDbJyTkLCbjKyfOHyHPIiL28fHJHB\/GGh7EGR7eKCXDGB3RISHlLSbBGB3AFxzGHB7DGB7BGB3hKybkKybAFx3lLCfAFxzDGR3hKibDGB7cJyTmz8\/elJTlwcHjurrUIyLlLSflLSfAFx3DGR7lLSfCFx3hKibhKibhKybjKybkLCblLSfbJSX49vbx7e3NNzjNMTLMJyjVIyLZf3\/ZQ0LaeHjx0tLgoqLkLCfCGB3HGx\/BGB3BFx3PICHCGB7WJCLOHyC\/Fxy\/Fx3lLCfQISHkLSe\/FxzbJiTBFx3FGx\/AGB7BFx3EGR7AGB3HHSDfKiXAFh3TISHYNzbhKibbJyTTIiL57e325+f039\/v2NjUV1fOHiHiqanfmprch4feKSXVIyPOICHmLibFGh\/mLSe\/Fx7XJCPeKSXXJSPNHyHaJyTGGh7lLCbmLCflLSjSIiLkLCbdKSXLHiC\/GB3KHh++Fh3lKyfoLiXcKCPkx8fYb2\/XaGfVXl3aU1LLHiDksbHgKibPICHbJyTfKSXbJyTCGB3KHSDiKybFGh7TIiL\/\/\/\/VIyPRISHIHB\/GGx\/HHB\/DGR7gKibdKCXLHiDZJiTMHiDNHyHYJSTOICHPICHWJCPcKCXXJSPjLCblLCf+\/f3NGR\/uLijzLynPGR\/IGB7WISHaIyLLGh7UAADxLynNAADRLzDbICLQAADIAAD3MCrUHSHXMTDpKSbLAADp5OTij4\/ejo\/VLy\/1LyngJSTcJCPQHx\/OHB7+\/PzaMS\/OLS\/vLijrLSjSAADaNTPwLyjkKSbNJCbYISHPHB\/KGB7WAAD7+vrn3d3aKynTKCjoLCfsKifRGh\/YAADq5+fhjo7QNDXXKCfmJyXt5+fTLzDLLi\/QKivYHRvMGBrQJCXLISPMExXLDxLaEAvkkI\/bOTfaFQ\/SCgpvLcnHAAAAmnRSTlMA+vv7+gT9Bvf9+8z8\/NSv\/Pr5+P7++vnQIBMP\/v38\/Pn348XDiCYf9OjbzcqxXVcx\/fz8+\/rj1r2poo1+fXFqX0orGP7+\/v7+\/fz8+\/r68uzn4trIxsG\/vri3p6GcmZSNbWVYUUZEPQv+\/f39+\/v7+\/v7+vr64tvV1NTTz87FtbSurqeblJKFg4B3bUY+NjL7+\/v7+\/v67t1cDo8JLQAABkRJREFUWMO0kz9rwkAYh0OIeJkum6YugUAhISCdKoj\/P4C7SMdS+gEKIhSKil10LSg4mzXkILdlEpxCpwTiWOLX6BujvQaEQuGeHLnL+\/64J+SIcKGYTYWnntpdLjrVdqvZmNdn0+EE40GtpuuWVS6Xx6N7YDSGpWXpeq02wHgynM7q80az1a52HpddtVcpsi1zFARBrdaxbhp9iUReTGmwA4KAAr7vx3EYejnCMI6hQYEgy0LQi4jUN0wL19vqFcUC9\/1dAKmEEFkWRYkh5oBejnxQJiSJPJ\/uKBp0Thszx9Mw8hMRIQjKsptCfuES9zr5WJY6vSFCIvE9fCMUmEM1A1kSXcYGxgVYsvI1IPKTZciSTI0us\/SMGG04gDzELDoFBwdcFJrF88dqgYMTiL6DILWYyfOWE8\/kIz38olCNlC03FK95+imxp6y4oUSvAnBjHHhKNtotSDqJzVFiK8c2SBqhZtsrTtgrLXwAyduxZHNE26eHUt5rtuM4WSmds3G+sUdWYo1L+XyxButoh5eKUHk5lByO3G1LqqCWVnfrv\/lyPtf\/4ps1cndNGIri8J1TJ0lx6dR\/oPjq1nbRwdp2dCk4CtIOLW3pVKRL6WZfS5vF2KkIQhpwSsjiYIgNCs1gEMGqiIq24NQX9NwoXFy8Ufrl3twTcg4fv8T9\/JBEySduj6Mjm4bMzYV7EEOxKjjoNDud7yY3Dy71Hq2oLmqfbNR723edH9PgMrNL2utoQ3VmaIDkiw\/4w51P06hlZsTZvkRrbVuSIs\/zwSOsycgzStQouoAkWQqioRT5XI7n2Z1wfVhoZmcAJLsoqjqpjbWCgpOAJXBwHK8PzWbNvoUZJND5wCnSkLAkZ1legx6vqQzjoiTahKlGUGLAiIIoABOHaNVw4sexZBym6\/HWlH5h3IC7yRbxtipcWxdTOkORKiNQAEkFf66x5S2oeRbroOlLgg0sSYkR0hRGEqJZ0jTPiQKatESdBckpWigxaapEH0lImHdWu9pUFF2XqMNM2Z4kped7IwEJw2qabwtrQqnpw6HyKkgcadKWsmpywwesDyIhYRpdzXddqegtGIJlXbAIUMOLkGxJUjRIkokwjUaX9d\/kK62ps\/tYUqZLIMkLTyBhsMZ3C5Z\/kDxOSCb\/DOs\/\/J0qcWSX\/2ipe56EgTCA4\/cB7NAYOsni4mZM1MUPAISoEwkDi4lhVBQ1cWQyIcwalw4EpqZN68JUSK7XC0kTlkLYii5uXSC8jT5ncCAS7mjCv0uHp\/3lueHEEAeQ\/\/VgmdN71\/2uCSA1Xr6DO6uI6sW56zqT2tp2PhgiRUAajV8CY2fkcz6WGNKMgLAt7tJAhD4YHMTeRxlALE6+43WqjSWi8ITxyJl8WrwWSNESQZZOqhDDntO3hJLsd5RtSpbJqdv3YrDJH3F7jL1R2O2aQkn2MyCyKYz0GPGIvSAMgBCrCEiJyKbBaYGwLW4uPRr0A0M4Ux5kUI7IBh+hMdiCEWNqhMZGyYMsOgNE58UQuEQeUnSWCMYwL54hkxK6IoqucQZbQ3pc3XtL0lky1dL0zZJJDpWJovFqpWj6JEHnyam2eQp5QRVAVHjWparTOaVwUOx99YS2MvgxIGV0bb+qIg2HX2qkFFJB+XZcbLiuRkuxD9GRroKyveLxdh4d7Orx+hb7qc3uVRuEogCOnyIxm4ubUoPgF4jianDrC+SDQDKEfJb0GUKmjCGPYHGJvVC6X4hw1\/sAfQAdfYyephIaspXe36RwOP+Ljvfx9B6B3i+Nk0DGq+oCbLn6JpBa9nWAveAIHwFAwtVcIJXPMPL8kRu5OAYPMaL1WScTxjiZDqB9LTJSWphow\/pTYKRTLjCBhvi9iBidvKcDasGSm0QQkycYuLBqj6QCELPctqChDWpTRMWkngNNpQ1Pfp1KkiT\/Y0DGffXAweUNfLAfaJFKDwhb6I+bkYRbkERoEeu3Fyjg2opMz2daZCS9jt6Q7txNfB+OZEVF6Zl5web2xunnLQrtrjXseXKaFYziYINeMFZVxS9VxRhOoesYwxPKXm+gWLG9cuFeq93UNNeJNsf1KlwuDok9n02n3TgIJpOxNfL9naIoQwXtfH9kjceTIIi709ncTg6LZbg+biLH1V6u\/7rxBem06VXKn9raAAAAAElFTkSuQmCC\")      no-repeat center center \/ contain;  }  @media screen and (max-width: 960px) and (orientation: portrait) {    .logo {      width: 100%;    }    .logo .pc-banner {      display: none;    }    .logo .m-banner {      display: block;      width: 100%;    }    .logo .m-banner img {      height: auto!important;    }    .ytvideo {      height: 200px;      width: 100%;    }  }<\/style><style>  .video-section {    width: 100%;    margin: 0 auto;  }  .video-section > img {    width: 100%;  }  .video-section iframe,  .video-section video {    width: 100%;    height: 100%;      }  .video-section-img-m,  .video-section-img-pc > img {    width: 100%;    height: auto;  }  .video-section-img-pc.small > img {    width: 970px;  }  .video-desc {    line-height: 1.5;    font-size: 20px;    font-weight: 400;    margin: 20px 0;    text-align: center;    color: #0f1111;    word-break: break-word;  }  @media screen and (max-width: 960px) and (orientation: portrait) {    .video-section {      width: 100%;    }    .video-section-pc,    .video-section-img-pc {      display: none;    }    .video-section-m,    .video-section-img-m {      display: block;    }    .video-desc {      font-size: 15px;    }  }  @media screen and (min-width: 960px) {    .video-section {      width: 100%;      margin: 0 auto;    }    .video-section-pc,    .video-section-img-pc {      display: block;    }    .video-section-m,    .video-section-img-m {      display: none;    }    .video-desc {      font-size: 20px;    }  }<\/style><style>  .section + .section {    margin-top: 35px;  }  .section-title {    text-align: center;    font-weight: bold;    color: #0d1111;    font-family: \"Arial\";    font-size: 32px;    margin: 15px 0;  }  .section-title:empty {    display: none;  }  .section-desc {    text-align: center;    font-weight: normal;    color: #0d1111;    margin-top: 20px;  }  .section-desc:empty {    display: none;  }  .section-img {    width: 1200px;    height: 492px;    margin: 0 auto;    display: block;  }  .section-img.small {    width: 970px;    height: auto;  }  .section-img.small > img {    height: auto;  }  .section-img > img {    width: 100%;    height: 100%;  }  .section-mobile-img {    display: none;    max-width: 100vw;    max-height: 75vw;    height: 450px;    margin: 0 auto;  }  .section-mobile-img > img {    width: 100%;    height: 100%;  }  @media screen and (max-width: 960px) and (orientation: portrait) {    .container {      width: 100%;    }    .container.small {      width: 100%;    }    .section-mobile-img {      display: block;    }    .section-img {      display: none;    }    .section-title {      font-size: 22px;      margin: 10px 0;    }    .section-desc {      margin-top: 10px;    }    .section + .section {      margin-top: 20px;    }  }<\/style><\/head><body><div class=\"container small\"><div class=\"logo\"><div class=\"pc-banner small\"><div><img decoding=\"async\" src=\"\/vevor\/vevor\/boutique-banner\/pc\/en-pc@1x.jpg\" style=\"width: 100%;\" \/><\/div><\/div><div class=\"m-banner\"><div><img decoding=\"async\" src=\"\/vevor\/vevor\/boutique-banner\/mobile\/en-m@1x.jpg\" style=\"width: 100%;\" \/><\/div><\/div><\/div><div class=\"section-title\">VEVOR Dual steb\u0117jimo Lang\u0105, Sulankstomas Laser Cutting machine Talpyklos<\/div><div class=\"video-section\"><div class=\"video-section-img-pc small\"><img decoding=\"async\" src=\"\/vevor\/product\/JGDKJBHZJGDKGK9YF\/laser-engraver-enclosure-a100-1.4-pt.jpg\" \/><\/div><div class=\"video-section-img-m\"><img decoding=\"async\" src=\"\/vevor\/product\/JGDKJBHZJGDKGK9YF\/laser-engraver-enclosure-a100-1.4-pt.jpg\" \/><\/div><div class=\"section-desc\">Dual steb\u0117jimo lang\u0105 projektavimas palaiko multi-kampas steb\u0117senos graviravimo procesas, kuris veiksmingai izoliuoja d\u016bm\u0173 ir smarv\u0117, su antipireno savybi\u0173, d\u0117l didesnio saugumo. Built-in LED \u0161viesos, u\u017etikrina informacijos yra ai\u0161kiai matomi, ir \u012frengta priemon\u0117, saugojimo, lengvas valdymas.<\/div><\/div><div class=\"section\"><div class=\"section-title\"><\/div><div class=\"section-img small\"><img decoding=\"async\" src=\"\/vevor\/product\/JGDKJBHZJGDKGK9YF\/laser-engraver-enclosure-a100-2.2-pt.jpg\" \/><\/div><div class=\"section-mobile-img\"><img decoding=\"async\" src=\"\/vevor\/product\/JGDKJBHZJGDKGK9YF\/laser-engraver-enclosure-a100-2.2-pt.jpg\" \/><\/div><div class=\"section-desc\">Pasirinkti savo d\u016bm\u0173 i\u0161metimo vieta, lanks\u010diai, kad b\u016bt\u0173 u\u017etikrintas greitas d\u016bm\u0173 \u0161alinimo. Laser cutting machine talpyklos funkcijas, dviguba laido i\u0161vadui lengvai \u012frangos ry\u0161ys. Apsauginis dangtelis suteikia \u0161vari\u0105 ir saugi\u0105 darbo aplink\u0105, i\u0161laikyti visi\u0161kai u\u017edara j\u016bs\u0173 graviravimas proces\u0105.<\/div><\/div><div class=\"section\"><div class=\"section-title\"><\/div><div class=\"section-img small\"><img decoding=\"async\" src=\"\/vevor\/product\/JGDKJBHZJGDKGK9YF\/laser-engraver-enclosure-a100-2.3-pt.jpg\" \/><\/div><div class=\"section-mobile-img\"><img decoding=\"async\" src=\"\/vevor\/product\/JGDKJBHZJGDKGK9YF\/laser-engraver-enclosure-a100-2.3-pt.jpg\" \/><\/div><div class=\"section-desc\">\u012erengta 5W, 300LM LED \u0161viesos, laser cutting machine talpyklos \u017eymiai suma\u017eina klaid\u0173 d\u0117l netinkamo ap\u0161vietimo, u\u017etikrinti ai\u0161ki\u0105 metu. USB prievadas dizainas palengvina lengva ry\u0161io ir energijos tiekim\u0105.<\/div><\/div><div class=\"section\"><div class=\"section-title\"><\/div><div class=\"section-img small\"><img decoding=\"async\" src=\"\/vevor\/product\/JGDKJBHZJGDKGK9YF\/laser-engraver-enclosure-a100-2.4-pt.jpg\" \/><\/div><div class=\"section-mobile-img\"><img decoding=\"async\" src=\"\/vevor\/product\/JGDKJBHZJGDKGK9YF\/laser-engraver-enclosure-a100-2.4-pt.jpg\" \/><\/div><div class=\"section-desc\">Visi\u0161kai u\u017edara laser cutting machine talpyklos veiksmingai izoliuoja \u0161ilum\u0105, gars\u0105, ir smarv\u0117. Sumontuotas i\u0161traukiamasis ventiliatorius, si\u016blanti filtruojamas tinklelis, siekiant suma\u017einti rank\u0173 traum\u0173. Namin\u0117 PVC lang\u0173 konstrukcijos veiksmingai filtruoja m\u0117lynos \u0161viesos, didinti darbo komfort\u0105.<\/div><\/div><div class=\"section\"><div class=\"section-title\"><\/div><div class=\"section-img small\"><img decoding=\"async\" src=\"\/vevor\/product\/JGDKJBHZJGDKGK9YF\/laser-engraver-enclosure-a100-2.5-pt.jpg\" \/><\/div><div class=\"section-mobile-img\"><img decoding=\"async\" src=\"\/vevor\/product\/JGDKJBHZJGDKGK9YF\/laser-engraver-enclosure-a100-2.5-pt.jpg\" \/><\/div><div class=\"section-desc\">Tai laser cutting machine talpyklos yra suprojektuoti siekiant minimizuoti d\u016bm\u0173, triuk\u0161mo, dulki\u0173, ir smarv\u0117, sukurti sveik\u0105 ir \u0161vari\u0105 darbo aplink\u0105 vartotojams. Apsauginis dangtelis u\u017etikrina \u0161vie\u017eio oro \u012f savo darbo erdv\u0119, didina veiklos komfort\u0105 ir suteikia ramyb\u0119 kiekvien\u0105 dro\u017eyba sesijos.<\/div><\/div><div class=\"section\"><div class=\"section-img small\"><img decoding=\"async\" src=\"\/vevor\/product\/JGDKJBHZJGDKGK9YF\/laser-engraver-enclosure-a100-1.11-pt.jpg\" \/><\/div><div class=\"section-mobile-img\"><img decoding=\"async\" src=\"\/vevor\/product\/JGDKJBHZJGDKGK9YF\/laser-engraver-enclosure-a100-1.11-pt.jpg\" \/><\/div><\/div><\/div><\/body><\/html><\/div>\n<div class=\"DM_at-title\" id=\"js-DM_at-title\"> <div>Produkto specifikacija<\/div> <i class=\"icon-arrowup_line\"><\/i> <\/div><div class=\"DM_at-goodsDescAttr\" id=\"js-DM_at-goodsDescAttr\"> <div class=\"DM_at-goodsDescAttrInner\"> <dl class=\"goodsDesc_item goodsDesc_item_even\"> <dt>Prek\u0117s Modelio Numeris<\/dt> <dd> ZL-FHD-0027<\/dd> <\/dl> <dl class=\"goodsDesc_item\"> <dt>\u012etampa\/Galingumas<\/dt> <dd> DC5V 8W<\/dd> <\/dl> <dl class=\"goodsDesc_item goodsDesc_item_even\"> <dt>Gaminio Konfig\u016bracija<\/dt> <dd> Apsaugin\u012f Dangtel\u012f ir Ventiliatorius &amp; I\u0161metimo Vamzd\u017eio &amp; LED \u0160viesos<\/dd> <\/dl> <dl class=\"goodsDesc_item\"> <dt>I\u0161metimo Vamzd\u017eio Skersmuo<\/dt> <dd> \u03c63 \u012f\/76.2 mm<\/dd> <\/dl> <dl class=\"goodsDesc_item goodsDesc_item_even\"> <dt>I\u0161metimo Vamzd\u017eio Ilgis<\/dt> <dd> 78.74 in\/2 m<\/dd> <\/dl> <dl class=\"goodsDesc_item\"> <dt>Gaminio Med\u017eiaga<\/dt> <dd> PU Plastiko Akyti Lak\u0161tai &amp; 600D Oksfordo Audinys &amp; PC Lenta<\/dd> <\/dl> <dl class=\"goodsDesc_item goodsDesc_item_even\"> <dt>Neto Svoris<\/dt> <dd> 20.5 svar\u0173\/9.3 kg<\/dd> <\/dl> <dl class=\"goodsDesc_item\"> <dt>LED \u0160viesos Tipas<\/dt> <dd> 5W, 300LM<\/dd> <\/dl> <dl class=\"goodsDesc_item goodsDesc_item_even\"> <dt>Gaminio Matmenys<\/dt> <dd> 48 x 31.5 x 19,6\/1228 x 800 x 500 mm<\/dd> <\/dl> <dl class=\"goodsDesc_item\"> <dt>Per\u017ei\u016br\u0117ti Lang\u0173 Matmuo<\/dt> <dd> 25.2 x 12.2 \u012f\/640 x 310 mm, 25.2 x 6.9 \u012f\/640 x 175 mm<\/dd> <\/dl> <dl class=\"goodsDesc_item goodsDesc_item_even\"> <dt>\u012erankio Laikymui<\/dt> <dd> 2 x 19.69 \u012f\/500 mm Klij\u0173 U\u017etrauktuku Dir\u017eeliai<\/dd> <\/dl> <dl class=\"goodsDesc_item\"> <dt>Kabelio Jungtis<\/dt> <dd> 2 x USB Jungtis, 1 x Prietaisas Jungtis<\/dd> <\/dl> <\/div> <\/div>","protected":false},"excerpt":{"rendered":"<ul>\n<li> Didelio Dyd\u017eio, Labai Suderinama: Pakankamai interjero erdv\u0119: 48 x 31.5 x 9.6 \u012f\/1228 x 800 x 500 mm, suderinamas su daugeliu lazerio engravers rinkoje. Auk\u0161tesn\u0117 ir platesn\u0117, matmenys, pritaikytos tiek m\u0117g\u0117jai, ir profesionalai, u\u017etikrinti tinkam\u0105 tinka ir sklandaus. <\/li>\n<li> Izoliuoti d\u016bmai ir stenchas: visi\u0161kai u\u017edara konstrukcija u\u017etikrina, kad neb\u016bt\u0173 d\u016bm\u0173 nutek\u0117jimo. didel\u0117s spartos 4000 RPM ventiliatorius efektyviai pa\u0161alina d\u016bmus, triuk\u0161m\u0105, dulkes ir smarv\u0119, \u017eymiai pagerindamas patalp\u0173 oro kokyb\u0119. abiej\u0173 pusi\u0173 i\u0161metimo angos leid\u017eia lanks\u010diai i\u0161d\u0117styti. suteikite patogesn\u0119 graviravimo patirt\u012f. <\/li>\n<li> Realaus laiko &amp; Patogus steb\u0117jimas: gelsvai matymo langas filtruoja m\u0117lyn\u0105 ta\u0161k\u0105, leid\u017eiant\u012f patogiai steb\u0117ti vis\u0105 graviravimo proces\u0105 bet kuriuo metu. \u012fmontuota 5W LED \u0161viesa padeda matyti sud\u0117tingas detales blankioje aplinkoje, suma\u017einant veikimo klaidas. <\/li>\n<li> Optimizuotas Saugojimo Funkcij\u0105: skirtas efektyvumo ir patogumo, laser cutting machine talpyklos funkcijas, 19.69 \u012f\/500 mm U\u017etrauktuku juostel\u0117s ant kiekvienos pus\u0117s, si\u016blo daug saugojimo paj\u0117gumus. Reguliuojamas, kad tilpt\u0173 \u012fvairi\u0173 \u012franki\u0173 form\u0173. Kabinti dizainas yra lengva naudotis. <\/li>\n<li> Sulankstomas Dizainas: Rauk\u0161l\u0117s greitai, nereikia i\u0161 naujo \u012fdiegti. Laser cutting machine talpyklos yra lengvas ir lengvai atlikti, sutaupyti j\u016bs\u0173 brang\u0173 laik\u0105 ir ne prad\u0117jimo vietos. Idealiai tinka vartotojams, kuriems reikia imtis j\u012f da\u017enai, ar ma\u017eos studijos ir \u0161eimoms. <\/li>\n<\/ul>","protected":false},"featured_media":356483,"comment_status":"closed","ping_status":"open","template":"","meta":{"om_disable_all_campaigns":false,"_uf_show_specific_survey":0,"_uf_disable_surveys":false},"location":[1935,1934],"product_brand":[21],"product_cat":[2445,2446,2447,4719,2691],"product_tag":[],"class_list":{"0":"post-61860","1":"product","2":"type-product","3":"status-publish","4":"has-post-thumbnail","6":"location-supplier_stock_location","7":"location-local_stock_location","8":"product_brand-vevor","9":"product_cat-appliances","10":"product_cat-crafts-sewing","11":"product_cat-engraving-cutting","12":"product_cat-laser-engraver-enclosure","13":"product_cat-laser-engraving-machine-accessories","15":"first","16":"outofstock","17":"taxable","18":"shipping-taxable","19":"purchasable","20":"product-type-simple"},"aioseo_notices":[],"locations":[{"id":1935,"name":"Pieg\u0101d\u0101t\u0101ja noliktav\u0101 (5-7d.d.)","slug":"supplier_stock_location","quantity":"0"},{"id":1934,"name":"R\u012bgas veikal\u0101 (0-2d.d.)","slug":"local_stock_location","quantity":"0"}],"_links":{"self":[{"href":"https:\/\/vevorshop.lv\/lt\/wp-json\/wp\/v2\/product\/61860","targetHints":{"allow":["GET"]}}],"collection":[{"href":"https:\/\/vevorshop.lv\/lt\/wp-json\/wp\/v2\/product"}],"about":[{"href":"https:\/\/vevorshop.lv\/lt\/wp-json\/wp\/v2\/types\/product"}],"replies":[{"embeddable":true,"href":"https:\/\/vevorshop.lv\/lt\/wp-json\/wp\/v2\/comments?post=61860"}],"wp:featuredmedia":[{"embeddable":true,"href":"https:\/\/vevorshop.lv\/lt\/wp-json\/wp\/v2\/media\/356483"}],"wp:attachment":[{"href":"https:\/\/vevorshop.lv\/lt\/wp-json\/wp\/v2\/media?parent=61860"}],"wp:term":[{"taxonomy":"location","embeddable":true,"href":"https:\/\/vevorshop.lv\/lt\/wp-json\/wp\/v2\/location?post=61860"},{"taxonomy":"product_brand","embeddable":true,"href":"https:\/\/vevorshop.lv\/lt\/wp-json\/wp\/v2\/product_brand?post=61860"},{"taxonomy":"product_cat","embeddable":true,"href":"https:\/\/vevorshop.lv\/lt\/wp-json\/wp\/v2\/product_cat?post=61860"},{"taxonomy":"product_tag","embeddable":true,"href":"https:\/\/vevorshop.lv\/lt\/wp-json\/wp\/v2\/product_tag?post=61860"}],"curies":[{"name":"wp","href":"https:\/\/api.w.org\/{rel}","templated":true}]}}