{"id":62311,"date":"2024-12-19T00:23:03","date_gmt":"2024-12-19T00:23:03","guid":{"rendered":"https:\/\/vevorshop.lv\/en_us\/Prece\/vevor-magnetic-aluminum-socket-organizer-rail-set-3pcs-with-40-rotating-clips-for-1-4-6-35mm-3-8-9-53mm-and-1-2-12-7mm-drives\/"},"modified":"2026-04-19T21:31:33","modified_gmt":"2026-04-19T18:31:33","slug":"vevor-magnetic-aluminum-socket-organizer-rail-set-3pcs-with-40-rotating-clips-for-1-4-6-35mm-3-8-9-53mm-and-1-2-12-7mm-drives","status":"publish","type":"product","link":"https:\/\/vevorshop.lv\/lt\/Prece\/vevor-magnetic-aluminum-socket-organizer-rail-set-3pcs-with-40-rotating-clips-for-1-4-6-35mm-3-8-9-53mm-and-1-2-12-7mm-drives\/","title":{"rendered":"VEVOR 3 vnt. metrinis ir SAE galvu laikiklis, aliuminio b\u0117geliai su 360\u00b0 besisukan\u010diais spaustukais, talpina 40 galvu\u010di\u0173"},"content":{"rendered":"<div style=\"color: #fff!important; font-size: 16px; height: 24px; line-height: 24px; margin-top: -24px; \" class=\"product_original_name\">VEVOR Socket Organizer Rail Set, 3PCS Metric & SAE Aluminum Socket Organizers, 1\/4'', 3\/8'' & 1\/2'' Heavy-Duty Socket Holder with 360\u00b0 Rotating Clips for Tool Box, Hold up to 40 Sockets, Red & Black<\/div>\n<div style=\"color: #fff!important; font-size: 16px; height: 24px; line-height: 24px; margin-top: -24px; \" class=\"product_sku\">M4UKCY9L<\/div>\n<div style=\"color: #fff!important; font-size: 16px; height: 24px; line-height: 24px; margin-top: -24px; \" class=\"product_mpn\">TTJGDSHH3JTC5JFN1V0<\/div><div id=\"js-DM_at-goodDescRich\"><html><head><style>  body {    font-family: Arial;    line-height: 1.5;    color: #1c1c1c;    overflow-x: hidden;    margin: 0;    padding: 0;  }  .MsoNormal b {    font-weight: bolder;  }<\/style><style>  .container.small {    width: 970px;    margin: 0 auto;  }  .logo {    margin: 0 auto 0;  }  .logo img {    display: block;    margin: 0 auto;    max-width: 100%;  }  .logo .pc-banner {    display: block;    width: 1200px;    height: 247.4px;    margin: 0 auto;  }  .logo .pc-banner.small {    width: 970px;  }  .logo .pc-banner.small img {    height: auto!important;  }  .logo .m-banner {    display: none;  }  .ytvideo {    position: relative;    height: 546px;    width: 100%;    margin: 0 auto;  }  .ytvideo img {    width: 100%;    margin: 0 auto;  }  .ytvideo .play-btn {    width: 60px;    height: 42px;    position: absolute;    top: 50%;    left: 50%;    transform: translate(-50%, -50%);    background: url(\"data:image\/png;base64,iVBORw0KGgoAAAANSUhEUgAAAGQAAABGCAMAAAANWMFbAAAC+lBMVEUAAADBGB3kLCfBGB3kLCfcJC7BFx3KKSbiKybkLCbWJCPSIiLSIiLPICHAFx3kLCfgKSXNHiDZJiTIGx\/p4eHcjo7LHSDbJyTkLCbjKyfOHyHPIiL28fHJHB\/GGh7EGR7eKCXDGB3RISHlLSbBGB3AFxzGHB7DGB7BGB3hKybkKybAFx3lLCfAFxzDGR3hKibDGB7cJyTmz8\/elJTlwcHjurrUIyLlLSflLSfAFx3DGR7lLSfCFx3hKibhKibhKybjKybkLCblLSfbJSX49vbx7e3NNzjNMTLMJyjVIyLZf3\/ZQ0LaeHjx0tLgoqLkLCfCGB3HGx\/BGB3BFx3PICHCGB7WJCLOHyC\/Fxy\/Fx3lLCfQISHkLSe\/FxzbJiTBFx3FGx\/AGB7BFx3EGR7AGB3HHSDfKiXAFh3TISHYNzbhKibbJyTTIiL57e325+f039\/v2NjUV1fOHiHiqanfmprch4feKSXVIyPOICHmLibFGh\/mLSe\/Fx7XJCPeKSXXJSPNHyHaJyTGGh7lLCbmLCflLSjSIiLkLCbdKSXLHiC\/GB3KHh++Fh3lKyfoLiXcKCPkx8fYb2\/XaGfVXl3aU1LLHiDksbHgKibPICHbJyTfKSXbJyTCGB3KHSDiKybFGh7TIiL\/\/\/\/VIyPRISHIHB\/GGx\/HHB\/DGR7gKibdKCXLHiDZJiTMHiDNHyHYJSTOICHPICHWJCPcKCXXJSPjLCblLCf+\/f3NGR\/uLijzLynPGR\/IGB7WISHaIyLLGh7UAADxLynNAADRLzDbICLQAADIAAD3MCrUHSHXMTDpKSbLAADp5OTij4\/ejo\/VLy\/1LyngJSTcJCPQHx\/OHB7+\/PzaMS\/OLS\/vLijrLSjSAADaNTPwLyjkKSbNJCbYISHPHB\/KGB7WAAD7+vrn3d3aKynTKCjoLCfsKifRGh\/YAADq5+fhjo7QNDXXKCfmJyXt5+fTLzDLLi\/QKivYHRvMGBrQJCXLISPMExXLDxLaEAvkkI\/bOTfaFQ\/SCgpvLcnHAAAAmnRSTlMA+vv7+gT9Bvf9+8z8\/NSv\/Pr5+P7++vnQIBMP\/v38\/Pn348XDiCYf9OjbzcqxXVcx\/fz8+\/rj1r2poo1+fXFqX0orGP7+\/v7+\/fz8+\/r68uzn4trIxsG\/vri3p6GcmZSNbWVYUUZEPQv+\/f39+\/v7+\/v7+vr64tvV1NTTz87FtbSurqeblJKFg4B3bUY+NjL7+\/v7+\/v67t1cDo8JLQAABkRJREFUWMO0kz9rwkAYh0OIeJkum6YugUAhISCdKoj\/P4C7SMdS+gEKIhSKil10LSg4mzXkILdlEpxCpwTiWOLX6BujvQaEQuGeHLnL+\/64J+SIcKGYTYWnntpdLjrVdqvZmNdn0+EE40GtpuuWVS6Xx6N7YDSGpWXpeq02wHgynM7q80az1a52HpddtVcpsi1zFARBrdaxbhp9iUReTGmwA4KAAr7vx3EYejnCMI6hQYEgy0LQi4jUN0wL19vqFcUC9\/1dAKmEEFkWRYkh5oBejnxQJiSJPJ\/uKBp0Thszx9Mw8hMRIQjKsptCfuES9zr5WJY6vSFCIvE9fCMUmEM1A1kSXcYGxgVYsvI1IPKTZciSTI0us\/SMGG04gDzELDoFBwdcFJrF88dqgYMTiL6DILWYyfOWE8\/kIz38olCNlC03FK95+imxp6y4oUSvAnBjHHhKNtotSDqJzVFiK8c2SBqhZtsrTtgrLXwAyduxZHNE26eHUt5rtuM4WSmds3G+sUdWYo1L+XyxButoh5eKUHk5lByO3G1LqqCWVnfrv\/lyPtf\/4ps1cndNGIri8J1TJ0lx6dR\/oPjq1nbRwdp2dCk4CtIOLW3pVKRL6WZfS5vF2KkIQhpwSsjiYIgNCs1gEMGqiIq24NQX9NwoXFy8Ufrl3twTcg4fv8T9\/JBEySduj6Mjm4bMzYV7EEOxKjjoNDud7yY3Dy71Hq2oLmqfbNR723edH9PgMrNL2utoQ3VmaIDkiw\/4w51P06hlZsTZvkRrbVuSIs\/zwSOsycgzStQouoAkWQqioRT5XI7n2Z1wfVhoZmcAJLsoqjqpjbWCgpOAJXBwHK8PzWbNvoUZJND5wCnSkLAkZ1legx6vqQzjoiTahKlGUGLAiIIoABOHaNVw4sexZBym6\/HWlH5h3IC7yRbxtipcWxdTOkORKiNQAEkFf66x5S2oeRbroOlLgg0sSYkR0hRGEqJZ0jTPiQKatESdBckpWigxaapEH0lImHdWu9pUFF2XqMNM2Z4kped7IwEJw2qabwtrQqnpw6HyKkgcadKWsmpywwesDyIhYRpdzXddqegtGIJlXbAIUMOLkGxJUjRIkokwjUaX9d\/kK62ps\/tYUqZLIMkLTyBhsMZ3C5Z\/kDxOSCb\/DOs\/\/J0qcWSX\/2ipe56EgTCA4\/cB7NAYOsni4mZM1MUPAISoEwkDi4lhVBQ1cWQyIcwalw4EpqZN68JUSK7XC0kTlkLYii5uXSC8jT5ncCAS7mjCv0uHp\/3lueHEEAeQ\/\/VgmdN71\/2uCSA1Xr6DO6uI6sW56zqT2tp2PhgiRUAajV8CY2fkcz6WGNKMgLAt7tJAhD4YHMTeRxlALE6+43WqjSWi8ITxyJl8WrwWSNESQZZOqhDDntO3hJLsd5RtSpbJqdv3YrDJH3F7jL1R2O2aQkn2MyCyKYz0GPGIvSAMgBCrCEiJyKbBaYGwLW4uPRr0A0M4Ux5kUI7IBh+hMdiCEWNqhMZGyYMsOgNE58UQuEQeUnSWCMYwL54hkxK6IoqucQZbQ3pc3XtL0lky1dL0zZJJDpWJovFqpWj6JEHnyam2eQp5QRVAVHjWparTOaVwUOx99YS2MvgxIGV0bb+qIg2HX2qkFFJB+XZcbLiuRkuxD9GRroKyveLxdh4d7Orx+hb7qc3uVRuEogCOnyIxm4ubUoPgF4jianDrC+SDQDKEfJb0GUKmjCGPYHGJvVC6X4hw1\/sAfQAdfYyephIaspXe36RwOP+Ljvfx9B6B3i+Nk0DGq+oCbLn6JpBa9nWAveAIHwFAwtVcIJXPMPL8kRu5OAYPMaL1WScTxjiZDqB9LTJSWphow\/pTYKRTLjCBhvi9iBidvKcDasGSm0QQkycYuLBqj6QCELPctqChDWpTRMWkngNNpQ1Pfp1KkiT\/Y0DGffXAweUNfLAfaJFKDwhb6I+bkYRbkERoEeu3Fyjg2opMz2daZCS9jt6Q7txNfB+OZEVF6Zl5web2xunnLQrtrjXseXKaFYziYINeMFZVxS9VxRhOoesYwxPKXm+gWLG9cuFeq93UNNeJNsf1KlwuDok9n02n3TgIJpOxNfL9naIoQwXtfH9kjceTIIi709ncTg6LZbg+biLH1V6u\/7rxBem06VXKn9raAAAAAElFTkSuQmCC\")      no-repeat center center \/ contain;  }  @media screen and (max-width: 960px) and (orientation: portrait) {    .logo {      width: 100%;    }    .logo .pc-banner {      display: none;    }    .logo .m-banner {      display: block;      width: 100%;    }    .logo .m-banner img {      height: auto!important;    }    .ytvideo {      height: 200px;      width: 100%;    }  }<\/style><style>  .video-section {    width: 100%;    margin: 0 auto;  }  .video-section > img {    width: 100%;  }  .video-section iframe,  .video-section video {    width: 100%;    height: 100%;      }  .video-section-img-m,  .video-section-img-pc > img {    width: 100%;    height: auto;  }  .video-section-img-pc.small > img {    width: 970px;  }  .video-desc {    line-height: 1.5;    font-size: 20px;    font-weight: 400;    margin: 20px 0;    text-align: center;    color: #0f1111;    word-break: break-word;  }  @media screen and (max-width: 960px) and (orientation: portrait) {    .video-section {      width: 100%;    }    .video-section-pc,    .video-section-img-pc {      display: none;    }    .video-section-m,    .video-section-img-m {      display: block;    }    .video-desc {      font-size: 15px;    }  }  @media screen and (min-width: 960px) {    .video-section {      width: 100%;      margin: 0 auto;    }    .video-section-pc,    .video-section-img-pc {      display: block;    }    .video-section-m,    .video-section-img-m {      display: none;    }    .video-desc {      font-size: 20px;    }  }<\/style><style>  .section + .section {    margin-top: 35px;  }  .section-title {    text-align: center;    font-weight: bold;    color: #0d1111;    font-family: \"Arial\";    font-size: 32px;    margin: 15px 0;  }  .section-title:empty {    display: none;  }  .section-desc {    text-align: center;    font-weight: normal;    color: #0d1111;    margin-top: 20px;  }  .section-desc:empty {    display: none;  }  .section-img {    width: 1200px;    height: 492px;    margin: 0 auto;    display: block;  }  .section-img.small {    width: 970px;    height: auto;  }  .section-img.small > img {    height: auto;  }  .section-img > img {    width: 100%;    height: 100%;  }  .section-mobile-img {    display: none;    max-width: 100vw;    max-height: 75vw;    height: 450px;    margin: 0 auto;  }  .section-mobile-img > img {    width: 100%;    height: 100%;  }  @media screen and (max-width: 960px) and (orientation: portrait) {    .container {      width: 100%;    }    .container.small {      width: 100%;    }    .section-mobile-img {      display: block;    }    .section-img {      display: none;    }    .section-title {      font-size: 22px;      margin: 10px 0;    }    .section-desc {      margin-top: 10px;    }    .section + .section {      margin-top: 20px;    }  }<\/style><\/head><body><div class=\"container small\"><div class=\"logo\"><div class=\"pc-banner small\"><div><img decoding=\"async\" src=\"\/vevor\/vevor\/boutique-banner\/pc\/en-pc@1x.jpg\" style=\"width: 100%;\" \/><\/div><\/div><div class=\"m-banner\"><div><img decoding=\"async\" src=\"\/vevor\/vevor\/boutique-banner\/mobile\/en-m@1x.jpg\" style=\"width: 100%;\" \/><\/div><\/div><\/div><div class=\"section-title\">VEVOR Lizdas Organizatorius Gele\u017einkeli\u0173 Nustatyti 3PCS<\/div><div class=\"video-section\"><div class=\"video-section-img-pc small\"><img decoding=\"async\" src=\"\/vevor\/product\/TTJGDSHH3JTC5JFN1\/socket-organizer-set-a100-1.4-pt.jpg\" \/><\/div><div class=\"video-section-img-m\"><img decoding=\"async\" src=\"\/vevor\/product\/TTJGDSHH3JTC5JFN1\/socket-organizer-set-a100-1.4-pt.jpg\" \/><\/div><div class=\"section-desc\">VEVOR lizdas organizatorius gele\u017einkeli\u0173 nustatytas funkcijas, 360\u00b0 besisukantis \u012fra\u0161us lengvai \u012frankis pasiekti ir yra suderinamas su daugelio lizdas \u017eenklai, kad j\u016bs\u0173 darbo aplinka tvarkingas ir \u0161varus. Jo stiprus magnetinis pagrindas gali laikytis daug metalo pavir\u0161i\u0173, teikiant greitas ir ne\u0161iojam\u0173 setup efektyviau u\u017eduotis.<\/div><\/div><div class=\"section\"><div class=\"section-title\"><\/div><div class=\"section-img small\"><img decoding=\"async\" src=\"\/vevor\/product\/TTJGDSHH3JTC5JFN1\/socket-organizer-set-a100-2.2-pt.jpg\" \/><\/div><div class=\"section-mobile-img\"><img decoding=\"async\" src=\"\/vevor\/product\/TTJGDSHH3JTC5JFN1\/socket-organizer-set-a100-2.2-pt.jpg\" \/><\/div><div class=\"section-desc\">Keturiasde\u0161imt 360\u00b0 besisukantis \u012fra\u0161us ant b\u0117gio lizdo laikikl\u012f suteikia greit\u0105 prieig\u0105 i\u0161 bet kurio kampo, \u017eymiai didinant na\u0161um\u0105. Kamuolys spyruokles tinka \u012f lizd\u0105 skyles, i\u0161vengti lizdai nukristi d\u0117l vibracijos ar poveikio.<\/div><\/div><div class=\"section\"><div class=\"section-title\"><\/div><div class=\"section-img small\"><img decoding=\"async\" src=\"\/vevor\/product\/TTJGDSHH3JTC5JFN1\/socket-organizer-set-a100-2.3-pt.jpg\" \/><\/div><div class=\"section-mobile-img\"><img decoding=\"async\" src=\"\/vevor\/product\/TTJGDSHH3JTC5JFN1\/socket-organizer-set-a100-2.3-pt.jpg\" \/><\/div><div class=\"section-desc\">\u0160is lizdas organizatorius teikia stiprus magnetizmas d\u0117l baz\u0119, kuri tvirtai prisitvirtina prie metalinio pavir\u0161iaus, i\u0161laikant organizatorius stabili naudojimo metu. Gele\u017einkeli\u0173 lizdo d\u0117klas atlieka gerai, net \u012fd\u0117ti auk\u0161tyn kojom.<\/div><\/div><div class=\"section\"><div class=\"section-title\"><\/div><div class=\"section-img small\"><img decoding=\"async\" src=\"\/vevor\/product\/TTJGDSHH3JTC5JFN1\/socket-organizer-set-a100-2.4-pt.jpg\" \/><\/div><div class=\"section-mobile-img\"><img decoding=\"async\" src=\"\/vevor\/product\/TTJGDSHH3JTC5JFN1\/socket-organizer-set-a100-2.4-pt.jpg\" \/><\/div><div class=\"section-desc\">\u012e anoduoti, da\u017eyti aliuminio pavir\u0161iaus magnetinio lizdas gele\u017einkeli\u0173 si\u016blo eleganti\u0161k\u0105 i\u0161vaizd\u0105 ir didesn\u0117 apkrova nei plastiko. Aliuminio b\u0117gelis u\u017etikrina tiek patikimum\u0105 ir ilgaam\u017ei\u0161kum\u0105.<\/div><\/div><div class=\"section\"><div class=\"section-title\"><\/div><div class=\"section-img small\"><img decoding=\"async\" src=\"\/vevor\/product\/TTJGDSHH3JTC5JFN1\/socket-organizer-set-a100-2.5-pt.jpg\" \/><\/div><div class=\"section-mobile-img\"><img decoding=\"async\" src=\"\/vevor\/product\/TTJGDSHH3JTC5JFN1\/socket-organizer-set-a100-2.5-pt.jpg\" \/><\/div><div class=\"section-desc\">Idealus auto remonto dirbtuv\u0117s, gamybos patalpas, ir kitos technin\u0117s prie\u017ei\u016bros scenarijus, gele\u017einkeli\u0173 lizdo d\u0117klas saugiai prisitvirtina prie transporto priemon\u0117s ar ma\u0161inos, teikian\u010di\u0173 laikino darbo erdv\u0119 ir padidinti efektyvum\u0105.<\/div><\/div><div class=\"section\"><div class=\"section-img small\"><img decoding=\"async\" src=\"\/vevor\/product\/TTJGDSHH3JTC5JFN1\/socket-organizer-set-a100-1.11-pt.jpg\" \/><\/div><div class=\"section-mobile-img\"><img decoding=\"async\" src=\"\/vevor\/product\/TTJGDSHH3JTC5JFN1\/socket-organizer-set-a100-1.11-pt.jpg\" \/><\/div><\/div><\/div><\/body><\/html><\/div>\n<div class=\"DM_at-title\" id=\"js-DM_at-title\"> <div>Produkto specifikacija<\/div> <i class=\"icon-arrowup_line\"><\/i> <\/div><div class=\"DM_at-goodsDescAttr\" id=\"js-DM_at-goodsDescAttr\"> <div class=\"DM_at-goodsDescAttrInner\"> <dl class=\"goodsDesc_item goodsDesc_item_even\"> <dt>Prek\u0117s Modelio Numeris<\/dt> <dd> QJ7368<\/dd> <\/dl> <dl class=\"goodsDesc_item\"> <dt>Med\u017eiagos<\/dt> <dd> Aliuminio + ABS + Gumos Magnetas<\/dd> <\/dl> <dl class=\"goodsDesc_item goodsDesc_item_even\"> <dt><\/dt> <dd>Gaminio Matmenys<\/dd> <\/dl> <dl class=\"goodsDesc_item\"> <dt>Ma\u017eas<\/dt> <dd> 16.25&#034; \u00d7 1.10&#034; \u00d7 0.74&#034; \/ 413 x 28 x 19 mm<\/dd> <\/dl> <dl class=\"goodsDesc_item goodsDesc_item_even\"> <dt>Vidutinis<\/dt> <dd> 16.25&#034; \u00d7 1.10&#034; \u00d7 0.86&#034; \/ 413 x 28 x 22 mm<\/dd> <\/dl> <dl class=\"goodsDesc_item\"> <dt>Didelis<\/dt> <dd> 16.25&#034; \u00d7 1.10&#034; \u00d7 1.02&#034; \/ 413 x 28 x 26 mm<\/dd> <\/dl> <dl class=\"goodsDesc_item goodsDesc_item_even\"> <dt>Neto Svoris<\/dt> <dd> 1.64 svar\u0173 \/ 0.75 kg<\/dd> <\/dl> <dl class=\"goodsDesc_item\"> <dt>Kiekis<\/dt> <dd> 3 vnt<\/dd> <\/dl> <dl class=\"goodsDesc_item goodsDesc_item_even\"> <dt>Spalva<\/dt> <dd> Raudona + Juoda<\/dd> <\/dl> <\/div> <\/div>","protected":false},"excerpt":{"rendered":"<ul>\n<li> High Compatibility: VEVOR 3PCS socket organizer rail set is compatible with various socket brands, equipped with 14 clips for 1\/4&#8243; drive, 14 clips for 3\/8&#8243; drive, and 12 clips for 1\/2&#8243; drive, accommodating a total of 40PCS metric &#038; SAE sockets. Flexible storage and portability make your socket organization convenient for on-the-go work. Note: Sockets are not included. <\/li>\n<li> 360\u00b0 Besisukantis \u012era\u0161ai: Reguliuojamas gele\u017einkelio \u012fra\u0161ai \u0161ioje lizdas organizatorius gele\u017einkeli\u0173 nustatyti laisvai suktis, suteikia jums greit\u0105 prieig\u0105 prie \u012franki\u0173 i\u0161 bet kurio kampo, ar horizontaliai, ar vertikaliai. <\/li>\n<li> Skland\u017eiai Aliuminio B\u0117gelis: aliuminio gele\u017einkeliais lizdas organizatorius leid\u017eia lizdai t\u016bptin\u0117s be vargo, u\u017etikrint\u0173 greit\u0105 paie\u0161k\u0105 ir lengva gr\u012f\u017eti \u012f savo viet\u0105. <\/li>\n<li> Patobulintas Magnetinis pagrindas: Pastatytas su sustiprinta magnetinio aliuminio baz\u0117, \u0161is sunki\u0173j\u0173 lizdas tur\u0117tojas u\u017etikrina ilgalaik\u012f magnetizmas. Su anoduoto ir da\u017eytos baigti ne tik priduria, patvarumo, bet ir pagerina jos i\u0161vaizd\u0105, ir apkrova, palyginti su plastiko. <\/li>\n<li> Platus Pritaikymas: Idealiai tinka 4S parduotuvi\u0173, gamykl\u0173, auto remontas, autoservisai, prietais\u0173, technin\u0117s prie\u017ei\u016bros, ir vidaus seminarai, \u0161is magnetinis lizdas gele\u017einkelis atitinka ugdymosi poreiki\u0173 \u012fvairias erdves. <\/li>\n<\/ul>","protected":false},"featured_media":358645,"comment_status":"closed","ping_status":"open","template":"","meta":{"om_disable_all_campaigns":false,"_monsterinsights_skip_tracking":false,"_monsterinsights_sitenote_active":false,"_monsterinsights_sitenote_note":"","_monsterinsights_sitenote_category":0,"_uf_show_specific_survey":0,"_uf_disable_surveys":false},"location":[1935,1934],"product_brand":[21],"product_cat":[2400,4725,4724,2374],"product_tag":[],"class_list":{"0":"post-62311","1":"product","2":"type-product","3":"status-publish","4":"has-post-thumbnail","6":"location-supplier_stock_location","7":"location-local_stock_location","8":"product_brand-vevor","9":"product_cat-hand-tools-tools","10":"product_cat-socket-organizer","11":"product_cat-tool-accessories","12":"product_cat-tools","14":"first","15":"instock","16":"taxable","17":"shipping-taxable","18":"purchasable","19":"product-type-simple"},"aioseo_notices":[],"jetpack_sharing_enabled":true,"locations":[{"id":1935,"name":"Pieg\u0101d\u0101t\u0101ja noliktav\u0101 (5-7d.d.)","slug":"supplier_stock_location","quantity":"49"},{"id":1934,"name":"R\u012bgas veikal\u0101 (0-2d.d.)","slug":"local_stock_location","quantity":"0"}],"_links":{"self":[{"href":"https:\/\/vevorshop.lv\/lt\/wp-json\/wp\/v2\/product\/62311","targetHints":{"allow":["GET"]}}],"collection":[{"href":"https:\/\/vevorshop.lv\/lt\/wp-json\/wp\/v2\/product"}],"about":[{"href":"https:\/\/vevorshop.lv\/lt\/wp-json\/wp\/v2\/types\/product"}],"replies":[{"embeddable":true,"href":"https:\/\/vevorshop.lv\/lt\/wp-json\/wp\/v2\/comments?post=62311"}],"wp:featuredmedia":[{"embeddable":true,"href":"https:\/\/vevorshop.lv\/lt\/wp-json\/wp\/v2\/media\/358645"}],"wp:attachment":[{"href":"https:\/\/vevorshop.lv\/lt\/wp-json\/wp\/v2\/media?parent=62311"}],"wp:term":[{"taxonomy":"location","embeddable":true,"href":"https:\/\/vevorshop.lv\/lt\/wp-json\/wp\/v2\/location?post=62311"},{"taxonomy":"product_brand","embeddable":true,"href":"https:\/\/vevorshop.lv\/lt\/wp-json\/wp\/v2\/product_brand?post=62311"},{"taxonomy":"product_cat","embeddable":true,"href":"https:\/\/vevorshop.lv\/lt\/wp-json\/wp\/v2\/product_cat?post=62311"},{"taxonomy":"product_tag","embeddable":true,"href":"https:\/\/vevorshop.lv\/lt\/wp-json\/wp\/v2\/product_tag?post=62311"}],"curies":[{"name":"wp","href":"https:\/\/api.w.org\/{rel}","templated":true}]}}