{"id":144503,"date":"2025-01-02T08:30:10","date_gmt":"2025-01-02T08:30:10","guid":{"rendered":"https:\/\/vevorshop.lv\/en_us\/Prece\/vevor-kids-sensory-table-with-paper-roll-3-storage-bins-and-double-sided-tabletops-81-5-x-60-x-50-5-cm-32-1-x-23-6-x-19-9-in-pine-wood-construction\/"},"modified":"2026-04-19T21:16:23","modified_gmt":"2026-04-19T18:16:23","slug":"vevor-kids-sensory-table-with-paper-roll-3-storage-bins-and-double-sided-tabletops-81-5-x-60-x-50-5-cm-32-1-x-23-6-x-19-9-in-pine-wood-construction","status":"publish","type":"product","link":"https:\/\/vevorshop.lv\/lv\/Prece\/vevor-bernu-sensorais-galds-ar-papira-rulli-3-glabasanas-kastem-un-divpusejiem-galdiniem-81-5-x-60-x-50-5-cm-32-1-x-23-6-x-19-9-cm-priedes-koka-konstrukcija\/","title":{"rendered":"VEVOR Koka sensorais galds b\u0113rniem ar 3 salok\u0101miem konteineriem un pap\u012bra rulli, 81x60x51cm aktivit\u0101\u0161u galds smil\u0161u un \u016bdens sp\u0113l\u0113m"},"content":{"rendered":"<div style=\"color: #fff!important; font-size: 16px; height: 24px; line-height: 24px; margin-top: -24px; \" class=\"product_original_name\">VEVOR Sensorais galds maziem b\u0113rniem, b\u0113rnu aktivit\u0101\u0161u galds ar 3 salok\u0101m\u0101m uzglab\u0101\u0161anas tvertn\u0113m un pap\u012bra ru\u013c\u013cu tur\u0113t\u0101ju, iek\u0161telpu\/\u0101ra rota\u013cu smil\u0161u un \u016bdens galds, koka b\u0113rnu sensorais z\u012bm\u0113\u0161anas galds, d\u0101vana z\u0113niem<\/div>\n<div style=\"color: #fff!important; font-size: 16px; height: 24px; line-height: 24px; margin-top: -24px; \" class=\"product_sku\">M5F04XZ4<\/div>\n<div style=\"color: #fff!important; font-size: 16px; height: 24px; line-height: 24px; margin-top: -24px; \" class=\"product_mpn\">GGZDJZBK2129VB7WFV0<\/div><div id=\"js-DM_at-goodDescRich\"><html><head><style>  body {    font-family: Arial;    line-height: 1.5;    color: #1c1c1c;    overflow-x: hidden;    margin: 0;    padding: 0;  }  .MsoNormal b {    font-weight: bolder;  }<\/style><style>  .container.small {    width: 970px;    margin: 0 auto;  }  .logo {    margin: 0 auto 0;  }  .logo img {    display: block;    margin: 0 auto;    max-width: 100%;  }  .logo .pc-banner {    display: block;    width: 1200px;    height: 247.4px;    margin: 0 auto;  }  .logo .pc-banner.small {    width: 970px;  }  .logo .pc-banner.small img {    height: auto!important;  }  .logo .m-banner {    display: none;  }  .ytvideo {    position: relative;    height: 546px;    width: 100%;    margin: 0 auto;  }  .ytvideo img {    width: 100%;    margin: 0 auto;  }  .ytvideo .play-btn {    width: 60px;    height: 42px;    position: absolute;    top: 50%;    left: 50%;    transform: translate(-50%, -50%);    background: url(\"data:image\/png;base64,iVBORw0KGgoAAAANSUhEUgAAAGQAAABGCAMAAAANWMFbAAAC+lBMVEUAAADBGB3kLCfBGB3kLCfcJC7BFx3KKSbiKybkLCbWJCPSIiLSIiLPICHAFx3kLCfgKSXNHiDZJiTIGx\/p4eHcjo7LHSDbJyTkLCbjKyfOHyHPIiL28fHJHB\/GGh7EGR7eKCXDGB3RISHlLSbBGB3AFxzGHB7DGB7BGB3hKybkKybAFx3lLCfAFxzDGR3hKibDGB7cJyTmz8\/elJTlwcHjurrUIyLlLSflLSfAFx3DGR7lLSfCFx3hKibhKibhKybjKybkLCblLSfbJSX49vbx7e3NNzjNMTLMJyjVIyLZf3\/ZQ0LaeHjx0tLgoqLkLCfCGB3HGx\/BGB3BFx3PICHCGB7WJCLOHyC\/Fxy\/Fx3lLCfQISHkLSe\/FxzbJiTBFx3FGx\/AGB7BFx3EGR7AGB3HHSDfKiXAFh3TISHYNzbhKibbJyTTIiL57e325+f039\/v2NjUV1fOHiHiqanfmprch4feKSXVIyPOICHmLibFGh\/mLSe\/Fx7XJCPeKSXXJSPNHyHaJyTGGh7lLCbmLCflLSjSIiLkLCbdKSXLHiC\/GB3KHh++Fh3lKyfoLiXcKCPkx8fYb2\/XaGfVXl3aU1LLHiDksbHgKibPICHbJyTfKSXbJyTCGB3KHSDiKybFGh7TIiL\/\/\/\/VIyPRISHIHB\/GGx\/HHB\/DGR7gKibdKCXLHiDZJiTMHiDNHyHYJSTOICHPICHWJCPcKCXXJSPjLCblLCf+\/f3NGR\/uLijzLynPGR\/IGB7WISHaIyLLGh7UAADxLynNAADRLzDbICLQAADIAAD3MCrUHSHXMTDpKSbLAADp5OTij4\/ejo\/VLy\/1LyngJSTcJCPQHx\/OHB7+\/PzaMS\/OLS\/vLijrLSjSAADaNTPwLyjkKSbNJCbYISHPHB\/KGB7WAAD7+vrn3d3aKynTKCjoLCfsKifRGh\/YAADq5+fhjo7QNDXXKCfmJyXt5+fTLzDLLi\/QKivYHRvMGBrQJCXLISPMExXLDxLaEAvkkI\/bOTfaFQ\/SCgpvLcnHAAAAmnRSTlMA+vv7+gT9Bvf9+8z8\/NSv\/Pr5+P7++vnQIBMP\/v38\/Pn348XDiCYf9OjbzcqxXVcx\/fz8+\/rj1r2poo1+fXFqX0orGP7+\/v7+\/fz8+\/r68uzn4trIxsG\/vri3p6GcmZSNbWVYUUZEPQv+\/f39+\/v7+\/v7+vr64tvV1NTTz87FtbSurqeblJKFg4B3bUY+NjL7+\/v7+\/v67t1cDo8JLQAABkRJREFUWMO0kz9rwkAYh0OIeJkum6YugUAhISCdKoj\/P4C7SMdS+gEKIhSKil10LSg4mzXkILdlEpxCpwTiWOLX6BujvQaEQuGeHLnL+\/64J+SIcKGYTYWnntpdLjrVdqvZmNdn0+EE40GtpuuWVS6Xx6N7YDSGpWXpeq02wHgynM7q80az1a52HpddtVcpsi1zFARBrdaxbhp9iUReTGmwA4KAAr7vx3EYejnCMI6hQYEgy0LQi4jUN0wL19vqFcUC9\/1dAKmEEFkWRYkh5oBejnxQJiSJPJ\/uKBp0Thszx9Mw8hMRIQjKsptCfuES9zr5WJY6vSFCIvE9fCMUmEM1A1kSXcYGxgVYsvI1IPKTZciSTI0us\/SMGG04gDzELDoFBwdcFJrF88dqgYMTiL6DILWYyfOWE8\/kIz38olCNlC03FK95+imxp6y4oUSvAnBjHHhKNtotSDqJzVFiK8c2SBqhZtsrTtgrLXwAyduxZHNE26eHUt5rtuM4WSmds3G+sUdWYo1L+XyxButoh5eKUHk5lByO3G1LqqCWVnfrv\/lyPtf\/4ps1cndNGIri8J1TJ0lx6dR\/oPjq1nbRwdp2dCk4CtIOLW3pVKRL6WZfS5vF2KkIQhpwSsjiYIgNCs1gEMGqiIq24NQX9NwoXFy8Ufrl3twTcg4fv8T9\/JBEySduj6Mjm4bMzYV7EEOxKjjoNDud7yY3Dy71Hq2oLmqfbNR723edH9PgMrNL2utoQ3VmaIDkiw\/4w51P06hlZsTZvkRrbVuSIs\/zwSOsycgzStQouoAkWQqioRT5XI7n2Z1wfVhoZmcAJLsoqjqpjbWCgpOAJXBwHK8PzWbNvoUZJND5wCnSkLAkZ1legx6vqQzjoiTahKlGUGLAiIIoABOHaNVw4sexZBym6\/HWlH5h3IC7yRbxtipcWxdTOkORKiNQAEkFf66x5S2oeRbroOlLgg0sSYkR0hRGEqJZ0jTPiQKatESdBckpWigxaapEH0lImHdWu9pUFF2XqMNM2Z4kped7IwEJw2qabwtrQqnpw6HyKkgcadKWsmpywwesDyIhYRpdzXddqegtGIJlXbAIUMOLkGxJUjRIkokwjUaX9d\/kK62ps\/tYUqZLIMkLTyBhsMZ3C5Z\/kDxOSCb\/DOs\/\/J0qcWSX\/2ipe56EgTCA4\/cB7NAYOsni4mZM1MUPAISoEwkDi4lhVBQ1cWQyIcwalw4EpqZN68JUSK7XC0kTlkLYii5uXSC8jT5ncCAS7mjCv0uHp\/3lueHEEAeQ\/\/VgmdN71\/2uCSA1Xr6DO6uI6sW56zqT2tp2PhgiRUAajV8CY2fkcz6WGNKMgLAt7tJAhD4YHMTeRxlALE6+43WqjSWi8ITxyJl8WrwWSNESQZZOqhDDntO3hJLsd5RtSpbJqdv3YrDJH3F7jL1R2O2aQkn2MyCyKYz0GPGIvSAMgBCrCEiJyKbBaYGwLW4uPRr0A0M4Ux5kUI7IBh+hMdiCEWNqhMZGyYMsOgNE58UQuEQeUnSWCMYwL54hkxK6IoqucQZbQ3pc3XtL0lky1dL0zZJJDpWJovFqpWj6JEHnyam2eQp5QRVAVHjWparTOaVwUOx99YS2MvgxIGV0bb+qIg2HX2qkFFJB+XZcbLiuRkuxD9GRroKyveLxdh4d7Orx+hb7qc3uVRuEogCOnyIxm4ubUoPgF4jianDrC+SDQDKEfJb0GUKmjCGPYHGJvVC6X4hw1\/sAfQAdfYyephIaspXe36RwOP+Ljvfx9B6B3i+Nk0DGq+oCbLn6JpBa9nWAveAIHwFAwtVcIJXPMPL8kRu5OAYPMaL1WScTxjiZDqB9LTJSWphow\/pTYKRTLjCBhvi9iBidvKcDasGSm0QQkycYuLBqj6QCELPctqChDWpTRMWkngNNpQ1Pfp1KkiT\/Y0DGffXAweUNfLAfaJFKDwhb6I+bkYRbkERoEeu3Fyjg2opMz2daZCS9jt6Q7txNfB+OZEVF6Zl5web2xunnLQrtrjXseXKaFYziYINeMFZVxS9VxRhOoesYwxPKXm+gWLG9cuFeq93UNNeJNsf1KlwuDok9n02n3TgIJpOxNfL9naIoQwXtfH9kjceTIIi709ncTg6LZbg+biLH1V6u\/7rxBem06VXKn9raAAAAAElFTkSuQmCC\")      no-repeat center center \/ contain;  }  @media screen and (max-width: 960px) and (orientation: portrait) {    .logo {      width: 100%;    }    .logo .pc-banner {      display: none;    }    .logo .m-banner {      display: block;      width: 100%;    }    .logo .m-banner img {      height: auto!important;    }    .ytvideo {      height: 200px;      width: 100%;    }  }<\/style><style>  .video-section {    width: 100%;    margin: 0 auto;  }  .video-section > img {    width: 100%;  }  .video-section iframe,  .video-section video {    width: 100%;    height: 100%;      }  .video-section-img-m,  .video-section-img-pc > img {    width: 100%;    height: auto;  }  .video-section-img-pc.small > img {    width: 970px;  }  .video-desc {    line-height: 1.5;    font-size: 20px;    font-weight: 400;    margin: 20px 0;    text-align: center;    color: #0f1111;    word-break: break-word;  }  @media screen and (max-width: 960px) and (orientation: portrait) {    .video-section {      width: 100%;    }    .video-section-pc,    .video-section-img-pc {      display: none;    }    .video-section-m,    .video-section-img-m {      display: block;    }    .video-desc {      font-size: 15px;    }  }  @media screen and (min-width: 960px) {    .video-section {      width: 100%;      margin: 0 auto;    }    .video-section-pc,    .video-section-img-pc {      display: block;    }    .video-section-m,    .video-section-img-m {      display: none;    }    .video-desc {      font-size: 20px;    }  }<\/style><style>  .section + .section {    margin-top: 35px;  }  .section-title {    text-align: center;    font-weight: bold;    color: #0d1111;    font-family: \"Arial\";    font-size: 32px;    margin: 15px 0;  }  .section-title:empty {    display: none;  }  .section-desc {    text-align: center;    font-weight: normal;    color: #0d1111;    margin-top: 20px;  }  .section-desc:empty {    display: none;  }  .section-img {    width: 1200px;    height: 492px;    margin: 0 auto;    display: block;  }  .section-img.small {    width: 970px;    height: auto;  }  .section-img.small > img {    height: auto;  }  .section-img > img {    width: 100%;    height: 100%;  }  .section-mobile-img {    display: none;    max-width: 100vw;    max-height: 75vw;    height: 450px;    margin: 0 auto;  }  .section-mobile-img > img {    width: 100%;    height: 100%;  }  @media screen and (max-width: 960px) and (orientation: portrait) {    .container {      width: 100%;    }    .container.small {      width: 100%;    }    .section-mobile-img {      display: block;    }    .section-img {      display: none;    }    .section-title {      font-size: 22px;      margin: 10px 0;    }    .section-desc {      margin-top: 10px;    }    .section + .section {      margin-top: 20px;    }  }<\/style><\/head><body><div class=\"container small\"><div class=\"logo\"><div class=\"pc-banner small\"><div><img decoding=\"async\" src=\"\/vevor\/vevor\/boutique-banner\/pc\/en-pc@1x.jpg\" style=\"width: 100%;\" \/><\/div><\/div><div class=\"m-banner\"><div><img decoding=\"async\" src=\"\/vevor\/vevor\/boutique-banner\/mobile\/en-m@1x.jpg\" style=\"width: 100%;\" \/><\/div><\/div><\/div><div class=\"section-title\">Daudzpus\u012bgs sensorais galds ar pap\u012bra rull\u012bti<\/div><div class=\"video-section\"><div class=\"video-section-img-pc small\"><img decoding=\"async\" src=\"\/vevor\/product\/GGZDJZBK2129VB7WF\/kids-sensory-table-a100-1.4-pt.jpg\" \/><\/div><div class=\"video-section-img-m\"><img decoding=\"async\" src=\"\/vevor\/product\/GGZDJZBK2129VB7WF\/kids-sensory-table-a100-1.4-pt.jpg\" \/><\/div><div class=\"section-desc\">\u013baujiet saviem b\u0113rniem izp\u0113t\u012bt, m\u0101c\u012bties un izklaid\u0113ties vien\u0101 stall\u012b! VEVOR b\u0113rnu sensorais galds ir izgatavots no dab\u012bga priedes koka ilgm\u016b\u017e\u012bbai un dro\u0161\u012bbai. Taj\u0101 ir 2 divpus\u0113jas galda virsmas, 1 pap\u012bra rullis un 3 uzglab\u0101\u0161anas tvertnes, kas ir \u0113rtas z\u012bm\u0113\u0161anai, kr\u0101so\u0161anai, las\u012b\u0161anai un sp\u0113l\u0113\u0161anai ar smilt\u012bm un \u016bdeni.<\/div><\/div><div class=\"section\"><div class=\"section-title\"><\/div><div class=\"section-img small\"><img decoding=\"async\" src=\"\/vevor\/product\/GGZDJZBK2129VB7WF\/kids-sensory-table-a100-2.2-pt.jpg\" \/><\/div><div class=\"section-mobile-img\"><img decoding=\"async\" src=\"\/vevor\/product\/GGZDJZBK2129VB7WF\/kids-sensory-table-a100-2.2-pt.jpg\" \/><\/div><div class=\"section-desc\">M\u016bsu daudzpus\u012bgais sensoro sp\u0113\u013cu galds maziem b\u0113rniem ar 2 table\u0161u virsmu, 3 uzglab\u0101\u0161anas tvert\u0146u un 1 pap\u012bra ru\u013c\u013cu tur\u0113t\u0101ja dizainu \u013cauj j\u016bsu b\u0113rniem baud\u012bt malt\u012btes, uzkodas, las\u012bt gr\u0101matas, izpild\u012bt m\u0101jasdarbus, sp\u0113l\u0113t sp\u0113les, z\u012bm\u0113t un iesaist\u012bties da\u017e\u0101d\u0101s aktivit\u0101t\u0113s.<\/div><\/div><div class=\"section\"><div class=\"section-title\"><\/div><div class=\"section-img small\"><img decoding=\"async\" src=\"\/vevor\/product\/GGZDJZBK2129VB7WF\/kids-sensory-table-a100-2.3-pt.jpg\" \/><\/div><div class=\"section-mobile-img\"><img decoding=\"async\" src=\"\/vevor\/product\/GGZDJZBK2129VB7WF\/kids-sensory-table-a100-2.3-pt.jpg\" \/><\/div><div class=\"section-desc\">M\u016bsu b\u0113rnu rota\u013cu aktivit\u0101\u0161u galda galda virsma un k\u0101jas ir izgatavotas no augstas kvalit\u0101tes priedes koka, pul\u0113tas gludas bez as\u0101m mal\u0101m vai urbumiem. 1 collas\/2,5 cm biez\u0101 galda virsma var iztur\u0113t maksim\u0101lo svaru 66 m\u0101rci\u0146as\/30 kg, augot l\u012bdz ar b\u0113rna vesel\u012bbu.<\/div><\/div><div class=\"section\"><div class=\"section-title\"><\/div><div class=\"section-img small\"><img decoding=\"async\" src=\"\/vevor\/product\/GGZDJZBK2129VB7WF\/kids-sensory-table-a100-2.4-pt.jpg\" \/><\/div><div class=\"section-mobile-img\"><img decoding=\"async\" src=\"\/vevor\/product\/GGZDJZBK2129VB7WF\/kids-sensory-table-a100-2.4-pt.jpg\" \/><\/div><div class=\"section-desc\">M\u016bsu rota\u013cu smil\u0161u un \u016bdens galda salik\u0161ana ir v\u0113sma Nav nepiecie\u0161ami instrumenti Vienk\u0101r\u0161i savienojiet k\u0101jas un \u0101tri pabeidziet mont\u0101\u017eu da\u017eu min\u016b\u0161u laik\u0101 Ar gludu virsmu varat to noslauc\u012bt ar mitru dr\u0101nu.<\/div><\/div><div class=\"section\"><div class=\"section-title\"><\/div><div class=\"section-img small\"><img decoding=\"async\" src=\"\/vevor\/product\/GGZDJZBK2129VB7WF\/kids-sensory-table-a100-2.5-pt.jpg\" \/><\/div><div class=\"section-mobile-img\"><img decoding=\"async\" src=\"\/vevor\/product\/GGZDJZBK2129VB7WF\/kids-sensory-table-a100-2.5-pt.jpg\" \/><\/div><div class=\"section-desc\">M\u016bsu sensoro aktivit\u0101\u0161u galds ir ide\u0101li piem\u0113rots d\u0101vin\u0101\u0161anai j\u016bsu b\u0113rnam festiv\u0101la ball\u012bt\u0113s, piem\u0113ram, dzim\u0161anas dien\u0101s, Ziemassv\u0113tkos, Pateic\u012bbas dien\u0101 un cit\u0101s. B\u0113rni var piedal\u012bties da\u017e\u0101d\u0101s aktivit\u0101t\u0113s uz galda, apmierinot vair\u0101kas vajadz\u012bbas, piem\u0113ram, m\u0101c\u012bties un sp\u0113l\u0113ties.<\/div><\/div><div class=\"section\"><div class=\"section-img small\"><img decoding=\"async\" src=\"\/vevor\/product\/GGZDJZBK2129VB7WF\/kids-sensory-table-a100-1.11-pt.jpg\" \/><\/div><div class=\"section-mobile-img\"><img decoding=\"async\" src=\"\/vevor\/product\/GGZDJZBK2129VB7WF\/kids-sensory-table-a100-1.11-pt.jpg\" \/><\/div><\/div><\/div><\/body><\/html><\/div>\n<div class=\"DM_at-title\" id=\"js-DM_at-title\"> <div>Produkta specifik\u0101cija<\/div> <i class=\"icon-arrowup_line\"><\/i> <\/div><div class=\"DM_at-goodsDescAttr\" id=\"js-DM_at-goodsDescAttr\"> <div class=\"DM_at-goodsDescAttrInner\"> <dl class=\"goodsDesc_item goodsDesc_item_even\"> <dt>Preces Mode\u013ca Numurs<\/dt> <dd> JRG-SKU3S<\/dd> <\/dl> <dl class=\"goodsDesc_item\"> <dt>Kr\u0101sa<\/dt> <dd> Dab\u012bgais koks<\/dd> <\/dl> <dl class=\"goodsDesc_item goodsDesc_item_even\"> <dt>Veidlapa<\/dt> <dd> Sensorais galds ar pap\u012bra ru\u013c\u013ca tur\u0113t\u0101ju<\/dd> <\/dl> <dl class=\"goodsDesc_item\"> <dt>Materi\u0101ls<\/dt> <dd> Priedes koksne + MDF<\/dd> <\/dl> <dl class=\"goodsDesc_item goodsDesc_item_even\"> <dt>Maksim\u0101l\u0101 svara iztur\u012bba<\/dt> <dd> 66 m\u0101rci\u0146as\/30 kg<\/dd> <\/dl> <dl class=\"goodsDesc_item\"> <dt>Produkta izm\u0113rs (ieskaitot galda k\u0101jas)<\/dt> <dd> 32,1 \u00d7 23,6 \u00d7 19,9 collas \/ 815 \u00d7 600 \u00d7 505 mm<\/dd> <\/dl> <dl class=\"goodsDesc_item goodsDesc_item_even\"> <dt>Darbvirsmas izm\u0113rs<\/dt> <dd> 20,5\u00a0\u00d7\u00a029,1\u00a0collas\/520\u00a0\u00d7\u00a0740\u00a0mm<\/dd> <\/dl> <dl class=\"goodsDesc_item\"> <dt>Liel\u0101ka uzglab\u0101\u0161anas tvertne<\/dt> <dd> 16,3 x 11,7 x 3,9 collas\/414 x 296 x 98 mm<\/dd> <\/dl> <dl class=\"goodsDesc_item goodsDesc_item_even\"> <dt>Maz\u0101ka uzglab\u0101\u0161anas tvertne<\/dt> <dd> 11,6 x 8,1 x 3,8 collas\/295 x 205 x 96 mm<\/dd> <\/dl> <dl class=\"goodsDesc_item\"> <dt>Neto Svars<\/dt> <dd>10,4 m\u0101rci\u0146as\/4,70 kg<\/dd> <\/dl> <\/div> <\/div>","protected":false},"excerpt":{"rendered":"<ul>\n<li> Daudzfunkcion\u0101ls sensorais galds: \u013baujiet VEVOR 32,1 x 23,6 x 19,9 collu (80,4 x 59,6 x 49,9 collu) sensorajam galdam ar pap\u012bra rulli izveidot mini rota\u013cu laukumu j\u016bsu b\u0113rniem, mudinot vi\u0146us izp\u0113t\u012bt, sp\u0113l\u0113ties un m\u0101c\u012bties, izmantojot tie\u0161as sensor\u0101s pieredzes. Tas ir lielisks partneris sensor\u0101s att\u012bst\u012bbas uzlabo\u0161anai, vienlaikus veicinot smalko motoriku, kognit\u012bv\u0101s sp\u0113jas un pa\u0161regul\u0101ciju. <\/li>\n<li> Pielietojums vair\u0101kiem scen\u0101rijiem: Ar 2 divpus\u0113j\u0101m galda virsm\u0101m m\u016bsu rota\u013cu smil\u0161u un \u016bdens galds \u013cauj b\u0113rniem baud\u012bt malt\u012btes, z\u012bm\u0113t un iesaist\u012bties da\u017e\u0101d\u0101s aktivit\u0101t\u0113s. 3 salok\u0101m\u0101s uzglab\u0101\u0161anas kastes var satur\u0113t rota\u013clietas vai m\u0101kslas piederumus, atvieglojot b\u0113rniem sp\u0113l\u0113\u0161anos ar smilt\u012bm un \u016bdeni m\u0101j\u0101s, savuk\u0101rt pap\u012bra ru\u013c\u013ca tur\u0113t\u0101js nodro\u0161ina b\u0113rniem \u0113rtu piek\u013cuvi z\u012bm\u0113\u0161anas pap\u012bra iz\u0146em\u0161anai. <\/li>\n<li> Iztur\u012bga un dro\u0161a konstrukcija: Galda virsma un k\u0101jas ir izgatavotas no dab\u012bga priedes koka, r\u016bp\u012bgi pul\u0113tas bez asiem st\u016briem vai raupjumiem, padarot to dro\u0161u j\u016bsu b\u0113rniem. Ar 2,5 cm biez\u0101ku galda virsmu apvienojum\u0101 ar MDF pl\u0101tni m\u016bsu sensoriskais galds mazu\u013ciem var iztur\u0113t svaru l\u012bdz 30 kg, nodro\u0161inot ilgsto\u0161u iztur\u012bbu un uzticam\u012bbu, b\u0113rnam augot un sp\u0113l\u0113joties. <\/li>\n<li> Viegli saliekams un kopjams: \u0160im sensorajam sp\u0113\u013cu galdam nav nepiecie\u0161ami instrumenti salik\u0161anai \u2014 tikai j\u0101pievieno k\u0101jas. Apr\u012bkots ar 4 nesl\u012bdo\u0161iem k\u0101ju uzga\u013ciem, tas pasarg\u0101 gr\u012bdas no skr\u0101p\u0113jumiem un samazina nejau\u0161u triecienu risku. Gludo virsmu var viegli noslauc\u012bt ar mitru dr\u0101nu, \u013caujot j\u016bsu b\u0113rniem br\u012bvi z\u012bm\u0113t un rad\u012bt. <\/li>\n<li> Lieliska d\u0101vana mazu\u013ciem: m\u016bsu sensoro aktivit\u0101\u0161u galds ir ide\u0101la d\u0101vana b\u0113rniem, kas piem\u0113rota dzim\u0161anas dien\u0101m, Ziemassv\u0113tkiem, Pateic\u012bbas dienai un citiem sv\u0113tku gad\u012bjumiem. Tas ir piem\u0113rots da\u017e\u0101d\u0101m aktivit\u0101t\u0113m, apmierinot gan m\u0101c\u012bbu, gan rota\u013cu vajadz\u012bbas. T\u0101 vieglais dizains nodro\u0161ina \u0113rtu p\u0101rvieto\u0161anos gan iek\u0161telp\u0101s, gan \u0101rpus t\u0101m, \u013caujot b\u0113rniem br\u012bvi nodarboties ar sav\u0101m iecien\u012bt\u0101kaj\u0101m aktivit\u0101t\u0113m. <\/li>\n<\/ul>","protected":false},"featured_media":360666,"comment_status":"closed","ping_status":"open","template":"","meta":{"om_disable_all_campaigns":false,"_uf_show_specific_survey":0,"_uf_disable_surveys":false},"location":[1935,1934],"product_brand":[21],"product_cat":[2490,4771,2378],"product_tag":[],"class_list":{"0":"post-144503","1":"product","2":"type-product","3":"status-publish","4":"has-post-thumbnail","6":"location-supplier_stock_location","7":"location-local_stock_location","8":"product_brand-vevor","9":"product_cat-kids-toys","10":"product_cat-sensory-table","11":"product_cat-sports-outdoors","13":"first","14":"instock","15":"taxable","16":"shipping-taxable","17":"purchasable","18":"product-type-simple"},"aioseo_notices":[],"locations":[{"id":1935,"name":"Pieg\u0101d\u0101ja noliktav\u0101 (5-7dd.d)","slug":"supplier_stock_location","quantity":"49"},{"id":1934,"name":"R\u012bgas veikal\u0101 (0-2d.d.)","slug":"local_stock_location","quantity":"0"}],"_links":{"self":[{"href":"https:\/\/vevorshop.lv\/lv\/wp-json\/wp\/v2\/product\/144503","targetHints":{"allow":["GET"]}}],"collection":[{"href":"https:\/\/vevorshop.lv\/lv\/wp-json\/wp\/v2\/product"}],"about":[{"href":"https:\/\/vevorshop.lv\/lv\/wp-json\/wp\/v2\/types\/product"}],"replies":[{"embeddable":true,"href":"https:\/\/vevorshop.lv\/lv\/wp-json\/wp\/v2\/comments?post=144503"}],"wp:featuredmedia":[{"embeddable":true,"href":"https:\/\/vevorshop.lv\/lv\/wp-json\/wp\/v2\/media\/360666"}],"wp:attachment":[{"href":"https:\/\/vevorshop.lv\/lv\/wp-json\/wp\/v2\/media?parent=144503"}],"wp:term":[{"taxonomy":"location","embeddable":true,"href":"https:\/\/vevorshop.lv\/lv\/wp-json\/wp\/v2\/location?post=144503"},{"taxonomy":"product_brand","embeddable":true,"href":"https:\/\/vevorshop.lv\/lv\/wp-json\/wp\/v2\/product_brand?post=144503"},{"taxonomy":"product_cat","embeddable":true,"href":"https:\/\/vevorshop.lv\/lv\/wp-json\/wp\/v2\/product_cat?post=144503"},{"taxonomy":"product_tag","embeddable":true,"href":"https:\/\/vevorshop.lv\/lv\/wp-json\/wp\/v2\/product_tag?post=144503"}],"curies":[{"name":"wp","href":"https:\/\/api.w.org\/{rel}","templated":true}]}}