{"id":145338,"date":"2025-01-11T12:22:54","date_gmt":"2025-01-11T12:22:54","guid":{"rendered":"https:\/\/vevorshop.lv\/en_us\/Prece\/vevor-1600w-hot-air-plastic-welder-kit-with-adjustable-heat-and-9-accessories-for-pvc-tpo-and-vinyl-welding-heats-50c-600c-122f-1112f\/"},"modified":"2026-04-20T03:31:02","modified_gmt":"2026-04-20T00:31:02","slug":"vevor-1600w-hot-air-plastic-welder-kit-with-adjustable-heat-and-9-accessories-for-pvc-tpo-and-vinyl-welding-heats-50c-600c-122f-1112f","status":"publish","type":"product","link":"https:\/\/vevorshop.lv\/lv\/Prece\/vevor-1600w-karsta-gaisa-plastmasas-metinatajs-ar-regulejamu-karstumu-un-9-piederumiem-pvc-tpo-un-vinila-metinasanai-karstums-50c-600c-122f-1112f\/","title":{"rendered":"VEVOR 1600W karst\u0101 gaisa plastmasas metin\u0101\u0161anas komplekts ar 9 piederumiem, regul\u0113jams 50\u2013600\u00b0C siltuma p\u016bt\u0113js PVC\/PE\/PP\/TPO metin\u0101\u0161anai"},"content":{"rendered":"<div style=\"color: #fff!important; font-size: 16px; height: 24px; line-height: 24px; margin-top: -24px; \" class=\"product_original_name\">VEVOR Karst\u0101 gaisa plastmasas metin\u0101t\u0101js, 1600W karst\u0101 gaisa deg\u013ca pistole, 122-1112\u00b0F PVC TPO vinila siltuma pistoles metin\u0101\u0161anas deglis, plastmasas jumta metin\u0101\u0161anas komplekts ar 9 piederumiem - 4 sprausl\u0101m un 4 \u0161uvju velt\u0146iem PP\/PE\/PVC loksnei<\/div>\n<div style=\"color: #fff!important; font-size: 16px; height: 24px; line-height: 24px; margin-top: -24px; \" class=\"product_sku\">M5S57UFR<\/div>\n<div style=\"color: #fff!important; font-size: 16px; height: 24px; line-height: 24px; margin-top: -24px; \" class=\"product_mpn\">PVCBRRJTZWGJ7OPJ8V2<\/div><div id=\"js-DM_at-goodDescRich\"><html><head><style>  body {    font-family: Arial;    line-height: 1.5;    color: #1c1c1c;    overflow-x: hidden;    margin: 0;    padding: 0;  }  .MsoNormal b {    font-weight: bolder;  }<\/style><style>  .container.small {    width: 970px;    margin: 0 auto;  }  .logo {    margin: 0 auto 0;  }  .logo img {    display: block;    margin: 0 auto;    max-width: 100%;  }  .logo .pc-banner {    display: block;    width: 1200px;    height: 247.4px;    margin: 0 auto;  }  .logo .pc-banner.small {    width: 970px;  }  .logo .pc-banner.small img {    height: auto!important;  }  .logo .m-banner {    display: none;  }  .ytvideo {    position: relative;    height: 546px;    width: 100%;    margin: 0 auto;  }  .ytvideo img {    width: 100%;    margin: 0 auto;  }  .ytvideo .play-btn {    width: 60px;    height: 42px;    position: absolute;    top: 50%;    left: 50%;    transform: translate(-50%, -50%);    background: url(\"data:image\/png;base64,iVBORw0KGgoAAAANSUhEUgAAAGQAAABGCAMAAAANWMFbAAAC+lBMVEUAAADBGB3kLCfBGB3kLCfcJC7BFx3KKSbiKybkLCbWJCPSIiLSIiLPICHAFx3kLCfgKSXNHiDZJiTIGx\/p4eHcjo7LHSDbJyTkLCbjKyfOHyHPIiL28fHJHB\/GGh7EGR7eKCXDGB3RISHlLSbBGB3AFxzGHB7DGB7BGB3hKybkKybAFx3lLCfAFxzDGR3hKibDGB7cJyTmz8\/elJTlwcHjurrUIyLlLSflLSfAFx3DGR7lLSfCFx3hKibhKibhKybjKybkLCblLSfbJSX49vbx7e3NNzjNMTLMJyjVIyLZf3\/ZQ0LaeHjx0tLgoqLkLCfCGB3HGx\/BGB3BFx3PICHCGB7WJCLOHyC\/Fxy\/Fx3lLCfQISHkLSe\/FxzbJiTBFx3FGx\/AGB7BFx3EGR7AGB3HHSDfKiXAFh3TISHYNzbhKibbJyTTIiL57e325+f039\/v2NjUV1fOHiHiqanfmprch4feKSXVIyPOICHmLibFGh\/mLSe\/Fx7XJCPeKSXXJSPNHyHaJyTGGh7lLCbmLCflLSjSIiLkLCbdKSXLHiC\/GB3KHh++Fh3lKyfoLiXcKCPkx8fYb2\/XaGfVXl3aU1LLHiDksbHgKibPICHbJyTfKSXbJyTCGB3KHSDiKybFGh7TIiL\/\/\/\/VIyPRISHIHB\/GGx\/HHB\/DGR7gKibdKCXLHiDZJiTMHiDNHyHYJSTOICHPICHWJCPcKCXXJSPjLCblLCf+\/f3NGR\/uLijzLynPGR\/IGB7WISHaIyLLGh7UAADxLynNAADRLzDbICLQAADIAAD3MCrUHSHXMTDpKSbLAADp5OTij4\/ejo\/VLy\/1LyngJSTcJCPQHx\/OHB7+\/PzaMS\/OLS\/vLijrLSjSAADaNTPwLyjkKSbNJCbYISHPHB\/KGB7WAAD7+vrn3d3aKynTKCjoLCfsKifRGh\/YAADq5+fhjo7QNDXXKCfmJyXt5+fTLzDLLi\/QKivYHRvMGBrQJCXLISPMExXLDxLaEAvkkI\/bOTfaFQ\/SCgpvLcnHAAAAmnRSTlMA+vv7+gT9Bvf9+8z8\/NSv\/Pr5+P7++vnQIBMP\/v38\/Pn348XDiCYf9OjbzcqxXVcx\/fz8+\/rj1r2poo1+fXFqX0orGP7+\/v7+\/fz8+\/r68uzn4trIxsG\/vri3p6GcmZSNbWVYUUZEPQv+\/f39+\/v7+\/v7+vr64tvV1NTTz87FtbSurqeblJKFg4B3bUY+NjL7+\/v7+\/v67t1cDo8JLQAABkRJREFUWMO0kz9rwkAYh0OIeJkum6YugUAhISCdKoj\/P4C7SMdS+gEKIhSKil10LSg4mzXkILdlEpxCpwTiWOLX6BujvQaEQuGeHLnL+\/64J+SIcKGYTYWnntpdLjrVdqvZmNdn0+EE40GtpuuWVS6Xx6N7YDSGpWXpeq02wHgynM7q80az1a52HpddtVcpsi1zFARBrdaxbhp9iUReTGmwA4KAAr7vx3EYejnCMI6hQYEgy0LQi4jUN0wL19vqFcUC9\/1dAKmEEFkWRYkh5oBejnxQJiSJPJ\/uKBp0Thszx9Mw8hMRIQjKsptCfuES9zr5WJY6vSFCIvE9fCMUmEM1A1kSXcYGxgVYsvI1IPKTZciSTI0us\/SMGG04gDzELDoFBwdcFJrF88dqgYMTiL6DILWYyfOWE8\/kIz38olCNlC03FK95+imxp6y4oUSvAnBjHHhKNtotSDqJzVFiK8c2SBqhZtsrTtgrLXwAyduxZHNE26eHUt5rtuM4WSmds3G+sUdWYo1L+XyxButoh5eKUHk5lByO3G1LqqCWVnfrv\/lyPtf\/4ps1cndNGIri8J1TJ0lx6dR\/oPjq1nbRwdp2dCk4CtIOLW3pVKRL6WZfS5vF2KkIQhpwSsjiYIgNCs1gEMGqiIq24NQX9NwoXFy8Ufrl3twTcg4fv8T9\/JBEySduj6Mjm4bMzYV7EEOxKjjoNDud7yY3Dy71Hq2oLmqfbNR723edH9PgMrNL2utoQ3VmaIDkiw\/4w51P06hlZsTZvkRrbVuSIs\/zwSOsycgzStQouoAkWQqioRT5XI7n2Z1wfVhoZmcAJLsoqjqpjbWCgpOAJXBwHK8PzWbNvoUZJND5wCnSkLAkZ1legx6vqQzjoiTahKlGUGLAiIIoABOHaNVw4sexZBym6\/HWlH5h3IC7yRbxtipcWxdTOkORKiNQAEkFf66x5S2oeRbroOlLgg0sSYkR0hRGEqJZ0jTPiQKatESdBckpWigxaapEH0lImHdWu9pUFF2XqMNM2Z4kped7IwEJw2qabwtrQqnpw6HyKkgcadKWsmpywwesDyIhYRpdzXddqegtGIJlXbAIUMOLkGxJUjRIkokwjUaX9d\/kK62ps\/tYUqZLIMkLTyBhsMZ3C5Z\/kDxOSCb\/DOs\/\/J0qcWSX\/2ipe56EgTCA4\/cB7NAYOsni4mZM1MUPAISoEwkDi4lhVBQ1cWQyIcwalw4EpqZN68JUSK7XC0kTlkLYii5uXSC8jT5ncCAS7mjCv0uHp\/3lueHEEAeQ\/\/VgmdN71\/2uCSA1Xr6DO6uI6sW56zqT2tp2PhgiRUAajV8CY2fkcz6WGNKMgLAt7tJAhD4YHMTeRxlALE6+43WqjSWi8ITxyJl8WrwWSNESQZZOqhDDntO3hJLsd5RtSpbJqdv3YrDJH3F7jL1R2O2aQkn2MyCyKYz0GPGIvSAMgBCrCEiJyKbBaYGwLW4uPRr0A0M4Ux5kUI7IBh+hMdiCEWNqhMZGyYMsOgNE58UQuEQeUnSWCMYwL54hkxK6IoqucQZbQ3pc3XtL0lky1dL0zZJJDpWJovFqpWj6JEHnyam2eQp5QRVAVHjWparTOaVwUOx99YS2MvgxIGV0bb+qIg2HX2qkFFJB+XZcbLiuRkuxD9GRroKyveLxdh4d7Orx+hb7qc3uVRuEogCOnyIxm4ubUoPgF4jianDrC+SDQDKEfJb0GUKmjCGPYHGJvVC6X4hw1\/sAfQAdfYyephIaspXe36RwOP+Ljvfx9B6B3i+Nk0DGq+oCbLn6JpBa9nWAveAIHwFAwtVcIJXPMPL8kRu5OAYPMaL1WScTxjiZDqB9LTJSWphow\/pTYKRTLjCBhvi9iBidvKcDasGSm0QQkycYuLBqj6QCELPctqChDWpTRMWkngNNpQ1Pfp1KkiT\/Y0DGffXAweUNfLAfaJFKDwhb6I+bkYRbkERoEeu3Fyjg2opMz2daZCS9jt6Q7txNfB+OZEVF6Zl5web2xunnLQrtrjXseXKaFYziYINeMFZVxS9VxRhOoesYwxPKXm+gWLG9cuFeq93UNNeJNsf1KlwuDok9n02n3TgIJpOxNfL9naIoQwXtfH9kjceTIIi709ncTg6LZbg+biLH1V6u\/7rxBem06VXKn9raAAAAAElFTkSuQmCC\")      no-repeat center center \/ contain;  }  @media screen and (max-width: 960px) and (orientation: portrait) {    .logo {      width: 100%;    }    .logo .pc-banner {      display: none;    }    .logo .m-banner {      display: block;      width: 100%;    }    .logo .m-banner img {      height: auto!important;    }    .ytvideo {      height: 200px;      width: 100%;    }  }<\/style><style>  .video-section {    width: 100%;    margin: 0 auto;  }  .video-section > img {    width: 100%;  }  .video-section iframe,  .video-section video {    width: 100%;    height: 100%;      }  .video-section-img-m,  .video-section-img-pc > img {    width: 100%;    height: auto;  }  .video-section-img-pc.small > img {    width: 970px;  }  .video-desc {    line-height: 1.5;    font-size: 20px;    font-weight: 400;    margin: 20px 0;    text-align: center;    color: #0f1111;    word-break: break-word;  }  @media screen and (max-width: 960px) and (orientation: portrait) {    .video-section {      width: 100%;    }    .video-section-pc,    .video-section-img-pc {      display: none;    }    .video-section-m,    .video-section-img-m {      display: block;    }    .video-desc {      font-size: 15px;    }  }  @media screen and (min-width: 960px) {    .video-section {      width: 100%;      margin: 0 auto;    }    .video-section-pc,    .video-section-img-pc {      display: block;    }    .video-section-m,    .video-section-img-m {      display: none;    }    .video-desc {      font-size: 20px;    }  }<\/style><style>  .section + .section {    margin-top: 35px;  }  .section-title {    text-align: center;    font-weight: bold;    color: #0d1111;    font-family: \"Arial\";    font-size: 32px;    margin: 15px 0;  }  .section-title:empty {    display: none;  }  .section-desc {    text-align: center;    font-weight: normal;    color: #0d1111;    margin-top: 20px;  }  .section-desc:empty {    display: none;  }  .section-img {    width: 1200px;    height: 492px;    margin: 0 auto;    display: block;  }  .section-img.small {    width: 970px;    height: auto;  }  .section-img.small > img {    height: auto;  }  .section-img > img {    width: 100%;    height: 100%;  }  .section-mobile-img {    display: none;    max-width: 100vw;    max-height: 75vw;    height: 450px;    margin: 0 auto;  }  .section-mobile-img > img {    width: 100%;    height: 100%;  }  @media screen and (max-width: 960px) and (orientation: portrait) {    .container {      width: 100%;    }    .container.small {      width: 100%;    }    .section-mobile-img {      display: block;    }    .section-img {      display: none;    }    .section-title {      font-size: 22px;      margin: 10px 0;    }    .section-desc {      margin-top: 10px;    }    .section + .section {      margin-top: 20px;    }  }<\/style><\/head><body><div class=\"container small\"><div class=\"logo\"><div class=\"pc-banner small\"><div><img decoding=\"async\" src=\"\/vevor\/vevor\/boutique-banner\/pc\/en-pc@1x.jpg\" style=\"width: 100%;\" \/><\/div><\/div><div class=\"m-banner\"><div><img decoding=\"async\" src=\"\/vevor\/vevor\/boutique-banner\/mobile\/en-m@1x.jpg\" style=\"width: 100%;\" \/><\/div><\/div><\/div><div class=\"section-title\">Efekt\u012bva karst\u0101 gaisa metin\u0101\u0161anas iek\u0101rta, ide\u0101li piem\u0113rota jebkuram izaicin\u0101jumam<\/div><div class=\"video-section\"><div class=\"video-section-img-pc small\"><img decoding=\"async\" src=\"\/vevor\/product\/PVCBRRJTZWGJ7OPJ8\/pvc-welding-gun-a100-1.4-pt.jpg\" \/><\/div><div class=\"video-section-img-m\"><img decoding=\"async\" src=\"\/vevor\/product\/PVCBRRJTZWGJ7OPJ8\/pvc-welding-gun-a100-1.4-pt.jpg\" \/><\/div><div class=\"section-desc\">VEVOR karst\u0101 gaisa plastmasas metin\u0101\u0161anas iek\u0101rtai ir 1600 W jaud\u012bgs t\u012bra vara motors, kas nodro\u0161ina \u0101tru uzsil\u0161anu efekt\u012bvai metin\u0101\u0161anai. Komplekt\u0101 ietilpst profesion\u0101ls plastmasas metin\u0101\u0161anas komplekts (ar 9 piederumiem). Ar 9 l\u012bme\u0146u temperat\u016bras kontroli, efekt\u012bvu dzes\u0113\u0161anu un garu str\u0101vas vadu t\u0101 ir ide\u0101li piem\u0113rota gan ies\u0101c\u0113jiem, gan profesion\u0101\u013ciem.<\/div><\/div><div class=\"section\"><div class=\"section-title\"><\/div><div class=\"section-img small\"><img decoding=\"async\" src=\"\/vevor\/product\/PVCBRRJTZWGJ7OPJ8\/pvc-welding-gun-a100-2.2-pt.jpg\" \/><\/div><div class=\"section-mobile-img\"><img decoding=\"async\" src=\"\/vevor\/product\/PVCBRRJTZWGJ7OPJ8\/pvc-welding-gun-a100-2.2-pt.jpg\" \/><\/div><div class=\"section-desc\">VEVOR plastmasas karst\u0101 gaisa metin\u0101\u0161anas sild\u012b\u0161anas pistolei ir 4 sprauslu izm\u0113ri \u2014 ide\u0101li piem\u0113roti gan prec\u012bzai PVC cauru\u013cu metin\u0101\u0161anai, gan liela m\u0113roga darbiem, piem\u0113ram, brezenta remontam. Viegli p\u0101rsl\u0113dziet sprauslas, lai tiktu gal\u0101 ar jebkuru uzdevumu.<\/div><\/div><div class=\"section\"><div class=\"section-title\"><\/div><div class=\"section-img small\"><img decoding=\"async\" src=\"\/vevor\/product\/PVCBRRJTZWGJ7OPJ8\/pvc-welding-gun-a100-2.3-pt.jpg\" \/><\/div><div class=\"section-mobile-img\"><img decoding=\"async\" src=\"\/vevor\/product\/PVCBRRJTZWGJ7OPJ8\/pvc-welding-gun-a100-2.3-pt.jpg\" \/><\/div><div class=\"section-desc\">VEVOR metin\u0101\u0161anas iek\u0101rtai ir augstas veiktsp\u0113jas t\u012bra vara motors, kas nodro\u0161ina stabilu temperat\u016bru un lielisku siltumvad\u012btsp\u0113ju. Pateicoties prec\u012bzai temperat\u016bras kontrolei, kaus\u0113\u0161anas process ir vienm\u0113r\u012bg\u0101ks. Motors pagarina t\u0101 kalpo\u0161anas laiku un ietver 78 dB zema trok\u0161\u0146a tehnolo\u0123iju uzlabotai metin\u0101\u0161anas pieredzei.<\/div><\/div><div class=\"section\"><div class=\"section-title\"><\/div><div class=\"section-img small\"><img decoding=\"async\" src=\"\/vevor\/product\/PVCBRRJTZWGJ7OPJ8\/pvc-welding-gun-a100-2.4-pt.jpg\" \/><\/div><div class=\"section-mobile-img\"><img decoding=\"async\" src=\"\/vevor\/product\/PVCBRRJTZWGJ7OPJ8\/pvc-welding-gun-a100-2.4-pt.jpg\" \/><\/div><div class=\"section-desc\">Apr\u012bkots ar jaud\u012bgu gaisa pl\u016bsmas sist\u0113mu, \u0161is karst\u0101 gaisa plastmasas metin\u0101\u0161anas apar\u0101ts uzlabo gaisa cirkul\u0101ciju un pa\u0101trina siltuma izkliedi, nodro\u0161inot stabilu veiktsp\u0113ju ilgsto\u0161as \u200b\u200blieto\u0161anas laik\u0101.<\/div><\/div><div class=\"section\"><div class=\"section-title\"><\/div><div class=\"section-img small\"><img decoding=\"async\" src=\"\/vevor\/product\/PVCBRRJTZWGJ7OPJ8\/pvc-welding-gun-a100-2.5-pt.jpg\" \/><\/div><div class=\"section-mobile-img\"><img decoding=\"async\" src=\"\/vevor\/product\/PVCBRRJTZWGJ7OPJ8\/pvc-welding-gun-a100-2.5-pt.jpg\" \/><\/div><div class=\"section-desc\">\u0160is metin\u0101\u0161anas apar\u0101ts, kas izgatavots no biezas ner\u016bs\u0113jo\u0161\u0101 t\u0113rauda uzmavas, pied\u0101v\u0101 izcilu iztur\u012bbu pret koroziju un iztur\u012bbu augst\u0101 temperat\u016br\u0101. Sp\u012bd\u012bg\u0101 ner\u016bs\u0113jo\u0161\u0101 t\u0113rauda virsma ir iztur\u012bga pret r\u016bsu, nodro\u0161inot ilgsto\u0161u kvalit\u0101ti.<\/div><\/div><div class=\"section\"><div class=\"section-img small\"><img decoding=\"async\" src=\"\/vevor\/product\/PVCBRRJTZWGJ7OPJ8\/pvc-welding-gun-a100-1.11-pt.jpg\" \/><\/div><div class=\"section-mobile-img\"><img decoding=\"async\" src=\"\/vevor\/product\/PVCBRRJTZWGJ7OPJ8\/pvc-welding-gun-a100-1.11-pt.jpg\" \/><\/div><\/div><\/div><\/body><\/html><\/div>\n<div class=\"DM_at-title\" id=\"js-DM_at-title\"> <div>Produkta specifik\u0101cija<\/div> <i class=\"icon-arrowup_line\"><\/i> <\/div><div class=\"DM_at-goodsDescAttr\" id=\"js-DM_at-goodsDescAttr\"> <div class=\"DM_at-goodsDescAttrInner\"> <dl class=\"goodsDesc_item goodsDesc_item_even\"> <dt>Preces Mode\u013ca Numurs<\/dt> <dd> DSH-D1<\/dd> <\/dl> <dl class=\"goodsDesc_item\"> <dt>Jauda<\/dt> <dd> 1600 W<\/dd> <\/dl> <dl class=\"goodsDesc_item goodsDesc_item_even\"> <dt>Gaisa pl\u016bsmas \u0101trums<\/dt> <dd> 4,5\u20135,0 m\/s<\/dd> <\/dl> <dl class=\"goodsDesc_item\"> <dt>Temperat\u016bras Diapazons<\/dt> <dd> 50\u00b0C\u2013600\u00b0C \/ 122 \u2109\u20131112 \u2109<\/dd> <\/dl> <dl class=\"goodsDesc_item goodsDesc_item_even\"> <dt>Produkta svars (ar visiem piederumiem)<\/dt> <dd> 4,85 m\u0101rci\u0146as \/ 2,2 kg<\/dd> <\/dl> <dl class=\"goodsDesc_item\"> <dt>Produkta Izm\u0113ri<\/dt> <dd> 13 x 3,7 x 2,2 collas \/ 330 x 95 x 56 mm<\/dd> <\/dl> <\/div> <\/div>","protected":false},"excerpt":{"rendered":"<ul>\n<li> Viegli lietojams un p\u0101rn\u0113s\u0101jams: VEVOR karst\u0101 gaisa plastmasas metin\u0101t\u0101ja komplekts ir veidots ar jaud\u012bgu 1600 W motoru, padarot to ide\u0101li piem\u0113rotu termoplastu veido\u0161anai, metin\u0101\u0161anai un loc\u012b\u0161anai. Kompakts un ergonomisks, to ir viegli tur\u0113t, viegli p\u0101rn\u0113s\u0101t un piem\u0113rots gan ies\u0101c\u0113jiem, gan profesion\u0101\u013ciem. <\/li>\n<li> Ilgs kalpo\u0161anas laiks: \u0160\u012b karst\u0101 gaisa plastmasas metin\u0101\u0161anas apar\u0101ta sprauslas un uzmavas ir izgatavotas no augstas temperat\u016bras iztur\u012bga ner\u016bs\u0113jo\u0161\u0101 t\u0113rauda. Tas ir izstr\u0101d\u0101ts, lai iztur\u0113tu pret koroziju un nodilumu, t\u0101p\u0113c saglab\u0101 iztur\u012bbu un stabilit\u0101ti pat intens\u012bvas lieto\u0161anas laik\u0101, neradot sviedrus. <\/li>\n<li> Regul\u0113jams siltuma diapazons: \u0160is PVC metin\u0101\u0161anas pistoles komplekts uzsilst no 49\u00b0C l\u012bdz 490\u00b0C, padarot to ide\u0101li piem\u0113rotu da\u017e\u0101diem materi\u0101liem. Viegli iestatiet ide\u0101lo siltuma l\u012bmeni ar 9 l\u012bme\u0146u regulatoru. Karstumiztur\u012bgais rokturis nodro\u0161ina dro\u0161\u012bbu un komfortu katra projekta laik\u0101. <\/li>\n<li> Pla\u0161s pielietojums: VEVOR karst\u0101 gaisa pistoles PVC metin\u0101\u0161anas iek\u0101rta ir daudzpus\u012bgs instruments kajaku, kravas automa\u0161\u012bnu tentu, TPO jumtu, PVC gr\u012bdu, \u016bdensnecaurlaid\u012bgu audumu, peldbaseinu, automa\u0161\u012bnu bamperu un citu deta\u013cu remontam. To var izmantot konstrukciju metin\u0101\u0161anai uz pl\u0101ksn\u0113m\/cauru\u013cvadiem\/pl\u0113ves, kas izgatavotas no PVC\/PE\/PP\/PVDF plastmasas materi\u0101la, un tas ir ide\u0101li piem\u0113rots m\u0101jas apkopei, auto remontam un profesion\u0101lai lieto\u0161anai. <\/li>\n<li> Profesion\u0101ls plastmasas metin\u0101\u0161anas komplekts: M\u016bsu PVC metin\u0101\u0161anas pistoles komplekt\u0101 ietilpst viss nepiecie\u0161amais: 40 mm sarkans \u0161uvju rull\u012btis, 28 mm sarkans \u0161uvju rull\u012btis, 28 mm balts \u0161uvju rull\u012btis, vara \u0161uvju rull\u012btis, sild\u012b\u0161anas serde, 60\u00ba 20 mm plakana sprausla, 90\u00ba 20 mm plakana sprausla, 40 mm plata plakana sprausla un 20 mm \u0161aura plakana sprausla. Ar \u0161iem piederumiem jums b\u016bs viss nepiecie\u0161amais, lai s\u0101ktu plastmasas metin\u0101\u0161anas projektus. <\/li>\n<\/ul>","protected":false},"featured_media":361837,"comment_status":"closed","ping_status":"open","template":"","meta":{"om_disable_all_campaigns":false,"_monsterinsights_skip_tracking":false,"_monsterinsights_sitenote_active":false,"_monsterinsights_sitenote_note":"","_monsterinsights_sitenote_category":0,"_uf_show_specific_survey":0,"_uf_disable_surveys":false},"location":[1935,1934],"product_brand":[21],"product_cat":[4777,2374,2468,2882,2469],"product_tag":[],"class_list":{"0":"post-145338","1":"product","2":"type-product","3":"status-publish","4":"has-post-thumbnail","6":"location-supplier_stock_location","7":"location-local_stock_location","8":"product_brand-vevor","9":"product_cat-pvc-welding-gun","10":"product_cat-tools","11":"product_cat-welding-soldering","12":"product_cat-welding-kits","13":"product_cat-welding-supplies-welding-soldering","15":"first","16":"instock","17":"taxable","18":"shipping-taxable","19":"purchasable","20":"product-type-simple"},"aioseo_notices":[],"jetpack_sharing_enabled":true,"locations":[{"id":1935,"name":"Pieg\u0101d\u0101ja noliktav\u0101 (5-7dd.d)","slug":"supplier_stock_location","quantity":"2"},{"id":1934,"name":"R\u012bgas veikal\u0101 (0-2d.d.)","slug":"local_stock_location","quantity":"0"}],"_links":{"self":[{"href":"https:\/\/vevorshop.lv\/lv\/wp-json\/wp\/v2\/product\/145338","targetHints":{"allow":["GET"]}}],"collection":[{"href":"https:\/\/vevorshop.lv\/lv\/wp-json\/wp\/v2\/product"}],"about":[{"href":"https:\/\/vevorshop.lv\/lv\/wp-json\/wp\/v2\/types\/product"}],"replies":[{"embeddable":true,"href":"https:\/\/vevorshop.lv\/lv\/wp-json\/wp\/v2\/comments?post=145338"}],"wp:featuredmedia":[{"embeddable":true,"href":"https:\/\/vevorshop.lv\/lv\/wp-json\/wp\/v2\/media\/361837"}],"wp:attachment":[{"href":"https:\/\/vevorshop.lv\/lv\/wp-json\/wp\/v2\/media?parent=145338"}],"wp:term":[{"taxonomy":"location","embeddable":true,"href":"https:\/\/vevorshop.lv\/lv\/wp-json\/wp\/v2\/location?post=145338"},{"taxonomy":"product_brand","embeddable":true,"href":"https:\/\/vevorshop.lv\/lv\/wp-json\/wp\/v2\/product_brand?post=145338"},{"taxonomy":"product_cat","embeddable":true,"href":"https:\/\/vevorshop.lv\/lv\/wp-json\/wp\/v2\/product_cat?post=145338"},{"taxonomy":"product_tag","embeddable":true,"href":"https:\/\/vevorshop.lv\/lv\/wp-json\/wp\/v2\/product_tag?post=145338"}],"curies":[{"name":"wp","href":"https:\/\/api.w.org\/{rel}","templated":true}]}}