{"id":145755,"date":"2025-01-14T06:22:48","date_gmt":"2025-01-14T06:22:48","guid":{"rendered":"https:\/\/vevorshop.lv\/en_us\/Prece\/vevor-100ft-30-48m-x-3-4-1-9cm-hdpe-aluminum-air-compressor-line-kit-with-accessories-for-workshop-factory-use\/"},"modified":"2026-03-12T03:14:15","modified_gmt":"2026-03-12T01:14:15","slug":"vevor-100ft-30-48m-x-3-4-1-9cm-hdpe-aluminum-air-compressor-line-kit-with-accessories-for-workshop-factory-use","status":"publish","type":"product","link":"https:\/\/vevorshop.lv\/lv\/Prece\/vevor-100ft-30-48m-x-3-4-1-9cm-hdpe-aluminija-gaisa-kompresora-linijas-komplekts-ar-piederumiem-darbnicas-rupnicas-lietosanai\/","title":{"rendered":"VEVOR 30,5 m x 19 mm HDPE-Alum\u012bnija saspiest\u0101 gaisa l\u012bnijas komplekts \u2013 necaurlaid\u012bga, spiedieniztur\u012bga cauru\u013cu sist\u0113ma gar\u0101\u017e\u0101m un darbn\u012bc\u0101m"},"content":{"rendered":"<div style=\"color: #fff!important; font-size: 16px; height: 24px; line-height: 24px; margin-top: -24px; \" class=\"product_original_name\">VEVOR gaisa kompresora l\u012bnijas komplekts, 100FT x 3\/4\", HDPE-alum\u012bnija saspiest\u0101 gaisa cauru\u013cvadu sist\u0113ma, necaurlaid\u012bga, spiedieniztur\u012bga un viegli uzst\u0101d\u0101ma, saspiest\u0101 gaisa l\u012bnijas cauru\u013cu komplekts gar\u0101\u017eu darbn\u012bc\u0101m, zils<\/div>\n<div style=\"color: #fff!important; font-size: 16px; height: 24px; line-height: 24px; margin-top: -24px; \" class=\"product_sku\">M5W2PN9R<\/div>\n<div style=\"color: #fff!important; font-size: 16px; height: 24px; line-height: 24px; margin-top: -24px; \" class=\"product_mpn\">YSKQGDXT34INQP8IVV0<\/div><div id=\"js-DM_at-goodDescRich\"><html><head><style>  body {    font-family: Arial;    line-height: 1.5;    color: #1c1c1c;    overflow-x: hidden;    margin: 0;    padding: 0;  }  .MsoNormal b {    font-weight: bolder;  }<\/style><style>  .container.small {    width: 970px;    margin: 0 auto;  }  .logo {    margin: 0 auto 0;  }  .logo img {    display: block;    margin: 0 auto;    max-width: 100%;  }  .logo .pc-banner {    display: block;    width: 1200px;    height: 247.4px;    margin: 0 auto;  }  .logo .pc-banner.small {    width: 970px;  }  .logo .pc-banner.small img {    height: auto!important;  }  .logo .m-banner {    display: none;  }  .ytvideo {    position: relative;    height: 546px;    width: 100%;    margin: 0 auto;  }  .ytvideo img {    width: 100%;    margin: 0 auto;  }  .ytvideo .play-btn {    width: 60px;    height: 42px;    position: absolute;    top: 50%;    left: 50%;    transform: translate(-50%, -50%);    background: url(\"data:image\/png;base64,iVBORw0KGgoAAAANSUhEUgAAAGQAAABGCAMAAAANWMFbAAAC+lBMVEUAAADBGB3kLCfBGB3kLCfcJC7BFx3KKSbiKybkLCbWJCPSIiLSIiLPICHAFx3kLCfgKSXNHiDZJiTIGx\/p4eHcjo7LHSDbJyTkLCbjKyfOHyHPIiL28fHJHB\/GGh7EGR7eKCXDGB3RISHlLSbBGB3AFxzGHB7DGB7BGB3hKybkKybAFx3lLCfAFxzDGR3hKibDGB7cJyTmz8\/elJTlwcHjurrUIyLlLSflLSfAFx3DGR7lLSfCFx3hKibhKibhKybjKybkLCblLSfbJSX49vbx7e3NNzjNMTLMJyjVIyLZf3\/ZQ0LaeHjx0tLgoqLkLCfCGB3HGx\/BGB3BFx3PICHCGB7WJCLOHyC\/Fxy\/Fx3lLCfQISHkLSe\/FxzbJiTBFx3FGx\/AGB7BFx3EGR7AGB3HHSDfKiXAFh3TISHYNzbhKibbJyTTIiL57e325+f039\/v2NjUV1fOHiHiqanfmprch4feKSXVIyPOICHmLibFGh\/mLSe\/Fx7XJCPeKSXXJSPNHyHaJyTGGh7lLCbmLCflLSjSIiLkLCbdKSXLHiC\/GB3KHh++Fh3lKyfoLiXcKCPkx8fYb2\/XaGfVXl3aU1LLHiDksbHgKibPICHbJyTfKSXbJyTCGB3KHSDiKybFGh7TIiL\/\/\/\/VIyPRISHIHB\/GGx\/HHB\/DGR7gKibdKCXLHiDZJiTMHiDNHyHYJSTOICHPICHWJCPcKCXXJSPjLCblLCf+\/f3NGR\/uLijzLynPGR\/IGB7WISHaIyLLGh7UAADxLynNAADRLzDbICLQAADIAAD3MCrUHSHXMTDpKSbLAADp5OTij4\/ejo\/VLy\/1LyngJSTcJCPQHx\/OHB7+\/PzaMS\/OLS\/vLijrLSjSAADaNTPwLyjkKSbNJCbYISHPHB\/KGB7WAAD7+vrn3d3aKynTKCjoLCfsKifRGh\/YAADq5+fhjo7QNDXXKCfmJyXt5+fTLzDLLi\/QKivYHRvMGBrQJCXLISPMExXLDxLaEAvkkI\/bOTfaFQ\/SCgpvLcnHAAAAmnRSTlMA+vv7+gT9Bvf9+8z8\/NSv\/Pr5+P7++vnQIBMP\/v38\/Pn348XDiCYf9OjbzcqxXVcx\/fz8+\/rj1r2poo1+fXFqX0orGP7+\/v7+\/fz8+\/r68uzn4trIxsG\/vri3p6GcmZSNbWVYUUZEPQv+\/f39+\/v7+\/v7+vr64tvV1NTTz87FtbSurqeblJKFg4B3bUY+NjL7+\/v7+\/v67t1cDo8JLQAABkRJREFUWMO0kz9rwkAYh0OIeJkum6YugUAhISCdKoj\/P4C7SMdS+gEKIhSKil10LSg4mzXkILdlEpxCpwTiWOLX6BujvQaEQuGeHLnL+\/64J+SIcKGYTYWnntpdLjrVdqvZmNdn0+EE40GtpuuWVS6Xx6N7YDSGpWXpeq02wHgynM7q80az1a52HpddtVcpsi1zFARBrdaxbhp9iUReTGmwA4KAAr7vx3EYejnCMI6hQYEgy0LQi4jUN0wL19vqFcUC9\/1dAKmEEFkWRYkh5oBejnxQJiSJPJ\/uKBp0Thszx9Mw8hMRIQjKsptCfuES9zr5WJY6vSFCIvE9fCMUmEM1A1kSXcYGxgVYsvI1IPKTZciSTI0us\/SMGG04gDzELDoFBwdcFJrF88dqgYMTiL6DILWYyfOWE8\/kIz38olCNlC03FK95+imxp6y4oUSvAnBjHHhKNtotSDqJzVFiK8c2SBqhZtsrTtgrLXwAyduxZHNE26eHUt5rtuM4WSmds3G+sUdWYo1L+XyxButoh5eKUHk5lByO3G1LqqCWVnfrv\/lyPtf\/4ps1cndNGIri8J1TJ0lx6dR\/oPjq1nbRwdp2dCk4CtIOLW3pVKRL6WZfS5vF2KkIQhpwSsjiYIgNCs1gEMGqiIq24NQX9NwoXFy8Ufrl3twTcg4fv8T9\/JBEySduj6Mjm4bMzYV7EEOxKjjoNDud7yY3Dy71Hq2oLmqfbNR723edH9PgMrNL2utoQ3VmaIDkiw\/4w51P06hlZsTZvkRrbVuSIs\/zwSOsycgzStQouoAkWQqioRT5XI7n2Z1wfVhoZmcAJLsoqjqpjbWCgpOAJXBwHK8PzWbNvoUZJND5wCnSkLAkZ1legx6vqQzjoiTahKlGUGLAiIIoABOHaNVw4sexZBym6\/HWlH5h3IC7yRbxtipcWxdTOkORKiNQAEkFf66x5S2oeRbroOlLgg0sSYkR0hRGEqJZ0jTPiQKatESdBckpWigxaapEH0lImHdWu9pUFF2XqMNM2Z4kped7IwEJw2qabwtrQqnpw6HyKkgcadKWsmpywwesDyIhYRpdzXddqegtGIJlXbAIUMOLkGxJUjRIkokwjUaX9d\/kK62ps\/tYUqZLIMkLTyBhsMZ3C5Z\/kDxOSCb\/DOs\/\/J0qcWSX\/2ipe56EgTCA4\/cB7NAYOsni4mZM1MUPAISoEwkDi4lhVBQ1cWQyIcwalw4EpqZN68JUSK7XC0kTlkLYii5uXSC8jT5ncCAS7mjCv0uHp\/3lueHEEAeQ\/\/VgmdN71\/2uCSA1Xr6DO6uI6sW56zqT2tp2PhgiRUAajV8CY2fkcz6WGNKMgLAt7tJAhD4YHMTeRxlALE6+43WqjSWi8ITxyJl8WrwWSNESQZZOqhDDntO3hJLsd5RtSpbJqdv3YrDJH3F7jL1R2O2aQkn2MyCyKYz0GPGIvSAMgBCrCEiJyKbBaYGwLW4uPRr0A0M4Ux5kUI7IBh+hMdiCEWNqhMZGyYMsOgNE58UQuEQeUnSWCMYwL54hkxK6IoqucQZbQ3pc3XtL0lky1dL0zZJJDpWJovFqpWj6JEHnyam2eQp5QRVAVHjWparTOaVwUOx99YS2MvgxIGV0bb+qIg2HX2qkFFJB+XZcbLiuRkuxD9GRroKyveLxdh4d7Orx+hb7qc3uVRuEogCOnyIxm4ubUoPgF4jianDrC+SDQDKEfJb0GUKmjCGPYHGJvVC6X4hw1\/sAfQAdfYyephIaspXe36RwOP+Ljvfx9B6B3i+Nk0DGq+oCbLn6JpBa9nWAveAIHwFAwtVcIJXPMPL8kRu5OAYPMaL1WScTxjiZDqB9LTJSWphow\/pTYKRTLjCBhvi9iBidvKcDasGSm0QQkycYuLBqj6QCELPctqChDWpTRMWkngNNpQ1Pfp1KkiT\/Y0DGffXAweUNfLAfaJFKDwhb6I+bkYRbkERoEeu3Fyjg2opMz2daZCS9jt6Q7txNfB+OZEVF6Zl5web2xunnLQrtrjXseXKaFYziYINeMFZVxS9VxRhOoesYwxPKXm+gWLG9cuFeq93UNNeJNsf1KlwuDok9n02n3TgIJpOxNfL9naIoQwXtfH9kjceTIIi709ncTg6LZbg+biLH1V6u\/7rxBem06VXKn9raAAAAAElFTkSuQmCC\")      no-repeat center center \/ contain;  }  @media screen and (max-width: 960px) and (orientation: portrait) {    .logo {      width: 100%;    }    .logo .pc-banner {      display: none;    }    .logo .m-banner {      display: block;      width: 100%;    }    .logo .m-banner img {      height: auto!important;    }    .ytvideo {      height: 200px;      width: 100%;    }  }<\/style><style>  .video-section {    width: 100%;    margin: 0 auto;  }  .video-section > img {    width: 100%;  }  .video-section iframe,  .video-section video {    width: 100%;    height: 100%;      }  .video-section-img-m,  .video-section-img-pc > img {    width: 100%;    height: auto;  }  .video-section-img-pc.small > img {    width: 970px;  }  .video-desc {    line-height: 1.5;    font-size: 20px;    font-weight: 400;    margin: 20px 0;    text-align: center;    color: #0f1111;    word-break: break-word;  }  @media screen and (max-width: 960px) and (orientation: portrait) {    .video-section {      width: 100%;    }    .video-section-pc,    .video-section-img-pc {      display: none;    }    .video-section-m,    .video-section-img-m {      display: block;    }    .video-desc {      font-size: 15px;    }  }  @media screen and (min-width: 960px) {    .video-section {      width: 100%;      margin: 0 auto;    }    .video-section-pc,    .video-section-img-pc {      display: block;    }    .video-section-m,    .video-section-img-m {      display: none;    }    .video-desc {      font-size: 20px;    }  }<\/style><style>  .section + .section {    margin-top: 35px;  }  .section-title {    text-align: center;    font-weight: bold;    color: #0d1111;    font-family: \"Arial\";    font-size: 32px;    margin: 15px 0;  }  .section-title:empty {    display: none;  }  .section-desc {    text-align: center;    font-weight: normal;    color: #0d1111;    margin-top: 20px;  }  .section-desc:empty {    display: none;  }  .section-img {    width: 1200px;    height: 492px;    margin: 0 auto;    display: block;  }  .section-img.small {    width: 970px;    height: auto;  }  .section-img.small > img {    height: auto;  }  .section-img > img {    width: 100%;    height: 100%;  }  .section-mobile-img {    display: none;    max-width: 100vw;    max-height: 75vw;    height: 450px;    margin: 0 auto;  }  .section-mobile-img > img {    width: 100%;    height: 100%;  }  @media screen and (max-width: 960px) and (orientation: portrait) {    .container {      width: 100%;    }    .container.small {      width: 100%;    }    .section-mobile-img {      display: block;    }    .section-img {      display: none;    }    .section-title {      font-size: 22px;      margin: 10px 0;    }    .section-desc {      margin-top: 10px;    }    .section + .section {      margin-top: 20px;    }  }<\/style><\/head><body><div class=\"container small\"><div class=\"logo\"><div class=\"pc-banner small\"><div><img decoding=\"async\" src=\"\/vevor\/vevor\/boutique-banner\/pc\/en-pc@1x.jpg\" style=\"width: 100%;\" \/><\/div><\/div><div class=\"m-banner\"><div><img decoding=\"async\" src=\"\/vevor\/vevor\/boutique-banner\/mobile\/en-m@1x.jpg\" style=\"width: 100%;\" \/><\/div><\/div><\/div><div class=\"section-title\">Jauniniet savu saspiest\u0101 gaisa sist\u0113mu<\/div><div class=\"video-section\"><div class=\"video-section-img-pc small\"><img decoding=\"async\" src=\"\/vevor\/product\/YSKQGDXT34INQP8IV\/compressed-air-line-kit-a100-1.4-pt.jpg\" \/><\/div><div class=\"video-section-img-m\"><img decoding=\"async\" src=\"\/vevor\/product\/YSKQGDXT34INQP8IV\/compressed-air-line-kit-a100-1.4-pt.jpg\" \/><\/div><div class=\"section-desc\">M\u016bsu 100 p\u0113du x 3\/4 collu saspiest\u0101 gaisa cauru\u013cvadu sist\u0113mai ir HDPE-alum\u012bnija-HDPE tr\u012bssl\u0101\u0146u strukt\u016bra, kas nodro\u0161ina izcilu iztur\u012bbu pret koroziju, augsta spiediena iztur\u012bbu un izcilu iztur\u012bbu. T\u0101 ir bez nopl\u016bd\u0113m un viegli uzst\u0101d\u0101ma, nodro\u0161inot uzticamu un efekt\u012bvu gaisa padevi r\u016bpn\u012bc\u0101m un darbn\u012bc\u0101m.<\/div><\/div><div class=\"section\"><div class=\"section-title\"><\/div><div class=\"section-img small\"><img decoding=\"async\" src=\"\/vevor\/product\/YSKQGDXT34INQP8IV\/compressed-air-line-kit-a100-2.2-pt.jpg\" \/><\/div><div class=\"section-mobile-img\"><img decoding=\"async\" src=\"\/vevor\/product\/YSKQGDXT34INQP8IV\/compressed-air-line-kit-a100-2.2-pt.jpg\" \/><\/div><div class=\"section-desc\">\u0160is gaisa kompresora cauru\u013cvadu komplekts, kas izgatavots ar iztur\u012bgu HDPE-Aluminum-HDPE 3 sl\u0101\u0146u strukt\u016bru, pied\u0101v\u0101 izcilu iztur\u012bbu pret koroziju, uzlabotu iztur\u012bbu un sp\u0113ju iztur\u0113t augstu spiedienu. Tas nodro\u0161ina konsekventu un efekt\u012bvu gaisa padevi, kas ir ide\u0101li piem\u0113rota r\u016bpn\u012bc\u0101m vai darbn\u012bc\u0101m.<\/div><\/div><div class=\"section\"><div class=\"section-title\"><\/div><div class=\"section-img small\"><img decoding=\"async\" src=\"\/vevor\/product\/YSKQGDXT34INQP8IV\/compressed-air-line-kit-a100-2.3-pt.jpg\" \/><\/div><div class=\"section-mobile-img\"><img decoding=\"async\" src=\"\/vevor\/product\/YSKQGDXT34INQP8IV\/compressed-air-line-kit-a100-2.3-pt.jpg\" \/><\/div><div class=\"section-desc\">M\u016bsu HDPE-alum\u012bnija gaisa cauru\u013cvadu sist\u0113mas komplekt\u0101 ir iek\u013cauti visi uzst\u0101d\u012b\u0161anai nepiecie\u0161amie instrumenti. Vienk\u0101r\u0161i izpildiet vienk\u0101r\u0161os nor\u0101d\u012bjumus, lai iestat\u012btu visu saspiest\u0101 gaisa sist\u0113mu - nav nepiecie\u0161ami papildu instrumenti vai pirkumi.<\/div><\/div><div class=\"section\"><div class=\"section-title\"><\/div><div class=\"section-img small\"><img decoding=\"async\" src=\"\/vevor\/product\/YSKQGDXT34INQP8IV\/compressed-air-line-kit-a100-2.4-pt.jpg\" \/><\/div><div class=\"section-mobile-img\"><img decoding=\"async\" src=\"\/vevor\/product\/YSKQGDXT34INQP8IV\/compressed-air-line-kit-a100-2.4-pt.jpg\" \/><\/div><div class=\"section-desc\">\u0160\u012b saspiest\u0101 gaisa cauru\u013cu sist\u0113ma pied\u0101v\u0101 2 elast\u012bgas st\u016bra savienojuma metodes.J\u016bs varat izv\u0113l\u0113ties 90 gr\u0101du elko\u0146a stiprin\u0101jumu taisnle\u0146\u0137a savienojumam, kas samazina lieces r\u0101diusu, vai izv\u0113l\u0113ties r\u0101diusa lieces metodi, viegli piel\u0101gojot v\u0113lamo formu ar lieces r\u0101diusu no 6 l\u012bdz 8 coll\u0101m.<\/div><\/div><div class=\"section\"><div class=\"section-title\"><\/div><div class=\"section-img small\"><img decoding=\"async\" src=\"\/vevor\/product\/YSKQGDXT34INQP8IV\/compressed-air-line-kit-a100-2.5-pt.jpg\" \/><\/div><div class=\"section-mobile-img\"><img decoding=\"async\" src=\"\/vevor\/product\/YSKQGDXT34INQP8IV\/compressed-air-line-kit-a100-2.5-pt.jpg\" \/><\/div><div class=\"section-desc\">Pieredze augstas efektivit\u0101tes un stabilu gaisa pl\u016bsmu ar m\u016bsu saspiest\u0101 gaisa cauru\u013cvadu sist\u0113mu Izstr\u0101d\u0101ts no augst\u0101k\u0101s kvalit\u0101tes materi\u0101liem augsta spiediena un korozijas iztur\u012bbai, \u0161\u012b nopl\u016bdes sist\u0113ma ir go-to risin\u0101jums ide\u0101li piem\u0113rots j\u016bsu veikaliem vai gar\u0101\u017e\u0101m.<\/div><\/div><div class=\"section\"><div class=\"section-img small\"><img decoding=\"async\" src=\"\/vevor\/product\/YSKQGDXT34INQP8IV\/compressed-air-line-kit-a100-1.11-pt.jpg\" \/><\/div><div class=\"section-mobile-img\"><img decoding=\"async\" src=\"\/vevor\/product\/YSKQGDXT34INQP8IV\/compressed-air-line-kit-a100-1.11-pt.jpg\" \/><\/div><\/div><\/div><\/body><\/html><\/div>\n<div class=\"DM_at-title\" id=\"js-DM_at-title\"> <div>Produkta specifik\u0101cija<\/div> <i class=\"icon-arrowup_line\"><\/i> <\/div><div class=\"DM_at-goodsDescAttr\" id=\"js-DM_at-goodsDescAttr\"> <div class=\"DM_at-goodsDescAttrInner\"> <dl class=\"goodsDesc_item goodsDesc_item_even\"> <dt>Preces Mode\u013ca Numurs<\/dt> <dd> V\u0100CI\u0145\u0160 100 p\u0113das<\/dd> <\/dl> <dl class=\"goodsDesc_item\"> <dt>Materi\u0101ls<\/dt> <dd> HDPE + alum\u012bnijs<\/dd> <\/dl> <dl class=\"goodsDesc_item goodsDesc_item_even\"> <dt>\u0100r\u0113jais Diametrs<\/dt> <dd> 1 colla \/ 25,4 mm<\/dd> <\/dl> <dl class=\"goodsDesc_item\"> <dt>Iek\u0161\u0113jais diametrs<\/dt> <dd> 3\/4 collas \/ 19,05 mm<\/dd> <\/dl> <dl class=\"goodsDesc_item goodsDesc_item_even\"> <dt>PU caurules garums<\/dt> <dd> 100 p\u0113das \/ 30,48 m<\/dd> <\/dl> <dl class=\"goodsDesc_item\"> <dt>Darba Spiediens<\/dt> <dd> 200 PSI (73\u00b0F) un 160 PSI (140\u00b0F)<\/dd> <\/dl> <dl class=\"goodsDesc_item goodsDesc_item_even\"> <dt>Kr\u0101sa<\/dt> <dd> Zils<\/dd> <\/dl> <dl class=\"goodsDesc_item\"> <dt>Neto Svars<\/dt> <dd> 19,51 m\u0101rci\u0146as \/ 8,85 kg<\/dd> <\/dl> <dl class=\"goodsDesc_item goodsDesc_item_even\"> <dt>Produkta Izm\u0113ri<\/dt> <dd> \u00d819,25 x 7,87 collas \/ \u00d8490 x 200 mm<\/dd> <\/dl> <\/div> <\/div>","protected":false},"excerpt":{"rendered":"<ul>\n<li> Tr\u012bssl\u0101\u0146u iztur\u012bba: izstr\u0101d\u0101ts ar iztur\u012bgu HDPE-Alum\u012bnijs-HDPE tr\u012bssl\u0101\u0146u strukt\u016bru, m\u016bsu 100FT x 3\/4\u2033 gaisa kompresoru l\u012bnijas komplekts nodro\u0161ina izcilu iztur\u012bbu pret koroziju un plais\u0101m, k\u0101 ar\u012b iztur\u012bbu, lai iztur\u0113tu augstu spiedienu. Tas nodro\u0161ina uzticamu un efekt\u012bvu gaisa pl\u016bsmu, lieliski piem\u0113rots lieto\u0161anai j\u016bsu r\u016bpn\u012bc\u0101 un darbn\u012bc\u0101. <\/li>\n<li> Pilns piederumu komplekts: \u0160aj\u0101 saspiest\u0101 gaisa cauru\u013cvadu sist\u0113mas piederumu komplekt\u0101 ietilpst 100 p\u0113du x 3\/4 collu caurules, 2 T veida savienojumi, 2 elko\u0146a savienojumi, 4 NPT savienojumi, 3 \u010detrvirzienu alum\u012bnija bloki, 3 misi\u0146a v\u0101rsti, 3 misi\u0146a aizb\u0101\u017e\u0146i, 20 cauru\u013cu skavas, k\u0101 ar\u012b cauru\u013cu griez\u0113js un sl\u012bp\u0113\u0161anas instruments. Komplekt\u0101 ietilpst visas sast\u0101vda\u013cas, kas pal\u012bdz\u0113s efekt\u012bvi izveidot stabilu un uzticamu gaisa padeves sist\u0113mu. <\/li>\n<li> Uzticama spiediena iztur\u012bba: apvienojot izcil\u0101s HDPE un alum\u012bnija \u012bpa\u0161\u012bbas, m\u016bsu gaisa kompresoru l\u012bniju sist\u0113ma nodro\u0161ina izcilu iztur\u012bbu un spiediena pretest\u012bbu. T\u0101 dro\u0161i darbojas darba spiedien\u0101 l\u012bdz 200 PSI (73\u00b0F) un 160 PSI (140\u00b0F), nodro\u0161inot jums ilgsto\u0161u un uzticamu gaisa padeves risin\u0101jumu. <\/li>\n<li> Elast\u012bgas uzst\u0101d\u012b\u0161anas iesp\u0113jas: \u0161\u012b saspiest\u0101 gaisa cauru\u013cu sist\u0113ma nodro\u0161ina 2 elast\u012bgas st\u016bra savienojuma iesp\u0113jas. Varat izv\u0113l\u0113ties 90 gr\u0101du elko\u0146a stiprin\u0101jumu taisnle\u0146\u0137a savienojumam; vai izv\u0113lieties r\u0101diusa saliekuma metodi, \u013caujot viegli veidot cauruli ar lieces r\u0101diusu no 6 l\u012bdz 8 coll\u0101m. <\/li>\n<li> Bez nopl\u016bdes, vienk\u0101r\u0161a iestat\u012b\u0161ana: m\u016bsu HDPE\/alum\u012bnija gaisa cauru\u013cvadu sist\u0113ma ir apr\u012bkota ar O veida gredzena bl\u012bv\u0113jumu uzticamai nopl\u016bdes nov\u0113r\u0161anai, padarot to ide\u0101li piem\u0113rotu da\u017e\u0101d\u0101m profesion\u0101l\u0101m darbn\u012bc\u0101m. Lieliski piem\u0113rota automobi\u013cu remontam, gar\u0101\u017e\u0101m un r\u016bpn\u012bcas iestat\u012bjumiem, \u0161\u012b sist\u0113ma nodro\u0161ina efekt\u012bvu un uzticamu gaisa p\u0101rvade. <\/li>\n<\/ul>","protected":false},"featured_media":362812,"comment_status":"closed","ping_status":"open","template":"","meta":{"om_disable_all_campaigns":false,"_monsterinsights_skip_tracking":false,"_monsterinsights_sitenote_active":false,"_monsterinsights_sitenote_note":"","_monsterinsights_sitenote_category":0,"_uf_show_specific_survey":0,"_uf_disable_surveys":false},"location":[1935,1934],"product_brand":[21],"product_cat":[2376,2375,4757,2374],"product_tag":[],"class_list":{"0":"post-145755","1":"product","2":"type-product","3":"status-publish","4":"has-post-thumbnail","6":"location-supplier_stock_location","7":"location-local_stock_location","8":"product_brand-vevor","9":"product_cat-air-compressor-parts-accessories","10":"product_cat-air-compressor-tools","11":"product_cat-compressed-air-piping-system","12":"product_cat-tools","14":"first","15":"instock","16":"taxable","17":"shipping-taxable","18":"purchasable","19":"product-type-simple"},"aioseo_notices":[],"jetpack_sharing_enabled":true,"locations":[{"id":1935,"name":"Pieg\u0101d\u0101t\u0101ja noliktav\u0101 (5-7d.d.)","slug":"supplier_stock_location","quantity":"161"},{"id":1934,"name":"R\u012bgas veikal\u0101 (0-2d.d.)","slug":"local_stock_location","quantity":"0"}],"_links":{"self":[{"href":"https:\/\/vevorshop.lv\/lv\/wp-json\/wp\/v2\/product\/145755","targetHints":{"allow":["GET"]}}],"collection":[{"href":"https:\/\/vevorshop.lv\/lv\/wp-json\/wp\/v2\/product"}],"about":[{"href":"https:\/\/vevorshop.lv\/lv\/wp-json\/wp\/v2\/types\/product"}],"replies":[{"embeddable":true,"href":"https:\/\/vevorshop.lv\/lv\/wp-json\/wp\/v2\/comments?post=145755"}],"wp:featuredmedia":[{"embeddable":true,"href":"https:\/\/vevorshop.lv\/lv\/wp-json\/wp\/v2\/media\/362812"}],"wp:attachment":[{"href":"https:\/\/vevorshop.lv\/lv\/wp-json\/wp\/v2\/media?parent=145755"}],"wp:term":[{"taxonomy":"location","embeddable":true,"href":"https:\/\/vevorshop.lv\/lv\/wp-json\/wp\/v2\/location?post=145755"},{"taxonomy":"product_brand","embeddable":true,"href":"https:\/\/vevorshop.lv\/lv\/wp-json\/wp\/v2\/product_brand?post=145755"},{"taxonomy":"product_cat","embeddable":true,"href":"https:\/\/vevorshop.lv\/lv\/wp-json\/wp\/v2\/product_cat?post=145755"},{"taxonomy":"product_tag","embeddable":true,"href":"https:\/\/vevorshop.lv\/lv\/wp-json\/wp\/v2\/product_tag?post=145755"}],"curies":[{"name":"wp","href":"https:\/\/api.w.org\/{rel}","templated":true}]}}