{"id":147972,"date":"2025-01-25T06:25:48","date_gmt":"2025-01-25T06:25:48","guid":{"rendered":"https:\/\/vevorshop.lv\/en_us\/Prece\/vevor-multifunctional-adjustable-foldable-weight-bench-with-squat-rack-pull-up-handles-and-5-cm-2-inch-cushion-for-home-gym-supports-up-to-172-kg-380-lbs\/"},"modified":"2026-02-26T17:09:57","modified_gmt":"2026-02-26T15:09:57","slug":"vevor-multifunctional-adjustable-foldable-weight-bench-with-squat-rack-pull-up-handles-and-5-cm-2-inch-cushion-for-home-gym-supports-up-to-172-kg-380-lbs","status":"publish","type":"product","link":"https:\/\/vevorshop.lv\/lv\/Prece\/vevor-daudzfunkcionals-regulejams-saliekams-svara-sols-ar-tupet-plauktu-uzvilktam-rokturiem-un-5-cm-2-collu-spilvenu-majas-sporta-zalei-atbalsta-lidz-172-kg-380-lbs\/","title":{"rendered":"VEVOR daudzfunkcion\u0101ls regul\u0113jams svaru sols ar pietupienu stat\u012bvu un pievilk\u0161an\u0101s rokturiem, 172kg ietilp\u012bba, salok\u0101ms m\u0101jas trena\u017eieru z\u0101lei"},"content":{"rendered":"<div style=\"color: #fff!important; font-size: 16px; height: 24px; line-height: 24px; margin-top: -24px; \" class=\"product_original_name\">VEVOR svara stends, daudzfunkcion\u0101la regul\u0113jama svara stenda prese visa \u0137erme\u0146a treni\u0146am, 380 m\u0101rci\u0146as vingro\u0161ana S\u0113d\u0113t uz aug\u0161u m\u0101jas vingro\u0161anas sp\u0113ka treni\u0146am, plakans stends ar \u0101tru saloc\u012b\u0161anu un \u0101tru regul\u0113\u0161anu<\/div>\n<div style=\"color: #fff!important; font-size: 16px; height: 24px; line-height: 24px; margin-top: -24px; \" class=\"product_sku\">M6BSMONR<\/div>\n<div style=\"color: #fff!important; font-size: 16px; height: 24px; line-height: 24px; margin-top: -24px; \" class=\"product_mpn\">DGNKJZCKZDZY0RTEMV0<\/div><div id=\"js-DM_at-goodDescRich\"><html><head><style>  body {    font-family: Arial;    line-height: 1.5;    color: #1c1c1c;    overflow-x: hidden;    margin: 0;    padding: 0;  }  .MsoNormal b {    font-weight: bolder;  }<\/style><style>  .container.small {    width: 970px;    margin: 0 auto;  }  .logo {    margin: 0 auto 0;  }  .logo img {    display: block;    margin: 0 auto;    max-width: 100%;  }  .logo .pc-banner {    display: block;    width: 1200px;    height: 247.4px;    margin: 0 auto;  }  .logo .pc-banner.small {    width: 970px;  }  .logo .pc-banner.small img {    height: auto!important;  }  .logo .m-banner {    display: none;  }  .ytvideo {    position: relative;    height: 546px;    width: 100%;    margin: 0 auto;  }  .ytvideo img {    width: 100%;    margin: 0 auto;  }  .ytvideo .play-btn {    width: 60px;    height: 42px;    position: absolute;    top: 50%;    left: 50%;    transform: translate(-50%, -50%);    background: url(\"data:image\/png;base64,iVBORw0KGgoAAAANSUhEUgAAAGQAAABGCAMAAAANWMFbAAAC+lBMVEUAAADBGB3kLCfBGB3kLCfcJC7BFx3KKSbiKybkLCbWJCPSIiLSIiLPICHAFx3kLCfgKSXNHiDZJiTIGx\/p4eHcjo7LHSDbJyTkLCbjKyfOHyHPIiL28fHJHB\/GGh7EGR7eKCXDGB3RISHlLSbBGB3AFxzGHB7DGB7BGB3hKybkKybAFx3lLCfAFxzDGR3hKibDGB7cJyTmz8\/elJTlwcHjurrUIyLlLSflLSfAFx3DGR7lLSfCFx3hKibhKibhKybjKybkLCblLSfbJSX49vbx7e3NNzjNMTLMJyjVIyLZf3\/ZQ0LaeHjx0tLgoqLkLCfCGB3HGx\/BGB3BFx3PICHCGB7WJCLOHyC\/Fxy\/Fx3lLCfQISHkLSe\/FxzbJiTBFx3FGx\/AGB7BFx3EGR7AGB3HHSDfKiXAFh3TISHYNzbhKibbJyTTIiL57e325+f039\/v2NjUV1fOHiHiqanfmprch4feKSXVIyPOICHmLibFGh\/mLSe\/Fx7XJCPeKSXXJSPNHyHaJyTGGh7lLCbmLCflLSjSIiLkLCbdKSXLHiC\/GB3KHh++Fh3lKyfoLiXcKCPkx8fYb2\/XaGfVXl3aU1LLHiDksbHgKibPICHbJyTfKSXbJyTCGB3KHSDiKybFGh7TIiL\/\/\/\/VIyPRISHIHB\/GGx\/HHB\/DGR7gKibdKCXLHiDZJiTMHiDNHyHYJSTOICHPICHWJCPcKCXXJSPjLCblLCf+\/f3NGR\/uLijzLynPGR\/IGB7WISHaIyLLGh7UAADxLynNAADRLzDbICLQAADIAAD3MCrUHSHXMTDpKSbLAADp5OTij4\/ejo\/VLy\/1LyngJSTcJCPQHx\/OHB7+\/PzaMS\/OLS\/vLijrLSjSAADaNTPwLyjkKSbNJCbYISHPHB\/KGB7WAAD7+vrn3d3aKynTKCjoLCfsKifRGh\/YAADq5+fhjo7QNDXXKCfmJyXt5+fTLzDLLi\/QKivYHRvMGBrQJCXLISPMExXLDxLaEAvkkI\/bOTfaFQ\/SCgpvLcnHAAAAmnRSTlMA+vv7+gT9Bvf9+8z8\/NSv\/Pr5+P7++vnQIBMP\/v38\/Pn348XDiCYf9OjbzcqxXVcx\/fz8+\/rj1r2poo1+fXFqX0orGP7+\/v7+\/fz8+\/r68uzn4trIxsG\/vri3p6GcmZSNbWVYUUZEPQv+\/f39+\/v7+\/v7+vr64tvV1NTTz87FtbSurqeblJKFg4B3bUY+NjL7+\/v7+\/v67t1cDo8JLQAABkRJREFUWMO0kz9rwkAYh0OIeJkum6YugUAhISCdKoj\/P4C7SMdS+gEKIhSKil10LSg4mzXkILdlEpxCpwTiWOLX6BujvQaEQuGeHLnL+\/64J+SIcKGYTYWnntpdLjrVdqvZmNdn0+EE40GtpuuWVS6Xx6N7YDSGpWXpeq02wHgynM7q80az1a52HpddtVcpsi1zFARBrdaxbhp9iUReTGmwA4KAAr7vx3EYejnCMI6hQYEgy0LQi4jUN0wL19vqFcUC9\/1dAKmEEFkWRYkh5oBejnxQJiSJPJ\/uKBp0Thszx9Mw8hMRIQjKsptCfuES9zr5WJY6vSFCIvE9fCMUmEM1A1kSXcYGxgVYsvI1IPKTZciSTI0us\/SMGG04gDzELDoFBwdcFJrF88dqgYMTiL6DILWYyfOWE8\/kIz38olCNlC03FK95+imxp6y4oUSvAnBjHHhKNtotSDqJzVFiK8c2SBqhZtsrTtgrLXwAyduxZHNE26eHUt5rtuM4WSmds3G+sUdWYo1L+XyxButoh5eKUHk5lByO3G1LqqCWVnfrv\/lyPtf\/4ps1cndNGIri8J1TJ0lx6dR\/oPjq1nbRwdp2dCk4CtIOLW3pVKRL6WZfS5vF2KkIQhpwSsjiYIgNCs1gEMGqiIq24NQX9NwoXFy8Ufrl3twTcg4fv8T9\/JBEySduj6Mjm4bMzYV7EEOxKjjoNDud7yY3Dy71Hq2oLmqfbNR723edH9PgMrNL2utoQ3VmaIDkiw\/4w51P06hlZsTZvkRrbVuSIs\/zwSOsycgzStQouoAkWQqioRT5XI7n2Z1wfVhoZmcAJLsoqjqpjbWCgpOAJXBwHK8PzWbNvoUZJND5wCnSkLAkZ1legx6vqQzjoiTahKlGUGLAiIIoABOHaNVw4sexZBym6\/HWlH5h3IC7yRbxtipcWxdTOkORKiNQAEkFf66x5S2oeRbroOlLgg0sSYkR0hRGEqJZ0jTPiQKatESdBckpWigxaapEH0lImHdWu9pUFF2XqMNM2Z4kped7IwEJw2qabwtrQqnpw6HyKkgcadKWsmpywwesDyIhYRpdzXddqegtGIJlXbAIUMOLkGxJUjRIkokwjUaX9d\/kK62ps\/tYUqZLIMkLTyBhsMZ3C5Z\/kDxOSCb\/DOs\/\/J0qcWSX\/2ipe56EgTCA4\/cB7NAYOsni4mZM1MUPAISoEwkDi4lhVBQ1cWQyIcwalw4EpqZN68JUSK7XC0kTlkLYii5uXSC8jT5ncCAS7mjCv0uHp\/3lueHEEAeQ\/\/VgmdN71\/2uCSA1Xr6DO6uI6sW56zqT2tp2PhgiRUAajV8CY2fkcz6WGNKMgLAt7tJAhD4YHMTeRxlALE6+43WqjSWi8ITxyJl8WrwWSNESQZZOqhDDntO3hJLsd5RtSpbJqdv3YrDJH3F7jL1R2O2aQkn2MyCyKYz0GPGIvSAMgBCrCEiJyKbBaYGwLW4uPRr0A0M4Ux5kUI7IBh+hMdiCEWNqhMZGyYMsOgNE58UQuEQeUnSWCMYwL54hkxK6IoqucQZbQ3pc3XtL0lky1dL0zZJJDpWJovFqpWj6JEHnyam2eQp5QRVAVHjWparTOaVwUOx99YS2MvgxIGV0bb+qIg2HX2qkFFJB+XZcbLiuRkuxD9GRroKyveLxdh4d7Orx+hb7qc3uVRuEogCOnyIxm4ubUoPgF4jianDrC+SDQDKEfJb0GUKmjCGPYHGJvVC6X4hw1\/sAfQAdfYyephIaspXe36RwOP+Ljvfx9B6B3i+Nk0DGq+oCbLn6JpBa9nWAveAIHwFAwtVcIJXPMPL8kRu5OAYPMaL1WScTxjiZDqB9LTJSWphow\/pTYKRTLjCBhvi9iBidvKcDasGSm0QQkycYuLBqj6QCELPctqChDWpTRMWkngNNpQ1Pfp1KkiT\/Y0DGffXAweUNfLAfaJFKDwhb6I+bkYRbkERoEeu3Fyjg2opMz2daZCS9jt6Q7txNfB+OZEVF6Zl5web2xunnLQrtrjXseXKaFYziYINeMFZVxS9VxRhOoesYwxPKXm+gWLG9cuFeq93UNNeJNsf1KlwuDok9n02n3TgIJpOxNfL9naIoQwXtfH9kjceTIIi709ncTg6LZbg+biLH1V6u\/7rxBem06VXKn9raAAAAAElFTkSuQmCC\")      no-repeat center center \/ contain;  }  @media screen and (max-width: 960px) and (orientation: portrait) {    .logo {      width: 100%;    }    .logo .pc-banner {      display: none;    }    .logo .m-banner {      display: block;      width: 100%;    }    .logo .m-banner img {      height: auto!important;    }    .ytvideo {      height: 200px;      width: 100%;    }  }<\/style><style>  .video-section {    width: 100%;    margin: 0 auto;  }  .video-section > img {    width: 100%;  }  .video-section iframe,  .video-section video {    width: 100%;    height: 100%;      }  .video-section-img-m,  .video-section-img-pc > img {    width: 100%;    height: auto;  }  .video-section-img-pc.small > img {    width: 970px;  }  .video-desc {    line-height: 1.5;    font-size: 20px;    font-weight: 400;    margin: 20px 0;    text-align: center;    color: #0f1111;    word-break: break-word;  }  @media screen and (max-width: 960px) and (orientation: portrait) {    .video-section {      width: 100%;    }    .video-section-pc,    .video-section-img-pc {      display: none;    }    .video-section-m,    .video-section-img-m {      display: block;    }    .video-desc {      font-size: 15px;    }  }  @media screen and (min-width: 960px) {    .video-section {      width: 100%;      margin: 0 auto;    }    .video-section-pc,    .video-section-img-pc {      display: block;    }    .video-section-m,    .video-section-img-m {      display: none;    }    .video-desc {      font-size: 20px;    }  }<\/style><style>  .section + .section {    margin-top: 35px;  }  .section-title {    text-align: center;    font-weight: bold;    color: #0d1111;    font-family: \"Arial\";    font-size: 32px;    margin: 15px 0;  }  .section-title:empty {    display: none;  }  .section-desc {    text-align: center;    font-weight: normal;    color: #0d1111;    margin-top: 20px;  }  .section-desc:empty {    display: none;  }  .section-img {    width: 1200px;    height: 492px;    margin: 0 auto;    display: block;  }  .section-img.small {    width: 970px;    height: auto;  }  .section-img.small > img {    height: auto;  }  .section-img > img {    width: 100%;    height: 100%;  }  .section-mobile-img {    display: none;    max-width: 100vw;    max-height: 75vw;    height: 450px;    margin: 0 auto;  }  .section-mobile-img > img {    width: 100%;    height: 100%;  }  @media screen and (max-width: 960px) and (orientation: portrait) {    .container {      width: 100%;    }    .container.small {      width: 100%;    }    .section-mobile-img {      display: block;    }    .section-img {      display: none;    }    .section-title {      font-size: 22px;      margin: 10px 0;    }    .section-desc {      margin-top: 10px;    }    .section + .section {      margin-top: 20px;    }  }<\/style><\/head><body><div class=\"container small\"><div class=\"logo\"><div class=\"pc-banner small\"><div><img decoding=\"async\" src=\"\/vevor\/vevor\/boutique-banner\/pc\/en-pc@1x.jpg\" style=\"width: 100%;\" \/><\/div><\/div><div class=\"m-banner\"><div><img decoding=\"async\" src=\"\/vevor\/vevor\/boutique-banner\/mobile\/en-m@1x.jpg\" style=\"width: 100%;\" \/><\/div><\/div><\/div><div class=\"section-title\">Viss vien\u0101 svaru sols<\/div><div class=\"video-section\"><div class=\"video-section-img-pc small\"><img decoding=\"async\" src=\"\/vevor\/product\/DGNKJZCKZDZY0RTEM\/weight-bench-set-a100-1.4-pt.jpg\" \/><\/div><div class=\"video-section-img-m\"><img decoding=\"async\" src=\"\/vevor\/product\/DGNKJZCKZDZY0RTEM\/weight-bench-set-a100-1.4-pt.jpg\" \/><\/div><div class=\"section-desc\">\u0160im daudzfunkcion\u0101lajam svaru solam ir pietupienu stat\u012bvs \u0137erme\u0146a apak\u0161da\u013cas vingrin\u0101jumiem, 2 pievilk\u0161an\u0101s rokturi roku musku\u013cu tren\u0113\u0161anai un horizont\u0101ls sols v\u0113dera un k\u0101ju musku\u013cu tren\u0113\u0161anai.<\/div><\/div><div class=\"section\"><div class=\"section-title\"><\/div><div class=\"section-img small\"><img decoding=\"async\" src=\"\/vevor\/product\/DGNKJZCKZDZY0RTEM\/weight-bench-set-a100-2.2-pt.jpg\" \/><\/div><div class=\"section-mobile-img\"><img decoding=\"async\" src=\"\/vevor\/product\/DGNKJZCKZDZY0RTEM\/weight-bench-set-a100-2.2-pt.jpg\" \/><\/div><div class=\"section-desc\">\u0160is sp\u0113ka treni\u0146u sols ir izgatavots no iztur\u012bga, komerci\u0101las kvalit\u0101tes t\u0113rauda, \u200b\u200bpied\u0101v\u0101jot kompaktu un stabilu strukt\u016bru, kas nodro\u0161ina optim\u0101lu atbalstu.<\/div><\/div><div class=\"section\"><div class=\"section-title\"><\/div><div class=\"section-img small\"><img decoding=\"async\" src=\"\/vevor\/product\/DGNKJZCKZDZY0RTEM\/weight-bench-set-a100-2.3-pt.jpg\" \/><\/div><div class=\"section-mobile-img\"><img decoding=\"async\" src=\"\/vevor\/product\/DGNKJZCKZDZY0RTEM\/weight-bench-set-a100-2.3-pt.jpg\" \/><\/div><div class=\"section-desc\">\u0160im praktiskajam treni\u0146u solam ir salok\u0101ms dizains, ko var viegli nostiprin\u0101t ar apak\u0161\u0113j\u0101m tap\u0101m. Saloc\u012bt\u0101 veid\u0101 tas ietaupa 90% uzglab\u0101\u0161anas vietas, padarot to ide\u0101li piem\u0113rotu kompakt\u0101m telp\u0101m.<\/div><\/div><div class=\"section\"><div class=\"section-title\"><\/div><div class=\"section-img small\"><img decoding=\"async\" src=\"\/vevor\/product\/DGNKJZCKZDZY0RTEM\/weight-bench-set-a100-2.4-pt.jpg\" \/><\/div><div class=\"section-mobile-img\"><img decoding=\"async\" src=\"\/vevor\/product\/DGNKJZCKZDZY0RTEM\/weight-bench-set-a100-2.4-pt.jpg\" \/><\/div><div class=\"section-desc\">Atzveltnes un citu modu\u013cu augstumu var regul\u0113t atbilsto\u0161i da\u017e\u0101diem vingrin\u0101jumiem un \u0137erme\u0146a tipiem, nodro\u0161inot liel\u0101ku \u0113rt\u012bbu treni\u0146a laik\u0101. Ar da\u017e\u0101diem vingrin\u0101jumiem var tren\u0113t k\u0101jas, muguru, kr\u016btis, v\u0113dera presi, plecus un rokas.<\/div><\/div><div class=\"section\"><div class=\"section-title\"><\/div><div class=\"section-img small\"><img decoding=\"async\" src=\"\/vevor\/product\/DGNKJZCKZDZY0RTEM\/weight-bench-set-a100-2.5-pt.jpg\" \/><\/div><div class=\"section-mobile-img\"><img decoding=\"async\" src=\"\/vevor\/product\/DGNKJZCKZDZY0RTEM\/weight-bench-set-a100-2.5-pt.jpg\" \/><\/div><div class=\"section-desc\">\u0160is daudzpus\u012bgais vingrojums s\u0113dus soli\u0146\u0161 ir lieliski piem\u0113rots visa \u0137erme\u0146a treni\u0146iem, piem\u0113ram, plakan\u0101 stenda pres\u0113\u0161anai, sl\u012bpai hanteles pres\u0113\u0161anai un vienas rokas hanteles cirt\u0101m. T\u0101 ir lieliska izv\u0113le ies\u0101c\u0113jiem, kuri v\u0113las veikt pamata vingrin\u0101jumus.<\/div><\/div><div class=\"section\"><div class=\"section-img small\"><img decoding=\"async\" src=\"\/vevor\/product\/DGNKJZCKZDZY0RTEM\/weight-bench-set-a100-1.11-pt.jpg\" \/><\/div><div class=\"section-mobile-img\"><img decoding=\"async\" src=\"\/vevor\/product\/DGNKJZCKZDZY0RTEM\/weight-bench-set-a100-1.11-pt.jpg\" \/><\/div><\/div><\/div><\/body><\/html><\/div>\n<div class=\"DM_at-title\" id=\"js-DM_at-title\"> <div>Produkta specifik\u0101cija<\/div> <i class=\"icon-arrowup_line\"><\/i> <\/div><div class=\"DM_at-goodsDescAttr\" id=\"js-DM_at-goodsDescAttr\"> <div class=\"DM_at-goodsDescAttrInner\"> <dl class=\"goodsDesc_item goodsDesc_item_even\"> <dt>Preces Mode\u013ca Numurs<\/dt> <dd> SJ7821<\/dd> <\/dl> <dl class=\"goodsDesc_item\"> <dt>Produkta Izm\u0113rs<\/dt> <dd> 1400x670x1080 mm \/ 55,1x26,4x42,5 collas<\/dd> <\/dl> <dl class=\"goodsDesc_item goodsDesc_item_even\"> <dt>Produkta Svars<\/dt> <dd> 15,7 kg \/ 34,6 m\u0101rci\u0146as<\/dd> <\/dl> <\/div> <\/div>","protected":false},"excerpt":{"rendered":"<ul>\n<li> Daudzfunkcion\u0101ls treni\u0146u sols: \u0160is univers\u0101lais svaru sols ietver pietupienu stat\u012bvu \u0137erme\u0146a apak\u0161da\u013cas vingrin\u0101jumiem, divus pievilk\u0161an\u0101s rokturus roku treni\u0146iem un plakanu soli\u0146u v\u0113dera un k\u0101ju treni\u0146iem. Tam ir ar\u012b 2 collu biezs s\u0113dek\u013ca spilvens un ar put\u0101m p\u0101rkl\u0101ti rokturi papildu komfortam vingrin\u0101jumu laik\u0101. <\/li>\n<li> Iztur\u012bgs un ilgm\u016b\u017e\u012bgs: Izgatavots no \u012bpa\u0161i iztur\u012bga, komerci\u0101las kvalit\u0101tes t\u0113rauda, \u200b\u200b\u0161is svaru spie\u0161anas sols ir rad\u012bts ilgam kalpo\u0161anas laikam. Tas var viegli atbalst\u012bt lietot\u0101jus l\u012bdz 380 m\u0101rci\u0146\u0101m (175 kg). Nesl\u012bdo\u0161as gumijas k\u0101ji\u0146as nov\u0113r\u0161 gr\u012bdas boj\u0101jumus un nodro\u0161ina sola stabilit\u0101ti lieto\u0161anas laik\u0101. <\/li>\n<li> Salok\u0101ms un regul\u0113jams dizains: \u0160im vingro\u0161anas solam ir salok\u0101ms dizains, ko var nostiprin\u0101t ar apak\u0161\u0113j\u0101m tap\u0101m \u0113rtai uzglab\u0101\u0161anai, ietaupot 90% vietas, kad tas netiek lietots. Atzveltne un citas sast\u0101vda\u013cas ir regul\u0113jamas augstum\u0101, pied\u0101v\u0101jot liel\u0101ku elast\u012bbu treni\u0146iem. <\/li>\n<li> Efekt\u012bvi treni\u0146i: \u0160is gu\u013cus spie\u0161anas sols m\u0101jas sporta z\u0101les sp\u0113ka treni\u0146iem ir ide\u0101li piem\u0113rots visa \u0137erme\u0146a vingrin\u0101jumiem, piem\u0113ram, spie\u0161anai gu\u013cus, hante\u013cu spie\u0161anai sl\u012bpum\u0101 un hante\u013cu saliek\u0161anai ar vienu roku. Tas nodro\u0161ina efekt\u012bvu veidu, k\u0101 tren\u0113t v\u0113dera preses musku\u013cus, un ir lieliski piem\u0113rots ies\u0101c\u0113jiem un fitnesa entuziastiem, kuri v\u0113las veikt pamata vingrin\u0101jumus. <\/li>\n<li> Viegli saliekams: Visas nepiecie\u0161am\u0101s maz\u0101s deta\u013cas ir iepakotas blisteriepakojum\u0101, lai izvair\u012btos no pazaud\u0113\u0161anas. Iek\u013caut\u0101 rokasgr\u0101mata ir vienk\u0101r\u0161a un skaidra, un taj\u0101 ir visas nepiecie\u0161am\u0101s mont\u0101\u017eas deta\u013cas, kas pal\u012bdz\u0113s \u0101tri uzst\u0101d\u012bt svaru solu un s\u0101kt treni\u0146u. (Piez\u012bme: Stie\u0146i nav iek\u013cauti.) <\/li>\n<\/ul>","protected":false},"featured_media":366463,"comment_status":"open","ping_status":"open","template":"","meta":{"om_disable_all_campaigns":false,"_monsterinsights_skip_tracking":false,"_monsterinsights_sitenote_active":false,"_monsterinsights_sitenote_note":"","_monsterinsights_sitenote_category":0,"_uf_show_specific_survey":0,"_uf_disable_surveys":false},"location":[1935,1934],"product_brand":[21],"product_cat":[2386,2378,4787,3072],"product_tag":[],"class_list":{"0":"post-147972","1":"product","2":"type-product","3":"status-publish","4":"has-post-thumbnail","6":"location-supplier_stock_location","7":"location-local_stock_location","8":"product_brand-vevor","9":"product_cat-exercise-equipment","10":"product_cat-sports-outdoors","11":"product_cat-weight-bench-set-weight-lifting-equipment","12":"product_cat-weight-lifting-equipment","14":"first","15":"outofstock","16":"taxable","17":"shipping-taxable","18":"purchasable","19":"product-type-simple"},"aioseo_notices":[],"jetpack_sharing_enabled":true,"locations":[{"id":1935,"name":"Pieg\u0101d\u0101t\u0101ja noliktav\u0101 (5-7d.d.)","slug":"supplier_stock_location","quantity":"0"},{"id":1934,"name":"R\u012bgas veikal\u0101 (0-2d.d.)","slug":"local_stock_location","quantity":"0"}],"_links":{"self":[{"href":"https:\/\/vevorshop.lv\/lv\/wp-json\/wp\/v2\/product\/147972","targetHints":{"allow":["GET"]}}],"collection":[{"href":"https:\/\/vevorshop.lv\/lv\/wp-json\/wp\/v2\/product"}],"about":[{"href":"https:\/\/vevorshop.lv\/lv\/wp-json\/wp\/v2\/types\/product"}],"replies":[{"embeddable":true,"href":"https:\/\/vevorshop.lv\/lv\/wp-json\/wp\/v2\/comments?post=147972"}],"wp:featuredmedia":[{"embeddable":true,"href":"https:\/\/vevorshop.lv\/lv\/wp-json\/wp\/v2\/media\/366463"}],"wp:attachment":[{"href":"https:\/\/vevorshop.lv\/lv\/wp-json\/wp\/v2\/media?parent=147972"}],"wp:term":[{"taxonomy":"location","embeddable":true,"href":"https:\/\/vevorshop.lv\/lv\/wp-json\/wp\/v2\/location?post=147972"},{"taxonomy":"product_brand","embeddable":true,"href":"https:\/\/vevorshop.lv\/lv\/wp-json\/wp\/v2\/product_brand?post=147972"},{"taxonomy":"product_cat","embeddable":true,"href":"https:\/\/vevorshop.lv\/lv\/wp-json\/wp\/v2\/product_cat?post=147972"},{"taxonomy":"product_tag","embeddable":true,"href":"https:\/\/vevorshop.lv\/lv\/wp-json\/wp\/v2\/product_tag?post=147972"}],"curies":[{"name":"wp","href":"https:\/\/api.w.org\/{rel}","templated":true}]}}