{"id":148540,"date":"2025-02-03T06:24:22","date_gmt":"2025-02-03T06:24:22","guid":{"rendered":"https:\/\/vevorshop.lv\/en_us\/Prece\/vevor-5-5-6-7-cu-ft-156-190-liters-waterproof-hard-case-with-foam-lining-and-lockable-latches-black\/"},"modified":"2026-03-14T17:56:55","modified_gmt":"2026-03-14T15:56:55","slug":"vevor-5-5-6-7-cu-ft-156-190-liters-waterproof-hard-case-with-foam-lining-and-lockable-latches-black","status":"publish","type":"product","link":"https:\/\/vevorshop.lv\/lv\/Prece\/vevor-5-5-5-6-6-7-cu-ft-156-190-litru-udensnecaurlaidigs-ciets-koferis-ar-putuplasta-oderejumu-un-sledzenem-melns\/","title":{"rendered":"VEVOR 156L \u016bdensiztur\u012bgs ciets futr\u0101lis ar putu ieliktni, IP67, 6 aizdares, 3 rokturi, apr\u012bkojuma aizsardz\u012bbai, melns"},"content":{"rendered":"<div style=\"color: #fff!important; font-size: 16px; height: 24px; line-height: 24px; margin-top: -24px; \" class=\"product_original_name\">VEVOR 5.5 Cu.ft Weatherproof Hard Case, Large Capacity Waterproof Hard Case with 3 Handles, IP67 Waterproof Protective Case with 6 Clips, 6 Padlock Holes, and Foam Inserted for Large Equipment, Black<\/div>\n<div style=\"color: #fff!important; font-size: 16px; height: 24px; line-height: 24px; margin-top: -24px; \" class=\"product_sku\">M6ONJSAH<\/div>\n<div style=\"color: #fff!important; font-size: 16px; height: 24px; line-height: 24px; margin-top: -24px; \" class=\"product_mpn\">FFYSTX72LFYCXYXH8V0<\/div><div id=\"js-DM_at-goodDescRich\"><html><head><style>  body {    font-family: Arial;    line-height: 1.5;    color: #1c1c1c;    overflow-x: hidden;    margin: 0;    padding: 0;  }  .MsoNormal b {    font-weight: bolder;  }<\/style><style>  .container.small {    width: 970px;    margin: 0 auto;  }  .logo {    margin: 0 auto 0;  }  .logo img {    display: block;    margin: 0 auto;    max-width: 100%;  }  .logo .pc-banner {    display: block;    width: 1200px;    height: 247.4px;    margin: 0 auto;  }  .logo .pc-banner.small {    width: 970px;  }  .logo .pc-banner.small img {    height: auto!important;  }  .logo .m-banner {    display: none;  }  .ytvideo {    position: relative;    height: 546px;    width: 100%;    margin: 0 auto;  }  .ytvideo img {    width: 100%;    margin: 0 auto;  }  .ytvideo .play-btn {    width: 60px;    height: 42px;    position: absolute;    top: 50%;    left: 50%;    transform: translate(-50%, -50%);    background: url(\"data:image\/png;base64,iVBORw0KGgoAAAANSUhEUgAAAGQAAABGCAMAAAANWMFbAAAC+lBMVEUAAADBGB3kLCfBGB3kLCfcJC7BFx3KKSbiKybkLCbWJCPSIiLSIiLPICHAFx3kLCfgKSXNHiDZJiTIGx\/p4eHcjo7LHSDbJyTkLCbjKyfOHyHPIiL28fHJHB\/GGh7EGR7eKCXDGB3RISHlLSbBGB3AFxzGHB7DGB7BGB3hKybkKybAFx3lLCfAFxzDGR3hKibDGB7cJyTmz8\/elJTlwcHjurrUIyLlLSflLSfAFx3DGR7lLSfCFx3hKibhKibhKybjKybkLCblLSfbJSX49vbx7e3NNzjNMTLMJyjVIyLZf3\/ZQ0LaeHjx0tLgoqLkLCfCGB3HGx\/BGB3BFx3PICHCGB7WJCLOHyC\/Fxy\/Fx3lLCfQISHkLSe\/FxzbJiTBFx3FGx\/AGB7BFx3EGR7AGB3HHSDfKiXAFh3TISHYNzbhKibbJyTTIiL57e325+f039\/v2NjUV1fOHiHiqanfmprch4feKSXVIyPOICHmLibFGh\/mLSe\/Fx7XJCPeKSXXJSPNHyHaJyTGGh7lLCbmLCflLSjSIiLkLCbdKSXLHiC\/GB3KHh++Fh3lKyfoLiXcKCPkx8fYb2\/XaGfVXl3aU1LLHiDksbHgKibPICHbJyTfKSXbJyTCGB3KHSDiKybFGh7TIiL\/\/\/\/VIyPRISHIHB\/GGx\/HHB\/DGR7gKibdKCXLHiDZJiTMHiDNHyHYJSTOICHPICHWJCPcKCXXJSPjLCblLCf+\/f3NGR\/uLijzLynPGR\/IGB7WISHaIyLLGh7UAADxLynNAADRLzDbICLQAADIAAD3MCrUHSHXMTDpKSbLAADp5OTij4\/ejo\/VLy\/1LyngJSTcJCPQHx\/OHB7+\/PzaMS\/OLS\/vLijrLSjSAADaNTPwLyjkKSbNJCbYISHPHB\/KGB7WAAD7+vrn3d3aKynTKCjoLCfsKifRGh\/YAADq5+fhjo7QNDXXKCfmJyXt5+fTLzDLLi\/QKivYHRvMGBrQJCXLISPMExXLDxLaEAvkkI\/bOTfaFQ\/SCgpvLcnHAAAAmnRSTlMA+vv7+gT9Bvf9+8z8\/NSv\/Pr5+P7++vnQIBMP\/v38\/Pn348XDiCYf9OjbzcqxXVcx\/fz8+\/rj1r2poo1+fXFqX0orGP7+\/v7+\/fz8+\/r68uzn4trIxsG\/vri3p6GcmZSNbWVYUUZEPQv+\/f39+\/v7+\/v7+vr64tvV1NTTz87FtbSurqeblJKFg4B3bUY+NjL7+\/v7+\/v67t1cDo8JLQAABkRJREFUWMO0kz9rwkAYh0OIeJkum6YugUAhISCdKoj\/P4C7SMdS+gEKIhSKil10LSg4mzXkILdlEpxCpwTiWOLX6BujvQaEQuGeHLnL+\/64J+SIcKGYTYWnntpdLjrVdqvZmNdn0+EE40GtpuuWVS6Xx6N7YDSGpWXpeq02wHgynM7q80az1a52HpddtVcpsi1zFARBrdaxbhp9iUReTGmwA4KAAr7vx3EYejnCMI6hQYEgy0LQi4jUN0wL19vqFcUC9\/1dAKmEEFkWRYkh5oBejnxQJiSJPJ\/uKBp0Thszx9Mw8hMRIQjKsptCfuES9zr5WJY6vSFCIvE9fCMUmEM1A1kSXcYGxgVYsvI1IPKTZciSTI0us\/SMGG04gDzELDoFBwdcFJrF88dqgYMTiL6DILWYyfOWE8\/kIz38olCNlC03FK95+imxp6y4oUSvAnBjHHhKNtotSDqJzVFiK8c2SBqhZtsrTtgrLXwAyduxZHNE26eHUt5rtuM4WSmds3G+sUdWYo1L+XyxButoh5eKUHk5lByO3G1LqqCWVnfrv\/lyPtf\/4ps1cndNGIri8J1TJ0lx6dR\/oPjq1nbRwdp2dCk4CtIOLW3pVKRL6WZfS5vF2KkIQhpwSsjiYIgNCs1gEMGqiIq24NQX9NwoXFy8Ufrl3twTcg4fv8T9\/JBEySduj6Mjm4bMzYV7EEOxKjjoNDud7yY3Dy71Hq2oLmqfbNR723edH9PgMrNL2utoQ3VmaIDkiw\/4w51P06hlZsTZvkRrbVuSIs\/zwSOsycgzStQouoAkWQqioRT5XI7n2Z1wfVhoZmcAJLsoqjqpjbWCgpOAJXBwHK8PzWbNvoUZJND5wCnSkLAkZ1legx6vqQzjoiTahKlGUGLAiIIoABOHaNVw4sexZBym6\/HWlH5h3IC7yRbxtipcWxdTOkORKiNQAEkFf66x5S2oeRbroOlLgg0sSYkR0hRGEqJZ0jTPiQKatESdBckpWigxaapEH0lImHdWu9pUFF2XqMNM2Z4kped7IwEJw2qabwtrQqnpw6HyKkgcadKWsmpywwesDyIhYRpdzXddqegtGIJlXbAIUMOLkGxJUjRIkokwjUaX9d\/kK62ps\/tYUqZLIMkLTyBhsMZ3C5Z\/kDxOSCb\/DOs\/\/J0qcWSX\/2ipe56EgTCA4\/cB7NAYOsni4mZM1MUPAISoEwkDi4lhVBQ1cWQyIcwalw4EpqZN68JUSK7XC0kTlkLYii5uXSC8jT5ncCAS7mjCv0uHp\/3lueHEEAeQ\/\/VgmdN71\/2uCSA1Xr6DO6uI6sW56zqT2tp2PhgiRUAajV8CY2fkcz6WGNKMgLAt7tJAhD4YHMTeRxlALE6+43WqjSWi8ITxyJl8WrwWSNESQZZOqhDDntO3hJLsd5RtSpbJqdv3YrDJH3F7jL1R2O2aQkn2MyCyKYz0GPGIvSAMgBCrCEiJyKbBaYGwLW4uPRr0A0M4Ux5kUI7IBh+hMdiCEWNqhMZGyYMsOgNE58UQuEQeUnSWCMYwL54hkxK6IoqucQZbQ3pc3XtL0lky1dL0zZJJDpWJovFqpWj6JEHnyam2eQp5QRVAVHjWparTOaVwUOx99YS2MvgxIGV0bb+qIg2HX2qkFFJB+XZcbLiuRkuxD9GRroKyveLxdh4d7Orx+hb7qc3uVRuEogCOnyIxm4ubUoPgF4jianDrC+SDQDKEfJb0GUKmjCGPYHGJvVC6X4hw1\/sAfQAdfYyephIaspXe36RwOP+Ljvfx9B6B3i+Nk0DGq+oCbLn6JpBa9nWAveAIHwFAwtVcIJXPMPL8kRu5OAYPMaL1WScTxjiZDqB9LTJSWphow\/pTYKRTLjCBhvi9iBidvKcDasGSm0QQkycYuLBqj6QCELPctqChDWpTRMWkngNNpQ1Pfp1KkiT\/Y0DGffXAweUNfLAfaJFKDwhb6I+bkYRbkERoEeu3Fyjg2opMz2daZCS9jt6Q7txNfB+OZEVF6Zl5web2xunnLQrtrjXseXKaFYziYINeMFZVxS9VxRhOoesYwxPKXm+gWLG9cuFeq93UNNeJNsf1KlwuDok9n02n3TgIJpOxNfL9naIoQwXtfH9kjceTIIi709ncTg6LZbg+biLH1V6u\/7rxBem06VXKn9raAAAAAElFTkSuQmCC\")      no-repeat center center \/ contain;  }  @media screen and (max-width: 960px) and (orientation: portrait) {    .logo {      width: 100%;    }    .logo .pc-banner {      display: none;    }    .logo .m-banner {      display: block;      width: 100%;    }    .logo .m-banner img {      height: auto!important;    }    .ytvideo {      height: 200px;      width: 100%;    }  }<\/style><style>  .video-section {    width: 100%;    margin: 0 auto;  }  .video-section > img {    width: 100%;  }  .video-section iframe,  .video-section video {    width: 100%;    height: 100%;      }  .video-section-img-m,  .video-section-img-pc > img {    width: 100%;    height: auto;  }  .video-section-img-pc.small > img {    width: 970px;  }  .video-desc {    line-height: 1.5;    font-size: 20px;    font-weight: 400;    margin: 20px 0;    text-align: center;    color: #0f1111;    word-break: break-word;  }  @media screen and (max-width: 960px) and (orientation: portrait) {    .video-section {      width: 100%;    }    .video-section-pc,    .video-section-img-pc {      display: none;    }    .video-section-m,    .video-section-img-m {      display: block;    }    .video-desc {      font-size: 15px;    }  }  @media screen and (min-width: 960px) {    .video-section {      width: 100%;      margin: 0 auto;    }    .video-section-pc,    .video-section-img-pc {      display: block;    }    .video-section-m,    .video-section-img-m {      display: none;    }    .video-desc {      font-size: 20px;    }  }<\/style><style>  .section + .section {    margin-top: 35px;  }  .section-title {    text-align: center;    font-weight: bold;    color: #0d1111;    font-family: \"Arial\";    font-size: 32px;    margin: 15px 0;  }  .section-title:empty {    display: none;  }  .section-desc {    text-align: center;    font-weight: normal;    color: #0d1111;    margin-top: 20px;  }  .section-desc:empty {    display: none;  }  .section-img {    width: 1200px;    height: 492px;    margin: 0 auto;    display: block;  }  .section-img.small {    width: 970px;    height: auto;  }  .section-img.small > img {    height: auto;  }  .section-img > img {    width: 100%;    height: 100%;  }  .section-mobile-img {    display: none;    max-width: 100vw;    max-height: 75vw;    height: 450px;    margin: 0 auto;  }  .section-mobile-img > img {    width: 100%;    height: 100%;  }  @media screen and (max-width: 960px) and (orientation: portrait) {    .container {      width: 100%;    }    .container.small {      width: 100%;    }    .section-mobile-img {      display: block;    }    .section-img {      display: none;    }    .section-title {      font-size: 22px;      margin: 10px 0;    }    .section-desc {      margin-top: 10px;    }    .section + .section {      margin-top: 20px;    }  }<\/style><\/head><body><div class=\"container small\"><div class=\"logo\"><div class=\"pc-banner small\"><div><img decoding=\"async\" src=\"\/vevor\/vevor\/boutique-banner\/pc\/en-pc@1x.jpg\" style=\"width: 100%;\" \/><\/div><\/div><div class=\"m-banner\"><div><img decoding=\"async\" src=\"\/vevor\/vevor\/boutique-banner\/mobile\/en-m@1x.jpg\" style=\"width: 100%;\" \/><\/div><\/div><\/div><div class=\"section-title\">Viss vien\u0101 \u016bdensiztur\u012bgs cietais maci\u0146\u0161<\/div><div class=\"video-section\"><div class=\"video-section-img-pc small\"><img decoding=\"async\" src=\"\/vevor\/product\/FFYSTX72LFYCXYXH8\/weatherproof-case-a100-1.4-pt.jpg\" \/><\/div><div class=\"video-section-img-m\"><img decoding=\"async\" src=\"\/vevor\/product\/FFYSTX72LFYCXYXH8\/weatherproof-case-a100-1.4-pt.jpg\" \/><\/div><div class=\"section-desc\">Drupin\u0101\u0161anas necaurlaid\u012bgs, putek\u013cu necaurlaid\u012bgs un \u016bdensnecaurlaid\u012bgs, \u0161is pret laikapst\u0101k\u013ciem iztur\u012bgais cietais korpuss nodro\u0161ina piln\u012bgu j\u016bsu apr\u012bkojuma aizsardz\u012bbu Neatkar\u012bgi no t\u0101, vai atrodaties skarb\u0101 vid\u0113 vai kust\u012bb\u0101, j\u016bsu apr\u012bkojums paliek dro\u0161s.<\/div><\/div><div class=\"section\"><div class=\"section-title\"><\/div><div class=\"section-img small\"><img decoding=\"async\" src=\"\/vevor\/product\/FFYSTX72LFYCXYXH8\/weatherproof-case-a100-2.2-pt.jpg\" \/><\/div><div class=\"section-mobile-img\"><img decoding=\"async\" src=\"\/vevor\/product\/FFYSTX72LFYCXYXH8\/weatherproof-case-a100-2.2-pt.jpg\" \/><\/div><div class=\"section-desc\">Augstas kvalit\u0101tes putu iek\u0161pusi var viegli piegriezt atbilsto\u0161i j\u016bsu apr\u012bkojuma formai, pied\u0101v\u0101jot personaliz\u0113tu aizsardz\u012bbu katrai deta\u013cai. T\u0101 ir k\u0101 \u012bpa\u0161i izgatavota m\u0101jvieta j\u016bsu v\u0113rt\u012bgajam apr\u012bkojumam.<\/div><\/div><div class=\"section\"><div class=\"section-title\"><\/div><div class=\"section-img small\"><img decoding=\"async\" src=\"\/vevor\/product\/FFYSTX72LFYCXYXH8\/weatherproof-case-a100-2.3-pt.jpg\" \/><\/div><div class=\"section-mobile-img\"><img decoding=\"async\" src=\"\/vevor\/product\/FFYSTX72LFYCXYXH8\/weatherproof-case-a100-2.3-pt.jpg\" \/><\/div><div class=\"section-desc\">Ar O veida gredzena bl\u012bv\u0113jumu \u0161is laikapst\u0101k\u013ciem iztur\u012bgais korpuss pied\u0101v\u0101 uzticamu \u016bdensnecaurlaid\u012bgu aizsardz\u012bbu, nodro\u0161inot, ka j\u016bsu priek\u0161meti paliek sausi jebkuros apst\u0101k\u013cos.<\/div><\/div><div class=\"section\"><div class=\"section-title\"><\/div><div class=\"section-img small\"><img decoding=\"async\" src=\"\/vevor\/product\/FFYSTX72LFYCXYXH8\/weatherproof-case-a100-2.4-pt.jpg\" \/><\/div><div class=\"section-mobile-img\"><img decoding=\"async\" src=\"\/vevor\/product\/FFYSTX72LFYCXYXH8\/weatherproof-case-a100-2.4-pt.jpg\" \/><\/div><div class=\"section-desc\">Papildu dro\u0161\u012bbai cietajam futr\u0101lim ir aizsl\u0113dzama aizb\u012bd\u0146a atvere, kas \u013cauj to viegli nostiprin\u0101t ar piekaramo atsl\u0113gu un pasarg\u0101t j\u016bsu v\u0113rtslietas no z\u0101dz\u012bb\u0101m.<\/div><\/div><div class=\"section\"><div class=\"section-title\"><\/div><div class=\"section-img small\"><img decoding=\"async\" src=\"\/vevor\/product\/FFYSTX72LFYCXYXH8\/weatherproof-case-a100-2.5-pt.jpg\" \/><\/div><div class=\"section-mobile-img\"><img decoding=\"async\" src=\"\/vevor\/product\/FFYSTX72LFYCXYXH8\/weatherproof-case-a100-2.5-pt.jpg\" \/><\/div><div class=\"section-desc\">\u0160is \u016bdensnecaurlaid\u012bgais cietais korpuss, kas apr\u012bkots ar autom\u0101tisku spiediena samazin\u0101\u0161anas ier\u012bci, uztur iek\u0161\u0113j\u0101 un \u0101r\u0113j\u0101 spiediena l\u012bdzsvaru, nov\u0113r\u0161ot boj\u0101jumus, ko rada gaisa spiediena izmai\u0146as ce\u013cojuma laik\u0101.<\/div><\/div><div class=\"section\"><div class=\"section-img small\"><img decoding=\"async\" src=\"\/vevor\/product\/FFYSTX72LFYCXYXH8\/weatherproof-case-a100-1.11-pt.jpg\" \/><\/div><div class=\"section-mobile-img\"><img decoding=\"async\" src=\"\/vevor\/product\/FFYSTX72LFYCXYXH8\/weatherproof-case-a100-1.11-pt.jpg\" \/><\/div><\/div><\/div><\/body><\/html><\/div>\n<div class=\"DM_at-title\" id=\"js-DM_at-title\"> <div>Produkta specifik\u0101cija<\/div> <i class=\"icon-arrowup_line\"><\/i> <\/div><div class=\"DM_at-goodsDescAttr\" id=\"js-DM_at-goodsDescAttr\"> <div class=\"DM_at-goodsDescAttrInner\"> <dl class=\"goodsDesc_item goodsDesc_item_even\"> <dt>Preces Mode\u013ca Numurs<\/dt> <dd> 1063523<\/dd> <\/dl> <dl class=\"goodsDesc_item\"> <dt>Capacity Range<\/dt> <dd> 5,5\u20136,7 kubikp\u0113das<\/dd> <\/dl> <dl class=\"goodsDesc_item goodsDesc_item_even\"> <dt>Klipu skaits<\/dt> <dd> 6<\/dd> <\/dl> <dl class=\"goodsDesc_item\"> <dt>Rokturu skaits<\/dt> <dd> 3<\/dd> <\/dl> <dl class=\"goodsDesc_item goodsDesc_item_even\"> <dt>Blo\u0137\u0113\u0161anas caurumu skaits<\/dt> <dd> 6<\/dd> <\/dl> <dl class=\"goodsDesc_item\"> <dt>\u016adensiztur\u012bbas v\u0113rt\u0113jums<\/dt> <dd> IP67<\/dd> <\/dl> <dl class=\"goodsDesc_item goodsDesc_item_even\"> <dt>Galvenais materi\u0101ls<\/dt> <dd> PP (polipropil\u0113ns)<\/dd> <\/dl> <dl class=\"goodsDesc_item\"> <dt>Produkta Svars<\/dt> <dd> 23,58 m\u0101rci\u0146as \/ 10,7 kg<\/dd> <\/dl> <dl class=\"goodsDesc_item goodsDesc_item_even\"> <dt>Iek\u0161\u0113jie izm\u0113ri<\/dt> <dd> 41,94 x 13,74 x 12,60 collas \/ 1062 x 349 x 320 mm<\/dd> <\/dl> <dl class=\"goodsDesc_item\"> <dt>Produkta Izm\u0113ri<\/dt> <dd> 44,09 x 15,94 x 13,46 collas \/ 1120 x 405 x 342 mm<\/dd> <\/dl> <\/div> <\/div>","protected":false},"excerpt":{"rendered":"<ul>\n<li> Visaptvero\u0161a aizsardz\u012bba: Ar 5,5\u20136,7 kubikp\u0113du lielu uzglab\u0101\u0161anas vietu un izgatavotu no profesion\u0101liem \u016bdensnecaurlaid\u012bgiem materi\u0101liem, \u0161is laikapst\u0101k\u013ciem iztur\u012bgais cietais futr\u0101lis pasarg\u0101 j\u016bsu apr\u012bkojumu no v\u0113ja, lietus un triecieniem. Neatkar\u012bgi no t\u0101, vai dodaties piedz\u012bvojumos br\u012bv\u0101 dab\u0101 vai vienk\u0101r\u0161i nepiecie\u0161ama uzticama uzglab\u0101\u0161anas vieta ikdienas lieto\u0161anai, \u0161is futr\u0101lis pasarg\u0101s j\u016bsu v\u0113rtslietas. <\/li>\n<li> Vienk\u0101r\u0161a uzglab\u0101\u0161ana un p\u0101rn\u0113s\u0101\u0161ana: putu odere pied\u0101v\u0101 perfektu aizsardz\u012bbu kamer\u0101m, droniem un citiem, vienlaikus atvieglojot n\u0113s\u0101\u0161anu visur, kur dodaties. Atvadieties no ba\u017e\u0101m par boj\u0101jumiem - vienk\u0101r\u0161i iesai\u0146ojiet un izbaudiet ce\u013cojumu ar mieru! <\/li>\n<li> \u016adensiztur\u012bbas tehnolo\u0123ija: Pateicoties O veida gredzena bl\u012bv\u0113jumam un autom\u0101tiskajam spiediena samazin\u0101\u0161anas v\u0101rstam, j\u016bsu priek\u0161meti paliek dro\u0161\u012bb\u0101 pat \u016bden\u012b. Neatkar\u012bgi no t\u0101, vai j\u016bs nodarbojaties ar \u016bdenssportu vai vienk\u0101r\u0161i uztraucaties par nejau\u0161u \u0161\u013cakatu iesp\u0113jam\u012bbu, \u0161is laikapst\u0101k\u013ciem iztur\u012bgais futr\u0101lis nodro\u0161ina, ka j\u016bsu apr\u012bkojums paliek sauss un aizsarg\u0101ts. <\/li>\n<li> Aizsarg\u0101jiet savas v\u0113rtslietas: J\u016bsu v\u0113rtslietas ir peln\u012bju\u0161as papildu aizsardz\u012bbu. Ar aizsl\u0113dzamiem aizb\u012bd\u0146iem un piekaram\u0101s sl\u0113dzenes caurumiem \u0161\u012b ciet\u0101 soma pied\u0101v\u0101 dubultu dro\u0161\u012bbu pret z\u0101dz\u012bb\u0101m, t\u0101p\u0113c varat justies p\u0101rliecin\u0101ti, ka j\u016bsu apr\u012bkojums ir dro\u0161\u012bb\u0101 neatkar\u012bgi no t\u0101, kurp dodaties. <\/li>\n<li> Easy to Move &#038; Carry: Equipped with an extendable handle, this waterproof hard case is a breeze to transport. Whether you&#8217;re heading on an adventure, a photography trip, or a diving excursion, it\u2019s designed for easy handling and all-around protection. <\/li>\n<\/ul>","protected":false},"featured_media":367195,"comment_status":"open","ping_status":"open","template":"","meta":{"om_disable_all_campaigns":false,"_monsterinsights_skip_tracking":false,"_monsterinsights_sitenote_active":false,"_monsterinsights_sitenote_note":"","_monsterinsights_sitenote_category":0,"_uf_show_specific_survey":0,"_uf_disable_surveys":false},"location":[1935,1934],"product_brand":[21],"product_cat":[2552,2453,2374,4527],"product_tag":[],"class_list":{"0":"post-148540","1":"product","2":"type-product","3":"status-publish","4":"has-post-thumbnail","6":"location-supplier_stock_location","7":"location-local_stock_location","8":"product_brand-vevor","9":"product_cat-safes-safety-security","10":"product_cat-safety-security","11":"product_cat-tools","12":"product_cat-weatherproof-case","14":"first","15":"instock","16":"taxable","17":"shipping-taxable","18":"purchasable","19":"product-type-simple"},"aioseo_notices":[],"jetpack_sharing_enabled":true,"locations":[{"id":1935,"name":"Pieg\u0101d\u0101t\u0101ja noliktav\u0101 (5-7d.d.)","slug":"supplier_stock_location","quantity":"20"},{"id":1934,"name":"R\u012bgas veikal\u0101 (0-2d.d.)","slug":"local_stock_location","quantity":"0"}],"_links":{"self":[{"href":"https:\/\/vevorshop.lv\/lv\/wp-json\/wp\/v2\/product\/148540","targetHints":{"allow":["GET"]}}],"collection":[{"href":"https:\/\/vevorshop.lv\/lv\/wp-json\/wp\/v2\/product"}],"about":[{"href":"https:\/\/vevorshop.lv\/lv\/wp-json\/wp\/v2\/types\/product"}],"replies":[{"embeddable":true,"href":"https:\/\/vevorshop.lv\/lv\/wp-json\/wp\/v2\/comments?post=148540"}],"wp:featuredmedia":[{"embeddable":true,"href":"https:\/\/vevorshop.lv\/lv\/wp-json\/wp\/v2\/media\/367195"}],"wp:attachment":[{"href":"https:\/\/vevorshop.lv\/lv\/wp-json\/wp\/v2\/media?parent=148540"}],"wp:term":[{"taxonomy":"location","embeddable":true,"href":"https:\/\/vevorshop.lv\/lv\/wp-json\/wp\/v2\/location?post=148540"},{"taxonomy":"product_brand","embeddable":true,"href":"https:\/\/vevorshop.lv\/lv\/wp-json\/wp\/v2\/product_brand?post=148540"},{"taxonomy":"product_cat","embeddable":true,"href":"https:\/\/vevorshop.lv\/lv\/wp-json\/wp\/v2\/product_cat?post=148540"},{"taxonomy":"product_tag","embeddable":true,"href":"https:\/\/vevorshop.lv\/lv\/wp-json\/wp\/v2\/product_tag?post=148540"}],"curies":[{"name":"wp","href":"https:\/\/api.w.org\/{rel}","templated":true}]}}