{"id":148609,"date":"2025-02-04T00:27:39","date_gmt":"2025-02-04T00:27:39","guid":{"rendered":"https:\/\/vevorshop.lv\/en_us\/Prece\/vevor-heavy-duty-pintle-hitch-with-2-5-08-cm-receiver-and-adjustable-2-5-3-6-35-7-62-cm-lunette-ring-20000-lbs-9072-kg-towing-capacity\/"},"modified":"2026-04-08T09:52:17","modified_gmt":"2026-04-08T06:52:17","slug":"vevor-heavy-duty-pintle-hitch-with-2-5-08-cm-receiver-and-adjustable-2-5-3-6-35-7-62-cm-lunette-ring-20000-lbs-9072-kg-towing-capacity","status":"publish","type":"product","link":"https:\/\/vevorshop.lv\/lv\/Prece\/vevor-lielas-noslodzes-jugstiena-sakabe-ar-2-5-08-cm-uztvereju-un-regulejamu-2-5-3-6-35-7-62-cm-lunetes-gredzenu-20000-lbs-9072-kg-vilksanas-jauda\/","title":{"rendered":"VEVOR regul\u0113jams sakabes \u0101\u0137is, 9072 kg, 2&quot; uztv\u0113r\u0113js, 59 mm bumba, 6&quot; kritums, piem\u0113rots 64\u201376 mm gredzenam, melns p\u0101rkl\u0101jums"},"content":{"rendered":"<div style=\"color: #fff!important; font-size: 16px; height: 24px; line-height: 24px; margin-top: -24px; \" class=\"product_original_name\">VEVOR Adjustable Pintle Hook, 20000 lbs, Pintle Hook Hitch for 2-inch Hitch Hook Military Receiver, Combination 2-5\/16-inch Hitch Ball, Fit 2.5 to 3-inch Lunette Ring, 6-inch Drop, Black Powder Coat<\/div>\n<div style=\"color: #fff!important; font-size: 16px; height: 24px; line-height: 24px; margin-top: -24px; \" class=\"product_sku\">M6PQ3VBK<\/div>\n<div style=\"color: #fff!important; font-size: 16px; height: 24px; line-height: 24px; margin-top: -24px; \" class=\"product_mpn\">LJQXHTGDGQ25KTPZ8V0<\/div><div id=\"js-DM_at-goodDescRich\"><html><head><style>  body {    font-family: Arial;    line-height: 1.5;    color: #1c1c1c;    overflow-x: hidden;    margin: 0;    padding: 0;  }  .MsoNormal b {    font-weight: bolder;  }<\/style><style>  .container.small {    width: 970px;    margin: 0 auto;  }  .logo {    margin: 0 auto 0;  }  .logo img {    display: block;    margin: 0 auto;    max-width: 100%;  }  .logo .pc-banner {    display: block;    width: 1200px;    height: 247.4px;    margin: 0 auto;  }  .logo .pc-banner.small {    width: 970px;  }  .logo .pc-banner.small img {    height: auto!important;  }  .logo .m-banner {    display: none;  }  .ytvideo {    position: relative;    height: 546px;    width: 100%;    margin: 0 auto;  }  .ytvideo img {    width: 100%;    margin: 0 auto;  }  .ytvideo .play-btn {    width: 60px;    height: 42px;    position: absolute;    top: 50%;    left: 50%;    transform: translate(-50%, -50%);    background: url(\"data:image\/png;base64,iVBORw0KGgoAAAANSUhEUgAAAGQAAABGCAMAAAANWMFbAAAC+lBMVEUAAADBGB3kLCfBGB3kLCfcJC7BFx3KKSbiKybkLCbWJCPSIiLSIiLPICHAFx3kLCfgKSXNHiDZJiTIGx\/p4eHcjo7LHSDbJyTkLCbjKyfOHyHPIiL28fHJHB\/GGh7EGR7eKCXDGB3RISHlLSbBGB3AFxzGHB7DGB7BGB3hKybkKybAFx3lLCfAFxzDGR3hKibDGB7cJyTmz8\/elJTlwcHjurrUIyLlLSflLSfAFx3DGR7lLSfCFx3hKibhKibhKybjKybkLCblLSfbJSX49vbx7e3NNzjNMTLMJyjVIyLZf3\/ZQ0LaeHjx0tLgoqLkLCfCGB3HGx\/BGB3BFx3PICHCGB7WJCLOHyC\/Fxy\/Fx3lLCfQISHkLSe\/FxzbJiTBFx3FGx\/AGB7BFx3EGR7AGB3HHSDfKiXAFh3TISHYNzbhKibbJyTTIiL57e325+f039\/v2NjUV1fOHiHiqanfmprch4feKSXVIyPOICHmLibFGh\/mLSe\/Fx7XJCPeKSXXJSPNHyHaJyTGGh7lLCbmLCflLSjSIiLkLCbdKSXLHiC\/GB3KHh++Fh3lKyfoLiXcKCPkx8fYb2\/XaGfVXl3aU1LLHiDksbHgKibPICHbJyTfKSXbJyTCGB3KHSDiKybFGh7TIiL\/\/\/\/VIyPRISHIHB\/GGx\/HHB\/DGR7gKibdKCXLHiDZJiTMHiDNHyHYJSTOICHPICHWJCPcKCXXJSPjLCblLCf+\/f3NGR\/uLijzLynPGR\/IGB7WISHaIyLLGh7UAADxLynNAADRLzDbICLQAADIAAD3MCrUHSHXMTDpKSbLAADp5OTij4\/ejo\/VLy\/1LyngJSTcJCPQHx\/OHB7+\/PzaMS\/OLS\/vLijrLSjSAADaNTPwLyjkKSbNJCbYISHPHB\/KGB7WAAD7+vrn3d3aKynTKCjoLCfsKifRGh\/YAADq5+fhjo7QNDXXKCfmJyXt5+fTLzDLLi\/QKivYHRvMGBrQJCXLISPMExXLDxLaEAvkkI\/bOTfaFQ\/SCgpvLcnHAAAAmnRSTlMA+vv7+gT9Bvf9+8z8\/NSv\/Pr5+P7++vnQIBMP\/v38\/Pn348XDiCYf9OjbzcqxXVcx\/fz8+\/rj1r2poo1+fXFqX0orGP7+\/v7+\/fz8+\/r68uzn4trIxsG\/vri3p6GcmZSNbWVYUUZEPQv+\/f39+\/v7+\/v7+vr64tvV1NTTz87FtbSurqeblJKFg4B3bUY+NjL7+\/v7+\/v67t1cDo8JLQAABkRJREFUWMO0kz9rwkAYh0OIeJkum6YugUAhISCdKoj\/P4C7SMdS+gEKIhSKil10LSg4mzXkILdlEpxCpwTiWOLX6BujvQaEQuGeHLnL+\/64J+SIcKGYTYWnntpdLjrVdqvZmNdn0+EE40GtpuuWVS6Xx6N7YDSGpWXpeq02wHgynM7q80az1a52HpddtVcpsi1zFARBrdaxbhp9iUReTGmwA4KAAr7vx3EYejnCMI6hQYEgy0LQi4jUN0wL19vqFcUC9\/1dAKmEEFkWRYkh5oBejnxQJiSJPJ\/uKBp0Thszx9Mw8hMRIQjKsptCfuES9zr5WJY6vSFCIvE9fCMUmEM1A1kSXcYGxgVYsvI1IPKTZciSTI0us\/SMGG04gDzELDoFBwdcFJrF88dqgYMTiL6DILWYyfOWE8\/kIz38olCNlC03FK95+imxp6y4oUSvAnBjHHhKNtotSDqJzVFiK8c2SBqhZtsrTtgrLXwAyduxZHNE26eHUt5rtuM4WSmds3G+sUdWYo1L+XyxButoh5eKUHk5lByO3G1LqqCWVnfrv\/lyPtf\/4ps1cndNGIri8J1TJ0lx6dR\/oPjq1nbRwdp2dCk4CtIOLW3pVKRL6WZfS5vF2KkIQhpwSsjiYIgNCs1gEMGqiIq24NQX9NwoXFy8Ufrl3twTcg4fv8T9\/JBEySduj6Mjm4bMzYV7EEOxKjjoNDud7yY3Dy71Hq2oLmqfbNR723edH9PgMrNL2utoQ3VmaIDkiw\/4w51P06hlZsTZvkRrbVuSIs\/zwSOsycgzStQouoAkWQqioRT5XI7n2Z1wfVhoZmcAJLsoqjqpjbWCgpOAJXBwHK8PzWbNvoUZJND5wCnSkLAkZ1legx6vqQzjoiTahKlGUGLAiIIoABOHaNVw4sexZBym6\/HWlH5h3IC7yRbxtipcWxdTOkORKiNQAEkFf66x5S2oeRbroOlLgg0sSYkR0hRGEqJZ0jTPiQKatESdBckpWigxaapEH0lImHdWu9pUFF2XqMNM2Z4kped7IwEJw2qabwtrQqnpw6HyKkgcadKWsmpywwesDyIhYRpdzXddqegtGIJlXbAIUMOLkGxJUjRIkokwjUaX9d\/kK62ps\/tYUqZLIMkLTyBhsMZ3C5Z\/kDxOSCb\/DOs\/\/J0qcWSX\/2ipe56EgTCA4\/cB7NAYOsni4mZM1MUPAISoEwkDi4lhVBQ1cWQyIcwalw4EpqZN68JUSK7XC0kTlkLYii5uXSC8jT5ncCAS7mjCv0uHp\/3lueHEEAeQ\/\/VgmdN71\/2uCSA1Xr6DO6uI6sW56zqT2tp2PhgiRUAajV8CY2fkcz6WGNKMgLAt7tJAhD4YHMTeRxlALE6+43WqjSWi8ITxyJl8WrwWSNESQZZOqhDDntO3hJLsd5RtSpbJqdv3YrDJH3F7jL1R2O2aQkn2MyCyKYz0GPGIvSAMgBCrCEiJyKbBaYGwLW4uPRr0A0M4Ux5kUI7IBh+hMdiCEWNqhMZGyYMsOgNE58UQuEQeUnSWCMYwL54hkxK6IoqucQZbQ3pc3XtL0lky1dL0zZJJDpWJovFqpWj6JEHnyam2eQp5QRVAVHjWparTOaVwUOx99YS2MvgxIGV0bb+qIg2HX2qkFFJB+XZcbLiuRkuxD9GRroKyveLxdh4d7Orx+hb7qc3uVRuEogCOnyIxm4ubUoPgF4jianDrC+SDQDKEfJb0GUKmjCGPYHGJvVC6X4hw1\/sAfQAdfYyephIaspXe36RwOP+Ljvfx9B6B3i+Nk0DGq+oCbLn6JpBa9nWAveAIHwFAwtVcIJXPMPL8kRu5OAYPMaL1WScTxjiZDqB9LTJSWphow\/pTYKRTLjCBhvi9iBidvKcDasGSm0QQkycYuLBqj6QCELPctqChDWpTRMWkngNNpQ1Pfp1KkiT\/Y0DGffXAweUNfLAfaJFKDwhb6I+bkYRbkERoEeu3Fyjg2opMz2daZCS9jt6Q7txNfB+OZEVF6Zl5web2xunnLQrtrjXseXKaFYziYINeMFZVxS9VxRhOoesYwxPKXm+gWLG9cuFeq93UNNeJNsf1KlwuDok9n02n3TgIJpOxNfL9naIoQwXtfH9kjceTIIi709ncTg6LZbg+biLH1V6u\/7rxBem06VXKn9raAAAAAElFTkSuQmCC\")      no-repeat center center \/ contain;  }  @media screen and (max-width: 960px) and (orientation: portrait) {    .logo {      width: 100%;    }    .logo .pc-banner {      display: none;    }    .logo .m-banner {      display: block;      width: 100%;    }    .logo .m-banner img {      height: auto!important;    }    .ytvideo {      height: 200px;      width: 100%;    }  }<\/style><style>  .video-section {    width: 100%;    margin: 0 auto;  }  .video-section > img {    width: 100%;  }  .video-section iframe,  .video-section video {    width: 100%;    height: 100%;      }  .video-section-img-m,  .video-section-img-pc > img {    width: 100%;    height: auto;  }  .video-section-img-pc.small > img {    width: 970px;  }  .video-desc {    line-height: 1.5;    font-size: 20px;    font-weight: 400;    margin: 20px 0;    text-align: center;    color: #0f1111;    word-break: break-word;  }  @media screen and (max-width: 960px) and (orientation: portrait) {    .video-section {      width: 100%;    }    .video-section-pc,    .video-section-img-pc {      display: none;    }    .video-section-m,    .video-section-img-m {      display: block;    }    .video-desc {      font-size: 15px;    }  }  @media screen and (min-width: 960px) {    .video-section {      width: 100%;      margin: 0 auto;    }    .video-section-pc,    .video-section-img-pc {      display: block;    }    .video-section-m,    .video-section-img-m {      display: none;    }    .video-desc {      font-size: 20px;    }  }<\/style><style>  .section + .section {    margin-top: 35px;  }  .section-title {    text-align: center;    font-weight: bold;    color: #0d1111;    font-family: \"Arial\";    font-size: 32px;    margin: 15px 0;  }  .section-title:empty {    display: none;  }  .section-desc {    text-align: center;    font-weight: normal;    color: #0d1111;    margin-top: 20px;  }  .section-desc:empty {    display: none;  }  .section-img {    width: 1200px;    height: 492px;    margin: 0 auto;    display: block;  }  .section-img.small {    width: 970px;    height: auto;  }  .section-img.small > img {    height: auto;  }  .section-img > img {    width: 100%;    height: 100%;  }  .section-mobile-img {    display: none;    max-width: 100vw;    max-height: 75vw;    height: 450px;    margin: 0 auto;  }  .section-mobile-img > img {    width: 100%;    height: 100%;  }  @media screen and (max-width: 960px) and (orientation: portrait) {    .container {      width: 100%;    }    .container.small {      width: 100%;    }    .section-mobile-img {      display: block;    }    .section-img {      display: none;    }    .section-title {      font-size: 22px;      margin: 10px 0;    }    .section-desc {      margin-top: 10px;    }    .section + .section {      margin-top: 20px;    }  }<\/style><\/head><body><div class=\"container small\"><div class=\"logo\"><div class=\"pc-banner small\"><div><img decoding=\"async\" src=\"\/vevor\/vevor\/boutique-banner\/pc\/en-pc@1x.jpg\" style=\"width: 100%;\" \/><\/div><\/div><div class=\"m-banner\"><div><img decoding=\"async\" src=\"\/vevor\/vevor\/boutique-banner\/mobile\/en-m@1x.jpg\" style=\"width: 100%;\" \/><\/div><\/div><\/div><div class=\"section-title\">VEVOR piekare da\u017e\u0101d\u0101m piekabes iek\u0101rt\u0101m<\/div><div class=\"video-section\"><div class=\"video-section-img-pc small\"><img decoding=\"async\" src=\"\/vevor\/product\/LJQXHTGDGQ25KTPZ8\/pintle-hitch-a100-1.4-pt.jpg\" \/><\/div><div class=\"video-section-img-m\"><img decoding=\"async\" src=\"\/vevor\/product\/LJQXHTGDGQ25KTPZ8\/pintle-hitch-a100-1.4-pt.jpg\" \/><\/div><div class=\"section-desc\">M\u016bsu \u0101\u0137a sakabe, kas sp\u0113j iztur\u0113t vilk\u0161anas svaru l\u012bdz 20\u00a0000 m\u0101rci\u0146\u0101m, ir \u012bpa\u0161i izstr\u0101d\u0101ta smag\u0101m krav\u0101m ar standartiz\u0113tiem izm\u0113riem, lai apmierin\u0101tu da\u017e\u0101das piekabju vajadz\u012bbas.<\/div><\/div><div class=\"section\"><div class=\"section-title\"><\/div><div class=\"section-img small\"><img decoding=\"async\" src=\"\/vevor\/product\/LJQXHTGDGQ25KTPZ8\/pintle-hitch-a100-2.2-pt.jpg\" \/><\/div><div class=\"section-mobile-img\"><img decoding=\"async\" src=\"\/vevor\/product\/LJQXHTGDGQ25KTPZ8\/pintle-hitch-a100-2.2-pt.jpg\" \/><\/div><div class=\"section-desc\">Pintes sakabe ir izgatavota no augstas kvalit\u0101tes t\u0113rauda ar pulverkr\u0101sotu apdari un nodro\u0161ina izcilu nodilumiztur\u012bbu un aizsardz\u012bbu pret r\u016bsu.<\/div><\/div><div class=\"section\"><div class=\"section-title\"><\/div><div class=\"section-img small\"><img decoding=\"async\" src=\"\/vevor\/product\/LJQXHTGDGQ25KTPZ8\/pintle-hitch-a100-2.3-pt.jpg\" \/><\/div><div class=\"section-mobile-img\"><img decoding=\"async\" src=\"\/vevor\/product\/LJQXHTGDGQ25KTPZ8\/pintle-hitch-a100-2.3-pt.jpg\" \/><\/div><div class=\"section-desc\">Lietojot kop\u0101 ar lunette gredzeniem, uztv\u0113r\u0113ja gredzeniem un lodveida savienot\u0101jiem, pintle \u0101\u0137is nodro\u0161ina pla\u0161u sader\u012bbu ar kravas automa\u0161\u012bn\u0101m, traktoriem, apvidus auto un citu apr\u012bkojumu.<\/div><\/div><div class=\"section\"><div class=\"section-title\"><\/div><div class=\"section-img small\"><img decoding=\"async\" src=\"\/vevor\/product\/LJQXHTGDGQ25KTPZ8\/pintle-hitch-a100-2.4-pt.jpg\" \/><\/div><div class=\"section-mobile-img\"><img decoding=\"async\" src=\"\/vevor\/product\/LJQXHTGDGQ25KTPZ8\/pintle-hitch-a100-2.4-pt.jpg\" \/><\/div><div class=\"section-desc\">M\u016bsu pintle sakabes uztv\u0113r\u0113ja dro\u0161\u012bbas blo\u0137\u0113\u0161anas meh\u0101nisms nodro\u0161ina sp\u0113c\u012bgu un uzticamu savienojumu, efekt\u012bvi samazinot negad\u012bjumu risku.<\/div><\/div><div class=\"section\"><div class=\"section-title\"><\/div><div class=\"section-img small\"><img decoding=\"async\" src=\"\/vevor\/product\/LJQXHTGDGQ25KTPZ8\/pintle-hitch-a100-2.5-pt.jpg\" \/><\/div><div class=\"section-mobile-img\"><img decoding=\"async\" src=\"\/vevor\/product\/LJQXHTGDGQ25KTPZ8\/pintle-hitch-a100-2.5-pt.jpg\" \/><\/div><div class=\"section-desc\">Ide\u0101li piem\u0113roti piedz\u012bvojumiem br\u012bv\u0101 dab\u0101, gariem braucieniem vai gl\u0101b\u0161anas darbiem \u0101rk\u0101rtas situ\u0101cij\u0101s, m\u016bsu piekabes \u0101\u0137i ar \u0101\u0137i var \u0101tri izmantot vilk\u0161anas uzdevumu veik\u0161anai.<\/div><\/div><div class=\"section\"><div class=\"section-img small\"><img decoding=\"async\" src=\"\/vevor\/product\/LJQXHTGDGQ25KTPZ8\/pintle-hitch-a100-1.11-pt.jpg\" \/><\/div><div class=\"section-mobile-img\"><img decoding=\"async\" src=\"\/vevor\/product\/LJQXHTGDGQ25KTPZ8\/pintle-hitch-a100-1.11-pt.jpg\" \/><\/div><\/div><\/div><\/body><\/html><\/div>\n<div class=\"DM_at-title\" id=\"js-DM_at-title\"> <div>Produkta specifik\u0101cija<\/div> <i class=\"icon-arrowup_line\"><\/i> <\/div><div class=\"DM_at-goodsDescAttr\" id=\"js-DM_at-goodsDescAttr\"> <div class=\"DM_at-goodsDescAttrInner\"> <dl class=\"goodsDesc_item goodsDesc_item_even\"> <dt>Preces Mode\u013ca Numurs<\/dt> <dd> HSTCBZH-02<\/dd> <\/dl> <dl class=\"goodsDesc_item\"> <dt>Materi\u0101ls<\/dt> <dd> Oglek\u013ca t\u0113rauds 45# + Q235<\/dd> <\/dl> <dl class=\"goodsDesc_item goodsDesc_item_even\"> <dt>Vilk\u0161anas jauda<\/dt> <dd> 20 000 m\u0101rci\u0146as \/ 9070 kg<\/dd> <\/dl> <dl class=\"goodsDesc_item\"> <dt>Neto Svars<\/dt> <dd> 27,12 m\u0101rci\u0146as \/ 12,3 kg (ieskaitot visus piederumus)<\/dd> <\/dl> <dl class=\"goodsDesc_item goodsDesc_item_even\"> <dt>Produkta Izm\u0113ri<\/dt> <dd> 17,13 x 4,92 x 11,02 collas \/ 435 x 125 x 280 mm<\/dd> <\/dl> <\/div> <\/div>","protected":false},"excerpt":{"rendered":"<ul>\n<li> Augsta kravnes\u012bba: M\u016bsu piekares \u0101\u0137is var vilkt kravu l\u012bdz 20\u00a0000 m\u0101rci\u0146\u0101m (9\u00a0000 kg). Tas ir sader\u012bgs ar 2 collu savienojuma uztv\u0113r\u0113jiem, kuriem ir 2-5\/16 collu sakabes lod\u012bte, un to var savienot ar 2,5\u20133 collu lunette gredzeniem, t\u0101d\u0113j\u0101di atvieglojot smaga apr\u012bkojuma un kravu p\u0101rvad\u0101\u0161anu. <\/li>\n<li> Augst\u0101k\u0101s kvalit\u0101tes iztur\u012bba: \u0101\u0137a sakabes ier\u012bce ir izgatavota no augstas kvalit\u0101tes t\u0113rauda, \u200b\u200btai ir stabila, vienlaidus konstrukcija, un tai ir pulverkr\u0101sota virsma, kas uzlabo iztur\u012bbu pret r\u016bsu un nodilumiztur\u012bbu. Turkl\u0101t termiski apstr\u0101d\u0101tais \u0101\u0137is v\u0113l vair\u0101k palielina t\u0101 kalpo\u0161anas laiku. <\/li>\n<li> Pla\u0161a sader\u012bba: 10 caurumu augstuma regul\u0113\u0161anas konstrukcija nodro\u0161ina 6 collu augstuma diapazonu, piel\u0101gojoties da\u017e\u0101diem ce\u013ca apst\u0101k\u013ciem un transportl\u012bdzek\u013cu augstumiem. Ar standarta 2 collu savienojuma uztv\u0113r\u0113ju m\u016bsu pintle \u0101\u0137i var viegli savienot p\u0101r\u012b ar lunette gredzeniem, uztv\u0113r\u0113ja gredzeniem un lodveida savienot\u0101jiem, padarot to sader\u012bgu ar kravas automa\u0161\u012bn\u0101m, traktoriem, apvidus auto un kvadracikliem. <\/li>\n<li> Dro\u0161\u012bbas blo\u0137\u0113\u0161ana: P\u0113c aizb\u012bd\u0146a pavilk\u0161anas nofiks\u0113jiet piekabes \u0101\u0137i ar tapu vai R veida tapu, lai samazin\u0101tu nejau\u0161as atvieno\u0161an\u0101s vai atsl\u0101b\u0161anas risku lieto\u0161anas laik\u0101. Tas ir \u012bpa\u0161i noder\u012bgi braucot pa nel\u012bdzeniem ce\u013ciem, jo \u200b\u200bnodro\u0161ina papildu dro\u0161\u012bbu. <\/li>\n<li> Viegli lietojams: m\u016bsu piekares \u0101\u0137is efekt\u012bvi samazina sadursmju vai nepareizas darb\u012bbas risku sliktas redzam\u012bbas apst\u0101k\u013cos, uzlabojot dro\u0161\u012bbu lieto\u0161anas laik\u0101. <\/li>\n<\/ul>","protected":false},"featured_media":367291,"comment_status":"open","ping_status":"open","template":"","meta":{"om_disable_all_campaigns":false,"_monsterinsights_skip_tracking":false,"_monsterinsights_sitenote_active":false,"_monsterinsights_sitenote_note":"","_monsterinsights_sitenote_category":0,"_uf_show_specific_survey":0,"_uf_disable_surveys":false},"location":[1935,1934],"product_brand":[21],"product_cat":[133,3793,3198,4836,3197],"product_tag":[],"class_list":{"0":"post-148609","1":"product","2":"type-product","3":"status-publish","4":"has-post-thumbnail","6":"location-supplier_stock_location","7":"location-local_stock_location","8":"product_brand-vevor","9":"product_cat-automotive","10":"product_cat-ball-mounts","11":"product_cat-hitches","12":"product_cat-pintle-hook","13":"product_cat-towing-equipment","15":"first","16":"outofstock","17":"taxable","18":"shipping-taxable","19":"purchasable","20":"product-type-simple"},"aioseo_notices":[],"jetpack_sharing_enabled":true,"locations":[{"id":1935,"name":"Pieg\u0101d\u0101t\u0101ja noliktav\u0101 (5-7d.d.)","slug":"supplier_stock_location","quantity":"0"},{"id":1934,"name":"R\u012bgas veikal\u0101 (0-2d.d.)","slug":"local_stock_location","quantity":"0"}],"_links":{"self":[{"href":"https:\/\/vevorshop.lv\/lv\/wp-json\/wp\/v2\/product\/148609","targetHints":{"allow":["GET"]}}],"collection":[{"href":"https:\/\/vevorshop.lv\/lv\/wp-json\/wp\/v2\/product"}],"about":[{"href":"https:\/\/vevorshop.lv\/lv\/wp-json\/wp\/v2\/types\/product"}],"replies":[{"embeddable":true,"href":"https:\/\/vevorshop.lv\/lv\/wp-json\/wp\/v2\/comments?post=148609"}],"wp:featuredmedia":[{"embeddable":true,"href":"https:\/\/vevorshop.lv\/lv\/wp-json\/wp\/v2\/media\/367291"}],"wp:attachment":[{"href":"https:\/\/vevorshop.lv\/lv\/wp-json\/wp\/v2\/media?parent=148609"}],"wp:term":[{"taxonomy":"location","embeddable":true,"href":"https:\/\/vevorshop.lv\/lv\/wp-json\/wp\/v2\/location?post=148609"},{"taxonomy":"product_brand","embeddable":true,"href":"https:\/\/vevorshop.lv\/lv\/wp-json\/wp\/v2\/product_brand?post=148609"},{"taxonomy":"product_cat","embeddable":true,"href":"https:\/\/vevorshop.lv\/lv\/wp-json\/wp\/v2\/product_cat?post=148609"},{"taxonomy":"product_tag","embeddable":true,"href":"https:\/\/vevorshop.lv\/lv\/wp-json\/wp\/v2\/product_tag?post=148609"}],"curies":[{"name":"wp","href":"https:\/\/api.w.org\/{rel}","templated":true}]}}