{"id":149760,"date":"2025-02-14T04:21:20","date_gmt":"2025-02-14T04:21:20","guid":{"rendered":"https:\/\/vevorshop.lv\/en_us\/Prece\/vevor-2-4m-portable-beer-pong-table-with-cup-holders-balls-foldable-adjustable-height-for-parties-tailgating\/"},"modified":"2026-04-19T19:56:15","modified_gmt":"2026-04-19T16:56:15","slug":"vevor-2-4m-portable-beer-pong-table-with-cup-holders-balls-foldable-adjustable-height-for-parties-tailgating","status":"publish","type":"product","link":"https:\/\/vevorshop.lv\/lv\/Prece\/vevor-2-4m-parnesajams-alus-tenisa-galds-ar-glazu-turetajiem-bumbinas-salokamas-regulejams-augstums-ballitem-aizmugures-aizbidni\/","title":{"rendered":"VEVOR 240 cm salok\u0101ms alus pong galda sp\u0113les galds ar kausu caurumiem, mar\u0137ieriem un rokturi, augstuma regul\u0113jams, balts"},"content":{"rendered":"<div style=\"color: #fff!important; font-size: 16px; height: 24px; line-height: 24px; margin-top: -24px; \" class=\"product_original_name\">VEVOR 8 p\u0113du p\u0101rn\u0113s\u0101jams alus tenisa galds, salok\u0101ms bag\u0101\u017eas nodal\u012bjuma durvju galds, kr\u016bz\u012b\u0161u caurumi, saus\u0101s dz\u0113\u0161anas mar\u0137ieri un p\u0101rn\u0113s\u0101\u0161anas rokturi, regul\u0113jams augstums, viegls galds birojam, bag\u0101\u017eas nodal\u012bjuma durvju ball\u012bte un kempings, balts<\/div>\n<div style=\"color: #fff!important; font-size: 16px; height: 24px; line-height: 24px; margin-top: -24px; \" class=\"product_sku\">M7471YH3<\/div>\n<div style=\"color: #fff!important; font-size: 16px; height: 24px; line-height: 24px; margin-top: -24px; \" class=\"product_mpn\">ZDPJYXZGCKDKGUYQ7V0<\/div><div id=\"js-DM_at-goodDescRich\"><html><head><style>  body {    font-family: Arial;    line-height: 1.5;    color: #1c1c1c;    overflow-x: hidden;    margin: 0;    padding: 0;  }  .MsoNormal b {    font-weight: bolder;  }<\/style><style>  .container.small {    width: 970px;    margin: 0 auto;  }  .logo {    margin: 0 auto 0;  }  .logo img {    display: block;    margin: 0 auto;    max-width: 100%;  }  .logo .pc-banner {    display: block;    width: 1200px;    height: 247.4px;    margin: 0 auto;  }  .logo .pc-banner.small {    width: 970px;  }  .logo .pc-banner.small img {    height: auto!important;  }  .logo .m-banner {    display: none;  }  .ytvideo {    position: relative;    height: 546px;    width: 100%;    margin: 0 auto;  }  .ytvideo img {    width: 100%;    margin: 0 auto;  }  .ytvideo .play-btn {    width: 60px;    height: 42px;    position: absolute;    top: 50%;    left: 50%;    transform: translate(-50%, -50%);    background: url(\"data:image\/png;base64,iVBORw0KGgoAAAANSUhEUgAAAGQAAABGCAMAAAANWMFbAAAC+lBMVEUAAADBGB3kLCfBGB3kLCfcJC7BFx3KKSbiKybkLCbWJCPSIiLSIiLPICHAFx3kLCfgKSXNHiDZJiTIGx\/p4eHcjo7LHSDbJyTkLCbjKyfOHyHPIiL28fHJHB\/GGh7EGR7eKCXDGB3RISHlLSbBGB3AFxzGHB7DGB7BGB3hKybkKybAFx3lLCfAFxzDGR3hKibDGB7cJyTmz8\/elJTlwcHjurrUIyLlLSflLSfAFx3DGR7lLSfCFx3hKibhKibhKybjKybkLCblLSfbJSX49vbx7e3NNzjNMTLMJyjVIyLZf3\/ZQ0LaeHjx0tLgoqLkLCfCGB3HGx\/BGB3BFx3PICHCGB7WJCLOHyC\/Fxy\/Fx3lLCfQISHkLSe\/FxzbJiTBFx3FGx\/AGB7BFx3EGR7AGB3HHSDfKiXAFh3TISHYNzbhKibbJyTTIiL57e325+f039\/v2NjUV1fOHiHiqanfmprch4feKSXVIyPOICHmLibFGh\/mLSe\/Fx7XJCPeKSXXJSPNHyHaJyTGGh7lLCbmLCflLSjSIiLkLCbdKSXLHiC\/GB3KHh++Fh3lKyfoLiXcKCPkx8fYb2\/XaGfVXl3aU1LLHiDksbHgKibPICHbJyTfKSXbJyTCGB3KHSDiKybFGh7TIiL\/\/\/\/VIyPRISHIHB\/GGx\/HHB\/DGR7gKibdKCXLHiDZJiTMHiDNHyHYJSTOICHPICHWJCPcKCXXJSPjLCblLCf+\/f3NGR\/uLijzLynPGR\/IGB7WISHaIyLLGh7UAADxLynNAADRLzDbICLQAADIAAD3MCrUHSHXMTDpKSbLAADp5OTij4\/ejo\/VLy\/1LyngJSTcJCPQHx\/OHB7+\/PzaMS\/OLS\/vLijrLSjSAADaNTPwLyjkKSbNJCbYISHPHB\/KGB7WAAD7+vrn3d3aKynTKCjoLCfsKifRGh\/YAADq5+fhjo7QNDXXKCfmJyXt5+fTLzDLLi\/QKivYHRvMGBrQJCXLISPMExXLDxLaEAvkkI\/bOTfaFQ\/SCgpvLcnHAAAAmnRSTlMA+vv7+gT9Bvf9+8z8\/NSv\/Pr5+P7++vnQIBMP\/v38\/Pn348XDiCYf9OjbzcqxXVcx\/fz8+\/rj1r2poo1+fXFqX0orGP7+\/v7+\/fz8+\/r68uzn4trIxsG\/vri3p6GcmZSNbWVYUUZEPQv+\/f39+\/v7+\/v7+vr64tvV1NTTz87FtbSurqeblJKFg4B3bUY+NjL7+\/v7+\/v67t1cDo8JLQAABkRJREFUWMO0kz9rwkAYh0OIeJkum6YugUAhISCdKoj\/P4C7SMdS+gEKIhSKil10LSg4mzXkILdlEpxCpwTiWOLX6BujvQaEQuGeHLnL+\/64J+SIcKGYTYWnntpdLjrVdqvZmNdn0+EE40GtpuuWVS6Xx6N7YDSGpWXpeq02wHgynM7q80az1a52HpddtVcpsi1zFARBrdaxbhp9iUReTGmwA4KAAr7vx3EYejnCMI6hQYEgy0LQi4jUN0wL19vqFcUC9\/1dAKmEEFkWRYkh5oBejnxQJiSJPJ\/uKBp0Thszx9Mw8hMRIQjKsptCfuES9zr5WJY6vSFCIvE9fCMUmEM1A1kSXcYGxgVYsvI1IPKTZciSTI0us\/SMGG04gDzELDoFBwdcFJrF88dqgYMTiL6DILWYyfOWE8\/kIz38olCNlC03FK95+imxp6y4oUSvAnBjHHhKNtotSDqJzVFiK8c2SBqhZtsrTtgrLXwAyduxZHNE26eHUt5rtuM4WSmds3G+sUdWYo1L+XyxButoh5eKUHk5lByO3G1LqqCWVnfrv\/lyPtf\/4ps1cndNGIri8J1TJ0lx6dR\/oPjq1nbRwdp2dCk4CtIOLW3pVKRL6WZfS5vF2KkIQhpwSsjiYIgNCs1gEMGqiIq24NQX9NwoXFy8Ufrl3twTcg4fv8T9\/JBEySduj6Mjm4bMzYV7EEOxKjjoNDud7yY3Dy71Hq2oLmqfbNR723edH9PgMrNL2utoQ3VmaIDkiw\/4w51P06hlZsTZvkRrbVuSIs\/zwSOsycgzStQouoAkWQqioRT5XI7n2Z1wfVhoZmcAJLsoqjqpjbWCgpOAJXBwHK8PzWbNvoUZJND5wCnSkLAkZ1legx6vqQzjoiTahKlGUGLAiIIoABOHaNVw4sexZBym6\/HWlH5h3IC7yRbxtipcWxdTOkORKiNQAEkFf66x5S2oeRbroOlLgg0sSYkR0hRGEqJZ0jTPiQKatESdBckpWigxaapEH0lImHdWu9pUFF2XqMNM2Z4kped7IwEJw2qabwtrQqnpw6HyKkgcadKWsmpywwesDyIhYRpdzXddqegtGIJlXbAIUMOLkGxJUjRIkokwjUaX9d\/kK62ps\/tYUqZLIMkLTyBhsMZ3C5Z\/kDxOSCb\/DOs\/\/J0qcWSX\/2ipe56EgTCA4\/cB7NAYOsni4mZM1MUPAISoEwkDi4lhVBQ1cWQyIcwalw4EpqZN68JUSK7XC0kTlkLYii5uXSC8jT5ncCAS7mjCv0uHp\/3lueHEEAeQ\/\/VgmdN71\/2uCSA1Xr6DO6uI6sW56zqT2tp2PhgiRUAajV8CY2fkcz6WGNKMgLAt7tJAhD4YHMTeRxlALE6+43WqjSWi8ITxyJl8WrwWSNESQZZOqhDDntO3hJLsd5RtSpbJqdv3YrDJH3F7jL1R2O2aQkn2MyCyKYz0GPGIvSAMgBCrCEiJyKbBaYGwLW4uPRr0A0M4Ux5kUI7IBh+hMdiCEWNqhMZGyYMsOgNE58UQuEQeUnSWCMYwL54hkxK6IoqucQZbQ3pc3XtL0lky1dL0zZJJDpWJovFqpWj6JEHnyam2eQp5QRVAVHjWparTOaVwUOx99YS2MvgxIGV0bb+qIg2HX2qkFFJB+XZcbLiuRkuxD9GRroKyveLxdh4d7Orx+hb7qc3uVRuEogCOnyIxm4ubUoPgF4jianDrC+SDQDKEfJb0GUKmjCGPYHGJvVC6X4hw1\/sAfQAdfYyephIaspXe36RwOP+Ljvfx9B6B3i+Nk0DGq+oCbLn6JpBa9nWAveAIHwFAwtVcIJXPMPL8kRu5OAYPMaL1WScTxjiZDqB9LTJSWphow\/pTYKRTLjCBhvi9iBidvKcDasGSm0QQkycYuLBqj6QCELPctqChDWpTRMWkngNNpQ1Pfp1KkiT\/Y0DGffXAweUNfLAfaJFKDwhb6I+bkYRbkERoEeu3Fyjg2opMz2daZCS9jt6Q7txNfB+OZEVF6Zl5web2xunnLQrtrjXseXKaFYziYINeMFZVxS9VxRhOoesYwxPKXm+gWLG9cuFeq93UNNeJNsf1KlwuDok9n02n3TgIJpOxNfL9naIoQwXtfH9kjceTIIi709ncTg6LZbg+biLH1V6u\/7rxBem06VXKn9raAAAAAElFTkSuQmCC\")      no-repeat center center \/ contain;  }  @media screen and (max-width: 960px) and (orientation: portrait) {    .logo {      width: 100%;    }    .logo .pc-banner {      display: none;    }    .logo .m-banner {      display: block;      width: 100%;    }    .logo .m-banner img {      height: auto!important;    }    .ytvideo {      height: 200px;      width: 100%;    }  }<\/style><style>  .video-section {    width: 100%;    margin: 0 auto;  }  .video-section > img {    width: 100%;  }  .video-section iframe,  .video-section video {    width: 100%;    height: 100%;      }  .video-section-img-m,  .video-section-img-pc > img {    width: 100%;    height: auto;  }  .video-section-img-pc.small > img {    width: 970px;  }  .video-desc {    line-height: 1.5;    font-size: 20px;    font-weight: 400;    margin: 20px 0;    text-align: center;    color: #0f1111;    word-break: break-word;  }  @media screen and (max-width: 960px) and (orientation: portrait) {    .video-section {      width: 100%;    }    .video-section-pc,    .video-section-img-pc {      display: none;    }    .video-section-m,    .video-section-img-m {      display: block;    }    .video-desc {      font-size: 15px;    }  }  @media screen and (min-width: 960px) {    .video-section {      width: 100%;      margin: 0 auto;    }    .video-section-pc,    .video-section-img-pc {      display: block;    }    .video-section-m,    .video-section-img-m {      display: none;    }    .video-desc {      font-size: 20px;    }  }<\/style><style>  .section + .section {    margin-top: 35px;  }  .section-title {    text-align: center;    font-weight: bold;    color: #0d1111;    font-family: \"Arial\";    font-size: 32px;    margin: 15px 0;  }  .section-title:empty {    display: none;  }  .section-desc {    text-align: center;    font-weight: normal;    color: #0d1111;    margin-top: 20px;  }  .section-desc:empty {    display: none;  }  .section-img {    width: 1200px;    height: 492px;    margin: 0 auto;    display: block;  }  .section-img.small {    width: 970px;    height: auto;  }  .section-img.small > img {    height: auto;  }  .section-img > img {    width: 100%;    height: 100%;  }  .section-mobile-img {    display: none;    max-width: 100vw;    max-height: 75vw;    height: 450px;    margin: 0 auto;  }  .section-mobile-img > img {    width: 100%;    height: 100%;  }  @media screen and (max-width: 960px) and (orientation: portrait) {    .container {      width: 100%;    }    .container.small {      width: 100%;    }    .section-mobile-img {      display: block;    }    .section-img {      display: none;    }    .section-title {      font-size: 22px;      margin: 10px 0;    }    .section-desc {      margin-top: 10px;    }    .section + .section {      margin-top: 20px;    }  }<\/style><\/head><body><div class=\"container small\"><div class=\"logo\"><div class=\"pc-banner small\"><div><img decoding=\"async\" src=\"\/vevor\/vevor\/boutique-banner\/pc\/en-pc@1x.jpg\" style=\"width: 100%;\" \/><\/div><\/div><div class=\"m-banner\"><div><img decoding=\"async\" src=\"\/vevor\/vevor\/boutique-banner\/mobile\/en-m@1x.jpg\" style=\"width: 100%;\" \/><\/div><\/div><\/div><div class=\"section-title\">Saliekamais alus tenisa galds<\/div><div class=\"video-section\"><div class=\"video-section-img-pc small\"><img decoding=\"async\" src=\"\/vevor\/product\/ZDPJYXZGCKDKGUYQ7\/beer-pong-table-a100-1.4-pt.jpg\" \/><\/div><div class=\"video-section-img-m\"><img decoding=\"async\" src=\"\/vevor\/product\/ZDPJYXZGCKDKGUYQ7\/beer-pong-table-a100-1.4-pt.jpg\" \/><\/div><div class=\"section-desc\">\u0160is 2,4 metrus garais salok\u0101mais alus pingponga galds ir apr\u012bkots ar p\u0101rn\u0113s\u0101\u0161anas rokturi un apak\u0161\u0113jo uzglab\u0101\u0161anas nodal\u012bjumu, k\u0101 ar\u012b 6 galda pingponga bumbi\u0146\u0101m, padarot to par ide\u0101lu izv\u0113li ball\u012bt\u0113m.<\/div><\/div><div class=\"section\"><div class=\"section-title\"><\/div><div class=\"section-img small\"><img decoding=\"async\" src=\"\/vevor\/product\/ZDPJYXZGCKDKGUYQ7\/beer-pong-table-a100-2.2-pt.jpg\" \/><\/div><div class=\"section-mobile-img\"><img decoding=\"async\" src=\"\/vevor\/product\/ZDPJYXZGCKDKGUYQ7\/beer-pong-table-a100-2.2-pt.jpg\" \/><\/div><div class=\"section-desc\">Kad tas netiek izmantots, \u0161o p\u0101rn\u0113s\u0101jamo alus tenisa galdu var viegli uzglab\u0101t j\u016bsu viesistab\u0101, skap\u012b, automa\u0161\u012bnas bag\u0101\u017eniek\u0101 vai gar\u0101\u017e\u0101, t\u0101d\u0113j\u0101di ietaupot jums v\u0113rt\u012bgu vietu. Neatkar\u012bgi no t\u0101, vai tas ir paredz\u0113ts \u0123imenes sp\u0113\u013cu vakaram, draugu sapulcei vai piem\u0101jas gril\u0113\u0161anai, to var \u0101tri iestat\u012bt, lai j\u016bsu ball\u012bt\u0113 sag\u0101d\u0101tu bezgal\u012bgu jautr\u012bbu.<\/div><\/div><div class=\"section\"><div class=\"section-title\"><\/div><div class=\"section-img small\"><img decoding=\"async\" src=\"\/vevor\/product\/ZDPJYXZGCKDKGUYQ7\/beer-pong-table-a100-2.3-pt.jpg\" \/><\/div><div class=\"section-mobile-img\"><img decoding=\"async\" src=\"\/vevor\/product\/ZDPJYXZGCKDKGUYQ7\/beer-pong-table-a100-2.3-pt.jpg\" \/><\/div><div class=\"section-desc\">Ar \u016bdensnecaurlaid\u012bgu p\u0101rkl\u0101jumu \u0161is saliekamais alus tenisa galds ir ne tikai \u013coti iztur\u012bgs, bet ar\u012b viegli t\u012br\u0101ms. Ar \u0101tru noslauc\u012b\u0161anu galda virsmu var viegli atjaunot, nodro\u0161inot \u0113rt\u012bbas gan ball\u012bt\u0113m, gan ikdienas lieto\u0161anai.<\/div><\/div><div class=\"section\"><div class=\"section-title\"><\/div><div class=\"section-img small\"><img decoding=\"async\" src=\"\/vevor\/product\/ZDPJYXZGCKDKGUYQ7\/beer-pong-table-a100-2.4-pt.jpg\" \/><\/div><div class=\"section-mobile-img\"><img decoding=\"async\" src=\"\/vevor\/product\/ZDPJYXZGCKDKGUYQ7\/beer-pong-table-a100-2.4-pt.jpg\" \/><\/div><div class=\"section-desc\">\u0160im alus tenisa galdam ir divi regul\u0113jami augstuma iestat\u012bjumi - 20,5 collas un 28 collas, kas \u013cauj sp\u0113l\u0113t\u0101jiem elast\u012bgi piel\u0101got to atbilsto\u0161i savam augumam un v\u0113lm\u0113m, nodro\u0161inot \u0113rtu un personaliz\u0113tu sp\u0113les pieredzi ikvienam.<\/div><\/div><div class=\"section\"><div class=\"section-title\"><\/div><div class=\"section-img small\"><img decoding=\"async\" src=\"\/vevor\/product\/ZDPJYXZGCKDKGUYQ7\/beer-pong-table-a100-2.5-pt.jpg\" \/><\/div><div class=\"section-mobile-img\"><img decoding=\"async\" src=\"\/vevor\/product\/ZDPJYXZGCKDKGUYQ7\/beer-pong-table-a100-2.5-pt.jpg\" \/><\/div><div class=\"section-desc\">\u0160is alus tenisa kempinga galds ir \u0101tri un vienk\u0101r\u0161i uzst\u0101d\u0101ms Neatkar\u012bgi no t\u0101, vai tas ir paredz\u0113ts piem\u0101jas ball\u012btei, iek\u0161telpu izklaidei vai kempingam, j\u016bs b\u016bsiet gatavs sp\u0113l\u0113t \u012bs\u0101 laik\u0101.<\/div><\/div><div class=\"section\"><div class=\"section-img small\"><img decoding=\"async\" src=\"\/vevor\/product\/ZDPJYXZGCKDKGUYQ7\/beer-pong-table-a100-1.11-pt.jpg\" \/><\/div><div class=\"section-mobile-img\"><img decoding=\"async\" src=\"\/vevor\/product\/ZDPJYXZGCKDKGUYQ7\/beer-pong-table-a100-1.11-pt.jpg\" \/><\/div><\/div><\/div><\/body><\/html><\/div>\n<div class=\"DM_at-title\" id=\"js-DM_at-title\"> <div>Produkta specifik\u0101cija<\/div> <i class=\"icon-arrowup_line\"><\/i> <\/div><div class=\"DM_at-goodsDescAttr\" id=\"js-DM_at-goodsDescAttr\"> <div class=\"DM_at-goodsDescAttrInner\"> <dl class=\"goodsDesc_item goodsDesc_item_even\"> <dt>Preces Mode\u013ca Numurs<\/dt> <dd> BP-08-2<\/dd> <\/dl> <dl class=\"goodsDesc_item\"> <dt>Galda virsma<\/dt> <dd> MDF + melam\u012bna lamin\u0101ts<\/dd> <\/dl> <dl class=\"goodsDesc_item goodsDesc_item_even\"> <dt>Galda virsmas biezums<\/dt> <dd> 0,16 collas \/ 4 mm<\/dd> <\/dl> <dl class=\"goodsDesc_item\"> <dt>Svars, Tilpums<\/dt> <dd> 66 m\u0101rci\u0146as \/ 30 kg<\/dd> <\/dl> <dl class=\"goodsDesc_item goodsDesc_item_even\"> <dt>Galda k\u0101ju dizains<\/dt> <dd> 2 regul\u0113jama augstuma opcijas<\/dd> <\/dl> <dl class=\"goodsDesc_item\"> <dt>Galda k\u0101jas augstuma regul\u0113\u0161anas diapazons<\/dt> <dd> 28 collas \/ 20,5 collas (700 mm \/ 520 mm)<\/dd> <\/dl> <dl class=\"goodsDesc_item goodsDesc_item_even\"> <dt>Produkta Svars<\/dt> <dd> 18,5 m\u0101rci\u0146as \/ 8,4 kg<\/dd> <\/dl> <dl class=\"goodsDesc_item\"> <dt>Saloc\u012bti izm\u0113ri<\/dt> <dd> 23,6 collas x 23,6 collas x 5,5 collas \/ 600 x 600 x 140 mm<\/dd> <\/dl> <dl class=\"goodsDesc_item goodsDesc_item_even\"> <dt>Minim\u0101lie produkta izm\u0113ri<\/dt> <dd> 94,5&#034; x 23,6&#034; x 20,5&#034; \/ 2400 x 600 x 520 mm<\/dd> <\/dl> <dl class=\"goodsDesc_item\"> <dt>Maksim\u0101lie produkta izm\u0113ri<\/dt> <dd> 94,5&#034; x 23,6&#034; x 28&#034; \/ 2400 x 600 x 700 mm<\/dd> <\/dl> <\/div> <\/div>","protected":false},"excerpt":{"rendered":"<ul>\n<li> P\u0101rn\u0113s\u0101jams alus ponga galds: \u0160is 2,4 metru p\u0101rn\u0113s\u0101jamais alus ponga galds ir apr\u012bkots ar 6 galda ponga bumbi\u0146\u0101m un apak\u0161\u0113jo uzglab\u0101\u0161anas vietu, pied\u0101v\u0101jot \u0113rtu un jautru risin\u0101jumu j\u016bsu ball\u012bt\u0113m un pas\u0101kumiem. <\/li>\n<li> Viegli p\u0101rn\u0113s\u0101jams: Ar salok\u0101mu dizainu un \u0113rtu p\u0101rn\u0113s\u0101\u0161anas rokturi \u0161is saliekamais alus ponga galds ir ide\u0101la izv\u0113le pagalma ball\u012bt\u0113m, draugu pulc\u0113\u0161an\u0101s reiz\u0113m vai kempingam br\u012bv\u0101 dab\u0101. Tas ir \u0101tri uzst\u0101d\u0101ms, lai j\u016bs var\u0113tu uzreiz s\u0101kt sp\u0113li. <\/li>\n<li> Daudzfunkcion\u0101ls dizains: \u0161im salok\u0101majam alus tenisa galdam ir daudzfunkcion\u0101ls dizains, kas apvieno iztur\u012bgu alum\u012bnija r\u0101mi ar iztur\u012bgu MDF galda virsmu, lai nodro\u0161in\u0101tu stabilit\u0101ti un uzticam\u012bbu.Apr\u012bkots ar dro\u0161\u012bbas blo\u0137\u0113\u0161anas meh\u0101nismu un regul\u0113jamu augstumu, tas pied\u0101v\u0101 dro\u0161u sp\u0113li, vienlaikus piel\u0101gojot da\u017e\u0101du formu sp\u0113l\u0113t\u0101jus. <\/li>\n<li> Regul\u0113jams augstums: \u0161im alus tenisa bag\u0101\u017eas nodal\u012bjuma durvju galdam ir divi regul\u0113jami augstuma iestat\u012bjumi - 20,5 collas un 28 collas. Varat viegli piel\u0101got augstumu optim\u0101lam komfortam un sp\u0113lei, nodro\u0161inot sp\u0113l\u0113t\u0101jiem \u0113rtu un pat\u012bkamu sp\u0113les pieredzi. <\/li>\n<li> Uzlabojiet savu ball\u012b\u0161u pieredzi: \u0161is alus tenisa kr\u016bzes galds, kas apr\u012bkots ar unik\u0101lu kr\u016bz\u012b\u0161u tur\u0113t\u0101ja dizainu, efekt\u012bvi pasarg\u0101 kr\u016bzes no sl\u012bd\u0113\u0161anas vai izlie\u0161anas sp\u0113les laik\u0101. Turkl\u0101t iek\u013cautie 4 saus\u0101s dz\u0113\u0161anas mar\u0137ieri padara punktu skait\u012b\u0161anu, sv\u0113tku logotipu vai atz\u012bm\u0113\u0161anu vieglu un jautru. <\/li>\n<\/ul>","protected":false},"featured_media":368908,"comment_status":"open","ping_status":"open","template":"","meta":{"om_disable_all_campaigns":false,"_monsterinsights_skip_tracking":false,"_monsterinsights_sitenote_active":false,"_monsterinsights_sitenote_note":"","_monsterinsights_sitenote_category":0,"_uf_show_specific_survey":0,"_uf_disable_surveys":false},"location":[1935,1934],"product_brand":[21],"product_cat":[4869,2817,2816,2378],"product_tag":[],"class_list":{"0":"post-149760","1":"product","2":"type-product","3":"status-publish","4":"has-post-thumbnail","6":"location-supplier_stock_location","7":"location-local_stock_location","8":"product_brand-vevor","9":"product_cat-beer-pong-table-game-room","10":"product_cat-game-room","11":"product_cat-games-sports-outdoors","12":"product_cat-sports-outdoors","14":"first","15":"outofstock","16":"taxable","17":"shipping-taxable","18":"purchasable","19":"product-type-simple"},"aioseo_notices":[],"jetpack_sharing_enabled":true,"locations":[{"id":1935,"name":"Pieg\u0101d\u0101ja noliktav\u0101 (5-7dd.d)","slug":"supplier_stock_location","quantity":"0"},{"id":1934,"name":"R\u012bgas veikal\u0101 (0-2d.d.)","slug":"local_stock_location","quantity":"0"}],"_links":{"self":[{"href":"https:\/\/vevorshop.lv\/lv\/wp-json\/wp\/v2\/product\/149760","targetHints":{"allow":["GET"]}}],"collection":[{"href":"https:\/\/vevorshop.lv\/lv\/wp-json\/wp\/v2\/product"}],"about":[{"href":"https:\/\/vevorshop.lv\/lv\/wp-json\/wp\/v2\/types\/product"}],"replies":[{"embeddable":true,"href":"https:\/\/vevorshop.lv\/lv\/wp-json\/wp\/v2\/comments?post=149760"}],"wp:featuredmedia":[{"embeddable":true,"href":"https:\/\/vevorshop.lv\/lv\/wp-json\/wp\/v2\/media\/368908"}],"wp:attachment":[{"href":"https:\/\/vevorshop.lv\/lv\/wp-json\/wp\/v2\/media?parent=149760"}],"wp:term":[{"taxonomy":"location","embeddable":true,"href":"https:\/\/vevorshop.lv\/lv\/wp-json\/wp\/v2\/location?post=149760"},{"taxonomy":"product_brand","embeddable":true,"href":"https:\/\/vevorshop.lv\/lv\/wp-json\/wp\/v2\/product_brand?post=149760"},{"taxonomy":"product_cat","embeddable":true,"href":"https:\/\/vevorshop.lv\/lv\/wp-json\/wp\/v2\/product_cat?post=149760"},{"taxonomy":"product_tag","embeddable":true,"href":"https:\/\/vevorshop.lv\/lv\/wp-json\/wp\/v2\/product_tag?post=149760"}],"curies":[{"name":"wp","href":"https:\/\/api.w.org\/{rel}","templated":true}]}}