{"id":14989,"date":"2024-11-18T02:05:58","date_gmt":"2024-11-18T02:05:58","guid":{"rendered":"http:\/\/vevorshop.edigo.lv\/Prece\/vevor-mini-fridge-10l-12-cans-compact-personal-fridge-ac-dc-portable-thermoelectric-cooler-and-warmer-refrigerators-skincare-fridge-for-beverage-snacks-home-office-and-car-ce-listed-black\/"},"modified":"2026-02-26T15:55:24","modified_gmt":"2026-02-26T13:55:24","slug":"vevor-mini-fridge-10l-12-cans-compact-personal-fridge-ac-dc-portable-thermoelectric-cooler-and-warmer-refrigerators-skincare-fridge-for-beverage-snacks-home-office-and-car-ce-listed-black","status":"publish","type":"product","link":"https:\/\/vevorshop.lv\/lv\/Prece\/vevor-mini-ledusskapis-10l-12-kannas-kompakts-personigais-ledusskapis-ac-dc-parnesajams-termoelektriskais-dzesetajs-un-silditajs-ledusskapji-adas-kopsanas-ledusskapis-dzerienu-uzkodam-majas-birojam-un\/","title":{"rendered":"VEVOR 10L mini ledusskapis \u2013 p\u0101rn\u0113s\u0101jams dzes\u0113t\u0101js un sild\u012bt\u0101js kosm\u0113tikai, dz\u0113rieniem, uzkod\u0101m \u2013 AC\/DC, kluss, CE sertific\u0113ts, melns"},"content":{"rendered":"<div style=\"color: #fff!important; font-size: 16px; height: 24px; line-height: 24px; margin-top: -24px; \" class=\"product_original_name\">VEVOR 10L\/12 Kannu P\u0101rn\u0113s\u0101jamais Mini Ledusskapis ar Termoelektrisko Dzes\u0113\u0161anas un Sild\u012b\u0161anas Funkciju, Kompakts AC\/DC \u0100das Kop\u0161anas un Dz\u0113rienu Ledusskapis M\u0101j\u0101m, Birojam un Automa\u0161\u012bnai, \u016adens Sav\u0101k\u0161anas Tvertne, Klusa Darb\u012bba, CE Sertific\u0113ts (Melns)<\/div>\n<div style=\"color: #fff!important; font-size: 16px; height: 24px; line-height: 24px; margin-top: -24px; \" class=\"product_sku\">M4I4KFUX<\/div>\n<div style=\"color: #fff!important; font-size: 16px; height: 24px; line-height: 24px; margin-top: -24px; \" class=\"product_mpn\">MNBXHSBLPT10LMVXBV2<\/div><div id=\"js-DM_at-goodDescRich\"><html><head><style>  body {    font-family: Arial;    line-height: 1.5;    color: #1c1c1c;    overflow-x: hidden;    margin: 0;    padding: 0;  }  .MsoNormal b {    font-weight: bolder;  }<\/style><style>  .container.small {    width: 970px;    margin: 0 auto;  }  .logo {    margin: 0 auto 0;  }  .logo img {    display: block;    margin: 0 auto;    max-width: 100%;  }  .logo .pc-banner {    display: block;    width: 1200px;    height: 247.4px;    margin: 0 auto;  }  .logo .pc-banner.small {    width: 970px;  }  .logo .pc-banner.small img {    height: auto!important;  }  .logo .m-banner {    display: none;  }  .ytvideo {    position: relative;    height: 546px;    width: 100%;    margin: 0 auto;  }  .ytvideo img {    width: 100%;    margin: 0 auto;  }  .ytvideo .play-btn {    width: 60px;    height: 42px;    position: absolute;    top: 50%;    left: 50%;    transform: translate(-50%, -50%);    background: url(\"data:image\/png;base64,iVBORw0KGgoAAAANSUhEUgAAAGQAAABGCAMAAAANWMFbAAAC+lBMVEUAAADBGB3kLCfBGB3kLCfcJC7BFx3KKSbiKybkLCbWJCPSIiLSIiLPICHAFx3kLCfgKSXNHiDZJiTIGx\/p4eHcjo7LHSDbJyTkLCbjKyfOHyHPIiL28fHJHB\/GGh7EGR7eKCXDGB3RISHlLSbBGB3AFxzGHB7DGB7BGB3hKybkKybAFx3lLCfAFxzDGR3hKibDGB7cJyTmz8\/elJTlwcHjurrUIyLlLSflLSfAFx3DGR7lLSfCFx3hKibhKibhKybjKybkLCblLSfbJSX49vbx7e3NNzjNMTLMJyjVIyLZf3\/ZQ0LaeHjx0tLgoqLkLCfCGB3HGx\/BGB3BFx3PICHCGB7WJCLOHyC\/Fxy\/Fx3lLCfQISHkLSe\/FxzbJiTBFx3FGx\/AGB7BFx3EGR7AGB3HHSDfKiXAFh3TISHYNzbhKibbJyTTIiL57e325+f039\/v2NjUV1fOHiHiqanfmprch4feKSXVIyPOICHmLibFGh\/mLSe\/Fx7XJCPeKSXXJSPNHyHaJyTGGh7lLCbmLCflLSjSIiLkLCbdKSXLHiC\/GB3KHh++Fh3lKyfoLiXcKCPkx8fYb2\/XaGfVXl3aU1LLHiDksbHgKibPICHbJyTfKSXbJyTCGB3KHSDiKybFGh7TIiL\/\/\/\/VIyPRISHIHB\/GGx\/HHB\/DGR7gKibdKCXLHiDZJiTMHiDNHyHYJSTOICHPICHWJCPcKCXXJSPjLCblLCf+\/f3NGR\/uLijzLynPGR\/IGB7WISHaIyLLGh7UAADxLynNAADRLzDbICLQAADIAAD3MCrUHSHXMTDpKSbLAADp5OTij4\/ejo\/VLy\/1LyngJSTcJCPQHx\/OHB7+\/PzaMS\/OLS\/vLijrLSjSAADaNTPwLyjkKSbNJCbYISHPHB\/KGB7WAAD7+vrn3d3aKynTKCjoLCfsKifRGh\/YAADq5+fhjo7QNDXXKCfmJyXt5+fTLzDLLi\/QKivYHRvMGBrQJCXLISPMExXLDxLaEAvkkI\/bOTfaFQ\/SCgpvLcnHAAAAmnRSTlMA+vv7+gT9Bvf9+8z8\/NSv\/Pr5+P7++vnQIBMP\/v38\/Pn348XDiCYf9OjbzcqxXVcx\/fz8+\/rj1r2poo1+fXFqX0orGP7+\/v7+\/fz8+\/r68uzn4trIxsG\/vri3p6GcmZSNbWVYUUZEPQv+\/f39+\/v7+\/v7+vr64tvV1NTTz87FtbSurqeblJKFg4B3bUY+NjL7+\/v7+\/v67t1cDo8JLQAABkRJREFUWMO0kz9rwkAYh0OIeJkum6YugUAhISCdKoj\/P4C7SMdS+gEKIhSKil10LSg4mzXkILdlEpxCpwTiWOLX6BujvQaEQuGeHLnL+\/64J+SIcKGYTYWnntpdLjrVdqvZmNdn0+EE40GtpuuWVS6Xx6N7YDSGpWXpeq02wHgynM7q80az1a52HpddtVcpsi1zFARBrdaxbhp9iUReTGmwA4KAAr7vx3EYejnCMI6hQYEgy0LQi4jUN0wL19vqFcUC9\/1dAKmEEFkWRYkh5oBejnxQJiSJPJ\/uKBp0Thszx9Mw8hMRIQjKsptCfuES9zr5WJY6vSFCIvE9fCMUmEM1A1kSXcYGxgVYsvI1IPKTZciSTI0us\/SMGG04gDzELDoFBwdcFJrF88dqgYMTiL6DILWYyfOWE8\/kIz38olCNlC03FK95+imxp6y4oUSvAnBjHHhKNtotSDqJzVFiK8c2SBqhZtsrTtgrLXwAyduxZHNE26eHUt5rtuM4WSmds3G+sUdWYo1L+XyxButoh5eKUHk5lByO3G1LqqCWVnfrv\/lyPtf\/4ps1cndNGIri8J1TJ0lx6dR\/oPjq1nbRwdp2dCk4CtIOLW3pVKRL6WZfS5vF2KkIQhpwSsjiYIgNCs1gEMGqiIq24NQX9NwoXFy8Ufrl3twTcg4fv8T9\/JBEySduj6Mjm4bMzYV7EEOxKjjoNDud7yY3Dy71Hq2oLmqfbNR723edH9PgMrNL2utoQ3VmaIDkiw\/4w51P06hlZsTZvkRrbVuSIs\/zwSOsycgzStQouoAkWQqioRT5XI7n2Z1wfVhoZmcAJLsoqjqpjbWCgpOAJXBwHK8PzWbNvoUZJND5wCnSkLAkZ1legx6vqQzjoiTahKlGUGLAiIIoABOHaNVw4sexZBym6\/HWlH5h3IC7yRbxtipcWxdTOkORKiNQAEkFf66x5S2oeRbroOlLgg0sSYkR0hRGEqJZ0jTPiQKatESdBckpWigxaapEH0lImHdWu9pUFF2XqMNM2Z4kped7IwEJw2qabwtrQqnpw6HyKkgcadKWsmpywwesDyIhYRpdzXddqegtGIJlXbAIUMOLkGxJUjRIkokwjUaX9d\/kK62ps\/tYUqZLIMkLTyBhsMZ3C5Z\/kDxOSCb\/DOs\/\/J0qcWSX\/2ipe56EgTCA4\/cB7NAYOsni4mZM1MUPAISoEwkDi4lhVBQ1cWQyIcwalw4EpqZN68JUSK7XC0kTlkLYii5uXSC8jT5ncCAS7mjCv0uHp\/3lueHEEAeQ\/\/VgmdN71\/2uCSA1Xr6DO6uI6sW56zqT2tp2PhgiRUAajV8CY2fkcz6WGNKMgLAt7tJAhD4YHMTeRxlALE6+43WqjSWi8ITxyJl8WrwWSNESQZZOqhDDntO3hJLsd5RtSpbJqdv3YrDJH3F7jL1R2O2aQkn2MyCyKYz0GPGIvSAMgBCrCEiJyKbBaYGwLW4uPRr0A0M4Ux5kUI7IBh+hMdiCEWNqhMZGyYMsOgNE58UQuEQeUnSWCMYwL54hkxK6IoqucQZbQ3pc3XtL0lky1dL0zZJJDpWJovFqpWj6JEHnyam2eQp5QRVAVHjWparTOaVwUOx99YS2MvgxIGV0bb+qIg2HX2qkFFJB+XZcbLiuRkuxD9GRroKyveLxdh4d7Orx+hb7qc3uVRuEogCOnyIxm4ubUoPgF4jianDrC+SDQDKEfJb0GUKmjCGPYHGJvVC6X4hw1\/sAfQAdfYyephIaspXe36RwOP+Ljvfx9B6B3i+Nk0DGq+oCbLn6JpBa9nWAveAIHwFAwtVcIJXPMPL8kRu5OAYPMaL1WScTxjiZDqB9LTJSWphow\/pTYKRTLjCBhvi9iBidvKcDasGSm0QQkycYuLBqj6QCELPctqChDWpTRMWkngNNpQ1Pfp1KkiT\/Y0DGffXAweUNfLAfaJFKDwhb6I+bkYRbkERoEeu3Fyjg2opMz2daZCS9jt6Q7txNfB+OZEVF6Zl5web2xunnLQrtrjXseXKaFYziYINeMFZVxS9VxRhOoesYwxPKXm+gWLG9cuFeq93UNNeJNsf1KlwuDok9n02n3TgIJpOxNfL9naIoQwXtfH9kjceTIIi709ncTg6LZbg+biLH1V6u\/7rxBem06VXKn9raAAAAAElFTkSuQmCC\")      no-repeat center center \/ contain;  }  @media screen and (max-width: 960px) and (orientation: portrait) {    .logo {      width: 100%;    }    .logo .pc-banner {      display: none;    }    .logo .m-banner {      display: block;      width: 100%;    }    .logo .m-banner img {      height: auto!important;    }    .ytvideo {      height: 200px;      width: 100%;    }  }<\/style><style>  .video-section {    width: 100%;    margin: 0 auto;  }  .video-section > img {    width: 100%;  }  .video-section iframe,  .video-section video {    width: 100%;    height: 100%;      }  .video-section-img-m,  .video-section-img-pc > img {    width: 100%;    height: auto;  }  .video-section-img-pc.small > img {    width: 970px;  }  .video-desc {    line-height: 1.5;    font-size: 20px;    font-weight: 400;    margin: 20px 0;    text-align: center;    color: #0f1111;    word-break: break-word;  }  @media screen and (max-width: 960px) and (orientation: portrait) {    .video-section {      width: 100%;    }    .video-section-pc,    .video-section-img-pc {      display: none;    }    .video-section-m,    .video-section-img-m {      display: block;    }    .video-desc {      font-size: 15px;    }  }  @media screen and (min-width: 960px) {    .video-section {      width: 100%;      margin: 0 auto;    }    .video-section-pc,    .video-section-img-pc {      display: block;    }    .video-section-m,    .video-section-img-m {      display: none;    }    .video-desc {      font-size: 20px;    }  }<\/style><style>  .section + .section {    margin-top: 35px;  }  .section-title {    text-align: center;    font-weight: bold;    color: #0d1111;    font-family: \"Arial\";    font-size: 32px;    margin: 15px 0;  }  .section-title:empty {    display: none;  }  .section-desc {    text-align: center;    font-weight: normal;    color: #0d1111;    margin-top: 20px;  }  .section-desc:empty {    display: none;  }  .section-img {    width: 1200px;    height: 492px;    margin: 0 auto;    display: block;  }  .section-img.small {    width: 970px;    height: auto;  }  .section-img.small > img {    height: auto;  }  .section-img > img {    width: 100%;    height: 100%;  }  .section-mobile-img {    display: none;    max-width: 100vw;    max-height: 75vw;    height: 450px;    margin: 0 auto;  }  .section-mobile-img > img {    width: 100%;    height: 100%;  }  @media screen and (max-width: 960px) and (orientation: portrait) {    .container {      width: 100%;    }    .container.small {      width: 100%;    }    .section-mobile-img {      display: block;    }    .section-img {      display: none;    }    .section-title {      font-size: 22px;      margin: 10px 0;    }    .section-desc {      margin-top: 10px;    }    .section + .section {      margin-top: 20px;    }  }<\/style><\/head><body><div class=\"container\"><div class=\"logo\"><div class=\"pc-banner\"><div><img decoding=\"async\" src=\"\/vevor\/vevor\/boutique-banner\/pc\/en-pc@1x.jpg\" style=\"width: 100%;\" \/><\/div><\/div><div class=\"m-banner\"><div><img decoding=\"async\" src=\"\/vevor\/vevor\/boutique-banner\/mobile\/en-m@1x.jpg\" style=\"width: 100%;\" \/><\/div><\/div><\/div><div class=\"section-title\">Uzlabojiet savu uzglab\u0101\u0161anas stilu<\/div><div class=\"video-section\"><div class=\"video-section-img-pc\"><img decoding=\"async\" src=\"\/vevor\/product\/MNBXHSBLPT10LMVXB\/mini-fridge-a100-1.4.jpg\" \/><\/div><div class=\"video-section-img-m\"><img decoding=\"async\" src=\"\/vevor\/product\/MNBXHSBLPT10LMVXB\/mini-fridge-a100-1.4-m.jpg\" \/><\/div><div class=\"section-desc\">\u0160im 10 litru mini ledusskapim ir gan dzes\u0113\u0161anas, gan sild\u012b\u0161anas re\u017e\u012bmi, un tas var darboties par 64,4 \u2109 zem\u0101k par apk\u0101rt\u0113j\u0101s vides temperat\u016bru un par 122 \u2109 augst\u0101k par to. Darb\u012bbas temperat\u016bra \u226438 dB netrauc\u0113s j\u016bsu dz\u012bvi. Ar m\u0101jas str\u0101vas adapteri un 12 V l\u012bdzstr\u0101vas baro\u0161anas vadu \u0161is ledusskapis ir ide\u0101li piem\u0113rots p\u0101rtikas, dz\u0113rienu, m\u0101tes piena, z\u0101\u013cu un kosm\u0113tikas uzglab\u0101\u0161anai.<\/div><\/div><div class=\"section\"><div class=\"section-title\"><\/div><div class=\"section-img\"><img decoding=\"async\" src=\"\/vevor\/product\/MNBXHSBLPT10LMVXB\/mini-fridge-a100-2.2.jpg\" \/><\/div><div class=\"section-mobile-img\"><img decoding=\"async\" src=\"\/vevor\/product\/MNBXHSBLPT10LMVXB\/mini-fridge-a100-2.2-m.jpg\" \/><\/div><div class=\"section-desc\">Mini ledusskapim ir divi re\u017e\u012bmi: dzes\u0113\u0161ana un sild\u012b\u0161ana. J\u016bs varat izv\u0113l\u0113ties starp \u0161iem re\u017e\u012bmiem, piel\u0101gojot iestat\u012bjumu. Dzes\u0113\u0161anas re\u017e\u012bm\u0101 temperat\u016bra var pazemin\u0101ties par 64,4 \u2109 zem apk\u0101rt\u0113j\u0101s vides temperat\u016bras, savuk\u0101rt sild\u012b\u0161anas re\u017e\u012bm\u0101 temperat\u016bra var paaugstin\u0101ties l\u012bdz 122 \u2109. Lai sasniegtu v\u0113lamo dzes\u0113\u0161anas efektu p\u0113c iesl\u0113g\u0161anas, nepiecie\u0161ama tikai viena stunda.<\/div><\/div><div class=\"section\"><div class=\"section-title\"><\/div><div class=\"section-img\"><img decoding=\"async\" src=\"\/vevor\/product\/MNBXHSBLPT10LMVXB\/mini-fridge-a100-2.3.jpg\" \/><\/div><div class=\"section-mobile-img\"><img decoding=\"async\" src=\"\/vevor\/product\/MNBXHSBLPT10LMVXB\/mini-fridge-a100-2.3-m.jpg\" \/><\/div><div class=\"section-desc\">Pateicoties p\u0101rdom\u0101tai trok\u0161\u0146u samazin\u0101\u0161anas tehnolo\u0123ijai, \u0161is mazais mini ledusskapis darbojas ar ska\u0146as l\u012bmeni zem 38 dB, tas ne tikai netrauc\u0113 j\u016bsu darbu un dz\u012bvi, bet pat ja tas tiek novietots gu\u013camistab\u0101, tas netrauc\u0113s ar\u012b j\u016bsu atp\u016btu.<\/div><\/div><div class=\"section\"><div class=\"section-title\"><\/div><div class=\"section-img\"><img decoding=\"async\" src=\"\/vevor\/product\/MNBXHSBLPT10LMVXB\/mini-fridge-a100-2.4.jpg\" \/><\/div><div class=\"section-mobile-img\"><img decoding=\"async\" src=\"\/vevor\/product\/MNBXHSBLPT10LMVXB\/mini-fridge-a100-2.4-m.jpg\" \/><\/div><div class=\"section-desc\">\u0160is mini ledusskapis sver tikai 3,25 kg, t\u0101p\u0113c tas ir viegls un kompakts. Tam ir rokturi ab\u0101s pus\u0113s, kas atvieglo t\u0101 p\u0101rn\u0113s\u0101\u0161anu \u0101ra aktivit\u0101\u0161u laik\u0101.<\/div><\/div><div class=\"section\"><div class=\"section-title\"><\/div><div class=\"section-img\"><img decoding=\"async\" src=\"\/vevor\/product\/MNBXHSBLPT10LMVXB\/mini-fridge-a100-2.5.jpg\" \/><\/div><div class=\"section-mobile-img\"><img decoding=\"async\" src=\"\/vevor\/product\/MNBXHSBLPT10LMVXB\/mini-fridge-a100-2.5-m.jpg\" \/><\/div><div class=\"section-desc\">\u0160im mini rakst\u0101mgalda ledusskapim ir ar\u012b l\u012bdzstr\u0101vas baro\u0161anas vads un m\u0101jsaimniec\u012bbas str\u0101vas adapteris, kas \u013cauj to savienot ar automa\u0161\u012bnas baro\u0161anas avotu un apmierin\u0101t j\u016bsu vajadz\u012bbas p\u0113c pa\u0161brauk\u0161anas un \u0101ra aktivit\u0101t\u0113m.<\/div><\/div><div class=\"section\"><div class=\"section-img\"><img decoding=\"async\" src=\"\/vevor\/product\/MNBXHSBLPT10LMVXB\/mini-fridge-a100-1.11.jpg\" \/><\/div><div class=\"section-mobile-img\"><img decoding=\"async\" src=\"\/vevor\/product\/MNBXHSBLPT10LMVXB\/mini-fridge-a100-1.11-m.jpg\" \/><\/div><\/div><\/div><\/body><\/html><\/div>\n<div class=\"DM_at-title\" id=\"js-DM_at-title\"> <div>Produkta specifik\u0101cija<\/div> <i class=\"icon-arrowup_line\"><\/i> <\/div><div class=\"DM_at-goodsDescAttr\" id=\"js-DM_at-goodsDescAttr\"> <div class=\"DM_at-goodsDescAttrInner\"> <dl class=\"goodsDesc_item goodsDesc_item_even\"> <dt>Preces Mode\u013ca Numurs<\/dt> <dd> MFA-10L-C<\/dd> <\/dl> <dl class=\"goodsDesc_item\"> <dt>Kr\u0101sa<\/dt> <dd> Melns<\/dd> <\/dl> <dl class=\"goodsDesc_item goodsDesc_item_even\"> <dt>Tilpums (l)<\/dt> <dd> 10L\/12 kannas<\/dd> <\/dl> <dl class=\"goodsDesc_item\"> <dt>Dzes\u0113\u0161anas diapazons<\/dt> <dd> 18 \u2103 \/ 64,4 \u2109<\/dd> <\/dl> <dl class=\"goodsDesc_item goodsDesc_item_even\"> <dt>Sasil\u0161anas diapazons<\/dt> <dd> 50 \u2103 \/ 122 \u2109<\/dd> <\/dl> <dl class=\"goodsDesc_item\"> <dt>Iek\u0161\u0113j\u0101s oderes materi\u0101ls<\/dt> <dd> Alum\u012bnija oder\u0113jums<\/dd> <\/dl> <dl class=\"goodsDesc_item goodsDesc_item_even\"> <dt>Jauda<\/dt> <dd> DC9V; Dzes\u0113\u0161ana<\/dd> <\/dl> <dl class=\"goodsDesc_item\"> <dt>Svars<\/dt> <dd> 7,71 m\u0101rci\u0146as \/ 3,50 kg<\/dd> <\/dl> <dl class=\"goodsDesc_item goodsDesc_item_even\"> <dt>Troksnis<\/dt> <dd> \u226438 dB<\/dd> <\/dl> <dl class=\"goodsDesc_item\"> <dt>Izm\u0113rs<\/dt> <dd> 10,82 x 9,05 x 13,19 collas \/ 275 x 230 x 335 mm<\/dd> <\/dl> <\/div> <\/div>","protected":false},"excerpt":{"rendered":"<ul>\n<li> Dzes\u0113\u0161ana &amp; sasil\u0161ana: M\u016bsu mini ledusskapis ir gan dzes\u0113\u0161anas, gan sasil\u0161anas funkcijas, kas \u013cauj piel\u0101got re\u017e\u012bmu v\u0113lamajai temperat\u016brai.dzes\u0113\u0161anas re\u017e\u012bms var sasniegt zem 64,4 \u00b0F apk\u0101rt\u0113j\u0101s vides temperat\u016bru, savuk\u0101rt sasil\u0161anas re\u017e\u012bms var sasniegt l\u012bdz 122 \u00b0F apk\u0101rt\u0113j\u0101s vides temperat\u016brai.Vajadz\u012bga tikai pusotra stunda, lai sasniegtu atbilsto\u0161o dzes\u0113\u0161anas efektu. <\/li>\n<li> Lietot\u0101jam draudz\u012bgs dizains: Vairs nav j\u0101uztraucas par \u016bdens nopl\u016bdi! M\u016bsu p\u0101rn\u0113s\u0101jamo ledusskapi esam uzlaboju\u0161i ar \u016bdens sav\u0101k\u0161anas tvertni, kas atrodas ledusskapja apak\u0161\u0101, lai sav\u0101ktu jebk\u0101du kondens\u0113to \u016bdeni ledusskapja iek\u0161pus\u0113. Komplekt\u0101 ir iek\u013cauts ar\u012b dvielis liek\u0101 kondens\u0113t\u0101 \u016bdens noslauc\u012b\u0161anai. Atcerieties regul\u0101ri iztuk\u0161ot sav\u0101kto \u016bdeni, lai ledusskapis b\u016btu t\u012brs un sauss. <\/li>\n<li> Klusa darb\u012bba: P\u0101rdom\u0101t\u0101 trok\u0161\u0146u samazin\u0101\u0161anas tehnolo\u0123ija nodro\u0161ina, ka ledusskapis darbojas ar trok\u0161\u0146a l\u012bmeni, kas ir maz\u0101ks par 38 bd, padarot to klus\u0101ku un maz\u0101k trauc\u0113jo\u0161u darbam un ikdienas dz\u012bvei. Tas netrauc\u0113s j\u016bsu atp\u016btu un ir lieliski piem\u0113rots jebkurai videi \u2013 vai t\u0101 b\u016btu j\u016bsu gu\u013camistaba, birojs vai b\u0113rnistaba. <\/li>\n<li> Kompakts, bet pla\u0161s: m\u016bsu mini ledusskapim ir mazs korpuss, ta\u010du t\u0101 10L ietilp\u012bb\u0101 var ietilpt l\u012bdz divpadsmit 330 ml kann\u0101m, kas sver tikai 7,71 m\u0101rci\u0146as.abas puses ir apr\u012bkotas ar p\u0101rn\u0113s\u0101\u0161anas rokturiem, lai padar\u012btu to p\u0101rn\u0113s\u0101jamu un viegli p\u0101rn\u0113s\u0101jamu, ide\u0101li piem\u0113rots p\u0101rtikas, dz\u0113rienu, m\u0101tes piena, \u0101das kop\u0161anas l\u012bdzek\u013cu, z\u0101\u013cu un citu produktu uzglab\u0101\u0161anai. <\/li>\n<li> Daudzpus\u012bgs un \u0113rts: person\u012bgajam ledusskapim ir gan 12 V automa\u0161\u012bnas l\u012bdzstr\u0101vas baro\u0161anas vads, gan m\u0101jsaimniec\u012bbas str\u0101vas adapteris, kas padara to piem\u0113rotu pa\u0161brauk\u0161anai un \u0101ra aktivit\u0101t\u0113m. T\u0101 gludais dizains un praktisk\u0101s funkcijas padara to par lielisku d\u0101vanu ar\u012b m\u012b\u013cajiem un draugiem, kuriem pat\u012bk p\u0101rg\u0101jieni, pikniki vai kempingi. <\/li>\n<\/ul>","protected":false},"featured_media":266016,"comment_status":"closed","ping_status":"open","template":"","meta":{"om_disable_all_campaigns":false,"_monsterinsights_skip_tracking":false,"_monsterinsights_sitenote_active":false,"_monsterinsights_sitenote_note":"","_monsterinsights_sitenote_category":0,"_uf_show_specific_survey":0,"_uf_disable_surveys":false},"location":[1935,1934],"product_brand":[21],"product_cat":[2445,3310,3311],"product_tag":[],"class_list":{"0":"post-14989","1":"product","2":"type-product","3":"status-publish","4":"has-post-thumbnail","6":"location-supplier_stock_location","7":"location-local_stock_location","8":"product_brand-vevor","9":"product_cat-appliances","10":"product_cat-mini-fridges","11":"product_cat-tec-mini-refrigerator","13":"first","14":"outofstock","15":"taxable","16":"shipping-taxable","17":"purchasable","18":"product-type-simple"},"aioseo_notices":[],"jetpack_sharing_enabled":true,"locations":[{"id":1935,"name":"Pieg\u0101d\u0101t\u0101ja noliktav\u0101 (5-7d.d.)","slug":"supplier_stock_location","quantity":"0"},{"id":1934,"name":"R\u012bgas veikal\u0101 (0-2d.d.)","slug":"local_stock_location","quantity":"0"}],"_links":{"self":[{"href":"https:\/\/vevorshop.lv\/lv\/wp-json\/wp\/v2\/product\/14989","targetHints":{"allow":["GET"]}}],"collection":[{"href":"https:\/\/vevorshop.lv\/lv\/wp-json\/wp\/v2\/product"}],"about":[{"href":"https:\/\/vevorshop.lv\/lv\/wp-json\/wp\/v2\/types\/product"}],"replies":[{"embeddable":true,"href":"https:\/\/vevorshop.lv\/lv\/wp-json\/wp\/v2\/comments?post=14989"}],"wp:featuredmedia":[{"embeddable":true,"href":"https:\/\/vevorshop.lv\/lv\/wp-json\/wp\/v2\/media\/266016"}],"wp:attachment":[{"href":"https:\/\/vevorshop.lv\/lv\/wp-json\/wp\/v2\/media?parent=14989"}],"wp:term":[{"taxonomy":"location","embeddable":true,"href":"https:\/\/vevorshop.lv\/lv\/wp-json\/wp\/v2\/location?post=14989"},{"taxonomy":"product_brand","embeddable":true,"href":"https:\/\/vevorshop.lv\/lv\/wp-json\/wp\/v2\/product_brand?post=14989"},{"taxonomy":"product_cat","embeddable":true,"href":"https:\/\/vevorshop.lv\/lv\/wp-json\/wp\/v2\/product_cat?post=14989"},{"taxonomy":"product_tag","embeddable":true,"href":"https:\/\/vevorshop.lv\/lv\/wp-json\/wp\/v2\/product_tag?post=14989"}],"curies":[{"name":"wp","href":"https:\/\/api.w.org\/{rel}","templated":true}]}}