{"id":150284,"date":"2025-02-18T00:33:21","date_gmt":"2025-02-18T00:33:21","guid":{"rendered":"https:\/\/vevorshop.lv\/en_us\/Prece\/vevor-clear-packing-tape-12-rolls-with-2-dispensers-59-4m-x-76mm-0-068mm-thick-heavy-duty-for-shipping-sealing\/"},"modified":"2026-04-06T02:32:19","modified_gmt":"2026-04-05T23:32:19","slug":"vevor-clear-packing-tape-12-rolls-with-2-dispensers-59-4m-x-76mm-0-068mm-thick-heavy-duty-for-shipping-sealing","status":"publish","type":"product","link":"https:\/\/vevorshop.lv\/lv\/Prece\/vevor-caurspidiga-iepakojuma-lente-12-rulli-ar-2-dozatoriem-59-4m-x-76mm-0-068mm-bieza-augstas-izturibas-transportesanas-blivesanai\/","title":{"rendered":"VEVOR caursp\u012bd\u012bga iepakojuma lente, 12 ru\u013c\u013ci 48mm x 59.4m ar 2 dozatoriem, 0.068mm iztur\u012bga lente p\u0101rv\u0101k\u0161anai un nos\u016bt\u012b\u0161anai"},"content":{"rendered":"<div style=\"color: #fff!important; font-size: 16px; height: 24px; line-height: 24px; margin-top: -24px; \" class=\"product_original_name\">VEVOR Clear Packing Tape, 3 inches Core, 12 Rolls 1.88 Inches x 65 Yards Packing Tape with Dispenser, 2.7 Mil Heavy Duty Packaging Tape Designed for Moving, Storage and Packing, Shipping and Mailing<\/div>\n<div style=\"color: #fff!important; font-size: 16px; height: 24px; line-height: 24px; margin-top: -24px; \" class=\"product_sku\">M79BBF7D<\/div>\n<div style=\"color: #fff!important; font-size: 16px; height: 24px; line-height: 24px; margin-top: -24px; \" class=\"product_mpn\">3YCXFXJDTM12C3NXXV0<\/div><div id=\"js-DM_at-goodDescRich\"><html><head><style>  body {    font-family: Arial;    line-height: 1.5;    color: #1c1c1c;    overflow-x: hidden;    margin: 0;    padding: 0;  }  .MsoNormal b {    font-weight: bolder;  }<\/style><style>  .container.small {    width: 970px;    margin: 0 auto;  }  .logo {    margin: 0 auto 0;  }  .logo img {    display: block;    margin: 0 auto;    max-width: 100%;  }  .logo .pc-banner {    display: block;    width: 1200px;    height: 247.4px;    margin: 0 auto;  }  .logo .pc-banner.small {    width: 970px;  }  .logo .pc-banner.small img {    height: auto!important;  }  .logo .m-banner {    display: none;  }  .ytvideo {    position: relative;    height: 546px;    width: 100%;    margin: 0 auto;  }  .ytvideo img {    width: 100%;    margin: 0 auto;  }  .ytvideo .play-btn {    width: 60px;    height: 42px;    position: absolute;    top: 50%;    left: 50%;    transform: translate(-50%, -50%);    background: url(\"data:image\/png;base64,iVBORw0KGgoAAAANSUhEUgAAAGQAAABGCAMAAAANWMFbAAAC+lBMVEUAAADBGB3kLCfBGB3kLCfcJC7BFx3KKSbiKybkLCbWJCPSIiLSIiLPICHAFx3kLCfgKSXNHiDZJiTIGx\/p4eHcjo7LHSDbJyTkLCbjKyfOHyHPIiL28fHJHB\/GGh7EGR7eKCXDGB3RISHlLSbBGB3AFxzGHB7DGB7BGB3hKybkKybAFx3lLCfAFxzDGR3hKibDGB7cJyTmz8\/elJTlwcHjurrUIyLlLSflLSfAFx3DGR7lLSfCFx3hKibhKibhKybjKybkLCblLSfbJSX49vbx7e3NNzjNMTLMJyjVIyLZf3\/ZQ0LaeHjx0tLgoqLkLCfCGB3HGx\/BGB3BFx3PICHCGB7WJCLOHyC\/Fxy\/Fx3lLCfQISHkLSe\/FxzbJiTBFx3FGx\/AGB7BFx3EGR7AGB3HHSDfKiXAFh3TISHYNzbhKibbJyTTIiL57e325+f039\/v2NjUV1fOHiHiqanfmprch4feKSXVIyPOICHmLibFGh\/mLSe\/Fx7XJCPeKSXXJSPNHyHaJyTGGh7lLCbmLCflLSjSIiLkLCbdKSXLHiC\/GB3KHh++Fh3lKyfoLiXcKCPkx8fYb2\/XaGfVXl3aU1LLHiDksbHgKibPICHbJyTfKSXbJyTCGB3KHSDiKybFGh7TIiL\/\/\/\/VIyPRISHIHB\/GGx\/HHB\/DGR7gKibdKCXLHiDZJiTMHiDNHyHYJSTOICHPICHWJCPcKCXXJSPjLCblLCf+\/f3NGR\/uLijzLynPGR\/IGB7WISHaIyLLGh7UAADxLynNAADRLzDbICLQAADIAAD3MCrUHSHXMTDpKSbLAADp5OTij4\/ejo\/VLy\/1LyngJSTcJCPQHx\/OHB7+\/PzaMS\/OLS\/vLijrLSjSAADaNTPwLyjkKSbNJCbYISHPHB\/KGB7WAAD7+vrn3d3aKynTKCjoLCfsKifRGh\/YAADq5+fhjo7QNDXXKCfmJyXt5+fTLzDLLi\/QKivYHRvMGBrQJCXLISPMExXLDxLaEAvkkI\/bOTfaFQ\/SCgpvLcnHAAAAmnRSTlMA+vv7+gT9Bvf9+8z8\/NSv\/Pr5+P7++vnQIBMP\/v38\/Pn348XDiCYf9OjbzcqxXVcx\/fz8+\/rj1r2poo1+fXFqX0orGP7+\/v7+\/fz8+\/r68uzn4trIxsG\/vri3p6GcmZSNbWVYUUZEPQv+\/f39+\/v7+\/v7+vr64tvV1NTTz87FtbSurqeblJKFg4B3bUY+NjL7+\/v7+\/v67t1cDo8JLQAABkRJREFUWMO0kz9rwkAYh0OIeJkum6YugUAhISCdKoj\/P4C7SMdS+gEKIhSKil10LSg4mzXkILdlEpxCpwTiWOLX6BujvQaEQuGeHLnL+\/64J+SIcKGYTYWnntpdLjrVdqvZmNdn0+EE40GtpuuWVS6Xx6N7YDSGpWXpeq02wHgynM7q80az1a52HpddtVcpsi1zFARBrdaxbhp9iUReTGmwA4KAAr7vx3EYejnCMI6hQYEgy0LQi4jUN0wL19vqFcUC9\/1dAKmEEFkWRYkh5oBejnxQJiSJPJ\/uKBp0Thszx9Mw8hMRIQjKsptCfuES9zr5WJY6vSFCIvE9fCMUmEM1A1kSXcYGxgVYsvI1IPKTZciSTI0us\/SMGG04gDzELDoFBwdcFJrF88dqgYMTiL6DILWYyfOWE8\/kIz38olCNlC03FK95+imxp6y4oUSvAnBjHHhKNtotSDqJzVFiK8c2SBqhZtsrTtgrLXwAyduxZHNE26eHUt5rtuM4WSmds3G+sUdWYo1L+XyxButoh5eKUHk5lByO3G1LqqCWVnfrv\/lyPtf\/4ps1cndNGIri8J1TJ0lx6dR\/oPjq1nbRwdp2dCk4CtIOLW3pVKRL6WZfS5vF2KkIQhpwSsjiYIgNCs1gEMGqiIq24NQX9NwoXFy8Ufrl3twTcg4fv8T9\/JBEySduj6Mjm4bMzYV7EEOxKjjoNDud7yY3Dy71Hq2oLmqfbNR723edH9PgMrNL2utoQ3VmaIDkiw\/4w51P06hlZsTZvkRrbVuSIs\/zwSOsycgzStQouoAkWQqioRT5XI7n2Z1wfVhoZmcAJLsoqjqpjbWCgpOAJXBwHK8PzWbNvoUZJND5wCnSkLAkZ1legx6vqQzjoiTahKlGUGLAiIIoABOHaNVw4sexZBym6\/HWlH5h3IC7yRbxtipcWxdTOkORKiNQAEkFf66x5S2oeRbroOlLgg0sSYkR0hRGEqJZ0jTPiQKatESdBckpWigxaapEH0lImHdWu9pUFF2XqMNM2Z4kped7IwEJw2qabwtrQqnpw6HyKkgcadKWsmpywwesDyIhYRpdzXddqegtGIJlXbAIUMOLkGxJUjRIkokwjUaX9d\/kK62ps\/tYUqZLIMkLTyBhsMZ3C5Z\/kDxOSCb\/DOs\/\/J0qcWSX\/2ipe56EgTCA4\/cB7NAYOsni4mZM1MUPAISoEwkDi4lhVBQ1cWQyIcwalw4EpqZN68JUSK7XC0kTlkLYii5uXSC8jT5ncCAS7mjCv0uHp\/3lueHEEAeQ\/\/VgmdN71\/2uCSA1Xr6DO6uI6sW56zqT2tp2PhgiRUAajV8CY2fkcz6WGNKMgLAt7tJAhD4YHMTeRxlALE6+43WqjSWi8ITxyJl8WrwWSNESQZZOqhDDntO3hJLsd5RtSpbJqdv3YrDJH3F7jL1R2O2aQkn2MyCyKYz0GPGIvSAMgBCrCEiJyKbBaYGwLW4uPRr0A0M4Ux5kUI7IBh+hMdiCEWNqhMZGyYMsOgNE58UQuEQeUnSWCMYwL54hkxK6IoqucQZbQ3pc3XtL0lky1dL0zZJJDpWJovFqpWj6JEHnyam2eQp5QRVAVHjWparTOaVwUOx99YS2MvgxIGV0bb+qIg2HX2qkFFJB+XZcbLiuRkuxD9GRroKyveLxdh4d7Orx+hb7qc3uVRuEogCOnyIxm4ubUoPgF4jianDrC+SDQDKEfJb0GUKmjCGPYHGJvVC6X4hw1\/sAfQAdfYyephIaspXe36RwOP+Ljvfx9B6B3i+Nk0DGq+oCbLn6JpBa9nWAveAIHwFAwtVcIJXPMPL8kRu5OAYPMaL1WScTxjiZDqB9LTJSWphow\/pTYKRTLjCBhvi9iBidvKcDasGSm0QQkycYuLBqj6QCELPctqChDWpTRMWkngNNpQ1Pfp1KkiT\/Y0DGffXAweUNfLAfaJFKDwhb6I+bkYRbkERoEeu3Fyjg2opMz2daZCS9jt6Q7txNfB+OZEVF6Zl5web2xunnLQrtrjXseXKaFYziYINeMFZVxS9VxRhOoesYwxPKXm+gWLG9cuFeq93UNNeJNsf1KlwuDok9n02n3TgIJpOxNfL9naIoQwXtfH9kjceTIIi709ncTg6LZbg+biLH1V6u\/7rxBem06VXKn9raAAAAAElFTkSuQmCC\")      no-repeat center center \/ contain;  }  @media screen and (max-width: 960px) and (orientation: portrait) {    .logo {      width: 100%;    }    .logo .pc-banner {      display: none;    }    .logo .m-banner {      display: block;      width: 100%;    }    .logo .m-banner img {      height: auto!important;    }    .ytvideo {      height: 200px;      width: 100%;    }  }<\/style><style>  .video-section {    width: 100%;    margin: 0 auto;  }  .video-section > img {    width: 100%;  }  .video-section iframe,  .video-section video {    width: 100%;    height: 100%;      }  .video-section-img-m,  .video-section-img-pc > img {    width: 100%;    height: auto;  }  .video-section-img-pc.small > img {    width: 970px;  }  .video-desc {    line-height: 1.5;    font-size: 20px;    font-weight: 400;    margin: 20px 0;    text-align: center;    color: #0f1111;    word-break: break-word;  }  @media screen and (max-width: 960px) and (orientation: portrait) {    .video-section {      width: 100%;    }    .video-section-pc,    .video-section-img-pc {      display: none;    }    .video-section-m,    .video-section-img-m {      display: block;    }    .video-desc {      font-size: 15px;    }  }  @media screen and (min-width: 960px) {    .video-section {      width: 100%;      margin: 0 auto;    }    .video-section-pc,    .video-section-img-pc {      display: block;    }    .video-section-m,    .video-section-img-m {      display: none;    }    .video-desc {      font-size: 20px;    }  }<\/style><style>  .section + .section {    margin-top: 35px;  }  .section-title {    text-align: center;    font-weight: bold;    color: #0d1111;    font-family: \"Arial\";    font-size: 32px;    margin: 15px 0;  }  .section-title:empty {    display: none;  }  .section-desc {    text-align: center;    font-weight: normal;    color: #0d1111;    margin-top: 20px;  }  .section-desc:empty {    display: none;  }  .section-img {    width: 1200px;    height: 492px;    margin: 0 auto;    display: block;  }  .section-img.small {    width: 970px;    height: auto;  }  .section-img.small > img {    height: auto;  }  .section-img > img {    width: 100%;    height: 100%;  }  .section-mobile-img {    display: none;    max-width: 100vw;    max-height: 75vw;    height: 450px;    margin: 0 auto;  }  .section-mobile-img > img {    width: 100%;    height: 100%;  }  @media screen and (max-width: 960px) and (orientation: portrait) {    .container {      width: 100%;    }    .container.small {      width: 100%;    }    .section-mobile-img {      display: block;    }    .section-img {      display: none;    }    .section-title {      font-size: 22px;      margin: 10px 0;    }    .section-desc {      margin-top: 10px;    }    .section + .section {      margin-top: 20px;    }  }<\/style><\/head><body><div class=\"container small\"><div class=\"logo\"><div class=\"pc-banner small\"><div><img decoding=\"async\" src=\"\/vevor\/vevor\/boutique-banner\/pc\/en-pc@1x.jpg\" style=\"width: 100%;\" \/><\/div><\/div><div class=\"m-banner\"><div><img decoding=\"async\" src=\"\/vevor\/vevor\/boutique-banner\/mobile\/en-m@1x.jpg\" style=\"width: 100%;\" \/><\/div><\/div><\/div><div class=\"section-title\">Caursp\u012bd\u012bga iepakojuma lente \u2014 j\u016bsu univers\u0101lais iepako\u0161anas pal\u012bgs<\/div><div class=\"video-section\"><div class=\"video-section-img-pc small\"><img decoding=\"async\" src=\"\/vevor\/product\/3YCXFXJDTM12C3NXX\/packing-tape-a100-1.4-pt.jpg\" \/><\/div><div class=\"video-section-img-m\"><img decoding=\"async\" src=\"\/vevor\/product\/3YCXFXJDTM12C3NXX\/packing-tape-a100-1.4-pt.jpg\" \/><\/div><div class=\"section-desc\">Iztur\u012bg\u0101, caursp\u012bd\u012bg\u0101 iepakojuma lente ir paredz\u0113ta efekt\u012bvai iesai\u0146o\u0161anai gan m\u0101j\u0101s, gan uz\u0146\u0113mum\u0101. T\u0101 \u0101tri un dro\u0161i aizl\u012bm\u0113 pakas, nodro\u0161inot dro\u0161u un pieejamu risin\u0101jumu, kas atbilst pasta un pieg\u0101des noteikumiem. Lieliski piem\u0113rota vis\u0101m j\u016bsu iesai\u0146o\u0161anas vajadz\u012bb\u0101m!<\/div><\/div><div class=\"section\"><div class=\"section-title\"><\/div><div class=\"section-img small\"><img decoding=\"async\" src=\"\/vevor\/product\/3YCXFXJDTM12C3NXX\/packing-tape-a100-2.2-pt.jpg\" \/><\/div><div class=\"section-mobile-img\"><img decoding=\"async\" src=\"\/vevor\/product\/3YCXFXJDTM12C3NXX\/packing-tape-a100-2.2-pt.jpg\" \/><\/div><div class=\"section-desc\">M\u016bsu izmaksu zi\u0146\u0101 efekt\u012bvaj\u0101 caursp\u012bd\u012bg\u0101s iepakojuma lentes komplekt\u0101 ietilpst 12 ru\u013c\u013ci ar 3 collu garu lenti. Katra rull\u012b\u0161a garums ir 65 jardi \/ 59,436 m \u2014 par 5\u201310 jardiem \/ 4,57\u20139,14 m gar\u0101ks nek\u0101 standarta opcijas. Tas noz\u012bm\u0113 vair\u0101k lentes, ret\u0101ku nomai\u0146u un ekonomisk\u0101ku risin\u0101jumu visiem j\u016bsu iepako\u0161anas projektiem.<\/div><\/div><div class=\"section\"><div class=\"section-title\"><\/div><div class=\"section-img small\"><img decoding=\"async\" src=\"\/vevor\/product\/3YCXFXJDTM12C3NXX\/packing-tape-a100-2.3-pt.jpg\" \/><\/div><div class=\"section-mobile-img\"><img decoding=\"async\" src=\"\/vevor\/product\/3YCXFXJDTM12C3NXX\/packing-tape-a100-2.3-pt.jpg\" \/><\/div><div class=\"section-desc\">M\u016bsu 2,7 mil (0,068 mm) biez\u0101 iepakojuma l\u012bmlente izmanto sp\u0113c\u012bgu akrila l\u012bmi, kas nodro\u0161ina izcilu un ilgsto\u0161u sa\u0137eri. T\u0101 nodro\u0161ina, ka j\u016bsu iepakojumi paliek dro\u0161i nosl\u0113gti pat sare\u017e\u0123\u012btos apstr\u0101des un transport\u0113\u0161anas apst\u0101k\u013cos. Pateicoties izcilajam biezumam un iztur\u012bbai, t\u0101 nepl\u012bst un nedal\u0101s viegli.<\/div><\/div><div class=\"section\"><div class=\"section-title\"><\/div><div class=\"section-img small\"><img decoding=\"async\" src=\"\/vevor\/product\/3YCXFXJDTM12C3NXX\/packing-tape-a100-2.4-pt.jpg\" \/><\/div><div class=\"section-mobile-img\"><img decoding=\"async\" src=\"\/vevor\/product\/3YCXFXJDTM12C3NXX\/packing-tape-a100-2.4-pt.jpg\" \/><\/div><div class=\"section-desc\">Our heavy duty packing tape provides excellent transparency, ensuring your labels and information remain visible. It's secure and odor-free for a more pleasant packing experience. Paired with a dispenser, it makes packing more efficient, with no worries about losing the tape\u2019s end when you start.<\/div><\/div><div class=\"section\"><div class=\"section-title\"><\/div><div class=\"section-img small\"><img decoding=\"async\" src=\"\/vevor\/product\/3YCXFXJDTM12C3NXX\/packing-tape-a100-2.5-pt.jpg\" \/><\/div><div class=\"section-mobile-img\"><img decoding=\"async\" src=\"\/vevor\/product\/3YCXFXJDTM12C3NXX\/packing-tape-a100-2.5-pt.jpg\" \/><\/div><div class=\"section-desc\">\u0160\u012b daudzfunkcion\u0101l\u0101 profesion\u0101l\u0101 iepako\u0161anas lente ir lieliski piem\u0113rota aizz\u012bmogo\u0161anai, nos\u016bt\u012b\u0161anai pa pastu, iesai\u0146o\u0161anai, uzglab\u0101\u0161anai, p\u0101rvieto\u0161anai un citiem m\u0113r\u0137iem. Neatkar\u012bgi no t\u0101, vai t\u0101 paredz\u0113ta ikdienas lieto\u0161anai m\u0101j\u0101s vai biroj\u0101, t\u0101 ir ide\u0101la izv\u0113le, lai pal\u012bdz\u0113tu jums tikt gal\u0101 ar vis\u0101m j\u016bsu iepako\u0161anas vajadz\u012bb\u0101m, padarot to par uzticamu pal\u012bgu gan darb\u0101, gan dz\u012bv\u0113!<\/div><\/div><div class=\"section\"><div class=\"section-img small\"><img decoding=\"async\" src=\"\/vevor\/product\/3YCXFXJDTM12C3NXX\/packing-tape-a100-1.11-pt.jpg\" \/><\/div><div class=\"section-mobile-img\"><img decoding=\"async\" src=\"\/vevor\/product\/3YCXFXJDTM12C3NXX\/packing-tape-a100-1.11-pt.jpg\" \/><\/div><\/div><\/div><\/body><\/html><\/div>\n<div class=\"DM_at-title\" id=\"js-DM_at-title\"> <div>Produkta specifik\u0101cija<\/div> <i class=\"icon-arrowup_line\"><\/i> <\/div><div class=\"DM_at-goodsDescAttr\" id=\"js-DM_at-goodsDescAttr\"> <div class=\"DM_at-goodsDescAttrInner\"> <dl class=\"goodsDesc_item goodsDesc_item_even\"> <dt>Preces Mode\u013ca Numurs<\/dt> <dd> ID274865P12D2<\/dd> <\/dl> <dl class=\"goodsDesc_item\"> <dt>Pamata izm\u0113rs<\/dt> <dd> \u23003 collas (\u230076,2 mm)<\/dd> <\/dl> <dl class=\"goodsDesc_item goodsDesc_item_even\"> <dt>Platums<\/dt> <dd> 1,88 collas (47,8 mm)<\/dd> <\/dl> <dl class=\"goodsDesc_item\"> <dt>Garums<\/dt> <dd> 65 jardi (59,436 m)<\/dd> <\/dl> <dl class=\"goodsDesc_item goodsDesc_item_even\"> <dt>Biezums<\/dt> <dd> 2,7 mili (0,068 mm)<\/dd> <\/dl> <dl class=\"goodsDesc_item\"> <dt>Komplekta sast\u0101vs<\/dt> <dd> 12 l\u012bmlentes ru\u013c\u013ci + 2 dozatori<\/dd> <\/dl> <dl class=\"goodsDesc_item goodsDesc_item_even\"> <dt>Produkta izm\u0113ri (viens)<\/dt> <dd> 6,1 x 2,17 x 4,21 collas \/ 155 x 55 x 107 mm<\/dd> <\/dl> <dl class=\"goodsDesc_item\"> <dt>Produkta iepakojuma izm\u0113ri<\/dt> <dd> 12,99 x 9,06 x 4,72 collas \/ 330 x 230 x 120 mm<\/dd> <\/dl> <dl class=\"goodsDesc_item goodsDesc_item_even\"> <dt>Produkta Svars<\/dt> <dd> 5,73 m\u0101rci\u0146as \/ 2,6 kg<\/dd> <\/dl> <\/div> <\/div>","protected":false},"excerpt":{"rendered":"<ul>\n<li> Izdev\u012bga kombin\u0101cija: M\u016bsu lentes komplekt\u0101 ietilpst 12 ru\u013c\u013ci ar 3 collu serdes lenti, katrs 65 jardu \/ 59,436 m gar\u0161 \u2014 par 5\u201310 jardiem \/ 4,57\u20139,14 m gar\u0101ks nek\u0101 standarta ru\u013c\u013ci, nodro\u0161inot ilg\u0101ku kalpo\u0161anas laiku un liel\u0101ku v\u0113rt\u012bbu. <\/li>\n<li> Augst\u0101k\u0101s kvalit\u0101tes l\u012bme: M\u016bsu iztur\u012bg\u0101 iepakojuma lente izmanto uz \u016bdens b\u0101zes veidotu akrila l\u012bmi, nevis \u0161\u0137\u012bdin\u0101t\u0101ja vai karstl\u012bmi, un nesatur formaldeh\u012bdu. T\u0101 acumirkl\u012b piel\u012bp pie kast\u0113m, radot iztur\u012bgu, ilgm\u016b\u017e\u012bgu bl\u012bv\u0113jumu, kas iztur ekstrem\u0101lus apst\u0101k\u013cus, piem\u0113ram, augstu vai zemu temperat\u016bru, nodro\u0161inot dro\u0161u uzglab\u0101\u0161anu un transport\u0113\u0161anu. <\/li>\n<li> Durable &#038; Tough: Constructed from strong BOPP material with a 2.7mil (0.068mm) thickness, this clear packing tape provides excellent strength and durability, resisting tears and splits. <\/li>\n<li> Vienk\u0101r\u0161i lietojams: Komplekt\u0101 ietilpst 2 dozatori. M\u016bsu iztur\u012bg\u0101, caursp\u012bd\u012bg\u0101 iepakojuma lente ir sader\u012bga ar standarta dozatoriem vai ar\u012b to var p\u0101rpl\u0113st ar rok\u0101m, padarot iepako\u0161anu \u0101tru un efekt\u012bvu. Augsta caursp\u012bd\u012bba nodro\u0161ina skaidru mar\u0137\u0113\u0161anu, neaizsedzot svar\u012bgu inform\u0101ciju. <\/li>\n<li> Pla\u0161s pielietojums: Iepako\u0161anas lente ir lieliski piem\u0113rota noliktav\u0101m, m\u0101j\u0101m un birojiem. Ide\u0101li piem\u0113rota nos\u016bt\u012b\u0161anai, iesai\u0146o\u0161anai, kastu aizz\u012bmogo\u0161anai un m\u0101jdz\u012bvnieku spalvu no\u0146em\u0161anai no ap\u0123\u0113rba. <\/li>\n<\/ul>","protected":false},"featured_media":369664,"comment_status":"open","ping_status":"open","template":"","meta":{"om_disable_all_campaigns":false,"_monsterinsights_skip_tracking":false,"_monsterinsights_sitenote_active":false,"_monsterinsights_sitenote_note":"","_monsterinsights_sitenote_category":0,"_uf_show_specific_survey":0,"_uf_disable_surveys":false},"location":[1935,1934],"product_brand":[21],"product_cat":[3442,3443,4874,2506],"product_tag":[],"class_list":{"0":"post-150284","1":"product","2":"type-product","3":"status-publish","4":"has-post-thumbnail","6":"location-supplier_stock_location","7":"location-local_stock_location","8":"product_brand-vevor","9":"product_cat-moving-supplies","10":"product_cat-packing-supplies","11":"product_cat-packing-tape-packing-supplies","12":"product_cat-storage-organization-2","14":"first","15":"instock","16":"taxable","17":"shipping-taxable","18":"purchasable","19":"product-type-simple"},"aioseo_notices":[],"jetpack_sharing_enabled":true,"locations":[{"id":1935,"name":"Pieg\u0101d\u0101t\u0101ja noliktav\u0101 (5-7d.d.)","slug":"supplier_stock_location","quantity":"123"},{"id":1934,"name":"R\u012bgas veikal\u0101 (0-2d.d.)","slug":"local_stock_location","quantity":"0"}],"_links":{"self":[{"href":"https:\/\/vevorshop.lv\/lv\/wp-json\/wp\/v2\/product\/150284","targetHints":{"allow":["GET"]}}],"collection":[{"href":"https:\/\/vevorshop.lv\/lv\/wp-json\/wp\/v2\/product"}],"about":[{"href":"https:\/\/vevorshop.lv\/lv\/wp-json\/wp\/v2\/types\/product"}],"replies":[{"embeddable":true,"href":"https:\/\/vevorshop.lv\/lv\/wp-json\/wp\/v2\/comments?post=150284"}],"wp:featuredmedia":[{"embeddable":true,"href":"https:\/\/vevorshop.lv\/lv\/wp-json\/wp\/v2\/media\/369664"}],"wp:attachment":[{"href":"https:\/\/vevorshop.lv\/lv\/wp-json\/wp\/v2\/media?parent=150284"}],"wp:term":[{"taxonomy":"location","embeddable":true,"href":"https:\/\/vevorshop.lv\/lv\/wp-json\/wp\/v2\/location?post=150284"},{"taxonomy":"product_brand","embeddable":true,"href":"https:\/\/vevorshop.lv\/lv\/wp-json\/wp\/v2\/product_brand?post=150284"},{"taxonomy":"product_cat","embeddable":true,"href":"https:\/\/vevorshop.lv\/lv\/wp-json\/wp\/v2\/product_cat?post=150284"},{"taxonomy":"product_tag","embeddable":true,"href":"https:\/\/vevorshop.lv\/lv\/wp-json\/wp\/v2\/product_tag?post=150284"}],"curies":[{"name":"wp","href":"https:\/\/api.w.org\/{rel}","templated":true}]}}