{"id":151174,"date":"2025-02-19T23:29:24","date_gmt":"2025-02-19T23:29:24","guid":{"rendered":"https:\/\/vevorshop.lv\/en_us\/Prece\/vevor-waterproof-truck-bed-tent-for-5-0-5-2ft-beds-pu2000-fits-2-3-persons-durable-ventilated-camping-shelter\/"},"modified":"2026-04-06T23:07:07","modified_gmt":"2026-04-06T20:07:07","slug":"vevor-waterproof-truck-bed-tent-for-5-0-5-2ft-beds-pu2000-fits-2-3-persons-durable-ventilated-camping-shelter","status":"publish","type":"product","link":"https:\/\/vevorshop.lv\/lv\/Prece\/vevor-udensnecaurlaidiga-kravas-automasinas-gultas-telts-5-0-5-2ft-gultam-pu2000-der-2-3-personam-izturiga-ventilejama-kempinga-nojume\/","title":{"rendered":"VEVOR \u016adensiztur\u012bga kravas automa\u0161\u012bnas gultas telts 5.0\u20135.2 ft pikapiem, 2\u20133 person\u0101m, divk\u0101r\u0161s sl\u0101nis un soma glab\u0101\u0161anai"},"content":{"rendered":"<div style=\"color: #fff!important; font-size: 16px; height: 24px; line-height: 24px; margin-top: -24px; \" class=\"product_original_name\">VEVOR Pickup Truck Tent, Fit 5.0-5.2 ft Truck Tents for Camping, Waterproof PU2000mm 2-3 Person Sleeping Truck Bed Tent with Double Layer Design Windows, Sturdy Truck Bed Camper Shell with Storage Bag<\/div>\n<div style=\"color: #fff!important; font-size: 16px; height: 24px; line-height: 24px; margin-top: -24px; \" class=\"product_sku\">M7CHY1SL<\/div>\n<div style=\"color: #fff!important; font-size: 16px; height: 24px; line-height: 24px; margin-top: -24px; \" class=\"product_mpn\">CZZPPTK5052FJ0PSSV0<\/div><div id=\"js-DM_at-goodDescRich\"><html><head><style>  body {    font-family: Arial;    line-height: 1.5;    color: #1c1c1c;    overflow-x: hidden;    margin: 0;    padding: 0;  }  .MsoNormal b {    font-weight: bolder;  }<\/style><style>  .container.small {    width: 970px;    margin: 0 auto;  }  .logo {    margin: 0 auto 0;  }  .logo img {    display: block;    margin: 0 auto;    max-width: 100%;  }  .logo .pc-banner {    display: block;    width: 1200px;    height: 247.4px;    margin: 0 auto;  }  .logo .pc-banner.small {    width: 970px;  }  .logo .pc-banner.small img {    height: auto!important;  }  .logo .m-banner {    display: none;  }  .ytvideo {    position: relative;    height: 546px;    width: 100%;    margin: 0 auto;  }  .ytvideo img {    width: 100%;    margin: 0 auto;  }  .ytvideo .play-btn {    width: 60px;    height: 42px;    position: absolute;    top: 50%;    left: 50%;    transform: translate(-50%, -50%);    background: url(\"data:image\/png;base64,iVBORw0KGgoAAAANSUhEUgAAAGQAAABGCAMAAAANWMFbAAAC+lBMVEUAAADBGB3kLCfBGB3kLCfcJC7BFx3KKSbiKybkLCbWJCPSIiLSIiLPICHAFx3kLCfgKSXNHiDZJiTIGx\/p4eHcjo7LHSDbJyTkLCbjKyfOHyHPIiL28fHJHB\/GGh7EGR7eKCXDGB3RISHlLSbBGB3AFxzGHB7DGB7BGB3hKybkKybAFx3lLCfAFxzDGR3hKibDGB7cJyTmz8\/elJTlwcHjurrUIyLlLSflLSfAFx3DGR7lLSfCFx3hKibhKibhKybjKybkLCblLSfbJSX49vbx7e3NNzjNMTLMJyjVIyLZf3\/ZQ0LaeHjx0tLgoqLkLCfCGB3HGx\/BGB3BFx3PICHCGB7WJCLOHyC\/Fxy\/Fx3lLCfQISHkLSe\/FxzbJiTBFx3FGx\/AGB7BFx3EGR7AGB3HHSDfKiXAFh3TISHYNzbhKibbJyTTIiL57e325+f039\/v2NjUV1fOHiHiqanfmprch4feKSXVIyPOICHmLibFGh\/mLSe\/Fx7XJCPeKSXXJSPNHyHaJyTGGh7lLCbmLCflLSjSIiLkLCbdKSXLHiC\/GB3KHh++Fh3lKyfoLiXcKCPkx8fYb2\/XaGfVXl3aU1LLHiDksbHgKibPICHbJyTfKSXbJyTCGB3KHSDiKybFGh7TIiL\/\/\/\/VIyPRISHIHB\/GGx\/HHB\/DGR7gKibdKCXLHiDZJiTMHiDNHyHYJSTOICHPICHWJCPcKCXXJSPjLCblLCf+\/f3NGR\/uLijzLynPGR\/IGB7WISHaIyLLGh7UAADxLynNAADRLzDbICLQAADIAAD3MCrUHSHXMTDpKSbLAADp5OTij4\/ejo\/VLy\/1LyngJSTcJCPQHx\/OHB7+\/PzaMS\/OLS\/vLijrLSjSAADaNTPwLyjkKSbNJCbYISHPHB\/KGB7WAAD7+vrn3d3aKynTKCjoLCfsKifRGh\/YAADq5+fhjo7QNDXXKCfmJyXt5+fTLzDLLi\/QKivYHRvMGBrQJCXLISPMExXLDxLaEAvkkI\/bOTfaFQ\/SCgpvLcnHAAAAmnRSTlMA+vv7+gT9Bvf9+8z8\/NSv\/Pr5+P7++vnQIBMP\/v38\/Pn348XDiCYf9OjbzcqxXVcx\/fz8+\/rj1r2poo1+fXFqX0orGP7+\/v7+\/fz8+\/r68uzn4trIxsG\/vri3p6GcmZSNbWVYUUZEPQv+\/f39+\/v7+\/v7+vr64tvV1NTTz87FtbSurqeblJKFg4B3bUY+NjL7+\/v7+\/v67t1cDo8JLQAABkRJREFUWMO0kz9rwkAYh0OIeJkum6YugUAhISCdKoj\/P4C7SMdS+gEKIhSKil10LSg4mzXkILdlEpxCpwTiWOLX6BujvQaEQuGeHLnL+\/64J+SIcKGYTYWnntpdLjrVdqvZmNdn0+EE40GtpuuWVS6Xx6N7YDSGpWXpeq02wHgynM7q80az1a52HpddtVcpsi1zFARBrdaxbhp9iUReTGmwA4KAAr7vx3EYejnCMI6hQYEgy0LQi4jUN0wL19vqFcUC9\/1dAKmEEFkWRYkh5oBejnxQJiSJPJ\/uKBp0Thszx9Mw8hMRIQjKsptCfuES9zr5WJY6vSFCIvE9fCMUmEM1A1kSXcYGxgVYsvI1IPKTZciSTI0us\/SMGG04gDzELDoFBwdcFJrF88dqgYMTiL6DILWYyfOWE8\/kIz38olCNlC03FK95+imxp6y4oUSvAnBjHHhKNtotSDqJzVFiK8c2SBqhZtsrTtgrLXwAyduxZHNE26eHUt5rtuM4WSmds3G+sUdWYo1L+XyxButoh5eKUHk5lByO3G1LqqCWVnfrv\/lyPtf\/4ps1cndNGIri8J1TJ0lx6dR\/oPjq1nbRwdp2dCk4CtIOLW3pVKRL6WZfS5vF2KkIQhpwSsjiYIgNCs1gEMGqiIq24NQX9NwoXFy8Ufrl3twTcg4fv8T9\/JBEySduj6Mjm4bMzYV7EEOxKjjoNDud7yY3Dy71Hq2oLmqfbNR723edH9PgMrNL2utoQ3VmaIDkiw\/4w51P06hlZsTZvkRrbVuSIs\/zwSOsycgzStQouoAkWQqioRT5XI7n2Z1wfVhoZmcAJLsoqjqpjbWCgpOAJXBwHK8PzWbNvoUZJND5wCnSkLAkZ1legx6vqQzjoiTahKlGUGLAiIIoABOHaNVw4sexZBym6\/HWlH5h3IC7yRbxtipcWxdTOkORKiNQAEkFf66x5S2oeRbroOlLgg0sSYkR0hRGEqJZ0jTPiQKatESdBckpWigxaapEH0lImHdWu9pUFF2XqMNM2Z4kped7IwEJw2qabwtrQqnpw6HyKkgcadKWsmpywwesDyIhYRpdzXddqegtGIJlXbAIUMOLkGxJUjRIkokwjUaX9d\/kK62ps\/tYUqZLIMkLTyBhsMZ3C5Z\/kDxOSCb\/DOs\/\/J0qcWSX\/2ipe56EgTCA4\/cB7NAYOsni4mZM1MUPAISoEwkDi4lhVBQ1cWQyIcwalw4EpqZN68JUSK7XC0kTlkLYii5uXSC8jT5ncCAS7mjCv0uHp\/3lueHEEAeQ\/\/VgmdN71\/2uCSA1Xr6DO6uI6sW56zqT2tp2PhgiRUAajV8CY2fkcz6WGNKMgLAt7tJAhD4YHMTeRxlALE6+43WqjSWi8ITxyJl8WrwWSNESQZZOqhDDntO3hJLsd5RtSpbJqdv3YrDJH3F7jL1R2O2aQkn2MyCyKYz0GPGIvSAMgBCrCEiJyKbBaYGwLW4uPRr0A0M4Ux5kUI7IBh+hMdiCEWNqhMZGyYMsOgNE58UQuEQeUnSWCMYwL54hkxK6IoqucQZbQ3pc3XtL0lky1dL0zZJJDpWJovFqpWj6JEHnyam2eQp5QRVAVHjWparTOaVwUOx99YS2MvgxIGV0bb+qIg2HX2qkFFJB+XZcbLiuRkuxD9GRroKyveLxdh4d7Orx+hb7qc3uVRuEogCOnyIxm4ubUoPgF4jianDrC+SDQDKEfJb0GUKmjCGPYHGJvVC6X4hw1\/sAfQAdfYyephIaspXe36RwOP+Ljvfx9B6B3i+Nk0DGq+oCbLn6JpBa9nWAveAIHwFAwtVcIJXPMPL8kRu5OAYPMaL1WScTxjiZDqB9LTJSWphow\/pTYKRTLjCBhvi9iBidvKcDasGSm0QQkycYuLBqj6QCELPctqChDWpTRMWkngNNpQ1Pfp1KkiT\/Y0DGffXAweUNfLAfaJFKDwhb6I+bkYRbkERoEeu3Fyjg2opMz2daZCS9jt6Q7txNfB+OZEVF6Zl5web2xunnLQrtrjXseXKaFYziYINeMFZVxS9VxRhOoesYwxPKXm+gWLG9cuFeq93UNNeJNsf1KlwuDok9n02n3TgIJpOxNfL9naIoQwXtfH9kjceTIIi709ncTg6LZbg+biLH1V6u\/7rxBem06VXKn9raAAAAAElFTkSuQmCC\")      no-repeat center center \/ contain;  }  @media screen and (max-width: 960px) and (orientation: portrait) {    .logo {      width: 100%;    }    .logo .pc-banner {      display: none;    }    .logo .m-banner {      display: block;      width: 100%;    }    .logo .m-banner img {      height: auto!important;    }    .ytvideo {      height: 200px;      width: 100%;    }  }<\/style><style>  .video-section {    width: 100%;    margin: 0 auto;  }  .video-section > img {    width: 100%;  }  .video-section iframe,  .video-section video {    width: 100%;    height: 100%;      }  .video-section-img-m,  .video-section-img-pc > img {    width: 100%;    height: auto;  }  .video-section-img-pc.small > img {    width: 970px;  }  .video-desc {    line-height: 1.5;    font-size: 20px;    font-weight: 400;    margin: 20px 0;    text-align: center;    color: #0f1111;    word-break: break-word;  }  @media screen and (max-width: 960px) and (orientation: portrait) {    .video-section {      width: 100%;    }    .video-section-pc,    .video-section-img-pc {      display: none;    }    .video-section-m,    .video-section-img-m {      display: block;    }    .video-desc {      font-size: 15px;    }  }  @media screen and (min-width: 960px) {    .video-section {      width: 100%;      margin: 0 auto;    }    .video-section-pc,    .video-section-img-pc {      display: block;    }    .video-section-m,    .video-section-img-m {      display: none;    }    .video-desc {      font-size: 20px;    }  }<\/style><style>  .section + .section {    margin-top: 35px;  }  .section-title {    text-align: center;    font-weight: bold;    color: #0d1111;    font-family: \"Arial\";    font-size: 32px;    margin: 15px 0;  }  .section-title:empty {    display: none;  }  .section-desc {    text-align: center;    font-weight: normal;    color: #0d1111;    margin-top: 20px;  }  .section-desc:empty {    display: none;  }  .section-img {    width: 1200px;    height: 492px;    margin: 0 auto;    display: block;  }  .section-img.small {    width: 970px;    height: auto;  }  .section-img.small > img {    height: auto;  }  .section-img > img {    width: 100%;    height: 100%;  }  .section-mobile-img {    display: none;    max-width: 100vw;    max-height: 75vw;    height: 450px;    margin: 0 auto;  }  .section-mobile-img > img {    width: 100%;    height: 100%;  }  @media screen and (max-width: 960px) and (orientation: portrait) {    .container {      width: 100%;    }    .container.small {      width: 100%;    }    .section-mobile-img {      display: block;    }    .section-img {      display: none;    }    .section-title {      font-size: 22px;      margin: 10px 0;    }    .section-desc {      margin-top: 10px;    }    .section + .section {      margin-top: 20px;    }  }<\/style><\/head><body><div class=\"container small\"><div class=\"logo\"><div class=\"pc-banner small\"><div><img decoding=\"async\" src=\"\/vevor\/vevor\/boutique-banner\/pc\/en-pc@1x.jpg\" style=\"width: 100%;\" \/><\/div><\/div><div class=\"m-banner\"><div><img decoding=\"async\" src=\"\/vevor\/vevor\/boutique-banner\/mobile\/en-m@1x.jpg\" style=\"width: 100%;\" \/><\/div><\/div><\/div><div class=\"section-title\">P\u0101rveidojiet savu pikapu par mobilo m\u0101ju<\/div><div class=\"video-section\"><div class=\"video-section-img-pc small\"><img decoding=\"async\" src=\"\/vevor\/product\/CZZPPTK5052FJ0PSS\/truck-tent-a100-1.4-pt.jpg\" \/><\/div><div class=\"video-section-img-m\"><img decoding=\"async\" src=\"\/vevor\/product\/CZZPPTK5052FJ0PSS\/truck-tent-a100-1.4-pt.jpg\" \/><\/div><div class=\"section-desc\">Nav j\u0101uztraucas par reljefu \u2013 p\u0101rvietojiet savas &#034;m\u0101jas&#034; uz kravas automa\u0161\u012bnas kravas kastes! Ar telti, kas ir pietiekami augsta, lai to var\u0113tu novietot vertik\u0101li, neliecoties, m\u016bsu kravas automa\u0161\u012bnas telts nodro\u0161ina daudz vietas, lai j\u016bsu \u0123imene var\u0113tu baud\u012bt \u0113rtu kempinga pieredzi br\u012bv\u0101 dab\u0101.<\/div><\/div><div class=\"section\"><div class=\"section-title\"><\/div><div class=\"section-img small\"><img decoding=\"async\" src=\"\/vevor\/product\/CZZPPTK5052FJ0PSS\/truck-tent-a100-2.2-pt.jpg\" \/><\/div><div class=\"section-mobile-img\"><img decoding=\"async\" src=\"\/vevor\/product\/CZZPPTK5052FJ0PSS\/truck-tent-a100-2.2-pt.jpg\" \/><\/div><div class=\"section-desc\">K\u0101 izm\u0113r\u012bt kravas automa\u0161\u012bnas kravas kastes garumu? 1. Izm\u0113riet kravas kastes garumu. 2. Izm\u0113riet garumu no kab\u012bnes malas. 3. Izstiepiet m\u0113rlenti l\u012bdz bag\u0101\u017eas nodal\u012bjuma iek\u0161pusei un pierakstiet m\u0113r\u012bjumu. 4. P\u0101rliecinieties, vai j\u016bsu m\u0113r\u012bjumi atbilst pikapa telts nor\u0101d\u012btajam diapazonam vai skatiet m\u016bsu mode\u013cu rokasgr\u0101matu.<\/div><\/div><div class=\"section\"><div class=\"section-title\"><\/div><div class=\"section-img small\"><img decoding=\"async\" src=\"\/vevor\/product\/CZZPPTK5052FJ0PSS\/truck-tent-a100-2.3-pt.jpg\" \/><\/div><div class=\"section-mobile-img\"><img decoding=\"async\" src=\"\/vevor\/product\/CZZPPTK5052FJ0PSS\/truck-tent-a100-2.3-pt.jpg\" \/><\/div><div class=\"section-desc\">Izgatavota no iztur\u012bga 210D Oxford auduma ar cie\u0161\u0101m \u0161uv\u0113m un PU2000 \u016bdensnecaurlaid\u012bbas pak\u0101pi, telts kravas automa\u0161\u012bnas kravas kastei pal\u012bdz blo\u0137\u0113t karstumu, vienlaikus ne\u013caujot iek\u013c\u016bt lietum, nodro\u0161inot sausu un \u0113rtu telpu iek\u0161pus\u0113.<\/div><\/div><div class=\"section\"><div class=\"section-title\"><\/div><div class=\"section-img small\"><img decoding=\"async\" src=\"\/vevor\/product\/CZZPPTK5052FJ0PSS\/truck-tent-a100-2.4-pt.jpg\" \/><\/div><div class=\"section-mobile-img\"><img decoding=\"async\" src=\"\/vevor\/product\/CZZPPTK5052FJ0PSS\/truck-tent-a100-2.4-pt.jpg\" \/><\/div><div class=\"section-desc\">Ar iek\u013cautiem stikla \u0161\u0137iedras stie\u0146iem un \u0101\u0137u piederumiem prasm\u012bgs cilv\u0113ks var uzst\u0101d\u012bt kemp\u0113\u0161anas telti ar kravas automa\u0161\u012bnu maz\u0101k nek\u0101 20 min\u016bt\u0113s. Pirms pirm\u0101s uzst\u0101d\u012b\u0161anas noteikti uzman\u012bgi izlasiet mont\u0101\u017eas instrukcijas.<\/div><\/div><div class=\"section\"><div class=\"section-title\"><\/div><div class=\"section-img small\"><img decoding=\"async\" src=\"\/vevor\/product\/CZZPPTK5052FJ0PSS\/truck-tent-a100-2.5-pt.jpg\" \/><\/div><div class=\"section-mobile-img\"><img decoding=\"async\" src=\"\/vevor\/product\/CZZPPTK5052FJ0PSS\/truck-tent-a100-2.5-pt.jpg\" \/><\/div><div class=\"section-desc\">M\u016bsu kempinga teltij ar kravas kasti ir sieta logi, kas nodro\u0161ina lielisku gaisa cirkul\u0101ciju, uzturot gaisu svaigu un v\u0113su, vienlaikus pasarg\u0101jot no odu iek\u013c\u016b\u0161anas iek\u0161telp\u0101s.<\/div><\/div><div class=\"section\"><div class=\"section-img small\"><img decoding=\"async\" src=\"\/vevor\/product\/CZZPPTK5052FJ0PSS\/truck-tent-a100-1.11-pt.jpg\" \/><\/div><div class=\"section-mobile-img\"><img decoding=\"async\" src=\"\/vevor\/product\/CZZPPTK5052FJ0PSS\/truck-tent-a100-1.11-pt.jpg\" \/><\/div><\/div><\/div><\/body><\/html><\/div>\n<div class=\"DM_at-title\" id=\"js-DM_at-title\"> <div>Produkta specifik\u0101cija<\/div> <i class=\"icon-arrowup_line\"><\/i> <\/div><div class=\"DM_at-goodsDescAttr\" id=\"js-DM_at-goodsDescAttr\"> <div class=\"DM_at-goodsDescAttrInner\"> <dl class=\"goodsDesc_item goodsDesc_item_even\"> <dt>Preces Mode\u013ca Numurs<\/dt> <dd> 120904<\/dd> <\/dl> <dl class=\"goodsDesc_item\"> <dt>Neto Svars<\/dt> <dd> 11,2 m\u0101rci\u0146as \/ 5,1 kg (ieskaitot visus piederumus)<\/dd> <\/dl> <dl class=\"goodsDesc_item goodsDesc_item_even\"> <dt>Produkta Izm\u0113ri<\/dt> <dd> 7.1 x 5.2 x 5.2 ft \/ 2150 x 1600 x 1600 mm<\/dd> <\/dl> <\/div> <\/div>","protected":false},"excerpt":{"rendered":"<ul>\n<li> Piem\u0113rots 5,0\u20135,2 p\u0113du kravas kast\u0113m: kravas automa\u0161\u012bnas telts izm\u0113ri ir 84,6 x 63,0 x 63,0 collas \/ 2150 x 1600 x 1600 mm. \u0112rta, pla\u0161a vieta 2 pieaugu\u0161ajiem un 1 b\u0113rnam. Varat s\u0113d\u0113t vertik\u0101li, nenoliecoties, nodro\u0161inot \u0113rt\u0101ku kempinga pieredzi \u0101r\u0101. <\/li>\n<li> \u016adensiztur\u012bgs &amp; Iztur\u012bgs: M\u016bsu pikapa telts ir nov\u0113rt\u0113ta ar PU2000 \u016bdensnecaurlaid\u012bgu l\u012bmeni, saglab\u0101jot sausu pat stipra lietus laik\u0101.Izgatavota ar iztur\u012bgu 210D Oxford audumu un cie\u0161i sa\u0161\u016bt\u0101m \u0161uv\u0113m, \u0161\u012b telts ir iztur\u012bga pret pl\u012bsumiem un veidota t\u0101, lai t\u0101 kalpotu. <\/li>\n<li> Uzlaboti atbalsta stabi: Kempinga teltij uz kravas kastes ir pastiprin\u0101ti stikla \u0161\u0137iedras stabi, kas ir biez\u0101ki un elast\u012bg\u0101ki nek\u0101 standarta varianti, t\u0101d\u0113j\u0101di nov\u0113r\u0161ot loc\u012b\u0161anos vai l\u016b\u0161anu gan uzst\u0101d\u012b\u0161anas, gan regul\u0101ras lieto\u0161anas laik\u0101. Apr\u012bkota ar \u0101\u0137iem, lai nodro\u0161in\u0101tu \u0113rtu un dro\u0161u uzst\u0101d\u012b\u0161anu uz kravas kastes. <\/li>\n<li> \u0112rtas funkcijas: kravas kastes teltij ir ventil\u0101cijas logi un sieta kabatas \u0113rtai uzglab\u0101\u0161anai, nodro\u0161inot \u0113rtu un organiz\u0113tu pieredzi, atrodoties kemping\u0101 zem zvaigzn\u0113m. <\/li>\n<li> Ventil\u0101cija un aizsardz\u012bba pret odiem: kravas automa\u0161\u012bnas gultas telts ir apr\u012bkota ar s\u0101nu logiem un durv\u012bm, lai nodro\u0161in\u0101tu lielisku redzam\u012bbu un gaisa pl\u016bsmu, ar sieta sietiem, lai nov\u0113rstu nepat\u012bkamus odus, kam\u0113r baud\u0101t svaigu gaisu. <\/li>\n<\/ul>","protected":false},"featured_media":370830,"comment_status":"open","ping_status":"open","template":"","meta":{"om_disable_all_campaigns":false,"_monsterinsights_skip_tracking":false,"_monsterinsights_sitenote_active":false,"_monsterinsights_sitenote_note":"","_monsterinsights_sitenote_category":0,"_uf_show_specific_survey":0,"_uf_disable_surveys":false},"location":[1935,1934],"product_brand":[21],"product_cat":[2382,2384,2378,2383,2636],"product_tag":[],"class_list":{"0":"post-151174","1":"product","2":"type-product","3":"status-publish","4":"has-post-thumbnail","6":"location-supplier_stock_location","7":"location-local_stock_location","8":"product_brand-vevor","9":"product_cat-camping-gear","10":"product_cat-camping-tents","11":"product_cat-sports-outdoors","12":"product_cat-tents-camping-gear","13":"product_cat-truck-tents","15":"first","16":"instock","17":"taxable","18":"shipping-taxable","19":"purchasable","20":"product-type-simple"},"aioseo_notices":[],"jetpack_sharing_enabled":true,"locations":[{"id":1935,"name":"Pieg\u0101d\u0101t\u0101ja noliktav\u0101 (5-7d.d.)","slug":"supplier_stock_location","quantity":"102"},{"id":1934,"name":"R\u012bgas veikal\u0101 (0-2d.d.)","slug":"local_stock_location","quantity":"0"}],"_links":{"self":[{"href":"https:\/\/vevorshop.lv\/lv\/wp-json\/wp\/v2\/product\/151174","targetHints":{"allow":["GET"]}}],"collection":[{"href":"https:\/\/vevorshop.lv\/lv\/wp-json\/wp\/v2\/product"}],"about":[{"href":"https:\/\/vevorshop.lv\/lv\/wp-json\/wp\/v2\/types\/product"}],"replies":[{"embeddable":true,"href":"https:\/\/vevorshop.lv\/lv\/wp-json\/wp\/v2\/comments?post=151174"}],"wp:featuredmedia":[{"embeddable":true,"href":"https:\/\/vevorshop.lv\/lv\/wp-json\/wp\/v2\/media\/370830"}],"wp:attachment":[{"href":"https:\/\/vevorshop.lv\/lv\/wp-json\/wp\/v2\/media?parent=151174"}],"wp:term":[{"taxonomy":"location","embeddable":true,"href":"https:\/\/vevorshop.lv\/lv\/wp-json\/wp\/v2\/location?post=151174"},{"taxonomy":"product_brand","embeddable":true,"href":"https:\/\/vevorshop.lv\/lv\/wp-json\/wp\/v2\/product_brand?post=151174"},{"taxonomy":"product_cat","embeddable":true,"href":"https:\/\/vevorshop.lv\/lv\/wp-json\/wp\/v2\/product_cat?post=151174"},{"taxonomy":"product_tag","embeddable":true,"href":"https:\/\/vevorshop.lv\/lv\/wp-json\/wp\/v2\/product_tag?post=151174"}],"curies":[{"name":"wp","href":"https:\/\/api.w.org\/{rel}","templated":true}]}}