{"id":151422,"date":"2025-02-20T23:18:27","date_gmt":"2025-02-20T23:18:27","guid":{"rendered":"https:\/\/vevorshop.lv\/en_us\/Prece\/vevor-electric-baby-swing-with-5-speeds-3-seat-positions-remote-control-toy-bar-for-infants-0-9-months\/"},"modified":"2026-02-26T17:13:12","modified_gmt":"2026-02-26T15:13:12","slug":"vevor-electric-baby-swing-with-5-speeds-3-seat-positions-remote-control-toy-bar-for-infants-0-9-months","status":"publish","type":"product","link":"https:\/\/vevorshop.lv\/lv\/Prece\/vevor-elektriskas-bernu-supoles-ar-5-atrumiem-3-sedeklu-pozicijam-talvadibas-pults-rotallieta-zidainiem-0-9-menesi\/","title":{"rendered":"VEVOR Elektrisk\u0101 \u0161\u016bpul\u012bte ar 5 \u0101trumiem, 3 poz\u012bcij\u0101m, t\u0101lvad\u012bbu, Bluetooth, 10 \u0161\u016bpu\u013cdziesm\u0101m un rota\u013cu loku b\u0113rniem 0\u20139 m\u0113n.\/0\u20139 kg"},"content":{"rendered":"<div style=\"color: #fff!important; font-size: 16px; height: 24px; line-height: 24px; margin-top: -24px; \" class=\"product_original_name\">VEVOR Baby Swing, 5-Speed Baby Rocker with 3 Seat Position, Portable Infant Swing for Newborn with PVC Touch Panel, Remote Control, Bluetooth, 10 Lullabies & Toy Bar for 0-9 Month\/0-20 lbs Boys Girls<\/div>\n<div style=\"color: #fff!important; font-size: 16px; height: 24px; line-height: 24px; margin-top: -24px; \" class=\"product_sku\">M7DE3PUI<\/div>\n<div style=\"color: #fff!important; font-size: 16px; height: 24px; line-height: 24px; margin-top: -24px; \" class=\"product_mpn\">YEQQQZCPVCCP9OWGVV2<\/div><div id=\"js-DM_at-goodDescRich\"><html><head><style>  body {    font-family: Arial;    line-height: 1.5;    color: #1c1c1c;    overflow-x: hidden;    margin: 0;    padding: 0;  }  .MsoNormal b {    font-weight: bolder;  }<\/style><style>  .container.small {    width: 970px;    margin: 0 auto;  }  .logo {    margin: 0 auto 0;  }  .logo img {    display: block;    margin: 0 auto;    max-width: 100%;  }  .logo .pc-banner {    display: block;    width: 1200px;    height: 247.4px;    margin: 0 auto;  }  .logo .pc-banner.small {    width: 970px;  }  .logo .pc-banner.small img {    height: auto!important;  }  .logo .m-banner {    display: none;  }  .ytvideo {    position: relative;    height: 546px;    width: 100%;    margin: 0 auto;  }  .ytvideo img {    width: 100%;    margin: 0 auto;  }  .ytvideo .play-btn {    width: 60px;    height: 42px;    position: absolute;    top: 50%;    left: 50%;    transform: translate(-50%, -50%);    background: url(\"data:image\/png;base64,iVBORw0KGgoAAAANSUhEUgAAAGQAAABGCAMAAAANWMFbAAAC+lBMVEUAAADBGB3kLCfBGB3kLCfcJC7BFx3KKSbiKybkLCbWJCPSIiLSIiLPICHAFx3kLCfgKSXNHiDZJiTIGx\/p4eHcjo7LHSDbJyTkLCbjKyfOHyHPIiL28fHJHB\/GGh7EGR7eKCXDGB3RISHlLSbBGB3AFxzGHB7DGB7BGB3hKybkKybAFx3lLCfAFxzDGR3hKibDGB7cJyTmz8\/elJTlwcHjurrUIyLlLSflLSfAFx3DGR7lLSfCFx3hKibhKibhKybjKybkLCblLSfbJSX49vbx7e3NNzjNMTLMJyjVIyLZf3\/ZQ0LaeHjx0tLgoqLkLCfCGB3HGx\/BGB3BFx3PICHCGB7WJCLOHyC\/Fxy\/Fx3lLCfQISHkLSe\/FxzbJiTBFx3FGx\/AGB7BFx3EGR7AGB3HHSDfKiXAFh3TISHYNzbhKibbJyTTIiL57e325+f039\/v2NjUV1fOHiHiqanfmprch4feKSXVIyPOICHmLibFGh\/mLSe\/Fx7XJCPeKSXXJSPNHyHaJyTGGh7lLCbmLCflLSjSIiLkLCbdKSXLHiC\/GB3KHh++Fh3lKyfoLiXcKCPkx8fYb2\/XaGfVXl3aU1LLHiDksbHgKibPICHbJyTfKSXbJyTCGB3KHSDiKybFGh7TIiL\/\/\/\/VIyPRISHIHB\/GGx\/HHB\/DGR7gKibdKCXLHiDZJiTMHiDNHyHYJSTOICHPICHWJCPcKCXXJSPjLCblLCf+\/f3NGR\/uLijzLynPGR\/IGB7WISHaIyLLGh7UAADxLynNAADRLzDbICLQAADIAAD3MCrUHSHXMTDpKSbLAADp5OTij4\/ejo\/VLy\/1LyngJSTcJCPQHx\/OHB7+\/PzaMS\/OLS\/vLijrLSjSAADaNTPwLyjkKSbNJCbYISHPHB\/KGB7WAAD7+vrn3d3aKynTKCjoLCfsKifRGh\/YAADq5+fhjo7QNDXXKCfmJyXt5+fTLzDLLi\/QKivYHRvMGBrQJCXLISPMExXLDxLaEAvkkI\/bOTfaFQ\/SCgpvLcnHAAAAmnRSTlMA+vv7+gT9Bvf9+8z8\/NSv\/Pr5+P7++vnQIBMP\/v38\/Pn348XDiCYf9OjbzcqxXVcx\/fz8+\/rj1r2poo1+fXFqX0orGP7+\/v7+\/fz8+\/r68uzn4trIxsG\/vri3p6GcmZSNbWVYUUZEPQv+\/f39+\/v7+\/v7+vr64tvV1NTTz87FtbSurqeblJKFg4B3bUY+NjL7+\/v7+\/v67t1cDo8JLQAABkRJREFUWMO0kz9rwkAYh0OIeJkum6YugUAhISCdKoj\/P4C7SMdS+gEKIhSKil10LSg4mzXkILdlEpxCpwTiWOLX6BujvQaEQuGeHLnL+\/64J+SIcKGYTYWnntpdLjrVdqvZmNdn0+EE40GtpuuWVS6Xx6N7YDSGpWXpeq02wHgynM7q80az1a52HpddtVcpsi1zFARBrdaxbhp9iUReTGmwA4KAAr7vx3EYejnCMI6hQYEgy0LQi4jUN0wL19vqFcUC9\/1dAKmEEFkWRYkh5oBejnxQJiSJPJ\/uKBp0Thszx9Mw8hMRIQjKsptCfuES9zr5WJY6vSFCIvE9fCMUmEM1A1kSXcYGxgVYsvI1IPKTZciSTI0us\/SMGG04gDzELDoFBwdcFJrF88dqgYMTiL6DILWYyfOWE8\/kIz38olCNlC03FK95+imxp6y4oUSvAnBjHHhKNtotSDqJzVFiK8c2SBqhZtsrTtgrLXwAyduxZHNE26eHUt5rtuM4WSmds3G+sUdWYo1L+XyxButoh5eKUHk5lByO3G1LqqCWVnfrv\/lyPtf\/4ps1cndNGIri8J1TJ0lx6dR\/oPjq1nbRwdp2dCk4CtIOLW3pVKRL6WZfS5vF2KkIQhpwSsjiYIgNCs1gEMGqiIq24NQX9NwoXFy8Ufrl3twTcg4fv8T9\/JBEySduj6Mjm4bMzYV7EEOxKjjoNDud7yY3Dy71Hq2oLmqfbNR723edH9PgMrNL2utoQ3VmaIDkiw\/4w51P06hlZsTZvkRrbVuSIs\/zwSOsycgzStQouoAkWQqioRT5XI7n2Z1wfVhoZmcAJLsoqjqpjbWCgpOAJXBwHK8PzWbNvoUZJND5wCnSkLAkZ1legx6vqQzjoiTahKlGUGLAiIIoABOHaNVw4sexZBym6\/HWlH5h3IC7yRbxtipcWxdTOkORKiNQAEkFf66x5S2oeRbroOlLgg0sSYkR0hRGEqJZ0jTPiQKatESdBckpWigxaapEH0lImHdWu9pUFF2XqMNM2Z4kped7IwEJw2qabwtrQqnpw6HyKkgcadKWsmpywwesDyIhYRpdzXddqegtGIJlXbAIUMOLkGxJUjRIkokwjUaX9d\/kK62ps\/tYUqZLIMkLTyBhsMZ3C5Z\/kDxOSCb\/DOs\/\/J0qcWSX\/2ipe56EgTCA4\/cB7NAYOsni4mZM1MUPAISoEwkDi4lhVBQ1cWQyIcwalw4EpqZN68JUSK7XC0kTlkLYii5uXSC8jT5ncCAS7mjCv0uHp\/3lueHEEAeQ\/\/VgmdN71\/2uCSA1Xr6DO6uI6sW56zqT2tp2PhgiRUAajV8CY2fkcz6WGNKMgLAt7tJAhD4YHMTeRxlALE6+43WqjSWi8ITxyJl8WrwWSNESQZZOqhDDntO3hJLsd5RtSpbJqdv3YrDJH3F7jL1R2O2aQkn2MyCyKYz0GPGIvSAMgBCrCEiJyKbBaYGwLW4uPRr0A0M4Ux5kUI7IBh+hMdiCEWNqhMZGyYMsOgNE58UQuEQeUnSWCMYwL54hkxK6IoqucQZbQ3pc3XtL0lky1dL0zZJJDpWJovFqpWj6JEHnyam2eQp5QRVAVHjWparTOaVwUOx99YS2MvgxIGV0bb+qIg2HX2qkFFJB+XZcbLiuRkuxD9GRroKyveLxdh4d7Orx+hb7qc3uVRuEogCOnyIxm4ubUoPgF4jianDrC+SDQDKEfJb0GUKmjCGPYHGJvVC6X4hw1\/sAfQAdfYyephIaspXe36RwOP+Ljvfx9B6B3i+Nk0DGq+oCbLn6JpBa9nWAveAIHwFAwtVcIJXPMPL8kRu5OAYPMaL1WScTxjiZDqB9LTJSWphow\/pTYKRTLjCBhvi9iBidvKcDasGSm0QQkycYuLBqj6QCELPctqChDWpTRMWkngNNpQ1Pfp1KkiT\/Y0DGffXAweUNfLAfaJFKDwhb6I+bkYRbkERoEeu3Fyjg2opMz2daZCS9jt6Q7txNfB+OZEVF6Zl5web2xunnLQrtrjXseXKaFYziYINeMFZVxS9VxRhOoesYwxPKXm+gWLG9cuFeq93UNNeJNsf1KlwuDok9n02n3TgIJpOxNfL9naIoQwXtfH9kjceTIIi709ncTg6LZbg+biLH1V6u\/7rxBem06VXKn9raAAAAAElFTkSuQmCC\")      no-repeat center center \/ contain;  }  @media screen and (max-width: 960px) and (orientation: portrait) {    .logo {      width: 100%;    }    .logo .pc-banner {      display: none;    }    .logo .m-banner {      display: block;      width: 100%;    }    .logo .m-banner img {      height: auto!important;    }    .ytvideo {      height: 200px;      width: 100%;    }  }<\/style><style>  .video-section {    width: 100%;    margin: 0 auto;  }  .video-section > img {    width: 100%;  }  .video-section iframe,  .video-section video {    width: 100%;    height: 100%;      }  .video-section-img-m,  .video-section-img-pc > img {    width: 100%;    height: auto;  }  .video-section-img-pc.small > img {    width: 970px;  }  .video-desc {    line-height: 1.5;    font-size: 20px;    font-weight: 400;    margin: 20px 0;    text-align: center;    color: #0f1111;    word-break: break-word;  }  @media screen and (max-width: 960px) and (orientation: portrait) {    .video-section {      width: 100%;    }    .video-section-pc,    .video-section-img-pc {      display: none;    }    .video-section-m,    .video-section-img-m {      display: block;    }    .video-desc {      font-size: 15px;    }  }  @media screen and (min-width: 960px) {    .video-section {      width: 100%;      margin: 0 auto;    }    .video-section-pc,    .video-section-img-pc {      display: block;    }    .video-section-m,    .video-section-img-m {      display: none;    }    .video-desc {      font-size: 20px;    }  }<\/style><style>  .section + .section {    margin-top: 35px;  }  .section-title {    text-align: center;    font-weight: bold;    color: #0d1111;    font-family: \"Arial\";    font-size: 32px;    margin: 15px 0;  }  .section-title:empty {    display: none;  }  .section-desc {    text-align: center;    font-weight: normal;    color: #0d1111;    margin-top: 20px;  }  .section-desc:empty {    display: none;  }  .section-img {    width: 1200px;    height: 492px;    margin: 0 auto;    display: block;  }  .section-img.small {    width: 970px;    height: auto;  }  .section-img.small > img {    height: auto;  }  .section-img > img {    width: 100%;    height: 100%;  }  .section-mobile-img {    display: none;    max-width: 100vw;    max-height: 75vw;    height: 450px;    margin: 0 auto;  }  .section-mobile-img > img {    width: 100%;    height: 100%;  }  @media screen and (max-width: 960px) and (orientation: portrait) {    .container {      width: 100%;    }    .container.small {      width: 100%;    }    .section-mobile-img {      display: block;    }    .section-img {      display: none;    }    .section-title {      font-size: 22px;      margin: 10px 0;    }    .section-desc {      margin-top: 10px;    }    .section + .section {      margin-top: 20px;    }  }<\/style><\/head><body><div class=\"container small\"><div class=\"logo\"><div class=\"pc-banner small\"><div><img decoding=\"async\" src=\"\/vevor\/vevor\/boutique-banner\/pc\/en-pc@1x.jpg\" style=\"width: 100%;\" \/><\/div><\/div><div class=\"m-banner\"><div><img decoding=\"async\" src=\"\/vevor\/vevor\/boutique-banner\/mobile\/en-m@1x.jpg\" style=\"width: 100%;\" \/><\/div><\/div><\/div><div class=\"section-title\">Elektrisk\u0101s b\u0113rnu \u0161\u016bpoles augo\u0161\u0101m vajadz\u012bb\u0101m<\/div><div class=\"video-section\"><div class=\"video-section-img-pc small\"><img decoding=\"async\" src=\"\/vevor\/product\/YEQQQZCPVCCP9OWGV\/baby-swing-a100-1.4-pt.jpg\" \/><\/div><div class=\"video-section-img-m\"><img decoding=\"async\" src=\"\/vevor\/product\/YEQQQZCPVCCP9OWGV\/baby-swing-a100-1.4-pt.jpg\" \/><\/div><div class=\"section-desc\">Give your little one a cozy and calming space with our baby swing! Featuring 5 speeds, 3 adjustable seat positions, PVC touch panel, remote control, Bluetooth music, 10 preset lullabies, 5-point safety harness, toy bar and 3 adorable toys, it's ideal for boys girls 0-9 months or up to 20 lbs.<\/div><\/div><div class=\"section\"><div class=\"section-title\"><\/div><div class=\"section-img small\"><img decoding=\"async\" src=\"\/vevor\/product\/YEQQQZCPVCCP9OWGV\/baby-swing-a100-2.2-pt.jpg\" \/><\/div><div class=\"section-mobile-img\"><img decoding=\"async\" src=\"\/vevor\/product\/YEQQQZCPVCCP9OWGV\/baby-swing-a100-2.2-pt.jpg\" \/><\/div><div class=\"section-desc\">Ar 3 regul\u0113jamiem s\u0113dek\u013ca le\u0146\u0137iem \u0161\u012bs b\u0113rnu \u0161\u016bpoles \u013cauj atrast perfekto pozu j\u016bsu mazulim. Neatkar\u012bgi no t\u0101, vai vi\u0146\u0161 gu\u013c, sp\u0113l\u0113jas vai \u0113d, maig\u0101 \u0161\u016bpo\u0161an\u0101s kust\u012bba pal\u012bdz vi\u0146am atp\u016bsties. T\u0101s ir izstr\u0101d\u0101tas, lai apmierin\u0101tu j\u016bsu mazu\u013ca main\u012bg\u0101s vajadz\u012bbas, un t\u0101s nodro\u0161ina ilg\u0101ku kalpo\u0161anas laiku, vi\u0146am augot.<\/div><\/div><div class=\"section\"><div class=\"section-title\"><\/div><div class=\"section-img small\"><img decoding=\"async\" src=\"\/vevor\/product\/YEQQQZCPVCCP9OWGV\/baby-swing-a100-2.3-pt.jpg\" \/><\/div><div class=\"section-mobile-img\"><img decoding=\"async\" src=\"\/vevor\/product\/YEQQQZCPVCCP9OWGV\/baby-swing-a100-2.3-pt.jpg\" \/><\/div><div class=\"section-desc\">Pied\u0101v\u0101jiet 3 vad\u012bbas iesp\u0113jas, lai apmierin\u0101tu j\u016bsu vajadz\u012bbas. T\u0101lvad\u012bbas pults \u013cauj att\u0101lin\u0101ti regul\u0113t m\u016bziku un \u0161\u016bpo\u0161an\u0101s \u0101trumu. Izv\u0113lieties no 10 iepriek\u0161 iestat\u012bt\u0101m \u0161\u016bpu\u013cdziesm\u0101m vai izveidojiet savienojumu, izmantojot Bluetooth, lai atska\u0146otu m\u016bziku no sava t\u0101lru\u0146a; PVC sk\u0101rienpanelis skaidri att\u0113lo funkcijas, kas jaunajiem vec\u0101kiem ir viegli lietojamas.<\/div><\/div><div class=\"section\"><div class=\"section-title\"><\/div><div class=\"section-img small\"><img decoding=\"async\" src=\"\/vevor\/product\/YEQQQZCPVCCP9OWGV\/baby-swing-a100-2.4-pt.jpg\" \/><\/div><div class=\"section-mobile-img\"><img decoding=\"async\" src=\"\/vevor\/product\/YEQQQZCPVCCP9OWGV\/baby-swing-a100-2.4-pt.jpg\" \/><\/div><div class=\"section-desc\">Our baby rocker features a stable C-shaped aluminum base, 5-point safety harness and soft u-Shaped headrest for maximum comfort and safety. The detachable toy bar with 3 engaging toys is designed to capture your baby's attention and encourage sensory exploration.<\/div><\/div><div class=\"section\"><div class=\"section-title\"><\/div><div class=\"section-img small\"><img decoding=\"async\" src=\"\/vevor\/product\/YEQQQZCPVCCP9OWGV\/baby-swing-a100-2.5-pt.jpg\" \/><\/div><div class=\"section-mobile-img\"><img decoding=\"async\" src=\"\/vevor\/product\/YEQQQZCPVCCP9OWGV\/baby-swing-a100-2.5-pt.jpg\" \/><\/div><div class=\"section-desc\">\u0160\u012bs kompakt\u0101s b\u0113rnu \u0161\u016bpoles, kas sver tikai 3,4 kg, ir viegli salok\u0101mas un pa\u0146emamas l\u012bdzi jebkur. T\u0101s var darbin\u0101t ar 4 AAA baterij\u0101m (nav iek\u013cautas komplekt\u0101), USB vai elektrisko adapteri, un t\u0101m ir 2 metru gar\u0161 str\u0101vas vads \u0113rtai p\u0101rvieto\u0161anai. Ide\u0101li piem\u0113rotas lieto\u0161anai gan iek\u0161telp\u0101s, gan \u0101r\u0101.<\/div><\/div><div class=\"section\"><div class=\"section-img small\"><img decoding=\"async\" src=\"\/vevor\/product\/YEQQQZCPVCCP9OWGV\/baby-swing-a100-1.11-pt.jpg\" \/><\/div><div class=\"section-mobile-img\"><img decoding=\"async\" src=\"\/vevor\/product\/YEQQQZCPVCCP9OWGV\/baby-swing-a100-1.11-pt.jpg\" \/><\/div><\/div><\/div><\/body><\/html><\/div>\n<div class=\"DM_at-title\" id=\"js-DM_at-title\"> <div>Produkta specifik\u0101cija<\/div> <i class=\"icon-arrowup_line\"><\/i> <\/div><div class=\"DM_at-goodsDescAttr\" id=\"js-DM_at-goodsDescAttr\"> <div class=\"DM_at-goodsDescAttrInner\"> <dl class=\"goodsDesc_item goodsDesc_item_even\"> <dt>Preces Mode\u013ca Numurs<\/dt> <dd> BB005K<\/dd> <\/dl> <dl class=\"goodsDesc_item\"> <dt>Svars, Tilpums<\/dt> <dd> 20 m\u0101rci\u0146as \/ 9 kg<\/dd> <\/dl> <dl class=\"goodsDesc_item goodsDesc_item_even\"> <dt>Produkta Izm\u0113ri<\/dt> <dd> 720 x 630 x 470 mm\u2013690 mm<\/dd> <\/dl> <dl class=\"goodsDesc_item\"> <dt>Neto Svars<\/dt> <dd> 7,5 m\u0101rci\u0146as \/ 3,4 kg<\/dd> <\/dl> <\/div> <\/div>","protected":false},"excerpt":{"rendered":"<ul>\n<li> Adapted to Baby\u2019s Growth: This baby swing offers 5 gentle swing speeds and 3 adjustable seat angles, making it easy to find the ideal motion and position for your baby. Perfect for boys girls 0-9 months or up to 20 lbs. (PLEASE NOTE: This product is not for sleep or unsupervised use. Stay near and watch baby during use. Never leave infant unattended. Never use on soft surface (bed, sofa, cushion), as seat may tip over and cause suffocation.) <\/li>\n<li> 3 virzienu vad\u012bba: \u0113rti regul\u0113jiet m\u016bziku, \u0161\u016bpo\u0161an\u0101s \u0101trumu un taimeri, izmantojot viedo PVC sk\u0101rienpaneli vai t\u0101lvad\u012bbas pulti. Izv\u0113lieties no 10 iepriek\u0161 iestat\u012bt\u0101m \u0161\u016bpu\u013cdziesm\u0101m vai pievienojiet t\u0101lruni, izmantojot Bluetooth, lai atska\u0146otu nomierino\u0161u m\u016bziku savam mazulim. Z\u012bdai\u0146u \u0161\u016bpol\u0113m ir ar\u012b 1 rota\u013clietu stienis un 3 burv\u012bgas rota\u013clietas, lai j\u016bsu mazulis b\u016btu izklaid\u0113ts. Lieliski piem\u0113rots aiz\u0146emtiem vec\u0101kiem, jo \u200b\u200batbr\u012bvo j\u016bsu rokas un \u013cauj baud\u012bt vair\u0101k person\u012bg\u0101s telpas. <\/li>\n<li> Dro\u0161\u012bba pirmaj\u0101 viet\u0101, jautr\u012bba uz visiem laikiem: M\u016bsu b\u0113rnu \u0161\u016bpu\u013ckr\u0113slam ir C formas alum\u012bnija pamatne uzlabotai stabilit\u0101tei un s\u0113dek\u013ca le\u0146\u0137a fiksators papildu dro\u0161\u012bbai. 5 punktu dro\u0161\u012bbas jostas nodro\u0161ina mazu\u013ca dro\u0161\u012bbu, savuk\u0101rt regul\u0113jami plecu spilventi\u0146i nodro\u0161ina papildu komfortu. <\/li>\n<li> Komforta uzlabojums: \u012apa\u0161i m\u012bkstais krist\u0101la vilnas audums maigi r\u016bp\u0113jas par j\u016bsu mazu\u013ca jut\u012bgo \u0101du, un \u0113rtais U veida galvas balsts nodro\u0161ina ide\u0101lu komfortu j\u016bsu mazu\u013ca galvai. Galvas balsts ir no\u0146emams un mazg\u0101jams, t\u0101p\u0113c to ir viegli apstr\u0101d\u0101t piena nopl\u016bdes vai nelielus negad\u012bjumus \u2014 vienk\u0101r\u0161i izmazg\u0101jiet un izmantojiet atk\u0101rtoti! \u0160aj\u0101s elektriskaj\u0101s b\u0113rnu \u0161\u016bpol\u0113s j\u016bsu mazulis jut\u012bsies \u0113rti. <\/li>\n<li> Portable &#038; Travel-Friendly: Weighing only 7.5 lbs, this compact baby swing for newborn can be easily disassembled and folded, taking up minimal space. With versatile power options\u20144 AAA batteries (not included), USB power bank charging, or 2m power cord\u2014it\u2019s ideal for indoor and outdoor use. Take it with you wherever you go, and keep your baby comfortable and calm on the go. <\/li>\n<\/ul>","protected":false},"featured_media":371166,"comment_status":"open","ping_status":"open","template":"","meta":{"om_disable_all_campaigns":false,"_monsterinsights_skip_tracking":false,"_monsterinsights_sitenote_active":false,"_monsterinsights_sitenote_note":"","_monsterinsights_sitenote_category":0,"_uf_show_specific_survey":0,"_uf_disable_surveys":false},"location":[1935,1934],"product_brand":[21],"product_cat":[4568,4896,2393,3641],"product_tag":[],"class_list":{"0":"post-151422","1":"product","2":"type-product","3":"status-publish","4":"has-post-thumbnail","6":"location-supplier_stock_location","7":"location-local_stock_location","8":"product_brand-vevor","9":"product_cat-baby-care","10":"product_cat-baby-swings","11":"product_cat-health-and-wellness","12":"product_cat-personal-care-appliances","14":"first","15":"outofstock","16":"taxable","17":"shipping-taxable","18":"purchasable","19":"product-type-simple"},"aioseo_notices":[],"jetpack_sharing_enabled":true,"locations":[{"id":1935,"name":"Pieg\u0101d\u0101t\u0101ja noliktav\u0101 (5-7d.d.)","slug":"supplier_stock_location","quantity":"0"},{"id":1934,"name":"R\u012bgas veikal\u0101 (0-2d.d.)","slug":"local_stock_location","quantity":"0"}],"_links":{"self":[{"href":"https:\/\/vevorshop.lv\/lv\/wp-json\/wp\/v2\/product\/151422","targetHints":{"allow":["GET"]}}],"collection":[{"href":"https:\/\/vevorshop.lv\/lv\/wp-json\/wp\/v2\/product"}],"about":[{"href":"https:\/\/vevorshop.lv\/lv\/wp-json\/wp\/v2\/types\/product"}],"replies":[{"embeddable":true,"href":"https:\/\/vevorshop.lv\/lv\/wp-json\/wp\/v2\/comments?post=151422"}],"wp:featuredmedia":[{"embeddable":true,"href":"https:\/\/vevorshop.lv\/lv\/wp-json\/wp\/v2\/media\/371166"}],"wp:attachment":[{"href":"https:\/\/vevorshop.lv\/lv\/wp-json\/wp\/v2\/media?parent=151422"}],"wp:term":[{"taxonomy":"location","embeddable":true,"href":"https:\/\/vevorshop.lv\/lv\/wp-json\/wp\/v2\/location?post=151422"},{"taxonomy":"product_brand","embeddable":true,"href":"https:\/\/vevorshop.lv\/lv\/wp-json\/wp\/v2\/product_brand?post=151422"},{"taxonomy":"product_cat","embeddable":true,"href":"https:\/\/vevorshop.lv\/lv\/wp-json\/wp\/v2\/product_cat?post=151422"},{"taxonomy":"product_tag","embeddable":true,"href":"https:\/\/vevorshop.lv\/lv\/wp-json\/wp\/v2\/product_tag?post=151422"}],"curies":[{"name":"wp","href":"https:\/\/api.w.org\/{rel}","templated":true}]}}