{"id":152975,"date":"2025-03-06T14:00:08","date_gmt":"2025-03-06T14:00:08","guid":{"rendered":"https:\/\/vevorshop.lv\/en_us\/Prece\/25-piece-interlocking-gym-flooring-set-non-slip-waterproof-pppvc-tiles-for-dance-fitness-2-3-m%c2%b2-coverage\/"},"modified":"2026-04-07T07:51:12","modified_gmt":"2026-04-07T04:51:12","slug":"25-piece-interlocking-gym-flooring-set-non-slip-waterproof-pppvc-tiles-for-dance-fitness-2-3-m%c2%b2-coverage","status":"publish","type":"product","link":"https:\/\/vevorshop.lv\/lv\/Prece\/25-gab-blokesanas-sporta-zales-gridas-segumu-komplekts-neslidosas-udensizturigas-pppvc-flizes-deju-fitnesam-2-3-m\u00b2-parklajums\/","title":{"rendered":"VEVOR blo\u0137\u0113jo\u0161as ozola graudu deju gr\u012bdas fl\u012bzes, 31,5\u00d731,5 cm, polster\u0113tas, nesl\u012bdo\u0161as, 25 gab., 2,32 m\u00b2 p\u0101rkl\u0101jums, lieto\u0161anai iek\u0161telp\u0101s\/\u0101ra apst\u0101k\u013cos"},"content":{"rendered":"<div style=\"color: #fff!important; font-size: 16px; height: 24px; line-height: 24px; margin-top: -24px; \" class=\"product_original_name\">VEVOR Dance Floor Tiles, 12.4 x 12.4 in 25 Piece Interlocking Dance Flooring, Portable Dance Practice Floor with Cushioned Base  (Oak Wood Grain, 25 sq. ft\/Box )<\/div>\n<div style=\"color: #fff!important; font-size: 16px; height: 24px; line-height: 24px; margin-top: -24px; \" class=\"product_sku\">M7OGJ3AS<\/div>\n<div style=\"color: #fff!important; font-size: 16px; height: 24px; line-height: 24px; margin-top: -24px; \" class=\"product_mpn\">LSWDDDPPPVCZC8KYOV0<\/div><div id=\"js-DM_at-goodDescRich\"><html><head><style>  body {    font-family: Arial;    line-height: 1.5;    color: #1c1c1c;    overflow-x: hidden;    margin: 0;    padding: 0;  }  .MsoNormal b {    font-weight: bolder;  }<\/style><style>  .container.small {    width: 970px;    margin: 0 auto;  }  .logo {    margin: 0 auto 0;  }  .logo img {    display: block;    margin: 0 auto;    max-width: 100%;  }  .logo .pc-banner {    display: block;    width: 1200px;    height: 247.4px;    margin: 0 auto;  }  .logo .pc-banner.small {    width: 970px;  }  .logo .pc-banner.small img {    height: auto!important;  }  .logo .m-banner {    display: none;  }  .ytvideo {    position: relative;    height: 546px;    width: 100%;    margin: 0 auto;  }  .ytvideo img {    width: 100%;    margin: 0 auto;  }  .ytvideo .play-btn {    width: 60px;    height: 42px;    position: absolute;    top: 50%;    left: 50%;    transform: translate(-50%, -50%);    background: url(\"data:image\/png;base64,iVBORw0KGgoAAAANSUhEUgAAAGQAAABGCAMAAAANWMFbAAAC+lBMVEUAAADBGB3kLCfBGB3kLCfcJC7BFx3KKSbiKybkLCbWJCPSIiLSIiLPICHAFx3kLCfgKSXNHiDZJiTIGx\/p4eHcjo7LHSDbJyTkLCbjKyfOHyHPIiL28fHJHB\/GGh7EGR7eKCXDGB3RISHlLSbBGB3AFxzGHB7DGB7BGB3hKybkKybAFx3lLCfAFxzDGR3hKibDGB7cJyTmz8\/elJTlwcHjurrUIyLlLSflLSfAFx3DGR7lLSfCFx3hKibhKibhKybjKybkLCblLSfbJSX49vbx7e3NNzjNMTLMJyjVIyLZf3\/ZQ0LaeHjx0tLgoqLkLCfCGB3HGx\/BGB3BFx3PICHCGB7WJCLOHyC\/Fxy\/Fx3lLCfQISHkLSe\/FxzbJiTBFx3FGx\/AGB7BFx3EGR7AGB3HHSDfKiXAFh3TISHYNzbhKibbJyTTIiL57e325+f039\/v2NjUV1fOHiHiqanfmprch4feKSXVIyPOICHmLibFGh\/mLSe\/Fx7XJCPeKSXXJSPNHyHaJyTGGh7lLCbmLCflLSjSIiLkLCbdKSXLHiC\/GB3KHh++Fh3lKyfoLiXcKCPkx8fYb2\/XaGfVXl3aU1LLHiDksbHgKibPICHbJyTfKSXbJyTCGB3KHSDiKybFGh7TIiL\/\/\/\/VIyPRISHIHB\/GGx\/HHB\/DGR7gKibdKCXLHiDZJiTMHiDNHyHYJSTOICHPICHWJCPcKCXXJSPjLCblLCf+\/f3NGR\/uLijzLynPGR\/IGB7WISHaIyLLGh7UAADxLynNAADRLzDbICLQAADIAAD3MCrUHSHXMTDpKSbLAADp5OTij4\/ejo\/VLy\/1LyngJSTcJCPQHx\/OHB7+\/PzaMS\/OLS\/vLijrLSjSAADaNTPwLyjkKSbNJCbYISHPHB\/KGB7WAAD7+vrn3d3aKynTKCjoLCfsKifRGh\/YAADq5+fhjo7QNDXXKCfmJyXt5+fTLzDLLi\/QKivYHRvMGBrQJCXLISPMExXLDxLaEAvkkI\/bOTfaFQ\/SCgpvLcnHAAAAmnRSTlMA+vv7+gT9Bvf9+8z8\/NSv\/Pr5+P7++vnQIBMP\/v38\/Pn348XDiCYf9OjbzcqxXVcx\/fz8+\/rj1r2poo1+fXFqX0orGP7+\/v7+\/fz8+\/r68uzn4trIxsG\/vri3p6GcmZSNbWVYUUZEPQv+\/f39+\/v7+\/v7+vr64tvV1NTTz87FtbSurqeblJKFg4B3bUY+NjL7+\/v7+\/v67t1cDo8JLQAABkRJREFUWMO0kz9rwkAYh0OIeJkum6YugUAhISCdKoj\/P4C7SMdS+gEKIhSKil10LSg4mzXkILdlEpxCpwTiWOLX6BujvQaEQuGeHLnL+\/64J+SIcKGYTYWnntpdLjrVdqvZmNdn0+EE40GtpuuWVS6Xx6N7YDSGpWXpeq02wHgynM7q80az1a52HpddtVcpsi1zFARBrdaxbhp9iUReTGmwA4KAAr7vx3EYejnCMI6hQYEgy0LQi4jUN0wL19vqFcUC9\/1dAKmEEFkWRYkh5oBejnxQJiSJPJ\/uKBp0Thszx9Mw8hMRIQjKsptCfuES9zr5WJY6vSFCIvE9fCMUmEM1A1kSXcYGxgVYsvI1IPKTZciSTI0us\/SMGG04gDzELDoFBwdcFJrF88dqgYMTiL6DILWYyfOWE8\/kIz38olCNlC03FK95+imxp6y4oUSvAnBjHHhKNtotSDqJzVFiK8c2SBqhZtsrTtgrLXwAyduxZHNE26eHUt5rtuM4WSmds3G+sUdWYo1L+XyxButoh5eKUHk5lByO3G1LqqCWVnfrv\/lyPtf\/4ps1cndNGIri8J1TJ0lx6dR\/oPjq1nbRwdp2dCk4CtIOLW3pVKRL6WZfS5vF2KkIQhpwSsjiYIgNCs1gEMGqiIq24NQX9NwoXFy8Ufrl3twTcg4fv8T9\/JBEySduj6Mjm4bMzYV7EEOxKjjoNDud7yY3Dy71Hq2oLmqfbNR723edH9PgMrNL2utoQ3VmaIDkiw\/4w51P06hlZsTZvkRrbVuSIs\/zwSOsycgzStQouoAkWQqioRT5XI7n2Z1wfVhoZmcAJLsoqjqpjbWCgpOAJXBwHK8PzWbNvoUZJND5wCnSkLAkZ1legx6vqQzjoiTahKlGUGLAiIIoABOHaNVw4sexZBym6\/HWlH5h3IC7yRbxtipcWxdTOkORKiNQAEkFf66x5S2oeRbroOlLgg0sSYkR0hRGEqJZ0jTPiQKatESdBckpWigxaapEH0lImHdWu9pUFF2XqMNM2Z4kped7IwEJw2qabwtrQqnpw6HyKkgcadKWsmpywwesDyIhYRpdzXddqegtGIJlXbAIUMOLkGxJUjRIkokwjUaX9d\/kK62ps\/tYUqZLIMkLTyBhsMZ3C5Z\/kDxOSCb\/DOs\/\/J0qcWSX\/2ipe56EgTCA4\/cB7NAYOsni4mZM1MUPAISoEwkDi4lhVBQ1cWQyIcwalw4EpqZN68JUSK7XC0kTlkLYii5uXSC8jT5ncCAS7mjCv0uHp\/3lueHEEAeQ\/\/VgmdN71\/2uCSA1Xr6DO6uI6sW56zqT2tp2PhgiRUAajV8CY2fkcz6WGNKMgLAt7tJAhD4YHMTeRxlALE6+43WqjSWi8ITxyJl8WrwWSNESQZZOqhDDntO3hJLsd5RtSpbJqdv3YrDJH3F7jL1R2O2aQkn2MyCyKYz0GPGIvSAMgBCrCEiJyKbBaYGwLW4uPRr0A0M4Ux5kUI7IBh+hMdiCEWNqhMZGyYMsOgNE58UQuEQeUnSWCMYwL54hkxK6IoqucQZbQ3pc3XtL0lky1dL0zZJJDpWJovFqpWj6JEHnyam2eQp5QRVAVHjWparTOaVwUOx99YS2MvgxIGV0bb+qIg2HX2qkFFJB+XZcbLiuRkuxD9GRroKyveLxdh4d7Orx+hb7qc3uVRuEogCOnyIxm4ubUoPgF4jianDrC+SDQDKEfJb0GUKmjCGPYHGJvVC6X4hw1\/sAfQAdfYyephIaspXe36RwOP+Ljvfx9B6B3i+Nk0DGq+oCbLn6JpBa9nWAveAIHwFAwtVcIJXPMPL8kRu5OAYPMaL1WScTxjiZDqB9LTJSWphow\/pTYKRTLjCBhvi9iBidvKcDasGSm0QQkycYuLBqj6QCELPctqChDWpTRMWkngNNpQ1Pfp1KkiT\/Y0DGffXAweUNfLAfaJFKDwhb6I+bkYRbkERoEeu3Fyjg2opMz2daZCS9jt6Q7txNfB+OZEVF6Zl5web2xunnLQrtrjXseXKaFYziYINeMFZVxS9VxRhOoesYwxPKXm+gWLG9cuFeq93UNNeJNsf1KlwuDok9n02n3TgIJpOxNfL9naIoQwXtfH9kjceTIIi709ncTg6LZbg+biLH1V6u\/7rxBem06VXKn9raAAAAAElFTkSuQmCC\")      no-repeat center center \/ contain;  }  @media screen and (max-width: 960px) and (orientation: portrait) {    .logo {      width: 100%;    }    .logo .pc-banner {      display: none;    }    .logo .m-banner {      display: block;      width: 100%;    }    .logo .m-banner img {      height: auto!important;    }    .ytvideo {      height: 200px;      width: 100%;    }  }<\/style><style>  .video-section {    width: 100%;    margin: 0 auto;  }  .video-section > img {    width: 100%;  }  .video-section iframe,  .video-section video {    width: 100%;    height: 100%;      }  .video-section-img-m,  .video-section-img-pc > img {    width: 100%;    height: auto;  }  .video-section-img-pc.small > img {    width: 970px;  }  .video-desc {    line-height: 1.5;    font-size: 20px;    font-weight: 400;    margin: 20px 0;    text-align: center;    color: #0f1111;    word-break: break-word;  }  @media screen and (max-width: 960px) and (orientation: portrait) {    .video-section {      width: 100%;    }    .video-section-pc,    .video-section-img-pc {      display: none;    }    .video-section-m,    .video-section-img-m {      display: block;    }    .video-desc {      font-size: 15px;    }  }  @media screen and (min-width: 960px) {    .video-section {      width: 100%;      margin: 0 auto;    }    .video-section-pc,    .video-section-img-pc {      display: block;    }    .video-section-m,    .video-section-img-m {      display: none;    }    .video-desc {      font-size: 20px;    }  }<\/style><style>  .section + .section {    margin-top: 35px;  }  .section-title {    text-align: center;    font-weight: bold;    color: #0d1111;    font-family: \"Arial\";    font-size: 32px;    margin: 15px 0;  }  .section-title:empty {    display: none;  }  .section-desc {    text-align: center;    font-weight: normal;    color: #0d1111;    margin-top: 20px;  }  .section-desc:empty {    display: none;  }  .section-img {    width: 1200px;    height: 492px;    margin: 0 auto;    display: block;  }  .section-img.small {    width: 970px;    height: auto;  }  .section-img.small > img {    height: auto;  }  .section-img > img {    width: 100%;    height: 100%;  }  .section-mobile-img {    display: none;    max-width: 100vw;    max-height: 75vw;    height: 450px;    margin: 0 auto;  }  .section-mobile-img > img {    width: 100%;    height: 100%;  }  @media screen and (max-width: 960px) and (orientation: portrait) {    .container {      width: 100%;    }    .container.small {      width: 100%;    }    .section-mobile-img {      display: block;    }    .section-img {      display: none;    }    .section-title {      font-size: 22px;      margin: 10px 0;    }    .section-desc {      margin-top: 10px;    }    .section + .section {      margin-top: 20px;    }  }<\/style><\/head><body><div class=\"container small\"><div class=\"logo\"><div class=\"pc-banner small\"><div><img decoding=\"async\" src=\"\/vevor\/vevor\/boutique-banner\/pc\/en-pc@1x.jpg\" style=\"width: 100%;\" \/><\/div><\/div><div class=\"m-banner\"><div><img decoding=\"async\" src=\"\/vevor\/vevor\/boutique-banner\/mobile\/en-m@1x.jpg\" style=\"width: 100%;\" \/><\/div><\/div><\/div><div class=\"section-title\">Izveidojiet perfektu treni\u0146u vidi<\/div><div class=\"video-section\"><div class=\"video-section-img-pc small\"><img decoding=\"async\" src=\"\/vevor\/product\/LSWDDDPPPVCZC8KYO\/gym-flooring-a100-1.4-pt.jpg\" \/><\/div><div class=\"video-section-img-m\"><img decoding=\"async\" src=\"\/vevor\/product\/LSWDDDPPPVCZC8KYO\/gym-flooring-a100-1.4-pt.jpg\" \/><\/div><div class=\"section-desc\">M\u016bsu sporta z\u0101les gr\u012bdas pakl\u0101ji\u0146i ir izgatavoti no augstas kvalit\u0101tes materi\u0101liem, tiem piem\u012bt izcila iztur\u012bba, pretsl\u012bdes un trok\u0161\u0146u sl\u0101p\u0113\u0161anas \u012bpa\u0161\u012bbas, tie aizsarg\u0101 j\u016bsu loc\u012btavas un pal\u012bdz saglab\u0101t koncentr\u0113\u0161anos treni\u0146u laik\u0101. Izv\u0113lieties m\u016bsu sporta z\u0101les pakl\u0101ji\u0146us, lai savam fitnesa ce\u013cojumam pievienotu dro\u0161\u012bbu un komfortu!<\/div><\/div><div class=\"section\"><div class=\"section-title\"><\/div><div class=\"section-img small\"><img decoding=\"async\" src=\"\/vevor\/product\/LSWDDDPPPVCZC8KYO\/gym-flooring-a100-2.2-pt.jpg\" \/><\/div><div class=\"section-mobile-img\"><img decoding=\"async\" src=\"\/vevor\/product\/LSWDDDPPPVCZC8KYO\/gym-flooring-a100-2.2-pt.jpg\" \/><\/div><div class=\"section-desc\">Joproj\u0101m nevarat atrast profesion\u0101lu treni\u0146u telpu? M\u016bsu vingro\u0161anas pakl\u0101ji\u0146i pied\u0101v\u0101 iespaid\u012bgu pieredzi, kas ir ide\u0101li piem\u0113rota t\u0101d\u0101m aktivit\u0101t\u0113m k\u0101 dejo\u0161ana vai pas\u0101kumi br\u012bv\u0101 dab\u0101!<\/div><\/div><div class=\"section\"><div class=\"section-title\"><\/div><div class=\"section-img small\"><img decoding=\"async\" src=\"\/vevor\/product\/LSWDDDPPPVCZC8KYO\/gym-flooring-a100-2.3-pt.jpg\" \/><\/div><div class=\"section-mobile-img\"><img decoding=\"async\" src=\"\/vevor\/product\/LSWDDDPPPVCZC8KYO\/gym-flooring-a100-2.3-pt.jpg\" \/><\/div><div class=\"section-desc\">Neatkar\u012bgi no t\u0101, vai tas ir iek\u0161telpu balets, stepa dejas vai \u0101ra aktivit\u0101\u0161u ball\u012bte, m\u016bsu putu gr\u012bdas fl\u012bzes lieliski iederas uz jebkuras virsmas, nodro\u0161inot uzticamu vietu j\u016bsu aktivit\u0101t\u0113m.<\/div><\/div><div class=\"section\"><div class=\"section-title\"><\/div><div class=\"section-img small\"><img decoding=\"async\" src=\"\/vevor\/product\/LSWDDDPPPVCZC8KYO\/gym-flooring-a100-2.4-pt.jpg\" \/><\/div><div class=\"section-mobile-img\"><img decoding=\"async\" src=\"\/vevor\/product\/LSWDDDPPPVCZC8KYO\/gym-flooring-a100-2.4-pt.jpg\" \/><\/div><div class=\"section-desc\">Ar atbilsto\u0161u stingr\u012bbas l\u012bmeni m\u016bsu pakl\u0101ji\u0146i nodro\u0161ina skaidru ska\u0146as atgriezenisko saiti stepa dej\u0101m, vienlaikus aizsarg\u0101jot j\u016bsu s\u0101kotn\u0113jo gr\u012bdas segumu no boj\u0101jumiem.<\/div><\/div><div class=\"section\"><div class=\"section-title\"><\/div><div class=\"section-img small\"><img decoding=\"async\" src=\"\/vevor\/product\/LSWDDDPPPVCZC8KYO\/gym-flooring-a100-2.5-pt.jpg\" \/><\/div><div class=\"section-mobile-img\"><img decoding=\"async\" src=\"\/vevor\/product\/LSWDDDPPPVCZC8KYO\/gym-flooring-a100-2.5-pt.jpg\" \/><\/div><div class=\"section-desc\">T\u012br\u012b\u0161ana un apkope ir vienk\u0101r\u0161a. Lai nodro\u0161in\u0101tu ilgsto\u0161u iztur\u012bbu, iesak\u0101m pakl\u0101ji\u0146us t\u012br\u012bt p\u0113c katras lieto\u0161anas reizes un tur\u0113t tos sausus.<\/div><\/div><div class=\"section\"><div class=\"section-img small\"><img decoding=\"async\" src=\"\/vevor\/product\/LSWDDDPPPVCZC8KYO\/gym-flooring-a100-1.11-pt.jpg\" \/><\/div><div class=\"section-mobile-img\"><img decoding=\"async\" src=\"\/vevor\/product\/LSWDDDPPPVCZC8KYO\/gym-flooring-a100-1.11-pt.jpg\" \/><\/div><\/div><\/div><\/body><\/html><\/div>\n<div class=\"DM_at-title\" id=\"js-DM_at-title\"> <div>Produkta specifik\u0101cija<\/div> <i class=\"icon-arrowup_line\"><\/i> <\/div><div class=\"DM_at-goodsDescAttr\" id=\"js-DM_at-goodsDescAttr\"> <div class=\"DM_at-goodsDescAttrInner\"> <dl class=\"goodsDesc_item goodsDesc_item_even\"> <dt>Preces Mode\u013ca Numurs<\/dt> <dd> HJLVT24120-25<\/dd> <\/dl> <dl class=\"goodsDesc_item\"> <dt>Produkta Izm\u0113ri<\/dt> <dd> 12,4 x 12,4 x 0,68 collas \/ 315 x 315 x 17,2 mm<\/dd> <\/dl> <dl class=\"goodsDesc_item goodsDesc_item_even\"> <dt>Galvenais materi\u0101ls<\/dt> <dd> PP + PVC<\/dd> <\/dl> <dl class=\"goodsDesc_item\"> <dt>Neto Svars<\/dt> <dd> 27,95 m\u0101rci\u0146as \/ 12,68 kg<\/dd> <\/dl> <dl class=\"goodsDesc_item goodsDesc_item_even\"> <dt>Kr\u0101sa<\/dt> <dd> Br\u016bns<\/dd> <\/dl> <dl class=\"goodsDesc_item\"> <dt>Maksim\u0101l\u0101 slodze uz vienu paneli<\/dt> <dd> 440 m\u0101rci\u0146as \/ 200 kg<\/dd> <\/dl> <dl class=\"goodsDesc_item goodsDesc_item_even\"> <dt>Kop\u0113j\u0101 p\u0101rkl\u0101juma zona<\/dt> <dd> 25 kvadr\u0101tp\u0113das<\/dd> <\/dl> <dl class=\"goodsDesc_item\"> <dt>Daudzums<\/dt> <dd> 25 gab.<\/dd> <\/dl> <\/div> <\/div>","protected":false},"excerpt":{"rendered":"<ul>\n<li> Triecieniztur\u012bgs materi\u0101ls: M\u016bsu sporta z\u0101les gr\u012bdas seguma komplekts ir izgatavots no augstas kvalit\u0101tes, triecieniztur\u012bga PP + PVC, kas nodro\u0161ina iztur\u012bbu un nov\u0113r\u0161 malu saritin\u0101\u0161anos vai virsmas lob\u012b\u0161anos. \u0160\u012bs savstarp\u0113ji savienot\u0101s putu fl\u012bzes ar koksnes imit\u0101cijas dizainu un tie\u0161i atbilsto\u0161u stingr\u012bbas l\u012bmeni nodro\u0161ina uzticamu virsmu baleta vai stepa dejas treni\u0146iem. J\u016bs varat dro\u0161i praktiz\u0113t, neuztraucoties par gr\u012bdas skr\u0101p\u0113jumiem vai boj\u0101jumiem. <\/li>\n<li> Non-Slip &amp; Waterproof: Gluda virsma ir p\u0101rkl\u0101ta ar \u016bdensnecaurlaid\u012bgu, pretsl\u012bdes sl\u0101ni, padarot to lieliski piem\u0113rotu stepa dej\u0101m, flamenko, baletam un citiem treni\u0146iem.Tas nodro\u0161ina lielisku aizsardz\u012bbu j\u016bsu \u0137ermenim un nodro\u0161ina dro\u0161\u012bbu vingrin\u0101jumu laik\u0101.Iek\u013cauti malu stiprin\u0101jumi pastiprina pakl\u0101ju, savuk\u0101rt t\u0101 stingr\u012bba sniedz skaidru atgriezenisko saiti kr\u0101na ska\u0146\u0101m.\u0160is sporta z\u0101les gr\u012bdas segums m\u0101jas sporta z\u0101l\u0113m pied\u0101v\u0101 \u0113rtu, stabilu virsmu j\u016bsu kust\u012bb\u0101m. <\/li>\n<li> Ide\u0101li piem\u0113rots da\u017e\u0101d\u0101m dej\u0101m: Izlaidiet augst\u0101s norises vietas \u012bres izmaksas! Izbaudiet deju treni\u0146us telp\u0101s vai \u0101r\u0101 kop\u0101 ar draugiem, neatkar\u012bgi no t\u0101, vai tas ir balets, steps vai ball\u012bte. M\u016bsu pakl\u0101ji\u0146i ir ide\u0101li piem\u0113roti gan solo, gan grupu fitnesa vajadz\u012bb\u0101m, pied\u0101v\u0101jot daudzpus\u012bbu visu veidu aktivit\u0101t\u0113m. <\/li>\n<li> Savstarp\u0113ji savienojams dizains: M\u016bsu gr\u012bdas pakl\u0101ji\u0146am ir \u0101tri uzst\u0101d\u0101ms savstarp\u0113ji savienojams dizains, kas \u013cauj katrai da\u013cai cie\u0161i un dro\u0161i nofiks\u0113ties. Nav j\u0101uztraucas par nob\u012bd\u012b\u0161anos intens\u012bvu kust\u012bbu laik\u0101. \u0160\u012bs savstarp\u0113ji savienojam\u0101s putu fl\u012bzes ir stabilas, viegli izjaucamas un \u0113rti uzglab\u0101jamas, padarot t\u0101s ide\u0101li piem\u0113rotas jebkurai telpai. <\/li>\n<li> 25 kvadr\u0101tp\u0113du p\u0101rkl\u0101juma zona: Katr\u0101 kast\u0113 ir 25 vingro\u0161anas pakl\u0101ji\u0146i, kas nosedz 25 kvadr\u0101tp\u0113das. Tas ir ide\u0101li piem\u0113rots maz\u0101m un vid\u0113j\u0101m zon\u0101m neatkar\u012bgi no t\u0101, vai tren\u0113jaties neliel\u0101 telp\u0101 vai treni\u0146iem izmantojat liel\u0101ku dz\u012bvojamo istabu vai pagrabu. <\/li>\n<\/ul>","protected":false},"featured_media":373312,"comment_status":"open","ping_status":"open","template":"","meta":{"om_disable_all_campaigns":false,"_monsterinsights_skip_tracking":false,"_monsterinsights_sitenote_active":false,"_monsterinsights_sitenote_note":"","_monsterinsights_sitenote_category":0,"_uf_show_specific_survey":0,"_uf_disable_surveys":false},"location":[1935,1934],"product_brand":[21],"product_cat":[2512,3065,2613],"product_tag":[],"class_list":{"0":"post-152975","1":"product","2":"type-product","3":"status-publish","4":"has-post-thumbnail","6":"location-supplier_stock_location","7":"location-local_stock_location","8":"product_brand-vevor","9":"product_cat-flooring-2","10":"product_cat-gym-floor-tiles","11":"product_cat-gym-flooring","13":"first","14":"instock","15":"taxable","16":"shipping-taxable","17":"purchasable","18":"product-type-simple"},"aioseo_notices":[],"jetpack_sharing_enabled":true,"locations":[{"id":1935,"name":"Pieg\u0101d\u0101t\u0101ja noliktav\u0101 (5-7d.d.)","slug":"supplier_stock_location","quantity":"44"},{"id":1934,"name":"R\u012bgas veikal\u0101 (0-2d.d.)","slug":"local_stock_location","quantity":"0"}],"_links":{"self":[{"href":"https:\/\/vevorshop.lv\/lv\/wp-json\/wp\/v2\/product\/152975","targetHints":{"allow":["GET"]}}],"collection":[{"href":"https:\/\/vevorshop.lv\/lv\/wp-json\/wp\/v2\/product"}],"about":[{"href":"https:\/\/vevorshop.lv\/lv\/wp-json\/wp\/v2\/types\/product"}],"replies":[{"embeddable":true,"href":"https:\/\/vevorshop.lv\/lv\/wp-json\/wp\/v2\/comments?post=152975"}],"wp:featuredmedia":[{"embeddable":true,"href":"https:\/\/vevorshop.lv\/lv\/wp-json\/wp\/v2\/media\/373312"}],"wp:attachment":[{"href":"https:\/\/vevorshop.lv\/lv\/wp-json\/wp\/v2\/media?parent=152975"}],"wp:term":[{"taxonomy":"location","embeddable":true,"href":"https:\/\/vevorshop.lv\/lv\/wp-json\/wp\/v2\/location?post=152975"},{"taxonomy":"product_brand","embeddable":true,"href":"https:\/\/vevorshop.lv\/lv\/wp-json\/wp\/v2\/product_brand?post=152975"},{"taxonomy":"product_cat","embeddable":true,"href":"https:\/\/vevorshop.lv\/lv\/wp-json\/wp\/v2\/product_cat?post=152975"},{"taxonomy":"product_tag","embeddable":true,"href":"https:\/\/vevorshop.lv\/lv\/wp-json\/wp\/v2\/product_tag?post=152975"}],"curies":[{"name":"wp","href":"https:\/\/api.w.org\/{rel}","templated":true}]}}