{"id":153263,"date":"2025-03-06T14:07:49","date_gmt":"2025-03-06T14:07:49","guid":{"rendered":"https:\/\/vevorshop.lv\/en_us\/Prece\/vevor-45cm-high-velocity-floor-fan-3-speed-360-adjustable-tilt-industrial-metal-fan-4000-cfm-airflow\/"},"modified":"2026-04-19T19:16:23","modified_gmt":"2026-04-19T16:16:23","slug":"vevor-45cm-high-velocity-floor-fan-3-speed-360-adjustable-tilt-industrial-metal-fan-4000-cfm-airflow","status":"publish","type":"product","link":"https:\/\/vevorshop.lv\/lv\/Prece\/vevor-45cm-atrgaitas-gridas-ventilators-3-atrumi-360-regulejams-slipums-rupnieciskais-metala-ventilators-4000-cfm-gaisa-plusma\/","title":{"rendered":"VEVOR 18 collu augstas veiktsp\u0113jas r\u016bpnieciskais gr\u012bdas ventilators, 3 \u0101trumi, 6800 m\u00b3\/h, 360\u00b0 sl\u012bpums, kluss un iztur\u012bgs"},"content":{"rendered":"<div style=\"color: #fff!important; font-size: 16px; height: 24px; line-height: 24px; margin-top: -24px; \" class=\"product_original_name\">VEVOR gr\u012bdas ventilators, 3 \u0101trumu \u0101trgaitas lieljaudas 18 collu r\u016bpnieciskais ventilators, 4000 CFM 360\u00b0 regul\u0113jams sl\u012bpums 19,69 p\u0113das\/sek gaisa pl\u016bsmas liels met\u0101la ventilators m\u0101j\u0101m, trena\u017eieru z\u0101lei, birojam, gar\u0101\u017eai, tirdzniec\u012bbas veikalam un gu\u013camistabai<\/div>\n<div style=\"color: #fff!important; font-size: 16px; height: 24px; line-height: 24px; margin-top: -24px; \" class=\"product_sku\">M7PQLJPA<\/div>\n<div style=\"color: #fff!important; font-size: 16px; height: 24px; line-height: 24px; margin-top: -24px; \" class=\"product_mpn\">GYPDSCGWZK18HKNK1V2<\/div><div id=\"js-DM_at-goodDescRich\"><html><head><style>  body {    font-family: Arial;    line-height: 1.5;    color: #1c1c1c;    overflow-x: hidden;    margin: 0;    padding: 0;  }  .MsoNormal b {    font-weight: bolder;  }<\/style><style>  .container.small {    width: 970px;    margin: 0 auto;  }  .logo {    margin: 0 auto 0;  }  .logo img {    display: block;    margin: 0 auto;    max-width: 100%;  }  .logo .pc-banner {    display: block;    width: 1200px;    height: 247.4px;    margin: 0 auto;  }  .logo .pc-banner.small {    width: 970px;  }  .logo .pc-banner.small img {    height: auto!important;  }  .logo .m-banner {    display: none;  }  .ytvideo {    position: relative;    height: 546px;    width: 100%;    margin: 0 auto;  }  .ytvideo img {    width: 100%;    margin: 0 auto;  }  .ytvideo .play-btn {    width: 60px;    height: 42px;    position: absolute;    top: 50%;    left: 50%;    transform: translate(-50%, -50%);    background: url(\"data:image\/png;base64,iVBORw0KGgoAAAANSUhEUgAAAGQAAABGCAMAAAANWMFbAAAC+lBMVEUAAADBGB3kLCfBGB3kLCfcJC7BFx3KKSbiKybkLCbWJCPSIiLSIiLPICHAFx3kLCfgKSXNHiDZJiTIGx\/p4eHcjo7LHSDbJyTkLCbjKyfOHyHPIiL28fHJHB\/GGh7EGR7eKCXDGB3RISHlLSbBGB3AFxzGHB7DGB7BGB3hKybkKybAFx3lLCfAFxzDGR3hKibDGB7cJyTmz8\/elJTlwcHjurrUIyLlLSflLSfAFx3DGR7lLSfCFx3hKibhKibhKybjKybkLCblLSfbJSX49vbx7e3NNzjNMTLMJyjVIyLZf3\/ZQ0LaeHjx0tLgoqLkLCfCGB3HGx\/BGB3BFx3PICHCGB7WJCLOHyC\/Fxy\/Fx3lLCfQISHkLSe\/FxzbJiTBFx3FGx\/AGB7BFx3EGR7AGB3HHSDfKiXAFh3TISHYNzbhKibbJyTTIiL57e325+f039\/v2NjUV1fOHiHiqanfmprch4feKSXVIyPOICHmLibFGh\/mLSe\/Fx7XJCPeKSXXJSPNHyHaJyTGGh7lLCbmLCflLSjSIiLkLCbdKSXLHiC\/GB3KHh++Fh3lKyfoLiXcKCPkx8fYb2\/XaGfVXl3aU1LLHiDksbHgKibPICHbJyTfKSXbJyTCGB3KHSDiKybFGh7TIiL\/\/\/\/VIyPRISHIHB\/GGx\/HHB\/DGR7gKibdKCXLHiDZJiTMHiDNHyHYJSTOICHPICHWJCPcKCXXJSPjLCblLCf+\/f3NGR\/uLijzLynPGR\/IGB7WISHaIyLLGh7UAADxLynNAADRLzDbICLQAADIAAD3MCrUHSHXMTDpKSbLAADp5OTij4\/ejo\/VLy\/1LyngJSTcJCPQHx\/OHB7+\/PzaMS\/OLS\/vLijrLSjSAADaNTPwLyjkKSbNJCbYISHPHB\/KGB7WAAD7+vrn3d3aKynTKCjoLCfsKifRGh\/YAADq5+fhjo7QNDXXKCfmJyXt5+fTLzDLLi\/QKivYHRvMGBrQJCXLISPMExXLDxLaEAvkkI\/bOTfaFQ\/SCgpvLcnHAAAAmnRSTlMA+vv7+gT9Bvf9+8z8\/NSv\/Pr5+P7++vnQIBMP\/v38\/Pn348XDiCYf9OjbzcqxXVcx\/fz8+\/rj1r2poo1+fXFqX0orGP7+\/v7+\/fz8+\/r68uzn4trIxsG\/vri3p6GcmZSNbWVYUUZEPQv+\/f39+\/v7+\/v7+vr64tvV1NTTz87FtbSurqeblJKFg4B3bUY+NjL7+\/v7+\/v67t1cDo8JLQAABkRJREFUWMO0kz9rwkAYh0OIeJkum6YugUAhISCdKoj\/P4C7SMdS+gEKIhSKil10LSg4mzXkILdlEpxCpwTiWOLX6BujvQaEQuGeHLnL+\/64J+SIcKGYTYWnntpdLjrVdqvZmNdn0+EE40GtpuuWVS6Xx6N7YDSGpWXpeq02wHgynM7q80az1a52HpddtVcpsi1zFARBrdaxbhp9iUReTGmwA4KAAr7vx3EYejnCMI6hQYEgy0LQi4jUN0wL19vqFcUC9\/1dAKmEEFkWRYkh5oBejnxQJiSJPJ\/uKBp0Thszx9Mw8hMRIQjKsptCfuES9zr5WJY6vSFCIvE9fCMUmEM1A1kSXcYGxgVYsvI1IPKTZciSTI0us\/SMGG04gDzELDoFBwdcFJrF88dqgYMTiL6DILWYyfOWE8\/kIz38olCNlC03FK95+imxp6y4oUSvAnBjHHhKNtotSDqJzVFiK8c2SBqhZtsrTtgrLXwAyduxZHNE26eHUt5rtuM4WSmds3G+sUdWYo1L+XyxButoh5eKUHk5lByO3G1LqqCWVnfrv\/lyPtf\/4ps1cndNGIri8J1TJ0lx6dR\/oPjq1nbRwdp2dCk4CtIOLW3pVKRL6WZfS5vF2KkIQhpwSsjiYIgNCs1gEMGqiIq24NQX9NwoXFy8Ufrl3twTcg4fv8T9\/JBEySduj6Mjm4bMzYV7EEOxKjjoNDud7yY3Dy71Hq2oLmqfbNR723edH9PgMrNL2utoQ3VmaIDkiw\/4w51P06hlZsTZvkRrbVuSIs\/zwSOsycgzStQouoAkWQqioRT5XI7n2Z1wfVhoZmcAJLsoqjqpjbWCgpOAJXBwHK8PzWbNvoUZJND5wCnSkLAkZ1legx6vqQzjoiTahKlGUGLAiIIoABOHaNVw4sexZBym6\/HWlH5h3IC7yRbxtipcWxdTOkORKiNQAEkFf66x5S2oeRbroOlLgg0sSYkR0hRGEqJZ0jTPiQKatESdBckpWigxaapEH0lImHdWu9pUFF2XqMNM2Z4kped7IwEJw2qabwtrQqnpw6HyKkgcadKWsmpywwesDyIhYRpdzXddqegtGIJlXbAIUMOLkGxJUjRIkokwjUaX9d\/kK62ps\/tYUqZLIMkLTyBhsMZ3C5Z\/kDxOSCb\/DOs\/\/J0qcWSX\/2ipe56EgTCA4\/cB7NAYOsni4mZM1MUPAISoEwkDi4lhVBQ1cWQyIcwalw4EpqZN68JUSK7XC0kTlkLYii5uXSC8jT5ncCAS7mjCv0uHp\/3lueHEEAeQ\/\/VgmdN71\/2uCSA1Xr6DO6uI6sW56zqT2tp2PhgiRUAajV8CY2fkcz6WGNKMgLAt7tJAhD4YHMTeRxlALE6+43WqjSWi8ITxyJl8WrwWSNESQZZOqhDDntO3hJLsd5RtSpbJqdv3YrDJH3F7jL1R2O2aQkn2MyCyKYz0GPGIvSAMgBCrCEiJyKbBaYGwLW4uPRr0A0M4Ux5kUI7IBh+hMdiCEWNqhMZGyYMsOgNE58UQuEQeUnSWCMYwL54hkxK6IoqucQZbQ3pc3XtL0lky1dL0zZJJDpWJovFqpWj6JEHnyam2eQp5QRVAVHjWparTOaVwUOx99YS2MvgxIGV0bb+qIg2HX2qkFFJB+XZcbLiuRkuxD9GRroKyveLxdh4d7Orx+hb7qc3uVRuEogCOnyIxm4ubUoPgF4jianDrC+SDQDKEfJb0GUKmjCGPYHGJvVC6X4hw1\/sAfQAdfYyephIaspXe36RwOP+Ljvfx9B6B3i+Nk0DGq+oCbLn6JpBa9nWAveAIHwFAwtVcIJXPMPL8kRu5OAYPMaL1WScTxjiZDqB9LTJSWphow\/pTYKRTLjCBhvi9iBidvKcDasGSm0QQkycYuLBqj6QCELPctqChDWpTRMWkngNNpQ1Pfp1KkiT\/Y0DGffXAweUNfLAfaJFKDwhb6I+bkYRbkERoEeu3Fyjg2opMz2daZCS9jt6Q7txNfB+OZEVF6Zl5web2xunnLQrtrjXseXKaFYziYINeMFZVxS9VxRhOoesYwxPKXm+gWLG9cuFeq93UNNeJNsf1KlwuDok9n02n3TgIJpOxNfL9naIoQwXtfH9kjceTIIi709ncTg6LZbg+biLH1V6u\/7rxBem06VXKn9raAAAAAElFTkSuQmCC\")      no-repeat center center \/ contain;  }  @media screen and (max-width: 960px) and (orientation: portrait) {    .logo {      width: 100%;    }    .logo .pc-banner {      display: none;    }    .logo .m-banner {      display: block;      width: 100%;    }    .logo .m-banner img {      height: auto!important;    }    .ytvideo {      height: 200px;      width: 100%;    }  }<\/style><style>  .video-section {    width: 100%;    margin: 0 auto;  }  .video-section > img {    width: 100%;  }  .video-section iframe,  .video-section video {    width: 100%;    height: 100%;      }  .video-section-img-m,  .video-section-img-pc > img {    width: 100%;    height: auto;  }  .video-section-img-pc.small > img {    width: 970px;  }  .video-desc {    line-height: 1.5;    font-size: 20px;    font-weight: 400;    margin: 20px 0;    text-align: center;    color: #0f1111;    word-break: break-word;  }  @media screen and (max-width: 960px) and (orientation: portrait) {    .video-section {      width: 100%;    }    .video-section-pc,    .video-section-img-pc {      display: none;    }    .video-section-m,    .video-section-img-m {      display: block;    }    .video-desc {      font-size: 15px;    }  }  @media screen and (min-width: 960px) {    .video-section {      width: 100%;      margin: 0 auto;    }    .video-section-pc,    .video-section-img-pc {      display: block;    }    .video-section-m,    .video-section-img-m {      display: none;    }    .video-desc {      font-size: 20px;    }  }<\/style><style>  .section + .section {    margin-top: 35px;  }  .section-title {    text-align: center;    font-weight: bold;    color: #0d1111;    font-family: \"Arial\";    font-size: 32px;    margin: 15px 0;  }  .section-title:empty {    display: none;  }  .section-desc {    text-align: center;    font-weight: normal;    color: #0d1111;    margin-top: 20px;  }  .section-desc:empty {    display: none;  }  .section-img {    width: 1200px;    height: 492px;    margin: 0 auto;    display: block;  }  .section-img.small {    width: 970px;    height: auto;  }  .section-img.small > img {    height: auto;  }  .section-img > img {    width: 100%;    height: 100%;  }  .section-mobile-img {    display: none;    max-width: 100vw;    max-height: 75vw;    height: 450px;    margin: 0 auto;  }  .section-mobile-img > img {    width: 100%;    height: 100%;  }  @media screen and (max-width: 960px) and (orientation: portrait) {    .container {      width: 100%;    }    .container.small {      width: 100%;    }    .section-mobile-img {      display: block;    }    .section-img {      display: none;    }    .section-title {      font-size: 22px;      margin: 10px 0;    }    .section-desc {      margin-top: 10px;    }    .section + .section {      margin-top: 20px;    }  }<\/style><\/head><body><div class=\"container small\"><div class=\"logo\"><div class=\"pc-banner small\"><div><img decoding=\"async\" src=\"\/vevor\/vevor\/boutique-banner\/pc\/en-pc@1x.jpg\" style=\"width: 100%;\" \/><\/div><\/div><div class=\"m-banner\"><div><img decoding=\"async\" src=\"\/vevor\/vevor\/boutique-banner\/mobile\/en-m@1x.jpg\" style=\"width: 100%;\" \/><\/div><\/div><\/div><div class=\"section-title\">\u0100trgaitas r\u016bpnieciskais gr\u012bdas ventilators<\/div><div class=\"video-section\"><div class=\"video-section-img-pc small\"><img decoding=\"async\" src=\"\/vevor\/product\/GYPDSCGWZK18HKNK1\/floor-fan-a100-1.4-pt.jpg\" \/><\/div><div class=\"video-section-img-m\"><img decoding=\"async\" src=\"\/vevor\/product\/GYPDSCGWZK18HKNK1\/floor-fan-a100-1.4-pt.jpg\" \/><\/div><div class=\"section-desc\">\u0100trgaitas industri\u0101lais gr\u012bdas ventilators pied\u0101v\u0101 4000 CFM gaisa pl\u016bsmu &amp; 29,53 p\u0113du gaisa metienu Ar \u226465 dB (A) troksni, tas ir ide\u0101li piem\u0113rots vasaras dzes\u0113\u0161anai ar baltu troksni.Ar 18 collu alum\u012bnija asme\u0146iem un r\u016bsas necaurlaid\u012bgu grilu, tam ir 360\u00b0 regul\u0113jams sl\u012bpums un ieb\u016bv\u0113ts rokturis \u0113rtai p\u0101rvieto\u0161anai, ide\u0101li piem\u0113rots visiem gad\u012bjumiem.<\/div><\/div><div class=\"section\"><div class=\"section-title\"><\/div><div class=\"section-img small\"><img decoding=\"async\" src=\"\/vevor\/product\/GYPDSCGWZK18HKNK1\/floor-fan-a100-2.2-pt.jpg\" \/><\/div><div class=\"section-mobile-img\"><img decoding=\"async\" src=\"\/vevor\/product\/GYPDSCGWZK18HKNK1\/floor-fan-a100-2.2-pt.jpg\" \/><\/div><div class=\"section-desc\">Iztur\u012bgajam industri\u0101lajam ventilatoram ir met\u0101la re\u017e\u0123is ar melnu pulverkr\u0101sojumu, kas nodro\u0161ina iztur\u012bbu pret r\u016bsu un iztur\u012bbu. 18 collu lielie alum\u012bnija l\u0101psti\u0146as ir iztur\u012bgas, nelok\u0101mas un paredz\u0113tas ilgam kalpo\u0161anas laikam. Augstas kvalit\u0101tes divk\u0101r\u0161o lod\u012b\u0161u gult\u0146u motors un PSC termisk\u0101 aizsardz\u012bba nodro\u0161ina dro\u0161u un uzticamu ilgtermi\u0146a lieto\u0161anu.<\/div><\/div><div class=\"section\"><div class=\"section-title\"><\/div><div class=\"section-img small\"><img decoding=\"async\" src=\"\/vevor\/product\/GYPDSCGWZK18HKNK1\/floor-fan-a100-2.3-pt.jpg\" \/><\/div><div class=\"section-mobile-img\"><img decoding=\"async\" src=\"\/vevor\/product\/GYPDSCGWZK18HKNK1\/floor-fan-a100-2.3-pt.jpg\" \/><\/div><div class=\"section-desc\">M\u016bsu regul\u0113jamais komerci\u0101lais ventilators ir apr\u012bkots ar ieb\u016bv\u0113tu rokturi \u0113rtai p\u0101rn\u0113s\u0101\u0161anai. Pamatnei ir nesl\u012bdo\u0161as gumijas k\u0101ji\u0146as papildu stabilit\u0101tei. Tam ir ar\u012b groz\u0101ms meh\u0101nisms 360\u00b0 vertik\u0101lai regul\u0113\u0161anai, nodro\u0161inot pla\u0161u gaisa pl\u016bsmas le\u0146\u0137i. 1,7 m garais pagarin\u0101tais str\u0101vas vads nodro\u0161ina elast\u012bgu novietojumu.<\/div><\/div><div class=\"section\"><div class=\"section-title\"><\/div><div class=\"section-img small\"><img decoding=\"async\" src=\"\/vevor\/product\/GYPDSCGWZK18HKNK1\/floor-fan-a100-2.4-pt.jpg\" \/><\/div><div class=\"section-mobile-img\"><img decoding=\"async\" src=\"\/vevor\/product\/GYPDSCGWZK18HKNK1\/floor-fan-a100-2.4-pt.jpg\" \/><\/div><div class=\"section-desc\">M\u016bsu daudzpus\u012bgais met\u0101la ventilators ir iepriek\u0161 samont\u0113ts Vienk\u0101r\u0161i piestipriniet pamatni, un j\u016bs esat gatavs doties Regul\u0101ra demont\u0101\u017ea un t\u012br\u012b\u0161ana ir vienk\u0101r\u0161a, un m\u016bsu lieto\u0161anas instrukcija sniedz soli pa solim nor\u0101d\u012bjumus Viegli no\u0146emiet deta\u013cas dzi\u013cai t\u012br\u012b\u0161anai, nov\u0113r\u0161ot putek\u013cu uzkr\u0101\u0161anos un nodro\u0161inot optim\u0101lu gaisa pl\u016bsmu.<\/div><\/div><div class=\"section\"><div class=\"section-title\"><\/div><div class=\"section-img small\"><img decoding=\"async\" src=\"\/vevor\/product\/GYPDSCGWZK18HKNK1\/floor-fan-a100-2.5-pt.jpg\" \/><\/div><div class=\"section-mobile-img\"><img decoding=\"async\" src=\"\/vevor\/product\/GYPDSCGWZK18HKNK1\/floor-fan-a100-2.5-pt.jpg\" \/><\/div><div class=\"section-desc\">M\u016bsu ventilators nodro\u0161ina jaud\u012bgu, bet klusu gaisa pl\u016bsmu, padarot to par lielisku izv\u0113li gan m\u0101j\u0101m, gan komerci\u0101l\u0101m telp\u0101m, piem\u0113ram, r\u016bpniec\u012bbas r\u016bpn\u012bc\u0101m, birojiem, veikaliem, gu\u013camistab\u0101m, darbn\u012bc\u0101m un gar\u0101\u017e\u0101m. Tas efekt\u012bvi atdzes\u0113 un ventil\u0113, ide\u0101li piem\u0113rots m\u0101j\u0101m, uz\u0146\u0113mumiem vai lauksaimniec\u012bbas videi.<\/div><\/div><div class=\"section\"><div class=\"section-img small\"><img decoding=\"async\" src=\"\/vevor\/product\/GYPDSCGWZK18HKNK1\/floor-fan-a100-1.11-pt.jpg\" \/><\/div><div class=\"section-mobile-img\"><img decoding=\"async\" src=\"\/vevor\/product\/GYPDSCGWZK18HKNK1\/floor-fan-a100-1.11-pt.jpg\" \/><\/div><\/div><\/div><\/body><\/html><\/div>\n<div class=\"DM_at-title\" id=\"js-DM_at-title\"> <div>Produkta specifik\u0101cija<\/div> <i class=\"icon-arrowup_line\"><\/i> <\/div><div class=\"DM_at-goodsDescAttr\" id=\"js-DM_at-goodsDescAttr\"> <div class=\"DM_at-goodsDescAttrInner\"> <dl class=\"goodsDesc_item goodsDesc_item_even\"> <dt>Preces Mode\u013ca Numurs<\/dt> <dd> HIFANXFLOOR18<\/dd> <\/dl> <dl class=\"goodsDesc_item\"> <dt>V\u0113ja \u0101trums<\/dt> <dd> 19,69 p\u0113das\/s (6 m\/s)<\/dd> <\/dl> <dl class=\"goodsDesc_item goodsDesc_item_even\"> <dt>Gaisa pl\u016bsmas jauda<\/dt> <dd> 4000 CFM<\/dd> <\/dl> <dl class=\"goodsDesc_item\"> <dt>Jaudas l\u012bme\u0146u skaits<\/dt> <dd> 3<\/dd> <\/dl> <dl class=\"goodsDesc_item goodsDesc_item_even\"> <dt>Trok\u0161\u0146a l\u012bmenis<\/dt> <dd> \u226465 dB(A)<\/dd> <\/dl> <dl class=\"goodsDesc_item\"> <dt>Neto Svars<\/dt> <dd> 7,5 m\u0101rci\u0146as \/ 3,4 kg<\/dd> <\/dl> <dl class=\"goodsDesc_item goodsDesc_item_even\"> <dt>Asmens diametrs<\/dt> <dd> 18 collas \/ 450 mm<\/dd> <\/dl> <dl class=\"goodsDesc_item\"> <dt>Produkta Izm\u0113ri<\/dt> <dd> 20,87 x 11,02 x 20,39 collas \/ 530 x 280 x 518 mm<\/dd> <\/dl> <dl class=\"goodsDesc_item goodsDesc_item_even\"> <dt>Atsegt\u0101 str\u0101vas vada garums<\/dt> <dd> 5,25 p\u0113das \/ 1,6 m<\/dd> <\/dl> <\/div> <\/div>","protected":false},"excerpt":{"rendered":"<ul>\n<li> Liels \u0101trums, zems trok\u0161\u0146a l\u012bmenis: M\u016bsu liela \u0101truma gr\u012bdas ventilatoram ir 3 \u0101trumu divu lod\u012b\u0161u gult\u0146u motors, kas nodro\u0161ina gaisa pl\u016bsmu l\u012bdz 4000 CFM ar izcilu gaisa pl\u016bsmu 29,53 p\u0113du att\u0101lum\u0101 un iev\u0113rojamu v\u0113ja \u0101trumu 19,69 p\u0113das\/s. Turkl\u0101t maksim\u0101lais trok\u0161\u0146a l\u012bmenis ir zem 65 dB(A), kas ir ide\u0101li piem\u0113rots \u0101trai, bet ne ska\u013cai dzes\u0113\u0161anai. <\/li>\n<li> Iztur\u012bga konstrukcija: \u0160im iztur\u012bgajam industri\u0101lajam ventilatoram ir met\u0101la re\u017e\u0123is ar melnu pulverveida p\u0101rkl\u0101jumu pret r\u016bsu, kas nodro\u0161ina iztur\u012bbu. Ventilatora 18 collu plat\u0101s alum\u012bnija l\u0101psti\u0146as ir iztur\u012bgas un nel\u016bzt viegli. <\/li>\n<li> 360\u00b0 platle\u0146\u0137a gaisa pl\u016bsma: M\u016bsu regul\u0113jamajam met\u0101la ventilatoram ir ieb\u016bv\u0113ta groz\u0101m\u0101 regul\u0113\u0161ana, kas \u013cauj to vertik\u0101li noliekt 360\u00b0 le\u0146\u0137\u012b, virzot gaisa pl\u016bsmu tie\u0161i tur, kur jums t\u0101 nepiecie\u0161ama. <\/li>\n<li> Kust\u012bba ir viegla: \u0160im p\u0101rn\u0113s\u0101jamajam lielajam ventilatoram ir ieb\u016bv\u0113ts rokturis un viegls dizains, kas atvieglo ikdienas p\u0101rvieto\u0161anu un uzglab\u0101\u0161anu. <\/li>\n<li> Vienk\u0101r\u0161a uzst\u0101d\u012b\u0161ana un apkope: m\u016bsu viegli uzst\u0101d\u0101majam balt\u0101 trok\u0161\u0146a ska\u013cajam ventilatoram ir iepriek\u0161 instal\u0113ts dizains. Vienk\u0101r\u0161i piestipriniet pamatni, lai to nekav\u0113joties izmantotu. Ventilatoru ir viegli izjaukt un t\u012br\u012bt, lai veiktu apkopi bez probl\u0113m\u0101m. <\/li>\n<\/ul>","protected":false},"featured_media":373744,"comment_status":"open","ping_status":"open","template":"","meta":{"om_disable_all_campaigns":false,"_uf_show_specific_survey":0,"_uf_disable_surveys":false},"location":[1935,1934],"product_brand":[21],"product_cat":[2662,4926,2527],"product_tag":[],"class_list":{"0":"post-153263","1":"product","2":"type-product","3":"status-publish","4":"has-post-thumbnail","6":"location-supplier_stock_location","7":"location-local_stock_location","8":"product_brand-vevor","9":"product_cat-fans","10":"product_cat-floor-fans-fans","11":"product_cat-heating-venting-cooling","13":"first","14":"instock","15":"taxable","16":"shipping-taxable","17":"purchasable","18":"product-type-simple"},"aioseo_notices":[],"locations":[{"id":1935,"name":"Pieg\u0101d\u0101ja noliktav\u0101 (5-7dd.d)","slug":"supplier_stock_location","quantity":"246"},{"id":1934,"name":"R\u012bgas veikal\u0101 (0-2d.d.)","slug":"local_stock_location","quantity":"0"}],"_links":{"self":[{"href":"https:\/\/vevorshop.lv\/lv\/wp-json\/wp\/v2\/product\/153263","targetHints":{"allow":["GET"]}}],"collection":[{"href":"https:\/\/vevorshop.lv\/lv\/wp-json\/wp\/v2\/product"}],"about":[{"href":"https:\/\/vevorshop.lv\/lv\/wp-json\/wp\/v2\/types\/product"}],"replies":[{"embeddable":true,"href":"https:\/\/vevorshop.lv\/lv\/wp-json\/wp\/v2\/comments?post=153263"}],"wp:featuredmedia":[{"embeddable":true,"href":"https:\/\/vevorshop.lv\/lv\/wp-json\/wp\/v2\/media\/373744"}],"wp:attachment":[{"href":"https:\/\/vevorshop.lv\/lv\/wp-json\/wp\/v2\/media?parent=153263"}],"wp:term":[{"taxonomy":"location","embeddable":true,"href":"https:\/\/vevorshop.lv\/lv\/wp-json\/wp\/v2\/location?post=153263"},{"taxonomy":"product_brand","embeddable":true,"href":"https:\/\/vevorshop.lv\/lv\/wp-json\/wp\/v2\/product_brand?post=153263"},{"taxonomy":"product_cat","embeddable":true,"href":"https:\/\/vevorshop.lv\/lv\/wp-json\/wp\/v2\/product_cat?post=153263"},{"taxonomy":"product_tag","embeddable":true,"href":"https:\/\/vevorshop.lv\/lv\/wp-json\/wp\/v2\/product_tag?post=153263"}],"curies":[{"name":"wp","href":"https:\/\/api.w.org\/{rel}","templated":true}]}}